{"id":34605,"date":"2023-02-22T19:02:55","date_gmt":"2023-02-22T18:02:55","guid":{"rendered":"http:\/\/preprod-dev.sh1.hidora.com\/webshop\/produit\/coffre-fort-standard-t-2-carre\/"},"modified":"2026-04-18T20:42:23","modified_gmt":"2026-04-18T18:42:23","slug":"coffre-fort-standard-t-2-carre","status":"publish","type":"product","link":"https:\/\/shop.bantam.ch\/fr\/produit\/coffre-fort-standard-t-2-carre\/","title":{"rendered":"Coffre-fort Safe Mobil Taille 2 _rectangulaire_"},"content":{"rendered":"<p>Sp\u00e9cialement con\u00e7u pour les v\u00e9hicules de la marque P\u00f6ssl et Globecar par Mobil Safe Tresore, il peut \u00eatre fix\u00e9 au sol des fourgonnettes. <br \/>4 trous sont pr\u00e9vus au niveau du sol afin de visser solidement le coffre-fort au plancher du v\u00e9hicule. Il est possible \u00e9galement de le fixer \u00e0 l\u2019aide d\u2019une colle adapt\u00e9e pour une finition pr\u00e9cise.<br \/>Le corps du coffre-fort se compose d\u2019acier SM de 3\u00a0mm. La porte amovible apr\u00e8s ouverture du coffre-fort a une \u00e9paisseur de 6\u00a0mm. Le m\u00e9canisme de fermeture se compose d\u2019une serrures de s\u00e9curit\u00e9 \u00e0 double panneton avec verrouillage \u00e0 7 interverrouillages et 3 verrous.<\/p>\n","protected":false},"excerpt":{"rendered":"<p>Sp\u00e9cialement con\u00e7u pour les v\u00e9hicules de la marque P\u00f6ssl et Globecar par Mobil Safe Tresore, il peut \u00eatre fix\u00e9 au sol des fourgonnettes. 4 trous sont pr\u00e9vus au niveau du sol afin de visser solidement le coffre-fort au plancher du v\u00e9hicule. Il est possible \u00e9galement de le fixer \u00e0 l\u2019aide d\u2019une colle adapt\u00e9e pour une [&hellip;]<\/p>\n","protected":false},"featured_media":34599,"template":"","meta":{"_acf_changed":false},"product_featured_cat":[],"product_brand":[3136],"product_cat":[4669],"product_tag":[],"class_list":{"0":"post-34605","1":"product","2":"type-product","3":"status-publish","4":"has-post-thumbnail","6":"product_brand-mobil-safe","7":"product_cat-coffres-forts-et-chambres-fortes","9":"first","10":"instock","11":"taxable","12":"shipping-taxable","13":"purchasable","14":"product-type-simple"},"acf":[],"yoast_head":"<!-- This site is optimized with the Yoast SEO plugin v27.4 - https:\/\/yoast.com\/product\/yoast-seo-wordpress\/ -->\n<title>Coffre-fort Safe Mobil Taille 2 _rectangulaire_ - Bantam Wankm\u00fcller SA<\/title>\n<meta name=\"robots\" content=\"index, follow, max-snippet:-1, max-image-preview:large, max-video-preview:-1\" \/>\n<link rel=\"canonical\" href=\"https:\/\/shop.bantam.ch\/fr\/produit\/coffre-fort-standard-t-2-carre\/\" \/>\n<meta property=\"og:locale\" content=\"fr_FR\" \/>\n<meta property=\"og:type\" content=\"article\" \/>\n<meta property=\"og:title\" content=\"Coffre-fort Safe Mobil Taille 2 _rectangulaire_ - Bantam Wankm\u00fcller SA\" \/>\n<meta property=\"og:description\" content=\"Sp\u00e9cialement con\u00e7u pour les v\u00e9hicules de la marque P\u00f6ssl et Globecar par Mobil Safe Tresore, il peut \u00eatre fix\u00e9 au sol des fourgonnettes. 4 trous sont pr\u00e9vus au niveau du sol afin de visser solidement le coffre-fort au plancher du v\u00e9hicule. Il est possible \u00e9galement de le fixer \u00e0 l\u2019aide d\u2019une colle adapt\u00e9e pour une [&hellip;]\" \/>\n<meta property=\"og:url\" content=\"https:\/\/shop.bantam.ch\/fr\/produit\/coffre-fort-standard-t-2-carre\/\" \/>\n<meta property=\"og:site_name\" content=\"Bantam Wankm\u00fcller SA\" \/>\n<meta property=\"article:modified_time\" content=\"2026-04-18T18:42:23+00:00\" \/>\n<meta property=\"og:image\" content=\"https:\/\/shop.bantam.ch\/wp-content\/uploads\/2023\/02\/9978545-Mobil_Safe_Poessl_Rechteckig_B280_x_H110_x_T280_mm_blau-Standard-03-1.jpg\" \/>\n\t<meta property=\"og:image:width\" content=\"1000\" \/>\n\t<meta property=\"og:image:height\" content=\"750\" \/>\n\t<meta property=\"og:image:type\" content=\"image\/jpeg\" \/>\n<meta name=\"twitter:card\" content=\"summary_large_image\" \/>\n<meta name=\"twitter:label1\" content=\"Dur\u00e9e de lecture estim\u00e9e\" \/>\n\t<meta name=\"twitter:data1\" content=\"1 minute\" \/>\n<script type=\"application\/ld+json\" class=\"yoast-schema-graph\">{\"@context\":\"https:\\\/\\\/schema.org\",\"@graph\":[{\"@type\":\"WebPage\",\"@id\":\"https:\\\/\\\/shop.bantam.ch\\\/fr\\\/produit\\\/coffre-fort-standard-t-2-carre\\\/\",\"url\":\"https:\\\/\\\/shop.bantam.ch\\\/fr\\\/produit\\\/coffre-fort-standard-t-2-carre\\\/\",\"name\":\"Coffre-fort Safe Mobil Taille 2 _rectangulaire_ - Bantam Wankm\u00fcller SA\",\"isPartOf\":{\"@id\":\"https:\\\/\\\/shop.bantam.ch\\\/fr\\\/#website\"},\"primaryImageOfPage\":{\"@id\":\"https:\\\/\\\/shop.bantam.ch\\\/fr\\\/produit\\\/coffre-fort-standard-t-2-carre\\\/#primaryimage\"},\"image\":{\"@id\":\"https:\\\/\\\/shop.bantam.ch\\\/fr\\\/produit\\\/coffre-fort-standard-t-2-carre\\\/#primaryimage\"},\"thumbnailUrl\":\"https:\\\/\\\/shop.bantam.ch\\\/wp-content\\\/uploads\\\/2023\\\/02\\\/9978545-Mobil_Safe_Poessl_Rechteckig_B280_x_H110_x_T280_mm_blau-Standard-03-1.jpg\",\"datePublished\":\"2023-02-22T18:02:55+00:00\",\"dateModified\":\"2026-04-18T18:42:23+00:00\",\"breadcrumb\":{\"@id\":\"https:\\\/\\\/shop.bantam.ch\\\/fr\\\/produit\\\/coffre-fort-standard-t-2-carre\\\/#breadcrumb\"},\"inLanguage\":\"fr-FR\",\"potentialAction\":[{\"@type\":\"ReadAction\",\"target\":[\"https:\\\/\\\/shop.bantam.ch\\\/fr\\\/produit\\\/coffre-fort-standard-t-2-carre\\\/\"]}]},{\"@type\":\"ImageObject\",\"inLanguage\":\"fr-FR\",\"@id\":\"https:\\\/\\\/shop.bantam.ch\\\/fr\\\/produit\\\/coffre-fort-standard-t-2-carre\\\/#primaryimage\",\"url\":\"https:\\\/\\\/shop.bantam.ch\\\/wp-content\\\/uploads\\\/2023\\\/02\\\/9978545-Mobil_Safe_Poessl_Rechteckig_B280_x_H110_x_T280_mm_blau-Standard-03-1.jpg\",\"contentUrl\":\"https:\\\/\\\/shop.bantam.ch\\\/wp-content\\\/uploads\\\/2023\\\/02\\\/9978545-Mobil_Safe_Poessl_Rechteckig_B280_x_H110_x_T280_mm_blau-Standard-03-1.jpg\",\"width\":1000,\"height\":750},{\"@type\":\"BreadcrumbList\",\"@id\":\"https:\\\/\\\/shop.bantam.ch\\\/fr\\\/produit\\\/coffre-fort-standard-t-2-carre\\\/#breadcrumb\",\"itemListElement\":[{\"@type\":\"ListItem\",\"position\":1,\"name\":\"Accueil\",\"item\":\"https:\\\/\\\/shop.bantam.ch\\\/fr\\\/\"},{\"@type\":\"ListItem\",\"position\":2,\"name\":\"Boutique\",\"item\":\"https:\\\/\\\/shop.bantam.ch\\\/fr\\\/boutique\\\/\"},{\"@type\":\"ListItem\",\"position\":3,\"name\":\"Coffre-fort Safe Mobil Taille 2 _rectangulaire_\"}]},{\"@type\":\"WebSite\",\"@id\":\"https:\\\/\\\/shop.bantam.ch\\\/fr\\\/#website\",\"url\":\"https:\\\/\\\/shop.bantam.ch\\\/fr\\\/\",\"name\":\"Bantam Wankm\u00fcller SA\",\"description\":\"\",\"publisher\":{\"@id\":\"https:\\\/\\\/shop.bantam.ch\\\/fr\\\/#organization\"},\"inLanguage\":\"fr-FR\"},{\"@type\":\"Organization\",\"@id\":\"https:\\\/\\\/shop.bantam.ch\\\/fr\\\/#organization\",\"name\":\"Bantam Wankm\u00fcller SA\",\"url\":\"https:\\\/\\\/shop.bantam.ch\\\/fr\\\/\",\"logo\":{\"@type\":\"ImageObject\",\"inLanguage\":\"fr-FR\",\"@id\":\"https:\\\/\\\/shop.bantam.ch\\\/fr\\\/#\\\/schema\\\/logo\\\/image\\\/\",\"url\":\"https:\\\/\\\/shop.bantam.ch\\\/wp-content\\\/uploads\\\/2022\\\/12\\\/bantam-logo.png\",\"contentUrl\":\"https:\\\/\\\/shop.bantam.ch\\\/wp-content\\\/uploads\\\/2022\\\/12\\\/bantam-logo.png\",\"width\":320,\"height\":71,\"caption\":\"Bantam Wankm\u00fcller SA\"},\"image\":{\"@id\":\"https:\\\/\\\/shop.bantam.ch\\\/fr\\\/#\\\/schema\\\/logo\\\/image\\\/\"}}]}<\/script>\n<!-- \/ Yoast SEO plugin. -->","yoast_head_json":{"title":"Coffre-fort Safe Mobil Taille 2 _rectangulaire_ - Bantam Wankm\u00fcller SA","robots":{"index":"index","follow":"follow","max-snippet":"max-snippet:-1","max-image-preview":"max-image-preview:large","max-video-preview":"max-video-preview:-1"},"canonical":"https:\/\/shop.bantam.ch\/fr\/produit\/coffre-fort-standard-t-2-carre\/","og_locale":"fr_FR","og_type":"article","og_title":"Coffre-fort Safe Mobil Taille 2 _rectangulaire_ - Bantam Wankm\u00fcller SA","og_description":"Sp\u00e9cialement con\u00e7u pour les v\u00e9hicules de la marque P\u00f6ssl et Globecar par Mobil Safe Tresore, il peut \u00eatre fix\u00e9 au sol des fourgonnettes. 4 trous sont pr\u00e9vus au niveau du sol afin de visser solidement le coffre-fort au plancher du v\u00e9hicule. Il est possible \u00e9galement de le fixer \u00e0 l\u2019aide d\u2019une colle adapt\u00e9e pour une [&hellip;]","og_url":"https:\/\/shop.bantam.ch\/fr\/produit\/coffre-fort-standard-t-2-carre\/","og_site_name":"Bantam Wankm\u00fcller SA","article_modified_time":"2026-04-18T18:42:23+00:00","og_image":[{"width":1000,"height":750,"url":"https:\/\/shop.bantam.ch\/wp-content\/uploads\/2023\/02\/9978545-Mobil_Safe_Poessl_Rechteckig_B280_x_H110_x_T280_mm_blau-Standard-03-1.jpg","type":"image\/jpeg"}],"twitter_card":"summary_large_image","twitter_misc":{"Dur\u00e9e de lecture estim\u00e9e":"1 minute"},"schema":{"@context":"https:\/\/schema.org","@graph":[{"@type":"WebPage","@id":"https:\/\/shop.bantam.ch\/fr\/produit\/coffre-fort-standard-t-2-carre\/","url":"https:\/\/shop.bantam.ch\/fr\/produit\/coffre-fort-standard-t-2-carre\/","name":"Coffre-fort Safe Mobil Taille 2 _rectangulaire_ - Bantam Wankm\u00fcller SA","isPartOf":{"@id":"https:\/\/shop.bantam.ch\/fr\/#website"},"primaryImageOfPage":{"@id":"https:\/\/shop.bantam.ch\/fr\/produit\/coffre-fort-standard-t-2-carre\/#primaryimage"},"image":{"@id":"https:\/\/shop.bantam.ch\/fr\/produit\/coffre-fort-standard-t-2-carre\/#primaryimage"},"thumbnailUrl":"https:\/\/shop.bantam.ch\/wp-content\/uploads\/2023\/02\/9978545-Mobil_Safe_Poessl_Rechteckig_B280_x_H110_x_T280_mm_blau-Standard-03-1.jpg","datePublished":"2023-02-22T18:02:55+00:00","dateModified":"2026-04-18T18:42:23+00:00","breadcrumb":{"@id":"https:\/\/shop.bantam.ch\/fr\/produit\/coffre-fort-standard-t-2-carre\/#breadcrumb"},"inLanguage":"fr-FR","potentialAction":[{"@type":"ReadAction","target":["https:\/\/shop.bantam.ch\/fr\/produit\/coffre-fort-standard-t-2-carre\/"]}]},{"@type":"ImageObject","inLanguage":"fr-FR","@id":"https:\/\/shop.bantam.ch\/fr\/produit\/coffre-fort-standard-t-2-carre\/#primaryimage","url":"https:\/\/shop.bantam.ch\/wp-content\/uploads\/2023\/02\/9978545-Mobil_Safe_Poessl_Rechteckig_B280_x_H110_x_T280_mm_blau-Standard-03-1.jpg","contentUrl":"https:\/\/shop.bantam.ch\/wp-content\/uploads\/2023\/02\/9978545-Mobil_Safe_Poessl_Rechteckig_B280_x_H110_x_T280_mm_blau-Standard-03-1.jpg","width":1000,"height":750},{"@type":"BreadcrumbList","@id":"https:\/\/shop.bantam.ch\/fr\/produit\/coffre-fort-standard-t-2-carre\/#breadcrumb","itemListElement":[{"@type":"ListItem","position":1,"name":"Accueil","item":"https:\/\/shop.bantam.ch\/fr\/"},{"@type":"ListItem","position":2,"name":"Boutique","item":"https:\/\/shop.bantam.ch\/fr\/boutique\/"},{"@type":"ListItem","position":3,"name":"Coffre-fort Safe Mobil Taille 2 _rectangulaire_"}]},{"@type":"WebSite","@id":"https:\/\/shop.bantam.ch\/fr\/#website","url":"https:\/\/shop.bantam.ch\/fr\/","name":"Bantam Wankm\u00fcller SA","description":"","publisher":{"@id":"https:\/\/shop.bantam.ch\/fr\/#organization"},"inLanguage":"fr-FR"},{"@type":"Organization","@id":"https:\/\/shop.bantam.ch\/fr\/#organization","name":"Bantam Wankm\u00fcller SA","url":"https:\/\/shop.bantam.ch\/fr\/","logo":{"@type":"ImageObject","inLanguage":"fr-FR","@id":"https:\/\/shop.bantam.ch\/fr\/#\/schema\/logo\/image\/","url":"https:\/\/shop.bantam.ch\/wp-content\/uploads\/2022\/12\/bantam-logo.png","contentUrl":"https:\/\/shop.bantam.ch\/wp-content\/uploads\/2022\/12\/bantam-logo.png","width":320,"height":71,"caption":"Bantam Wankm\u00fcller SA"},"image":{"@id":"https:\/\/shop.bantam.ch\/fr\/#\/schema\/logo\/image\/"}}]}},"_links":{"self":[{"href":"https:\/\/shop.bantam.ch\/fr\/wp-json\/wp\/v2\/product\/34605","targetHints":{"allow":["GET"]}}],"collection":[{"href":"https:\/\/shop.bantam.ch\/fr\/wp-json\/wp\/v2\/product"}],"about":[{"href":"https:\/\/shop.bantam.ch\/fr\/wp-json\/wp\/v2\/types\/product"}],"wp:featuredmedia":[{"embeddable":true,"href":"https:\/\/shop.bantam.ch\/fr\/wp-json\/wp\/v2\/media\/34599"}],"wp:attachment":[{"href":"https:\/\/shop.bantam.ch\/fr\/wp-json\/wp\/v2\/media?parent=34605"}],"wp:term":[{"taxonomy":"product_featured_cat","embeddable":true,"href":"https:\/\/shop.bantam.ch\/fr\/wp-json\/wp\/v2\/product_featured_cat?post=34605"},{"taxonomy":"product_brand","embeddable":true,"href":"https:\/\/shop.bantam.ch\/fr\/wp-json\/wp\/v2\/product_brand?post=34605"},{"taxonomy":"product_cat","embeddable":true,"href":"https:\/\/shop.bantam.ch\/fr\/wp-json\/wp\/v2\/product_cat?post=34605"},{"taxonomy":"product_tag","embeddable":true,"href":"https:\/\/shop.bantam.ch\/fr\/wp-json\/wp\/v2\/product_tag?post=34605"}],"curies":[{"name":"wp","href":"https:\/\/api.w.org\/{rel}","templated":true}]}}