{"id":34503,"date":"2023-02-22T19:01:25","date_gmt":"2023-02-22T18:01:25","guid":{"rendered":"http:\/\/preprod-dev.sh1.hidora.com\/webshop\/produit\/collier-de-serrage-pour-roue-jockey-avec-poignee-articulee-et-verrouillable\/"},"modified":"2026-04-18T20:42:00","modified_gmt":"2026-04-18T18:42:00","slug":"collier-de-serrage-pour-roue-jockey-avec-poignee-articulee-et-verrouillable","status":"publish","type":"product","link":"https:\/\/shop.bantam.ch\/fr\/produit\/collier-de-serrage-pour-roue-jockey-avec-poignee-articulee-et-verrouillable\/","title":{"rendered":"Bride de serrage vers B Articul\u00e9 et verrouillable"},"content":{"rendered":"<p>Le syst\u00e8me de vissage \u00e0 6\u00a0trous et la partie inf\u00e9rieure en fonte font de ces colliers de serrage des accessoires de fixation solides et pratiques.<\/p>\n<ul>\n<li>Poign\u00e9e rabattable<\/li>\n<li>Pour tube ext\u00e9rieur \u00f8 (mm)\u00a0: 60<\/li>\n<li>Capacit\u00e9 de charge statique, max.\u00a0: 500\u00a0kg<\/li>\n<li>Partie inf\u00e9rieure des colliers de serrage\u00a0: Acier 6\u00a0trous<\/li>\n<li>Poign\u00e9e\u00a0: Rabattable et verrouillable<\/li>\n<\/ul>\n","protected":false},"excerpt":{"rendered":"<p>Le syst\u00e8me de vissage \u00e0 6\u00a0trous et la partie inf\u00e9rieure en fonte font de ces colliers de serrage des accessoires de fixation solides et pratiques. Poign\u00e9e rabattable Pour tube ext\u00e9rieur \u00f8 (mm)\u00a0: 60 Capacit\u00e9 de charge statique, max.\u00a0: 500\u00a0kg Partie inf\u00e9rieure des colliers de serrage\u00a0: Acier 6\u00a0trous Poign\u00e9e\u00a0: Rabattable et verrouillable<\/p>\n","protected":false},"featured_media":34499,"template":"","meta":{"_acf_changed":false},"product_featured_cat":[],"product_brand":[3134],"product_cat":[4825],"product_tag":[],"class_list":{"0":"post-34503","1":"product","2":"type-product","3":"status-publish","4":"has-post-thumbnail","6":"product_brand-al-ko","7":"product_cat-roues-de-support","9":"first","10":"instock","11":"taxable","12":"shipping-taxable","13":"purchasable","14":"product-type-simple"},"acf":[],"yoast_head":"<!-- This site is optimized with the Yoast SEO plugin v27.4 - https:\/\/yoast.com\/product\/yoast-seo-wordpress\/ -->\n<title>Bride de serrage vers B Articul\u00e9 et verrouillable - Bantam Wankm\u00fcller SA<\/title>\n<meta name=\"robots\" content=\"index, follow, max-snippet:-1, max-image-preview:large, max-video-preview:-1\" \/>\n<link rel=\"canonical\" href=\"https:\/\/shop.bantam.ch\/fr\/produit\/collier-de-serrage-pour-roue-jockey-avec-poignee-articulee-et-verrouillable\/\" \/>\n<meta property=\"og:locale\" content=\"fr_FR\" \/>\n<meta property=\"og:type\" content=\"article\" \/>\n<meta property=\"og:title\" content=\"Bride de serrage vers B Articul\u00e9 et verrouillable - Bantam Wankm\u00fcller SA\" \/>\n<meta property=\"og:description\" content=\"Le syst\u00e8me de vissage \u00e0 6\u00a0trous et la partie inf\u00e9rieure en fonte font de ces colliers de serrage des accessoires de fixation solides et pratiques. Poign\u00e9e rabattable Pour tube ext\u00e9rieur \u00f8 (mm)\u00a0: 60 Capacit\u00e9 de charge statique, max.\u00a0: 500\u00a0kg Partie inf\u00e9rieure des colliers de serrage\u00a0: Acier 6\u00a0trous Poign\u00e9e\u00a0: Rabattable et verrouillable\" \/>\n<meta property=\"og:url\" content=\"https:\/\/shop.bantam.ch\/fr\/produit\/collier-de-serrage-pour-roue-jockey-avec-poignee-articulee-et-verrouillable\/\" \/>\n<meta property=\"og:site_name\" content=\"Bantam Wankm\u00fcller SA\" \/>\n<meta property=\"article:modified_time\" content=\"2026-04-18T18:42:00+00:00\" \/>\n<meta property=\"og:image\" content=\"https:\/\/shop.bantam.ch\/wp-content\/uploads\/2023\/02\/9979609-Klemmhalterung_Version_B_klappbar_und_absperrbar-Standard-01-1.jpg\" \/>\n\t<meta property=\"og:image:width\" content=\"1000\" \/>\n\t<meta property=\"og:image:height\" content=\"522\" \/>\n\t<meta property=\"og:image:type\" content=\"image\/jpeg\" \/>\n<meta name=\"twitter:card\" content=\"summary_large_image\" \/>\n<script type=\"application\/ld+json\" class=\"yoast-schema-graph\">{\"@context\":\"https:\\\/\\\/schema.org\",\"@graph\":[{\"@type\":\"WebPage\",\"@id\":\"https:\\\/\\\/shop.bantam.ch\\\/fr\\\/produit\\\/collier-de-serrage-pour-roue-jockey-avec-poignee-articulee-et-verrouillable\\\/\",\"url\":\"https:\\\/\\\/shop.bantam.ch\\\/fr\\\/produit\\\/collier-de-serrage-pour-roue-jockey-avec-poignee-articulee-et-verrouillable\\\/\",\"name\":\"Bride de serrage vers B Articul\u00e9 et verrouillable - Bantam Wankm\u00fcller SA\",\"isPartOf\":{\"@id\":\"https:\\\/\\\/shop.bantam.ch\\\/fr\\\/#website\"},\"primaryImageOfPage\":{\"@id\":\"https:\\\/\\\/shop.bantam.ch\\\/fr\\\/produit\\\/collier-de-serrage-pour-roue-jockey-avec-poignee-articulee-et-verrouillable\\\/#primaryimage\"},\"image\":{\"@id\":\"https:\\\/\\\/shop.bantam.ch\\\/fr\\\/produit\\\/collier-de-serrage-pour-roue-jockey-avec-poignee-articulee-et-verrouillable\\\/#primaryimage\"},\"thumbnailUrl\":\"https:\\\/\\\/shop.bantam.ch\\\/wp-content\\\/uploads\\\/2023\\\/02\\\/9979609-Klemmhalterung_Version_B_klappbar_und_absperrbar-Standard-01-1.jpg\",\"datePublished\":\"2023-02-22T18:01:25+00:00\",\"dateModified\":\"2026-04-18T18:42:00+00:00\",\"breadcrumb\":{\"@id\":\"https:\\\/\\\/shop.bantam.ch\\\/fr\\\/produit\\\/collier-de-serrage-pour-roue-jockey-avec-poignee-articulee-et-verrouillable\\\/#breadcrumb\"},\"inLanguage\":\"fr-FR\",\"potentialAction\":[{\"@type\":\"ReadAction\",\"target\":[\"https:\\\/\\\/shop.bantam.ch\\\/fr\\\/produit\\\/collier-de-serrage-pour-roue-jockey-avec-poignee-articulee-et-verrouillable\\\/\"]}]},{\"@type\":\"ImageObject\",\"inLanguage\":\"fr-FR\",\"@id\":\"https:\\\/\\\/shop.bantam.ch\\\/fr\\\/produit\\\/collier-de-serrage-pour-roue-jockey-avec-poignee-articulee-et-verrouillable\\\/#primaryimage\",\"url\":\"https:\\\/\\\/shop.bantam.ch\\\/wp-content\\\/uploads\\\/2023\\\/02\\\/9979609-Klemmhalterung_Version_B_klappbar_und_absperrbar-Standard-01-1.jpg\",\"contentUrl\":\"https:\\\/\\\/shop.bantam.ch\\\/wp-content\\\/uploads\\\/2023\\\/02\\\/9979609-Klemmhalterung_Version_B_klappbar_und_absperrbar-Standard-01-1.jpg\",\"width\":1000,\"height\":522},{\"@type\":\"BreadcrumbList\",\"@id\":\"https:\\\/\\\/shop.bantam.ch\\\/fr\\\/produit\\\/collier-de-serrage-pour-roue-jockey-avec-poignee-articulee-et-verrouillable\\\/#breadcrumb\",\"itemListElement\":[{\"@type\":\"ListItem\",\"position\":1,\"name\":\"Accueil\",\"item\":\"https:\\\/\\\/shop.bantam.ch\\\/fr\\\/\"},{\"@type\":\"ListItem\",\"position\":2,\"name\":\"Boutique\",\"item\":\"https:\\\/\\\/shop.bantam.ch\\\/fr\\\/boutique\\\/\"},{\"@type\":\"ListItem\",\"position\":3,\"name\":\"Bride de serrage vers B Articul\u00e9 et verrouillable\"}]},{\"@type\":\"WebSite\",\"@id\":\"https:\\\/\\\/shop.bantam.ch\\\/fr\\\/#website\",\"url\":\"https:\\\/\\\/shop.bantam.ch\\\/fr\\\/\",\"name\":\"Bantam Wankm\u00fcller SA\",\"description\":\"\",\"publisher\":{\"@id\":\"https:\\\/\\\/shop.bantam.ch\\\/fr\\\/#organization\"},\"inLanguage\":\"fr-FR\"},{\"@type\":\"Organization\",\"@id\":\"https:\\\/\\\/shop.bantam.ch\\\/fr\\\/#organization\",\"name\":\"Bantam Wankm\u00fcller SA\",\"url\":\"https:\\\/\\\/shop.bantam.ch\\\/fr\\\/\",\"logo\":{\"@type\":\"ImageObject\",\"inLanguage\":\"fr-FR\",\"@id\":\"https:\\\/\\\/shop.bantam.ch\\\/fr\\\/#\\\/schema\\\/logo\\\/image\\\/\",\"url\":\"https:\\\/\\\/shop.bantam.ch\\\/wp-content\\\/uploads\\\/2022\\\/12\\\/bantam-logo.png\",\"contentUrl\":\"https:\\\/\\\/shop.bantam.ch\\\/wp-content\\\/uploads\\\/2022\\\/12\\\/bantam-logo.png\",\"width\":320,\"height\":71,\"caption\":\"Bantam Wankm\u00fcller SA\"},\"image\":{\"@id\":\"https:\\\/\\\/shop.bantam.ch\\\/fr\\\/#\\\/schema\\\/logo\\\/image\\\/\"}}]}<\/script>\n<!-- \/ Yoast SEO plugin. -->","yoast_head_json":{"title":"Bride de serrage vers B Articul\u00e9 et verrouillable - Bantam Wankm\u00fcller SA","robots":{"index":"index","follow":"follow","max-snippet":"max-snippet:-1","max-image-preview":"max-image-preview:large","max-video-preview":"max-video-preview:-1"},"canonical":"https:\/\/shop.bantam.ch\/fr\/produit\/collier-de-serrage-pour-roue-jockey-avec-poignee-articulee-et-verrouillable\/","og_locale":"fr_FR","og_type":"article","og_title":"Bride de serrage vers B Articul\u00e9 et verrouillable - Bantam Wankm\u00fcller SA","og_description":"Le syst\u00e8me de vissage \u00e0 6\u00a0trous et la partie inf\u00e9rieure en fonte font de ces colliers de serrage des accessoires de fixation solides et pratiques. Poign\u00e9e rabattable Pour tube ext\u00e9rieur \u00f8 (mm)\u00a0: 60 Capacit\u00e9 de charge statique, max.\u00a0: 500\u00a0kg Partie inf\u00e9rieure des colliers de serrage\u00a0: Acier 6\u00a0trous Poign\u00e9e\u00a0: Rabattable et verrouillable","og_url":"https:\/\/shop.bantam.ch\/fr\/produit\/collier-de-serrage-pour-roue-jockey-avec-poignee-articulee-et-verrouillable\/","og_site_name":"Bantam Wankm\u00fcller SA","article_modified_time":"2026-04-18T18:42:00+00:00","og_image":[{"width":1000,"height":522,"url":"https:\/\/shop.bantam.ch\/wp-content\/uploads\/2023\/02\/9979609-Klemmhalterung_Version_B_klappbar_und_absperrbar-Standard-01-1.jpg","type":"image\/jpeg"}],"twitter_card":"summary_large_image","schema":{"@context":"https:\/\/schema.org","@graph":[{"@type":"WebPage","@id":"https:\/\/shop.bantam.ch\/fr\/produit\/collier-de-serrage-pour-roue-jockey-avec-poignee-articulee-et-verrouillable\/","url":"https:\/\/shop.bantam.ch\/fr\/produit\/collier-de-serrage-pour-roue-jockey-avec-poignee-articulee-et-verrouillable\/","name":"Bride de serrage vers B Articul\u00e9 et verrouillable - Bantam Wankm\u00fcller SA","isPartOf":{"@id":"https:\/\/shop.bantam.ch\/fr\/#website"},"primaryImageOfPage":{"@id":"https:\/\/shop.bantam.ch\/fr\/produit\/collier-de-serrage-pour-roue-jockey-avec-poignee-articulee-et-verrouillable\/#primaryimage"},"image":{"@id":"https:\/\/shop.bantam.ch\/fr\/produit\/collier-de-serrage-pour-roue-jockey-avec-poignee-articulee-et-verrouillable\/#primaryimage"},"thumbnailUrl":"https:\/\/shop.bantam.ch\/wp-content\/uploads\/2023\/02\/9979609-Klemmhalterung_Version_B_klappbar_und_absperrbar-Standard-01-1.jpg","datePublished":"2023-02-22T18:01:25+00:00","dateModified":"2026-04-18T18:42:00+00:00","breadcrumb":{"@id":"https:\/\/shop.bantam.ch\/fr\/produit\/collier-de-serrage-pour-roue-jockey-avec-poignee-articulee-et-verrouillable\/#breadcrumb"},"inLanguage":"fr-FR","potentialAction":[{"@type":"ReadAction","target":["https:\/\/shop.bantam.ch\/fr\/produit\/collier-de-serrage-pour-roue-jockey-avec-poignee-articulee-et-verrouillable\/"]}]},{"@type":"ImageObject","inLanguage":"fr-FR","@id":"https:\/\/shop.bantam.ch\/fr\/produit\/collier-de-serrage-pour-roue-jockey-avec-poignee-articulee-et-verrouillable\/#primaryimage","url":"https:\/\/shop.bantam.ch\/wp-content\/uploads\/2023\/02\/9979609-Klemmhalterung_Version_B_klappbar_und_absperrbar-Standard-01-1.jpg","contentUrl":"https:\/\/shop.bantam.ch\/wp-content\/uploads\/2023\/02\/9979609-Klemmhalterung_Version_B_klappbar_und_absperrbar-Standard-01-1.jpg","width":1000,"height":522},{"@type":"BreadcrumbList","@id":"https:\/\/shop.bantam.ch\/fr\/produit\/collier-de-serrage-pour-roue-jockey-avec-poignee-articulee-et-verrouillable\/#breadcrumb","itemListElement":[{"@type":"ListItem","position":1,"name":"Accueil","item":"https:\/\/shop.bantam.ch\/fr\/"},{"@type":"ListItem","position":2,"name":"Boutique","item":"https:\/\/shop.bantam.ch\/fr\/boutique\/"},{"@type":"ListItem","position":3,"name":"Bride de serrage vers B Articul\u00e9 et verrouillable"}]},{"@type":"WebSite","@id":"https:\/\/shop.bantam.ch\/fr\/#website","url":"https:\/\/shop.bantam.ch\/fr\/","name":"Bantam Wankm\u00fcller SA","description":"","publisher":{"@id":"https:\/\/shop.bantam.ch\/fr\/#organization"},"inLanguage":"fr-FR"},{"@type":"Organization","@id":"https:\/\/shop.bantam.ch\/fr\/#organization","name":"Bantam Wankm\u00fcller SA","url":"https:\/\/shop.bantam.ch\/fr\/","logo":{"@type":"ImageObject","inLanguage":"fr-FR","@id":"https:\/\/shop.bantam.ch\/fr\/#\/schema\/logo\/image\/","url":"https:\/\/shop.bantam.ch\/wp-content\/uploads\/2022\/12\/bantam-logo.png","contentUrl":"https:\/\/shop.bantam.ch\/wp-content\/uploads\/2022\/12\/bantam-logo.png","width":320,"height":71,"caption":"Bantam Wankm\u00fcller SA"},"image":{"@id":"https:\/\/shop.bantam.ch\/fr\/#\/schema\/logo\/image\/"}}]}},"_links":{"self":[{"href":"https:\/\/shop.bantam.ch\/fr\/wp-json\/wp\/v2\/product\/34503","targetHints":{"allow":["GET"]}}],"collection":[{"href":"https:\/\/shop.bantam.ch\/fr\/wp-json\/wp\/v2\/product"}],"about":[{"href":"https:\/\/shop.bantam.ch\/fr\/wp-json\/wp\/v2\/types\/product"}],"wp:featuredmedia":[{"embeddable":true,"href":"https:\/\/shop.bantam.ch\/fr\/wp-json\/wp\/v2\/media\/34499"}],"wp:attachment":[{"href":"https:\/\/shop.bantam.ch\/fr\/wp-json\/wp\/v2\/media?parent=34503"}],"wp:term":[{"taxonomy":"product_featured_cat","embeddable":true,"href":"https:\/\/shop.bantam.ch\/fr\/wp-json\/wp\/v2\/product_featured_cat?post=34503"},{"taxonomy":"product_brand","embeddable":true,"href":"https:\/\/shop.bantam.ch\/fr\/wp-json\/wp\/v2\/product_brand?post=34503"},{"taxonomy":"product_cat","embeddable":true,"href":"https:\/\/shop.bantam.ch\/fr\/wp-json\/wp\/v2\/product_cat?post=34503"},{"taxonomy":"product_tag","embeddable":true,"href":"https:\/\/shop.bantam.ch\/fr\/wp-json\/wp\/v2\/product_tag?post=34503"}],"curies":[{"name":"wp","href":"https:\/\/api.w.org\/{rel}","templated":true}]}}