{"id":34441,"date":"2023-02-22T19:00:18","date_gmt":"2023-02-22T18:00:18","guid":{"rendered":"http:\/\/preprod-dev.sh1.hidora.com\/webshop\/produit\/pied-dappui-big-foot\/"},"modified":"2026-04-18T20:41:46","modified_gmt":"2026-04-18T18:41:46","slug":"pied-dappui-big-foot","status":"publish","type":"product","link":"https:\/\/shop.bantam.ch\/fr\/produit\/pied-dappui-big-foot\/","title":{"rendered":"Pied d\u2019appui Al-Ko big foot"},"content":{"rendered":"<p>Emp\u00eache les v\u00e9rins de s\u2019enfoncer ou de glisser.<\/p>\n<p>Montage\u00a0:<br \/>Le Big Foot s\u2019installe sur les v\u00e9rins stabilisateurs AL-KO. \u00c0 partir du mod\u00e8le de 2001, des trous de fixation sont d\u00e9j\u00e0 pr\u00e9vus sur les v\u00e9rins. Sur les mod\u00e8les jusqu\u2019\u00e0 l\u2019ann\u00e9e\u00a02000, il est possible de percer des trous de fixation comme indiqu\u00e9 dans le manuel d\u2019utilisation.<\/p>\n<p>Grande stabilit\u00e9\u00a0:<br \/>Gr\u00e2ce \u00e0 la surface d\u2019appui importante (20 x 180\u00a0cm) et aux rainures transversales, AL-KO Big Foot emp\u00eache les v\u00e9rins de s\u2019enfoncer ou de glisser et garantit la stabilit\u00e9 absolue de la caravane. Le pied d\u2019appui affiche une capacit\u00e9 de charge statique de max. 1\u00a0250\u00a0kg.<\/p>\n<p>Fonctionnel\u00a0:<br \/>Gr\u00e2ce aux trous oblongs, le v\u00e9rin glisse directement sur le pied d\u2019appui AL-KO Big Foot en cas de contact avec le sol\u00a0; autrement dit, le v\u00e9rin stabilisateur ne doit pas pousser le pied d\u2019appui.<\/p>\n<p>Faible encombrement\u00a0:<br \/>Pendant le trajet, l\u2019AL-KO Big Foot est soutenu par des ressorts et se solidarise avec le v\u00e9rin stabilisateur.<\/p>\n<p>Contenu de la livraison :<br \/>4\u00a0pieds d\u2019appui AL-KO Big Foot<br \/>Mat\u00e9riel de fixation et notice de montage inclus<\/p>\n","protected":false},"excerpt":{"rendered":"<p>Emp\u00eache les v\u00e9rins de s\u2019enfoncer ou de glisser. Montage\u00a0:Le Big Foot s\u2019installe sur les v\u00e9rins stabilisateurs AL-KO. \u00c0 partir du mod\u00e8le de 2001, des trous de fixation sont d\u00e9j\u00e0 pr\u00e9vus sur les v\u00e9rins. Sur les mod\u00e8les jusqu\u2019\u00e0 l\u2019ann\u00e9e\u00a02000, il est possible de percer des trous de fixation comme indiqu\u00e9 dans le manuel d\u2019utilisation. Grande stabilit\u00e9\u00a0:Gr\u00e2ce [&hellip;]<\/p>\n","protected":false},"featured_media":34439,"template":"","meta":{"_acf_changed":false},"product_featured_cat":[],"product_brand":[3134],"product_cat":[4775],"product_tag":[],"class_list":{"0":"post-34441","1":"product","2":"type-product","3":"status-publish","4":"has-post-thumbnail","6":"product_brand-al-ko","7":"product_cat-supports-enfichables","9":"first","10":"instock","11":"taxable","12":"shipping-taxable","13":"purchasable","14":"product-type-simple"},"acf":[],"yoast_head":"<!-- This site is optimized with the Yoast SEO plugin v27.4 - https:\/\/yoast.com\/product\/yoast-seo-wordpress\/ -->\n<title>Pied d\u2019appui Al-Ko big foot - Bantam Wankm\u00fcller SA<\/title>\n<meta name=\"robots\" content=\"index, follow, max-snippet:-1, max-image-preview:large, max-video-preview:-1\" \/>\n<link rel=\"canonical\" href=\"https:\/\/shop.bantam.ch\/fr\/produit\/pied-dappui-big-foot\/\" \/>\n<meta property=\"og:locale\" content=\"fr_FR\" \/>\n<meta property=\"og:type\" content=\"article\" \/>\n<meta property=\"og:title\" content=\"Pied d\u2019appui Al-Ko big foot - Bantam Wankm\u00fcller SA\" \/>\n<meta property=\"og:description\" content=\"Emp\u00eache les v\u00e9rins de s\u2019enfoncer ou de glisser. Montage\u00a0:Le Big Foot s\u2019installe sur les v\u00e9rins stabilisateurs AL-KO. \u00c0 partir du mod\u00e8le de 2001, des trous de fixation sont d\u00e9j\u00e0 pr\u00e9vus sur les v\u00e9rins. Sur les mod\u00e8les jusqu\u2019\u00e0 l\u2019ann\u00e9e\u00a02000, il est possible de percer des trous de fixation comme indiqu\u00e9 dans le manuel d\u2019utilisation. Grande stabilit\u00e9\u00a0:Gr\u00e2ce [&hellip;]\" \/>\n<meta property=\"og:url\" content=\"https:\/\/shop.bantam.ch\/fr\/produit\/pied-dappui-big-foot\/\" \/>\n<meta property=\"og:site_name\" content=\"Bantam Wankm\u00fcller SA\" \/>\n<meta property=\"article:modified_time\" content=\"2026-04-18T18:41:46+00:00\" \/>\n<meta property=\"og:image\" content=\"https:\/\/shop.bantam.ch\/wp-content\/uploads\/2023\/02\/9978241-Stuetzfuss_BIG_FOOT-Standard-01-1.jpg\" \/>\n\t<meta property=\"og:image:width\" content=\"1000\" \/>\n\t<meta property=\"og:image:height\" content=\"715\" \/>\n\t<meta property=\"og:image:type\" content=\"image\/jpeg\" \/>\n<meta name=\"twitter:card\" content=\"summary_large_image\" \/>\n<meta name=\"twitter:label1\" content=\"Dur\u00e9e de lecture estim\u00e9e\" \/>\n\t<meta name=\"twitter:data1\" content=\"1 minute\" \/>\n<script type=\"application\/ld+json\" class=\"yoast-schema-graph\">{\"@context\":\"https:\\\/\\\/schema.org\",\"@graph\":[{\"@type\":\"WebPage\",\"@id\":\"https:\\\/\\\/shop.bantam.ch\\\/fr\\\/produit\\\/pied-dappui-big-foot\\\/\",\"url\":\"https:\\\/\\\/shop.bantam.ch\\\/fr\\\/produit\\\/pied-dappui-big-foot\\\/\",\"name\":\"Pied d\u2019appui Al-Ko big foot - Bantam Wankm\u00fcller SA\",\"isPartOf\":{\"@id\":\"https:\\\/\\\/shop.bantam.ch\\\/fr\\\/#website\"},\"primaryImageOfPage\":{\"@id\":\"https:\\\/\\\/shop.bantam.ch\\\/fr\\\/produit\\\/pied-dappui-big-foot\\\/#primaryimage\"},\"image\":{\"@id\":\"https:\\\/\\\/shop.bantam.ch\\\/fr\\\/produit\\\/pied-dappui-big-foot\\\/#primaryimage\"},\"thumbnailUrl\":\"https:\\\/\\\/shop.bantam.ch\\\/wp-content\\\/uploads\\\/2023\\\/02\\\/9978241-Stuetzfuss_BIG_FOOT-Standard-01-1.jpg\",\"datePublished\":\"2023-02-22T18:00:18+00:00\",\"dateModified\":\"2026-04-18T18:41:46+00:00\",\"breadcrumb\":{\"@id\":\"https:\\\/\\\/shop.bantam.ch\\\/fr\\\/produit\\\/pied-dappui-big-foot\\\/#breadcrumb\"},\"inLanguage\":\"fr-FR\",\"potentialAction\":[{\"@type\":\"ReadAction\",\"target\":[\"https:\\\/\\\/shop.bantam.ch\\\/fr\\\/produit\\\/pied-dappui-big-foot\\\/\"]}]},{\"@type\":\"ImageObject\",\"inLanguage\":\"fr-FR\",\"@id\":\"https:\\\/\\\/shop.bantam.ch\\\/fr\\\/produit\\\/pied-dappui-big-foot\\\/#primaryimage\",\"url\":\"https:\\\/\\\/shop.bantam.ch\\\/wp-content\\\/uploads\\\/2023\\\/02\\\/9978241-Stuetzfuss_BIG_FOOT-Standard-01-1.jpg\",\"contentUrl\":\"https:\\\/\\\/shop.bantam.ch\\\/wp-content\\\/uploads\\\/2023\\\/02\\\/9978241-Stuetzfuss_BIG_FOOT-Standard-01-1.jpg\",\"width\":1000,\"height\":715},{\"@type\":\"BreadcrumbList\",\"@id\":\"https:\\\/\\\/shop.bantam.ch\\\/fr\\\/produit\\\/pied-dappui-big-foot\\\/#breadcrumb\",\"itemListElement\":[{\"@type\":\"ListItem\",\"position\":1,\"name\":\"Accueil\",\"item\":\"https:\\\/\\\/shop.bantam.ch\\\/fr\\\/\"},{\"@type\":\"ListItem\",\"position\":2,\"name\":\"Boutique\",\"item\":\"https:\\\/\\\/shop.bantam.ch\\\/fr\\\/boutique\\\/\"},{\"@type\":\"ListItem\",\"position\":3,\"name\":\"Pied d\u2019appui Al-Ko big foot\"}]},{\"@type\":\"WebSite\",\"@id\":\"https:\\\/\\\/shop.bantam.ch\\\/fr\\\/#website\",\"url\":\"https:\\\/\\\/shop.bantam.ch\\\/fr\\\/\",\"name\":\"Bantam Wankm\u00fcller SA\",\"description\":\"\",\"publisher\":{\"@id\":\"https:\\\/\\\/shop.bantam.ch\\\/fr\\\/#organization\"},\"inLanguage\":\"fr-FR\"},{\"@type\":\"Organization\",\"@id\":\"https:\\\/\\\/shop.bantam.ch\\\/fr\\\/#organization\",\"name\":\"Bantam Wankm\u00fcller SA\",\"url\":\"https:\\\/\\\/shop.bantam.ch\\\/fr\\\/\",\"logo\":{\"@type\":\"ImageObject\",\"inLanguage\":\"fr-FR\",\"@id\":\"https:\\\/\\\/shop.bantam.ch\\\/fr\\\/#\\\/schema\\\/logo\\\/image\\\/\",\"url\":\"https:\\\/\\\/shop.bantam.ch\\\/wp-content\\\/uploads\\\/2022\\\/12\\\/bantam-logo.png\",\"contentUrl\":\"https:\\\/\\\/shop.bantam.ch\\\/wp-content\\\/uploads\\\/2022\\\/12\\\/bantam-logo.png\",\"width\":320,\"height\":71,\"caption\":\"Bantam Wankm\u00fcller SA\"},\"image\":{\"@id\":\"https:\\\/\\\/shop.bantam.ch\\\/fr\\\/#\\\/schema\\\/logo\\\/image\\\/\"}}]}<\/script>\n<!-- \/ Yoast SEO plugin. -->","yoast_head_json":{"title":"Pied d\u2019appui Al-Ko big foot - Bantam Wankm\u00fcller SA","robots":{"index":"index","follow":"follow","max-snippet":"max-snippet:-1","max-image-preview":"max-image-preview:large","max-video-preview":"max-video-preview:-1"},"canonical":"https:\/\/shop.bantam.ch\/fr\/produit\/pied-dappui-big-foot\/","og_locale":"fr_FR","og_type":"article","og_title":"Pied d\u2019appui Al-Ko big foot - Bantam Wankm\u00fcller SA","og_description":"Emp\u00eache les v\u00e9rins de s\u2019enfoncer ou de glisser. Montage\u00a0:Le Big Foot s\u2019installe sur les v\u00e9rins stabilisateurs AL-KO. \u00c0 partir du mod\u00e8le de 2001, des trous de fixation sont d\u00e9j\u00e0 pr\u00e9vus sur les v\u00e9rins. Sur les mod\u00e8les jusqu\u2019\u00e0 l\u2019ann\u00e9e\u00a02000, il est possible de percer des trous de fixation comme indiqu\u00e9 dans le manuel d\u2019utilisation. Grande stabilit\u00e9\u00a0:Gr\u00e2ce [&hellip;]","og_url":"https:\/\/shop.bantam.ch\/fr\/produit\/pied-dappui-big-foot\/","og_site_name":"Bantam Wankm\u00fcller SA","article_modified_time":"2026-04-18T18:41:46+00:00","og_image":[{"width":1000,"height":715,"url":"https:\/\/shop.bantam.ch\/wp-content\/uploads\/2023\/02\/9978241-Stuetzfuss_BIG_FOOT-Standard-01-1.jpg","type":"image\/jpeg"}],"twitter_card":"summary_large_image","twitter_misc":{"Dur\u00e9e de lecture estim\u00e9e":"1 minute"},"schema":{"@context":"https:\/\/schema.org","@graph":[{"@type":"WebPage","@id":"https:\/\/shop.bantam.ch\/fr\/produit\/pied-dappui-big-foot\/","url":"https:\/\/shop.bantam.ch\/fr\/produit\/pied-dappui-big-foot\/","name":"Pied d\u2019appui Al-Ko big foot - Bantam Wankm\u00fcller SA","isPartOf":{"@id":"https:\/\/shop.bantam.ch\/fr\/#website"},"primaryImageOfPage":{"@id":"https:\/\/shop.bantam.ch\/fr\/produit\/pied-dappui-big-foot\/#primaryimage"},"image":{"@id":"https:\/\/shop.bantam.ch\/fr\/produit\/pied-dappui-big-foot\/#primaryimage"},"thumbnailUrl":"https:\/\/shop.bantam.ch\/wp-content\/uploads\/2023\/02\/9978241-Stuetzfuss_BIG_FOOT-Standard-01-1.jpg","datePublished":"2023-02-22T18:00:18+00:00","dateModified":"2026-04-18T18:41:46+00:00","breadcrumb":{"@id":"https:\/\/shop.bantam.ch\/fr\/produit\/pied-dappui-big-foot\/#breadcrumb"},"inLanguage":"fr-FR","potentialAction":[{"@type":"ReadAction","target":["https:\/\/shop.bantam.ch\/fr\/produit\/pied-dappui-big-foot\/"]}]},{"@type":"ImageObject","inLanguage":"fr-FR","@id":"https:\/\/shop.bantam.ch\/fr\/produit\/pied-dappui-big-foot\/#primaryimage","url":"https:\/\/shop.bantam.ch\/wp-content\/uploads\/2023\/02\/9978241-Stuetzfuss_BIG_FOOT-Standard-01-1.jpg","contentUrl":"https:\/\/shop.bantam.ch\/wp-content\/uploads\/2023\/02\/9978241-Stuetzfuss_BIG_FOOT-Standard-01-1.jpg","width":1000,"height":715},{"@type":"BreadcrumbList","@id":"https:\/\/shop.bantam.ch\/fr\/produit\/pied-dappui-big-foot\/#breadcrumb","itemListElement":[{"@type":"ListItem","position":1,"name":"Accueil","item":"https:\/\/shop.bantam.ch\/fr\/"},{"@type":"ListItem","position":2,"name":"Boutique","item":"https:\/\/shop.bantam.ch\/fr\/boutique\/"},{"@type":"ListItem","position":3,"name":"Pied d\u2019appui Al-Ko big foot"}]},{"@type":"WebSite","@id":"https:\/\/shop.bantam.ch\/fr\/#website","url":"https:\/\/shop.bantam.ch\/fr\/","name":"Bantam Wankm\u00fcller SA","description":"","publisher":{"@id":"https:\/\/shop.bantam.ch\/fr\/#organization"},"inLanguage":"fr-FR"},{"@type":"Organization","@id":"https:\/\/shop.bantam.ch\/fr\/#organization","name":"Bantam Wankm\u00fcller SA","url":"https:\/\/shop.bantam.ch\/fr\/","logo":{"@type":"ImageObject","inLanguage":"fr-FR","@id":"https:\/\/shop.bantam.ch\/fr\/#\/schema\/logo\/image\/","url":"https:\/\/shop.bantam.ch\/wp-content\/uploads\/2022\/12\/bantam-logo.png","contentUrl":"https:\/\/shop.bantam.ch\/wp-content\/uploads\/2022\/12\/bantam-logo.png","width":320,"height":71,"caption":"Bantam Wankm\u00fcller SA"},"image":{"@id":"https:\/\/shop.bantam.ch\/fr\/#\/schema\/logo\/image\/"}}]}},"_links":{"self":[{"href":"https:\/\/shop.bantam.ch\/fr\/wp-json\/wp\/v2\/product\/34441","targetHints":{"allow":["GET"]}}],"collection":[{"href":"https:\/\/shop.bantam.ch\/fr\/wp-json\/wp\/v2\/product"}],"about":[{"href":"https:\/\/shop.bantam.ch\/fr\/wp-json\/wp\/v2\/types\/product"}],"wp:featuredmedia":[{"embeddable":true,"href":"https:\/\/shop.bantam.ch\/fr\/wp-json\/wp\/v2\/media\/34439"}],"wp:attachment":[{"href":"https:\/\/shop.bantam.ch\/fr\/wp-json\/wp\/v2\/media?parent=34441"}],"wp:term":[{"taxonomy":"product_featured_cat","embeddable":true,"href":"https:\/\/shop.bantam.ch\/fr\/wp-json\/wp\/v2\/product_featured_cat?post=34441"},{"taxonomy":"product_brand","embeddable":true,"href":"https:\/\/shop.bantam.ch\/fr\/wp-json\/wp\/v2\/product_brand?post=34441"},{"taxonomy":"product_cat","embeddable":true,"href":"https:\/\/shop.bantam.ch\/fr\/wp-json\/wp\/v2\/product_cat?post=34441"},{"taxonomy":"product_tag","embeddable":true,"href":"https:\/\/shop.bantam.ch\/fr\/wp-json\/wp\/v2\/product_tag?post=34441"}],"curies":[{"name":"wp","href":"https:\/\/api.w.org\/{rel}","templated":true}]}}