{"id":34431,"date":"2023-02-22T19:00:07","date_gmt":"2023-02-22T18:00:07","guid":{"rendered":"http:\/\/preprod-dev.sh1.hidora.com\/webshop\/produit\/verin-premium-1-250-kg-long\/"},"modified":"2026-04-21T20:41:42","modified_gmt":"2026-04-21T18:41:42","slug":"verin-premium-1-250-kg-long","status":"publish","type":"product","link":"https:\/\/shop.bantam.ch\/fr\/produit\/verin-premium-1-250-kg-long\/","title":{"rendered":"V\u00e9rins stabilisateur Al-Ko Premium 1\u00a0250 kg \/ long"},"content":{"rendered":"<p>Pour assurer la stabilit\u00e9 sur tous les terrains.<\/p>\n<p>Facile \u00e0 monter\u00a0:<br \/>Montage simple et rapide au niveau des languettes de protection pr\u00e9vues sur le ch\u00e2ssis. Vous ins\u00e9rez une extr\u00e9mit\u00e9 et l\u2019autre extr\u00e9mit\u00e9 est fix\u00e9e sur le plancher de la caravane au moyen de deux vis.<\/p>\n<p>Stable\u00a0:<br \/>Votre caravane est 20\u00a0% plus stable gr\u00e2ce aux v\u00e9rins stabilisateurs. La stabilit\u00e9 est assur\u00e9e \u00e0 l\u2019aide de profil\u00e9s extrud\u00e9s, d\u2019entretoises nervur\u00e9es et de vis trap\u00e9zo\u00efdales roul\u00e9es robustes.<\/p>\n<p>Protection extr\u00eame contre la corrosion\u00a0:<br \/>Gr\u00e2ce \u00e0 la galvanisation \u00e0 chaud d\u2019une grande \u00e9paisseur jusqu\u2019\u00e0 70\u00a0\u00b5m, les v\u00e9rins stabilisateurs sont presque inusables.<\/p>\n<ul>\n<li>Charge total remorque, max\u00a0: 2\u00a0500\u00a0kg<\/li>\n<li>R\u00e9sistance statique max.\u00a0: 1\u00a0250\u00a0kg<\/li>\n<li>Version\u00a0: longue<\/li>\n<\/ul>\n","protected":false},"excerpt":{"rendered":"<p>Pour assurer la stabilit\u00e9 sur tous les terrains. Facile \u00e0 monter\u00a0:Montage simple et rapide au niveau des languettes de protection pr\u00e9vues sur le ch\u00e2ssis. Vous ins\u00e9rez une extr\u00e9mit\u00e9 et l\u2019autre extr\u00e9mit\u00e9 est fix\u00e9e sur le plancher de la caravane au moyen de deux vis. Stable\u00a0:Votre caravane est 20\u00a0% plus stable gr\u00e2ce aux v\u00e9rins stabilisateurs. La [&hellip;]<\/p>\n","protected":false},"featured_media":34427,"template":"","meta":{"_acf_changed":false},"product_featured_cat":[],"product_brand":[3134],"product_cat":[4775],"product_tag":[],"class_list":{"0":"post-34431","1":"product","2":"type-product","3":"status-publish","4":"has-post-thumbnail","6":"product_brand-al-ko","7":"product_cat-supports-enfichables","9":"first","10":"instock","11":"taxable","12":"shipping-taxable","13":"purchasable","14":"product-type-simple"},"acf":[],"yoast_head":"<!-- This site is optimized with the Yoast SEO plugin v27.4 - https:\/\/yoast.com\/product\/yoast-seo-wordpress\/ -->\n<title>V\u00e9rins stabilisateur Al-Ko Premium 1\u00a0250 kg \/ long - Bantam Wankm\u00fcller SA<\/title>\n<meta name=\"robots\" content=\"index, follow, max-snippet:-1, max-image-preview:large, max-video-preview:-1\" \/>\n<link rel=\"canonical\" href=\"https:\/\/shop.bantam.ch\/fr\/produit\/verin-premium-1-250-kg-long\/\" \/>\n<meta property=\"og:locale\" content=\"fr_FR\" \/>\n<meta property=\"og:type\" content=\"article\" \/>\n<meta property=\"og:title\" content=\"V\u00e9rins stabilisateur Al-Ko Premium 1\u00a0250 kg \/ long - Bantam Wankm\u00fcller SA\" \/>\n<meta property=\"og:description\" content=\"Pour assurer la stabilit\u00e9 sur tous les terrains. Facile \u00e0 monter\u00a0:Montage simple et rapide au niveau des languettes de protection pr\u00e9vues sur le ch\u00e2ssis. Vous ins\u00e9rez une extr\u00e9mit\u00e9 et l\u2019autre extr\u00e9mit\u00e9 est fix\u00e9e sur le plancher de la caravane au moyen de deux vis. Stable\u00a0:Votre caravane est 20\u00a0% plus stable gr\u00e2ce aux v\u00e9rins stabilisateurs. La [&hellip;]\" \/>\n<meta property=\"og:url\" content=\"https:\/\/shop.bantam.ch\/fr\/produit\/verin-premium-1-250-kg-long\/\" \/>\n<meta property=\"og:site_name\" content=\"Bantam Wankm\u00fcller SA\" \/>\n<meta property=\"article:modified_time\" content=\"2026-04-21T18:41:42+00:00\" \/>\n<meta property=\"og:image\" content=\"https:\/\/shop.bantam.ch\/wp-content\/uploads\/2023\/02\/9978316-ALKO-Steckstuetze_Stabilformstuetze_Premium-Standard-01-1.jpg\" \/>\n\t<meta property=\"og:image:width\" content=\"1000\" \/>\n\t<meta property=\"og:image:height\" content=\"711\" \/>\n\t<meta property=\"og:image:type\" content=\"image\/jpeg\" \/>\n<meta name=\"twitter:card\" content=\"summary_large_image\" \/>\n<meta name=\"twitter:label1\" content=\"Dur\u00e9e de lecture estim\u00e9e\" \/>\n\t<meta name=\"twitter:data1\" content=\"1 minute\" \/>\n<script type=\"application\/ld+json\" class=\"yoast-schema-graph\">{\"@context\":\"https:\\\/\\\/schema.org\",\"@graph\":[{\"@type\":\"WebPage\",\"@id\":\"https:\\\/\\\/shop.bantam.ch\\\/fr\\\/produit\\\/verin-premium-1-250-kg-long\\\/\",\"url\":\"https:\\\/\\\/shop.bantam.ch\\\/fr\\\/produit\\\/verin-premium-1-250-kg-long\\\/\",\"name\":\"V\u00e9rins stabilisateur Al-Ko Premium 1\u00a0250 kg \\\/ long - Bantam Wankm\u00fcller SA\",\"isPartOf\":{\"@id\":\"https:\\\/\\\/shop.bantam.ch\\\/fr\\\/#website\"},\"primaryImageOfPage\":{\"@id\":\"https:\\\/\\\/shop.bantam.ch\\\/fr\\\/produit\\\/verin-premium-1-250-kg-long\\\/#primaryimage\"},\"image\":{\"@id\":\"https:\\\/\\\/shop.bantam.ch\\\/fr\\\/produit\\\/verin-premium-1-250-kg-long\\\/#primaryimage\"},\"thumbnailUrl\":\"https:\\\/\\\/shop.bantam.ch\\\/wp-content\\\/uploads\\\/2023\\\/02\\\/9978316-ALKO-Steckstuetze_Stabilformstuetze_Premium-Standard-01-1.jpg\",\"datePublished\":\"2023-02-22T18:00:07+00:00\",\"dateModified\":\"2026-04-21T18:41:42+00:00\",\"breadcrumb\":{\"@id\":\"https:\\\/\\\/shop.bantam.ch\\\/fr\\\/produit\\\/verin-premium-1-250-kg-long\\\/#breadcrumb\"},\"inLanguage\":\"fr-FR\",\"potentialAction\":[{\"@type\":\"ReadAction\",\"target\":[\"https:\\\/\\\/shop.bantam.ch\\\/fr\\\/produit\\\/verin-premium-1-250-kg-long\\\/\"]}]},{\"@type\":\"ImageObject\",\"inLanguage\":\"fr-FR\",\"@id\":\"https:\\\/\\\/shop.bantam.ch\\\/fr\\\/produit\\\/verin-premium-1-250-kg-long\\\/#primaryimage\",\"url\":\"https:\\\/\\\/shop.bantam.ch\\\/wp-content\\\/uploads\\\/2023\\\/02\\\/9978316-ALKO-Steckstuetze_Stabilformstuetze_Premium-Standard-01-1.jpg\",\"contentUrl\":\"https:\\\/\\\/shop.bantam.ch\\\/wp-content\\\/uploads\\\/2023\\\/02\\\/9978316-ALKO-Steckstuetze_Stabilformstuetze_Premium-Standard-01-1.jpg\",\"width\":1000,\"height\":711},{\"@type\":\"BreadcrumbList\",\"@id\":\"https:\\\/\\\/shop.bantam.ch\\\/fr\\\/produit\\\/verin-premium-1-250-kg-long\\\/#breadcrumb\",\"itemListElement\":[{\"@type\":\"ListItem\",\"position\":1,\"name\":\"Accueil\",\"item\":\"https:\\\/\\\/shop.bantam.ch\\\/fr\\\/\"},{\"@type\":\"ListItem\",\"position\":2,\"name\":\"Boutique\",\"item\":\"https:\\\/\\\/shop.bantam.ch\\\/fr\\\/boutique\\\/\"},{\"@type\":\"ListItem\",\"position\":3,\"name\":\"V\u00e9rins stabilisateur Al-Ko Premium 1\u00a0250 kg \\\/ long\"}]},{\"@type\":\"WebSite\",\"@id\":\"https:\\\/\\\/shop.bantam.ch\\\/fr\\\/#website\",\"url\":\"https:\\\/\\\/shop.bantam.ch\\\/fr\\\/\",\"name\":\"Bantam Wankm\u00fcller SA\",\"description\":\"\",\"publisher\":{\"@id\":\"https:\\\/\\\/shop.bantam.ch\\\/fr\\\/#organization\"},\"inLanguage\":\"fr-FR\"},{\"@type\":\"Organization\",\"@id\":\"https:\\\/\\\/shop.bantam.ch\\\/fr\\\/#organization\",\"name\":\"Bantam Wankm\u00fcller SA\",\"url\":\"https:\\\/\\\/shop.bantam.ch\\\/fr\\\/\",\"logo\":{\"@type\":\"ImageObject\",\"inLanguage\":\"fr-FR\",\"@id\":\"https:\\\/\\\/shop.bantam.ch\\\/fr\\\/#\\\/schema\\\/logo\\\/image\\\/\",\"url\":\"https:\\\/\\\/shop.bantam.ch\\\/wp-content\\\/uploads\\\/2022\\\/12\\\/bantam-logo.png\",\"contentUrl\":\"https:\\\/\\\/shop.bantam.ch\\\/wp-content\\\/uploads\\\/2022\\\/12\\\/bantam-logo.png\",\"width\":320,\"height\":71,\"caption\":\"Bantam Wankm\u00fcller SA\"},\"image\":{\"@id\":\"https:\\\/\\\/shop.bantam.ch\\\/fr\\\/#\\\/schema\\\/logo\\\/image\\\/\"}}]}<\/script>\n<!-- \/ Yoast SEO plugin. -->","yoast_head_json":{"title":"V\u00e9rins stabilisateur Al-Ko Premium 1\u00a0250 kg \/ long - Bantam Wankm\u00fcller SA","robots":{"index":"index","follow":"follow","max-snippet":"max-snippet:-1","max-image-preview":"max-image-preview:large","max-video-preview":"max-video-preview:-1"},"canonical":"https:\/\/shop.bantam.ch\/fr\/produit\/verin-premium-1-250-kg-long\/","og_locale":"fr_FR","og_type":"article","og_title":"V\u00e9rins stabilisateur Al-Ko Premium 1\u00a0250 kg \/ long - Bantam Wankm\u00fcller SA","og_description":"Pour assurer la stabilit\u00e9 sur tous les terrains. Facile \u00e0 monter\u00a0:Montage simple et rapide au niveau des languettes de protection pr\u00e9vues sur le ch\u00e2ssis. Vous ins\u00e9rez une extr\u00e9mit\u00e9 et l\u2019autre extr\u00e9mit\u00e9 est fix\u00e9e sur le plancher de la caravane au moyen de deux vis. Stable\u00a0:Votre caravane est 20\u00a0% plus stable gr\u00e2ce aux v\u00e9rins stabilisateurs. La [&hellip;]","og_url":"https:\/\/shop.bantam.ch\/fr\/produit\/verin-premium-1-250-kg-long\/","og_site_name":"Bantam Wankm\u00fcller SA","article_modified_time":"2026-04-21T18:41:42+00:00","og_image":[{"width":1000,"height":711,"url":"https:\/\/shop.bantam.ch\/wp-content\/uploads\/2023\/02\/9978316-ALKO-Steckstuetze_Stabilformstuetze_Premium-Standard-01-1.jpg","type":"image\/jpeg"}],"twitter_card":"summary_large_image","twitter_misc":{"Dur\u00e9e de lecture estim\u00e9e":"1 minute"},"schema":{"@context":"https:\/\/schema.org","@graph":[{"@type":"WebPage","@id":"https:\/\/shop.bantam.ch\/fr\/produit\/verin-premium-1-250-kg-long\/","url":"https:\/\/shop.bantam.ch\/fr\/produit\/verin-premium-1-250-kg-long\/","name":"V\u00e9rins stabilisateur Al-Ko Premium 1\u00a0250 kg \/ long - Bantam Wankm\u00fcller SA","isPartOf":{"@id":"https:\/\/shop.bantam.ch\/fr\/#website"},"primaryImageOfPage":{"@id":"https:\/\/shop.bantam.ch\/fr\/produit\/verin-premium-1-250-kg-long\/#primaryimage"},"image":{"@id":"https:\/\/shop.bantam.ch\/fr\/produit\/verin-premium-1-250-kg-long\/#primaryimage"},"thumbnailUrl":"https:\/\/shop.bantam.ch\/wp-content\/uploads\/2023\/02\/9978316-ALKO-Steckstuetze_Stabilformstuetze_Premium-Standard-01-1.jpg","datePublished":"2023-02-22T18:00:07+00:00","dateModified":"2026-04-21T18:41:42+00:00","breadcrumb":{"@id":"https:\/\/shop.bantam.ch\/fr\/produit\/verin-premium-1-250-kg-long\/#breadcrumb"},"inLanguage":"fr-FR","potentialAction":[{"@type":"ReadAction","target":["https:\/\/shop.bantam.ch\/fr\/produit\/verin-premium-1-250-kg-long\/"]}]},{"@type":"ImageObject","inLanguage":"fr-FR","@id":"https:\/\/shop.bantam.ch\/fr\/produit\/verin-premium-1-250-kg-long\/#primaryimage","url":"https:\/\/shop.bantam.ch\/wp-content\/uploads\/2023\/02\/9978316-ALKO-Steckstuetze_Stabilformstuetze_Premium-Standard-01-1.jpg","contentUrl":"https:\/\/shop.bantam.ch\/wp-content\/uploads\/2023\/02\/9978316-ALKO-Steckstuetze_Stabilformstuetze_Premium-Standard-01-1.jpg","width":1000,"height":711},{"@type":"BreadcrumbList","@id":"https:\/\/shop.bantam.ch\/fr\/produit\/verin-premium-1-250-kg-long\/#breadcrumb","itemListElement":[{"@type":"ListItem","position":1,"name":"Accueil","item":"https:\/\/shop.bantam.ch\/fr\/"},{"@type":"ListItem","position":2,"name":"Boutique","item":"https:\/\/shop.bantam.ch\/fr\/boutique\/"},{"@type":"ListItem","position":3,"name":"V\u00e9rins stabilisateur Al-Ko Premium 1\u00a0250 kg \/ long"}]},{"@type":"WebSite","@id":"https:\/\/shop.bantam.ch\/fr\/#website","url":"https:\/\/shop.bantam.ch\/fr\/","name":"Bantam Wankm\u00fcller SA","description":"","publisher":{"@id":"https:\/\/shop.bantam.ch\/fr\/#organization"},"inLanguage":"fr-FR"},{"@type":"Organization","@id":"https:\/\/shop.bantam.ch\/fr\/#organization","name":"Bantam Wankm\u00fcller SA","url":"https:\/\/shop.bantam.ch\/fr\/","logo":{"@type":"ImageObject","inLanguage":"fr-FR","@id":"https:\/\/shop.bantam.ch\/fr\/#\/schema\/logo\/image\/","url":"https:\/\/shop.bantam.ch\/wp-content\/uploads\/2022\/12\/bantam-logo.png","contentUrl":"https:\/\/shop.bantam.ch\/wp-content\/uploads\/2022\/12\/bantam-logo.png","width":320,"height":71,"caption":"Bantam Wankm\u00fcller SA"},"image":{"@id":"https:\/\/shop.bantam.ch\/fr\/#\/schema\/logo\/image\/"}}]}},"_links":{"self":[{"href":"https:\/\/shop.bantam.ch\/fr\/wp-json\/wp\/v2\/product\/34431","targetHints":{"allow":["GET"]}}],"collection":[{"href":"https:\/\/shop.bantam.ch\/fr\/wp-json\/wp\/v2\/product"}],"about":[{"href":"https:\/\/shop.bantam.ch\/fr\/wp-json\/wp\/v2\/types\/product"}],"wp:featuredmedia":[{"embeddable":true,"href":"https:\/\/shop.bantam.ch\/fr\/wp-json\/wp\/v2\/media\/34427"}],"wp:attachment":[{"href":"https:\/\/shop.bantam.ch\/fr\/wp-json\/wp\/v2\/media?parent=34431"}],"wp:term":[{"taxonomy":"product_featured_cat","embeddable":true,"href":"https:\/\/shop.bantam.ch\/fr\/wp-json\/wp\/v2\/product_featured_cat?post=34431"},{"taxonomy":"product_brand","embeddable":true,"href":"https:\/\/shop.bantam.ch\/fr\/wp-json\/wp\/v2\/product_brand?post=34431"},{"taxonomy":"product_cat","embeddable":true,"href":"https:\/\/shop.bantam.ch\/fr\/wp-json\/wp\/v2\/product_cat?post=34431"},{"taxonomy":"product_tag","embeddable":true,"href":"https:\/\/shop.bantam.ch\/fr\/wp-json\/wp\/v2\/product_tag?post=34431"}],"curies":[{"name":"wp","href":"https:\/\/api.w.org\/{rel}","templated":true}]}}