{"id":34409,"date":"2023-02-22T18:59:44","date_gmt":"2023-02-22T17:59:44","guid":{"rendered":"http:\/\/preprod-dev.sh1.hidora.com\/webshop\/produit\/jeu-de-pieces-1-000-kg-pour-cric-al-ko\/"},"modified":"2026-04-18T20:41:38","modified_gmt":"2026-04-18T18:41:38","slug":"jeu-de-pieces-1-000-kg-pour-cric-al-ko","status":"publish","type":"product","link":"https:\/\/shop.bantam.ch\/fr\/produit\/jeu-de-pieces-1-000-kg-pour-cric-al-ko\/","title":{"rendered":"Cric Al-Ko avec kit montage jsqu\u2019\u00e0 1000kg"},"content":{"rendered":"<p>Installation ult\u00e9rieure dans les caravanes avec ch\u00e2ssis AL-KO \u00e0pd 1980.<\/p>\n<p>Vos avantages\u00a0:<br \/>Ne glisse pas gr\u00e2ce \u00e0 un syst\u00e8me enfichable sp\u00e9cial (attelage sur le v\u00e9hicule tracteur). Les poches sp\u00e9ciales renforcent le ch\u00e2ssis et apportent un soutien suppl\u00e9mentaire au plancher de la caravane (800\u00a0kg \/ 1\u00a0000\u00a0kg).<br \/>Consoles massives pour caravanes lourdes jusqu\u2019\u00e0 3\u00a0tonnes. Sp\u00e9cialement con\u00e7u pour les ch\u00e2ssis AL-KO\u00a0= protection optimale contre les dommages du ch\u00e2ssis et du plancher. Avec un cric d\u2019atelier professionnel en option.<br \/>\u00c0 partir des mod\u00e8les de 1991, la plupart des caravanes avec ch\u00e2ssis AL-KO sont d\u00e9j\u00e0 \u00e9quip\u00e9es des trous de fixation correspondants. Pour tous les autres v\u00e9hicules \u00e0pd 1980, vous devez percer vous-m\u00eames les trous conform\u00e9ment \u00e0 la notice d\u2019utilisation.<\/p>\n<ul>\n<li>Hauteur initiale\u00a0A (mm)\u00a0: 85<\/li>\n<li>Hauteur de levage (mm)\u00a0: 290<\/li>\n<li>Hauteur finale\u00a0B (mm)\u00a0: 375<\/li>\n<\/ul>\n","protected":false},"excerpt":{"rendered":"<p>Installation ult\u00e9rieure dans les caravanes avec ch\u00e2ssis AL-KO \u00e0pd 1980. Vos avantages\u00a0:Ne glisse pas gr\u00e2ce \u00e0 un syst\u00e8me enfichable sp\u00e9cial (attelage sur le v\u00e9hicule tracteur). Les poches sp\u00e9ciales renforcent le ch\u00e2ssis et apportent un soutien suppl\u00e9mentaire au plancher de la caravane (800\u00a0kg \/ 1\u00a0000\u00a0kg).Consoles massives pour caravanes lourdes jusqu\u2019\u00e0 3\u00a0tonnes. Sp\u00e9cialement con\u00e7u pour les ch\u00e2ssis [&hellip;]<\/p>\n","protected":false},"featured_media":34407,"template":"","meta":{"_acf_changed":false},"product_featured_cat":[],"product_brand":[3134],"product_cat":[5101],"product_tag":[],"class_list":{"0":"post-34409","1":"product","2":"type-product","3":"status-publish","4":"has-post-thumbnail","6":"product_brand-al-ko","7":"product_cat-autres-accessoires-pour-roues-et-pneus","9":"first","10":"instock","11":"taxable","12":"shipping-taxable","13":"purchasable","14":"product-type-simple"},"acf":[],"yoast_head":"<!-- This site is optimized with the Yoast SEO plugin v27.4 - https:\/\/yoast.com\/product\/yoast-seo-wordpress\/ -->\n<title>Cric Al-Ko avec kit montage jsqu\u2019\u00e0 1000kg - Bantam Wankm\u00fcller SA<\/title>\n<meta name=\"robots\" content=\"index, follow, max-snippet:-1, max-image-preview:large, max-video-preview:-1\" \/>\n<link rel=\"canonical\" href=\"https:\/\/shop.bantam.ch\/fr\/produit\/jeu-de-pieces-1-000-kg-pour-cric-al-ko\/\" \/>\n<meta property=\"og:locale\" content=\"fr_FR\" \/>\n<meta property=\"og:type\" content=\"article\" \/>\n<meta property=\"og:title\" content=\"Cric Al-Ko avec kit montage jsqu\u2019\u00e0 1000kg - Bantam Wankm\u00fcller SA\" \/>\n<meta property=\"og:description\" content=\"Installation ult\u00e9rieure dans les caravanes avec ch\u00e2ssis AL-KO \u00e0pd 1980. Vos avantages\u00a0:Ne glisse pas gr\u00e2ce \u00e0 un syst\u00e8me enfichable sp\u00e9cial (attelage sur le v\u00e9hicule tracteur). Les poches sp\u00e9ciales renforcent le ch\u00e2ssis et apportent un soutien suppl\u00e9mentaire au plancher de la caravane (800\u00a0kg \/ 1\u00a0000\u00a0kg).Consoles massives pour caravanes lourdes jusqu\u2019\u00e0 3\u00a0tonnes. Sp\u00e9cialement con\u00e7u pour les ch\u00e2ssis [&hellip;]\" \/>\n<meta property=\"og:url\" content=\"https:\/\/shop.bantam.ch\/fr\/produit\/jeu-de-pieces-1-000-kg-pour-cric-al-ko\/\" \/>\n<meta property=\"og:site_name\" content=\"Bantam Wankm\u00fcller SA\" \/>\n<meta property=\"article:modified_time\" content=\"2026-04-18T18:41:38+00:00\" \/>\n<meta property=\"og:image\" content=\"https:\/\/shop.bantam.ch\/wp-content\/uploads\/2023\/02\/9978571-Wagenheber_AL-KO_mit_Bausatz-Standard-01-1.jpg\" \/>\n\t<meta property=\"og:image:width\" content=\"1000\" \/>\n\t<meta property=\"og:image:height\" content=\"523\" \/>\n\t<meta property=\"og:image:type\" content=\"image\/jpeg\" \/>\n<meta name=\"twitter:card\" content=\"summary_large_image\" \/>\n<meta name=\"twitter:label1\" content=\"Dur\u00e9e de lecture estim\u00e9e\" \/>\n\t<meta name=\"twitter:data1\" content=\"1 minute\" \/>\n<script type=\"application\/ld+json\" class=\"yoast-schema-graph\">{\"@context\":\"https:\\\/\\\/schema.org\",\"@graph\":[{\"@type\":\"WebPage\",\"@id\":\"https:\\\/\\\/shop.bantam.ch\\\/fr\\\/produit\\\/jeu-de-pieces-1-000-kg-pour-cric-al-ko\\\/\",\"url\":\"https:\\\/\\\/shop.bantam.ch\\\/fr\\\/produit\\\/jeu-de-pieces-1-000-kg-pour-cric-al-ko\\\/\",\"name\":\"Cric Al-Ko avec kit montage jsqu\u2019\u00e0 1000kg - Bantam Wankm\u00fcller SA\",\"isPartOf\":{\"@id\":\"https:\\\/\\\/shop.bantam.ch\\\/fr\\\/#website\"},\"primaryImageOfPage\":{\"@id\":\"https:\\\/\\\/shop.bantam.ch\\\/fr\\\/produit\\\/jeu-de-pieces-1-000-kg-pour-cric-al-ko\\\/#primaryimage\"},\"image\":{\"@id\":\"https:\\\/\\\/shop.bantam.ch\\\/fr\\\/produit\\\/jeu-de-pieces-1-000-kg-pour-cric-al-ko\\\/#primaryimage\"},\"thumbnailUrl\":\"https:\\\/\\\/shop.bantam.ch\\\/wp-content\\\/uploads\\\/2023\\\/02\\\/9978571-Wagenheber_AL-KO_mit_Bausatz-Standard-01-1.jpg\",\"datePublished\":\"2023-02-22T17:59:44+00:00\",\"dateModified\":\"2026-04-18T18:41:38+00:00\",\"breadcrumb\":{\"@id\":\"https:\\\/\\\/shop.bantam.ch\\\/fr\\\/produit\\\/jeu-de-pieces-1-000-kg-pour-cric-al-ko\\\/#breadcrumb\"},\"inLanguage\":\"fr-FR\",\"potentialAction\":[{\"@type\":\"ReadAction\",\"target\":[\"https:\\\/\\\/shop.bantam.ch\\\/fr\\\/produit\\\/jeu-de-pieces-1-000-kg-pour-cric-al-ko\\\/\"]}]},{\"@type\":\"ImageObject\",\"inLanguage\":\"fr-FR\",\"@id\":\"https:\\\/\\\/shop.bantam.ch\\\/fr\\\/produit\\\/jeu-de-pieces-1-000-kg-pour-cric-al-ko\\\/#primaryimage\",\"url\":\"https:\\\/\\\/shop.bantam.ch\\\/wp-content\\\/uploads\\\/2023\\\/02\\\/9978571-Wagenheber_AL-KO_mit_Bausatz-Standard-01-1.jpg\",\"contentUrl\":\"https:\\\/\\\/shop.bantam.ch\\\/wp-content\\\/uploads\\\/2023\\\/02\\\/9978571-Wagenheber_AL-KO_mit_Bausatz-Standard-01-1.jpg\",\"width\":1000,\"height\":523},{\"@type\":\"BreadcrumbList\",\"@id\":\"https:\\\/\\\/shop.bantam.ch\\\/fr\\\/produit\\\/jeu-de-pieces-1-000-kg-pour-cric-al-ko\\\/#breadcrumb\",\"itemListElement\":[{\"@type\":\"ListItem\",\"position\":1,\"name\":\"Accueil\",\"item\":\"https:\\\/\\\/shop.bantam.ch\\\/fr\\\/\"},{\"@type\":\"ListItem\",\"position\":2,\"name\":\"Boutique\",\"item\":\"https:\\\/\\\/shop.bantam.ch\\\/fr\\\/boutique\\\/\"},{\"@type\":\"ListItem\",\"position\":3,\"name\":\"Cric Al-Ko avec kit montage jsqu\u2019\u00e0 1000kg\"}]},{\"@type\":\"WebSite\",\"@id\":\"https:\\\/\\\/shop.bantam.ch\\\/fr\\\/#website\",\"url\":\"https:\\\/\\\/shop.bantam.ch\\\/fr\\\/\",\"name\":\"Bantam Wankm\u00fcller SA\",\"description\":\"\",\"publisher\":{\"@id\":\"https:\\\/\\\/shop.bantam.ch\\\/fr\\\/#organization\"},\"inLanguage\":\"fr-FR\"},{\"@type\":\"Organization\",\"@id\":\"https:\\\/\\\/shop.bantam.ch\\\/fr\\\/#organization\",\"name\":\"Bantam Wankm\u00fcller SA\",\"url\":\"https:\\\/\\\/shop.bantam.ch\\\/fr\\\/\",\"logo\":{\"@type\":\"ImageObject\",\"inLanguage\":\"fr-FR\",\"@id\":\"https:\\\/\\\/shop.bantam.ch\\\/fr\\\/#\\\/schema\\\/logo\\\/image\\\/\",\"url\":\"https:\\\/\\\/shop.bantam.ch\\\/wp-content\\\/uploads\\\/2022\\\/12\\\/bantam-logo.png\",\"contentUrl\":\"https:\\\/\\\/shop.bantam.ch\\\/wp-content\\\/uploads\\\/2022\\\/12\\\/bantam-logo.png\",\"width\":320,\"height\":71,\"caption\":\"Bantam Wankm\u00fcller SA\"},\"image\":{\"@id\":\"https:\\\/\\\/shop.bantam.ch\\\/fr\\\/#\\\/schema\\\/logo\\\/image\\\/\"}}]}<\/script>\n<!-- \/ Yoast SEO plugin. -->","yoast_head_json":{"title":"Cric Al-Ko avec kit montage jsqu\u2019\u00e0 1000kg - Bantam Wankm\u00fcller SA","robots":{"index":"index","follow":"follow","max-snippet":"max-snippet:-1","max-image-preview":"max-image-preview:large","max-video-preview":"max-video-preview:-1"},"canonical":"https:\/\/shop.bantam.ch\/fr\/produit\/jeu-de-pieces-1-000-kg-pour-cric-al-ko\/","og_locale":"fr_FR","og_type":"article","og_title":"Cric Al-Ko avec kit montage jsqu\u2019\u00e0 1000kg - Bantam Wankm\u00fcller SA","og_description":"Installation ult\u00e9rieure dans les caravanes avec ch\u00e2ssis AL-KO \u00e0pd 1980. Vos avantages\u00a0:Ne glisse pas gr\u00e2ce \u00e0 un syst\u00e8me enfichable sp\u00e9cial (attelage sur le v\u00e9hicule tracteur). Les poches sp\u00e9ciales renforcent le ch\u00e2ssis et apportent un soutien suppl\u00e9mentaire au plancher de la caravane (800\u00a0kg \/ 1\u00a0000\u00a0kg).Consoles massives pour caravanes lourdes jusqu\u2019\u00e0 3\u00a0tonnes. Sp\u00e9cialement con\u00e7u pour les ch\u00e2ssis [&hellip;]","og_url":"https:\/\/shop.bantam.ch\/fr\/produit\/jeu-de-pieces-1-000-kg-pour-cric-al-ko\/","og_site_name":"Bantam Wankm\u00fcller SA","article_modified_time":"2026-04-18T18:41:38+00:00","og_image":[{"width":1000,"height":523,"url":"https:\/\/shop.bantam.ch\/wp-content\/uploads\/2023\/02\/9978571-Wagenheber_AL-KO_mit_Bausatz-Standard-01-1.jpg","type":"image\/jpeg"}],"twitter_card":"summary_large_image","twitter_misc":{"Dur\u00e9e de lecture estim\u00e9e":"1 minute"},"schema":{"@context":"https:\/\/schema.org","@graph":[{"@type":"WebPage","@id":"https:\/\/shop.bantam.ch\/fr\/produit\/jeu-de-pieces-1-000-kg-pour-cric-al-ko\/","url":"https:\/\/shop.bantam.ch\/fr\/produit\/jeu-de-pieces-1-000-kg-pour-cric-al-ko\/","name":"Cric Al-Ko avec kit montage jsqu\u2019\u00e0 1000kg - Bantam Wankm\u00fcller SA","isPartOf":{"@id":"https:\/\/shop.bantam.ch\/fr\/#website"},"primaryImageOfPage":{"@id":"https:\/\/shop.bantam.ch\/fr\/produit\/jeu-de-pieces-1-000-kg-pour-cric-al-ko\/#primaryimage"},"image":{"@id":"https:\/\/shop.bantam.ch\/fr\/produit\/jeu-de-pieces-1-000-kg-pour-cric-al-ko\/#primaryimage"},"thumbnailUrl":"https:\/\/shop.bantam.ch\/wp-content\/uploads\/2023\/02\/9978571-Wagenheber_AL-KO_mit_Bausatz-Standard-01-1.jpg","datePublished":"2023-02-22T17:59:44+00:00","dateModified":"2026-04-18T18:41:38+00:00","breadcrumb":{"@id":"https:\/\/shop.bantam.ch\/fr\/produit\/jeu-de-pieces-1-000-kg-pour-cric-al-ko\/#breadcrumb"},"inLanguage":"fr-FR","potentialAction":[{"@type":"ReadAction","target":["https:\/\/shop.bantam.ch\/fr\/produit\/jeu-de-pieces-1-000-kg-pour-cric-al-ko\/"]}]},{"@type":"ImageObject","inLanguage":"fr-FR","@id":"https:\/\/shop.bantam.ch\/fr\/produit\/jeu-de-pieces-1-000-kg-pour-cric-al-ko\/#primaryimage","url":"https:\/\/shop.bantam.ch\/wp-content\/uploads\/2023\/02\/9978571-Wagenheber_AL-KO_mit_Bausatz-Standard-01-1.jpg","contentUrl":"https:\/\/shop.bantam.ch\/wp-content\/uploads\/2023\/02\/9978571-Wagenheber_AL-KO_mit_Bausatz-Standard-01-1.jpg","width":1000,"height":523},{"@type":"BreadcrumbList","@id":"https:\/\/shop.bantam.ch\/fr\/produit\/jeu-de-pieces-1-000-kg-pour-cric-al-ko\/#breadcrumb","itemListElement":[{"@type":"ListItem","position":1,"name":"Accueil","item":"https:\/\/shop.bantam.ch\/fr\/"},{"@type":"ListItem","position":2,"name":"Boutique","item":"https:\/\/shop.bantam.ch\/fr\/boutique\/"},{"@type":"ListItem","position":3,"name":"Cric Al-Ko avec kit montage jsqu\u2019\u00e0 1000kg"}]},{"@type":"WebSite","@id":"https:\/\/shop.bantam.ch\/fr\/#website","url":"https:\/\/shop.bantam.ch\/fr\/","name":"Bantam Wankm\u00fcller SA","description":"","publisher":{"@id":"https:\/\/shop.bantam.ch\/fr\/#organization"},"inLanguage":"fr-FR"},{"@type":"Organization","@id":"https:\/\/shop.bantam.ch\/fr\/#organization","name":"Bantam Wankm\u00fcller SA","url":"https:\/\/shop.bantam.ch\/fr\/","logo":{"@type":"ImageObject","inLanguage":"fr-FR","@id":"https:\/\/shop.bantam.ch\/fr\/#\/schema\/logo\/image\/","url":"https:\/\/shop.bantam.ch\/wp-content\/uploads\/2022\/12\/bantam-logo.png","contentUrl":"https:\/\/shop.bantam.ch\/wp-content\/uploads\/2022\/12\/bantam-logo.png","width":320,"height":71,"caption":"Bantam Wankm\u00fcller SA"},"image":{"@id":"https:\/\/shop.bantam.ch\/fr\/#\/schema\/logo\/image\/"}}]}},"_links":{"self":[{"href":"https:\/\/shop.bantam.ch\/fr\/wp-json\/wp\/v2\/product\/34409","targetHints":{"allow":["GET"]}}],"collection":[{"href":"https:\/\/shop.bantam.ch\/fr\/wp-json\/wp\/v2\/product"}],"about":[{"href":"https:\/\/shop.bantam.ch\/fr\/wp-json\/wp\/v2\/types\/product"}],"wp:featuredmedia":[{"embeddable":true,"href":"https:\/\/shop.bantam.ch\/fr\/wp-json\/wp\/v2\/media\/34407"}],"wp:attachment":[{"href":"https:\/\/shop.bantam.ch\/fr\/wp-json\/wp\/v2\/media?parent=34409"}],"wp:term":[{"taxonomy":"product_featured_cat","embeddable":true,"href":"https:\/\/shop.bantam.ch\/fr\/wp-json\/wp\/v2\/product_featured_cat?post=34409"},{"taxonomy":"product_brand","embeddable":true,"href":"https:\/\/shop.bantam.ch\/fr\/wp-json\/wp\/v2\/product_brand?post=34409"},{"taxonomy":"product_cat","embeddable":true,"href":"https:\/\/shop.bantam.ch\/fr\/wp-json\/wp\/v2\/product_cat?post=34409"},{"taxonomy":"product_tag","embeddable":true,"href":"https:\/\/shop.bantam.ch\/fr\/wp-json\/wp\/v2\/product_tag?post=34409"}],"curies":[{"name":"wp","href":"https:\/\/api.w.org\/{rel}","templated":true}]}}