{"id":34227,"date":"2023-02-22T18:56:16","date_gmt":"2023-02-22T17:56:16","guid":{"rendered":"http:\/\/preprod-dev.sh1.hidora.com\/webshop\/produit\/brosse-de-lavage-avec-poils-sur-les-cotes\/"},"modified":"2026-04-17T20:40:58","modified_gmt":"2026-04-17T18:40:58","slug":"brosse-de-lavage-avec-poils-sur-les-cotes","status":"publish","type":"product","link":"https:\/\/shop.bantam.ch\/fr\/produit\/brosse-de-lavage-avec-poils-sur-les-cotes\/","title":{"rendered":"Brosse nettoyage alu t\u00e9lescop 90 &#8211; 175 cm"},"content":{"rendered":"<p>Brosse de lavage avec poils sur les c\u00f4t\u00e9s. Manche t\u00e9lescopique extensible en aluminium 90 &#8211; 175 cm. Avec rainure d\u2019\u00e9vacuation d&rsquo;eau et raccord rapide.<\/p>\n","protected":false},"excerpt":{"rendered":"<p>Brosse de lavage avec poils sur les c\u00f4t\u00e9s. Manche t\u00e9lescopique extensible en aluminium 90 &#8211; 175 cm. Avec rainure d\u2019\u00e9vacuation d&rsquo;eau et raccord rapide.<\/p>\n","protected":false},"featured_media":34225,"template":"","meta":{"_acf_changed":false},"product_featured_cat":[],"product_brand":[3164],"product_cat":[4753],"product_tag":[],"class_list":{"0":"post-34227","1":"product","2":"type-product","3":"status-publish","4":"has-post-thumbnail","6":"product_brand-yachticon","7":"product_cat-brosses-de-lavage","9":"first","10":"instock","11":"taxable","12":"shipping-taxable","13":"purchasable","14":"product-type-simple"},"acf":[],"yoast_head":"<!-- This site is optimized with the Yoast SEO plugin v27.4 - https:\/\/yoast.com\/product\/yoast-seo-wordpress\/ -->\n<title>Brosse nettoyage alu t\u00e9lescop 90 - 175 cm - Bantam Wankm\u00fcller SA<\/title>\n<meta name=\"robots\" content=\"index, follow, max-snippet:-1, max-image-preview:large, max-video-preview:-1\" \/>\n<link rel=\"canonical\" href=\"https:\/\/shop.bantam.ch\/fr\/produit\/brosse-de-lavage-avec-poils-sur-les-cotes\/\" \/>\n<meta property=\"og:locale\" content=\"fr_FR\" \/>\n<meta property=\"og:type\" content=\"article\" \/>\n<meta property=\"og:title\" content=\"Brosse nettoyage alu t\u00e9lescop 90 - 175 cm - Bantam Wankm\u00fcller SA\" \/>\n<meta property=\"og:description\" content=\"Brosse de lavage avec poils sur les c\u00f4t\u00e9s. Manche t\u00e9lescopique extensible en aluminium 90 &#8211; 175 cm. Avec rainure d\u2019\u00e9vacuation d&rsquo;eau et raccord rapide.\" \/>\n<meta property=\"og:url\" content=\"https:\/\/shop.bantam.ch\/fr\/produit\/brosse-de-lavage-avec-poils-sur-les-cotes\/\" \/>\n<meta property=\"og:site_name\" content=\"Bantam Wankm\u00fcller SA\" \/>\n<meta property=\"article:modified_time\" content=\"2026-04-17T18:40:58+00:00\" \/>\n<meta property=\"og:image\" content=\"https:\/\/shop.bantam.ch\/wp-content\/uploads\/2023\/02\/9983684-Waschbuerste_mit_Seitenborsten_ALU_Teleskopstab_Ausziehbar_90_bis_175_cm-Standard-01-1.jpg\" \/>\n\t<meta property=\"og:image:width\" content=\"1000\" \/>\n\t<meta property=\"og:image:height\" content=\"528\" \/>\n\t<meta property=\"og:image:type\" content=\"image\/jpeg\" \/>\n<meta name=\"twitter:card\" content=\"summary_large_image\" \/>\n<script type=\"application\/ld+json\" class=\"yoast-schema-graph\">{\"@context\":\"https:\\\/\\\/schema.org\",\"@graph\":[{\"@type\":\"WebPage\",\"@id\":\"https:\\\/\\\/shop.bantam.ch\\\/fr\\\/produit\\\/brosse-de-lavage-avec-poils-sur-les-cotes\\\/\",\"url\":\"https:\\\/\\\/shop.bantam.ch\\\/fr\\\/produit\\\/brosse-de-lavage-avec-poils-sur-les-cotes\\\/\",\"name\":\"Brosse nettoyage alu t\u00e9lescop 90 - 175 cm - Bantam Wankm\u00fcller SA\",\"isPartOf\":{\"@id\":\"https:\\\/\\\/shop.bantam.ch\\\/fr\\\/#website\"},\"primaryImageOfPage\":{\"@id\":\"https:\\\/\\\/shop.bantam.ch\\\/fr\\\/produit\\\/brosse-de-lavage-avec-poils-sur-les-cotes\\\/#primaryimage\"},\"image\":{\"@id\":\"https:\\\/\\\/shop.bantam.ch\\\/fr\\\/produit\\\/brosse-de-lavage-avec-poils-sur-les-cotes\\\/#primaryimage\"},\"thumbnailUrl\":\"https:\\\/\\\/shop.bantam.ch\\\/wp-content\\\/uploads\\\/2023\\\/02\\\/9983684-Waschbuerste_mit_Seitenborsten_ALU_Teleskopstab_Ausziehbar_90_bis_175_cm-Standard-01-1.jpg\",\"datePublished\":\"2023-02-22T17:56:16+00:00\",\"dateModified\":\"2026-04-17T18:40:58+00:00\",\"breadcrumb\":{\"@id\":\"https:\\\/\\\/shop.bantam.ch\\\/fr\\\/produit\\\/brosse-de-lavage-avec-poils-sur-les-cotes\\\/#breadcrumb\"},\"inLanguage\":\"fr-FR\",\"potentialAction\":[{\"@type\":\"ReadAction\",\"target\":[\"https:\\\/\\\/shop.bantam.ch\\\/fr\\\/produit\\\/brosse-de-lavage-avec-poils-sur-les-cotes\\\/\"]}]},{\"@type\":\"ImageObject\",\"inLanguage\":\"fr-FR\",\"@id\":\"https:\\\/\\\/shop.bantam.ch\\\/fr\\\/produit\\\/brosse-de-lavage-avec-poils-sur-les-cotes\\\/#primaryimage\",\"url\":\"https:\\\/\\\/shop.bantam.ch\\\/wp-content\\\/uploads\\\/2023\\\/02\\\/9983684-Waschbuerste_mit_Seitenborsten_ALU_Teleskopstab_Ausziehbar_90_bis_175_cm-Standard-01-1.jpg\",\"contentUrl\":\"https:\\\/\\\/shop.bantam.ch\\\/wp-content\\\/uploads\\\/2023\\\/02\\\/9983684-Waschbuerste_mit_Seitenborsten_ALU_Teleskopstab_Ausziehbar_90_bis_175_cm-Standard-01-1.jpg\",\"width\":1000,\"height\":528},{\"@type\":\"BreadcrumbList\",\"@id\":\"https:\\\/\\\/shop.bantam.ch\\\/fr\\\/produit\\\/brosse-de-lavage-avec-poils-sur-les-cotes\\\/#breadcrumb\",\"itemListElement\":[{\"@type\":\"ListItem\",\"position\":1,\"name\":\"Accueil\",\"item\":\"https:\\\/\\\/shop.bantam.ch\\\/fr\\\/\"},{\"@type\":\"ListItem\",\"position\":2,\"name\":\"Boutique\",\"item\":\"https:\\\/\\\/shop.bantam.ch\\\/fr\\\/boutique\\\/\"},{\"@type\":\"ListItem\",\"position\":3,\"name\":\"Brosse nettoyage alu t\u00e9lescop 90 &#8211; 175 cm\"}]},{\"@type\":\"WebSite\",\"@id\":\"https:\\\/\\\/shop.bantam.ch\\\/fr\\\/#website\",\"url\":\"https:\\\/\\\/shop.bantam.ch\\\/fr\\\/\",\"name\":\"Bantam Wankm\u00fcller SA\",\"description\":\"\",\"publisher\":{\"@id\":\"https:\\\/\\\/shop.bantam.ch\\\/fr\\\/#organization\"},\"inLanguage\":\"fr-FR\"},{\"@type\":\"Organization\",\"@id\":\"https:\\\/\\\/shop.bantam.ch\\\/fr\\\/#organization\",\"name\":\"Bantam Wankm\u00fcller SA\",\"url\":\"https:\\\/\\\/shop.bantam.ch\\\/fr\\\/\",\"logo\":{\"@type\":\"ImageObject\",\"inLanguage\":\"fr-FR\",\"@id\":\"https:\\\/\\\/shop.bantam.ch\\\/fr\\\/#\\\/schema\\\/logo\\\/image\\\/\",\"url\":\"https:\\\/\\\/shop.bantam.ch\\\/wp-content\\\/uploads\\\/2022\\\/12\\\/bantam-logo.png\",\"contentUrl\":\"https:\\\/\\\/shop.bantam.ch\\\/wp-content\\\/uploads\\\/2022\\\/12\\\/bantam-logo.png\",\"width\":320,\"height\":71,\"caption\":\"Bantam Wankm\u00fcller SA\"},\"image\":{\"@id\":\"https:\\\/\\\/shop.bantam.ch\\\/fr\\\/#\\\/schema\\\/logo\\\/image\\\/\"}}]}<\/script>\n<!-- \/ Yoast SEO plugin. -->","yoast_head_json":{"title":"Brosse nettoyage alu t\u00e9lescop 90 - 175 cm - Bantam Wankm\u00fcller SA","robots":{"index":"index","follow":"follow","max-snippet":"max-snippet:-1","max-image-preview":"max-image-preview:large","max-video-preview":"max-video-preview:-1"},"canonical":"https:\/\/shop.bantam.ch\/fr\/produit\/brosse-de-lavage-avec-poils-sur-les-cotes\/","og_locale":"fr_FR","og_type":"article","og_title":"Brosse nettoyage alu t\u00e9lescop 90 - 175 cm - Bantam Wankm\u00fcller SA","og_description":"Brosse de lavage avec poils sur les c\u00f4t\u00e9s. Manche t\u00e9lescopique extensible en aluminium 90 &#8211; 175 cm. Avec rainure d\u2019\u00e9vacuation d&rsquo;eau et raccord rapide.","og_url":"https:\/\/shop.bantam.ch\/fr\/produit\/brosse-de-lavage-avec-poils-sur-les-cotes\/","og_site_name":"Bantam Wankm\u00fcller SA","article_modified_time":"2026-04-17T18:40:58+00:00","og_image":[{"width":1000,"height":528,"url":"https:\/\/shop.bantam.ch\/wp-content\/uploads\/2023\/02\/9983684-Waschbuerste_mit_Seitenborsten_ALU_Teleskopstab_Ausziehbar_90_bis_175_cm-Standard-01-1.jpg","type":"image\/jpeg"}],"twitter_card":"summary_large_image","schema":{"@context":"https:\/\/schema.org","@graph":[{"@type":"WebPage","@id":"https:\/\/shop.bantam.ch\/fr\/produit\/brosse-de-lavage-avec-poils-sur-les-cotes\/","url":"https:\/\/shop.bantam.ch\/fr\/produit\/brosse-de-lavage-avec-poils-sur-les-cotes\/","name":"Brosse nettoyage alu t\u00e9lescop 90 - 175 cm - Bantam Wankm\u00fcller SA","isPartOf":{"@id":"https:\/\/shop.bantam.ch\/fr\/#website"},"primaryImageOfPage":{"@id":"https:\/\/shop.bantam.ch\/fr\/produit\/brosse-de-lavage-avec-poils-sur-les-cotes\/#primaryimage"},"image":{"@id":"https:\/\/shop.bantam.ch\/fr\/produit\/brosse-de-lavage-avec-poils-sur-les-cotes\/#primaryimage"},"thumbnailUrl":"https:\/\/shop.bantam.ch\/wp-content\/uploads\/2023\/02\/9983684-Waschbuerste_mit_Seitenborsten_ALU_Teleskopstab_Ausziehbar_90_bis_175_cm-Standard-01-1.jpg","datePublished":"2023-02-22T17:56:16+00:00","dateModified":"2026-04-17T18:40:58+00:00","breadcrumb":{"@id":"https:\/\/shop.bantam.ch\/fr\/produit\/brosse-de-lavage-avec-poils-sur-les-cotes\/#breadcrumb"},"inLanguage":"fr-FR","potentialAction":[{"@type":"ReadAction","target":["https:\/\/shop.bantam.ch\/fr\/produit\/brosse-de-lavage-avec-poils-sur-les-cotes\/"]}]},{"@type":"ImageObject","inLanguage":"fr-FR","@id":"https:\/\/shop.bantam.ch\/fr\/produit\/brosse-de-lavage-avec-poils-sur-les-cotes\/#primaryimage","url":"https:\/\/shop.bantam.ch\/wp-content\/uploads\/2023\/02\/9983684-Waschbuerste_mit_Seitenborsten_ALU_Teleskopstab_Ausziehbar_90_bis_175_cm-Standard-01-1.jpg","contentUrl":"https:\/\/shop.bantam.ch\/wp-content\/uploads\/2023\/02\/9983684-Waschbuerste_mit_Seitenborsten_ALU_Teleskopstab_Ausziehbar_90_bis_175_cm-Standard-01-1.jpg","width":1000,"height":528},{"@type":"BreadcrumbList","@id":"https:\/\/shop.bantam.ch\/fr\/produit\/brosse-de-lavage-avec-poils-sur-les-cotes\/#breadcrumb","itemListElement":[{"@type":"ListItem","position":1,"name":"Accueil","item":"https:\/\/shop.bantam.ch\/fr\/"},{"@type":"ListItem","position":2,"name":"Boutique","item":"https:\/\/shop.bantam.ch\/fr\/boutique\/"},{"@type":"ListItem","position":3,"name":"Brosse nettoyage alu t\u00e9lescop 90 &#8211; 175 cm"}]},{"@type":"WebSite","@id":"https:\/\/shop.bantam.ch\/fr\/#website","url":"https:\/\/shop.bantam.ch\/fr\/","name":"Bantam Wankm\u00fcller SA","description":"","publisher":{"@id":"https:\/\/shop.bantam.ch\/fr\/#organization"},"inLanguage":"fr-FR"},{"@type":"Organization","@id":"https:\/\/shop.bantam.ch\/fr\/#organization","name":"Bantam Wankm\u00fcller SA","url":"https:\/\/shop.bantam.ch\/fr\/","logo":{"@type":"ImageObject","inLanguage":"fr-FR","@id":"https:\/\/shop.bantam.ch\/fr\/#\/schema\/logo\/image\/","url":"https:\/\/shop.bantam.ch\/wp-content\/uploads\/2022\/12\/bantam-logo.png","contentUrl":"https:\/\/shop.bantam.ch\/wp-content\/uploads\/2022\/12\/bantam-logo.png","width":320,"height":71,"caption":"Bantam Wankm\u00fcller SA"},"image":{"@id":"https:\/\/shop.bantam.ch\/fr\/#\/schema\/logo\/image\/"}}]}},"_links":{"self":[{"href":"https:\/\/shop.bantam.ch\/fr\/wp-json\/wp\/v2\/product\/34227","targetHints":{"allow":["GET"]}}],"collection":[{"href":"https:\/\/shop.bantam.ch\/fr\/wp-json\/wp\/v2\/product"}],"about":[{"href":"https:\/\/shop.bantam.ch\/fr\/wp-json\/wp\/v2\/types\/product"}],"wp:featuredmedia":[{"embeddable":true,"href":"https:\/\/shop.bantam.ch\/fr\/wp-json\/wp\/v2\/media\/34225"}],"wp:attachment":[{"href":"https:\/\/shop.bantam.ch\/fr\/wp-json\/wp\/v2\/media?parent=34227"}],"wp:term":[{"taxonomy":"product_featured_cat","embeddable":true,"href":"https:\/\/shop.bantam.ch\/fr\/wp-json\/wp\/v2\/product_featured_cat?post=34227"},{"taxonomy":"product_brand","embeddable":true,"href":"https:\/\/shop.bantam.ch\/fr\/wp-json\/wp\/v2\/product_brand?post=34227"},{"taxonomy":"product_cat","embeddable":true,"href":"https:\/\/shop.bantam.ch\/fr\/wp-json\/wp\/v2\/product_cat?post=34227"},{"taxonomy":"product_tag","embeddable":true,"href":"https:\/\/shop.bantam.ch\/fr\/wp-json\/wp\/v2\/product_tag?post=34227"}],"curies":[{"name":"wp","href":"https:\/\/api.w.org\/{rel}","templated":true}]}}