{"id":34147,"date":"2023-02-22T18:54:36","date_gmt":"2023-02-22T17:54:36","guid":{"rendered":"http:\/\/preprod-dev.sh1.hidora.com\/webshop\/produit\/assiette-a-dessert-space-20-cm-blanc-gris-lime\/"},"modified":"2026-04-19T20:41:03","modified_gmt":"2026-04-19T18:41:03","slug":"assiette-a-dessert-space-20-cm-blanc-gris-lime","status":"publish","type":"product","link":"https:\/\/shop.bantam.ch\/fr\/produit\/assiette-a-dessert-space-20-cm-blanc-gris-lime\/","title":{"rendered":"Assiette dess. m\u00e9lam. Brunner Space, diam. 20\u00a0cm"},"content":{"rendered":"<p>Vaisselle en m\u00e9lanine avec syst\u00e8me antiglisse &#8211; gr\u00e2ce \u00e0 l&rsquo;utilisation d&rsquo;un joint anti-glissant int\u00e9gr\u00e9 dans le fond de l&rsquo;assiette, il sera plus difficile de laisser glisser ou tomber une pi\u00e8ce de vaisselle. En outre, les nuisances sonores sont sensiblement r\u00e9duites pendant le trajet.<br \/>Gris clair et vert, une association unique et un caract\u00e8re fort qui ne passeront pas inaper\u00e7us.<\/p>\n","protected":false},"excerpt":{"rendered":"<p>Vaisselle en m\u00e9lanine avec syst\u00e8me antiglisse &#8211; gr\u00e2ce \u00e0 l&rsquo;utilisation d&rsquo;un joint anti-glissant int\u00e9gr\u00e9 dans le fond de l&rsquo;assiette, il sera plus difficile de laisser glisser ou tomber une pi\u00e8ce de vaisselle. En outre, les nuisances sonores sont sensiblement r\u00e9duites pendant le trajet.Gris clair et vert, une association unique et un caract\u00e8re fort qui ne [&hellip;]<\/p>\n","protected":false},"featured_media":34145,"template":"","meta":{"_acf_changed":false},"product_featured_cat":[],"product_brand":[3080],"product_cat":[4271],"product_tag":[],"class_list":{"0":"post-34147","1":"product","2":"type-product","3":"status-publish","4":"has-post-thumbnail","6":"product_brand-brunner","7":"product_cat-assiettes-et-coquetiers","9":"first","10":"instock","11":"taxable","12":"shipping-taxable","13":"purchasable","14":"product-type-simple"},"acf":[],"yoast_head":"<!-- This site is optimized with the Yoast SEO plugin v27.4 - https:\/\/yoast.com\/product\/yoast-seo-wordpress\/ -->\n<title>Assiette dess. m\u00e9lam. Brunner Space, diam. 20\u00a0cm - Bantam Wankm\u00fcller SA<\/title>\n<meta name=\"robots\" content=\"index, follow, max-snippet:-1, max-image-preview:large, max-video-preview:-1\" \/>\n<link rel=\"canonical\" href=\"https:\/\/shop.bantam.ch\/fr\/produit\/assiette-a-dessert-space-20-cm-blanc-gris-lime\/\" \/>\n<meta property=\"og:locale\" content=\"fr_FR\" \/>\n<meta property=\"og:type\" content=\"article\" \/>\n<meta property=\"og:title\" content=\"Assiette dess. m\u00e9lam. Brunner Space, diam. 20\u00a0cm - Bantam Wankm\u00fcller SA\" \/>\n<meta property=\"og:description\" content=\"Vaisselle en m\u00e9lanine avec syst\u00e8me antiglisse &#8211; gr\u00e2ce \u00e0 l&rsquo;utilisation d&rsquo;un joint anti-glissant int\u00e9gr\u00e9 dans le fond de l&rsquo;assiette, il sera plus difficile de laisser glisser ou tomber une pi\u00e8ce de vaisselle. En outre, les nuisances sonores sont sensiblement r\u00e9duites pendant le trajet.Gris clair et vert, une association unique et un caract\u00e8re fort qui ne [&hellip;]\" \/>\n<meta property=\"og:url\" content=\"https:\/\/shop.bantam.ch\/fr\/produit\/assiette-a-dessert-space-20-cm-blanc-gris-lime\/\" \/>\n<meta property=\"og:site_name\" content=\"Bantam Wankm\u00fcller SA\" \/>\n<meta property=\"article:modified_time\" content=\"2026-04-19T18:41:03+00:00\" \/>\n<meta property=\"og:image\" content=\"https:\/\/shop.bantam.ch\/wp-content\/uploads\/2023\/02\/9983909-Dessertteller_Space_weiss_grau_gruen-Standard-01-1.jpg\" \/>\n\t<meta property=\"og:image:width\" content=\"1000\" \/>\n\t<meta property=\"og:image:height\" content=\"997\" \/>\n\t<meta property=\"og:image:type\" content=\"image\/jpeg\" \/>\n<meta name=\"twitter:card\" content=\"summary_large_image\" \/>\n<script type=\"application\/ld+json\" class=\"yoast-schema-graph\">{\"@context\":\"https:\\\/\\\/schema.org\",\"@graph\":[{\"@type\":\"WebPage\",\"@id\":\"https:\\\/\\\/shop.bantam.ch\\\/fr\\\/produit\\\/assiette-a-dessert-space-20-cm-blanc-gris-lime\\\/\",\"url\":\"https:\\\/\\\/shop.bantam.ch\\\/fr\\\/produit\\\/assiette-a-dessert-space-20-cm-blanc-gris-lime\\\/\",\"name\":\"Assiette dess. m\u00e9lam. Brunner Space, diam. 20\u00a0cm - Bantam Wankm\u00fcller SA\",\"isPartOf\":{\"@id\":\"https:\\\/\\\/shop.bantam.ch\\\/fr\\\/#website\"},\"primaryImageOfPage\":{\"@id\":\"https:\\\/\\\/shop.bantam.ch\\\/fr\\\/produit\\\/assiette-a-dessert-space-20-cm-blanc-gris-lime\\\/#primaryimage\"},\"image\":{\"@id\":\"https:\\\/\\\/shop.bantam.ch\\\/fr\\\/produit\\\/assiette-a-dessert-space-20-cm-blanc-gris-lime\\\/#primaryimage\"},\"thumbnailUrl\":\"https:\\\/\\\/shop.bantam.ch\\\/wp-content\\\/uploads\\\/2023\\\/02\\\/9983909-Dessertteller_Space_weiss_grau_gruen-Standard-01-1.jpg\",\"datePublished\":\"2023-02-22T17:54:36+00:00\",\"dateModified\":\"2026-04-19T18:41:03+00:00\",\"breadcrumb\":{\"@id\":\"https:\\\/\\\/shop.bantam.ch\\\/fr\\\/produit\\\/assiette-a-dessert-space-20-cm-blanc-gris-lime\\\/#breadcrumb\"},\"inLanguage\":\"fr-FR\",\"potentialAction\":[{\"@type\":\"ReadAction\",\"target\":[\"https:\\\/\\\/shop.bantam.ch\\\/fr\\\/produit\\\/assiette-a-dessert-space-20-cm-blanc-gris-lime\\\/\"]}]},{\"@type\":\"ImageObject\",\"inLanguage\":\"fr-FR\",\"@id\":\"https:\\\/\\\/shop.bantam.ch\\\/fr\\\/produit\\\/assiette-a-dessert-space-20-cm-blanc-gris-lime\\\/#primaryimage\",\"url\":\"https:\\\/\\\/shop.bantam.ch\\\/wp-content\\\/uploads\\\/2023\\\/02\\\/9983909-Dessertteller_Space_weiss_grau_gruen-Standard-01-1.jpg\",\"contentUrl\":\"https:\\\/\\\/shop.bantam.ch\\\/wp-content\\\/uploads\\\/2023\\\/02\\\/9983909-Dessertteller_Space_weiss_grau_gruen-Standard-01-1.jpg\",\"width\":1000,\"height\":997},{\"@type\":\"BreadcrumbList\",\"@id\":\"https:\\\/\\\/shop.bantam.ch\\\/fr\\\/produit\\\/assiette-a-dessert-space-20-cm-blanc-gris-lime\\\/#breadcrumb\",\"itemListElement\":[{\"@type\":\"ListItem\",\"position\":1,\"name\":\"Accueil\",\"item\":\"https:\\\/\\\/shop.bantam.ch\\\/fr\\\/\"},{\"@type\":\"ListItem\",\"position\":2,\"name\":\"Boutique\",\"item\":\"https:\\\/\\\/shop.bantam.ch\\\/fr\\\/boutique\\\/\"},{\"@type\":\"ListItem\",\"position\":3,\"name\":\"Assiette dess. m\u00e9lam. Brunner Space, diam. 20\u00a0cm\"}]},{\"@type\":\"WebSite\",\"@id\":\"https:\\\/\\\/shop.bantam.ch\\\/fr\\\/#website\",\"url\":\"https:\\\/\\\/shop.bantam.ch\\\/fr\\\/\",\"name\":\"Bantam Wankm\u00fcller SA\",\"description\":\"\",\"publisher\":{\"@id\":\"https:\\\/\\\/shop.bantam.ch\\\/fr\\\/#organization\"},\"inLanguage\":\"fr-FR\"},{\"@type\":\"Organization\",\"@id\":\"https:\\\/\\\/shop.bantam.ch\\\/fr\\\/#organization\",\"name\":\"Bantam Wankm\u00fcller SA\",\"url\":\"https:\\\/\\\/shop.bantam.ch\\\/fr\\\/\",\"logo\":{\"@type\":\"ImageObject\",\"inLanguage\":\"fr-FR\",\"@id\":\"https:\\\/\\\/shop.bantam.ch\\\/fr\\\/#\\\/schema\\\/logo\\\/image\\\/\",\"url\":\"https:\\\/\\\/shop.bantam.ch\\\/wp-content\\\/uploads\\\/2022\\\/12\\\/bantam-logo.png\",\"contentUrl\":\"https:\\\/\\\/shop.bantam.ch\\\/wp-content\\\/uploads\\\/2022\\\/12\\\/bantam-logo.png\",\"width\":320,\"height\":71,\"caption\":\"Bantam Wankm\u00fcller SA\"},\"image\":{\"@id\":\"https:\\\/\\\/shop.bantam.ch\\\/fr\\\/#\\\/schema\\\/logo\\\/image\\\/\"}}]}<\/script>\n<!-- \/ Yoast SEO plugin. -->","yoast_head_json":{"title":"Assiette dess. m\u00e9lam. Brunner Space, diam. 20\u00a0cm - Bantam Wankm\u00fcller SA","robots":{"index":"index","follow":"follow","max-snippet":"max-snippet:-1","max-image-preview":"max-image-preview:large","max-video-preview":"max-video-preview:-1"},"canonical":"https:\/\/shop.bantam.ch\/fr\/produit\/assiette-a-dessert-space-20-cm-blanc-gris-lime\/","og_locale":"fr_FR","og_type":"article","og_title":"Assiette dess. m\u00e9lam. Brunner Space, diam. 20\u00a0cm - Bantam Wankm\u00fcller SA","og_description":"Vaisselle en m\u00e9lanine avec syst\u00e8me antiglisse &#8211; gr\u00e2ce \u00e0 l&rsquo;utilisation d&rsquo;un joint anti-glissant int\u00e9gr\u00e9 dans le fond de l&rsquo;assiette, il sera plus difficile de laisser glisser ou tomber une pi\u00e8ce de vaisselle. En outre, les nuisances sonores sont sensiblement r\u00e9duites pendant le trajet.Gris clair et vert, une association unique et un caract\u00e8re fort qui ne [&hellip;]","og_url":"https:\/\/shop.bantam.ch\/fr\/produit\/assiette-a-dessert-space-20-cm-blanc-gris-lime\/","og_site_name":"Bantam Wankm\u00fcller SA","article_modified_time":"2026-04-19T18:41:03+00:00","og_image":[{"width":1000,"height":997,"url":"https:\/\/shop.bantam.ch\/wp-content\/uploads\/2023\/02\/9983909-Dessertteller_Space_weiss_grau_gruen-Standard-01-1.jpg","type":"image\/jpeg"}],"twitter_card":"summary_large_image","schema":{"@context":"https:\/\/schema.org","@graph":[{"@type":"WebPage","@id":"https:\/\/shop.bantam.ch\/fr\/produit\/assiette-a-dessert-space-20-cm-blanc-gris-lime\/","url":"https:\/\/shop.bantam.ch\/fr\/produit\/assiette-a-dessert-space-20-cm-blanc-gris-lime\/","name":"Assiette dess. m\u00e9lam. Brunner Space, diam. 20\u00a0cm - Bantam Wankm\u00fcller SA","isPartOf":{"@id":"https:\/\/shop.bantam.ch\/fr\/#website"},"primaryImageOfPage":{"@id":"https:\/\/shop.bantam.ch\/fr\/produit\/assiette-a-dessert-space-20-cm-blanc-gris-lime\/#primaryimage"},"image":{"@id":"https:\/\/shop.bantam.ch\/fr\/produit\/assiette-a-dessert-space-20-cm-blanc-gris-lime\/#primaryimage"},"thumbnailUrl":"https:\/\/shop.bantam.ch\/wp-content\/uploads\/2023\/02\/9983909-Dessertteller_Space_weiss_grau_gruen-Standard-01-1.jpg","datePublished":"2023-02-22T17:54:36+00:00","dateModified":"2026-04-19T18:41:03+00:00","breadcrumb":{"@id":"https:\/\/shop.bantam.ch\/fr\/produit\/assiette-a-dessert-space-20-cm-blanc-gris-lime\/#breadcrumb"},"inLanguage":"fr-FR","potentialAction":[{"@type":"ReadAction","target":["https:\/\/shop.bantam.ch\/fr\/produit\/assiette-a-dessert-space-20-cm-blanc-gris-lime\/"]}]},{"@type":"ImageObject","inLanguage":"fr-FR","@id":"https:\/\/shop.bantam.ch\/fr\/produit\/assiette-a-dessert-space-20-cm-blanc-gris-lime\/#primaryimage","url":"https:\/\/shop.bantam.ch\/wp-content\/uploads\/2023\/02\/9983909-Dessertteller_Space_weiss_grau_gruen-Standard-01-1.jpg","contentUrl":"https:\/\/shop.bantam.ch\/wp-content\/uploads\/2023\/02\/9983909-Dessertteller_Space_weiss_grau_gruen-Standard-01-1.jpg","width":1000,"height":997},{"@type":"BreadcrumbList","@id":"https:\/\/shop.bantam.ch\/fr\/produit\/assiette-a-dessert-space-20-cm-blanc-gris-lime\/#breadcrumb","itemListElement":[{"@type":"ListItem","position":1,"name":"Accueil","item":"https:\/\/shop.bantam.ch\/fr\/"},{"@type":"ListItem","position":2,"name":"Boutique","item":"https:\/\/shop.bantam.ch\/fr\/boutique\/"},{"@type":"ListItem","position":3,"name":"Assiette dess. m\u00e9lam. Brunner Space, diam. 20\u00a0cm"}]},{"@type":"WebSite","@id":"https:\/\/shop.bantam.ch\/fr\/#website","url":"https:\/\/shop.bantam.ch\/fr\/","name":"Bantam Wankm\u00fcller SA","description":"","publisher":{"@id":"https:\/\/shop.bantam.ch\/fr\/#organization"},"inLanguage":"fr-FR"},{"@type":"Organization","@id":"https:\/\/shop.bantam.ch\/fr\/#organization","name":"Bantam Wankm\u00fcller SA","url":"https:\/\/shop.bantam.ch\/fr\/","logo":{"@type":"ImageObject","inLanguage":"fr-FR","@id":"https:\/\/shop.bantam.ch\/fr\/#\/schema\/logo\/image\/","url":"https:\/\/shop.bantam.ch\/wp-content\/uploads\/2022\/12\/bantam-logo.png","contentUrl":"https:\/\/shop.bantam.ch\/wp-content\/uploads\/2022\/12\/bantam-logo.png","width":320,"height":71,"caption":"Bantam Wankm\u00fcller SA"},"image":{"@id":"https:\/\/shop.bantam.ch\/fr\/#\/schema\/logo\/image\/"}}]}},"_links":{"self":[{"href":"https:\/\/shop.bantam.ch\/fr\/wp-json\/wp\/v2\/product\/34147","targetHints":{"allow":["GET"]}}],"collection":[{"href":"https:\/\/shop.bantam.ch\/fr\/wp-json\/wp\/v2\/product"}],"about":[{"href":"https:\/\/shop.bantam.ch\/fr\/wp-json\/wp\/v2\/types\/product"}],"wp:featuredmedia":[{"embeddable":true,"href":"https:\/\/shop.bantam.ch\/fr\/wp-json\/wp\/v2\/media\/34145"}],"wp:attachment":[{"href":"https:\/\/shop.bantam.ch\/fr\/wp-json\/wp\/v2\/media?parent=34147"}],"wp:term":[{"taxonomy":"product_featured_cat","embeddable":true,"href":"https:\/\/shop.bantam.ch\/fr\/wp-json\/wp\/v2\/product_featured_cat?post=34147"},{"taxonomy":"product_brand","embeddable":true,"href":"https:\/\/shop.bantam.ch\/fr\/wp-json\/wp\/v2\/product_brand?post=34147"},{"taxonomy":"product_cat","embeddable":true,"href":"https:\/\/shop.bantam.ch\/fr\/wp-json\/wp\/v2\/product_cat?post=34147"},{"taxonomy":"product_tag","embeddable":true,"href":"https:\/\/shop.bantam.ch\/fr\/wp-json\/wp\/v2\/product_tag?post=34147"}],"curies":[{"name":"wp","href":"https:\/\/api.w.org\/{rel}","templated":true}]}}