{"id":33963,"date":"2023-02-22T18:50:47","date_gmt":"2023-02-22T17:50:47","guid":{"rendered":"http:\/\/preprod-dev.sh1.hidora.com\/webshop\/produit\/collier-de-serrage-en-plastique-uniquick\/"},"modified":"2026-04-17T20:41:42","modified_gmt":"2026-04-17T18:41:42","slug":"collier-de-serrage-en-plastique-uniquick","status":"publish","type":"product","link":"https:\/\/shop.bantam.ch\/fr\/produit\/collier-de-serrage-en-plastique-uniquick\/","title":{"rendered":"Collier de serrage en plastique Uniquick"},"content":{"rendered":"<p>Le syst\u00e8me d&rsquo;assemblage de tuyaux UniQuick de dimension 12 mm pr\u00e9sente de nombreux avantages par rapport \u00e0 un syst\u00e8me de tuyaux classiques :<\/p>\n<p>Le tuyau unique UniQuick est fabriqu\u00e9 avec un mat\u00e9riau bien particulier qui r\u00e9pond aux directives allemandes et europ\u00e9ennes les plus exigeantes et r\u00e9centes en mati\u00e8re de denr\u00e9es alimentaires et d\u2018eau potable, et ce non seulement en cas de temp\u00e9ratures de 60\u00b0C max., mais \u00e9galement de 90\u00b0C max.<\/p>\n<p>Le montage s\u2018effectue en enfichant simplement le tuyau dans les raccords UniQuick, sans vis, colle ou soudure.  \u00c0 tout moment, l\u2018assemblage par embo\u00eetement peut \u00eatre d\u00e9mont\u00e9 et r\u00e9utilis\u00e9 au besoin.<\/p>\n<p>Le tuyau UniQuick-Rohr garantit une \u00e9tanch\u00e9it\u00e9 totale, jusqu\u2018\u00e0 une pression de 6 bars \u00e0 80\u00b0C.  De plus, il r\u00e9siste au gel.<\/p>\n<p>En raison de son mat\u00e9riau sp\u00e9cial, il r\u00e9siste exceptionnellement aux dommages m\u00e9caniques.<\/p>\n<p>Avec le tuyau UniQuick, les rayons se d\u00e9placent sans plier le tuyau.  Ainsi, le d\u00e9bit du tuyau est conserv\u00e9 dans son int\u00e9gralit\u00e9. M\u00eame dans la zone des raccords, l\u2018ensemble du d\u00e9bit est conserv\u00e9, car aucune douille usuelle et causant un r\u00e9tr\u00e9cissement de section transversale n\u2018est utilis\u00e9e. Gr\u00e2ce \u00e0 la stabilit\u00e9 du tuyau, il est possible de le positionner au millim\u00e8tre pr\u00e8s, sans formation de \u00ab poches d\u2018eau \u00bb, ce qui r\u00e9duit le risque d\u2018une vidange incompl\u00e8te, et emp\u00eache \u00e9galement la production de germes.<\/p>\n","protected":false},"excerpt":{"rendered":"<p>Le syst\u00e8me d&rsquo;assemblage de tuyaux UniQuick de dimension 12 mm pr\u00e9sente de nombreux avantages par rapport \u00e0 un syst\u00e8me de tuyaux classiques : Le tuyau unique UniQuick est fabriqu\u00e9 avec un mat\u00e9riau bien particulier qui r\u00e9pond aux directives allemandes et europ\u00e9ennes les plus exigeantes et r\u00e9centes en mati\u00e8re de denr\u00e9es alimentaires et d\u2018eau potable, et [&hellip;]<\/p>\n","protected":false},"featured_media":33959,"template":"","meta":{"_acf_changed":false},"product_featured_cat":[],"product_brand":[3112],"product_cat":[4619],"product_tag":[],"class_list":{"0":"post-33963","1":"product","2":"type-product","3":"status-publish","4":"has-post-thumbnail","6":"product_brand-reich","7":"product_cat-systemes-de-tuyauterie","9":"first","10":"instock","11":"taxable","12":"shipping-taxable","13":"purchasable","14":"product-type-variable"},"acf":[],"yoast_head":"<!-- This site is optimized with the Yoast SEO plugin v27.4 - https:\/\/yoast.com\/product\/yoast-seo-wordpress\/ -->\n<title>Collier de serrage en plastique Uniquick - Bantam Wankm\u00fcller SA<\/title>\n<meta name=\"robots\" content=\"index, follow, max-snippet:-1, max-image-preview:large, max-video-preview:-1\" \/>\n<link rel=\"canonical\" href=\"https:\/\/shop.bantam.ch\/fr\/produit\/collier-de-serrage-en-plastique-uniquick\/\" \/>\n<meta property=\"og:locale\" content=\"fr_FR\" \/>\n<meta property=\"og:type\" content=\"article\" \/>\n<meta property=\"og:title\" content=\"Collier de serrage en plastique Uniquick - Bantam Wankm\u00fcller SA\" \/>\n<meta property=\"og:description\" content=\"Le syst\u00e8me d&rsquo;assemblage de tuyaux UniQuick de dimension 12 mm pr\u00e9sente de nombreux avantages par rapport \u00e0 un syst\u00e8me de tuyaux classiques : Le tuyau unique UniQuick est fabriqu\u00e9 avec un mat\u00e9riau bien particulier qui r\u00e9pond aux directives allemandes et europ\u00e9ennes les plus exigeantes et r\u00e9centes en mati\u00e8re de denr\u00e9es alimentaires et d\u2018eau potable, et [&hellip;]\" \/>\n<meta property=\"og:url\" content=\"https:\/\/shop.bantam.ch\/fr\/produit\/collier-de-serrage-en-plastique-uniquick\/\" \/>\n<meta property=\"og:site_name\" content=\"Bantam Wankm\u00fcller SA\" \/>\n<meta property=\"article:modified_time\" content=\"2026-04-17T18:41:42+00:00\" \/>\n<meta property=\"og:image\" content=\"https:\/\/shop.bantam.ch\/wp-content\/uploads\/2023\/02\/9981514-UniQuick_Kunstst-Rohrschelle_einfach_f_12mm_Rohr-Standard-01-2.jpg\" \/>\n\t<meta property=\"og:image:width\" content=\"818\" \/>\n\t<meta property=\"og:image:height\" content=\"1000\" \/>\n\t<meta property=\"og:image:type\" content=\"image\/jpeg\" \/>\n<meta name=\"twitter:card\" content=\"summary_large_image\" \/>\n<meta name=\"twitter:label1\" content=\"Dur\u00e9e de lecture estim\u00e9e\" \/>\n\t<meta name=\"twitter:data1\" content=\"1 minute\" \/>\n<script type=\"application\/ld+json\" class=\"yoast-schema-graph\">{\"@context\":\"https:\\\/\\\/schema.org\",\"@graph\":[{\"@type\":\"WebPage\",\"@id\":\"https:\\\/\\\/shop.bantam.ch\\\/fr\\\/produit\\\/collier-de-serrage-en-plastique-uniquick\\\/\",\"url\":\"https:\\\/\\\/shop.bantam.ch\\\/fr\\\/produit\\\/collier-de-serrage-en-plastique-uniquick\\\/\",\"name\":\"Collier de serrage en plastique Uniquick - Bantam Wankm\u00fcller SA\",\"isPartOf\":{\"@id\":\"https:\\\/\\\/shop.bantam.ch\\\/fr\\\/#website\"},\"primaryImageOfPage\":{\"@id\":\"https:\\\/\\\/shop.bantam.ch\\\/fr\\\/produit\\\/collier-de-serrage-en-plastique-uniquick\\\/#primaryimage\"},\"image\":{\"@id\":\"https:\\\/\\\/shop.bantam.ch\\\/fr\\\/produit\\\/collier-de-serrage-en-plastique-uniquick\\\/#primaryimage\"},\"thumbnailUrl\":\"https:\\\/\\\/shop.bantam.ch\\\/wp-content\\\/uploads\\\/2023\\\/02\\\/9981514-UniQuick_Kunstst-Rohrschelle_einfach_f_12mm_Rohr-Standard-01-2.jpg\",\"datePublished\":\"2023-02-22T17:50:47+00:00\",\"dateModified\":\"2026-04-17T18:41:42+00:00\",\"breadcrumb\":{\"@id\":\"https:\\\/\\\/shop.bantam.ch\\\/fr\\\/produit\\\/collier-de-serrage-en-plastique-uniquick\\\/#breadcrumb\"},\"inLanguage\":\"fr-FR\",\"potentialAction\":[{\"@type\":\"ReadAction\",\"target\":[\"https:\\\/\\\/shop.bantam.ch\\\/fr\\\/produit\\\/collier-de-serrage-en-plastique-uniquick\\\/\"]}]},{\"@type\":\"ImageObject\",\"inLanguage\":\"fr-FR\",\"@id\":\"https:\\\/\\\/shop.bantam.ch\\\/fr\\\/produit\\\/collier-de-serrage-en-plastique-uniquick\\\/#primaryimage\",\"url\":\"https:\\\/\\\/shop.bantam.ch\\\/wp-content\\\/uploads\\\/2023\\\/02\\\/9981514-UniQuick_Kunstst-Rohrschelle_einfach_f_12mm_Rohr-Standard-01-2.jpg\",\"contentUrl\":\"https:\\\/\\\/shop.bantam.ch\\\/wp-content\\\/uploads\\\/2023\\\/02\\\/9981514-UniQuick_Kunstst-Rohrschelle_einfach_f_12mm_Rohr-Standard-01-2.jpg\",\"width\":818,\"height\":1000},{\"@type\":\"BreadcrumbList\",\"@id\":\"https:\\\/\\\/shop.bantam.ch\\\/fr\\\/produit\\\/collier-de-serrage-en-plastique-uniquick\\\/#breadcrumb\",\"itemListElement\":[{\"@type\":\"ListItem\",\"position\":1,\"name\":\"Accueil\",\"item\":\"https:\\\/\\\/shop.bantam.ch\\\/fr\\\/\"},{\"@type\":\"ListItem\",\"position\":2,\"name\":\"Boutique\",\"item\":\"https:\\\/\\\/shop.bantam.ch\\\/fr\\\/boutique\\\/\"},{\"@type\":\"ListItem\",\"position\":3,\"name\":\"Collier de serrage en plastique Uniquick\"}]},{\"@type\":\"WebSite\",\"@id\":\"https:\\\/\\\/shop.bantam.ch\\\/fr\\\/#website\",\"url\":\"https:\\\/\\\/shop.bantam.ch\\\/fr\\\/\",\"name\":\"Bantam Wankm\u00fcller SA\",\"description\":\"\",\"publisher\":{\"@id\":\"https:\\\/\\\/shop.bantam.ch\\\/fr\\\/#organization\"},\"inLanguage\":\"fr-FR\"},{\"@type\":\"Organization\",\"@id\":\"https:\\\/\\\/shop.bantam.ch\\\/fr\\\/#organization\",\"name\":\"Bantam Wankm\u00fcller SA\",\"url\":\"https:\\\/\\\/shop.bantam.ch\\\/fr\\\/\",\"logo\":{\"@type\":\"ImageObject\",\"inLanguage\":\"fr-FR\",\"@id\":\"https:\\\/\\\/shop.bantam.ch\\\/fr\\\/#\\\/schema\\\/logo\\\/image\\\/\",\"url\":\"https:\\\/\\\/shop.bantam.ch\\\/wp-content\\\/uploads\\\/2022\\\/12\\\/bantam-logo.png\",\"contentUrl\":\"https:\\\/\\\/shop.bantam.ch\\\/wp-content\\\/uploads\\\/2022\\\/12\\\/bantam-logo.png\",\"width\":320,\"height\":71,\"caption\":\"Bantam Wankm\u00fcller SA\"},\"image\":{\"@id\":\"https:\\\/\\\/shop.bantam.ch\\\/fr\\\/#\\\/schema\\\/logo\\\/image\\\/\"}}]}<\/script>\n<!-- \/ Yoast SEO plugin. -->","yoast_head_json":{"title":"Collier de serrage en plastique Uniquick - Bantam Wankm\u00fcller SA","robots":{"index":"index","follow":"follow","max-snippet":"max-snippet:-1","max-image-preview":"max-image-preview:large","max-video-preview":"max-video-preview:-1"},"canonical":"https:\/\/shop.bantam.ch\/fr\/produit\/collier-de-serrage-en-plastique-uniquick\/","og_locale":"fr_FR","og_type":"article","og_title":"Collier de serrage en plastique Uniquick - Bantam Wankm\u00fcller SA","og_description":"Le syst\u00e8me d&rsquo;assemblage de tuyaux UniQuick de dimension 12 mm pr\u00e9sente de nombreux avantages par rapport \u00e0 un syst\u00e8me de tuyaux classiques : Le tuyau unique UniQuick est fabriqu\u00e9 avec un mat\u00e9riau bien particulier qui r\u00e9pond aux directives allemandes et europ\u00e9ennes les plus exigeantes et r\u00e9centes en mati\u00e8re de denr\u00e9es alimentaires et d\u2018eau potable, et [&hellip;]","og_url":"https:\/\/shop.bantam.ch\/fr\/produit\/collier-de-serrage-en-plastique-uniquick\/","og_site_name":"Bantam Wankm\u00fcller SA","article_modified_time":"2026-04-17T18:41:42+00:00","og_image":[{"width":818,"height":1000,"url":"https:\/\/shop.bantam.ch\/wp-content\/uploads\/2023\/02\/9981514-UniQuick_Kunstst-Rohrschelle_einfach_f_12mm_Rohr-Standard-01-2.jpg","type":"image\/jpeg"}],"twitter_card":"summary_large_image","twitter_misc":{"Dur\u00e9e de lecture estim\u00e9e":"1 minute"},"schema":{"@context":"https:\/\/schema.org","@graph":[{"@type":"WebPage","@id":"https:\/\/shop.bantam.ch\/fr\/produit\/collier-de-serrage-en-plastique-uniquick\/","url":"https:\/\/shop.bantam.ch\/fr\/produit\/collier-de-serrage-en-plastique-uniquick\/","name":"Collier de serrage en plastique Uniquick - Bantam Wankm\u00fcller SA","isPartOf":{"@id":"https:\/\/shop.bantam.ch\/fr\/#website"},"primaryImageOfPage":{"@id":"https:\/\/shop.bantam.ch\/fr\/produit\/collier-de-serrage-en-plastique-uniquick\/#primaryimage"},"image":{"@id":"https:\/\/shop.bantam.ch\/fr\/produit\/collier-de-serrage-en-plastique-uniquick\/#primaryimage"},"thumbnailUrl":"https:\/\/shop.bantam.ch\/wp-content\/uploads\/2023\/02\/9981514-UniQuick_Kunstst-Rohrschelle_einfach_f_12mm_Rohr-Standard-01-2.jpg","datePublished":"2023-02-22T17:50:47+00:00","dateModified":"2026-04-17T18:41:42+00:00","breadcrumb":{"@id":"https:\/\/shop.bantam.ch\/fr\/produit\/collier-de-serrage-en-plastique-uniquick\/#breadcrumb"},"inLanguage":"fr-FR","potentialAction":[{"@type":"ReadAction","target":["https:\/\/shop.bantam.ch\/fr\/produit\/collier-de-serrage-en-plastique-uniquick\/"]}]},{"@type":"ImageObject","inLanguage":"fr-FR","@id":"https:\/\/shop.bantam.ch\/fr\/produit\/collier-de-serrage-en-plastique-uniquick\/#primaryimage","url":"https:\/\/shop.bantam.ch\/wp-content\/uploads\/2023\/02\/9981514-UniQuick_Kunstst-Rohrschelle_einfach_f_12mm_Rohr-Standard-01-2.jpg","contentUrl":"https:\/\/shop.bantam.ch\/wp-content\/uploads\/2023\/02\/9981514-UniQuick_Kunstst-Rohrschelle_einfach_f_12mm_Rohr-Standard-01-2.jpg","width":818,"height":1000},{"@type":"BreadcrumbList","@id":"https:\/\/shop.bantam.ch\/fr\/produit\/collier-de-serrage-en-plastique-uniquick\/#breadcrumb","itemListElement":[{"@type":"ListItem","position":1,"name":"Accueil","item":"https:\/\/shop.bantam.ch\/fr\/"},{"@type":"ListItem","position":2,"name":"Boutique","item":"https:\/\/shop.bantam.ch\/fr\/boutique\/"},{"@type":"ListItem","position":3,"name":"Collier de serrage en plastique Uniquick"}]},{"@type":"WebSite","@id":"https:\/\/shop.bantam.ch\/fr\/#website","url":"https:\/\/shop.bantam.ch\/fr\/","name":"Bantam Wankm\u00fcller SA","description":"","publisher":{"@id":"https:\/\/shop.bantam.ch\/fr\/#organization"},"inLanguage":"fr-FR"},{"@type":"Organization","@id":"https:\/\/shop.bantam.ch\/fr\/#organization","name":"Bantam Wankm\u00fcller SA","url":"https:\/\/shop.bantam.ch\/fr\/","logo":{"@type":"ImageObject","inLanguage":"fr-FR","@id":"https:\/\/shop.bantam.ch\/fr\/#\/schema\/logo\/image\/","url":"https:\/\/shop.bantam.ch\/wp-content\/uploads\/2022\/12\/bantam-logo.png","contentUrl":"https:\/\/shop.bantam.ch\/wp-content\/uploads\/2022\/12\/bantam-logo.png","width":320,"height":71,"caption":"Bantam Wankm\u00fcller SA"},"image":{"@id":"https:\/\/shop.bantam.ch\/fr\/#\/schema\/logo\/image\/"}}]}},"_links":{"self":[{"href":"https:\/\/shop.bantam.ch\/fr\/wp-json\/wp\/v2\/product\/33963","targetHints":{"allow":["GET"]}}],"collection":[{"href":"https:\/\/shop.bantam.ch\/fr\/wp-json\/wp\/v2\/product"}],"about":[{"href":"https:\/\/shop.bantam.ch\/fr\/wp-json\/wp\/v2\/types\/product"}],"wp:featuredmedia":[{"embeddable":true,"href":"https:\/\/shop.bantam.ch\/fr\/wp-json\/wp\/v2\/media\/33959"}],"wp:attachment":[{"href":"https:\/\/shop.bantam.ch\/fr\/wp-json\/wp\/v2\/media?parent=33963"}],"wp:term":[{"taxonomy":"product_featured_cat","embeddable":true,"href":"https:\/\/shop.bantam.ch\/fr\/wp-json\/wp\/v2\/product_featured_cat?post=33963"},{"taxonomy":"product_brand","embeddable":true,"href":"https:\/\/shop.bantam.ch\/fr\/wp-json\/wp\/v2\/product_brand?post=33963"},{"taxonomy":"product_cat","embeddable":true,"href":"https:\/\/shop.bantam.ch\/fr\/wp-json\/wp\/v2\/product_cat?post=33963"},{"taxonomy":"product_tag","embeddable":true,"href":"https:\/\/shop.bantam.ch\/fr\/wp-json\/wp\/v2\/product_tag?post=33963"}],"curies":[{"name":"wp","href":"https:\/\/api.w.org\/{rel}","templated":true}]}}