{"id":33715,"date":"2023-02-22T18:45:29","date_gmt":"2023-02-22T17:45:29","guid":{"rendered":"http:\/\/preprod-dev.sh1.hidora.com\/webshop\/produit\/rallonge-de-cable-8-a-12-24-v-longueur-de-cable-de-06-a-3-m\/"},"modified":"2026-04-18T20:39:56","modified_gmt":"2026-04-18T18:39:56","slug":"rallonge-de-cable-8-a-12-24-v-longueur-de-cable-de-06-a-3-m","status":"publish","type":"product","link":"https:\/\/shop.bantam.ch\/fr\/produit\/rallonge-de-cable-8-a-12-24-v-longueur-de-cable-de-06-a-3-m\/","title":{"rendered":"C\u00e2ble de rallonge Pro Car 8 A \/ 12 &#8211; 24 V Longueur de c\u00e2ble 0,6 &#8211; 3 m"},"content":{"rendered":"<p>C\u00e2ble de rallonge avec fiche de s\u00e9curit\u00e9 universelle 8\u00a0A et raccord de diam\u00e8tre int\u00e9rieur 21\u00a0mm. C\u00e2ble spiral\u00e9 0,6 &#8211; 3\u00a0m.<\/p>\n","protected":false},"excerpt":{"rendered":"<p>C\u00e2ble de rallonge avec fiche de s\u00e9curit\u00e9 universelle 8\u00a0A et raccord de diam\u00e8tre int\u00e9rieur 21\u00a0mm. C\u00e2ble spiral\u00e9 0,6 &#8211; 3\u00a0m.<\/p>\n","protected":false},"featured_media":33713,"template":"","meta":{"_acf_changed":false},"product_featured_cat":[],"product_brand":[3104],"product_cat":[4193],"product_tag":[],"class_list":{"0":"post-33715","1":"product","2":"type-product","3":"status-publish","4":"has-post-thumbnail","6":"product_brand-pro-car","7":"product_cat-fiche-12-24-v","9":"first","10":"instock","11":"taxable","12":"shipping-taxable","13":"purchasable","14":"product-type-simple"},"acf":[],"yoast_head":"<!-- This site is optimized with the Yoast SEO plugin v27.4 - https:\/\/yoast.com\/product\/yoast-seo-wordpress\/ -->\n<title>C\u00e2ble de rallonge Pro Car 8 A \/ 12 - 24 V Longueur de c\u00e2ble 0,6 - 3 m - Bantam Wankm\u00fcller SA<\/title>\n<meta name=\"robots\" content=\"index, follow, max-snippet:-1, max-image-preview:large, max-video-preview:-1\" \/>\n<link rel=\"canonical\" href=\"https:\/\/shop.bantam.ch\/fr\/produit\/rallonge-de-cable-8-a-12-24-v-longueur-de-cable-de-06-a-3-m\/\" \/>\n<meta property=\"og:locale\" content=\"fr_FR\" \/>\n<meta property=\"og:type\" content=\"article\" \/>\n<meta property=\"og:title\" content=\"C\u00e2ble de rallonge Pro Car 8 A \/ 12 - 24 V Longueur de c\u00e2ble 0,6 - 3 m - Bantam Wankm\u00fcller SA\" \/>\n<meta property=\"og:description\" content=\"C\u00e2ble de rallonge avec fiche de s\u00e9curit\u00e9 universelle 8\u00a0A et raccord de diam\u00e8tre int\u00e9rieur 21\u00a0mm. C\u00e2ble spiral\u00e9 0,6 &#8211; 3\u00a0m.\" \/>\n<meta property=\"og:url\" content=\"https:\/\/shop.bantam.ch\/fr\/produit\/rallonge-de-cable-8-a-12-24-v-longueur-de-cable-de-06-a-3-m\/\" \/>\n<meta property=\"og:site_name\" content=\"Bantam Wankm\u00fcller SA\" \/>\n<meta property=\"article:modified_time\" content=\"2026-04-18T18:39:56+00:00\" \/>\n<meta property=\"og:image\" content=\"https:\/\/shop.bantam.ch\/wp-content\/uploads\/2023\/02\/9984850-Verlaengerungskabel_0_6_3m_Wendeleitung-Standard-01-1.jpg\" \/>\n\t<meta property=\"og:image:width\" content=\"863\" \/>\n\t<meta property=\"og:image:height\" content=\"1000\" \/>\n\t<meta property=\"og:image:type\" content=\"image\/jpeg\" \/>\n<meta name=\"twitter:card\" content=\"summary_large_image\" \/>\n<script type=\"application\/ld+json\" class=\"yoast-schema-graph\">{\"@context\":\"https:\\\/\\\/schema.org\",\"@graph\":[{\"@type\":\"WebPage\",\"@id\":\"https:\\\/\\\/shop.bantam.ch\\\/fr\\\/produit\\\/rallonge-de-cable-8-a-12-24-v-longueur-de-cable-de-06-a-3-m\\\/\",\"url\":\"https:\\\/\\\/shop.bantam.ch\\\/fr\\\/produit\\\/rallonge-de-cable-8-a-12-24-v-longueur-de-cable-de-06-a-3-m\\\/\",\"name\":\"C\u00e2ble de rallonge Pro Car 8 A \\\/ 12 - 24 V Longueur de c\u00e2ble 0,6 - 3 m - Bantam Wankm\u00fcller SA\",\"isPartOf\":{\"@id\":\"https:\\\/\\\/shop.bantam.ch\\\/fr\\\/#website\"},\"primaryImageOfPage\":{\"@id\":\"https:\\\/\\\/shop.bantam.ch\\\/fr\\\/produit\\\/rallonge-de-cable-8-a-12-24-v-longueur-de-cable-de-06-a-3-m\\\/#primaryimage\"},\"image\":{\"@id\":\"https:\\\/\\\/shop.bantam.ch\\\/fr\\\/produit\\\/rallonge-de-cable-8-a-12-24-v-longueur-de-cable-de-06-a-3-m\\\/#primaryimage\"},\"thumbnailUrl\":\"https:\\\/\\\/shop.bantam.ch\\\/wp-content\\\/uploads\\\/2023\\\/02\\\/9984850-Verlaengerungskabel_0_6_3m_Wendeleitung-Standard-01-1.jpg\",\"datePublished\":\"2023-02-22T17:45:29+00:00\",\"dateModified\":\"2026-04-18T18:39:56+00:00\",\"breadcrumb\":{\"@id\":\"https:\\\/\\\/shop.bantam.ch\\\/fr\\\/produit\\\/rallonge-de-cable-8-a-12-24-v-longueur-de-cable-de-06-a-3-m\\\/#breadcrumb\"},\"inLanguage\":\"fr-FR\",\"potentialAction\":[{\"@type\":\"ReadAction\",\"target\":[\"https:\\\/\\\/shop.bantam.ch\\\/fr\\\/produit\\\/rallonge-de-cable-8-a-12-24-v-longueur-de-cable-de-06-a-3-m\\\/\"]}]},{\"@type\":\"ImageObject\",\"inLanguage\":\"fr-FR\",\"@id\":\"https:\\\/\\\/shop.bantam.ch\\\/fr\\\/produit\\\/rallonge-de-cable-8-a-12-24-v-longueur-de-cable-de-06-a-3-m\\\/#primaryimage\",\"url\":\"https:\\\/\\\/shop.bantam.ch\\\/wp-content\\\/uploads\\\/2023\\\/02\\\/9984850-Verlaengerungskabel_0_6_3m_Wendeleitung-Standard-01-1.jpg\",\"contentUrl\":\"https:\\\/\\\/shop.bantam.ch\\\/wp-content\\\/uploads\\\/2023\\\/02\\\/9984850-Verlaengerungskabel_0_6_3m_Wendeleitung-Standard-01-1.jpg\",\"width\":863,\"height\":1000},{\"@type\":\"BreadcrumbList\",\"@id\":\"https:\\\/\\\/shop.bantam.ch\\\/fr\\\/produit\\\/rallonge-de-cable-8-a-12-24-v-longueur-de-cable-de-06-a-3-m\\\/#breadcrumb\",\"itemListElement\":[{\"@type\":\"ListItem\",\"position\":1,\"name\":\"Accueil\",\"item\":\"https:\\\/\\\/shop.bantam.ch\\\/fr\\\/\"},{\"@type\":\"ListItem\",\"position\":2,\"name\":\"Boutique\",\"item\":\"https:\\\/\\\/shop.bantam.ch\\\/fr\\\/boutique\\\/\"},{\"@type\":\"ListItem\",\"position\":3,\"name\":\"C\u00e2ble de rallonge Pro Car 8 A \\\/ 12 &#8211; 24 V Longueur de c\u00e2ble 0,6 &#8211; 3 m\"}]},{\"@type\":\"WebSite\",\"@id\":\"https:\\\/\\\/shop.bantam.ch\\\/fr\\\/#website\",\"url\":\"https:\\\/\\\/shop.bantam.ch\\\/fr\\\/\",\"name\":\"Bantam Wankm\u00fcller SA\",\"description\":\"\",\"publisher\":{\"@id\":\"https:\\\/\\\/shop.bantam.ch\\\/fr\\\/#organization\"},\"inLanguage\":\"fr-FR\"},{\"@type\":\"Organization\",\"@id\":\"https:\\\/\\\/shop.bantam.ch\\\/fr\\\/#organization\",\"name\":\"Bantam Wankm\u00fcller SA\",\"url\":\"https:\\\/\\\/shop.bantam.ch\\\/fr\\\/\",\"logo\":{\"@type\":\"ImageObject\",\"inLanguage\":\"fr-FR\",\"@id\":\"https:\\\/\\\/shop.bantam.ch\\\/fr\\\/#\\\/schema\\\/logo\\\/image\\\/\",\"url\":\"https:\\\/\\\/shop.bantam.ch\\\/wp-content\\\/uploads\\\/2022\\\/12\\\/bantam-logo.png\",\"contentUrl\":\"https:\\\/\\\/shop.bantam.ch\\\/wp-content\\\/uploads\\\/2022\\\/12\\\/bantam-logo.png\",\"width\":320,\"height\":71,\"caption\":\"Bantam Wankm\u00fcller SA\"},\"image\":{\"@id\":\"https:\\\/\\\/shop.bantam.ch\\\/fr\\\/#\\\/schema\\\/logo\\\/image\\\/\"}}]}<\/script>\n<!-- \/ Yoast SEO plugin. -->","yoast_head_json":{"title":"C\u00e2ble de rallonge Pro Car 8 A \/ 12 - 24 V Longueur de c\u00e2ble 0,6 - 3 m - Bantam Wankm\u00fcller SA","robots":{"index":"index","follow":"follow","max-snippet":"max-snippet:-1","max-image-preview":"max-image-preview:large","max-video-preview":"max-video-preview:-1"},"canonical":"https:\/\/shop.bantam.ch\/fr\/produit\/rallonge-de-cable-8-a-12-24-v-longueur-de-cable-de-06-a-3-m\/","og_locale":"fr_FR","og_type":"article","og_title":"C\u00e2ble de rallonge Pro Car 8 A \/ 12 - 24 V Longueur de c\u00e2ble 0,6 - 3 m - Bantam Wankm\u00fcller SA","og_description":"C\u00e2ble de rallonge avec fiche de s\u00e9curit\u00e9 universelle 8\u00a0A et raccord de diam\u00e8tre int\u00e9rieur 21\u00a0mm. C\u00e2ble spiral\u00e9 0,6 &#8211; 3\u00a0m.","og_url":"https:\/\/shop.bantam.ch\/fr\/produit\/rallonge-de-cable-8-a-12-24-v-longueur-de-cable-de-06-a-3-m\/","og_site_name":"Bantam Wankm\u00fcller SA","article_modified_time":"2026-04-18T18:39:56+00:00","og_image":[{"width":863,"height":1000,"url":"https:\/\/shop.bantam.ch\/wp-content\/uploads\/2023\/02\/9984850-Verlaengerungskabel_0_6_3m_Wendeleitung-Standard-01-1.jpg","type":"image\/jpeg"}],"twitter_card":"summary_large_image","schema":{"@context":"https:\/\/schema.org","@graph":[{"@type":"WebPage","@id":"https:\/\/shop.bantam.ch\/fr\/produit\/rallonge-de-cable-8-a-12-24-v-longueur-de-cable-de-06-a-3-m\/","url":"https:\/\/shop.bantam.ch\/fr\/produit\/rallonge-de-cable-8-a-12-24-v-longueur-de-cable-de-06-a-3-m\/","name":"C\u00e2ble de rallonge Pro Car 8 A \/ 12 - 24 V Longueur de c\u00e2ble 0,6 - 3 m - Bantam Wankm\u00fcller SA","isPartOf":{"@id":"https:\/\/shop.bantam.ch\/fr\/#website"},"primaryImageOfPage":{"@id":"https:\/\/shop.bantam.ch\/fr\/produit\/rallonge-de-cable-8-a-12-24-v-longueur-de-cable-de-06-a-3-m\/#primaryimage"},"image":{"@id":"https:\/\/shop.bantam.ch\/fr\/produit\/rallonge-de-cable-8-a-12-24-v-longueur-de-cable-de-06-a-3-m\/#primaryimage"},"thumbnailUrl":"https:\/\/shop.bantam.ch\/wp-content\/uploads\/2023\/02\/9984850-Verlaengerungskabel_0_6_3m_Wendeleitung-Standard-01-1.jpg","datePublished":"2023-02-22T17:45:29+00:00","dateModified":"2026-04-18T18:39:56+00:00","breadcrumb":{"@id":"https:\/\/shop.bantam.ch\/fr\/produit\/rallonge-de-cable-8-a-12-24-v-longueur-de-cable-de-06-a-3-m\/#breadcrumb"},"inLanguage":"fr-FR","potentialAction":[{"@type":"ReadAction","target":["https:\/\/shop.bantam.ch\/fr\/produit\/rallonge-de-cable-8-a-12-24-v-longueur-de-cable-de-06-a-3-m\/"]}]},{"@type":"ImageObject","inLanguage":"fr-FR","@id":"https:\/\/shop.bantam.ch\/fr\/produit\/rallonge-de-cable-8-a-12-24-v-longueur-de-cable-de-06-a-3-m\/#primaryimage","url":"https:\/\/shop.bantam.ch\/wp-content\/uploads\/2023\/02\/9984850-Verlaengerungskabel_0_6_3m_Wendeleitung-Standard-01-1.jpg","contentUrl":"https:\/\/shop.bantam.ch\/wp-content\/uploads\/2023\/02\/9984850-Verlaengerungskabel_0_6_3m_Wendeleitung-Standard-01-1.jpg","width":863,"height":1000},{"@type":"BreadcrumbList","@id":"https:\/\/shop.bantam.ch\/fr\/produit\/rallonge-de-cable-8-a-12-24-v-longueur-de-cable-de-06-a-3-m\/#breadcrumb","itemListElement":[{"@type":"ListItem","position":1,"name":"Accueil","item":"https:\/\/shop.bantam.ch\/fr\/"},{"@type":"ListItem","position":2,"name":"Boutique","item":"https:\/\/shop.bantam.ch\/fr\/boutique\/"},{"@type":"ListItem","position":3,"name":"C\u00e2ble de rallonge Pro Car 8 A \/ 12 &#8211; 24 V Longueur de c\u00e2ble 0,6 &#8211; 3 m"}]},{"@type":"WebSite","@id":"https:\/\/shop.bantam.ch\/fr\/#website","url":"https:\/\/shop.bantam.ch\/fr\/","name":"Bantam Wankm\u00fcller SA","description":"","publisher":{"@id":"https:\/\/shop.bantam.ch\/fr\/#organization"},"inLanguage":"fr-FR"},{"@type":"Organization","@id":"https:\/\/shop.bantam.ch\/fr\/#organization","name":"Bantam Wankm\u00fcller SA","url":"https:\/\/shop.bantam.ch\/fr\/","logo":{"@type":"ImageObject","inLanguage":"fr-FR","@id":"https:\/\/shop.bantam.ch\/fr\/#\/schema\/logo\/image\/","url":"https:\/\/shop.bantam.ch\/wp-content\/uploads\/2022\/12\/bantam-logo.png","contentUrl":"https:\/\/shop.bantam.ch\/wp-content\/uploads\/2022\/12\/bantam-logo.png","width":320,"height":71,"caption":"Bantam Wankm\u00fcller SA"},"image":{"@id":"https:\/\/shop.bantam.ch\/fr\/#\/schema\/logo\/image\/"}}]}},"_links":{"self":[{"href":"https:\/\/shop.bantam.ch\/fr\/wp-json\/wp\/v2\/product\/33715","targetHints":{"allow":["GET"]}}],"collection":[{"href":"https:\/\/shop.bantam.ch\/fr\/wp-json\/wp\/v2\/product"}],"about":[{"href":"https:\/\/shop.bantam.ch\/fr\/wp-json\/wp\/v2\/types\/product"}],"wp:featuredmedia":[{"embeddable":true,"href":"https:\/\/shop.bantam.ch\/fr\/wp-json\/wp\/v2\/media\/33713"}],"wp:attachment":[{"href":"https:\/\/shop.bantam.ch\/fr\/wp-json\/wp\/v2\/media?parent=33715"}],"wp:term":[{"taxonomy":"product_featured_cat","embeddable":true,"href":"https:\/\/shop.bantam.ch\/fr\/wp-json\/wp\/v2\/product_featured_cat?post=33715"},{"taxonomy":"product_brand","embeddable":true,"href":"https:\/\/shop.bantam.ch\/fr\/wp-json\/wp\/v2\/product_brand?post=33715"},{"taxonomy":"product_cat","embeddable":true,"href":"https:\/\/shop.bantam.ch\/fr\/wp-json\/wp\/v2\/product_cat?post=33715"},{"taxonomy":"product_tag","embeddable":true,"href":"https:\/\/shop.bantam.ch\/fr\/wp-json\/wp\/v2\/product_tag?post=33715"}],"curies":[{"name":"wp","href":"https:\/\/api.w.org\/{rel}","templated":true}]}}