{"id":33711,"date":"2023-02-22T18:45:23","date_gmt":"2023-02-22T17:45:23","guid":{"rendered":"http:\/\/preprod-dev.sh1.hidora.com\/webshop\/produit\/doublette-max-16-a-12-24-v-longueur-de-cable-025-m\/"},"modified":"2026-04-18T20:39:56","modified_gmt":"2026-04-18T18:39:56","slug":"doublette-max-16-a-12-24-v-longueur-de-cable-025-m","status":"publish","type":"product","link":"https:\/\/shop.bantam.ch\/fr\/produit\/doublette-max-16-a-12-24-v-longueur-de-cable-025-m\/","title":{"rendered":"Doublette Pro Car max. EV 16 A \/ 12 &#8211; 24 V Longueur de c\u00e2ble 0,25 m"},"content":{"rendered":"<p>Doublette avec prise universelle de s\u00e9curit\u00e9 16\u00a0A, 2\u00a0connecteurs femelles, \u00d8 int\u00e9rieur 21\u00a0mm, c\u00e2ble 2 x 0,75 mm\u00b2, longueur 0,25 m, charge max. 2 x 8 A.<\/p>\n","protected":false},"excerpt":{"rendered":"<p>Doublette avec prise universelle de s\u00e9curit\u00e9 16\u00a0A, 2\u00a0connecteurs femelles, \u00d8 int\u00e9rieur 21\u00a0mm, c\u00e2ble 2 x 0,75 mm\u00b2, longueur 0,25 m, charge max. 2 x 8 A.<\/p>\n","protected":false},"featured_media":33709,"template":"","meta":{"_acf_changed":false},"product_featured_cat":[],"product_brand":[3104],"product_cat":[4193],"product_tag":[],"class_list":{"0":"post-33711","1":"product","2":"type-product","3":"status-publish","4":"has-post-thumbnail","6":"product_brand-pro-car","7":"product_cat-fiche-12-24-v","9":"first","10":"instock","11":"taxable","12":"shipping-taxable","13":"purchasable","14":"product-type-simple"},"acf":[],"yoast_head":"<!-- This site is optimized with the Yoast SEO plugin v27.4 - https:\/\/yoast.com\/product\/yoast-seo-wordpress\/ -->\n<title>Doublette Pro Car max. EV 16 A \/ 12 - 24 V Longueur de c\u00e2ble 0,25 m - Bantam Wankm\u00fcller SA<\/title>\n<meta name=\"robots\" content=\"index, follow, max-snippet:-1, max-image-preview:large, max-video-preview:-1\" \/>\n<link rel=\"canonical\" href=\"https:\/\/shop.bantam.ch\/fr\/produit\/doublette-max-16-a-12-24-v-longueur-de-cable-025-m\/\" \/>\n<meta property=\"og:locale\" content=\"fr_FR\" \/>\n<meta property=\"og:type\" content=\"article\" \/>\n<meta property=\"og:title\" content=\"Doublette Pro Car max. EV 16 A \/ 12 - 24 V Longueur de c\u00e2ble 0,25 m - Bantam Wankm\u00fcller SA\" \/>\n<meta property=\"og:description\" content=\"Doublette avec prise universelle de s\u00e9curit\u00e9 16\u00a0A, 2\u00a0connecteurs femelles, \u00d8 int\u00e9rieur 21\u00a0mm, c\u00e2ble 2 x 0,75 mm\u00b2, longueur 0,25 m, charge max. 2 x 8 A.\" \/>\n<meta property=\"og:url\" content=\"https:\/\/shop.bantam.ch\/fr\/produit\/doublette-max-16-a-12-24-v-longueur-de-cable-025-m\/\" \/>\n<meta property=\"og:site_name\" content=\"Bantam Wankm\u00fcller SA\" \/>\n<meta property=\"article:modified_time\" content=\"2026-04-18T18:39:56+00:00\" \/>\n<meta property=\"og:image\" content=\"https:\/\/shop.bantam.ch\/wp-content\/uploads\/2023\/02\/9984840-Zwillingskupplung-Standard-01-1.jpg\" \/>\n\t<meta property=\"og:image:width\" content=\"1000\" \/>\n\t<meta property=\"og:image:height\" content=\"416\" \/>\n\t<meta property=\"og:image:type\" content=\"image\/jpeg\" \/>\n<meta name=\"twitter:card\" content=\"summary_large_image\" \/>\n<script type=\"application\/ld+json\" class=\"yoast-schema-graph\">{\"@context\":\"https:\\\/\\\/schema.org\",\"@graph\":[{\"@type\":\"WebPage\",\"@id\":\"https:\\\/\\\/shop.bantam.ch\\\/fr\\\/produit\\\/doublette-max-16-a-12-24-v-longueur-de-cable-025-m\\\/\",\"url\":\"https:\\\/\\\/shop.bantam.ch\\\/fr\\\/produit\\\/doublette-max-16-a-12-24-v-longueur-de-cable-025-m\\\/\",\"name\":\"Doublette Pro Car max. EV 16 A \\\/ 12 - 24 V Longueur de c\u00e2ble 0,25 m - Bantam Wankm\u00fcller SA\",\"isPartOf\":{\"@id\":\"https:\\\/\\\/shop.bantam.ch\\\/fr\\\/#website\"},\"primaryImageOfPage\":{\"@id\":\"https:\\\/\\\/shop.bantam.ch\\\/fr\\\/produit\\\/doublette-max-16-a-12-24-v-longueur-de-cable-025-m\\\/#primaryimage\"},\"image\":{\"@id\":\"https:\\\/\\\/shop.bantam.ch\\\/fr\\\/produit\\\/doublette-max-16-a-12-24-v-longueur-de-cable-025-m\\\/#primaryimage\"},\"thumbnailUrl\":\"https:\\\/\\\/shop.bantam.ch\\\/wp-content\\\/uploads\\\/2023\\\/02\\\/9984840-Zwillingskupplung-Standard-01-1.jpg\",\"datePublished\":\"2023-02-22T17:45:23+00:00\",\"dateModified\":\"2026-04-18T18:39:56+00:00\",\"breadcrumb\":{\"@id\":\"https:\\\/\\\/shop.bantam.ch\\\/fr\\\/produit\\\/doublette-max-16-a-12-24-v-longueur-de-cable-025-m\\\/#breadcrumb\"},\"inLanguage\":\"fr-FR\",\"potentialAction\":[{\"@type\":\"ReadAction\",\"target\":[\"https:\\\/\\\/shop.bantam.ch\\\/fr\\\/produit\\\/doublette-max-16-a-12-24-v-longueur-de-cable-025-m\\\/\"]}]},{\"@type\":\"ImageObject\",\"inLanguage\":\"fr-FR\",\"@id\":\"https:\\\/\\\/shop.bantam.ch\\\/fr\\\/produit\\\/doublette-max-16-a-12-24-v-longueur-de-cable-025-m\\\/#primaryimage\",\"url\":\"https:\\\/\\\/shop.bantam.ch\\\/wp-content\\\/uploads\\\/2023\\\/02\\\/9984840-Zwillingskupplung-Standard-01-1.jpg\",\"contentUrl\":\"https:\\\/\\\/shop.bantam.ch\\\/wp-content\\\/uploads\\\/2023\\\/02\\\/9984840-Zwillingskupplung-Standard-01-1.jpg\",\"width\":1000,\"height\":416},{\"@type\":\"BreadcrumbList\",\"@id\":\"https:\\\/\\\/shop.bantam.ch\\\/fr\\\/produit\\\/doublette-max-16-a-12-24-v-longueur-de-cable-025-m\\\/#breadcrumb\",\"itemListElement\":[{\"@type\":\"ListItem\",\"position\":1,\"name\":\"Accueil\",\"item\":\"https:\\\/\\\/shop.bantam.ch\\\/fr\\\/\"},{\"@type\":\"ListItem\",\"position\":2,\"name\":\"Boutique\",\"item\":\"https:\\\/\\\/shop.bantam.ch\\\/fr\\\/boutique\\\/\"},{\"@type\":\"ListItem\",\"position\":3,\"name\":\"Doublette Pro Car max. EV 16 A \\\/ 12 &#8211; 24 V Longueur de c\u00e2ble 0,25 m\"}]},{\"@type\":\"WebSite\",\"@id\":\"https:\\\/\\\/shop.bantam.ch\\\/fr\\\/#website\",\"url\":\"https:\\\/\\\/shop.bantam.ch\\\/fr\\\/\",\"name\":\"Bantam Wankm\u00fcller SA\",\"description\":\"\",\"publisher\":{\"@id\":\"https:\\\/\\\/shop.bantam.ch\\\/fr\\\/#organization\"},\"inLanguage\":\"fr-FR\"},{\"@type\":\"Organization\",\"@id\":\"https:\\\/\\\/shop.bantam.ch\\\/fr\\\/#organization\",\"name\":\"Bantam Wankm\u00fcller SA\",\"url\":\"https:\\\/\\\/shop.bantam.ch\\\/fr\\\/\",\"logo\":{\"@type\":\"ImageObject\",\"inLanguage\":\"fr-FR\",\"@id\":\"https:\\\/\\\/shop.bantam.ch\\\/fr\\\/#\\\/schema\\\/logo\\\/image\\\/\",\"url\":\"https:\\\/\\\/shop.bantam.ch\\\/wp-content\\\/uploads\\\/2022\\\/12\\\/bantam-logo.png\",\"contentUrl\":\"https:\\\/\\\/shop.bantam.ch\\\/wp-content\\\/uploads\\\/2022\\\/12\\\/bantam-logo.png\",\"width\":320,\"height\":71,\"caption\":\"Bantam Wankm\u00fcller SA\"},\"image\":{\"@id\":\"https:\\\/\\\/shop.bantam.ch\\\/fr\\\/#\\\/schema\\\/logo\\\/image\\\/\"}}]}<\/script>\n<!-- \/ Yoast SEO plugin. -->","yoast_head_json":{"title":"Doublette Pro Car max. EV 16 A \/ 12 - 24 V Longueur de c\u00e2ble 0,25 m - Bantam Wankm\u00fcller SA","robots":{"index":"index","follow":"follow","max-snippet":"max-snippet:-1","max-image-preview":"max-image-preview:large","max-video-preview":"max-video-preview:-1"},"canonical":"https:\/\/shop.bantam.ch\/fr\/produit\/doublette-max-16-a-12-24-v-longueur-de-cable-025-m\/","og_locale":"fr_FR","og_type":"article","og_title":"Doublette Pro Car max. EV 16 A \/ 12 - 24 V Longueur de c\u00e2ble 0,25 m - Bantam Wankm\u00fcller SA","og_description":"Doublette avec prise universelle de s\u00e9curit\u00e9 16\u00a0A, 2\u00a0connecteurs femelles, \u00d8 int\u00e9rieur 21\u00a0mm, c\u00e2ble 2 x 0,75 mm\u00b2, longueur 0,25 m, charge max. 2 x 8 A.","og_url":"https:\/\/shop.bantam.ch\/fr\/produit\/doublette-max-16-a-12-24-v-longueur-de-cable-025-m\/","og_site_name":"Bantam Wankm\u00fcller SA","article_modified_time":"2026-04-18T18:39:56+00:00","og_image":[{"width":1000,"height":416,"url":"https:\/\/shop.bantam.ch\/wp-content\/uploads\/2023\/02\/9984840-Zwillingskupplung-Standard-01-1.jpg","type":"image\/jpeg"}],"twitter_card":"summary_large_image","schema":{"@context":"https:\/\/schema.org","@graph":[{"@type":"WebPage","@id":"https:\/\/shop.bantam.ch\/fr\/produit\/doublette-max-16-a-12-24-v-longueur-de-cable-025-m\/","url":"https:\/\/shop.bantam.ch\/fr\/produit\/doublette-max-16-a-12-24-v-longueur-de-cable-025-m\/","name":"Doublette Pro Car max. EV 16 A \/ 12 - 24 V Longueur de c\u00e2ble 0,25 m - Bantam Wankm\u00fcller SA","isPartOf":{"@id":"https:\/\/shop.bantam.ch\/fr\/#website"},"primaryImageOfPage":{"@id":"https:\/\/shop.bantam.ch\/fr\/produit\/doublette-max-16-a-12-24-v-longueur-de-cable-025-m\/#primaryimage"},"image":{"@id":"https:\/\/shop.bantam.ch\/fr\/produit\/doublette-max-16-a-12-24-v-longueur-de-cable-025-m\/#primaryimage"},"thumbnailUrl":"https:\/\/shop.bantam.ch\/wp-content\/uploads\/2023\/02\/9984840-Zwillingskupplung-Standard-01-1.jpg","datePublished":"2023-02-22T17:45:23+00:00","dateModified":"2026-04-18T18:39:56+00:00","breadcrumb":{"@id":"https:\/\/shop.bantam.ch\/fr\/produit\/doublette-max-16-a-12-24-v-longueur-de-cable-025-m\/#breadcrumb"},"inLanguage":"fr-FR","potentialAction":[{"@type":"ReadAction","target":["https:\/\/shop.bantam.ch\/fr\/produit\/doublette-max-16-a-12-24-v-longueur-de-cable-025-m\/"]}]},{"@type":"ImageObject","inLanguage":"fr-FR","@id":"https:\/\/shop.bantam.ch\/fr\/produit\/doublette-max-16-a-12-24-v-longueur-de-cable-025-m\/#primaryimage","url":"https:\/\/shop.bantam.ch\/wp-content\/uploads\/2023\/02\/9984840-Zwillingskupplung-Standard-01-1.jpg","contentUrl":"https:\/\/shop.bantam.ch\/wp-content\/uploads\/2023\/02\/9984840-Zwillingskupplung-Standard-01-1.jpg","width":1000,"height":416},{"@type":"BreadcrumbList","@id":"https:\/\/shop.bantam.ch\/fr\/produit\/doublette-max-16-a-12-24-v-longueur-de-cable-025-m\/#breadcrumb","itemListElement":[{"@type":"ListItem","position":1,"name":"Accueil","item":"https:\/\/shop.bantam.ch\/fr\/"},{"@type":"ListItem","position":2,"name":"Boutique","item":"https:\/\/shop.bantam.ch\/fr\/boutique\/"},{"@type":"ListItem","position":3,"name":"Doublette Pro Car max. EV 16 A \/ 12 &#8211; 24 V Longueur de c\u00e2ble 0,25 m"}]},{"@type":"WebSite","@id":"https:\/\/shop.bantam.ch\/fr\/#website","url":"https:\/\/shop.bantam.ch\/fr\/","name":"Bantam Wankm\u00fcller SA","description":"","publisher":{"@id":"https:\/\/shop.bantam.ch\/fr\/#organization"},"inLanguage":"fr-FR"},{"@type":"Organization","@id":"https:\/\/shop.bantam.ch\/fr\/#organization","name":"Bantam Wankm\u00fcller SA","url":"https:\/\/shop.bantam.ch\/fr\/","logo":{"@type":"ImageObject","inLanguage":"fr-FR","@id":"https:\/\/shop.bantam.ch\/fr\/#\/schema\/logo\/image\/","url":"https:\/\/shop.bantam.ch\/wp-content\/uploads\/2022\/12\/bantam-logo.png","contentUrl":"https:\/\/shop.bantam.ch\/wp-content\/uploads\/2022\/12\/bantam-logo.png","width":320,"height":71,"caption":"Bantam Wankm\u00fcller SA"},"image":{"@id":"https:\/\/shop.bantam.ch\/fr\/#\/schema\/logo\/image\/"}}]}},"_links":{"self":[{"href":"https:\/\/shop.bantam.ch\/fr\/wp-json\/wp\/v2\/product\/33711","targetHints":{"allow":["GET"]}}],"collection":[{"href":"https:\/\/shop.bantam.ch\/fr\/wp-json\/wp\/v2\/product"}],"about":[{"href":"https:\/\/shop.bantam.ch\/fr\/wp-json\/wp\/v2\/types\/product"}],"wp:featuredmedia":[{"embeddable":true,"href":"https:\/\/shop.bantam.ch\/fr\/wp-json\/wp\/v2\/media\/33709"}],"wp:attachment":[{"href":"https:\/\/shop.bantam.ch\/fr\/wp-json\/wp\/v2\/media?parent=33711"}],"wp:term":[{"taxonomy":"product_featured_cat","embeddable":true,"href":"https:\/\/shop.bantam.ch\/fr\/wp-json\/wp\/v2\/product_featured_cat?post=33711"},{"taxonomy":"product_brand","embeddable":true,"href":"https:\/\/shop.bantam.ch\/fr\/wp-json\/wp\/v2\/product_brand?post=33711"},{"taxonomy":"product_cat","embeddable":true,"href":"https:\/\/shop.bantam.ch\/fr\/wp-json\/wp\/v2\/product_cat?post=33711"},{"taxonomy":"product_tag","embeddable":true,"href":"https:\/\/shop.bantam.ch\/fr\/wp-json\/wp\/v2\/product_tag?post=33711"}],"curies":[{"name":"wp","href":"https:\/\/api.w.org\/{rel}","templated":true}]}}