{"id":33647,"date":"2023-02-22T18:44:01","date_gmt":"2023-02-22T17:44:01","guid":{"rendered":"http:\/\/preprod-dev.sh1.hidora.com\/webshop\/produit\/regulateur-solaire-lr-1218\/"},"modified":"2026-04-18T20:39:42","modified_gmt":"2026-04-18T18:39:42","slug":"regulateur-solaire-lr-1218","status":"publish","type":"product","link":"https:\/\/shop.bantam.ch\/fr\/produit\/regulateur-solaire-lr-1218\/","title":{"rendered":"R\u00e9gulateur de charge solaire LR 1218"},"content":{"rendered":"<p>Le r\u00e9gulateur solaire LR 1218 convient pour le chargement simultan\u00e9 de la batterie de d\u00e9marrage et de l\u2019espace de vie \u00e0 l\u2019aide d\u2019un module solaire.  Avec c\u00e2ble de raccordement pour service autonome ou raccord aux syst\u00e8mes Schaudt avec affichage du courant solaire int\u00e9gr\u00e9. <\/p>\n<p>Contenu de la livraison :<br \/>Avec kit de raccordement et fusibles avec supports. <\/p>\n<ul>\n<li>Tension finale de charge : 14,2 V<\/li>\n<li>Courant nominal : max. 18\u00a0A<\/li>\n<\/ul>\n","protected":false},"excerpt":{"rendered":"<p>Le r\u00e9gulateur solaire LR 1218 convient pour le chargement simultan\u00e9 de la batterie de d\u00e9marrage et de l\u2019espace de vie \u00e0 l\u2019aide d\u2019un module solaire. Avec c\u00e2ble de raccordement pour service autonome ou raccord aux syst\u00e8mes Schaudt avec affichage du courant solaire int\u00e9gr\u00e9. Contenu de la livraison :Avec kit de raccordement et fusibles avec supports. [&hellip;]<\/p>\n","protected":false},"featured_media":33645,"template":"","meta":{"_acf_changed":false},"product_featured_cat":[],"product_brand":[3078],"product_cat":[4877],"product_tag":[],"class_list":{"0":"post-33647","1":"product","2":"type-product","3":"status-publish","4":"has-post-thumbnail","6":"product_brand-schaudt","7":"product_cat-regulateurs-de-charge-solaire","9":"first","10":"instock","11":"taxable","12":"shipping-taxable","13":"purchasable","14":"product-type-simple"},"acf":[],"yoast_head":"<!-- This site is optimized with the Yoast SEO plugin v27.4 - https:\/\/yoast.com\/product\/yoast-seo-wordpress\/ -->\n<title>R\u00e9gulateur de charge solaire LR 1218 - Bantam Wankm\u00fcller SA<\/title>\n<meta name=\"robots\" content=\"index, follow, max-snippet:-1, max-image-preview:large, max-video-preview:-1\" \/>\n<link rel=\"canonical\" href=\"https:\/\/shop.bantam.ch\/fr\/produit\/regulateur-solaire-lr-1218\/\" \/>\n<meta property=\"og:locale\" content=\"fr_FR\" \/>\n<meta property=\"og:type\" content=\"article\" \/>\n<meta property=\"og:title\" content=\"R\u00e9gulateur de charge solaire LR 1218 - Bantam Wankm\u00fcller SA\" \/>\n<meta property=\"og:description\" content=\"Le r\u00e9gulateur solaire LR 1218 convient pour le chargement simultan\u00e9 de la batterie de d\u00e9marrage et de l\u2019espace de vie \u00e0 l\u2019aide d\u2019un module solaire. Avec c\u00e2ble de raccordement pour service autonome ou raccord aux syst\u00e8mes Schaudt avec affichage du courant solaire int\u00e9gr\u00e9. Contenu de la livraison :Avec kit de raccordement et fusibles avec supports. [&hellip;]\" \/>\n<meta property=\"og:url\" content=\"https:\/\/shop.bantam.ch\/fr\/produit\/regulateur-solaire-lr-1218\/\" \/>\n<meta property=\"og:site_name\" content=\"Bantam Wankm\u00fcller SA\" \/>\n<meta property=\"article:modified_time\" content=\"2026-04-18T18:39:42+00:00\" \/>\n<meta property=\"og:image\" content=\"https:\/\/shop.bantam.ch\/wp-content\/uploads\/2023\/02\/9985630-Solarladeregler_LR_1218_Universalausfuehrung_Vorgaenger_LR_1214_-Standard-01-1.jpg\" \/>\n\t<meta property=\"og:image:width\" content=\"760\" \/>\n\t<meta property=\"og:image:height\" content=\"1000\" \/>\n\t<meta property=\"og:image:type\" content=\"image\/jpeg\" \/>\n<meta name=\"twitter:card\" content=\"summary_large_image\" \/>\n<script type=\"application\/ld+json\" class=\"yoast-schema-graph\">{\"@context\":\"https:\\\/\\\/schema.org\",\"@graph\":[{\"@type\":\"WebPage\",\"@id\":\"https:\\\/\\\/shop.bantam.ch\\\/fr\\\/produit\\\/regulateur-solaire-lr-1218\\\/\",\"url\":\"https:\\\/\\\/shop.bantam.ch\\\/fr\\\/produit\\\/regulateur-solaire-lr-1218\\\/\",\"name\":\"R\u00e9gulateur de charge solaire LR 1218 - Bantam Wankm\u00fcller SA\",\"isPartOf\":{\"@id\":\"https:\\\/\\\/shop.bantam.ch\\\/fr\\\/#website\"},\"primaryImageOfPage\":{\"@id\":\"https:\\\/\\\/shop.bantam.ch\\\/fr\\\/produit\\\/regulateur-solaire-lr-1218\\\/#primaryimage\"},\"image\":{\"@id\":\"https:\\\/\\\/shop.bantam.ch\\\/fr\\\/produit\\\/regulateur-solaire-lr-1218\\\/#primaryimage\"},\"thumbnailUrl\":\"https:\\\/\\\/shop.bantam.ch\\\/wp-content\\\/uploads\\\/2023\\\/02\\\/9985630-Solarladeregler_LR_1218_Universalausfuehrung_Vorgaenger_LR_1214_-Standard-01-1.jpg\",\"datePublished\":\"2023-02-22T17:44:01+00:00\",\"dateModified\":\"2026-04-18T18:39:42+00:00\",\"breadcrumb\":{\"@id\":\"https:\\\/\\\/shop.bantam.ch\\\/fr\\\/produit\\\/regulateur-solaire-lr-1218\\\/#breadcrumb\"},\"inLanguage\":\"fr-FR\",\"potentialAction\":[{\"@type\":\"ReadAction\",\"target\":[\"https:\\\/\\\/shop.bantam.ch\\\/fr\\\/produit\\\/regulateur-solaire-lr-1218\\\/\"]}]},{\"@type\":\"ImageObject\",\"inLanguage\":\"fr-FR\",\"@id\":\"https:\\\/\\\/shop.bantam.ch\\\/fr\\\/produit\\\/regulateur-solaire-lr-1218\\\/#primaryimage\",\"url\":\"https:\\\/\\\/shop.bantam.ch\\\/wp-content\\\/uploads\\\/2023\\\/02\\\/9985630-Solarladeregler_LR_1218_Universalausfuehrung_Vorgaenger_LR_1214_-Standard-01-1.jpg\",\"contentUrl\":\"https:\\\/\\\/shop.bantam.ch\\\/wp-content\\\/uploads\\\/2023\\\/02\\\/9985630-Solarladeregler_LR_1218_Universalausfuehrung_Vorgaenger_LR_1214_-Standard-01-1.jpg\",\"width\":760,\"height\":1000},{\"@type\":\"BreadcrumbList\",\"@id\":\"https:\\\/\\\/shop.bantam.ch\\\/fr\\\/produit\\\/regulateur-solaire-lr-1218\\\/#breadcrumb\",\"itemListElement\":[{\"@type\":\"ListItem\",\"position\":1,\"name\":\"Accueil\",\"item\":\"https:\\\/\\\/shop.bantam.ch\\\/fr\\\/\"},{\"@type\":\"ListItem\",\"position\":2,\"name\":\"Boutique\",\"item\":\"https:\\\/\\\/shop.bantam.ch\\\/fr\\\/boutique\\\/\"},{\"@type\":\"ListItem\",\"position\":3,\"name\":\"R\u00e9gulateur de charge solaire LR 1218\"}]},{\"@type\":\"WebSite\",\"@id\":\"https:\\\/\\\/shop.bantam.ch\\\/fr\\\/#website\",\"url\":\"https:\\\/\\\/shop.bantam.ch\\\/fr\\\/\",\"name\":\"Bantam Wankm\u00fcller SA\",\"description\":\"\",\"publisher\":{\"@id\":\"https:\\\/\\\/shop.bantam.ch\\\/fr\\\/#organization\"},\"inLanguage\":\"fr-FR\"},{\"@type\":\"Organization\",\"@id\":\"https:\\\/\\\/shop.bantam.ch\\\/fr\\\/#organization\",\"name\":\"Bantam Wankm\u00fcller SA\",\"url\":\"https:\\\/\\\/shop.bantam.ch\\\/fr\\\/\",\"logo\":{\"@type\":\"ImageObject\",\"inLanguage\":\"fr-FR\",\"@id\":\"https:\\\/\\\/shop.bantam.ch\\\/fr\\\/#\\\/schema\\\/logo\\\/image\\\/\",\"url\":\"https:\\\/\\\/shop.bantam.ch\\\/wp-content\\\/uploads\\\/2022\\\/12\\\/bantam-logo.png\",\"contentUrl\":\"https:\\\/\\\/shop.bantam.ch\\\/wp-content\\\/uploads\\\/2022\\\/12\\\/bantam-logo.png\",\"width\":320,\"height\":71,\"caption\":\"Bantam Wankm\u00fcller SA\"},\"image\":{\"@id\":\"https:\\\/\\\/shop.bantam.ch\\\/fr\\\/#\\\/schema\\\/logo\\\/image\\\/\"}}]}<\/script>\n<!-- \/ Yoast SEO plugin. -->","yoast_head_json":{"title":"R\u00e9gulateur de charge solaire LR 1218 - Bantam Wankm\u00fcller SA","robots":{"index":"index","follow":"follow","max-snippet":"max-snippet:-1","max-image-preview":"max-image-preview:large","max-video-preview":"max-video-preview:-1"},"canonical":"https:\/\/shop.bantam.ch\/fr\/produit\/regulateur-solaire-lr-1218\/","og_locale":"fr_FR","og_type":"article","og_title":"R\u00e9gulateur de charge solaire LR 1218 - Bantam Wankm\u00fcller SA","og_description":"Le r\u00e9gulateur solaire LR 1218 convient pour le chargement simultan\u00e9 de la batterie de d\u00e9marrage et de l\u2019espace de vie \u00e0 l\u2019aide d\u2019un module solaire. Avec c\u00e2ble de raccordement pour service autonome ou raccord aux syst\u00e8mes Schaudt avec affichage du courant solaire int\u00e9gr\u00e9. Contenu de la livraison :Avec kit de raccordement et fusibles avec supports. [&hellip;]","og_url":"https:\/\/shop.bantam.ch\/fr\/produit\/regulateur-solaire-lr-1218\/","og_site_name":"Bantam Wankm\u00fcller SA","article_modified_time":"2026-04-18T18:39:42+00:00","og_image":[{"width":760,"height":1000,"url":"https:\/\/shop.bantam.ch\/wp-content\/uploads\/2023\/02\/9985630-Solarladeregler_LR_1218_Universalausfuehrung_Vorgaenger_LR_1214_-Standard-01-1.jpg","type":"image\/jpeg"}],"twitter_card":"summary_large_image","schema":{"@context":"https:\/\/schema.org","@graph":[{"@type":"WebPage","@id":"https:\/\/shop.bantam.ch\/fr\/produit\/regulateur-solaire-lr-1218\/","url":"https:\/\/shop.bantam.ch\/fr\/produit\/regulateur-solaire-lr-1218\/","name":"R\u00e9gulateur de charge solaire LR 1218 - Bantam Wankm\u00fcller SA","isPartOf":{"@id":"https:\/\/shop.bantam.ch\/fr\/#website"},"primaryImageOfPage":{"@id":"https:\/\/shop.bantam.ch\/fr\/produit\/regulateur-solaire-lr-1218\/#primaryimage"},"image":{"@id":"https:\/\/shop.bantam.ch\/fr\/produit\/regulateur-solaire-lr-1218\/#primaryimage"},"thumbnailUrl":"https:\/\/shop.bantam.ch\/wp-content\/uploads\/2023\/02\/9985630-Solarladeregler_LR_1218_Universalausfuehrung_Vorgaenger_LR_1214_-Standard-01-1.jpg","datePublished":"2023-02-22T17:44:01+00:00","dateModified":"2026-04-18T18:39:42+00:00","breadcrumb":{"@id":"https:\/\/shop.bantam.ch\/fr\/produit\/regulateur-solaire-lr-1218\/#breadcrumb"},"inLanguage":"fr-FR","potentialAction":[{"@type":"ReadAction","target":["https:\/\/shop.bantam.ch\/fr\/produit\/regulateur-solaire-lr-1218\/"]}]},{"@type":"ImageObject","inLanguage":"fr-FR","@id":"https:\/\/shop.bantam.ch\/fr\/produit\/regulateur-solaire-lr-1218\/#primaryimage","url":"https:\/\/shop.bantam.ch\/wp-content\/uploads\/2023\/02\/9985630-Solarladeregler_LR_1218_Universalausfuehrung_Vorgaenger_LR_1214_-Standard-01-1.jpg","contentUrl":"https:\/\/shop.bantam.ch\/wp-content\/uploads\/2023\/02\/9985630-Solarladeregler_LR_1218_Universalausfuehrung_Vorgaenger_LR_1214_-Standard-01-1.jpg","width":760,"height":1000},{"@type":"BreadcrumbList","@id":"https:\/\/shop.bantam.ch\/fr\/produit\/regulateur-solaire-lr-1218\/#breadcrumb","itemListElement":[{"@type":"ListItem","position":1,"name":"Accueil","item":"https:\/\/shop.bantam.ch\/fr\/"},{"@type":"ListItem","position":2,"name":"Boutique","item":"https:\/\/shop.bantam.ch\/fr\/boutique\/"},{"@type":"ListItem","position":3,"name":"R\u00e9gulateur de charge solaire LR 1218"}]},{"@type":"WebSite","@id":"https:\/\/shop.bantam.ch\/fr\/#website","url":"https:\/\/shop.bantam.ch\/fr\/","name":"Bantam Wankm\u00fcller SA","description":"","publisher":{"@id":"https:\/\/shop.bantam.ch\/fr\/#organization"},"inLanguage":"fr-FR"},{"@type":"Organization","@id":"https:\/\/shop.bantam.ch\/fr\/#organization","name":"Bantam Wankm\u00fcller SA","url":"https:\/\/shop.bantam.ch\/fr\/","logo":{"@type":"ImageObject","inLanguage":"fr-FR","@id":"https:\/\/shop.bantam.ch\/fr\/#\/schema\/logo\/image\/","url":"https:\/\/shop.bantam.ch\/wp-content\/uploads\/2022\/12\/bantam-logo.png","contentUrl":"https:\/\/shop.bantam.ch\/wp-content\/uploads\/2022\/12\/bantam-logo.png","width":320,"height":71,"caption":"Bantam Wankm\u00fcller SA"},"image":{"@id":"https:\/\/shop.bantam.ch\/fr\/#\/schema\/logo\/image\/"}}]}},"_links":{"self":[{"href":"https:\/\/shop.bantam.ch\/fr\/wp-json\/wp\/v2\/product\/33647","targetHints":{"allow":["GET"]}}],"collection":[{"href":"https:\/\/shop.bantam.ch\/fr\/wp-json\/wp\/v2\/product"}],"about":[{"href":"https:\/\/shop.bantam.ch\/fr\/wp-json\/wp\/v2\/types\/product"}],"wp:featuredmedia":[{"embeddable":true,"href":"https:\/\/shop.bantam.ch\/fr\/wp-json\/wp\/v2\/media\/33645"}],"wp:attachment":[{"href":"https:\/\/shop.bantam.ch\/fr\/wp-json\/wp\/v2\/media?parent=33647"}],"wp:term":[{"taxonomy":"product_featured_cat","embeddable":true,"href":"https:\/\/shop.bantam.ch\/fr\/wp-json\/wp\/v2\/product_featured_cat?post=33647"},{"taxonomy":"product_brand","embeddable":true,"href":"https:\/\/shop.bantam.ch\/fr\/wp-json\/wp\/v2\/product_brand?post=33647"},{"taxonomy":"product_cat","embeddable":true,"href":"https:\/\/shop.bantam.ch\/fr\/wp-json\/wp\/v2\/product_cat?post=33647"},{"taxonomy":"product_tag","embeddable":true,"href":"https:\/\/shop.bantam.ch\/fr\/wp-json\/wp\/v2\/product_tag?post=33647"}],"curies":[{"name":"wp","href":"https:\/\/api.w.org\/{rel}","templated":true}]}}