{"id":33625,"date":"2023-02-22T18:43:33","date_gmt":"2023-02-22T17:43:33","guid":{"rendered":"http:\/\/preprod-dev.sh1.hidora.com\/webshop\/produit\/afficheur-solaire-ii\/"},"modified":"2026-04-17T20:39:26","modified_gmt":"2026-04-17T18:39:26","slug":"afficheur-solaire-ii","status":"publish","type":"product","link":"https:\/\/shop.bantam.ch\/fr\/produit\/afficheur-solaire-ii\/","title":{"rendered":"Afficheur solaire B\u00fcttner MT III pour r\u00e9gulateur solaire gris clair"},"content":{"rendered":"<p>Instruments \u00e0 encastrer branch\u00e9s avec le c\u00e2ble (5\u00a0m) fourni sur tout r\u00e9gulateur solaire MT. Sans n\u00e9cessit\u00e9 de c\u00e2blage suppl\u00e9mentaire, permet de lire facilement la puissance instantan\u00e9e de l\u2018installation solaire. L\u2019afficheur solaire avec un grand \u00e9cran \u00e0 LD et de nombreuses fonctions suppl\u00e9mentaires.<\/p>\n","protected":false},"excerpt":{"rendered":"<p>Instruments \u00e0 encastrer branch\u00e9s avec le c\u00e2ble (5\u00a0m) fourni sur tout r\u00e9gulateur solaire MT. Sans n\u00e9cessit\u00e9 de c\u00e2blage suppl\u00e9mentaire, permet de lire facilement la puissance instantan\u00e9e de l\u2018installation solaire. L\u2019afficheur solaire avec un grand \u00e9cran \u00e0 LD et de nombreuses fonctions suppl\u00e9mentaires.<\/p>\n","protected":false},"featured_media":33619,"template":"","meta":{"_acf_changed":false},"product_featured_cat":[],"product_brand":[3068],"product_cat":[4881],"product_tag":[],"class_list":{"0":"post-33625","1":"product","2":"type-product","3":"status-publish","4":"has-post-thumbnail","6":"product_brand-buttner-elektronik","7":"product_cat-indicateurs-solaires","9":"first","10":"instock","11":"taxable","12":"shipping-taxable","13":"purchasable","14":"product-type-simple"},"acf":[],"yoast_head":"<!-- This site is optimized with the Yoast SEO plugin v27.4 - https:\/\/yoast.com\/product\/yoast-seo-wordpress\/ -->\n<title>Afficheur solaire B\u00fcttner MT III pour r\u00e9gulateur solaire gris clair - Bantam Wankm\u00fcller SA<\/title>\n<meta name=\"robots\" content=\"index, follow, max-snippet:-1, max-image-preview:large, max-video-preview:-1\" \/>\n<link rel=\"canonical\" href=\"https:\/\/shop.bantam.ch\/fr\/produit\/afficheur-solaire-ii\/\" \/>\n<meta property=\"og:locale\" content=\"fr_FR\" \/>\n<meta property=\"og:type\" content=\"article\" \/>\n<meta property=\"og:title\" content=\"Afficheur solaire B\u00fcttner MT III pour r\u00e9gulateur solaire gris clair - Bantam Wankm\u00fcller SA\" \/>\n<meta property=\"og:description\" content=\"Instruments \u00e0 encastrer branch\u00e9s avec le c\u00e2ble (5\u00a0m) fourni sur tout r\u00e9gulateur solaire MT. Sans n\u00e9cessit\u00e9 de c\u00e2blage suppl\u00e9mentaire, permet de lire facilement la puissance instantan\u00e9e de l\u2018installation solaire. L\u2019afficheur solaire avec un grand \u00e9cran \u00e0 LD et de nombreuses fonctions suppl\u00e9mentaires.\" \/>\n<meta property=\"og:url\" content=\"https:\/\/shop.bantam.ch\/fr\/produit\/afficheur-solaire-ii\/\" \/>\n<meta property=\"og:site_name\" content=\"Bantam Wankm\u00fcller SA\" \/>\n<meta property=\"article:modified_time\" content=\"2026-04-17T18:39:26+00:00\" \/>\n<meta property=\"og:image\" content=\"https:\/\/shop.bantam.ch\/wp-content\/uploads\/2023\/02\/9985777-Solar-Fernanzeige_2-Standard-01-1.jpg\" \/>\n\t<meta property=\"og:image:width\" content=\"835\" \/>\n\t<meta property=\"og:image:height\" content=\"1000\" \/>\n\t<meta property=\"og:image:type\" content=\"image\/jpeg\" \/>\n<meta name=\"twitter:card\" content=\"summary_large_image\" \/>\n<script type=\"application\/ld+json\" class=\"yoast-schema-graph\">{\"@context\":\"https:\\\/\\\/schema.org\",\"@graph\":[{\"@type\":\"WebPage\",\"@id\":\"https:\\\/\\\/shop.bantam.ch\\\/fr\\\/produit\\\/afficheur-solaire-ii\\\/\",\"url\":\"https:\\\/\\\/shop.bantam.ch\\\/fr\\\/produit\\\/afficheur-solaire-ii\\\/\",\"name\":\"Afficheur solaire B\u00fcttner MT III pour r\u00e9gulateur solaire gris clair - Bantam Wankm\u00fcller SA\",\"isPartOf\":{\"@id\":\"https:\\\/\\\/shop.bantam.ch\\\/fr\\\/#website\"},\"primaryImageOfPage\":{\"@id\":\"https:\\\/\\\/shop.bantam.ch\\\/fr\\\/produit\\\/afficheur-solaire-ii\\\/#primaryimage\"},\"image\":{\"@id\":\"https:\\\/\\\/shop.bantam.ch\\\/fr\\\/produit\\\/afficheur-solaire-ii\\\/#primaryimage\"},\"thumbnailUrl\":\"https:\\\/\\\/shop.bantam.ch\\\/wp-content\\\/uploads\\\/2023\\\/02\\\/9985777-Solar-Fernanzeige_2-Standard-01-1.jpg\",\"datePublished\":\"2023-02-22T17:43:33+00:00\",\"dateModified\":\"2026-04-17T18:39:26+00:00\",\"breadcrumb\":{\"@id\":\"https:\\\/\\\/shop.bantam.ch\\\/fr\\\/produit\\\/afficheur-solaire-ii\\\/#breadcrumb\"},\"inLanguage\":\"fr-FR\",\"potentialAction\":[{\"@type\":\"ReadAction\",\"target\":[\"https:\\\/\\\/shop.bantam.ch\\\/fr\\\/produit\\\/afficheur-solaire-ii\\\/\"]}]},{\"@type\":\"ImageObject\",\"inLanguage\":\"fr-FR\",\"@id\":\"https:\\\/\\\/shop.bantam.ch\\\/fr\\\/produit\\\/afficheur-solaire-ii\\\/#primaryimage\",\"url\":\"https:\\\/\\\/shop.bantam.ch\\\/wp-content\\\/uploads\\\/2023\\\/02\\\/9985777-Solar-Fernanzeige_2-Standard-01-1.jpg\",\"contentUrl\":\"https:\\\/\\\/shop.bantam.ch\\\/wp-content\\\/uploads\\\/2023\\\/02\\\/9985777-Solar-Fernanzeige_2-Standard-01-1.jpg\",\"width\":835,\"height\":1000},{\"@type\":\"BreadcrumbList\",\"@id\":\"https:\\\/\\\/shop.bantam.ch\\\/fr\\\/produit\\\/afficheur-solaire-ii\\\/#breadcrumb\",\"itemListElement\":[{\"@type\":\"ListItem\",\"position\":1,\"name\":\"Accueil\",\"item\":\"https:\\\/\\\/shop.bantam.ch\\\/fr\\\/\"},{\"@type\":\"ListItem\",\"position\":2,\"name\":\"Boutique\",\"item\":\"https:\\\/\\\/shop.bantam.ch\\\/fr\\\/boutique\\\/\"},{\"@type\":\"ListItem\",\"position\":3,\"name\":\"Afficheur solaire B\u00fcttner MT III pour r\u00e9gulateur solaire gris clair\"}]},{\"@type\":\"WebSite\",\"@id\":\"https:\\\/\\\/shop.bantam.ch\\\/fr\\\/#website\",\"url\":\"https:\\\/\\\/shop.bantam.ch\\\/fr\\\/\",\"name\":\"Bantam Wankm\u00fcller SA\",\"description\":\"\",\"publisher\":{\"@id\":\"https:\\\/\\\/shop.bantam.ch\\\/fr\\\/#organization\"},\"inLanguage\":\"fr-FR\"},{\"@type\":\"Organization\",\"@id\":\"https:\\\/\\\/shop.bantam.ch\\\/fr\\\/#organization\",\"name\":\"Bantam Wankm\u00fcller SA\",\"url\":\"https:\\\/\\\/shop.bantam.ch\\\/fr\\\/\",\"logo\":{\"@type\":\"ImageObject\",\"inLanguage\":\"fr-FR\",\"@id\":\"https:\\\/\\\/shop.bantam.ch\\\/fr\\\/#\\\/schema\\\/logo\\\/image\\\/\",\"url\":\"https:\\\/\\\/shop.bantam.ch\\\/wp-content\\\/uploads\\\/2022\\\/12\\\/bantam-logo.png\",\"contentUrl\":\"https:\\\/\\\/shop.bantam.ch\\\/wp-content\\\/uploads\\\/2022\\\/12\\\/bantam-logo.png\",\"width\":320,\"height\":71,\"caption\":\"Bantam Wankm\u00fcller SA\"},\"image\":{\"@id\":\"https:\\\/\\\/shop.bantam.ch\\\/fr\\\/#\\\/schema\\\/logo\\\/image\\\/\"}}]}<\/script>\n<!-- \/ Yoast SEO plugin. -->","yoast_head_json":{"title":"Afficheur solaire B\u00fcttner MT III pour r\u00e9gulateur solaire gris clair - Bantam Wankm\u00fcller SA","robots":{"index":"index","follow":"follow","max-snippet":"max-snippet:-1","max-image-preview":"max-image-preview:large","max-video-preview":"max-video-preview:-1"},"canonical":"https:\/\/shop.bantam.ch\/fr\/produit\/afficheur-solaire-ii\/","og_locale":"fr_FR","og_type":"article","og_title":"Afficheur solaire B\u00fcttner MT III pour r\u00e9gulateur solaire gris clair - Bantam Wankm\u00fcller SA","og_description":"Instruments \u00e0 encastrer branch\u00e9s avec le c\u00e2ble (5\u00a0m) fourni sur tout r\u00e9gulateur solaire MT. Sans n\u00e9cessit\u00e9 de c\u00e2blage suppl\u00e9mentaire, permet de lire facilement la puissance instantan\u00e9e de l\u2018installation solaire. L\u2019afficheur solaire avec un grand \u00e9cran \u00e0 LD et de nombreuses fonctions suppl\u00e9mentaires.","og_url":"https:\/\/shop.bantam.ch\/fr\/produit\/afficheur-solaire-ii\/","og_site_name":"Bantam Wankm\u00fcller SA","article_modified_time":"2026-04-17T18:39:26+00:00","og_image":[{"width":835,"height":1000,"url":"https:\/\/shop.bantam.ch\/wp-content\/uploads\/2023\/02\/9985777-Solar-Fernanzeige_2-Standard-01-1.jpg","type":"image\/jpeg"}],"twitter_card":"summary_large_image","schema":{"@context":"https:\/\/schema.org","@graph":[{"@type":"WebPage","@id":"https:\/\/shop.bantam.ch\/fr\/produit\/afficheur-solaire-ii\/","url":"https:\/\/shop.bantam.ch\/fr\/produit\/afficheur-solaire-ii\/","name":"Afficheur solaire B\u00fcttner MT III pour r\u00e9gulateur solaire gris clair - Bantam Wankm\u00fcller SA","isPartOf":{"@id":"https:\/\/shop.bantam.ch\/fr\/#website"},"primaryImageOfPage":{"@id":"https:\/\/shop.bantam.ch\/fr\/produit\/afficheur-solaire-ii\/#primaryimage"},"image":{"@id":"https:\/\/shop.bantam.ch\/fr\/produit\/afficheur-solaire-ii\/#primaryimage"},"thumbnailUrl":"https:\/\/shop.bantam.ch\/wp-content\/uploads\/2023\/02\/9985777-Solar-Fernanzeige_2-Standard-01-1.jpg","datePublished":"2023-02-22T17:43:33+00:00","dateModified":"2026-04-17T18:39:26+00:00","breadcrumb":{"@id":"https:\/\/shop.bantam.ch\/fr\/produit\/afficheur-solaire-ii\/#breadcrumb"},"inLanguage":"fr-FR","potentialAction":[{"@type":"ReadAction","target":["https:\/\/shop.bantam.ch\/fr\/produit\/afficheur-solaire-ii\/"]}]},{"@type":"ImageObject","inLanguage":"fr-FR","@id":"https:\/\/shop.bantam.ch\/fr\/produit\/afficheur-solaire-ii\/#primaryimage","url":"https:\/\/shop.bantam.ch\/wp-content\/uploads\/2023\/02\/9985777-Solar-Fernanzeige_2-Standard-01-1.jpg","contentUrl":"https:\/\/shop.bantam.ch\/wp-content\/uploads\/2023\/02\/9985777-Solar-Fernanzeige_2-Standard-01-1.jpg","width":835,"height":1000},{"@type":"BreadcrumbList","@id":"https:\/\/shop.bantam.ch\/fr\/produit\/afficheur-solaire-ii\/#breadcrumb","itemListElement":[{"@type":"ListItem","position":1,"name":"Accueil","item":"https:\/\/shop.bantam.ch\/fr\/"},{"@type":"ListItem","position":2,"name":"Boutique","item":"https:\/\/shop.bantam.ch\/fr\/boutique\/"},{"@type":"ListItem","position":3,"name":"Afficheur solaire B\u00fcttner MT III pour r\u00e9gulateur solaire gris clair"}]},{"@type":"WebSite","@id":"https:\/\/shop.bantam.ch\/fr\/#website","url":"https:\/\/shop.bantam.ch\/fr\/","name":"Bantam Wankm\u00fcller SA","description":"","publisher":{"@id":"https:\/\/shop.bantam.ch\/fr\/#organization"},"inLanguage":"fr-FR"},{"@type":"Organization","@id":"https:\/\/shop.bantam.ch\/fr\/#organization","name":"Bantam Wankm\u00fcller SA","url":"https:\/\/shop.bantam.ch\/fr\/","logo":{"@type":"ImageObject","inLanguage":"fr-FR","@id":"https:\/\/shop.bantam.ch\/fr\/#\/schema\/logo\/image\/","url":"https:\/\/shop.bantam.ch\/wp-content\/uploads\/2022\/12\/bantam-logo.png","contentUrl":"https:\/\/shop.bantam.ch\/wp-content\/uploads\/2022\/12\/bantam-logo.png","width":320,"height":71,"caption":"Bantam Wankm\u00fcller SA"},"image":{"@id":"https:\/\/shop.bantam.ch\/fr\/#\/schema\/logo\/image\/"}}]}},"_links":{"self":[{"href":"https:\/\/shop.bantam.ch\/fr\/wp-json\/wp\/v2\/product\/33625","targetHints":{"allow":["GET"]}}],"collection":[{"href":"https:\/\/shop.bantam.ch\/fr\/wp-json\/wp\/v2\/product"}],"about":[{"href":"https:\/\/shop.bantam.ch\/fr\/wp-json\/wp\/v2\/types\/product"}],"wp:featuredmedia":[{"embeddable":true,"href":"https:\/\/shop.bantam.ch\/fr\/wp-json\/wp\/v2\/media\/33619"}],"wp:attachment":[{"href":"https:\/\/shop.bantam.ch\/fr\/wp-json\/wp\/v2\/media?parent=33625"}],"wp:term":[{"taxonomy":"product_featured_cat","embeddable":true,"href":"https:\/\/shop.bantam.ch\/fr\/wp-json\/wp\/v2\/product_featured_cat?post=33625"},{"taxonomy":"product_brand","embeddable":true,"href":"https:\/\/shop.bantam.ch\/fr\/wp-json\/wp\/v2\/product_brand?post=33625"},{"taxonomy":"product_cat","embeddable":true,"href":"https:\/\/shop.bantam.ch\/fr\/wp-json\/wp\/v2\/product_cat?post=33625"},{"taxonomy":"product_tag","embeddable":true,"href":"https:\/\/shop.bantam.ch\/fr\/wp-json\/wp\/v2\/product_tag?post=33625"}],"curies":[{"name":"wp","href":"https:\/\/api.w.org\/{rel}","templated":true}]}}