{"id":33595,"date":"2023-02-22T18:42:57","date_gmt":"2023-02-22T17:42:57","guid":{"rendered":"http:\/\/preprod-dev.sh1.hidora.com\/webshop\/produit\/profile-dangle-mt-ep-4\/"},"modified":"2026-04-18T20:39:35","modified_gmt":"2026-04-18T18:39:35","slug":"profile-dangle-mt-ep-4","status":"publish","type":"product","link":"https:\/\/shop.bantam.ch\/fr\/produit\/profile-dangle-mt-ep-4\/","title":{"rendered":"Kit d\u2019angle B\u00fcttner MT-EP 4 pour module solaire 4 profil\u00e9s d\u2019angles = 1 lot"},"content":{"rendered":"<p>Profil\u00e9s d\u2019angle stables et r\u00e9sistants aux UV pouvant \u00eatre viss\u00e9s sur tous les panneaux solaires avec cadre int\u00e9gral en aluminium.  Ils garantissent une ventilation optimale, se fixent avec le kit de collage sur les toits des v\u00e9hicules sans avoir besoin de percer de trous.<\/p>\n<p>Contenu\u00a0:<br \/>4 profil\u00e9s d\u2019angle<\/p>\n","protected":false},"excerpt":{"rendered":"<p>Profil\u00e9s d\u2019angle stables et r\u00e9sistants aux UV pouvant \u00eatre viss\u00e9s sur tous les panneaux solaires avec cadre int\u00e9gral en aluminium. Ils garantissent une ventilation optimale, se fixent avec le kit de collage sur les toits des v\u00e9hicules sans avoir besoin de percer de trous. Contenu\u00a0:4 profil\u00e9s d\u2019angle<\/p>\n","protected":false},"featured_media":33593,"template":"","meta":{"_acf_changed":false},"product_featured_cat":[],"product_brand":[3068],"product_cat":[4875],"product_tag":[],"class_list":{"0":"post-33595","1":"product","2":"type-product","3":"status-publish","4":"has-post-thumbnail","6":"product_brand-buttner-elektronik","7":"product_cat-supports-de-module","9":"first","10":"instock","11":"taxable","12":"shipping-taxable","13":"purchasable","14":"product-type-simple"},"acf":[],"yoast_head":"<!-- This site is optimized with the Yoast SEO plugin v27.4 - https:\/\/yoast.com\/product\/yoast-seo-wordpress\/ -->\n<title>Kit d\u2019angle B\u00fcttner MT-EP 4 pour module solaire 4 profil\u00e9s d\u2019angles = 1 lot - Bantam Wankm\u00fcller SA<\/title>\n<meta name=\"robots\" content=\"index, follow, max-snippet:-1, max-image-preview:large, max-video-preview:-1\" \/>\n<link rel=\"canonical\" href=\"https:\/\/shop.bantam.ch\/fr\/produit\/profile-dangle-mt-ep-4\/\" \/>\n<meta property=\"og:locale\" content=\"fr_FR\" \/>\n<meta property=\"og:type\" content=\"article\" \/>\n<meta property=\"og:title\" content=\"Kit d\u2019angle B\u00fcttner MT-EP 4 pour module solaire 4 profil\u00e9s d\u2019angles = 1 lot - Bantam Wankm\u00fcller SA\" \/>\n<meta property=\"og:description\" content=\"Profil\u00e9s d\u2019angle stables et r\u00e9sistants aux UV pouvant \u00eatre viss\u00e9s sur tous les panneaux solaires avec cadre int\u00e9gral en aluminium. Ils garantissent une ventilation optimale, se fixent avec le kit de collage sur les toits des v\u00e9hicules sans avoir besoin de percer de trous. Contenu\u00a0:4 profil\u00e9s d\u2019angle\" \/>\n<meta property=\"og:url\" content=\"https:\/\/shop.bantam.ch\/fr\/produit\/profile-dangle-mt-ep-4\/\" \/>\n<meta property=\"og:site_name\" content=\"Bantam Wankm\u00fcller SA\" \/>\n<meta property=\"article:modified_time\" content=\"2026-04-18T18:39:35+00:00\" \/>\n<meta property=\"og:image\" content=\"https:\/\/shop.bantam.ch\/wp-content\/uploads\/2023\/02\/9985680-4_Eckprofile_fuer_1_Solarmodul_1_Pack-Standard-01-1.jpg\" \/>\n\t<meta property=\"og:image:width\" content=\"1000\" \/>\n\t<meta property=\"og:image:height\" content=\"669\" \/>\n\t<meta property=\"og:image:type\" content=\"image\/jpeg\" \/>\n<meta name=\"twitter:card\" content=\"summary_large_image\" \/>\n<script type=\"application\/ld+json\" class=\"yoast-schema-graph\">{\"@context\":\"https:\\\/\\\/schema.org\",\"@graph\":[{\"@type\":\"WebPage\",\"@id\":\"https:\\\/\\\/shop.bantam.ch\\\/fr\\\/produit\\\/profile-dangle-mt-ep-4\\\/\",\"url\":\"https:\\\/\\\/shop.bantam.ch\\\/fr\\\/produit\\\/profile-dangle-mt-ep-4\\\/\",\"name\":\"Kit d\u2019angle B\u00fcttner MT-EP 4 pour module solaire 4 profil\u00e9s d\u2019angles = 1 lot - Bantam Wankm\u00fcller SA\",\"isPartOf\":{\"@id\":\"https:\\\/\\\/shop.bantam.ch\\\/fr\\\/#website\"},\"primaryImageOfPage\":{\"@id\":\"https:\\\/\\\/shop.bantam.ch\\\/fr\\\/produit\\\/profile-dangle-mt-ep-4\\\/#primaryimage\"},\"image\":{\"@id\":\"https:\\\/\\\/shop.bantam.ch\\\/fr\\\/produit\\\/profile-dangle-mt-ep-4\\\/#primaryimage\"},\"thumbnailUrl\":\"https:\\\/\\\/shop.bantam.ch\\\/wp-content\\\/uploads\\\/2023\\\/02\\\/9985680-4_Eckprofile_fuer_1_Solarmodul_1_Pack-Standard-01-1.jpg\",\"datePublished\":\"2023-02-22T17:42:57+00:00\",\"dateModified\":\"2026-04-18T18:39:35+00:00\",\"breadcrumb\":{\"@id\":\"https:\\\/\\\/shop.bantam.ch\\\/fr\\\/produit\\\/profile-dangle-mt-ep-4\\\/#breadcrumb\"},\"inLanguage\":\"fr-FR\",\"potentialAction\":[{\"@type\":\"ReadAction\",\"target\":[\"https:\\\/\\\/shop.bantam.ch\\\/fr\\\/produit\\\/profile-dangle-mt-ep-4\\\/\"]}]},{\"@type\":\"ImageObject\",\"inLanguage\":\"fr-FR\",\"@id\":\"https:\\\/\\\/shop.bantam.ch\\\/fr\\\/produit\\\/profile-dangle-mt-ep-4\\\/#primaryimage\",\"url\":\"https:\\\/\\\/shop.bantam.ch\\\/wp-content\\\/uploads\\\/2023\\\/02\\\/9985680-4_Eckprofile_fuer_1_Solarmodul_1_Pack-Standard-01-1.jpg\",\"contentUrl\":\"https:\\\/\\\/shop.bantam.ch\\\/wp-content\\\/uploads\\\/2023\\\/02\\\/9985680-4_Eckprofile_fuer_1_Solarmodul_1_Pack-Standard-01-1.jpg\",\"width\":1000,\"height\":669},{\"@type\":\"BreadcrumbList\",\"@id\":\"https:\\\/\\\/shop.bantam.ch\\\/fr\\\/produit\\\/profile-dangle-mt-ep-4\\\/#breadcrumb\",\"itemListElement\":[{\"@type\":\"ListItem\",\"position\":1,\"name\":\"Accueil\",\"item\":\"https:\\\/\\\/shop.bantam.ch\\\/fr\\\/\"},{\"@type\":\"ListItem\",\"position\":2,\"name\":\"Boutique\",\"item\":\"https:\\\/\\\/shop.bantam.ch\\\/fr\\\/boutique\\\/\"},{\"@type\":\"ListItem\",\"position\":3,\"name\":\"Kit d\u2019angle B\u00fcttner MT-EP 4 pour module solaire 4 profil\u00e9s d\u2019angles = 1 lot\"}]},{\"@type\":\"WebSite\",\"@id\":\"https:\\\/\\\/shop.bantam.ch\\\/fr\\\/#website\",\"url\":\"https:\\\/\\\/shop.bantam.ch\\\/fr\\\/\",\"name\":\"Bantam Wankm\u00fcller SA\",\"description\":\"\",\"publisher\":{\"@id\":\"https:\\\/\\\/shop.bantam.ch\\\/fr\\\/#organization\"},\"inLanguage\":\"fr-FR\"},{\"@type\":\"Organization\",\"@id\":\"https:\\\/\\\/shop.bantam.ch\\\/fr\\\/#organization\",\"name\":\"Bantam Wankm\u00fcller SA\",\"url\":\"https:\\\/\\\/shop.bantam.ch\\\/fr\\\/\",\"logo\":{\"@type\":\"ImageObject\",\"inLanguage\":\"fr-FR\",\"@id\":\"https:\\\/\\\/shop.bantam.ch\\\/fr\\\/#\\\/schema\\\/logo\\\/image\\\/\",\"url\":\"https:\\\/\\\/shop.bantam.ch\\\/wp-content\\\/uploads\\\/2022\\\/12\\\/bantam-logo.png\",\"contentUrl\":\"https:\\\/\\\/shop.bantam.ch\\\/wp-content\\\/uploads\\\/2022\\\/12\\\/bantam-logo.png\",\"width\":320,\"height\":71,\"caption\":\"Bantam Wankm\u00fcller SA\"},\"image\":{\"@id\":\"https:\\\/\\\/shop.bantam.ch\\\/fr\\\/#\\\/schema\\\/logo\\\/image\\\/\"}}]}<\/script>\n<!-- \/ Yoast SEO plugin. -->","yoast_head_json":{"title":"Kit d\u2019angle B\u00fcttner MT-EP 4 pour module solaire 4 profil\u00e9s d\u2019angles = 1 lot - Bantam Wankm\u00fcller SA","robots":{"index":"index","follow":"follow","max-snippet":"max-snippet:-1","max-image-preview":"max-image-preview:large","max-video-preview":"max-video-preview:-1"},"canonical":"https:\/\/shop.bantam.ch\/fr\/produit\/profile-dangle-mt-ep-4\/","og_locale":"fr_FR","og_type":"article","og_title":"Kit d\u2019angle B\u00fcttner MT-EP 4 pour module solaire 4 profil\u00e9s d\u2019angles = 1 lot - Bantam Wankm\u00fcller SA","og_description":"Profil\u00e9s d\u2019angle stables et r\u00e9sistants aux UV pouvant \u00eatre viss\u00e9s sur tous les panneaux solaires avec cadre int\u00e9gral en aluminium. Ils garantissent une ventilation optimale, se fixent avec le kit de collage sur les toits des v\u00e9hicules sans avoir besoin de percer de trous. Contenu\u00a0:4 profil\u00e9s d\u2019angle","og_url":"https:\/\/shop.bantam.ch\/fr\/produit\/profile-dangle-mt-ep-4\/","og_site_name":"Bantam Wankm\u00fcller SA","article_modified_time":"2026-04-18T18:39:35+00:00","og_image":[{"width":1000,"height":669,"url":"https:\/\/shop.bantam.ch\/wp-content\/uploads\/2023\/02\/9985680-4_Eckprofile_fuer_1_Solarmodul_1_Pack-Standard-01-1.jpg","type":"image\/jpeg"}],"twitter_card":"summary_large_image","schema":{"@context":"https:\/\/schema.org","@graph":[{"@type":"WebPage","@id":"https:\/\/shop.bantam.ch\/fr\/produit\/profile-dangle-mt-ep-4\/","url":"https:\/\/shop.bantam.ch\/fr\/produit\/profile-dangle-mt-ep-4\/","name":"Kit d\u2019angle B\u00fcttner MT-EP 4 pour module solaire 4 profil\u00e9s d\u2019angles = 1 lot - Bantam Wankm\u00fcller SA","isPartOf":{"@id":"https:\/\/shop.bantam.ch\/fr\/#website"},"primaryImageOfPage":{"@id":"https:\/\/shop.bantam.ch\/fr\/produit\/profile-dangle-mt-ep-4\/#primaryimage"},"image":{"@id":"https:\/\/shop.bantam.ch\/fr\/produit\/profile-dangle-mt-ep-4\/#primaryimage"},"thumbnailUrl":"https:\/\/shop.bantam.ch\/wp-content\/uploads\/2023\/02\/9985680-4_Eckprofile_fuer_1_Solarmodul_1_Pack-Standard-01-1.jpg","datePublished":"2023-02-22T17:42:57+00:00","dateModified":"2026-04-18T18:39:35+00:00","breadcrumb":{"@id":"https:\/\/shop.bantam.ch\/fr\/produit\/profile-dangle-mt-ep-4\/#breadcrumb"},"inLanguage":"fr-FR","potentialAction":[{"@type":"ReadAction","target":["https:\/\/shop.bantam.ch\/fr\/produit\/profile-dangle-mt-ep-4\/"]}]},{"@type":"ImageObject","inLanguage":"fr-FR","@id":"https:\/\/shop.bantam.ch\/fr\/produit\/profile-dangle-mt-ep-4\/#primaryimage","url":"https:\/\/shop.bantam.ch\/wp-content\/uploads\/2023\/02\/9985680-4_Eckprofile_fuer_1_Solarmodul_1_Pack-Standard-01-1.jpg","contentUrl":"https:\/\/shop.bantam.ch\/wp-content\/uploads\/2023\/02\/9985680-4_Eckprofile_fuer_1_Solarmodul_1_Pack-Standard-01-1.jpg","width":1000,"height":669},{"@type":"BreadcrumbList","@id":"https:\/\/shop.bantam.ch\/fr\/produit\/profile-dangle-mt-ep-4\/#breadcrumb","itemListElement":[{"@type":"ListItem","position":1,"name":"Accueil","item":"https:\/\/shop.bantam.ch\/fr\/"},{"@type":"ListItem","position":2,"name":"Boutique","item":"https:\/\/shop.bantam.ch\/fr\/boutique\/"},{"@type":"ListItem","position":3,"name":"Kit d\u2019angle B\u00fcttner MT-EP 4 pour module solaire 4 profil\u00e9s d\u2019angles = 1 lot"}]},{"@type":"WebSite","@id":"https:\/\/shop.bantam.ch\/fr\/#website","url":"https:\/\/shop.bantam.ch\/fr\/","name":"Bantam Wankm\u00fcller SA","description":"","publisher":{"@id":"https:\/\/shop.bantam.ch\/fr\/#organization"},"inLanguage":"fr-FR"},{"@type":"Organization","@id":"https:\/\/shop.bantam.ch\/fr\/#organization","name":"Bantam Wankm\u00fcller SA","url":"https:\/\/shop.bantam.ch\/fr\/","logo":{"@type":"ImageObject","inLanguage":"fr-FR","@id":"https:\/\/shop.bantam.ch\/fr\/#\/schema\/logo\/image\/","url":"https:\/\/shop.bantam.ch\/wp-content\/uploads\/2022\/12\/bantam-logo.png","contentUrl":"https:\/\/shop.bantam.ch\/wp-content\/uploads\/2022\/12\/bantam-logo.png","width":320,"height":71,"caption":"Bantam Wankm\u00fcller SA"},"image":{"@id":"https:\/\/shop.bantam.ch\/fr\/#\/schema\/logo\/image\/"}}]}},"_links":{"self":[{"href":"https:\/\/shop.bantam.ch\/fr\/wp-json\/wp\/v2\/product\/33595","targetHints":{"allow":["GET"]}}],"collection":[{"href":"https:\/\/shop.bantam.ch\/fr\/wp-json\/wp\/v2\/product"}],"about":[{"href":"https:\/\/shop.bantam.ch\/fr\/wp-json\/wp\/v2\/types\/product"}],"wp:featuredmedia":[{"embeddable":true,"href":"https:\/\/shop.bantam.ch\/fr\/wp-json\/wp\/v2\/media\/33593"}],"wp:attachment":[{"href":"https:\/\/shop.bantam.ch\/fr\/wp-json\/wp\/v2\/media?parent=33595"}],"wp:term":[{"taxonomy":"product_featured_cat","embeddable":true,"href":"https:\/\/shop.bantam.ch\/fr\/wp-json\/wp\/v2\/product_featured_cat?post=33595"},{"taxonomy":"product_brand","embeddable":true,"href":"https:\/\/shop.bantam.ch\/fr\/wp-json\/wp\/v2\/product_brand?post=33595"},{"taxonomy":"product_cat","embeddable":true,"href":"https:\/\/shop.bantam.ch\/fr\/wp-json\/wp\/v2\/product_cat?post=33595"},{"taxonomy":"product_tag","embeddable":true,"href":"https:\/\/shop.bantam.ch\/fr\/wp-json\/wp\/v2\/product_tag?post=33595"}],"curies":[{"name":"wp","href":"https:\/\/api.w.org\/{rel}","templated":true}]}}