{"id":33513,"date":"2023-02-22T18:41:38","date_gmt":"2023-02-22T17:41:38","guid":{"rendered":"http:\/\/preprod-dev.sh1.hidora.com\/webshop\/produit\/porte-velo-elite-g2-standard\/"},"modified":"2026-04-18T20:39:28","modified_gmt":"2026-04-18T18:39:28","slug":"porte-velo-elite-g2-standard","status":"publish","type":"product","link":"https:\/\/shop.bantam.ch\/fr\/produit\/porte-velo-elite-g2-standard\/","title":{"rendered":"Porte-v\u00e9los Thule Elite G2 standard 2 v\u00e9los charge admise\u00a0: 60 kg"},"content":{"rendered":"<p>Recommand\u00e9 pour une distance de fixation entre 80 et 150\u00a0cm.<\/p>\n<p>Le porte-v\u00e9los solide et l\u00e9ger Thule Elite G2 en aluminium au nouveau design promet la plus haute flexibilit\u00e9. Tr\u00e8s facilement extensible \u00e0 2, 3 ou 4 v\u00e9los.  Les rails de fixation des roues et les supports pour cadres de v\u00e9lo peuvent \u00eatre d\u00e9plac\u00e9s de mani\u00e8re flexible pour garantir une fixation optimale du v\u00e9lo. Le verrouillage de plateforme innovant garantit que la plate-forme ne se d\u00e9place pas de haut en bas pendant le trajet.<\/p>\n<p>Contenu de la livraison :<br \/>Rail de montage inf\u00e9rieur inclus<\/p>\n<ul>\n<li>Pour deux v\u00e9los<\/li>\n<li>Extensible \u00e0 un max. de 3-4 v\u00e9los<\/li>\n<li>Plateforme verrouillable<\/li>\n<li>Charge admise par rail 30 kg<\/li>\n<li>Id\u00e9al pour les v\u00e9los \u00e9lectriques<\/li>\n<li>Porte-v\u00e9lo soute arri\u00e8re<\/li>\n<\/ul>\n","protected":false},"excerpt":{"rendered":"<p>Recommand\u00e9 pour une distance de fixation entre 80 et 150\u00a0cm. Le porte-v\u00e9los solide et l\u00e9ger Thule Elite G2 en aluminium au nouveau design promet la plus haute flexibilit\u00e9. Tr\u00e8s facilement extensible \u00e0 2, 3 ou 4 v\u00e9los. Les rails de fixation des roues et les supports pour cadres de v\u00e9lo peuvent \u00eatre d\u00e9plac\u00e9s de mani\u00e8re [&hellip;]<\/p>\n","protected":false},"featured_media":33507,"template":"","meta":{"_acf_changed":false},"product_featured_cat":[],"product_brand":[3046],"product_cat":[5137],"product_tag":[],"class_list":{"0":"post-33513","1":"product","2":"type-product","3":"status-publish","4":"has-post-thumbnail","6":"product_brand-thule","7":"product_cat-porte-velos-arriere","9":"first","10":"instock","11":"taxable","12":"shipping-taxable","13":"purchasable","14":"product-type-simple"},"acf":[],"yoast_head":"<!-- This site is optimized with the Yoast SEO plugin v27.4 - https:\/\/yoast.com\/product\/yoast-seo-wordpress\/ -->\n<title>Porte-v\u00e9los Thule Elite G2 standard 2 v\u00e9los charge admise\u00a0: 60 kg - Bantam Wankm\u00fcller SA<\/title>\n<meta name=\"robots\" content=\"index, follow, max-snippet:-1, max-image-preview:large, max-video-preview:-1\" \/>\n<link rel=\"canonical\" href=\"https:\/\/shop.bantam.ch\/fr\/produit\/porte-velo-elite-g2-standard\/\" \/>\n<meta property=\"og:locale\" content=\"fr_FR\" \/>\n<meta property=\"og:type\" content=\"article\" \/>\n<meta property=\"og:title\" content=\"Porte-v\u00e9los Thule Elite G2 standard 2 v\u00e9los charge admise\u00a0: 60 kg - Bantam Wankm\u00fcller SA\" \/>\n<meta property=\"og:description\" content=\"Recommand\u00e9 pour une distance de fixation entre 80 et 150\u00a0cm. Le porte-v\u00e9los solide et l\u00e9ger Thule Elite G2 en aluminium au nouveau design promet la plus haute flexibilit\u00e9. Tr\u00e8s facilement extensible \u00e0 2, 3 ou 4 v\u00e9los. Les rails de fixation des roues et les supports pour cadres de v\u00e9lo peuvent \u00eatre d\u00e9plac\u00e9s de mani\u00e8re [&hellip;]\" \/>\n<meta property=\"og:url\" content=\"https:\/\/shop.bantam.ch\/fr\/produit\/porte-velo-elite-g2-standard\/\" \/>\n<meta property=\"og:site_name\" content=\"Bantam Wankm\u00fcller SA\" \/>\n<meta property=\"article:modified_time\" content=\"2026-04-18T18:39:28+00:00\" \/>\n<meta property=\"og:image\" content=\"https:\/\/shop.bantam.ch\/wp-content\/uploads\/2023\/02\/9983362-Thule_Elite_G2-Ausschnitt-02-1.jpg\" \/>\n\t<meta property=\"og:image:width\" content=\"1000\" \/>\n\t<meta property=\"og:image:height\" content=\"823\" \/>\n\t<meta property=\"og:image:type\" content=\"image\/jpeg\" \/>\n<meta name=\"twitter:card\" content=\"summary_large_image\" \/>\n<meta name=\"twitter:label1\" content=\"Dur\u00e9e de lecture estim\u00e9e\" \/>\n\t<meta name=\"twitter:data1\" content=\"1 minute\" \/>\n<script type=\"application\/ld+json\" class=\"yoast-schema-graph\">{\"@context\":\"https:\\\/\\\/schema.org\",\"@graph\":[{\"@type\":\"WebPage\",\"@id\":\"https:\\\/\\\/shop.bantam.ch\\\/fr\\\/produit\\\/porte-velo-elite-g2-standard\\\/\",\"url\":\"https:\\\/\\\/shop.bantam.ch\\\/fr\\\/produit\\\/porte-velo-elite-g2-standard\\\/\",\"name\":\"Porte-v\u00e9los Thule Elite G2 standard 2 v\u00e9los charge admise\u00a0: 60 kg - Bantam Wankm\u00fcller SA\",\"isPartOf\":{\"@id\":\"https:\\\/\\\/shop.bantam.ch\\\/fr\\\/#website\"},\"primaryImageOfPage\":{\"@id\":\"https:\\\/\\\/shop.bantam.ch\\\/fr\\\/produit\\\/porte-velo-elite-g2-standard\\\/#primaryimage\"},\"image\":{\"@id\":\"https:\\\/\\\/shop.bantam.ch\\\/fr\\\/produit\\\/porte-velo-elite-g2-standard\\\/#primaryimage\"},\"thumbnailUrl\":\"https:\\\/\\\/shop.bantam.ch\\\/wp-content\\\/uploads\\\/2023\\\/02\\\/9983362-Thule_Elite_G2-Ausschnitt-02-1.jpg\",\"datePublished\":\"2023-02-22T17:41:38+00:00\",\"dateModified\":\"2026-04-18T18:39:28+00:00\",\"breadcrumb\":{\"@id\":\"https:\\\/\\\/shop.bantam.ch\\\/fr\\\/produit\\\/porte-velo-elite-g2-standard\\\/#breadcrumb\"},\"inLanguage\":\"fr-FR\",\"potentialAction\":[{\"@type\":\"ReadAction\",\"target\":[\"https:\\\/\\\/shop.bantam.ch\\\/fr\\\/produit\\\/porte-velo-elite-g2-standard\\\/\"]}]},{\"@type\":\"ImageObject\",\"inLanguage\":\"fr-FR\",\"@id\":\"https:\\\/\\\/shop.bantam.ch\\\/fr\\\/produit\\\/porte-velo-elite-g2-standard\\\/#primaryimage\",\"url\":\"https:\\\/\\\/shop.bantam.ch\\\/wp-content\\\/uploads\\\/2023\\\/02\\\/9983362-Thule_Elite_G2-Ausschnitt-02-1.jpg\",\"contentUrl\":\"https:\\\/\\\/shop.bantam.ch\\\/wp-content\\\/uploads\\\/2023\\\/02\\\/9983362-Thule_Elite_G2-Ausschnitt-02-1.jpg\",\"width\":1000,\"height\":823},{\"@type\":\"BreadcrumbList\",\"@id\":\"https:\\\/\\\/shop.bantam.ch\\\/fr\\\/produit\\\/porte-velo-elite-g2-standard\\\/#breadcrumb\",\"itemListElement\":[{\"@type\":\"ListItem\",\"position\":1,\"name\":\"Accueil\",\"item\":\"https:\\\/\\\/shop.bantam.ch\\\/fr\\\/\"},{\"@type\":\"ListItem\",\"position\":2,\"name\":\"Boutique\",\"item\":\"https:\\\/\\\/shop.bantam.ch\\\/fr\\\/boutique\\\/\"},{\"@type\":\"ListItem\",\"position\":3,\"name\":\"Porte-v\u00e9los Thule Elite G2 standard 2 v\u00e9los charge admise\u00a0: 60 kg\"}]},{\"@type\":\"WebSite\",\"@id\":\"https:\\\/\\\/shop.bantam.ch\\\/fr\\\/#website\",\"url\":\"https:\\\/\\\/shop.bantam.ch\\\/fr\\\/\",\"name\":\"Bantam Wankm\u00fcller SA\",\"description\":\"\",\"publisher\":{\"@id\":\"https:\\\/\\\/shop.bantam.ch\\\/fr\\\/#organization\"},\"inLanguage\":\"fr-FR\"},{\"@type\":\"Organization\",\"@id\":\"https:\\\/\\\/shop.bantam.ch\\\/fr\\\/#organization\",\"name\":\"Bantam Wankm\u00fcller SA\",\"url\":\"https:\\\/\\\/shop.bantam.ch\\\/fr\\\/\",\"logo\":{\"@type\":\"ImageObject\",\"inLanguage\":\"fr-FR\",\"@id\":\"https:\\\/\\\/shop.bantam.ch\\\/fr\\\/#\\\/schema\\\/logo\\\/image\\\/\",\"url\":\"https:\\\/\\\/shop.bantam.ch\\\/wp-content\\\/uploads\\\/2022\\\/12\\\/bantam-logo.png\",\"contentUrl\":\"https:\\\/\\\/shop.bantam.ch\\\/wp-content\\\/uploads\\\/2022\\\/12\\\/bantam-logo.png\",\"width\":320,\"height\":71,\"caption\":\"Bantam Wankm\u00fcller SA\"},\"image\":{\"@id\":\"https:\\\/\\\/shop.bantam.ch\\\/fr\\\/#\\\/schema\\\/logo\\\/image\\\/\"}}]}<\/script>\n<!-- \/ Yoast SEO plugin. -->","yoast_head_json":{"title":"Porte-v\u00e9los Thule Elite G2 standard 2 v\u00e9los charge admise\u00a0: 60 kg - Bantam Wankm\u00fcller SA","robots":{"index":"index","follow":"follow","max-snippet":"max-snippet:-1","max-image-preview":"max-image-preview:large","max-video-preview":"max-video-preview:-1"},"canonical":"https:\/\/shop.bantam.ch\/fr\/produit\/porte-velo-elite-g2-standard\/","og_locale":"fr_FR","og_type":"article","og_title":"Porte-v\u00e9los Thule Elite G2 standard 2 v\u00e9los charge admise\u00a0: 60 kg - Bantam Wankm\u00fcller SA","og_description":"Recommand\u00e9 pour une distance de fixation entre 80 et 150\u00a0cm. Le porte-v\u00e9los solide et l\u00e9ger Thule Elite G2 en aluminium au nouveau design promet la plus haute flexibilit\u00e9. Tr\u00e8s facilement extensible \u00e0 2, 3 ou 4 v\u00e9los. Les rails de fixation des roues et les supports pour cadres de v\u00e9lo peuvent \u00eatre d\u00e9plac\u00e9s de mani\u00e8re [&hellip;]","og_url":"https:\/\/shop.bantam.ch\/fr\/produit\/porte-velo-elite-g2-standard\/","og_site_name":"Bantam Wankm\u00fcller SA","article_modified_time":"2026-04-18T18:39:28+00:00","og_image":[{"width":1000,"height":823,"url":"https:\/\/shop.bantam.ch\/wp-content\/uploads\/2023\/02\/9983362-Thule_Elite_G2-Ausschnitt-02-1.jpg","type":"image\/jpeg"}],"twitter_card":"summary_large_image","twitter_misc":{"Dur\u00e9e de lecture estim\u00e9e":"1 minute"},"schema":{"@context":"https:\/\/schema.org","@graph":[{"@type":"WebPage","@id":"https:\/\/shop.bantam.ch\/fr\/produit\/porte-velo-elite-g2-standard\/","url":"https:\/\/shop.bantam.ch\/fr\/produit\/porte-velo-elite-g2-standard\/","name":"Porte-v\u00e9los Thule Elite G2 standard 2 v\u00e9los charge admise\u00a0: 60 kg - Bantam Wankm\u00fcller SA","isPartOf":{"@id":"https:\/\/shop.bantam.ch\/fr\/#website"},"primaryImageOfPage":{"@id":"https:\/\/shop.bantam.ch\/fr\/produit\/porte-velo-elite-g2-standard\/#primaryimage"},"image":{"@id":"https:\/\/shop.bantam.ch\/fr\/produit\/porte-velo-elite-g2-standard\/#primaryimage"},"thumbnailUrl":"https:\/\/shop.bantam.ch\/wp-content\/uploads\/2023\/02\/9983362-Thule_Elite_G2-Ausschnitt-02-1.jpg","datePublished":"2023-02-22T17:41:38+00:00","dateModified":"2026-04-18T18:39:28+00:00","breadcrumb":{"@id":"https:\/\/shop.bantam.ch\/fr\/produit\/porte-velo-elite-g2-standard\/#breadcrumb"},"inLanguage":"fr-FR","potentialAction":[{"@type":"ReadAction","target":["https:\/\/shop.bantam.ch\/fr\/produit\/porte-velo-elite-g2-standard\/"]}]},{"@type":"ImageObject","inLanguage":"fr-FR","@id":"https:\/\/shop.bantam.ch\/fr\/produit\/porte-velo-elite-g2-standard\/#primaryimage","url":"https:\/\/shop.bantam.ch\/wp-content\/uploads\/2023\/02\/9983362-Thule_Elite_G2-Ausschnitt-02-1.jpg","contentUrl":"https:\/\/shop.bantam.ch\/wp-content\/uploads\/2023\/02\/9983362-Thule_Elite_G2-Ausschnitt-02-1.jpg","width":1000,"height":823},{"@type":"BreadcrumbList","@id":"https:\/\/shop.bantam.ch\/fr\/produit\/porte-velo-elite-g2-standard\/#breadcrumb","itemListElement":[{"@type":"ListItem","position":1,"name":"Accueil","item":"https:\/\/shop.bantam.ch\/fr\/"},{"@type":"ListItem","position":2,"name":"Boutique","item":"https:\/\/shop.bantam.ch\/fr\/boutique\/"},{"@type":"ListItem","position":3,"name":"Porte-v\u00e9los Thule Elite G2 standard 2 v\u00e9los charge admise\u00a0: 60 kg"}]},{"@type":"WebSite","@id":"https:\/\/shop.bantam.ch\/fr\/#website","url":"https:\/\/shop.bantam.ch\/fr\/","name":"Bantam Wankm\u00fcller SA","description":"","publisher":{"@id":"https:\/\/shop.bantam.ch\/fr\/#organization"},"inLanguage":"fr-FR"},{"@type":"Organization","@id":"https:\/\/shop.bantam.ch\/fr\/#organization","name":"Bantam Wankm\u00fcller SA","url":"https:\/\/shop.bantam.ch\/fr\/","logo":{"@type":"ImageObject","inLanguage":"fr-FR","@id":"https:\/\/shop.bantam.ch\/fr\/#\/schema\/logo\/image\/","url":"https:\/\/shop.bantam.ch\/wp-content\/uploads\/2022\/12\/bantam-logo.png","contentUrl":"https:\/\/shop.bantam.ch\/wp-content\/uploads\/2022\/12\/bantam-logo.png","width":320,"height":71,"caption":"Bantam Wankm\u00fcller SA"},"image":{"@id":"https:\/\/shop.bantam.ch\/fr\/#\/schema\/logo\/image\/"}}]}},"_links":{"self":[{"href":"https:\/\/shop.bantam.ch\/fr\/wp-json\/wp\/v2\/product\/33513","targetHints":{"allow":["GET"]}}],"collection":[{"href":"https:\/\/shop.bantam.ch\/fr\/wp-json\/wp\/v2\/product"}],"about":[{"href":"https:\/\/shop.bantam.ch\/fr\/wp-json\/wp\/v2\/types\/product"}],"wp:featuredmedia":[{"embeddable":true,"href":"https:\/\/shop.bantam.ch\/fr\/wp-json\/wp\/v2\/media\/33507"}],"wp:attachment":[{"href":"https:\/\/shop.bantam.ch\/fr\/wp-json\/wp\/v2\/media?parent=33513"}],"wp:term":[{"taxonomy":"product_featured_cat","embeddable":true,"href":"https:\/\/shop.bantam.ch\/fr\/wp-json\/wp\/v2\/product_featured_cat?post=33513"},{"taxonomy":"product_brand","embeddable":true,"href":"https:\/\/shop.bantam.ch\/fr\/wp-json\/wp\/v2\/product_brand?post=33513"},{"taxonomy":"product_cat","embeddable":true,"href":"https:\/\/shop.bantam.ch\/fr\/wp-json\/wp\/v2\/product_cat?post=33513"},{"taxonomy":"product_tag","embeddable":true,"href":"https:\/\/shop.bantam.ch\/fr\/wp-json\/wp\/v2\/product_tag?post=33513"}],"curies":[{"name":"wp","href":"https:\/\/api.w.org\/{rel}","templated":true}]}}