{"id":33491,"date":"2023-02-22T18:41:22","date_gmt":"2023-02-22T17:41:22","guid":{"rendered":"http:\/\/preprod-dev.sh1.hidora.com\/webshop\/produit\/porte-velo-sport-g2-w150-hobby\/"},"modified":"2026-04-18T20:39:21","modified_gmt":"2026-04-18T18:39:21","slug":"porte-velo-sport-g2-w150-hobby","status":"publish","type":"product","link":"https:\/\/shop.bantam.ch\/fr\/produit\/porte-velo-sport-g2-w150-hobby\/","title":{"rendered":"Porte-v\u00e9lo Thule Thule Sport G2 W150 \/ Hobby 2 v\u00e9los, charge admise 50 kg"},"content":{"rendered":"<p>Peut \u00e9galement \u00eatre mont\u00e9 si un auvent de fen\u00eatre Omnistor W-150 est d\u00e9j\u00e0 install\u00e9 sur le v\u00e9hicule.<\/p>\n<p>Robuste et durable &#8211; La gamme de produits est compos\u00e9e de mat\u00e9riaux l\u00e9gers et de haute qualit\u00e9. Une stabilit\u00e9 optimale est obtenue en r\u00e9partissant uniform\u00e9ment le poids de vos v\u00e9los sur la plate-forme verrouillable. Le porte-v\u00e9lo Sport G2 offre un grand confort et une grande facilit\u00e9 d&rsquo;utilisation gr\u00e2ce \u00e0 son nouveau support de cadre extra-robuste, ses nouvelles bandes avec fermeture \u00e0 cliquet et ses rails qui peuvent \u00eatre d\u00e9plac\u00e9s sans outils. Se monte sur toutes les caravanes Hobby \u00e0 partir du mod\u00e8le 2004 avec un adaptateur (9924178).<\/p>\n<p>Contenu de la livraison :<br \/>Rail de montage inf\u00e9rieur et sup\u00e9rieur inclus<\/p>\n<ul>\n<li>Pour deux v\u00e9los<\/li>\n<li>Extensible jusqu\u2019\u00e0 3 v\u00e9los<\/li>\n<li>Plateforme verrouillable<\/li>\n<li>Charge admise par rail 19 kg<\/li>\n<\/ul>\n","protected":false},"excerpt":{"rendered":"<p>Peut \u00e9galement \u00eatre mont\u00e9 si un auvent de fen\u00eatre Omnistor W-150 est d\u00e9j\u00e0 install\u00e9 sur le v\u00e9hicule. Robuste et durable &#8211; La gamme de produits est compos\u00e9e de mat\u00e9riaux l\u00e9gers et de haute qualit\u00e9. Une stabilit\u00e9 optimale est obtenue en r\u00e9partissant uniform\u00e9ment le poids de vos v\u00e9los sur la plate-forme verrouillable. Le porte-v\u00e9lo Sport G2 [&hellip;]<\/p>\n","protected":false},"featured_media":33485,"template":"","meta":{"_acf_changed":false},"product_featured_cat":[],"product_brand":[3046],"product_cat":[5137],"product_tag":[],"class_list":{"0":"post-33491","1":"product","2":"type-product","3":"status-publish","4":"has-post-thumbnail","6":"product_brand-thule","7":"product_cat-porte-velos-arriere","9":"first","10":"instock","11":"taxable","12":"shipping-taxable","13":"purchasable","14":"product-type-simple"},"acf":[],"yoast_head":"<!-- This site is optimized with the Yoast SEO plugin v27.4 - https:\/\/yoast.com\/product\/yoast-seo-wordpress\/ -->\n<title>Porte-v\u00e9lo Thule Thule Sport G2 W150 \/ Hobby 2 v\u00e9los, charge admise 50 kg - Bantam Wankm\u00fcller SA<\/title>\n<meta name=\"robots\" content=\"index, follow, max-snippet:-1, max-image-preview:large, max-video-preview:-1\" \/>\n<link rel=\"canonical\" href=\"https:\/\/shop.bantam.ch\/fr\/produit\/porte-velo-sport-g2-w150-hobby\/\" \/>\n<meta property=\"og:locale\" content=\"fr_FR\" \/>\n<meta property=\"og:type\" content=\"article\" \/>\n<meta property=\"og:title\" content=\"Porte-v\u00e9lo Thule Thule Sport G2 W150 \/ Hobby 2 v\u00e9los, charge admise 50 kg - Bantam Wankm\u00fcller SA\" \/>\n<meta property=\"og:description\" content=\"Peut \u00e9galement \u00eatre mont\u00e9 si un auvent de fen\u00eatre Omnistor W-150 est d\u00e9j\u00e0 install\u00e9 sur le v\u00e9hicule. Robuste et durable &#8211; La gamme de produits est compos\u00e9e de mat\u00e9riaux l\u00e9gers et de haute qualit\u00e9. Une stabilit\u00e9 optimale est obtenue en r\u00e9partissant uniform\u00e9ment le poids de vos v\u00e9los sur la plate-forme verrouillable. Le porte-v\u00e9lo Sport G2 [&hellip;]\" \/>\n<meta property=\"og:url\" content=\"https:\/\/shop.bantam.ch\/fr\/produit\/porte-velo-sport-g2-w150-hobby\/\" \/>\n<meta property=\"og:site_name\" content=\"Bantam Wankm\u00fcller SA\" \/>\n<meta property=\"article:modified_time\" content=\"2026-04-18T18:39:21+00:00\" \/>\n<meta property=\"og:image\" content=\"https:\/\/shop.bantam.ch\/wp-content\/uploads\/2023\/02\/9983368-Thule_Sport_G2_W150_Hobby-Standard-01-1.jpg\" \/>\n\t<meta property=\"og:image:width\" content=\"664\" \/>\n\t<meta property=\"og:image:height\" content=\"1000\" \/>\n\t<meta property=\"og:image:type\" content=\"image\/jpeg\" \/>\n<meta name=\"twitter:card\" content=\"summary_large_image\" \/>\n<meta name=\"twitter:label1\" content=\"Dur\u00e9e de lecture estim\u00e9e\" \/>\n\t<meta name=\"twitter:data1\" content=\"1 minute\" \/>\n<script type=\"application\/ld+json\" class=\"yoast-schema-graph\">{\"@context\":\"https:\\\/\\\/schema.org\",\"@graph\":[{\"@type\":\"WebPage\",\"@id\":\"https:\\\/\\\/shop.bantam.ch\\\/fr\\\/produit\\\/porte-velo-sport-g2-w150-hobby\\\/\",\"url\":\"https:\\\/\\\/shop.bantam.ch\\\/fr\\\/produit\\\/porte-velo-sport-g2-w150-hobby\\\/\",\"name\":\"Porte-v\u00e9lo Thule Thule Sport G2 W150 \\\/ Hobby 2 v\u00e9los, charge admise 50 kg - Bantam Wankm\u00fcller SA\",\"isPartOf\":{\"@id\":\"https:\\\/\\\/shop.bantam.ch\\\/fr\\\/#website\"},\"primaryImageOfPage\":{\"@id\":\"https:\\\/\\\/shop.bantam.ch\\\/fr\\\/produit\\\/porte-velo-sport-g2-w150-hobby\\\/#primaryimage\"},\"image\":{\"@id\":\"https:\\\/\\\/shop.bantam.ch\\\/fr\\\/produit\\\/porte-velo-sport-g2-w150-hobby\\\/#primaryimage\"},\"thumbnailUrl\":\"https:\\\/\\\/shop.bantam.ch\\\/wp-content\\\/uploads\\\/2023\\\/02\\\/9983368-Thule_Sport_G2_W150_Hobby-Standard-01-1.jpg\",\"datePublished\":\"2023-02-22T17:41:22+00:00\",\"dateModified\":\"2026-04-18T18:39:21+00:00\",\"breadcrumb\":{\"@id\":\"https:\\\/\\\/shop.bantam.ch\\\/fr\\\/produit\\\/porte-velo-sport-g2-w150-hobby\\\/#breadcrumb\"},\"inLanguage\":\"fr-FR\",\"potentialAction\":[{\"@type\":\"ReadAction\",\"target\":[\"https:\\\/\\\/shop.bantam.ch\\\/fr\\\/produit\\\/porte-velo-sport-g2-w150-hobby\\\/\"]}]},{\"@type\":\"ImageObject\",\"inLanguage\":\"fr-FR\",\"@id\":\"https:\\\/\\\/shop.bantam.ch\\\/fr\\\/produit\\\/porte-velo-sport-g2-w150-hobby\\\/#primaryimage\",\"url\":\"https:\\\/\\\/shop.bantam.ch\\\/wp-content\\\/uploads\\\/2023\\\/02\\\/9983368-Thule_Sport_G2_W150_Hobby-Standard-01-1.jpg\",\"contentUrl\":\"https:\\\/\\\/shop.bantam.ch\\\/wp-content\\\/uploads\\\/2023\\\/02\\\/9983368-Thule_Sport_G2_W150_Hobby-Standard-01-1.jpg\",\"width\":664,\"height\":1000},{\"@type\":\"BreadcrumbList\",\"@id\":\"https:\\\/\\\/shop.bantam.ch\\\/fr\\\/produit\\\/porte-velo-sport-g2-w150-hobby\\\/#breadcrumb\",\"itemListElement\":[{\"@type\":\"ListItem\",\"position\":1,\"name\":\"Accueil\",\"item\":\"https:\\\/\\\/shop.bantam.ch\\\/fr\\\/\"},{\"@type\":\"ListItem\",\"position\":2,\"name\":\"Boutique\",\"item\":\"https:\\\/\\\/shop.bantam.ch\\\/fr\\\/boutique\\\/\"},{\"@type\":\"ListItem\",\"position\":3,\"name\":\"Porte-v\u00e9lo Thule Thule Sport G2 W150 \\\/ Hobby 2 v\u00e9los, charge admise 50 kg\"}]},{\"@type\":\"WebSite\",\"@id\":\"https:\\\/\\\/shop.bantam.ch\\\/fr\\\/#website\",\"url\":\"https:\\\/\\\/shop.bantam.ch\\\/fr\\\/\",\"name\":\"Bantam Wankm\u00fcller SA\",\"description\":\"\",\"publisher\":{\"@id\":\"https:\\\/\\\/shop.bantam.ch\\\/fr\\\/#organization\"},\"inLanguage\":\"fr-FR\"},{\"@type\":\"Organization\",\"@id\":\"https:\\\/\\\/shop.bantam.ch\\\/fr\\\/#organization\",\"name\":\"Bantam Wankm\u00fcller SA\",\"url\":\"https:\\\/\\\/shop.bantam.ch\\\/fr\\\/\",\"logo\":{\"@type\":\"ImageObject\",\"inLanguage\":\"fr-FR\",\"@id\":\"https:\\\/\\\/shop.bantam.ch\\\/fr\\\/#\\\/schema\\\/logo\\\/image\\\/\",\"url\":\"https:\\\/\\\/shop.bantam.ch\\\/wp-content\\\/uploads\\\/2022\\\/12\\\/bantam-logo.png\",\"contentUrl\":\"https:\\\/\\\/shop.bantam.ch\\\/wp-content\\\/uploads\\\/2022\\\/12\\\/bantam-logo.png\",\"width\":320,\"height\":71,\"caption\":\"Bantam Wankm\u00fcller SA\"},\"image\":{\"@id\":\"https:\\\/\\\/shop.bantam.ch\\\/fr\\\/#\\\/schema\\\/logo\\\/image\\\/\"}}]}<\/script>\n<!-- \/ Yoast SEO plugin. -->","yoast_head_json":{"title":"Porte-v\u00e9lo Thule Thule Sport G2 W150 \/ Hobby 2 v\u00e9los, charge admise 50 kg - Bantam Wankm\u00fcller SA","robots":{"index":"index","follow":"follow","max-snippet":"max-snippet:-1","max-image-preview":"max-image-preview:large","max-video-preview":"max-video-preview:-1"},"canonical":"https:\/\/shop.bantam.ch\/fr\/produit\/porte-velo-sport-g2-w150-hobby\/","og_locale":"fr_FR","og_type":"article","og_title":"Porte-v\u00e9lo Thule Thule Sport G2 W150 \/ Hobby 2 v\u00e9los, charge admise 50 kg - Bantam Wankm\u00fcller SA","og_description":"Peut \u00e9galement \u00eatre mont\u00e9 si un auvent de fen\u00eatre Omnistor W-150 est d\u00e9j\u00e0 install\u00e9 sur le v\u00e9hicule. Robuste et durable &#8211; La gamme de produits est compos\u00e9e de mat\u00e9riaux l\u00e9gers et de haute qualit\u00e9. Une stabilit\u00e9 optimale est obtenue en r\u00e9partissant uniform\u00e9ment le poids de vos v\u00e9los sur la plate-forme verrouillable. Le porte-v\u00e9lo Sport G2 [&hellip;]","og_url":"https:\/\/shop.bantam.ch\/fr\/produit\/porte-velo-sport-g2-w150-hobby\/","og_site_name":"Bantam Wankm\u00fcller SA","article_modified_time":"2026-04-18T18:39:21+00:00","og_image":[{"width":664,"height":1000,"url":"https:\/\/shop.bantam.ch\/wp-content\/uploads\/2023\/02\/9983368-Thule_Sport_G2_W150_Hobby-Standard-01-1.jpg","type":"image\/jpeg"}],"twitter_card":"summary_large_image","twitter_misc":{"Dur\u00e9e de lecture estim\u00e9e":"1 minute"},"schema":{"@context":"https:\/\/schema.org","@graph":[{"@type":"WebPage","@id":"https:\/\/shop.bantam.ch\/fr\/produit\/porte-velo-sport-g2-w150-hobby\/","url":"https:\/\/shop.bantam.ch\/fr\/produit\/porte-velo-sport-g2-w150-hobby\/","name":"Porte-v\u00e9lo Thule Thule Sport G2 W150 \/ Hobby 2 v\u00e9los, charge admise 50 kg - Bantam Wankm\u00fcller SA","isPartOf":{"@id":"https:\/\/shop.bantam.ch\/fr\/#website"},"primaryImageOfPage":{"@id":"https:\/\/shop.bantam.ch\/fr\/produit\/porte-velo-sport-g2-w150-hobby\/#primaryimage"},"image":{"@id":"https:\/\/shop.bantam.ch\/fr\/produit\/porte-velo-sport-g2-w150-hobby\/#primaryimage"},"thumbnailUrl":"https:\/\/shop.bantam.ch\/wp-content\/uploads\/2023\/02\/9983368-Thule_Sport_G2_W150_Hobby-Standard-01-1.jpg","datePublished":"2023-02-22T17:41:22+00:00","dateModified":"2026-04-18T18:39:21+00:00","breadcrumb":{"@id":"https:\/\/shop.bantam.ch\/fr\/produit\/porte-velo-sport-g2-w150-hobby\/#breadcrumb"},"inLanguage":"fr-FR","potentialAction":[{"@type":"ReadAction","target":["https:\/\/shop.bantam.ch\/fr\/produit\/porte-velo-sport-g2-w150-hobby\/"]}]},{"@type":"ImageObject","inLanguage":"fr-FR","@id":"https:\/\/shop.bantam.ch\/fr\/produit\/porte-velo-sport-g2-w150-hobby\/#primaryimage","url":"https:\/\/shop.bantam.ch\/wp-content\/uploads\/2023\/02\/9983368-Thule_Sport_G2_W150_Hobby-Standard-01-1.jpg","contentUrl":"https:\/\/shop.bantam.ch\/wp-content\/uploads\/2023\/02\/9983368-Thule_Sport_G2_W150_Hobby-Standard-01-1.jpg","width":664,"height":1000},{"@type":"BreadcrumbList","@id":"https:\/\/shop.bantam.ch\/fr\/produit\/porte-velo-sport-g2-w150-hobby\/#breadcrumb","itemListElement":[{"@type":"ListItem","position":1,"name":"Accueil","item":"https:\/\/shop.bantam.ch\/fr\/"},{"@type":"ListItem","position":2,"name":"Boutique","item":"https:\/\/shop.bantam.ch\/fr\/boutique\/"},{"@type":"ListItem","position":3,"name":"Porte-v\u00e9lo Thule Thule Sport G2 W150 \/ Hobby 2 v\u00e9los, charge admise 50 kg"}]},{"@type":"WebSite","@id":"https:\/\/shop.bantam.ch\/fr\/#website","url":"https:\/\/shop.bantam.ch\/fr\/","name":"Bantam Wankm\u00fcller SA","description":"","publisher":{"@id":"https:\/\/shop.bantam.ch\/fr\/#organization"},"inLanguage":"fr-FR"},{"@type":"Organization","@id":"https:\/\/shop.bantam.ch\/fr\/#organization","name":"Bantam Wankm\u00fcller SA","url":"https:\/\/shop.bantam.ch\/fr\/","logo":{"@type":"ImageObject","inLanguage":"fr-FR","@id":"https:\/\/shop.bantam.ch\/fr\/#\/schema\/logo\/image\/","url":"https:\/\/shop.bantam.ch\/wp-content\/uploads\/2022\/12\/bantam-logo.png","contentUrl":"https:\/\/shop.bantam.ch\/wp-content\/uploads\/2022\/12\/bantam-logo.png","width":320,"height":71,"caption":"Bantam Wankm\u00fcller SA"},"image":{"@id":"https:\/\/shop.bantam.ch\/fr\/#\/schema\/logo\/image\/"}}]}},"_links":{"self":[{"href":"https:\/\/shop.bantam.ch\/fr\/wp-json\/wp\/v2\/product\/33491","targetHints":{"allow":["GET"]}}],"collection":[{"href":"https:\/\/shop.bantam.ch\/fr\/wp-json\/wp\/v2\/product"}],"about":[{"href":"https:\/\/shop.bantam.ch\/fr\/wp-json\/wp\/v2\/types\/product"}],"wp:featuredmedia":[{"embeddable":true,"href":"https:\/\/shop.bantam.ch\/fr\/wp-json\/wp\/v2\/media\/33485"}],"wp:attachment":[{"href":"https:\/\/shop.bantam.ch\/fr\/wp-json\/wp\/v2\/media?parent=33491"}],"wp:term":[{"taxonomy":"product_featured_cat","embeddable":true,"href":"https:\/\/shop.bantam.ch\/fr\/wp-json\/wp\/v2\/product_featured_cat?post=33491"},{"taxonomy":"product_brand","embeddable":true,"href":"https:\/\/shop.bantam.ch\/fr\/wp-json\/wp\/v2\/product_brand?post=33491"},{"taxonomy":"product_cat","embeddable":true,"href":"https:\/\/shop.bantam.ch\/fr\/wp-json\/wp\/v2\/product_cat?post=33491"},{"taxonomy":"product_tag","embeddable":true,"href":"https:\/\/shop.bantam.ch\/fr\/wp-json\/wp\/v2\/product_tag?post=33491"}],"curies":[{"name":"wp","href":"https:\/\/api.w.org\/{rel}","templated":true}]}}