{"id":33135,"date":"2023-02-22T18:34:16","date_gmt":"2023-02-22T17:34:16","guid":{"rendered":"http:\/\/preprod-dev.sh1.hidora.com\/webshop\/produit\/porte-moto-velo-universel-s-a-_fixe-amovible_\/"},"modified":"2026-04-17T20:38:15","modified_gmt":"2026-04-17T18:38:15","slug":"porte-moto-velo-universel-s-a-_fixe-amovible_","status":"publish","type":"product","link":"https:\/\/shop.bantam.ch\/fr\/produit\/porte-moto-velo-universel-s-a-_fixe-amovible_\/","title":{"rendered":"Porte-v\u00e9lo \/ moto Weih Type universel S\/A Charge admise 170 kg"},"content":{"rendered":"<p>Ce syst\u00e8me porteur se compose de supports en acier sp\u00e9cifiques au v\u00e9hicule (env. 8 \u00e0 13 kg) qui sont viss\u00e9s sur le ch\u00e2ssis\/la rallonge de ch\u00e2ssis du camping-car et sur le support amovible lui-m\u00eame (env. 20 kg). Gr\u00e2ce au faible poids du support en aluminium, il s\u2019installe et se d\u00e9monte facilement du v\u00e9hicule en quelques tours de main. Extensible jusqu&rsquo;\u00e0 4 v\u00e9los ou scooter avec v\u00e9lo.<br \/>Pour les camping-cars avec ch\u00e2ssis AL-KO \/ rallonge de ch\u00e2ssis ALKO ou extension pr\u00e9vue pour la fixation d\u2018un AHK ou d\u2018un porte-charges.<\/p>\n<p>Contenu de la livraison :<br \/>Support pr\u00e9mont\u00e9 avec \u00e9clairage et connecteur 13 p\u00f4les<br \/>Supports sp\u00e9cifiques  au v\u00e9hicule<br \/>Rampe<br \/>Syst\u00e8me de blocage \u00e0 la paroi<br \/>Kit de fixation et bras de maintien pour 1 scooter\/moto<br \/>Homologation CEE<\/p>\n<ul>\n<li>Poids propre env. 28 \u00e0 33\u00a0kg (support + logements sp\u00e9cifiques au v\u00e9hicule)<\/li>\n<li>Charge admise 170 kg (respecter la charge sur l\u2019essieu arri\u00e8re du camping-car) <\/li>\n<\/ul>\n","protected":false},"excerpt":{"rendered":"<p>Ce syst\u00e8me porteur se compose de supports en acier sp\u00e9cifiques au v\u00e9hicule (env. 8 \u00e0 13 kg) qui sont viss\u00e9s sur le ch\u00e2ssis\/la rallonge de ch\u00e2ssis du camping-car et sur le support amovible lui-m\u00eame (env. 20 kg). Gr\u00e2ce au faible poids du support en aluminium, il s\u2019installe et se d\u00e9monte facilement du v\u00e9hicule en quelques [&hellip;]<\/p>\n","protected":false},"featured_media":33119,"template":"","meta":{"_acf_changed":false},"product_featured_cat":[],"product_brand":[3152],"product_cat":[4695],"product_tag":[],"class_list":{"0":"post-33135","1":"product","2":"type-product","3":"status-publish","4":"has-post-thumbnail","6":"product_brand-weih-tec","7":"product_cat-porte-moto","9":"first","10":"instock","11":"taxable","12":"shipping-taxable","13":"purchasable","14":"product-type-simple"},"acf":[],"yoast_head":"<!-- This site is optimized with the Yoast SEO plugin v27.4 - https:\/\/yoast.com\/product\/yoast-seo-wordpress\/ -->\n<title>Porte-v\u00e9lo \/ moto Weih Type universel S\/A Charge admise 170 kg - Bantam Wankm\u00fcller SA<\/title>\n<meta name=\"robots\" content=\"index, follow, max-snippet:-1, max-image-preview:large, max-video-preview:-1\" \/>\n<link rel=\"canonical\" href=\"https:\/\/shop.bantam.ch\/fr\/produit\/porte-moto-velo-universel-s-a-_fixe-amovible_\/\" \/>\n<meta property=\"og:locale\" content=\"fr_FR\" \/>\n<meta property=\"og:type\" content=\"article\" \/>\n<meta property=\"og:title\" content=\"Porte-v\u00e9lo \/ moto Weih Type universel S\/A Charge admise 170 kg - Bantam Wankm\u00fcller SA\" \/>\n<meta property=\"og:description\" content=\"Ce syst\u00e8me porteur se compose de supports en acier sp\u00e9cifiques au v\u00e9hicule (env. 8 \u00e0 13 kg) qui sont viss\u00e9s sur le ch\u00e2ssis\/la rallonge de ch\u00e2ssis du camping-car et sur le support amovible lui-m\u00eame (env. 20 kg). Gr\u00e2ce au faible poids du support en aluminium, il s\u2019installe et se d\u00e9monte facilement du v\u00e9hicule en quelques [&hellip;]\" \/>\n<meta property=\"og:url\" content=\"https:\/\/shop.bantam.ch\/fr\/produit\/porte-moto-velo-universel-s-a-_fixe-amovible_\/\" \/>\n<meta property=\"og:site_name\" content=\"Bantam Wankm\u00fcller SA\" \/>\n<meta property=\"article:modified_time\" content=\"2026-04-17T18:38:15+00:00\" \/>\n<meta property=\"og:image\" content=\"https:\/\/shop.bantam.ch\/wp-content\/uploads\/2023\/02\/9988100-Motorradhalterung_universal-Standard-02-1.jpg\" \/>\n\t<meta property=\"og:image:width\" content=\"1000\" \/>\n\t<meta property=\"og:image:height\" content=\"997\" \/>\n\t<meta property=\"og:image:type\" content=\"image\/jpeg\" \/>\n<meta name=\"twitter:card\" content=\"summary_large_image\" \/>\n<meta name=\"twitter:label1\" content=\"Dur\u00e9e de lecture estim\u00e9e\" \/>\n\t<meta name=\"twitter:data1\" content=\"1 minute\" \/>\n<script type=\"application\/ld+json\" class=\"yoast-schema-graph\">{\"@context\":\"https:\\\/\\\/schema.org\",\"@graph\":[{\"@type\":\"WebPage\",\"@id\":\"https:\\\/\\\/shop.bantam.ch\\\/fr\\\/produit\\\/porte-moto-velo-universel-s-a-_fixe-amovible_\\\/\",\"url\":\"https:\\\/\\\/shop.bantam.ch\\\/fr\\\/produit\\\/porte-moto-velo-universel-s-a-_fixe-amovible_\\\/\",\"name\":\"Porte-v\u00e9lo \\\/ moto Weih Type universel S\\\/A Charge admise 170 kg - Bantam Wankm\u00fcller SA\",\"isPartOf\":{\"@id\":\"https:\\\/\\\/shop.bantam.ch\\\/fr\\\/#website\"},\"primaryImageOfPage\":{\"@id\":\"https:\\\/\\\/shop.bantam.ch\\\/fr\\\/produit\\\/porte-moto-velo-universel-s-a-_fixe-amovible_\\\/#primaryimage\"},\"image\":{\"@id\":\"https:\\\/\\\/shop.bantam.ch\\\/fr\\\/produit\\\/porte-moto-velo-universel-s-a-_fixe-amovible_\\\/#primaryimage\"},\"thumbnailUrl\":\"https:\\\/\\\/shop.bantam.ch\\\/wp-content\\\/uploads\\\/2023\\\/02\\\/9988100-Motorradhalterung_universal-Standard-02-1.jpg\",\"datePublished\":\"2023-02-22T17:34:16+00:00\",\"dateModified\":\"2026-04-17T18:38:15+00:00\",\"breadcrumb\":{\"@id\":\"https:\\\/\\\/shop.bantam.ch\\\/fr\\\/produit\\\/porte-moto-velo-universel-s-a-_fixe-amovible_\\\/#breadcrumb\"},\"inLanguage\":\"fr-FR\",\"potentialAction\":[{\"@type\":\"ReadAction\",\"target\":[\"https:\\\/\\\/shop.bantam.ch\\\/fr\\\/produit\\\/porte-moto-velo-universel-s-a-_fixe-amovible_\\\/\"]}]},{\"@type\":\"ImageObject\",\"inLanguage\":\"fr-FR\",\"@id\":\"https:\\\/\\\/shop.bantam.ch\\\/fr\\\/produit\\\/porte-moto-velo-universel-s-a-_fixe-amovible_\\\/#primaryimage\",\"url\":\"https:\\\/\\\/shop.bantam.ch\\\/wp-content\\\/uploads\\\/2023\\\/02\\\/9988100-Motorradhalterung_universal-Standard-02-1.jpg\",\"contentUrl\":\"https:\\\/\\\/shop.bantam.ch\\\/wp-content\\\/uploads\\\/2023\\\/02\\\/9988100-Motorradhalterung_universal-Standard-02-1.jpg\",\"width\":1000,\"height\":997},{\"@type\":\"BreadcrumbList\",\"@id\":\"https:\\\/\\\/shop.bantam.ch\\\/fr\\\/produit\\\/porte-moto-velo-universel-s-a-_fixe-amovible_\\\/#breadcrumb\",\"itemListElement\":[{\"@type\":\"ListItem\",\"position\":1,\"name\":\"Accueil\",\"item\":\"https:\\\/\\\/shop.bantam.ch\\\/fr\\\/\"},{\"@type\":\"ListItem\",\"position\":2,\"name\":\"Boutique\",\"item\":\"https:\\\/\\\/shop.bantam.ch\\\/fr\\\/boutique\\\/\"},{\"@type\":\"ListItem\",\"position\":3,\"name\":\"Porte-v\u00e9lo \\\/ moto Weih Type universel S\\\/A Charge admise 170 kg\"}]},{\"@type\":\"WebSite\",\"@id\":\"https:\\\/\\\/shop.bantam.ch\\\/fr\\\/#website\",\"url\":\"https:\\\/\\\/shop.bantam.ch\\\/fr\\\/\",\"name\":\"Bantam Wankm\u00fcller SA\",\"description\":\"\",\"publisher\":{\"@id\":\"https:\\\/\\\/shop.bantam.ch\\\/fr\\\/#organization\"},\"inLanguage\":\"fr-FR\"},{\"@type\":\"Organization\",\"@id\":\"https:\\\/\\\/shop.bantam.ch\\\/fr\\\/#organization\",\"name\":\"Bantam Wankm\u00fcller SA\",\"url\":\"https:\\\/\\\/shop.bantam.ch\\\/fr\\\/\",\"logo\":{\"@type\":\"ImageObject\",\"inLanguage\":\"fr-FR\",\"@id\":\"https:\\\/\\\/shop.bantam.ch\\\/fr\\\/#\\\/schema\\\/logo\\\/image\\\/\",\"url\":\"https:\\\/\\\/shop.bantam.ch\\\/wp-content\\\/uploads\\\/2022\\\/12\\\/bantam-logo.png\",\"contentUrl\":\"https:\\\/\\\/shop.bantam.ch\\\/wp-content\\\/uploads\\\/2022\\\/12\\\/bantam-logo.png\",\"width\":320,\"height\":71,\"caption\":\"Bantam Wankm\u00fcller SA\"},\"image\":{\"@id\":\"https:\\\/\\\/shop.bantam.ch\\\/fr\\\/#\\\/schema\\\/logo\\\/image\\\/\"}}]}<\/script>\n<!-- \/ Yoast SEO plugin. -->","yoast_head_json":{"title":"Porte-v\u00e9lo \/ moto Weih Type universel S\/A Charge admise 170 kg - Bantam Wankm\u00fcller SA","robots":{"index":"index","follow":"follow","max-snippet":"max-snippet:-1","max-image-preview":"max-image-preview:large","max-video-preview":"max-video-preview:-1"},"canonical":"https:\/\/shop.bantam.ch\/fr\/produit\/porte-moto-velo-universel-s-a-_fixe-amovible_\/","og_locale":"fr_FR","og_type":"article","og_title":"Porte-v\u00e9lo \/ moto Weih Type universel S\/A Charge admise 170 kg - Bantam Wankm\u00fcller SA","og_description":"Ce syst\u00e8me porteur se compose de supports en acier sp\u00e9cifiques au v\u00e9hicule (env. 8 \u00e0 13 kg) qui sont viss\u00e9s sur le ch\u00e2ssis\/la rallonge de ch\u00e2ssis du camping-car et sur le support amovible lui-m\u00eame (env. 20 kg). Gr\u00e2ce au faible poids du support en aluminium, il s\u2019installe et se d\u00e9monte facilement du v\u00e9hicule en quelques [&hellip;]","og_url":"https:\/\/shop.bantam.ch\/fr\/produit\/porte-moto-velo-universel-s-a-_fixe-amovible_\/","og_site_name":"Bantam Wankm\u00fcller SA","article_modified_time":"2026-04-17T18:38:15+00:00","og_image":[{"width":1000,"height":997,"url":"https:\/\/shop.bantam.ch\/wp-content\/uploads\/2023\/02\/9988100-Motorradhalterung_universal-Standard-02-1.jpg","type":"image\/jpeg"}],"twitter_card":"summary_large_image","twitter_misc":{"Dur\u00e9e de lecture estim\u00e9e":"1 minute"},"schema":{"@context":"https:\/\/schema.org","@graph":[{"@type":"WebPage","@id":"https:\/\/shop.bantam.ch\/fr\/produit\/porte-moto-velo-universel-s-a-_fixe-amovible_\/","url":"https:\/\/shop.bantam.ch\/fr\/produit\/porte-moto-velo-universel-s-a-_fixe-amovible_\/","name":"Porte-v\u00e9lo \/ moto Weih Type universel S\/A Charge admise 170 kg - Bantam Wankm\u00fcller SA","isPartOf":{"@id":"https:\/\/shop.bantam.ch\/fr\/#website"},"primaryImageOfPage":{"@id":"https:\/\/shop.bantam.ch\/fr\/produit\/porte-moto-velo-universel-s-a-_fixe-amovible_\/#primaryimage"},"image":{"@id":"https:\/\/shop.bantam.ch\/fr\/produit\/porte-moto-velo-universel-s-a-_fixe-amovible_\/#primaryimage"},"thumbnailUrl":"https:\/\/shop.bantam.ch\/wp-content\/uploads\/2023\/02\/9988100-Motorradhalterung_universal-Standard-02-1.jpg","datePublished":"2023-02-22T17:34:16+00:00","dateModified":"2026-04-17T18:38:15+00:00","breadcrumb":{"@id":"https:\/\/shop.bantam.ch\/fr\/produit\/porte-moto-velo-universel-s-a-_fixe-amovible_\/#breadcrumb"},"inLanguage":"fr-FR","potentialAction":[{"@type":"ReadAction","target":["https:\/\/shop.bantam.ch\/fr\/produit\/porte-moto-velo-universel-s-a-_fixe-amovible_\/"]}]},{"@type":"ImageObject","inLanguage":"fr-FR","@id":"https:\/\/shop.bantam.ch\/fr\/produit\/porte-moto-velo-universel-s-a-_fixe-amovible_\/#primaryimage","url":"https:\/\/shop.bantam.ch\/wp-content\/uploads\/2023\/02\/9988100-Motorradhalterung_universal-Standard-02-1.jpg","contentUrl":"https:\/\/shop.bantam.ch\/wp-content\/uploads\/2023\/02\/9988100-Motorradhalterung_universal-Standard-02-1.jpg","width":1000,"height":997},{"@type":"BreadcrumbList","@id":"https:\/\/shop.bantam.ch\/fr\/produit\/porte-moto-velo-universel-s-a-_fixe-amovible_\/#breadcrumb","itemListElement":[{"@type":"ListItem","position":1,"name":"Accueil","item":"https:\/\/shop.bantam.ch\/fr\/"},{"@type":"ListItem","position":2,"name":"Boutique","item":"https:\/\/shop.bantam.ch\/fr\/boutique\/"},{"@type":"ListItem","position":3,"name":"Porte-v\u00e9lo \/ moto Weih Type universel S\/A Charge admise 170 kg"}]},{"@type":"WebSite","@id":"https:\/\/shop.bantam.ch\/fr\/#website","url":"https:\/\/shop.bantam.ch\/fr\/","name":"Bantam Wankm\u00fcller SA","description":"","publisher":{"@id":"https:\/\/shop.bantam.ch\/fr\/#organization"},"inLanguage":"fr-FR"},{"@type":"Organization","@id":"https:\/\/shop.bantam.ch\/fr\/#organization","name":"Bantam Wankm\u00fcller SA","url":"https:\/\/shop.bantam.ch\/fr\/","logo":{"@type":"ImageObject","inLanguage":"fr-FR","@id":"https:\/\/shop.bantam.ch\/fr\/#\/schema\/logo\/image\/","url":"https:\/\/shop.bantam.ch\/wp-content\/uploads\/2022\/12\/bantam-logo.png","contentUrl":"https:\/\/shop.bantam.ch\/wp-content\/uploads\/2022\/12\/bantam-logo.png","width":320,"height":71,"caption":"Bantam Wankm\u00fcller SA"},"image":{"@id":"https:\/\/shop.bantam.ch\/fr\/#\/schema\/logo\/image\/"}}]}},"_links":{"self":[{"href":"https:\/\/shop.bantam.ch\/fr\/wp-json\/wp\/v2\/product\/33135","targetHints":{"allow":["GET"]}}],"collection":[{"href":"https:\/\/shop.bantam.ch\/fr\/wp-json\/wp\/v2\/product"}],"about":[{"href":"https:\/\/shop.bantam.ch\/fr\/wp-json\/wp\/v2\/types\/product"}],"wp:featuredmedia":[{"embeddable":true,"href":"https:\/\/shop.bantam.ch\/fr\/wp-json\/wp\/v2\/media\/33119"}],"wp:attachment":[{"href":"https:\/\/shop.bantam.ch\/fr\/wp-json\/wp\/v2\/media?parent=33135"}],"wp:term":[{"taxonomy":"product_featured_cat","embeddable":true,"href":"https:\/\/shop.bantam.ch\/fr\/wp-json\/wp\/v2\/product_featured_cat?post=33135"},{"taxonomy":"product_brand","embeddable":true,"href":"https:\/\/shop.bantam.ch\/fr\/wp-json\/wp\/v2\/product_brand?post=33135"},{"taxonomy":"product_cat","embeddable":true,"href":"https:\/\/shop.bantam.ch\/fr\/wp-json\/wp\/v2\/product_cat?post=33135"},{"taxonomy":"product_tag","embeddable":true,"href":"https:\/\/shop.bantam.ch\/fr\/wp-json\/wp\/v2\/product_tag?post=33135"}],"curies":[{"name":"wp","href":"https:\/\/api.w.org\/{rel}","templated":true}]}}