{"id":33051,"date":"2023-02-22T18:33:10","date_gmt":"2023-02-22T17:33:10","guid":{"rendered":"http:\/\/preprod-dev.sh1.hidora.com\/webshop\/produit\/cale-roue-chock-level-gris\/"},"modified":"2026-04-16T20:39:05","modified_gmt":"2026-04-16T18:39:05","slug":"cale-roue-chock-level-gris","status":"publish","type":"product","link":"https:\/\/shop.bantam.ch\/fr\/produit\/cale-roue-chock-level-gris\/","title":{"rendered":"Chock Level coul. gris, 2pc"},"content":{"rendered":"<p>Cales pour le blocage de vos roues en cas d\u2019arr\u00eat prolong\u00e9. Compatibles avec les cales de nivellement Level Up, Level Pro et Level System Magnum. Fabriqu\u00e9es en plastique poly\u00e9thyl\u00e8ne HDPE anticorrosion, stables et r\u00e9sistantes aux UV.<\/p>\n<p>Contenu\u00a0:<br \/>2\u00a0pi\u00e8ces<\/p>\n<p>Contenu de la livraison :<br \/>crochets en acier inox incl.<\/p>\n","protected":false},"excerpt":{"rendered":"<p>Cales pour le blocage de vos roues en cas d\u2019arr\u00eat prolong\u00e9. Compatibles avec les cales de nivellement Level Up, Level Pro et Level System Magnum. Fabriqu\u00e9es en plastique poly\u00e9thyl\u00e8ne HDPE anticorrosion, stables et r\u00e9sistantes aux UV. Contenu\u00a0:2\u00a0pi\u00e8ces Contenu de la livraison :crochets en acier inox incl.<\/p>\n","protected":false},"featured_media":33047,"template":"","meta":{"_acf_changed":false},"product_featured_cat":[],"product_brand":[3034],"product_cat":[4769],"product_tag":[],"class_list":{"0":"post-33051","1":"product","2":"type-product","3":"status-publish","4":"has-post-thumbnail","6":"product_brand-fiamma","7":"product_cat-cales-dacces","9":"first","10":"instock","11":"taxable","12":"shipping-taxable","13":"purchasable","14":"product-type-simple"},"acf":[],"yoast_head":"<!-- This site is optimized with the Yoast SEO plugin v27.4 - https:\/\/yoast.com\/product\/yoast-seo-wordpress\/ -->\n<title>Chock Level coul. gris, 2pc - Bantam Wankm\u00fcller SA<\/title>\n<meta name=\"robots\" content=\"index, follow, max-snippet:-1, max-image-preview:large, max-video-preview:-1\" \/>\n<link rel=\"canonical\" href=\"https:\/\/shop.bantam.ch\/fr\/produit\/cale-roue-chock-level-gris\/\" \/>\n<meta property=\"og:locale\" content=\"fr_FR\" \/>\n<meta property=\"og:type\" content=\"article\" \/>\n<meta property=\"og:title\" content=\"Chock Level coul. gris, 2pc - Bantam Wankm\u00fcller SA\" \/>\n<meta property=\"og:description\" content=\"Cales pour le blocage de vos roues en cas d\u2019arr\u00eat prolong\u00e9. Compatibles avec les cales de nivellement Level Up, Level Pro et Level System Magnum. Fabriqu\u00e9es en plastique poly\u00e9thyl\u00e8ne HDPE anticorrosion, stables et r\u00e9sistantes aux UV. Contenu\u00a0:2\u00a0pi\u00e8ces Contenu de la livraison :crochets en acier inox incl.\" \/>\n<meta property=\"og:url\" content=\"https:\/\/shop.bantam.ch\/fr\/produit\/cale-roue-chock-level-gris\/\" \/>\n<meta property=\"og:site_name\" content=\"Bantam Wankm\u00fcller SA\" \/>\n<meta property=\"article:modified_time\" content=\"2026-04-16T18:39:05+00:00\" \/>\n<meta property=\"og:image\" content=\"https:\/\/shop.bantam.ch\/wp-content\/uploads\/2023\/02\/9983495-Chock_Level_Fb_grau_2_St_-Standard-01-1.jpg\" \/>\n\t<meta property=\"og:image:width\" content=\"1000\" \/>\n\t<meta property=\"og:image:height\" content=\"717\" \/>\n\t<meta property=\"og:image:type\" content=\"image\/jpeg\" \/>\n<meta name=\"twitter:card\" content=\"summary_large_image\" \/>\n<script type=\"application\/ld+json\" class=\"yoast-schema-graph\">{\"@context\":\"https:\\\/\\\/schema.org\",\"@graph\":[{\"@type\":\"WebPage\",\"@id\":\"https:\\\/\\\/shop.bantam.ch\\\/fr\\\/produit\\\/cale-roue-chock-level-gris\\\/\",\"url\":\"https:\\\/\\\/shop.bantam.ch\\\/fr\\\/produit\\\/cale-roue-chock-level-gris\\\/\",\"name\":\"Chock Level coul. gris, 2pc - Bantam Wankm\u00fcller SA\",\"isPartOf\":{\"@id\":\"https:\\\/\\\/shop.bantam.ch\\\/fr\\\/#website\"},\"primaryImageOfPage\":{\"@id\":\"https:\\\/\\\/shop.bantam.ch\\\/fr\\\/produit\\\/cale-roue-chock-level-gris\\\/#primaryimage\"},\"image\":{\"@id\":\"https:\\\/\\\/shop.bantam.ch\\\/fr\\\/produit\\\/cale-roue-chock-level-gris\\\/#primaryimage\"},\"thumbnailUrl\":\"https:\\\/\\\/shop.bantam.ch\\\/wp-content\\\/uploads\\\/2023\\\/02\\\/9983495-Chock_Level_Fb_grau_2_St_-Standard-01-1.jpg\",\"datePublished\":\"2023-02-22T17:33:10+00:00\",\"dateModified\":\"2026-04-16T18:39:05+00:00\",\"breadcrumb\":{\"@id\":\"https:\\\/\\\/shop.bantam.ch\\\/fr\\\/produit\\\/cale-roue-chock-level-gris\\\/#breadcrumb\"},\"inLanguage\":\"fr-FR\",\"potentialAction\":[{\"@type\":\"ReadAction\",\"target\":[\"https:\\\/\\\/shop.bantam.ch\\\/fr\\\/produit\\\/cale-roue-chock-level-gris\\\/\"]}]},{\"@type\":\"ImageObject\",\"inLanguage\":\"fr-FR\",\"@id\":\"https:\\\/\\\/shop.bantam.ch\\\/fr\\\/produit\\\/cale-roue-chock-level-gris\\\/#primaryimage\",\"url\":\"https:\\\/\\\/shop.bantam.ch\\\/wp-content\\\/uploads\\\/2023\\\/02\\\/9983495-Chock_Level_Fb_grau_2_St_-Standard-01-1.jpg\",\"contentUrl\":\"https:\\\/\\\/shop.bantam.ch\\\/wp-content\\\/uploads\\\/2023\\\/02\\\/9983495-Chock_Level_Fb_grau_2_St_-Standard-01-1.jpg\",\"width\":1000,\"height\":717},{\"@type\":\"BreadcrumbList\",\"@id\":\"https:\\\/\\\/shop.bantam.ch\\\/fr\\\/produit\\\/cale-roue-chock-level-gris\\\/#breadcrumb\",\"itemListElement\":[{\"@type\":\"ListItem\",\"position\":1,\"name\":\"Accueil\",\"item\":\"https:\\\/\\\/shop.bantam.ch\\\/fr\\\/\"},{\"@type\":\"ListItem\",\"position\":2,\"name\":\"Boutique\",\"item\":\"https:\\\/\\\/shop.bantam.ch\\\/fr\\\/boutique\\\/\"},{\"@type\":\"ListItem\",\"position\":3,\"name\":\"Chock Level coul. gris, 2pc\"}]},{\"@type\":\"WebSite\",\"@id\":\"https:\\\/\\\/shop.bantam.ch\\\/fr\\\/#website\",\"url\":\"https:\\\/\\\/shop.bantam.ch\\\/fr\\\/\",\"name\":\"Bantam Wankm\u00fcller SA\",\"description\":\"\",\"publisher\":{\"@id\":\"https:\\\/\\\/shop.bantam.ch\\\/fr\\\/#organization\"},\"inLanguage\":\"fr-FR\"},{\"@type\":\"Organization\",\"@id\":\"https:\\\/\\\/shop.bantam.ch\\\/fr\\\/#organization\",\"name\":\"Bantam Wankm\u00fcller SA\",\"url\":\"https:\\\/\\\/shop.bantam.ch\\\/fr\\\/\",\"logo\":{\"@type\":\"ImageObject\",\"inLanguage\":\"fr-FR\",\"@id\":\"https:\\\/\\\/shop.bantam.ch\\\/fr\\\/#\\\/schema\\\/logo\\\/image\\\/\",\"url\":\"https:\\\/\\\/shop.bantam.ch\\\/wp-content\\\/uploads\\\/2022\\\/12\\\/bantam-logo.png\",\"contentUrl\":\"https:\\\/\\\/shop.bantam.ch\\\/wp-content\\\/uploads\\\/2022\\\/12\\\/bantam-logo.png\",\"width\":320,\"height\":71,\"caption\":\"Bantam Wankm\u00fcller SA\"},\"image\":{\"@id\":\"https:\\\/\\\/shop.bantam.ch\\\/fr\\\/#\\\/schema\\\/logo\\\/image\\\/\"}}]}<\/script>\n<!-- \/ Yoast SEO plugin. -->","yoast_head_json":{"title":"Chock Level coul. gris, 2pc - Bantam Wankm\u00fcller SA","robots":{"index":"index","follow":"follow","max-snippet":"max-snippet:-1","max-image-preview":"max-image-preview:large","max-video-preview":"max-video-preview:-1"},"canonical":"https:\/\/shop.bantam.ch\/fr\/produit\/cale-roue-chock-level-gris\/","og_locale":"fr_FR","og_type":"article","og_title":"Chock Level coul. gris, 2pc - Bantam Wankm\u00fcller SA","og_description":"Cales pour le blocage de vos roues en cas d\u2019arr\u00eat prolong\u00e9. Compatibles avec les cales de nivellement Level Up, Level Pro et Level System Magnum. Fabriqu\u00e9es en plastique poly\u00e9thyl\u00e8ne HDPE anticorrosion, stables et r\u00e9sistantes aux UV. Contenu\u00a0:2\u00a0pi\u00e8ces Contenu de la livraison :crochets en acier inox incl.","og_url":"https:\/\/shop.bantam.ch\/fr\/produit\/cale-roue-chock-level-gris\/","og_site_name":"Bantam Wankm\u00fcller SA","article_modified_time":"2026-04-16T18:39:05+00:00","og_image":[{"width":1000,"height":717,"url":"https:\/\/shop.bantam.ch\/wp-content\/uploads\/2023\/02\/9983495-Chock_Level_Fb_grau_2_St_-Standard-01-1.jpg","type":"image\/jpeg"}],"twitter_card":"summary_large_image","schema":{"@context":"https:\/\/schema.org","@graph":[{"@type":"WebPage","@id":"https:\/\/shop.bantam.ch\/fr\/produit\/cale-roue-chock-level-gris\/","url":"https:\/\/shop.bantam.ch\/fr\/produit\/cale-roue-chock-level-gris\/","name":"Chock Level coul. gris, 2pc - Bantam Wankm\u00fcller SA","isPartOf":{"@id":"https:\/\/shop.bantam.ch\/fr\/#website"},"primaryImageOfPage":{"@id":"https:\/\/shop.bantam.ch\/fr\/produit\/cale-roue-chock-level-gris\/#primaryimage"},"image":{"@id":"https:\/\/shop.bantam.ch\/fr\/produit\/cale-roue-chock-level-gris\/#primaryimage"},"thumbnailUrl":"https:\/\/shop.bantam.ch\/wp-content\/uploads\/2023\/02\/9983495-Chock_Level_Fb_grau_2_St_-Standard-01-1.jpg","datePublished":"2023-02-22T17:33:10+00:00","dateModified":"2026-04-16T18:39:05+00:00","breadcrumb":{"@id":"https:\/\/shop.bantam.ch\/fr\/produit\/cale-roue-chock-level-gris\/#breadcrumb"},"inLanguage":"fr-FR","potentialAction":[{"@type":"ReadAction","target":["https:\/\/shop.bantam.ch\/fr\/produit\/cale-roue-chock-level-gris\/"]}]},{"@type":"ImageObject","inLanguage":"fr-FR","@id":"https:\/\/shop.bantam.ch\/fr\/produit\/cale-roue-chock-level-gris\/#primaryimage","url":"https:\/\/shop.bantam.ch\/wp-content\/uploads\/2023\/02\/9983495-Chock_Level_Fb_grau_2_St_-Standard-01-1.jpg","contentUrl":"https:\/\/shop.bantam.ch\/wp-content\/uploads\/2023\/02\/9983495-Chock_Level_Fb_grau_2_St_-Standard-01-1.jpg","width":1000,"height":717},{"@type":"BreadcrumbList","@id":"https:\/\/shop.bantam.ch\/fr\/produit\/cale-roue-chock-level-gris\/#breadcrumb","itemListElement":[{"@type":"ListItem","position":1,"name":"Accueil","item":"https:\/\/shop.bantam.ch\/fr\/"},{"@type":"ListItem","position":2,"name":"Boutique","item":"https:\/\/shop.bantam.ch\/fr\/boutique\/"},{"@type":"ListItem","position":3,"name":"Chock Level coul. gris, 2pc"}]},{"@type":"WebSite","@id":"https:\/\/shop.bantam.ch\/fr\/#website","url":"https:\/\/shop.bantam.ch\/fr\/","name":"Bantam Wankm\u00fcller SA","description":"","publisher":{"@id":"https:\/\/shop.bantam.ch\/fr\/#organization"},"inLanguage":"fr-FR"},{"@type":"Organization","@id":"https:\/\/shop.bantam.ch\/fr\/#organization","name":"Bantam Wankm\u00fcller SA","url":"https:\/\/shop.bantam.ch\/fr\/","logo":{"@type":"ImageObject","inLanguage":"fr-FR","@id":"https:\/\/shop.bantam.ch\/fr\/#\/schema\/logo\/image\/","url":"https:\/\/shop.bantam.ch\/wp-content\/uploads\/2022\/12\/bantam-logo.png","contentUrl":"https:\/\/shop.bantam.ch\/wp-content\/uploads\/2022\/12\/bantam-logo.png","width":320,"height":71,"caption":"Bantam Wankm\u00fcller SA"},"image":{"@id":"https:\/\/shop.bantam.ch\/fr\/#\/schema\/logo\/image\/"}}]}},"_links":{"self":[{"href":"https:\/\/shop.bantam.ch\/fr\/wp-json\/wp\/v2\/product\/33051","targetHints":{"allow":["GET"]}}],"collection":[{"href":"https:\/\/shop.bantam.ch\/fr\/wp-json\/wp\/v2\/product"}],"about":[{"href":"https:\/\/shop.bantam.ch\/fr\/wp-json\/wp\/v2\/types\/product"}],"wp:featuredmedia":[{"embeddable":true,"href":"https:\/\/shop.bantam.ch\/fr\/wp-json\/wp\/v2\/media\/33047"}],"wp:attachment":[{"href":"https:\/\/shop.bantam.ch\/fr\/wp-json\/wp\/v2\/media?parent=33051"}],"wp:term":[{"taxonomy":"product_featured_cat","embeddable":true,"href":"https:\/\/shop.bantam.ch\/fr\/wp-json\/wp\/v2\/product_featured_cat?post=33051"},{"taxonomy":"product_brand","embeddable":true,"href":"https:\/\/shop.bantam.ch\/fr\/wp-json\/wp\/v2\/product_brand?post=33051"},{"taxonomy":"product_cat","embeddable":true,"href":"https:\/\/shop.bantam.ch\/fr\/wp-json\/wp\/v2\/product_cat?post=33051"},{"taxonomy":"product_tag","embeddable":true,"href":"https:\/\/shop.bantam.ch\/fr\/wp-json\/wp\/v2\/product_tag?post=33051"}],"curies":[{"name":"wp","href":"https:\/\/api.w.org\/{rel}","templated":true}]}}