{"id":32855,"date":"2023-02-22T18:29:54","date_gmt":"2023-02-22T17:29:54","guid":{"rendered":"http:\/\/preprod-dev.sh1.hidora.com\/webshop\/produit\/retroviseur-exterieur-safety-convexe\/"},"modified":"2026-04-18T20:37:54","modified_gmt":"2026-04-18T18:37:54","slug":"retroviseur-exterieur-safety-convexe","status":"publish","type":"product","link":"https:\/\/shop.bantam.ch\/fr\/produit\/retroviseur-exterieur-safety-convexe\/","title":{"rendered":"R\u00e9troviseur ext\u00e9rieur MGI Miroir convexe Safety 1 pi\u00e8ce"},"content":{"rendered":"<p>Une nouveaut\u00e9 parmi les r\u00e9troviseurs universels.  Montage rapide, simple et facile \u00e0 l\u2018aide de tendeurs caoutchouc.  Gr\u00e2ce \u00e0 ses bras de r\u00e9troviseur articul\u00e9s, le Safety s\u2018adapte \u00e0 tous les r\u00e9troviseurs typiques. La s\u00e9rie MGI satisfait aux normes de s\u00e9curit\u00e9 les plus r\u00e9centes. <\/p>\n<p>Contenu de la livraison :<br \/>1 pi\u00e8ce<\/p>\n","protected":false},"excerpt":{"rendered":"<p>Une nouveaut\u00e9 parmi les r\u00e9troviseurs universels. Montage rapide, simple et facile \u00e0 l\u2018aide de tendeurs caoutchouc. Gr\u00e2ce \u00e0 ses bras de r\u00e9troviseur articul\u00e9s, le Safety s\u2018adapte \u00e0 tous les r\u00e9troviseurs typiques. La s\u00e9rie MGI satisfait aux normes de s\u00e9curit\u00e9 les plus r\u00e9centes. Contenu de la livraison :1 pi\u00e8ce<\/p>\n","protected":false},"featured_media":32851,"template":"","meta":{"_acf_changed":false},"product_featured_cat":[],"product_brand":[3142],"product_cat":[4831],"product_tag":[],"class_list":{"0":"post-32855","1":"product","2":"type-product","3":"status-publish","4":"has-post-thumbnail","6":"product_brand-milenco","7":"product_cat-retroviseurs-de-caravane","9":"first","10":"instock","11":"taxable","12":"shipping-taxable","13":"purchasable","14":"product-type-simple"},"acf":[],"yoast_head":"<!-- This site is optimized with the Yoast SEO plugin v27.4 - https:\/\/yoast.com\/product\/yoast-seo-wordpress\/ -->\n<title>R\u00e9troviseur ext\u00e9rieur MGI Miroir convexe Safety 1 pi\u00e8ce - Bantam Wankm\u00fcller SA<\/title>\n<meta name=\"robots\" content=\"index, follow, max-snippet:-1, max-image-preview:large, max-video-preview:-1\" \/>\n<link rel=\"canonical\" href=\"https:\/\/shop.bantam.ch\/fr\/produit\/retroviseur-exterieur-safety-convexe\/\" \/>\n<meta property=\"og:locale\" content=\"fr_FR\" \/>\n<meta property=\"og:type\" content=\"article\" \/>\n<meta property=\"og:title\" content=\"R\u00e9troviseur ext\u00e9rieur MGI Miroir convexe Safety 1 pi\u00e8ce - Bantam Wankm\u00fcller SA\" \/>\n<meta property=\"og:description\" content=\"Une nouveaut\u00e9 parmi les r\u00e9troviseurs universels. Montage rapide, simple et facile \u00e0 l\u2018aide de tendeurs caoutchouc. Gr\u00e2ce \u00e0 ses bras de r\u00e9troviseur articul\u00e9s, le Safety s\u2018adapte \u00e0 tous les r\u00e9troviseurs typiques. La s\u00e9rie MGI satisfait aux normes de s\u00e9curit\u00e9 les plus r\u00e9centes. Contenu de la livraison :1 pi\u00e8ce\" \/>\n<meta property=\"og:url\" content=\"https:\/\/shop.bantam.ch\/fr\/produit\/retroviseur-exterieur-safety-convexe\/\" \/>\n<meta property=\"og:site_name\" content=\"Bantam Wankm\u00fcller SA\" \/>\n<meta property=\"article:modified_time\" content=\"2026-04-18T18:37:54+00:00\" \/>\n<meta property=\"og:image\" content=\"https:\/\/shop.bantam.ch\/wp-content\/uploads\/2023\/02\/9983189-Milenco_Safety_Convex-Standard-01-1.jpg\" \/>\n\t<meta property=\"og:image:width\" content=\"1000\" \/>\n\t<meta property=\"og:image:height\" content=\"573\" \/>\n\t<meta property=\"og:image:type\" content=\"image\/jpeg\" \/>\n<meta name=\"twitter:card\" content=\"summary_large_image\" \/>\n<script type=\"application\/ld+json\" class=\"yoast-schema-graph\">{\"@context\":\"https:\\\/\\\/schema.org\",\"@graph\":[{\"@type\":\"WebPage\",\"@id\":\"https:\\\/\\\/shop.bantam.ch\\\/fr\\\/produit\\\/retroviseur-exterieur-safety-convexe\\\/\",\"url\":\"https:\\\/\\\/shop.bantam.ch\\\/fr\\\/produit\\\/retroviseur-exterieur-safety-convexe\\\/\",\"name\":\"R\u00e9troviseur ext\u00e9rieur MGI Miroir convexe Safety 1 pi\u00e8ce - Bantam Wankm\u00fcller SA\",\"isPartOf\":{\"@id\":\"https:\\\/\\\/shop.bantam.ch\\\/fr\\\/#website\"},\"primaryImageOfPage\":{\"@id\":\"https:\\\/\\\/shop.bantam.ch\\\/fr\\\/produit\\\/retroviseur-exterieur-safety-convexe\\\/#primaryimage\"},\"image\":{\"@id\":\"https:\\\/\\\/shop.bantam.ch\\\/fr\\\/produit\\\/retroviseur-exterieur-safety-convexe\\\/#primaryimage\"},\"thumbnailUrl\":\"https:\\\/\\\/shop.bantam.ch\\\/wp-content\\\/uploads\\\/2023\\\/02\\\/9983189-Milenco_Safety_Convex-Standard-01-1.jpg\",\"datePublished\":\"2023-02-22T17:29:54+00:00\",\"dateModified\":\"2026-04-18T18:37:54+00:00\",\"breadcrumb\":{\"@id\":\"https:\\\/\\\/shop.bantam.ch\\\/fr\\\/produit\\\/retroviseur-exterieur-safety-convexe\\\/#breadcrumb\"},\"inLanguage\":\"fr-FR\",\"potentialAction\":[{\"@type\":\"ReadAction\",\"target\":[\"https:\\\/\\\/shop.bantam.ch\\\/fr\\\/produit\\\/retroviseur-exterieur-safety-convexe\\\/\"]}]},{\"@type\":\"ImageObject\",\"inLanguage\":\"fr-FR\",\"@id\":\"https:\\\/\\\/shop.bantam.ch\\\/fr\\\/produit\\\/retroviseur-exterieur-safety-convexe\\\/#primaryimage\",\"url\":\"https:\\\/\\\/shop.bantam.ch\\\/wp-content\\\/uploads\\\/2023\\\/02\\\/9983189-Milenco_Safety_Convex-Standard-01-1.jpg\",\"contentUrl\":\"https:\\\/\\\/shop.bantam.ch\\\/wp-content\\\/uploads\\\/2023\\\/02\\\/9983189-Milenco_Safety_Convex-Standard-01-1.jpg\",\"width\":1000,\"height\":573},{\"@type\":\"BreadcrumbList\",\"@id\":\"https:\\\/\\\/shop.bantam.ch\\\/fr\\\/produit\\\/retroviseur-exterieur-safety-convexe\\\/#breadcrumb\",\"itemListElement\":[{\"@type\":\"ListItem\",\"position\":1,\"name\":\"Accueil\",\"item\":\"https:\\\/\\\/shop.bantam.ch\\\/fr\\\/\"},{\"@type\":\"ListItem\",\"position\":2,\"name\":\"Boutique\",\"item\":\"https:\\\/\\\/shop.bantam.ch\\\/fr\\\/boutique\\\/\"},{\"@type\":\"ListItem\",\"position\":3,\"name\":\"R\u00e9troviseur ext\u00e9rieur MGI Miroir convexe Safety 1 pi\u00e8ce\"}]},{\"@type\":\"WebSite\",\"@id\":\"https:\\\/\\\/shop.bantam.ch\\\/fr\\\/#website\",\"url\":\"https:\\\/\\\/shop.bantam.ch\\\/fr\\\/\",\"name\":\"Bantam Wankm\u00fcller SA\",\"description\":\"\",\"publisher\":{\"@id\":\"https:\\\/\\\/shop.bantam.ch\\\/fr\\\/#organization\"},\"inLanguage\":\"fr-FR\"},{\"@type\":\"Organization\",\"@id\":\"https:\\\/\\\/shop.bantam.ch\\\/fr\\\/#organization\",\"name\":\"Bantam Wankm\u00fcller SA\",\"url\":\"https:\\\/\\\/shop.bantam.ch\\\/fr\\\/\",\"logo\":{\"@type\":\"ImageObject\",\"inLanguage\":\"fr-FR\",\"@id\":\"https:\\\/\\\/shop.bantam.ch\\\/fr\\\/#\\\/schema\\\/logo\\\/image\\\/\",\"url\":\"https:\\\/\\\/shop.bantam.ch\\\/wp-content\\\/uploads\\\/2022\\\/12\\\/bantam-logo.png\",\"contentUrl\":\"https:\\\/\\\/shop.bantam.ch\\\/wp-content\\\/uploads\\\/2022\\\/12\\\/bantam-logo.png\",\"width\":320,\"height\":71,\"caption\":\"Bantam Wankm\u00fcller SA\"},\"image\":{\"@id\":\"https:\\\/\\\/shop.bantam.ch\\\/fr\\\/#\\\/schema\\\/logo\\\/image\\\/\"}}]}<\/script>\n<!-- \/ Yoast SEO plugin. -->","yoast_head_json":{"title":"R\u00e9troviseur ext\u00e9rieur MGI Miroir convexe Safety 1 pi\u00e8ce - Bantam Wankm\u00fcller SA","robots":{"index":"index","follow":"follow","max-snippet":"max-snippet:-1","max-image-preview":"max-image-preview:large","max-video-preview":"max-video-preview:-1"},"canonical":"https:\/\/shop.bantam.ch\/fr\/produit\/retroviseur-exterieur-safety-convexe\/","og_locale":"fr_FR","og_type":"article","og_title":"R\u00e9troviseur ext\u00e9rieur MGI Miroir convexe Safety 1 pi\u00e8ce - Bantam Wankm\u00fcller SA","og_description":"Une nouveaut\u00e9 parmi les r\u00e9troviseurs universels. Montage rapide, simple et facile \u00e0 l\u2018aide de tendeurs caoutchouc. Gr\u00e2ce \u00e0 ses bras de r\u00e9troviseur articul\u00e9s, le Safety s\u2018adapte \u00e0 tous les r\u00e9troviseurs typiques. La s\u00e9rie MGI satisfait aux normes de s\u00e9curit\u00e9 les plus r\u00e9centes. Contenu de la livraison :1 pi\u00e8ce","og_url":"https:\/\/shop.bantam.ch\/fr\/produit\/retroviseur-exterieur-safety-convexe\/","og_site_name":"Bantam Wankm\u00fcller SA","article_modified_time":"2026-04-18T18:37:54+00:00","og_image":[{"width":1000,"height":573,"url":"https:\/\/shop.bantam.ch\/wp-content\/uploads\/2023\/02\/9983189-Milenco_Safety_Convex-Standard-01-1.jpg","type":"image\/jpeg"}],"twitter_card":"summary_large_image","schema":{"@context":"https:\/\/schema.org","@graph":[{"@type":"WebPage","@id":"https:\/\/shop.bantam.ch\/fr\/produit\/retroviseur-exterieur-safety-convexe\/","url":"https:\/\/shop.bantam.ch\/fr\/produit\/retroviseur-exterieur-safety-convexe\/","name":"R\u00e9troviseur ext\u00e9rieur MGI Miroir convexe Safety 1 pi\u00e8ce - Bantam Wankm\u00fcller SA","isPartOf":{"@id":"https:\/\/shop.bantam.ch\/fr\/#website"},"primaryImageOfPage":{"@id":"https:\/\/shop.bantam.ch\/fr\/produit\/retroviseur-exterieur-safety-convexe\/#primaryimage"},"image":{"@id":"https:\/\/shop.bantam.ch\/fr\/produit\/retroviseur-exterieur-safety-convexe\/#primaryimage"},"thumbnailUrl":"https:\/\/shop.bantam.ch\/wp-content\/uploads\/2023\/02\/9983189-Milenco_Safety_Convex-Standard-01-1.jpg","datePublished":"2023-02-22T17:29:54+00:00","dateModified":"2026-04-18T18:37:54+00:00","breadcrumb":{"@id":"https:\/\/shop.bantam.ch\/fr\/produit\/retroviseur-exterieur-safety-convexe\/#breadcrumb"},"inLanguage":"fr-FR","potentialAction":[{"@type":"ReadAction","target":["https:\/\/shop.bantam.ch\/fr\/produit\/retroviseur-exterieur-safety-convexe\/"]}]},{"@type":"ImageObject","inLanguage":"fr-FR","@id":"https:\/\/shop.bantam.ch\/fr\/produit\/retroviseur-exterieur-safety-convexe\/#primaryimage","url":"https:\/\/shop.bantam.ch\/wp-content\/uploads\/2023\/02\/9983189-Milenco_Safety_Convex-Standard-01-1.jpg","contentUrl":"https:\/\/shop.bantam.ch\/wp-content\/uploads\/2023\/02\/9983189-Milenco_Safety_Convex-Standard-01-1.jpg","width":1000,"height":573},{"@type":"BreadcrumbList","@id":"https:\/\/shop.bantam.ch\/fr\/produit\/retroviseur-exterieur-safety-convexe\/#breadcrumb","itemListElement":[{"@type":"ListItem","position":1,"name":"Accueil","item":"https:\/\/shop.bantam.ch\/fr\/"},{"@type":"ListItem","position":2,"name":"Boutique","item":"https:\/\/shop.bantam.ch\/fr\/boutique\/"},{"@type":"ListItem","position":3,"name":"R\u00e9troviseur ext\u00e9rieur MGI Miroir convexe Safety 1 pi\u00e8ce"}]},{"@type":"WebSite","@id":"https:\/\/shop.bantam.ch\/fr\/#website","url":"https:\/\/shop.bantam.ch\/fr\/","name":"Bantam Wankm\u00fcller SA","description":"","publisher":{"@id":"https:\/\/shop.bantam.ch\/fr\/#organization"},"inLanguage":"fr-FR"},{"@type":"Organization","@id":"https:\/\/shop.bantam.ch\/fr\/#organization","name":"Bantam Wankm\u00fcller SA","url":"https:\/\/shop.bantam.ch\/fr\/","logo":{"@type":"ImageObject","inLanguage":"fr-FR","@id":"https:\/\/shop.bantam.ch\/fr\/#\/schema\/logo\/image\/","url":"https:\/\/shop.bantam.ch\/wp-content\/uploads\/2022\/12\/bantam-logo.png","contentUrl":"https:\/\/shop.bantam.ch\/wp-content\/uploads\/2022\/12\/bantam-logo.png","width":320,"height":71,"caption":"Bantam Wankm\u00fcller SA"},"image":{"@id":"https:\/\/shop.bantam.ch\/fr\/#\/schema\/logo\/image\/"}}]}},"_links":{"self":[{"href":"https:\/\/shop.bantam.ch\/fr\/wp-json\/wp\/v2\/product\/32855","targetHints":{"allow":["GET"]}}],"collection":[{"href":"https:\/\/shop.bantam.ch\/fr\/wp-json\/wp\/v2\/product"}],"about":[{"href":"https:\/\/shop.bantam.ch\/fr\/wp-json\/wp\/v2\/types\/product"}],"wp:featuredmedia":[{"embeddable":true,"href":"https:\/\/shop.bantam.ch\/fr\/wp-json\/wp\/v2\/media\/32851"}],"wp:attachment":[{"href":"https:\/\/shop.bantam.ch\/fr\/wp-json\/wp\/v2\/media?parent=32855"}],"wp:term":[{"taxonomy":"product_featured_cat","embeddable":true,"href":"https:\/\/shop.bantam.ch\/fr\/wp-json\/wp\/v2\/product_featured_cat?post=32855"},{"taxonomy":"product_brand","embeddable":true,"href":"https:\/\/shop.bantam.ch\/fr\/wp-json\/wp\/v2\/product_brand?post=32855"},{"taxonomy":"product_cat","embeddable":true,"href":"https:\/\/shop.bantam.ch\/fr\/wp-json\/wp\/v2\/product_cat?post=32855"},{"taxonomy":"product_tag","embeddable":true,"href":"https:\/\/shop.bantam.ch\/fr\/wp-json\/wp\/v2\/product_tag?post=32855"}],"curies":[{"name":"wp","href":"https:\/\/api.w.org\/{rel}","templated":true}]}}