{"id":32831,"date":"2023-02-22T18:29:33","date_gmt":"2023-02-22T17:29:33","guid":{"rendered":"http:\/\/preprod-dev.sh1.hidora.com\/webshop\/produit\/sabot-de-roue-compact-c-wheelclamp\/"},"modified":"2026-04-18T20:37:48","modified_gmt":"2026-04-18T18:37:48","slug":"sabot-de-roue-compact-c-wheelclamp","status":"publish","type":"product","link":"https:\/\/shop.bantam.ch\/fr\/produit\/sabot-de-roue-compact-c-wheelclamp\/","title":{"rendered":"Sabot Milenco Compakt C Wheelclamp"},"content":{"rendered":"<p>Le verrou s\u2018accroche au ch\u00e2ssis du v\u00e9hicule en traversant les jantes. Une serrure ultra-haute s\u00e9curit\u00e9 garantit un verrouillage s\u00fbr des roues et emp\u00eache ainsi le d\u00e9placement de votre v\u00e9hicule.<br \/>\nLa fonction principale du sabot de roue pour le ch\u00e2ssis de la caravane est une serrure qui s&rsquo;accroche directement dans la roue. Une serrure ultra-haute s\u00e9curit\u00e9 garantit un verrouillage s\u00fbr des roues Ceci emp\u00eache le mouvement inopin\u00e9 de la caravane et la rotation de la roue.<\/p>\n","protected":false},"excerpt":{"rendered":"<p>Le verrou s\u2018accroche au ch\u00e2ssis du v\u00e9hicule en traversant les jantes. Une serrure ultra-haute s\u00e9curit\u00e9 garantit un verrouillage s\u00fbr des roues et emp\u00eache ainsi le d\u00e9placement de votre v\u00e9hicule. La fonction principale du sabot de roue pour le ch\u00e2ssis de la caravane est une serrure qui s&rsquo;accroche directement dans la roue. Une serrure ultra-haute s\u00e9curit\u00e9 [&hellip;]<\/p>\n","protected":false},"featured_media":32829,"template":"","meta":{"_acf_changed":false},"product_featured_cat":[],"product_brand":[3142],"product_cat":[4671],"product_tag":[],"class_list":{"0":"post-32831","1":"product","2":"type-product","3":"status-publish","4":"has-post-thumbnail","6":"product_brand-milenco","7":"product_cat-dispositifs-anti-demarrage","9":"first","10":"instock","11":"taxable","12":"shipping-taxable","13":"purchasable","14":"product-type-simple"},"acf":[],"yoast_head":"<!-- This site is optimized with the Yoast SEO plugin v27.4 - https:\/\/yoast.com\/product\/yoast-seo-wordpress\/ -->\n<title>Sabot Milenco Compakt C Wheelclamp - Bantam Wankm\u00fcller SA<\/title>\n<meta name=\"robots\" content=\"index, follow, max-snippet:-1, max-image-preview:large, max-video-preview:-1\" \/>\n<link rel=\"canonical\" href=\"https:\/\/shop.bantam.ch\/fr\/produit\/sabot-de-roue-compact-c-wheelclamp\/\" \/>\n<meta property=\"og:locale\" content=\"fr_FR\" \/>\n<meta property=\"og:type\" content=\"article\" \/>\n<meta property=\"og:title\" content=\"Sabot Milenco Compakt C Wheelclamp - Bantam Wankm\u00fcller SA\" \/>\n<meta property=\"og:description\" content=\"Le verrou s\u2018accroche au ch\u00e2ssis du v\u00e9hicule en traversant les jantes. Une serrure ultra-haute s\u00e9curit\u00e9 garantit un verrouillage s\u00fbr des roues et emp\u00eache ainsi le d\u00e9placement de votre v\u00e9hicule. La fonction principale du sabot de roue pour le ch\u00e2ssis de la caravane est une serrure qui s&rsquo;accroche directement dans la roue. Une serrure ultra-haute s\u00e9curit\u00e9 [&hellip;]\" \/>\n<meta property=\"og:url\" content=\"https:\/\/shop.bantam.ch\/fr\/produit\/sabot-de-roue-compact-c-wheelclamp\/\" \/>\n<meta property=\"og:site_name\" content=\"Bantam Wankm\u00fcller SA\" \/>\n<meta property=\"article:modified_time\" content=\"2026-04-18T18:37:48+00:00\" \/>\n<meta property=\"og:image\" content=\"https:\/\/shop.bantam.ch\/wp-content\/uploads\/2023\/02\/9981192-Radkralle_Milenco_Compakt_C_Wheelclamp-Standard-01-1.jpg\" \/>\n\t<meta property=\"og:image:width\" content=\"1000\" \/>\n\t<meta property=\"og:image:height\" content=\"676\" \/>\n\t<meta property=\"og:image:type\" content=\"image\/jpeg\" \/>\n<meta name=\"twitter:card\" content=\"summary_large_image\" \/>\n<meta name=\"twitter:label1\" content=\"Dur\u00e9e de lecture estim\u00e9e\" \/>\n\t<meta name=\"twitter:data1\" content=\"1 minute\" \/>\n<script type=\"application\/ld+json\" class=\"yoast-schema-graph\">{\"@context\":\"https:\\\/\\\/schema.org\",\"@graph\":[{\"@type\":\"WebPage\",\"@id\":\"https:\\\/\\\/shop.bantam.ch\\\/fr\\\/produit\\\/sabot-de-roue-compact-c-wheelclamp\\\/\",\"url\":\"https:\\\/\\\/shop.bantam.ch\\\/fr\\\/produit\\\/sabot-de-roue-compact-c-wheelclamp\\\/\",\"name\":\"Sabot Milenco Compakt C Wheelclamp - Bantam Wankm\u00fcller SA\",\"isPartOf\":{\"@id\":\"https:\\\/\\\/shop.bantam.ch\\\/fr\\\/#website\"},\"primaryImageOfPage\":{\"@id\":\"https:\\\/\\\/shop.bantam.ch\\\/fr\\\/produit\\\/sabot-de-roue-compact-c-wheelclamp\\\/#primaryimage\"},\"image\":{\"@id\":\"https:\\\/\\\/shop.bantam.ch\\\/fr\\\/produit\\\/sabot-de-roue-compact-c-wheelclamp\\\/#primaryimage\"},\"thumbnailUrl\":\"https:\\\/\\\/shop.bantam.ch\\\/wp-content\\\/uploads\\\/2023\\\/02\\\/9981192-Radkralle_Milenco_Compakt_C_Wheelclamp-Standard-01-1.jpg\",\"datePublished\":\"2023-02-22T17:29:33+00:00\",\"dateModified\":\"2026-04-18T18:37:48+00:00\",\"breadcrumb\":{\"@id\":\"https:\\\/\\\/shop.bantam.ch\\\/fr\\\/produit\\\/sabot-de-roue-compact-c-wheelclamp\\\/#breadcrumb\"},\"inLanguage\":\"fr-FR\",\"potentialAction\":[{\"@type\":\"ReadAction\",\"target\":[\"https:\\\/\\\/shop.bantam.ch\\\/fr\\\/produit\\\/sabot-de-roue-compact-c-wheelclamp\\\/\"]}]},{\"@type\":\"ImageObject\",\"inLanguage\":\"fr-FR\",\"@id\":\"https:\\\/\\\/shop.bantam.ch\\\/fr\\\/produit\\\/sabot-de-roue-compact-c-wheelclamp\\\/#primaryimage\",\"url\":\"https:\\\/\\\/shop.bantam.ch\\\/wp-content\\\/uploads\\\/2023\\\/02\\\/9981192-Radkralle_Milenco_Compakt_C_Wheelclamp-Standard-01-1.jpg\",\"contentUrl\":\"https:\\\/\\\/shop.bantam.ch\\\/wp-content\\\/uploads\\\/2023\\\/02\\\/9981192-Radkralle_Milenco_Compakt_C_Wheelclamp-Standard-01-1.jpg\",\"width\":1000,\"height\":676},{\"@type\":\"BreadcrumbList\",\"@id\":\"https:\\\/\\\/shop.bantam.ch\\\/fr\\\/produit\\\/sabot-de-roue-compact-c-wheelclamp\\\/#breadcrumb\",\"itemListElement\":[{\"@type\":\"ListItem\",\"position\":1,\"name\":\"Accueil\",\"item\":\"https:\\\/\\\/shop.bantam.ch\\\/fr\\\/\"},{\"@type\":\"ListItem\",\"position\":2,\"name\":\"Boutique\",\"item\":\"https:\\\/\\\/shop.bantam.ch\\\/fr\\\/boutique\\\/\"},{\"@type\":\"ListItem\",\"position\":3,\"name\":\"Sabot Milenco Compakt C Wheelclamp\"}]},{\"@type\":\"WebSite\",\"@id\":\"https:\\\/\\\/shop.bantam.ch\\\/fr\\\/#website\",\"url\":\"https:\\\/\\\/shop.bantam.ch\\\/fr\\\/\",\"name\":\"Bantam Wankm\u00fcller SA\",\"description\":\"\",\"publisher\":{\"@id\":\"https:\\\/\\\/shop.bantam.ch\\\/fr\\\/#organization\"},\"inLanguage\":\"fr-FR\"},{\"@type\":\"Organization\",\"@id\":\"https:\\\/\\\/shop.bantam.ch\\\/fr\\\/#organization\",\"name\":\"Bantam Wankm\u00fcller SA\",\"url\":\"https:\\\/\\\/shop.bantam.ch\\\/fr\\\/\",\"logo\":{\"@type\":\"ImageObject\",\"inLanguage\":\"fr-FR\",\"@id\":\"https:\\\/\\\/shop.bantam.ch\\\/fr\\\/#\\\/schema\\\/logo\\\/image\\\/\",\"url\":\"https:\\\/\\\/shop.bantam.ch\\\/wp-content\\\/uploads\\\/2022\\\/12\\\/bantam-logo.png\",\"contentUrl\":\"https:\\\/\\\/shop.bantam.ch\\\/wp-content\\\/uploads\\\/2022\\\/12\\\/bantam-logo.png\",\"width\":320,\"height\":71,\"caption\":\"Bantam Wankm\u00fcller SA\"},\"image\":{\"@id\":\"https:\\\/\\\/shop.bantam.ch\\\/fr\\\/#\\\/schema\\\/logo\\\/image\\\/\"}}]}<\/script>\n<!-- \/ Yoast SEO plugin. -->","yoast_head_json":{"title":"Sabot Milenco Compakt C Wheelclamp - Bantam Wankm\u00fcller SA","robots":{"index":"index","follow":"follow","max-snippet":"max-snippet:-1","max-image-preview":"max-image-preview:large","max-video-preview":"max-video-preview:-1"},"canonical":"https:\/\/shop.bantam.ch\/fr\/produit\/sabot-de-roue-compact-c-wheelclamp\/","og_locale":"fr_FR","og_type":"article","og_title":"Sabot Milenco Compakt C Wheelclamp - Bantam Wankm\u00fcller SA","og_description":"Le verrou s\u2018accroche au ch\u00e2ssis du v\u00e9hicule en traversant les jantes. Une serrure ultra-haute s\u00e9curit\u00e9 garantit un verrouillage s\u00fbr des roues et emp\u00eache ainsi le d\u00e9placement de votre v\u00e9hicule. La fonction principale du sabot de roue pour le ch\u00e2ssis de la caravane est une serrure qui s&rsquo;accroche directement dans la roue. Une serrure ultra-haute s\u00e9curit\u00e9 [&hellip;]","og_url":"https:\/\/shop.bantam.ch\/fr\/produit\/sabot-de-roue-compact-c-wheelclamp\/","og_site_name":"Bantam Wankm\u00fcller SA","article_modified_time":"2026-04-18T18:37:48+00:00","og_image":[{"width":1000,"height":676,"url":"https:\/\/shop.bantam.ch\/wp-content\/uploads\/2023\/02\/9981192-Radkralle_Milenco_Compakt_C_Wheelclamp-Standard-01-1.jpg","type":"image\/jpeg"}],"twitter_card":"summary_large_image","twitter_misc":{"Dur\u00e9e de lecture estim\u00e9e":"1 minute"},"schema":{"@context":"https:\/\/schema.org","@graph":[{"@type":"WebPage","@id":"https:\/\/shop.bantam.ch\/fr\/produit\/sabot-de-roue-compact-c-wheelclamp\/","url":"https:\/\/shop.bantam.ch\/fr\/produit\/sabot-de-roue-compact-c-wheelclamp\/","name":"Sabot Milenco Compakt C Wheelclamp - Bantam Wankm\u00fcller SA","isPartOf":{"@id":"https:\/\/shop.bantam.ch\/fr\/#website"},"primaryImageOfPage":{"@id":"https:\/\/shop.bantam.ch\/fr\/produit\/sabot-de-roue-compact-c-wheelclamp\/#primaryimage"},"image":{"@id":"https:\/\/shop.bantam.ch\/fr\/produit\/sabot-de-roue-compact-c-wheelclamp\/#primaryimage"},"thumbnailUrl":"https:\/\/shop.bantam.ch\/wp-content\/uploads\/2023\/02\/9981192-Radkralle_Milenco_Compakt_C_Wheelclamp-Standard-01-1.jpg","datePublished":"2023-02-22T17:29:33+00:00","dateModified":"2026-04-18T18:37:48+00:00","breadcrumb":{"@id":"https:\/\/shop.bantam.ch\/fr\/produit\/sabot-de-roue-compact-c-wheelclamp\/#breadcrumb"},"inLanguage":"fr-FR","potentialAction":[{"@type":"ReadAction","target":["https:\/\/shop.bantam.ch\/fr\/produit\/sabot-de-roue-compact-c-wheelclamp\/"]}]},{"@type":"ImageObject","inLanguage":"fr-FR","@id":"https:\/\/shop.bantam.ch\/fr\/produit\/sabot-de-roue-compact-c-wheelclamp\/#primaryimage","url":"https:\/\/shop.bantam.ch\/wp-content\/uploads\/2023\/02\/9981192-Radkralle_Milenco_Compakt_C_Wheelclamp-Standard-01-1.jpg","contentUrl":"https:\/\/shop.bantam.ch\/wp-content\/uploads\/2023\/02\/9981192-Radkralle_Milenco_Compakt_C_Wheelclamp-Standard-01-1.jpg","width":1000,"height":676},{"@type":"BreadcrumbList","@id":"https:\/\/shop.bantam.ch\/fr\/produit\/sabot-de-roue-compact-c-wheelclamp\/#breadcrumb","itemListElement":[{"@type":"ListItem","position":1,"name":"Accueil","item":"https:\/\/shop.bantam.ch\/fr\/"},{"@type":"ListItem","position":2,"name":"Boutique","item":"https:\/\/shop.bantam.ch\/fr\/boutique\/"},{"@type":"ListItem","position":3,"name":"Sabot Milenco Compakt C Wheelclamp"}]},{"@type":"WebSite","@id":"https:\/\/shop.bantam.ch\/fr\/#website","url":"https:\/\/shop.bantam.ch\/fr\/","name":"Bantam Wankm\u00fcller SA","description":"","publisher":{"@id":"https:\/\/shop.bantam.ch\/fr\/#organization"},"inLanguage":"fr-FR"},{"@type":"Organization","@id":"https:\/\/shop.bantam.ch\/fr\/#organization","name":"Bantam Wankm\u00fcller SA","url":"https:\/\/shop.bantam.ch\/fr\/","logo":{"@type":"ImageObject","inLanguage":"fr-FR","@id":"https:\/\/shop.bantam.ch\/fr\/#\/schema\/logo\/image\/","url":"https:\/\/shop.bantam.ch\/wp-content\/uploads\/2022\/12\/bantam-logo.png","contentUrl":"https:\/\/shop.bantam.ch\/wp-content\/uploads\/2022\/12\/bantam-logo.png","width":320,"height":71,"caption":"Bantam Wankm\u00fcller SA"},"image":{"@id":"https:\/\/shop.bantam.ch\/fr\/#\/schema\/logo\/image\/"}}]}},"_links":{"self":[{"href":"https:\/\/shop.bantam.ch\/fr\/wp-json\/wp\/v2\/product\/32831","targetHints":{"allow":["GET"]}}],"collection":[{"href":"https:\/\/shop.bantam.ch\/fr\/wp-json\/wp\/v2\/product"}],"about":[{"href":"https:\/\/shop.bantam.ch\/fr\/wp-json\/wp\/v2\/types\/product"}],"wp:featuredmedia":[{"embeddable":true,"href":"https:\/\/shop.bantam.ch\/fr\/wp-json\/wp\/v2\/media\/32829"}],"wp:attachment":[{"href":"https:\/\/shop.bantam.ch\/fr\/wp-json\/wp\/v2\/media?parent=32831"}],"wp:term":[{"taxonomy":"product_featured_cat","embeddable":true,"href":"https:\/\/shop.bantam.ch\/fr\/wp-json\/wp\/v2\/product_featured_cat?post=32831"},{"taxonomy":"product_brand","embeddable":true,"href":"https:\/\/shop.bantam.ch\/fr\/wp-json\/wp\/v2\/product_brand?post=32831"},{"taxonomy":"product_cat","embeddable":true,"href":"https:\/\/shop.bantam.ch\/fr\/wp-json\/wp\/v2\/product_cat?post=32831"},{"taxonomy":"product_tag","embeddable":true,"href":"https:\/\/shop.bantam.ch\/fr\/wp-json\/wp\/v2\/product_tag?post=32831"}],"curies":[{"name":"wp","href":"https:\/\/api.w.org\/{rel}","templated":true}]}}