{"id":32717,"date":"2023-02-22T18:27:12","date_gmt":"2023-02-22T17:27:12","guid":{"rendered":"http:\/\/preprod-dev.sh1.hidora.com\/webshop\/produit\/alarme-g-a-s-pro-ko-gas-alarme-gaz\/"},"modified":"2026-04-17T20:37:11","modified_gmt":"2026-04-17T18:37:11","slug":"alarme-g-a-s-pro-ko-gas-alarme-gaz","status":"publish","type":"product","link":"https:\/\/shop.bantam.ch\/fr\/produit\/alarme-g-a-s-pro-ko-gas-alarme-gaz\/","title":{"rendered":"Install. d\u00e9tect. gaz Thitronik G.A.S. pro KO gaz + alarme gaz"},"content":{"rendered":"<p>Donn\u00e9es techniques : <\/p>\n<ul>\n<li>Tension d&rsquo;alimentation 12\/24 VDC<\/li>\n<li>Consommation de courant : environ 85 mA par capteur<\/li>\n<li>3 entr\u00e9es capteur<\/li>\n<li>Sensibilit\u00e9 \u00e0 la lumi\u00e8re \u00e0 partir de 50 ppm<\/li>\n<li>Niveau sonore : env. 85 dB (bip int.) env. 110 dB (sir\u00e8ne externe)<\/li>\n<li>Plage de temp\u00e9ratures -10\u00baC \u00e0 + 80\u00baC<\/li>\n<li>Caract\u00e9ristiques du produit :<\/li>\n<li>D\u00e9tecte les gaz KO et anesth\u00e9siques, Propane et Butane<\/li>\n<li>Syst\u00e8me multi-capteurs<\/li>\n<li>Capteurs externes pour un positionnement id\u00e9al<\/li>\n<li>Possibilit\u00e9 de raccorder jusqu\u2019\u00e0 3 capteurs<\/li>\n<li>Sortie sir\u00e8ne, sortie alarme<\/li>\n<li>Connexion pour pour LED externe (affichage de fonctionnement)<\/li>\n<li>Auto-test automatique des capteurs<\/li>\n<li>Compensation de temp\u00e9rature<\/li>\n<li>Homologation de type E1<\/li>\n<\/ul>\n<p>Contenu de la livraison :<br \/>Unit\u00e9 centrale<br \/>D\u00e9tecteur de gaz narcotique Butane et Propane.<br \/>Mat\u00e9riel de montage<br \/>Manuel et autocollant d\u2019alarme<\/p>\n","protected":false},"excerpt":{"rendered":"<p>Donn\u00e9es techniques : Tension d&rsquo;alimentation 12\/24 VDC Consommation de courant : environ 85 mA par capteur 3 entr\u00e9es capteur Sensibilit\u00e9 \u00e0 la lumi\u00e8re \u00e0 partir de 50 ppm Niveau sonore : env. 85 dB (bip int.) env. 110 dB (sir\u00e8ne externe) Plage de temp\u00e9ratures -10\u00baC \u00e0 + 80\u00baC Caract\u00e9ristiques du produit : D\u00e9tecte les gaz [&hellip;]<\/p>\n","protected":false},"featured_media":32715,"template":"","meta":{"_acf_changed":false},"product_featured_cat":[],"product_brand":[3216],"product_cat":[5053],"product_tag":[],"class_list":{"0":"post-32717","1":"product","2":"type-product","3":"status-publish","4":"has-post-thumbnail","6":"product_brand-thitronik","7":"product_cat-alarmes-a-gaz","9":"first","10":"instock","11":"taxable","12":"shipping-taxable","13":"purchasable","14":"product-type-simple"},"acf":[],"yoast_head":"<!-- This site is optimized with the Yoast SEO plugin v27.4 - https:\/\/yoast.com\/product\/yoast-seo-wordpress\/ -->\n<title>Install. d\u00e9tect. gaz Thitronik G.A.S. pro KO gaz + alarme gaz - Bantam Wankm\u00fcller SA<\/title>\n<meta name=\"robots\" content=\"index, follow, max-snippet:-1, max-image-preview:large, max-video-preview:-1\" \/>\n<link rel=\"canonical\" href=\"https:\/\/shop.bantam.ch\/fr\/produit\/alarme-g-a-s-pro-ko-gas-alarme-gaz\/\" \/>\n<meta property=\"og:locale\" content=\"fr_FR\" \/>\n<meta property=\"og:type\" content=\"article\" \/>\n<meta property=\"og:title\" content=\"Install. d\u00e9tect. gaz Thitronik G.A.S. pro KO gaz + alarme gaz - Bantam Wankm\u00fcller SA\" \/>\n<meta property=\"og:description\" content=\"Donn\u00e9es techniques : Tension d&rsquo;alimentation 12\/24 VDC Consommation de courant : environ 85 mA par capteur 3 entr\u00e9es capteur Sensibilit\u00e9 \u00e0 la lumi\u00e8re \u00e0 partir de 50 ppm Niveau sonore : env. 85 dB (bip int.) env. 110 dB (sir\u00e8ne externe) Plage de temp\u00e9ratures -10\u00baC \u00e0 + 80\u00baC Caract\u00e9ristiques du produit : D\u00e9tecte les gaz [&hellip;]\" \/>\n<meta property=\"og:url\" content=\"https:\/\/shop.bantam.ch\/fr\/produit\/alarme-g-a-s-pro-ko-gas-alarme-gaz\/\" \/>\n<meta property=\"og:site_name\" content=\"Bantam Wankm\u00fcller SA\" \/>\n<meta property=\"article:modified_time\" content=\"2026-04-17T18:37:11+00:00\" \/>\n<meta property=\"og:image\" content=\"https:\/\/shop.bantam.ch\/wp-content\/uploads\/2023\/02\/998406011-1.jpg\" \/>\n\t<meta property=\"og:image:width\" content=\"1000\" \/>\n\t<meta property=\"og:image:height\" content=\"681\" \/>\n\t<meta property=\"og:image:type\" content=\"image\/jpeg\" \/>\n<meta name=\"twitter:card\" content=\"summary_large_image\" \/>\n<meta name=\"twitter:label1\" content=\"Dur\u00e9e de lecture estim\u00e9e\" \/>\n\t<meta name=\"twitter:data1\" content=\"1 minute\" \/>\n<script type=\"application\/ld+json\" class=\"yoast-schema-graph\">{\"@context\":\"https:\\\/\\\/schema.org\",\"@graph\":[{\"@type\":\"WebPage\",\"@id\":\"https:\\\/\\\/shop.bantam.ch\\\/fr\\\/produit\\\/alarme-g-a-s-pro-ko-gas-alarme-gaz\\\/\",\"url\":\"https:\\\/\\\/shop.bantam.ch\\\/fr\\\/produit\\\/alarme-g-a-s-pro-ko-gas-alarme-gaz\\\/\",\"name\":\"Install. d\u00e9tect. gaz Thitronik G.A.S. pro KO gaz + alarme gaz - Bantam Wankm\u00fcller SA\",\"isPartOf\":{\"@id\":\"https:\\\/\\\/shop.bantam.ch\\\/fr\\\/#website\"},\"primaryImageOfPage\":{\"@id\":\"https:\\\/\\\/shop.bantam.ch\\\/fr\\\/produit\\\/alarme-g-a-s-pro-ko-gas-alarme-gaz\\\/#primaryimage\"},\"image\":{\"@id\":\"https:\\\/\\\/shop.bantam.ch\\\/fr\\\/produit\\\/alarme-g-a-s-pro-ko-gas-alarme-gaz\\\/#primaryimage\"},\"thumbnailUrl\":\"https:\\\/\\\/shop.bantam.ch\\\/wp-content\\\/uploads\\\/2023\\\/02\\\/998406011-1.jpg\",\"datePublished\":\"2023-02-22T17:27:12+00:00\",\"dateModified\":\"2026-04-17T18:37:11+00:00\",\"breadcrumb\":{\"@id\":\"https:\\\/\\\/shop.bantam.ch\\\/fr\\\/produit\\\/alarme-g-a-s-pro-ko-gas-alarme-gaz\\\/#breadcrumb\"},\"inLanguage\":\"fr-FR\",\"potentialAction\":[{\"@type\":\"ReadAction\",\"target\":[\"https:\\\/\\\/shop.bantam.ch\\\/fr\\\/produit\\\/alarme-g-a-s-pro-ko-gas-alarme-gaz\\\/\"]}]},{\"@type\":\"ImageObject\",\"inLanguage\":\"fr-FR\",\"@id\":\"https:\\\/\\\/shop.bantam.ch\\\/fr\\\/produit\\\/alarme-g-a-s-pro-ko-gas-alarme-gaz\\\/#primaryimage\",\"url\":\"https:\\\/\\\/shop.bantam.ch\\\/wp-content\\\/uploads\\\/2023\\\/02\\\/998406011-1.jpg\",\"contentUrl\":\"https:\\\/\\\/shop.bantam.ch\\\/wp-content\\\/uploads\\\/2023\\\/02\\\/998406011-1.jpg\",\"width\":1000,\"height\":681},{\"@type\":\"BreadcrumbList\",\"@id\":\"https:\\\/\\\/shop.bantam.ch\\\/fr\\\/produit\\\/alarme-g-a-s-pro-ko-gas-alarme-gaz\\\/#breadcrumb\",\"itemListElement\":[{\"@type\":\"ListItem\",\"position\":1,\"name\":\"Accueil\",\"item\":\"https:\\\/\\\/shop.bantam.ch\\\/fr\\\/\"},{\"@type\":\"ListItem\",\"position\":2,\"name\":\"Boutique\",\"item\":\"https:\\\/\\\/shop.bantam.ch\\\/fr\\\/boutique\\\/\"},{\"@type\":\"ListItem\",\"position\":3,\"name\":\"Install. d\u00e9tect. gaz Thitronik G.A.S. pro KO gaz + alarme gaz\"}]},{\"@type\":\"WebSite\",\"@id\":\"https:\\\/\\\/shop.bantam.ch\\\/fr\\\/#website\",\"url\":\"https:\\\/\\\/shop.bantam.ch\\\/fr\\\/\",\"name\":\"Bantam Wankm\u00fcller SA\",\"description\":\"\",\"publisher\":{\"@id\":\"https:\\\/\\\/shop.bantam.ch\\\/fr\\\/#organization\"},\"inLanguage\":\"fr-FR\"},{\"@type\":\"Organization\",\"@id\":\"https:\\\/\\\/shop.bantam.ch\\\/fr\\\/#organization\",\"name\":\"Bantam Wankm\u00fcller SA\",\"url\":\"https:\\\/\\\/shop.bantam.ch\\\/fr\\\/\",\"logo\":{\"@type\":\"ImageObject\",\"inLanguage\":\"fr-FR\",\"@id\":\"https:\\\/\\\/shop.bantam.ch\\\/fr\\\/#\\\/schema\\\/logo\\\/image\\\/\",\"url\":\"https:\\\/\\\/shop.bantam.ch\\\/wp-content\\\/uploads\\\/2022\\\/12\\\/bantam-logo.png\",\"contentUrl\":\"https:\\\/\\\/shop.bantam.ch\\\/wp-content\\\/uploads\\\/2022\\\/12\\\/bantam-logo.png\",\"width\":320,\"height\":71,\"caption\":\"Bantam Wankm\u00fcller SA\"},\"image\":{\"@id\":\"https:\\\/\\\/shop.bantam.ch\\\/fr\\\/#\\\/schema\\\/logo\\\/image\\\/\"}}]}<\/script>\n<!-- \/ Yoast SEO plugin. -->","yoast_head_json":{"title":"Install. d\u00e9tect. gaz Thitronik G.A.S. pro KO gaz + alarme gaz - Bantam Wankm\u00fcller SA","robots":{"index":"index","follow":"follow","max-snippet":"max-snippet:-1","max-image-preview":"max-image-preview:large","max-video-preview":"max-video-preview:-1"},"canonical":"https:\/\/shop.bantam.ch\/fr\/produit\/alarme-g-a-s-pro-ko-gas-alarme-gaz\/","og_locale":"fr_FR","og_type":"article","og_title":"Install. d\u00e9tect. gaz Thitronik G.A.S. pro KO gaz + alarme gaz - Bantam Wankm\u00fcller SA","og_description":"Donn\u00e9es techniques : Tension d&rsquo;alimentation 12\/24 VDC Consommation de courant : environ 85 mA par capteur 3 entr\u00e9es capteur Sensibilit\u00e9 \u00e0 la lumi\u00e8re \u00e0 partir de 50 ppm Niveau sonore : env. 85 dB (bip int.) env. 110 dB (sir\u00e8ne externe) Plage de temp\u00e9ratures -10\u00baC \u00e0 + 80\u00baC Caract\u00e9ristiques du produit : D\u00e9tecte les gaz [&hellip;]","og_url":"https:\/\/shop.bantam.ch\/fr\/produit\/alarme-g-a-s-pro-ko-gas-alarme-gaz\/","og_site_name":"Bantam Wankm\u00fcller SA","article_modified_time":"2026-04-17T18:37:11+00:00","og_image":[{"width":1000,"height":681,"url":"https:\/\/shop.bantam.ch\/wp-content\/uploads\/2023\/02\/998406011-1.jpg","type":"image\/jpeg"}],"twitter_card":"summary_large_image","twitter_misc":{"Dur\u00e9e de lecture estim\u00e9e":"1 minute"},"schema":{"@context":"https:\/\/schema.org","@graph":[{"@type":"WebPage","@id":"https:\/\/shop.bantam.ch\/fr\/produit\/alarme-g-a-s-pro-ko-gas-alarme-gaz\/","url":"https:\/\/shop.bantam.ch\/fr\/produit\/alarme-g-a-s-pro-ko-gas-alarme-gaz\/","name":"Install. d\u00e9tect. gaz Thitronik G.A.S. pro KO gaz + alarme gaz - Bantam Wankm\u00fcller SA","isPartOf":{"@id":"https:\/\/shop.bantam.ch\/fr\/#website"},"primaryImageOfPage":{"@id":"https:\/\/shop.bantam.ch\/fr\/produit\/alarme-g-a-s-pro-ko-gas-alarme-gaz\/#primaryimage"},"image":{"@id":"https:\/\/shop.bantam.ch\/fr\/produit\/alarme-g-a-s-pro-ko-gas-alarme-gaz\/#primaryimage"},"thumbnailUrl":"https:\/\/shop.bantam.ch\/wp-content\/uploads\/2023\/02\/998406011-1.jpg","datePublished":"2023-02-22T17:27:12+00:00","dateModified":"2026-04-17T18:37:11+00:00","breadcrumb":{"@id":"https:\/\/shop.bantam.ch\/fr\/produit\/alarme-g-a-s-pro-ko-gas-alarme-gaz\/#breadcrumb"},"inLanguage":"fr-FR","potentialAction":[{"@type":"ReadAction","target":["https:\/\/shop.bantam.ch\/fr\/produit\/alarme-g-a-s-pro-ko-gas-alarme-gaz\/"]}]},{"@type":"ImageObject","inLanguage":"fr-FR","@id":"https:\/\/shop.bantam.ch\/fr\/produit\/alarme-g-a-s-pro-ko-gas-alarme-gaz\/#primaryimage","url":"https:\/\/shop.bantam.ch\/wp-content\/uploads\/2023\/02\/998406011-1.jpg","contentUrl":"https:\/\/shop.bantam.ch\/wp-content\/uploads\/2023\/02\/998406011-1.jpg","width":1000,"height":681},{"@type":"BreadcrumbList","@id":"https:\/\/shop.bantam.ch\/fr\/produit\/alarme-g-a-s-pro-ko-gas-alarme-gaz\/#breadcrumb","itemListElement":[{"@type":"ListItem","position":1,"name":"Accueil","item":"https:\/\/shop.bantam.ch\/fr\/"},{"@type":"ListItem","position":2,"name":"Boutique","item":"https:\/\/shop.bantam.ch\/fr\/boutique\/"},{"@type":"ListItem","position":3,"name":"Install. d\u00e9tect. gaz Thitronik G.A.S. pro KO gaz + alarme gaz"}]},{"@type":"WebSite","@id":"https:\/\/shop.bantam.ch\/fr\/#website","url":"https:\/\/shop.bantam.ch\/fr\/","name":"Bantam Wankm\u00fcller SA","description":"","publisher":{"@id":"https:\/\/shop.bantam.ch\/fr\/#organization"},"inLanguage":"fr-FR"},{"@type":"Organization","@id":"https:\/\/shop.bantam.ch\/fr\/#organization","name":"Bantam Wankm\u00fcller SA","url":"https:\/\/shop.bantam.ch\/fr\/","logo":{"@type":"ImageObject","inLanguage":"fr-FR","@id":"https:\/\/shop.bantam.ch\/fr\/#\/schema\/logo\/image\/","url":"https:\/\/shop.bantam.ch\/wp-content\/uploads\/2022\/12\/bantam-logo.png","contentUrl":"https:\/\/shop.bantam.ch\/wp-content\/uploads\/2022\/12\/bantam-logo.png","width":320,"height":71,"caption":"Bantam Wankm\u00fcller SA"},"image":{"@id":"https:\/\/shop.bantam.ch\/fr\/#\/schema\/logo\/image\/"}}]}},"_links":{"self":[{"href":"https:\/\/shop.bantam.ch\/fr\/wp-json\/wp\/v2\/product\/32717","targetHints":{"allow":["GET"]}}],"collection":[{"href":"https:\/\/shop.bantam.ch\/fr\/wp-json\/wp\/v2\/product"}],"about":[{"href":"https:\/\/shop.bantam.ch\/fr\/wp-json\/wp\/v2\/types\/product"}],"wp:featuredmedia":[{"embeddable":true,"href":"https:\/\/shop.bantam.ch\/fr\/wp-json\/wp\/v2\/media\/32715"}],"wp:attachment":[{"href":"https:\/\/shop.bantam.ch\/fr\/wp-json\/wp\/v2\/media?parent=32717"}],"wp:term":[{"taxonomy":"product_featured_cat","embeddable":true,"href":"https:\/\/shop.bantam.ch\/fr\/wp-json\/wp\/v2\/product_featured_cat?post=32717"},{"taxonomy":"product_brand","embeddable":true,"href":"https:\/\/shop.bantam.ch\/fr\/wp-json\/wp\/v2\/product_brand?post=32717"},{"taxonomy":"product_cat","embeddable":true,"href":"https:\/\/shop.bantam.ch\/fr\/wp-json\/wp\/v2\/product_cat?post=32717"},{"taxonomy":"product_tag","embeddable":true,"href":"https:\/\/shop.bantam.ch\/fr\/wp-json\/wp\/v2\/product_tag?post=32717"}],"curies":[{"name":"wp","href":"https:\/\/api.w.org\/{rel}","templated":true}]}}