{"id":32713,"date":"2023-02-22T18:27:07","date_gmt":"2023-02-22T17:27:07","guid":{"rendered":"http:\/\/preprod-dev.sh1.hidora.com\/webshop\/produit\/solution-de-localisation-pro-finder-pour-wipro-iii-et-wipro-iii-safe-lock\/"},"modified":"2026-04-18T20:37:25","modified_gmt":"2026-04-18T18:37:25","slug":"solution-de-localisation-pro-finder-pour-wipro-iii-et-wipro-iii-safe-lock","status":"publish","type":"product","link":"https:\/\/shop.bantam.ch\/fr\/produit\/solution-de-localisation-pro-finder-pour-wipro-iii-et-wipro-iii-safe-lock\/","title":{"rendered":"Pro Finder Thitronik"},"content":{"rendered":"<p>Gardez toujours le contr\u00f4le avec les solutions Pro-finder et WiPro. Pour le fonctionnement, une seule carte SIM de n\u2019importe quel fournisseur de service mobile est n\u00e9cessaire. Les cartes pr\u00e9pay\u00e9es sont id\u00e9ales parce qu&rsquo;elles n&rsquo;entra\u00eenent pas de frais mensuels. La position actuelle du v\u00e9hicule est transmise avec chaque message d&rsquo;alarme. Le module Pro-finder peut \u00eatre utilis\u00e9 avec n&rsquo;importe quel t\u00e9l\u00e9phone mobile et avec tous les smartphones. L&rsquo;\u00e9tat du syst\u00e8me d&rsquo;alarme et la position du v\u00e9hicule peuvent \u00eatre interrog\u00e9s \u00e0 tout moment. Pro-finder peut \u00e9galement \u00eatre utilis\u00e9 comme appareil autonome sans syst\u00e8me d&rsquo;alarme pour la localisation.<\/p>\n<p>Donn\u00e9es techniques : <\/p>\n<ul>\n<li>Consommation \u00e9lectrique en \u00e9mission env. 40 mA<\/li>\n<li>Consommation \u00e9lectrique en mode veille env. 25 mA<\/li>\n<li>Fr\u00e9quence d\u2019\u00e9mission : Quad Band<\/li>\n<li>Interface : RJ10 (entr\u00e9e pour WiPro), sorties : 2 x open collector (max. 0,5 A) R\u00e9ception de messages d\u2018alarme (SMS)<\/li>\n<\/ul>\n<p>Propri\u00e9t\u00e9s et fonctions :<\/p>\n<ul>\n<li>Localisation d\u2018un v\u00e9hicule vol\u00e9<\/li>\n<li>Commande \u00e0 distance du dispositif d\u2018alarme par SMS ou appel<\/li>\n<li>Nombre de num\u00e9ros d\u2018appels :  jusqu\u2018\u00e0 10<\/li>\n<li>Geofencing (alarme quand le v\u00e9hicule quitte sa position)<\/li>\n<li>Localisation \u00e0 intervalles fixes (heures ou jours)<\/li>\n<li>Mode Caravane (message instantan\u00e9 lorsque la tension est appliqu\u00e9e)<\/li>\n<li>Fonctionne dans le monde entier (Quad Band)<\/li>\n<li>Pas de frais d\u2018abonnement \/ co\u00fbts mensuels ou annuels<\/li>\n<li>SMS factur\u00e9s uniquement pour les cas critiques<\/li>\n<li>La carte pr\u00e9pay\u00e9e de n&rsquo;importe quel fournisseur peut \u00eatre utilis\u00e9e<\/li>\n<li>Transfert du solde cr\u00e9diteur <\/li>\n<li>Localisation directe par t\u00e9l\u00e9phone mobile<\/li>\n<li>Pas de connexion serveur \/ pas de portail requis<\/li>\n<li>Seuls les t\u00e9l\u00e9phones autoris\u00e9s par l&rsquo;utilisateur ont un acc\u00e8s<\/li>\n<li>Jusqu&rsquo;\u00e0 10 utilisateurs \/ num\u00e9ros de destination<\/li>\n<li>Surveillance jusqu&rsquo;\u00e0 4 sources de tension<\/li>\n<li>2 sorties transistor commutables par ex. pour la climatisation<\/li>\n<li>Connexion enfichable sur WiPro<\/li>\n<li>R\u00e9cepteur GPS int\u00e9gr\u00e9<\/li>\n<li>Antenne GSM et GPS ext\u00e9rieure possibles en option (voir accessoires)<\/li>\n<li>Logiciel gestion de flotte disponible pour parc v\u00e9hicules <\/li>\n<li>Montage simple (l\u2019alimentation \u00e9lectrique suffit)<\/li>\n<\/ul>\n<p>Contenu de la livraison :<br \/>Pro-finder avec GPS int\u00e9gr\u00e9<br \/>Faisceau de c\u00e2bles<br \/>Antenne GSM \u00e0 tige<br \/>Manuel<\/p>\n","protected":false},"excerpt":{"rendered":"<p>Gardez toujours le contr\u00f4le avec les solutions Pro-finder et WiPro. Pour le fonctionnement, une seule carte SIM de n\u2019importe quel fournisseur de service mobile est n\u00e9cessaire. Les cartes pr\u00e9pay\u00e9es sont id\u00e9ales parce qu&rsquo;elles n&rsquo;entra\u00eenent pas de frais mensuels. La position actuelle du v\u00e9hicule est transmise avec chaque message d&rsquo;alarme. Le module Pro-finder peut \u00eatre utilis\u00e9 [&hellip;]<\/p>\n","protected":false},"featured_media":32703,"template":"","meta":{"_acf_changed":false},"product_featured_cat":[],"product_brand":[3216],"product_cat":[5051],"product_tag":[],"class_list":{"0":"post-32713","1":"product","2":"type-product","3":"status-publish","4":"has-post-thumbnail","6":"product_brand-thitronik","7":"product_cat-systemes-dalarmes","9":"first","10":"instock","11":"taxable","12":"shipping-taxable","13":"purchasable","14":"product-type-simple"},"acf":[],"yoast_head":"<!-- This site is optimized with the Yoast SEO plugin v27.4 - https:\/\/yoast.com\/product\/yoast-seo-wordpress\/ -->\n<title>Pro Finder Thitronik - Bantam Wankm\u00fcller SA<\/title>\n<meta name=\"robots\" content=\"index, follow, max-snippet:-1, max-image-preview:large, max-video-preview:-1\" \/>\n<link rel=\"canonical\" href=\"https:\/\/shop.bantam.ch\/fr\/produit\/solution-de-localisation-pro-finder-pour-wipro-iii-et-wipro-iii-safe-lock\/\" \/>\n<meta property=\"og:locale\" content=\"fr_FR\" \/>\n<meta property=\"og:type\" content=\"article\" \/>\n<meta property=\"og:title\" content=\"Pro Finder Thitronik - Bantam Wankm\u00fcller SA\" \/>\n<meta property=\"og:description\" content=\"Gardez toujours le contr\u00f4le avec les solutions Pro-finder et WiPro. Pour le fonctionnement, une seule carte SIM de n\u2019importe quel fournisseur de service mobile est n\u00e9cessaire. Les cartes pr\u00e9pay\u00e9es sont id\u00e9ales parce qu&rsquo;elles n&rsquo;entra\u00eenent pas de frais mensuels. La position actuelle du v\u00e9hicule est transmise avec chaque message d&rsquo;alarme. Le module Pro-finder peut \u00eatre utilis\u00e9 [&hellip;]\" \/>\n<meta property=\"og:url\" content=\"https:\/\/shop.bantam.ch\/fr\/produit\/solution-de-localisation-pro-finder-pour-wipro-iii-et-wipro-iii-safe-lock\/\" \/>\n<meta property=\"og:site_name\" content=\"Bantam Wankm\u00fcller SA\" \/>\n<meta property=\"article:modified_time\" content=\"2026-04-18T18:37:25+00:00\" \/>\n<meta property=\"og:image\" content=\"https:\/\/shop.bantam.ch\/wp-content\/uploads\/2023\/02\/99840291100ifDrrUdlibF-1.jpg\" \/>\n\t<meta property=\"og:image:width\" content=\"1000\" \/>\n\t<meta property=\"og:image:height\" content=\"667\" \/>\n\t<meta property=\"og:image:type\" content=\"image\/jpeg\" \/>\n<meta name=\"twitter:card\" content=\"summary_large_image\" \/>\n<meta name=\"twitter:label1\" content=\"Dur\u00e9e de lecture estim\u00e9e\" \/>\n\t<meta name=\"twitter:data1\" content=\"2 minutes\" \/>\n<script type=\"application\/ld+json\" class=\"yoast-schema-graph\">{\"@context\":\"https:\\\/\\\/schema.org\",\"@graph\":[{\"@type\":\"WebPage\",\"@id\":\"https:\\\/\\\/shop.bantam.ch\\\/fr\\\/produit\\\/solution-de-localisation-pro-finder-pour-wipro-iii-et-wipro-iii-safe-lock\\\/\",\"url\":\"https:\\\/\\\/shop.bantam.ch\\\/fr\\\/produit\\\/solution-de-localisation-pro-finder-pour-wipro-iii-et-wipro-iii-safe-lock\\\/\",\"name\":\"Pro Finder Thitronik - Bantam Wankm\u00fcller SA\",\"isPartOf\":{\"@id\":\"https:\\\/\\\/shop.bantam.ch\\\/fr\\\/#website\"},\"primaryImageOfPage\":{\"@id\":\"https:\\\/\\\/shop.bantam.ch\\\/fr\\\/produit\\\/solution-de-localisation-pro-finder-pour-wipro-iii-et-wipro-iii-safe-lock\\\/#primaryimage\"},\"image\":{\"@id\":\"https:\\\/\\\/shop.bantam.ch\\\/fr\\\/produit\\\/solution-de-localisation-pro-finder-pour-wipro-iii-et-wipro-iii-safe-lock\\\/#primaryimage\"},\"thumbnailUrl\":\"https:\\\/\\\/shop.bantam.ch\\\/wp-content\\\/uploads\\\/2023\\\/02\\\/99840291100ifDrrUdlibF-1.jpg\",\"datePublished\":\"2023-02-22T17:27:07+00:00\",\"dateModified\":\"2026-04-18T18:37:25+00:00\",\"breadcrumb\":{\"@id\":\"https:\\\/\\\/shop.bantam.ch\\\/fr\\\/produit\\\/solution-de-localisation-pro-finder-pour-wipro-iii-et-wipro-iii-safe-lock\\\/#breadcrumb\"},\"inLanguage\":\"fr-FR\",\"potentialAction\":[{\"@type\":\"ReadAction\",\"target\":[\"https:\\\/\\\/shop.bantam.ch\\\/fr\\\/produit\\\/solution-de-localisation-pro-finder-pour-wipro-iii-et-wipro-iii-safe-lock\\\/\"]}]},{\"@type\":\"ImageObject\",\"inLanguage\":\"fr-FR\",\"@id\":\"https:\\\/\\\/shop.bantam.ch\\\/fr\\\/produit\\\/solution-de-localisation-pro-finder-pour-wipro-iii-et-wipro-iii-safe-lock\\\/#primaryimage\",\"url\":\"https:\\\/\\\/shop.bantam.ch\\\/wp-content\\\/uploads\\\/2023\\\/02\\\/99840291100ifDrrUdlibF-1.jpg\",\"contentUrl\":\"https:\\\/\\\/shop.bantam.ch\\\/wp-content\\\/uploads\\\/2023\\\/02\\\/99840291100ifDrrUdlibF-1.jpg\",\"width\":1000,\"height\":667},{\"@type\":\"BreadcrumbList\",\"@id\":\"https:\\\/\\\/shop.bantam.ch\\\/fr\\\/produit\\\/solution-de-localisation-pro-finder-pour-wipro-iii-et-wipro-iii-safe-lock\\\/#breadcrumb\",\"itemListElement\":[{\"@type\":\"ListItem\",\"position\":1,\"name\":\"Accueil\",\"item\":\"https:\\\/\\\/shop.bantam.ch\\\/fr\\\/\"},{\"@type\":\"ListItem\",\"position\":2,\"name\":\"Boutique\",\"item\":\"https:\\\/\\\/shop.bantam.ch\\\/fr\\\/boutique\\\/\"},{\"@type\":\"ListItem\",\"position\":3,\"name\":\"Pro Finder Thitronik\"}]},{\"@type\":\"WebSite\",\"@id\":\"https:\\\/\\\/shop.bantam.ch\\\/fr\\\/#website\",\"url\":\"https:\\\/\\\/shop.bantam.ch\\\/fr\\\/\",\"name\":\"Bantam Wankm\u00fcller SA\",\"description\":\"\",\"publisher\":{\"@id\":\"https:\\\/\\\/shop.bantam.ch\\\/fr\\\/#organization\"},\"inLanguage\":\"fr-FR\"},{\"@type\":\"Organization\",\"@id\":\"https:\\\/\\\/shop.bantam.ch\\\/fr\\\/#organization\",\"name\":\"Bantam Wankm\u00fcller SA\",\"url\":\"https:\\\/\\\/shop.bantam.ch\\\/fr\\\/\",\"logo\":{\"@type\":\"ImageObject\",\"inLanguage\":\"fr-FR\",\"@id\":\"https:\\\/\\\/shop.bantam.ch\\\/fr\\\/#\\\/schema\\\/logo\\\/image\\\/\",\"url\":\"https:\\\/\\\/shop.bantam.ch\\\/wp-content\\\/uploads\\\/2022\\\/12\\\/bantam-logo.png\",\"contentUrl\":\"https:\\\/\\\/shop.bantam.ch\\\/wp-content\\\/uploads\\\/2022\\\/12\\\/bantam-logo.png\",\"width\":320,\"height\":71,\"caption\":\"Bantam Wankm\u00fcller SA\"},\"image\":{\"@id\":\"https:\\\/\\\/shop.bantam.ch\\\/fr\\\/#\\\/schema\\\/logo\\\/image\\\/\"}}]}<\/script>\n<!-- \/ Yoast SEO plugin. -->","yoast_head_json":{"title":"Pro Finder Thitronik - Bantam Wankm\u00fcller SA","robots":{"index":"index","follow":"follow","max-snippet":"max-snippet:-1","max-image-preview":"max-image-preview:large","max-video-preview":"max-video-preview:-1"},"canonical":"https:\/\/shop.bantam.ch\/fr\/produit\/solution-de-localisation-pro-finder-pour-wipro-iii-et-wipro-iii-safe-lock\/","og_locale":"fr_FR","og_type":"article","og_title":"Pro Finder Thitronik - Bantam Wankm\u00fcller SA","og_description":"Gardez toujours le contr\u00f4le avec les solutions Pro-finder et WiPro. Pour le fonctionnement, une seule carte SIM de n\u2019importe quel fournisseur de service mobile est n\u00e9cessaire. Les cartes pr\u00e9pay\u00e9es sont id\u00e9ales parce qu&rsquo;elles n&rsquo;entra\u00eenent pas de frais mensuels. La position actuelle du v\u00e9hicule est transmise avec chaque message d&rsquo;alarme. Le module Pro-finder peut \u00eatre utilis\u00e9 [&hellip;]","og_url":"https:\/\/shop.bantam.ch\/fr\/produit\/solution-de-localisation-pro-finder-pour-wipro-iii-et-wipro-iii-safe-lock\/","og_site_name":"Bantam Wankm\u00fcller SA","article_modified_time":"2026-04-18T18:37:25+00:00","og_image":[{"width":1000,"height":667,"url":"https:\/\/shop.bantam.ch\/wp-content\/uploads\/2023\/02\/99840291100ifDrrUdlibF-1.jpg","type":"image\/jpeg"}],"twitter_card":"summary_large_image","twitter_misc":{"Dur\u00e9e de lecture estim\u00e9e":"2 minutes"},"schema":{"@context":"https:\/\/schema.org","@graph":[{"@type":"WebPage","@id":"https:\/\/shop.bantam.ch\/fr\/produit\/solution-de-localisation-pro-finder-pour-wipro-iii-et-wipro-iii-safe-lock\/","url":"https:\/\/shop.bantam.ch\/fr\/produit\/solution-de-localisation-pro-finder-pour-wipro-iii-et-wipro-iii-safe-lock\/","name":"Pro Finder Thitronik - Bantam Wankm\u00fcller SA","isPartOf":{"@id":"https:\/\/shop.bantam.ch\/fr\/#website"},"primaryImageOfPage":{"@id":"https:\/\/shop.bantam.ch\/fr\/produit\/solution-de-localisation-pro-finder-pour-wipro-iii-et-wipro-iii-safe-lock\/#primaryimage"},"image":{"@id":"https:\/\/shop.bantam.ch\/fr\/produit\/solution-de-localisation-pro-finder-pour-wipro-iii-et-wipro-iii-safe-lock\/#primaryimage"},"thumbnailUrl":"https:\/\/shop.bantam.ch\/wp-content\/uploads\/2023\/02\/99840291100ifDrrUdlibF-1.jpg","datePublished":"2023-02-22T17:27:07+00:00","dateModified":"2026-04-18T18:37:25+00:00","breadcrumb":{"@id":"https:\/\/shop.bantam.ch\/fr\/produit\/solution-de-localisation-pro-finder-pour-wipro-iii-et-wipro-iii-safe-lock\/#breadcrumb"},"inLanguage":"fr-FR","potentialAction":[{"@type":"ReadAction","target":["https:\/\/shop.bantam.ch\/fr\/produit\/solution-de-localisation-pro-finder-pour-wipro-iii-et-wipro-iii-safe-lock\/"]}]},{"@type":"ImageObject","inLanguage":"fr-FR","@id":"https:\/\/shop.bantam.ch\/fr\/produit\/solution-de-localisation-pro-finder-pour-wipro-iii-et-wipro-iii-safe-lock\/#primaryimage","url":"https:\/\/shop.bantam.ch\/wp-content\/uploads\/2023\/02\/99840291100ifDrrUdlibF-1.jpg","contentUrl":"https:\/\/shop.bantam.ch\/wp-content\/uploads\/2023\/02\/99840291100ifDrrUdlibF-1.jpg","width":1000,"height":667},{"@type":"BreadcrumbList","@id":"https:\/\/shop.bantam.ch\/fr\/produit\/solution-de-localisation-pro-finder-pour-wipro-iii-et-wipro-iii-safe-lock\/#breadcrumb","itemListElement":[{"@type":"ListItem","position":1,"name":"Accueil","item":"https:\/\/shop.bantam.ch\/fr\/"},{"@type":"ListItem","position":2,"name":"Boutique","item":"https:\/\/shop.bantam.ch\/fr\/boutique\/"},{"@type":"ListItem","position":3,"name":"Pro Finder Thitronik"}]},{"@type":"WebSite","@id":"https:\/\/shop.bantam.ch\/fr\/#website","url":"https:\/\/shop.bantam.ch\/fr\/","name":"Bantam Wankm\u00fcller SA","description":"","publisher":{"@id":"https:\/\/shop.bantam.ch\/fr\/#organization"},"inLanguage":"fr-FR"},{"@type":"Organization","@id":"https:\/\/shop.bantam.ch\/fr\/#organization","name":"Bantam Wankm\u00fcller SA","url":"https:\/\/shop.bantam.ch\/fr\/","logo":{"@type":"ImageObject","inLanguage":"fr-FR","@id":"https:\/\/shop.bantam.ch\/fr\/#\/schema\/logo\/image\/","url":"https:\/\/shop.bantam.ch\/wp-content\/uploads\/2022\/12\/bantam-logo.png","contentUrl":"https:\/\/shop.bantam.ch\/wp-content\/uploads\/2022\/12\/bantam-logo.png","width":320,"height":71,"caption":"Bantam Wankm\u00fcller SA"},"image":{"@id":"https:\/\/shop.bantam.ch\/fr\/#\/schema\/logo\/image\/"}}]}},"_links":{"self":[{"href":"https:\/\/shop.bantam.ch\/fr\/wp-json\/wp\/v2\/product\/32713","targetHints":{"allow":["GET"]}}],"collection":[{"href":"https:\/\/shop.bantam.ch\/fr\/wp-json\/wp\/v2\/product"}],"about":[{"href":"https:\/\/shop.bantam.ch\/fr\/wp-json\/wp\/v2\/types\/product"}],"wp:featuredmedia":[{"embeddable":true,"href":"https:\/\/shop.bantam.ch\/fr\/wp-json\/wp\/v2\/media\/32703"}],"wp:attachment":[{"href":"https:\/\/shop.bantam.ch\/fr\/wp-json\/wp\/v2\/media?parent=32713"}],"wp:term":[{"taxonomy":"product_featured_cat","embeddable":true,"href":"https:\/\/shop.bantam.ch\/fr\/wp-json\/wp\/v2\/product_featured_cat?post=32713"},{"taxonomy":"product_brand","embeddable":true,"href":"https:\/\/shop.bantam.ch\/fr\/wp-json\/wp\/v2\/product_brand?post=32713"},{"taxonomy":"product_cat","embeddable":true,"href":"https:\/\/shop.bantam.ch\/fr\/wp-json\/wp\/v2\/product_cat?post=32713"},{"taxonomy":"product_tag","embeddable":true,"href":"https:\/\/shop.bantam.ch\/fr\/wp-json\/wp\/v2\/product_tag?post=32713"}],"curies":[{"name":"wp","href":"https:\/\/api.w.org\/{rel}","templated":true}]}}