{"id":32531,"date":"2023-02-22T18:24:34","date_gmt":"2023-02-22T17:24:34","guid":{"rendered":"http:\/\/preprod-dev.sh1.hidora.com\/webshop\/produit\/mobility-power-pack-12-v\/"},"modified":"2026-04-17T20:36:49","modified_gmt":"2026-04-17T18:36:49","slug":"mobility-power-pack-12-v","status":"publish","type":"product","link":"https:\/\/shop.bantam.ch\/fr\/produit\/mobility-power-pack-12-v\/","title":{"rendered":"MPP easydriver Mobility Power Pack 12 V"},"content":{"rendered":"<p>Remplace la batterie et le chargeur. Avec technologie Lithium-Ion la plus moderne (LiFePO4).<\/p>\n<ul>\n<li>Env. 2\u00a0000\u00a0cycles de chargement, dur\u00e9e de vie plus importante<\/li>\n<li>Combinaison de l\u2019alimentation \u00e9lectrique (8,8\u00a0Ah) + \u00e9lectronique de charge<\/li>\n<li>12\u00a0V nominal (14,4\u00a0max.), charge continue\u00a0: 80 A<\/li>\n<li>Fonctions de s\u00e9curit\u00e9 int\u00e9gr\u00e9es<\/li>\n<li>Chargement par c\u00e2ble d\u2019alimentation, alternateur, panneau solaire, pile \u00e0 combustible<\/li>\n<li>Permet une man\u0153uvre entre 15 et 20\u00a0minutes<\/li>\n<\/ul>\n","protected":false},"excerpt":{"rendered":"<p>Remplace la batterie et le chargeur. Avec technologie Lithium-Ion la plus moderne (LiFePO4). Env. 2\u00a0000\u00a0cycles de chargement, dur\u00e9e de vie plus importante Combinaison de l\u2019alimentation \u00e9lectrique (8,8\u00a0Ah) + \u00e9lectronique de charge 12\u00a0V nominal (14,4\u00a0max.), charge continue\u00a0: 80 A Fonctions de s\u00e9curit\u00e9 int\u00e9gr\u00e9es Chargement par c\u00e2ble d\u2019alimentation, alternateur, panneau solaire, pile \u00e0 combustible Permet une man\u0153uvre [&hellip;]<\/p>\n","protected":false},"featured_media":32529,"template":"","meta":{"_acf_changed":false},"product_featured_cat":[],"product_brand":[3132],"product_cat":[5103],"product_tag":[],"class_list":{"0":"post-32531","1":"product","2":"type-product","3":"status-publish","4":"has-post-thumbnail","6":"product_brand-easydriver","7":"product_cat-systemes-electriques-pour-remorques","9":"first","10":"instock","11":"taxable","12":"shipping-taxable","13":"purchasable","14":"product-type-simple"},"acf":[],"yoast_head":"<!-- This site is optimized with the Yoast SEO plugin v27.4 - https:\/\/yoast.com\/product\/yoast-seo-wordpress\/ -->\n<title>MPP easydriver Mobility Power Pack 12 V - Bantam Wankm\u00fcller SA<\/title>\n<meta name=\"robots\" content=\"index, follow, max-snippet:-1, max-image-preview:large, max-video-preview:-1\" \/>\n<link rel=\"canonical\" href=\"https:\/\/shop.bantam.ch\/fr\/produit\/mobility-power-pack-12-v\/\" \/>\n<meta property=\"og:locale\" content=\"fr_FR\" \/>\n<meta property=\"og:type\" content=\"article\" \/>\n<meta property=\"og:title\" content=\"MPP easydriver Mobility Power Pack 12 V - Bantam Wankm\u00fcller SA\" \/>\n<meta property=\"og:description\" content=\"Remplace la batterie et le chargeur. Avec technologie Lithium-Ion la plus moderne (LiFePO4). Env. 2\u00a0000\u00a0cycles de chargement, dur\u00e9e de vie plus importante Combinaison de l\u2019alimentation \u00e9lectrique (8,8\u00a0Ah) + \u00e9lectronique de charge 12\u00a0V nominal (14,4\u00a0max.), charge continue\u00a0: 80 A Fonctions de s\u00e9curit\u00e9 int\u00e9gr\u00e9es Chargement par c\u00e2ble d\u2019alimentation, alternateur, panneau solaire, pile \u00e0 combustible Permet une man\u0153uvre [&hellip;]\" \/>\n<meta property=\"og:url\" content=\"https:\/\/shop.bantam.ch\/fr\/produit\/mobility-power-pack-12-v\/\" \/>\n<meta property=\"og:site_name\" content=\"Bantam Wankm\u00fcller SA\" \/>\n<meta property=\"article:modified_time\" content=\"2026-04-17T18:36:49+00:00\" \/>\n<meta property=\"og:image\" content=\"https:\/\/shop.bantam.ch\/wp-content\/uploads\/2023\/02\/9985012-Impulse_Peack_Power_Pack_Lithium_Ionen_Akku-Standard-01-2.jpg\" \/>\n\t<meta property=\"og:image:width\" content=\"1000\" \/>\n\t<meta property=\"og:image:height\" content=\"909\" \/>\n\t<meta property=\"og:image:type\" content=\"image\/jpeg\" \/>\n<meta name=\"twitter:card\" content=\"summary_large_image\" \/>\n<script type=\"application\/ld+json\" class=\"yoast-schema-graph\">{\"@context\":\"https:\\\/\\\/schema.org\",\"@graph\":[{\"@type\":\"WebPage\",\"@id\":\"https:\\\/\\\/shop.bantam.ch\\\/fr\\\/produit\\\/mobility-power-pack-12-v\\\/\",\"url\":\"https:\\\/\\\/shop.bantam.ch\\\/fr\\\/produit\\\/mobility-power-pack-12-v\\\/\",\"name\":\"MPP easydriver Mobility Power Pack 12 V - Bantam Wankm\u00fcller SA\",\"isPartOf\":{\"@id\":\"https:\\\/\\\/shop.bantam.ch\\\/fr\\\/#website\"},\"primaryImageOfPage\":{\"@id\":\"https:\\\/\\\/shop.bantam.ch\\\/fr\\\/produit\\\/mobility-power-pack-12-v\\\/#primaryimage\"},\"image\":{\"@id\":\"https:\\\/\\\/shop.bantam.ch\\\/fr\\\/produit\\\/mobility-power-pack-12-v\\\/#primaryimage\"},\"thumbnailUrl\":\"https:\\\/\\\/shop.bantam.ch\\\/wp-content\\\/uploads\\\/2023\\\/02\\\/9985012-Impulse_Peack_Power_Pack_Lithium_Ionen_Akku-Standard-01-2.jpg\",\"datePublished\":\"2023-02-22T17:24:34+00:00\",\"dateModified\":\"2026-04-17T18:36:49+00:00\",\"breadcrumb\":{\"@id\":\"https:\\\/\\\/shop.bantam.ch\\\/fr\\\/produit\\\/mobility-power-pack-12-v\\\/#breadcrumb\"},\"inLanguage\":\"fr-FR\",\"potentialAction\":[{\"@type\":\"ReadAction\",\"target\":[\"https:\\\/\\\/shop.bantam.ch\\\/fr\\\/produit\\\/mobility-power-pack-12-v\\\/\"]}]},{\"@type\":\"ImageObject\",\"inLanguage\":\"fr-FR\",\"@id\":\"https:\\\/\\\/shop.bantam.ch\\\/fr\\\/produit\\\/mobility-power-pack-12-v\\\/#primaryimage\",\"url\":\"https:\\\/\\\/shop.bantam.ch\\\/wp-content\\\/uploads\\\/2023\\\/02\\\/9985012-Impulse_Peack_Power_Pack_Lithium_Ionen_Akku-Standard-01-2.jpg\",\"contentUrl\":\"https:\\\/\\\/shop.bantam.ch\\\/wp-content\\\/uploads\\\/2023\\\/02\\\/9985012-Impulse_Peack_Power_Pack_Lithium_Ionen_Akku-Standard-01-2.jpg\",\"width\":1000,\"height\":909},{\"@type\":\"BreadcrumbList\",\"@id\":\"https:\\\/\\\/shop.bantam.ch\\\/fr\\\/produit\\\/mobility-power-pack-12-v\\\/#breadcrumb\",\"itemListElement\":[{\"@type\":\"ListItem\",\"position\":1,\"name\":\"Accueil\",\"item\":\"https:\\\/\\\/shop.bantam.ch\\\/fr\\\/\"},{\"@type\":\"ListItem\",\"position\":2,\"name\":\"Boutique\",\"item\":\"https:\\\/\\\/shop.bantam.ch\\\/fr\\\/boutique\\\/\"},{\"@type\":\"ListItem\",\"position\":3,\"name\":\"MPP easydriver Mobility Power Pack 12 V\"}]},{\"@type\":\"WebSite\",\"@id\":\"https:\\\/\\\/shop.bantam.ch\\\/fr\\\/#website\",\"url\":\"https:\\\/\\\/shop.bantam.ch\\\/fr\\\/\",\"name\":\"Bantam Wankm\u00fcller SA\",\"description\":\"\",\"publisher\":{\"@id\":\"https:\\\/\\\/shop.bantam.ch\\\/fr\\\/#organization\"},\"inLanguage\":\"fr-FR\"},{\"@type\":\"Organization\",\"@id\":\"https:\\\/\\\/shop.bantam.ch\\\/fr\\\/#organization\",\"name\":\"Bantam Wankm\u00fcller SA\",\"url\":\"https:\\\/\\\/shop.bantam.ch\\\/fr\\\/\",\"logo\":{\"@type\":\"ImageObject\",\"inLanguage\":\"fr-FR\",\"@id\":\"https:\\\/\\\/shop.bantam.ch\\\/fr\\\/#\\\/schema\\\/logo\\\/image\\\/\",\"url\":\"https:\\\/\\\/shop.bantam.ch\\\/wp-content\\\/uploads\\\/2022\\\/12\\\/bantam-logo.png\",\"contentUrl\":\"https:\\\/\\\/shop.bantam.ch\\\/wp-content\\\/uploads\\\/2022\\\/12\\\/bantam-logo.png\",\"width\":320,\"height\":71,\"caption\":\"Bantam Wankm\u00fcller SA\"},\"image\":{\"@id\":\"https:\\\/\\\/shop.bantam.ch\\\/fr\\\/#\\\/schema\\\/logo\\\/image\\\/\"}}]}<\/script>\n<!-- \/ Yoast SEO plugin. -->","yoast_head_json":{"title":"MPP easydriver Mobility Power Pack 12 V - Bantam Wankm\u00fcller SA","robots":{"index":"index","follow":"follow","max-snippet":"max-snippet:-1","max-image-preview":"max-image-preview:large","max-video-preview":"max-video-preview:-1"},"canonical":"https:\/\/shop.bantam.ch\/fr\/produit\/mobility-power-pack-12-v\/","og_locale":"fr_FR","og_type":"article","og_title":"MPP easydriver Mobility Power Pack 12 V - Bantam Wankm\u00fcller SA","og_description":"Remplace la batterie et le chargeur. Avec technologie Lithium-Ion la plus moderne (LiFePO4). Env. 2\u00a0000\u00a0cycles de chargement, dur\u00e9e de vie plus importante Combinaison de l\u2019alimentation \u00e9lectrique (8,8\u00a0Ah) + \u00e9lectronique de charge 12\u00a0V nominal (14,4\u00a0max.), charge continue\u00a0: 80 A Fonctions de s\u00e9curit\u00e9 int\u00e9gr\u00e9es Chargement par c\u00e2ble d\u2019alimentation, alternateur, panneau solaire, pile \u00e0 combustible Permet une man\u0153uvre [&hellip;]","og_url":"https:\/\/shop.bantam.ch\/fr\/produit\/mobility-power-pack-12-v\/","og_site_name":"Bantam Wankm\u00fcller SA","article_modified_time":"2026-04-17T18:36:49+00:00","og_image":[{"width":1000,"height":909,"url":"https:\/\/shop.bantam.ch\/wp-content\/uploads\/2023\/02\/9985012-Impulse_Peack_Power_Pack_Lithium_Ionen_Akku-Standard-01-2.jpg","type":"image\/jpeg"}],"twitter_card":"summary_large_image","schema":{"@context":"https:\/\/schema.org","@graph":[{"@type":"WebPage","@id":"https:\/\/shop.bantam.ch\/fr\/produit\/mobility-power-pack-12-v\/","url":"https:\/\/shop.bantam.ch\/fr\/produit\/mobility-power-pack-12-v\/","name":"MPP easydriver Mobility Power Pack 12 V - Bantam Wankm\u00fcller SA","isPartOf":{"@id":"https:\/\/shop.bantam.ch\/fr\/#website"},"primaryImageOfPage":{"@id":"https:\/\/shop.bantam.ch\/fr\/produit\/mobility-power-pack-12-v\/#primaryimage"},"image":{"@id":"https:\/\/shop.bantam.ch\/fr\/produit\/mobility-power-pack-12-v\/#primaryimage"},"thumbnailUrl":"https:\/\/shop.bantam.ch\/wp-content\/uploads\/2023\/02\/9985012-Impulse_Peack_Power_Pack_Lithium_Ionen_Akku-Standard-01-2.jpg","datePublished":"2023-02-22T17:24:34+00:00","dateModified":"2026-04-17T18:36:49+00:00","breadcrumb":{"@id":"https:\/\/shop.bantam.ch\/fr\/produit\/mobility-power-pack-12-v\/#breadcrumb"},"inLanguage":"fr-FR","potentialAction":[{"@type":"ReadAction","target":["https:\/\/shop.bantam.ch\/fr\/produit\/mobility-power-pack-12-v\/"]}]},{"@type":"ImageObject","inLanguage":"fr-FR","@id":"https:\/\/shop.bantam.ch\/fr\/produit\/mobility-power-pack-12-v\/#primaryimage","url":"https:\/\/shop.bantam.ch\/wp-content\/uploads\/2023\/02\/9985012-Impulse_Peack_Power_Pack_Lithium_Ionen_Akku-Standard-01-2.jpg","contentUrl":"https:\/\/shop.bantam.ch\/wp-content\/uploads\/2023\/02\/9985012-Impulse_Peack_Power_Pack_Lithium_Ionen_Akku-Standard-01-2.jpg","width":1000,"height":909},{"@type":"BreadcrumbList","@id":"https:\/\/shop.bantam.ch\/fr\/produit\/mobility-power-pack-12-v\/#breadcrumb","itemListElement":[{"@type":"ListItem","position":1,"name":"Accueil","item":"https:\/\/shop.bantam.ch\/fr\/"},{"@type":"ListItem","position":2,"name":"Boutique","item":"https:\/\/shop.bantam.ch\/fr\/boutique\/"},{"@type":"ListItem","position":3,"name":"MPP easydriver Mobility Power Pack 12 V"}]},{"@type":"WebSite","@id":"https:\/\/shop.bantam.ch\/fr\/#website","url":"https:\/\/shop.bantam.ch\/fr\/","name":"Bantam Wankm\u00fcller SA","description":"","publisher":{"@id":"https:\/\/shop.bantam.ch\/fr\/#organization"},"inLanguage":"fr-FR"},{"@type":"Organization","@id":"https:\/\/shop.bantam.ch\/fr\/#organization","name":"Bantam Wankm\u00fcller SA","url":"https:\/\/shop.bantam.ch\/fr\/","logo":{"@type":"ImageObject","inLanguage":"fr-FR","@id":"https:\/\/shop.bantam.ch\/fr\/#\/schema\/logo\/image\/","url":"https:\/\/shop.bantam.ch\/wp-content\/uploads\/2022\/12\/bantam-logo.png","contentUrl":"https:\/\/shop.bantam.ch\/wp-content\/uploads\/2022\/12\/bantam-logo.png","width":320,"height":71,"caption":"Bantam Wankm\u00fcller SA"},"image":{"@id":"https:\/\/shop.bantam.ch\/fr\/#\/schema\/logo\/image\/"}}]}},"_links":{"self":[{"href":"https:\/\/shop.bantam.ch\/fr\/wp-json\/wp\/v2\/product\/32531","targetHints":{"allow":["GET"]}}],"collection":[{"href":"https:\/\/shop.bantam.ch\/fr\/wp-json\/wp\/v2\/product"}],"about":[{"href":"https:\/\/shop.bantam.ch\/fr\/wp-json\/wp\/v2\/types\/product"}],"wp:featuredmedia":[{"embeddable":true,"href":"https:\/\/shop.bantam.ch\/fr\/wp-json\/wp\/v2\/media\/32529"}],"wp:attachment":[{"href":"https:\/\/shop.bantam.ch\/fr\/wp-json\/wp\/v2\/media?parent=32531"}],"wp:term":[{"taxonomy":"product_featured_cat","embeddable":true,"href":"https:\/\/shop.bantam.ch\/fr\/wp-json\/wp\/v2\/product_featured_cat?post=32531"},{"taxonomy":"product_brand","embeddable":true,"href":"https:\/\/shop.bantam.ch\/fr\/wp-json\/wp\/v2\/product_brand?post=32531"},{"taxonomy":"product_cat","embeddable":true,"href":"https:\/\/shop.bantam.ch\/fr\/wp-json\/wp\/v2\/product_cat?post=32531"},{"taxonomy":"product_tag","embeddable":true,"href":"https:\/\/shop.bantam.ch\/fr\/wp-json\/wp\/v2\/product_tag?post=32531"}],"curies":[{"name":"wp","href":"https:\/\/api.w.org\/{rel}","templated":true}]}}