{"id":32453,"date":"2023-02-22T18:23:02","date_gmt":"2023-02-22T17:23:02","guid":{"rendered":"http:\/\/preprod-dev.sh1.hidora.com\/webshop\/produit\/camera-de-recul-cm-5180m-nav\/"},"modified":"2026-04-17T20:36:36","modified_gmt":"2026-04-17T18:36:36","slug":"camera-de-recul-cm-5180m-nav","status":"publish","type":"product","link":"https:\/\/shop.bantam.ch\/fr\/produit\/camera-de-recul-cm-5180m-nav\/","title":{"rendered":"Cam\u00e9ra de recul Camos CM-5180M NAV"},"content":{"rendered":"<p>Cette nouvelle cam\u00e9ra couleur ultra-compacte est extr\u00eamement polyvalente. La cam\u00e9ra CM-5180M HD offre en simultan\u00e9 deux images, semblables \u00e0 une cam\u00e9ra \u00e0 double objectif ou \u00e0 une cam\u00e9ra inclinable, mais avec une seule cam\u00e9ra, gr\u00e2ce au traitement num\u00e9rique des images assist\u00e9 par logiciel. Ainsi, en avan\u00e7ant, l&rsquo;image est active avec un angle de vision de 80\u00b0H pour observer la circulation en marche arri\u00e8re. Lorsque la marche arri\u00e8re est enclench\u00e9e, la cam\u00e9ra passe \u00e0 un angle de vision de 160\u00b0 et permet de visionner directement derri\u00e8re votre v\u00e9hicule. Vos man\u0153uvres deviennent ainsi plus faciles.<\/p>\n<p>avec adaptateur RCA pour la connexion aux \u00e9crans-moniteurs \/ appareils double DIN avec entr\u00e9e cam\u00e9ra RCA.<\/p>\n<p>CM-5180M HD-NAV<br \/>Cam\u00e9ra Multiview num\u00e9rique :<\/p>\n<ul>\n<li>2 modes en 1 cam\u00e9ra<\/li>\n<li>Mode aide au stationnement 160\u00b0<\/li>\n<li>Mode conduite 130\u00b0<\/li>\n<li>Traitement num\u00e9rique de l\u2019image<\/li>\n<li>Design compact<\/li>\n<li>Dim. 2,3 x 3,25 cm<\/li>\n<li>Pare-soleil en acier inoxydable<\/li>\n<\/ul>\n","protected":false},"excerpt":{"rendered":"<p>Cette nouvelle cam\u00e9ra couleur ultra-compacte est extr\u00eamement polyvalente. La cam\u00e9ra CM-5180M HD offre en simultan\u00e9 deux images, semblables \u00e0 une cam\u00e9ra \u00e0 double objectif ou \u00e0 une cam\u00e9ra inclinable, mais avec une seule cam\u00e9ra, gr\u00e2ce au traitement num\u00e9rique des images assist\u00e9 par logiciel. Ainsi, en avan\u00e7ant, l&rsquo;image est active avec un angle de vision de [&hellip;]<\/p>\n","protected":false},"featured_media":32449,"template":"","meta":{"_acf_changed":false},"product_featured_cat":[],"product_brand":[3206],"product_cat":[5001],"product_tag":[],"class_list":{"0":"post-32453","1":"product","2":"type-product","3":"status-publish","4":"has-post-thumbnail","6":"product_brand-camos","7":"product_cat-cameras","9":"first","10":"instock","11":"taxable","12":"shipping-taxable","13":"purchasable","14":"product-type-simple"},"acf":[],"yoast_head":"<!-- This site is optimized with the Yoast SEO plugin v27.4 - https:\/\/yoast.com\/product\/yoast-seo-wordpress\/ -->\n<title>Cam\u00e9ra de recul Camos CM-5180M NAV - Bantam Wankm\u00fcller SA<\/title>\n<meta name=\"robots\" content=\"index, follow, max-snippet:-1, max-image-preview:large, max-video-preview:-1\" \/>\n<link rel=\"canonical\" href=\"https:\/\/shop.bantam.ch\/fr\/produit\/camera-de-recul-cm-5180m-nav\/\" \/>\n<meta property=\"og:locale\" content=\"fr_FR\" \/>\n<meta property=\"og:type\" content=\"article\" \/>\n<meta property=\"og:title\" content=\"Cam\u00e9ra de recul Camos CM-5180M NAV - Bantam Wankm\u00fcller SA\" \/>\n<meta property=\"og:description\" content=\"Cette nouvelle cam\u00e9ra couleur ultra-compacte est extr\u00eamement polyvalente. La cam\u00e9ra CM-5180M HD offre en simultan\u00e9 deux images, semblables \u00e0 une cam\u00e9ra \u00e0 double objectif ou \u00e0 une cam\u00e9ra inclinable, mais avec une seule cam\u00e9ra, gr\u00e2ce au traitement num\u00e9rique des images assist\u00e9 par logiciel. Ainsi, en avan\u00e7ant, l&rsquo;image est active avec un angle de vision de [&hellip;]\" \/>\n<meta property=\"og:url\" content=\"https:\/\/shop.bantam.ch\/fr\/produit\/camera-de-recul-cm-5180m-nav\/\" \/>\n<meta property=\"og:site_name\" content=\"Bantam Wankm\u00fcller SA\" \/>\n<meta property=\"article:modified_time\" content=\"2026-04-17T18:36:36+00:00\" \/>\n<meta property=\"og:image\" content=\"https:\/\/shop.bantam.ch\/wp-content\/uploads\/2023\/02\/9983658-Rueckfahrkamera_Multiview_NAV-Anwendung-01-2.jpg\" \/>\n\t<meta property=\"og:image:width\" content=\"1000\" \/>\n\t<meta property=\"og:image:height\" content=\"291\" \/>\n\t<meta property=\"og:image:type\" content=\"image\/jpeg\" \/>\n<meta name=\"twitter:card\" content=\"summary_large_image\" \/>\n<meta name=\"twitter:label1\" content=\"Dur\u00e9e de lecture estim\u00e9e\" \/>\n\t<meta name=\"twitter:data1\" content=\"1 minute\" \/>\n<script type=\"application\/ld+json\" class=\"yoast-schema-graph\">{\"@context\":\"https:\\\/\\\/schema.org\",\"@graph\":[{\"@type\":\"WebPage\",\"@id\":\"https:\\\/\\\/shop.bantam.ch\\\/fr\\\/produit\\\/camera-de-recul-cm-5180m-nav\\\/\",\"url\":\"https:\\\/\\\/shop.bantam.ch\\\/fr\\\/produit\\\/camera-de-recul-cm-5180m-nav\\\/\",\"name\":\"Cam\u00e9ra de recul Camos CM-5180M NAV - Bantam Wankm\u00fcller SA\",\"isPartOf\":{\"@id\":\"https:\\\/\\\/shop.bantam.ch\\\/fr\\\/#website\"},\"primaryImageOfPage\":{\"@id\":\"https:\\\/\\\/shop.bantam.ch\\\/fr\\\/produit\\\/camera-de-recul-cm-5180m-nav\\\/#primaryimage\"},\"image\":{\"@id\":\"https:\\\/\\\/shop.bantam.ch\\\/fr\\\/produit\\\/camera-de-recul-cm-5180m-nav\\\/#primaryimage\"},\"thumbnailUrl\":\"https:\\\/\\\/shop.bantam.ch\\\/wp-content\\\/uploads\\\/2023\\\/02\\\/9983658-Rueckfahrkamera_Multiview_NAV-Anwendung-01-2.jpg\",\"datePublished\":\"2023-02-22T17:23:02+00:00\",\"dateModified\":\"2026-04-17T18:36:36+00:00\",\"breadcrumb\":{\"@id\":\"https:\\\/\\\/shop.bantam.ch\\\/fr\\\/produit\\\/camera-de-recul-cm-5180m-nav\\\/#breadcrumb\"},\"inLanguage\":\"fr-FR\",\"potentialAction\":[{\"@type\":\"ReadAction\",\"target\":[\"https:\\\/\\\/shop.bantam.ch\\\/fr\\\/produit\\\/camera-de-recul-cm-5180m-nav\\\/\"]}]},{\"@type\":\"ImageObject\",\"inLanguage\":\"fr-FR\",\"@id\":\"https:\\\/\\\/shop.bantam.ch\\\/fr\\\/produit\\\/camera-de-recul-cm-5180m-nav\\\/#primaryimage\",\"url\":\"https:\\\/\\\/shop.bantam.ch\\\/wp-content\\\/uploads\\\/2023\\\/02\\\/9983658-Rueckfahrkamera_Multiview_NAV-Anwendung-01-2.jpg\",\"contentUrl\":\"https:\\\/\\\/shop.bantam.ch\\\/wp-content\\\/uploads\\\/2023\\\/02\\\/9983658-Rueckfahrkamera_Multiview_NAV-Anwendung-01-2.jpg\",\"width\":1000,\"height\":291},{\"@type\":\"BreadcrumbList\",\"@id\":\"https:\\\/\\\/shop.bantam.ch\\\/fr\\\/produit\\\/camera-de-recul-cm-5180m-nav\\\/#breadcrumb\",\"itemListElement\":[{\"@type\":\"ListItem\",\"position\":1,\"name\":\"Accueil\",\"item\":\"https:\\\/\\\/shop.bantam.ch\\\/fr\\\/\"},{\"@type\":\"ListItem\",\"position\":2,\"name\":\"Boutique\",\"item\":\"https:\\\/\\\/shop.bantam.ch\\\/fr\\\/boutique\\\/\"},{\"@type\":\"ListItem\",\"position\":3,\"name\":\"Cam\u00e9ra de recul Camos CM-5180M NAV\"}]},{\"@type\":\"WebSite\",\"@id\":\"https:\\\/\\\/shop.bantam.ch\\\/fr\\\/#website\",\"url\":\"https:\\\/\\\/shop.bantam.ch\\\/fr\\\/\",\"name\":\"Bantam Wankm\u00fcller SA\",\"description\":\"\",\"publisher\":{\"@id\":\"https:\\\/\\\/shop.bantam.ch\\\/fr\\\/#organization\"},\"inLanguage\":\"fr-FR\"},{\"@type\":\"Organization\",\"@id\":\"https:\\\/\\\/shop.bantam.ch\\\/fr\\\/#organization\",\"name\":\"Bantam Wankm\u00fcller SA\",\"url\":\"https:\\\/\\\/shop.bantam.ch\\\/fr\\\/\",\"logo\":{\"@type\":\"ImageObject\",\"inLanguage\":\"fr-FR\",\"@id\":\"https:\\\/\\\/shop.bantam.ch\\\/fr\\\/#\\\/schema\\\/logo\\\/image\\\/\",\"url\":\"https:\\\/\\\/shop.bantam.ch\\\/wp-content\\\/uploads\\\/2022\\\/12\\\/bantam-logo.png\",\"contentUrl\":\"https:\\\/\\\/shop.bantam.ch\\\/wp-content\\\/uploads\\\/2022\\\/12\\\/bantam-logo.png\",\"width\":320,\"height\":71,\"caption\":\"Bantam Wankm\u00fcller SA\"},\"image\":{\"@id\":\"https:\\\/\\\/shop.bantam.ch\\\/fr\\\/#\\\/schema\\\/logo\\\/image\\\/\"}}]}<\/script>\n<!-- \/ Yoast SEO plugin. -->","yoast_head_json":{"title":"Cam\u00e9ra de recul Camos CM-5180M NAV - Bantam Wankm\u00fcller SA","robots":{"index":"index","follow":"follow","max-snippet":"max-snippet:-1","max-image-preview":"max-image-preview:large","max-video-preview":"max-video-preview:-1"},"canonical":"https:\/\/shop.bantam.ch\/fr\/produit\/camera-de-recul-cm-5180m-nav\/","og_locale":"fr_FR","og_type":"article","og_title":"Cam\u00e9ra de recul Camos CM-5180M NAV - Bantam Wankm\u00fcller SA","og_description":"Cette nouvelle cam\u00e9ra couleur ultra-compacte est extr\u00eamement polyvalente. La cam\u00e9ra CM-5180M HD offre en simultan\u00e9 deux images, semblables \u00e0 une cam\u00e9ra \u00e0 double objectif ou \u00e0 une cam\u00e9ra inclinable, mais avec une seule cam\u00e9ra, gr\u00e2ce au traitement num\u00e9rique des images assist\u00e9 par logiciel. Ainsi, en avan\u00e7ant, l&rsquo;image est active avec un angle de vision de [&hellip;]","og_url":"https:\/\/shop.bantam.ch\/fr\/produit\/camera-de-recul-cm-5180m-nav\/","og_site_name":"Bantam Wankm\u00fcller SA","article_modified_time":"2026-04-17T18:36:36+00:00","og_image":[{"width":1000,"height":291,"url":"https:\/\/shop.bantam.ch\/wp-content\/uploads\/2023\/02\/9983658-Rueckfahrkamera_Multiview_NAV-Anwendung-01-2.jpg","type":"image\/jpeg"}],"twitter_card":"summary_large_image","twitter_misc":{"Dur\u00e9e de lecture estim\u00e9e":"1 minute"},"schema":{"@context":"https:\/\/schema.org","@graph":[{"@type":"WebPage","@id":"https:\/\/shop.bantam.ch\/fr\/produit\/camera-de-recul-cm-5180m-nav\/","url":"https:\/\/shop.bantam.ch\/fr\/produit\/camera-de-recul-cm-5180m-nav\/","name":"Cam\u00e9ra de recul Camos CM-5180M NAV - Bantam Wankm\u00fcller SA","isPartOf":{"@id":"https:\/\/shop.bantam.ch\/fr\/#website"},"primaryImageOfPage":{"@id":"https:\/\/shop.bantam.ch\/fr\/produit\/camera-de-recul-cm-5180m-nav\/#primaryimage"},"image":{"@id":"https:\/\/shop.bantam.ch\/fr\/produit\/camera-de-recul-cm-5180m-nav\/#primaryimage"},"thumbnailUrl":"https:\/\/shop.bantam.ch\/wp-content\/uploads\/2023\/02\/9983658-Rueckfahrkamera_Multiview_NAV-Anwendung-01-2.jpg","datePublished":"2023-02-22T17:23:02+00:00","dateModified":"2026-04-17T18:36:36+00:00","breadcrumb":{"@id":"https:\/\/shop.bantam.ch\/fr\/produit\/camera-de-recul-cm-5180m-nav\/#breadcrumb"},"inLanguage":"fr-FR","potentialAction":[{"@type":"ReadAction","target":["https:\/\/shop.bantam.ch\/fr\/produit\/camera-de-recul-cm-5180m-nav\/"]}]},{"@type":"ImageObject","inLanguage":"fr-FR","@id":"https:\/\/shop.bantam.ch\/fr\/produit\/camera-de-recul-cm-5180m-nav\/#primaryimage","url":"https:\/\/shop.bantam.ch\/wp-content\/uploads\/2023\/02\/9983658-Rueckfahrkamera_Multiview_NAV-Anwendung-01-2.jpg","contentUrl":"https:\/\/shop.bantam.ch\/wp-content\/uploads\/2023\/02\/9983658-Rueckfahrkamera_Multiview_NAV-Anwendung-01-2.jpg","width":1000,"height":291},{"@type":"BreadcrumbList","@id":"https:\/\/shop.bantam.ch\/fr\/produit\/camera-de-recul-cm-5180m-nav\/#breadcrumb","itemListElement":[{"@type":"ListItem","position":1,"name":"Accueil","item":"https:\/\/shop.bantam.ch\/fr\/"},{"@type":"ListItem","position":2,"name":"Boutique","item":"https:\/\/shop.bantam.ch\/fr\/boutique\/"},{"@type":"ListItem","position":3,"name":"Cam\u00e9ra de recul Camos CM-5180M NAV"}]},{"@type":"WebSite","@id":"https:\/\/shop.bantam.ch\/fr\/#website","url":"https:\/\/shop.bantam.ch\/fr\/","name":"Bantam Wankm\u00fcller SA","description":"","publisher":{"@id":"https:\/\/shop.bantam.ch\/fr\/#organization"},"inLanguage":"fr-FR"},{"@type":"Organization","@id":"https:\/\/shop.bantam.ch\/fr\/#organization","name":"Bantam Wankm\u00fcller SA","url":"https:\/\/shop.bantam.ch\/fr\/","logo":{"@type":"ImageObject","inLanguage":"fr-FR","@id":"https:\/\/shop.bantam.ch\/fr\/#\/schema\/logo\/image\/","url":"https:\/\/shop.bantam.ch\/wp-content\/uploads\/2022\/12\/bantam-logo.png","contentUrl":"https:\/\/shop.bantam.ch\/wp-content\/uploads\/2022\/12\/bantam-logo.png","width":320,"height":71,"caption":"Bantam Wankm\u00fcller SA"},"image":{"@id":"https:\/\/shop.bantam.ch\/fr\/#\/schema\/logo\/image\/"}}]}},"_links":{"self":[{"href":"https:\/\/shop.bantam.ch\/fr\/wp-json\/wp\/v2\/product\/32453","targetHints":{"allow":["GET"]}}],"collection":[{"href":"https:\/\/shop.bantam.ch\/fr\/wp-json\/wp\/v2\/product"}],"about":[{"href":"https:\/\/shop.bantam.ch\/fr\/wp-json\/wp\/v2\/types\/product"}],"wp:featuredmedia":[{"embeddable":true,"href":"https:\/\/shop.bantam.ch\/fr\/wp-json\/wp\/v2\/media\/32449"}],"wp:attachment":[{"href":"https:\/\/shop.bantam.ch\/fr\/wp-json\/wp\/v2\/media?parent=32453"}],"wp:term":[{"taxonomy":"product_featured_cat","embeddable":true,"href":"https:\/\/shop.bantam.ch\/fr\/wp-json\/wp\/v2\/product_featured_cat?post=32453"},{"taxonomy":"product_brand","embeddable":true,"href":"https:\/\/shop.bantam.ch\/fr\/wp-json\/wp\/v2\/product_brand?post=32453"},{"taxonomy":"product_cat","embeddable":true,"href":"https:\/\/shop.bantam.ch\/fr\/wp-json\/wp\/v2\/product_cat?post=32453"},{"taxonomy":"product_tag","embeddable":true,"href":"https:\/\/shop.bantam.ch\/fr\/wp-json\/wp\/v2\/product_tag?post=32453"}],"curies":[{"name":"wp","href":"https:\/\/api.w.org\/{rel}","templated":true}]}}