{"id":32435,"date":"2023-02-22T18:22:42","date_gmt":"2023-02-22T17:22:42","guid":{"rendered":"http:\/\/preprod-dev.sh1.hidora.com\/webshop\/produit\/systeme-de-camera-de-recul-safety-csv-7000t\/"},"modified":"2026-04-18T20:36:43","modified_gmt":"2026-04-18T18:36:43","slug":"systeme-de-camera-de-recul-safety-csv-7000t","status":"publish","type":"product","link":"https:\/\/shop.bantam.ch\/fr\/produit\/systeme-de-camera-de-recul-safety-csv-7000t\/","title":{"rendered":"Syst\u00e8me vid\u00e9o de recul Caratec Safety CSV7000T"},"content":{"rendered":"<p>Kit complet avec \u00e9cran couleur 7\u2033 (17,8\u00a0cm) (16:9) et double cam\u00e9ra couleur avec LED infrarouge. Cam\u00e9ra de recul avec deux cam\u00e9ras couleur distinctes. La diff\u00e9rence angulaire est r\u00e9glable par paliers de 15\u00b0. Commutation manuelle ou automatique avec la marche arri\u00e8re. Avec c\u00e2ble de raccordement de 20 m. Angle de vue cam\u00e9ra (diagonale) 110\u00b0 (vers le bas) \/ 90\u00b0 (vers l\u2019arri\u00e8re),<\/p>\n<ul>\n<li>Dimensions de la cam\u00e9ra : 10,8 x 8,6 x 6,6\u00a0cm (l\u2009x\u2009h\u2009x\u2009p)<\/li>\n<li>Dimensions de l\u2019\u00e9cran : 20 x 11,5 x 2,9 cm (l\u2009x\u2009h\u2009x\u2009p)<\/li>\n<li>Consommation : 2,5 W<\/li>\n<\/ul>\n","protected":false},"excerpt":{"rendered":"<p>Kit complet avec \u00e9cran couleur 7\u2033 (17,8\u00a0cm) (16:9) et double cam\u00e9ra couleur avec LED infrarouge. Cam\u00e9ra de recul avec deux cam\u00e9ras couleur distinctes. La diff\u00e9rence angulaire est r\u00e9glable par paliers de 15\u00b0. Commutation manuelle ou automatique avec la marche arri\u00e8re. Avec c\u00e2ble de raccordement de 20 m. Angle de vue cam\u00e9ra (diagonale) 110\u00b0 (vers le [&hellip;]<\/p>\n","protected":false},"featured_media":32433,"template":"","meta":{"_acf_changed":false},"product_featured_cat":[],"product_brand":[3070],"product_cat":[5153],"product_tag":[],"class_list":{"0":"post-32435","1":"product","2":"type-product","3":"status-publish","4":"has-post-thumbnail","6":"product_brand-caratec","7":"product_cat-ensembles-de-systemes-videos-inversees","9":"first","10":"instock","11":"taxable","12":"shipping-taxable","13":"purchasable","14":"product-type-simple"},"acf":[],"yoast_head":"<!-- This site is optimized with the Yoast SEO plugin v27.4 - https:\/\/yoast.com\/product\/yoast-seo-wordpress\/ -->\n<title>Syst\u00e8me vid\u00e9o de recul Caratec Safety CSV7000T - Bantam Wankm\u00fcller SA<\/title>\n<meta name=\"robots\" content=\"index, follow, max-snippet:-1, max-image-preview:large, max-video-preview:-1\" \/>\n<link rel=\"canonical\" href=\"https:\/\/shop.bantam.ch\/fr\/produit\/systeme-de-camera-de-recul-safety-csv-7000t\/\" \/>\n<meta property=\"og:locale\" content=\"fr_FR\" \/>\n<meta property=\"og:type\" content=\"article\" \/>\n<meta property=\"og:title\" content=\"Syst\u00e8me vid\u00e9o de recul Caratec Safety CSV7000T - Bantam Wankm\u00fcller SA\" \/>\n<meta property=\"og:description\" content=\"Kit complet avec \u00e9cran couleur 7\u2033 (17,8\u00a0cm) (16:9) et double cam\u00e9ra couleur avec LED infrarouge. Cam\u00e9ra de recul avec deux cam\u00e9ras couleur distinctes. La diff\u00e9rence angulaire est r\u00e9glable par paliers de 15\u00b0. Commutation manuelle ou automatique avec la marche arri\u00e8re. Avec c\u00e2ble de raccordement de 20 m. Angle de vue cam\u00e9ra (diagonale) 110\u00b0 (vers le [&hellip;]\" \/>\n<meta property=\"og:url\" content=\"https:\/\/shop.bantam.ch\/fr\/produit\/systeme-de-camera-de-recul-safety-csv-7000t\/\" \/>\n<meta property=\"og:site_name\" content=\"Bantam Wankm\u00fcller SA\" \/>\n<meta property=\"article:modified_time\" content=\"2026-04-18T18:36:43+00:00\" \/>\n<meta property=\"og:image\" content=\"https:\/\/shop.bantam.ch\/wp-content\/uploads\/2023\/02\/9988572-Caravan_Safety_Twin-Rueckfahr-_video-Set_mit_7_Zoll_Monitor_und_Kameraleitung_CSV7000T-Standard-01-2.jpg\" \/>\n\t<meta property=\"og:image:width\" content=\"1000\" \/>\n\t<meta property=\"og:image:height\" content=\"393\" \/>\n\t<meta property=\"og:image:type\" content=\"image\/jpeg\" \/>\n<meta name=\"twitter:card\" content=\"summary_large_image\" \/>\n<script type=\"application\/ld+json\" class=\"yoast-schema-graph\">{\"@context\":\"https:\\\/\\\/schema.org\",\"@graph\":[{\"@type\":\"WebPage\",\"@id\":\"https:\\\/\\\/shop.bantam.ch\\\/fr\\\/produit\\\/systeme-de-camera-de-recul-safety-csv-7000t\\\/\",\"url\":\"https:\\\/\\\/shop.bantam.ch\\\/fr\\\/produit\\\/systeme-de-camera-de-recul-safety-csv-7000t\\\/\",\"name\":\"Syst\u00e8me vid\u00e9o de recul Caratec Safety CSV7000T - Bantam Wankm\u00fcller SA\",\"isPartOf\":{\"@id\":\"https:\\\/\\\/shop.bantam.ch\\\/fr\\\/#website\"},\"primaryImageOfPage\":{\"@id\":\"https:\\\/\\\/shop.bantam.ch\\\/fr\\\/produit\\\/systeme-de-camera-de-recul-safety-csv-7000t\\\/#primaryimage\"},\"image\":{\"@id\":\"https:\\\/\\\/shop.bantam.ch\\\/fr\\\/produit\\\/systeme-de-camera-de-recul-safety-csv-7000t\\\/#primaryimage\"},\"thumbnailUrl\":\"https:\\\/\\\/shop.bantam.ch\\\/wp-content\\\/uploads\\\/2023\\\/02\\\/9988572-Caravan_Safety_Twin-Rueckfahr-_video-Set_mit_7_Zoll_Monitor_und_Kameraleitung_CSV7000T-Standard-01-2.jpg\",\"datePublished\":\"2023-02-22T17:22:42+00:00\",\"dateModified\":\"2026-04-18T18:36:43+00:00\",\"breadcrumb\":{\"@id\":\"https:\\\/\\\/shop.bantam.ch\\\/fr\\\/produit\\\/systeme-de-camera-de-recul-safety-csv-7000t\\\/#breadcrumb\"},\"inLanguage\":\"fr-FR\",\"potentialAction\":[{\"@type\":\"ReadAction\",\"target\":[\"https:\\\/\\\/shop.bantam.ch\\\/fr\\\/produit\\\/systeme-de-camera-de-recul-safety-csv-7000t\\\/\"]}]},{\"@type\":\"ImageObject\",\"inLanguage\":\"fr-FR\",\"@id\":\"https:\\\/\\\/shop.bantam.ch\\\/fr\\\/produit\\\/systeme-de-camera-de-recul-safety-csv-7000t\\\/#primaryimage\",\"url\":\"https:\\\/\\\/shop.bantam.ch\\\/wp-content\\\/uploads\\\/2023\\\/02\\\/9988572-Caravan_Safety_Twin-Rueckfahr-_video-Set_mit_7_Zoll_Monitor_und_Kameraleitung_CSV7000T-Standard-01-2.jpg\",\"contentUrl\":\"https:\\\/\\\/shop.bantam.ch\\\/wp-content\\\/uploads\\\/2023\\\/02\\\/9988572-Caravan_Safety_Twin-Rueckfahr-_video-Set_mit_7_Zoll_Monitor_und_Kameraleitung_CSV7000T-Standard-01-2.jpg\",\"width\":1000,\"height\":393},{\"@type\":\"BreadcrumbList\",\"@id\":\"https:\\\/\\\/shop.bantam.ch\\\/fr\\\/produit\\\/systeme-de-camera-de-recul-safety-csv-7000t\\\/#breadcrumb\",\"itemListElement\":[{\"@type\":\"ListItem\",\"position\":1,\"name\":\"Accueil\",\"item\":\"https:\\\/\\\/shop.bantam.ch\\\/fr\\\/\"},{\"@type\":\"ListItem\",\"position\":2,\"name\":\"Boutique\",\"item\":\"https:\\\/\\\/shop.bantam.ch\\\/fr\\\/boutique\\\/\"},{\"@type\":\"ListItem\",\"position\":3,\"name\":\"Syst\u00e8me vid\u00e9o de recul Caratec Safety CSV7000T\"}]},{\"@type\":\"WebSite\",\"@id\":\"https:\\\/\\\/shop.bantam.ch\\\/fr\\\/#website\",\"url\":\"https:\\\/\\\/shop.bantam.ch\\\/fr\\\/\",\"name\":\"Bantam Wankm\u00fcller SA\",\"description\":\"\",\"publisher\":{\"@id\":\"https:\\\/\\\/shop.bantam.ch\\\/fr\\\/#organization\"},\"inLanguage\":\"fr-FR\"},{\"@type\":\"Organization\",\"@id\":\"https:\\\/\\\/shop.bantam.ch\\\/fr\\\/#organization\",\"name\":\"Bantam Wankm\u00fcller SA\",\"url\":\"https:\\\/\\\/shop.bantam.ch\\\/fr\\\/\",\"logo\":{\"@type\":\"ImageObject\",\"inLanguage\":\"fr-FR\",\"@id\":\"https:\\\/\\\/shop.bantam.ch\\\/fr\\\/#\\\/schema\\\/logo\\\/image\\\/\",\"url\":\"https:\\\/\\\/shop.bantam.ch\\\/wp-content\\\/uploads\\\/2022\\\/12\\\/bantam-logo.png\",\"contentUrl\":\"https:\\\/\\\/shop.bantam.ch\\\/wp-content\\\/uploads\\\/2022\\\/12\\\/bantam-logo.png\",\"width\":320,\"height\":71,\"caption\":\"Bantam Wankm\u00fcller SA\"},\"image\":{\"@id\":\"https:\\\/\\\/shop.bantam.ch\\\/fr\\\/#\\\/schema\\\/logo\\\/image\\\/\"}}]}<\/script>\n<!-- \/ Yoast SEO plugin. -->","yoast_head_json":{"title":"Syst\u00e8me vid\u00e9o de recul Caratec Safety CSV7000T - Bantam Wankm\u00fcller SA","robots":{"index":"index","follow":"follow","max-snippet":"max-snippet:-1","max-image-preview":"max-image-preview:large","max-video-preview":"max-video-preview:-1"},"canonical":"https:\/\/shop.bantam.ch\/fr\/produit\/systeme-de-camera-de-recul-safety-csv-7000t\/","og_locale":"fr_FR","og_type":"article","og_title":"Syst\u00e8me vid\u00e9o de recul Caratec Safety CSV7000T - Bantam Wankm\u00fcller SA","og_description":"Kit complet avec \u00e9cran couleur 7\u2033 (17,8\u00a0cm) (16:9) et double cam\u00e9ra couleur avec LED infrarouge. Cam\u00e9ra de recul avec deux cam\u00e9ras couleur distinctes. La diff\u00e9rence angulaire est r\u00e9glable par paliers de 15\u00b0. Commutation manuelle ou automatique avec la marche arri\u00e8re. Avec c\u00e2ble de raccordement de 20 m. Angle de vue cam\u00e9ra (diagonale) 110\u00b0 (vers le [&hellip;]","og_url":"https:\/\/shop.bantam.ch\/fr\/produit\/systeme-de-camera-de-recul-safety-csv-7000t\/","og_site_name":"Bantam Wankm\u00fcller SA","article_modified_time":"2026-04-18T18:36:43+00:00","og_image":[{"width":1000,"height":393,"url":"https:\/\/shop.bantam.ch\/wp-content\/uploads\/2023\/02\/9988572-Caravan_Safety_Twin-Rueckfahr-_video-Set_mit_7_Zoll_Monitor_und_Kameraleitung_CSV7000T-Standard-01-2.jpg","type":"image\/jpeg"}],"twitter_card":"summary_large_image","schema":{"@context":"https:\/\/schema.org","@graph":[{"@type":"WebPage","@id":"https:\/\/shop.bantam.ch\/fr\/produit\/systeme-de-camera-de-recul-safety-csv-7000t\/","url":"https:\/\/shop.bantam.ch\/fr\/produit\/systeme-de-camera-de-recul-safety-csv-7000t\/","name":"Syst\u00e8me vid\u00e9o de recul Caratec Safety CSV7000T - Bantam Wankm\u00fcller SA","isPartOf":{"@id":"https:\/\/shop.bantam.ch\/fr\/#website"},"primaryImageOfPage":{"@id":"https:\/\/shop.bantam.ch\/fr\/produit\/systeme-de-camera-de-recul-safety-csv-7000t\/#primaryimage"},"image":{"@id":"https:\/\/shop.bantam.ch\/fr\/produit\/systeme-de-camera-de-recul-safety-csv-7000t\/#primaryimage"},"thumbnailUrl":"https:\/\/shop.bantam.ch\/wp-content\/uploads\/2023\/02\/9988572-Caravan_Safety_Twin-Rueckfahr-_video-Set_mit_7_Zoll_Monitor_und_Kameraleitung_CSV7000T-Standard-01-2.jpg","datePublished":"2023-02-22T17:22:42+00:00","dateModified":"2026-04-18T18:36:43+00:00","breadcrumb":{"@id":"https:\/\/shop.bantam.ch\/fr\/produit\/systeme-de-camera-de-recul-safety-csv-7000t\/#breadcrumb"},"inLanguage":"fr-FR","potentialAction":[{"@type":"ReadAction","target":["https:\/\/shop.bantam.ch\/fr\/produit\/systeme-de-camera-de-recul-safety-csv-7000t\/"]}]},{"@type":"ImageObject","inLanguage":"fr-FR","@id":"https:\/\/shop.bantam.ch\/fr\/produit\/systeme-de-camera-de-recul-safety-csv-7000t\/#primaryimage","url":"https:\/\/shop.bantam.ch\/wp-content\/uploads\/2023\/02\/9988572-Caravan_Safety_Twin-Rueckfahr-_video-Set_mit_7_Zoll_Monitor_und_Kameraleitung_CSV7000T-Standard-01-2.jpg","contentUrl":"https:\/\/shop.bantam.ch\/wp-content\/uploads\/2023\/02\/9988572-Caravan_Safety_Twin-Rueckfahr-_video-Set_mit_7_Zoll_Monitor_und_Kameraleitung_CSV7000T-Standard-01-2.jpg","width":1000,"height":393},{"@type":"BreadcrumbList","@id":"https:\/\/shop.bantam.ch\/fr\/produit\/systeme-de-camera-de-recul-safety-csv-7000t\/#breadcrumb","itemListElement":[{"@type":"ListItem","position":1,"name":"Accueil","item":"https:\/\/shop.bantam.ch\/fr\/"},{"@type":"ListItem","position":2,"name":"Boutique","item":"https:\/\/shop.bantam.ch\/fr\/boutique\/"},{"@type":"ListItem","position":3,"name":"Syst\u00e8me vid\u00e9o de recul Caratec Safety CSV7000T"}]},{"@type":"WebSite","@id":"https:\/\/shop.bantam.ch\/fr\/#website","url":"https:\/\/shop.bantam.ch\/fr\/","name":"Bantam Wankm\u00fcller SA","description":"","publisher":{"@id":"https:\/\/shop.bantam.ch\/fr\/#organization"},"inLanguage":"fr-FR"},{"@type":"Organization","@id":"https:\/\/shop.bantam.ch\/fr\/#organization","name":"Bantam Wankm\u00fcller SA","url":"https:\/\/shop.bantam.ch\/fr\/","logo":{"@type":"ImageObject","inLanguage":"fr-FR","@id":"https:\/\/shop.bantam.ch\/fr\/#\/schema\/logo\/image\/","url":"https:\/\/shop.bantam.ch\/wp-content\/uploads\/2022\/12\/bantam-logo.png","contentUrl":"https:\/\/shop.bantam.ch\/wp-content\/uploads\/2022\/12\/bantam-logo.png","width":320,"height":71,"caption":"Bantam Wankm\u00fcller SA"},"image":{"@id":"https:\/\/shop.bantam.ch\/fr\/#\/schema\/logo\/image\/"}}]}},"_links":{"self":[{"href":"https:\/\/shop.bantam.ch\/fr\/wp-json\/wp\/v2\/product\/32435","targetHints":{"allow":["GET"]}}],"collection":[{"href":"https:\/\/shop.bantam.ch\/fr\/wp-json\/wp\/v2\/product"}],"about":[{"href":"https:\/\/shop.bantam.ch\/fr\/wp-json\/wp\/v2\/types\/product"}],"wp:featuredmedia":[{"embeddable":true,"href":"https:\/\/shop.bantam.ch\/fr\/wp-json\/wp\/v2\/media\/32433"}],"wp:attachment":[{"href":"https:\/\/shop.bantam.ch\/fr\/wp-json\/wp\/v2\/media?parent=32435"}],"wp:term":[{"taxonomy":"product_featured_cat","embeddable":true,"href":"https:\/\/shop.bantam.ch\/fr\/wp-json\/wp\/v2\/product_featured_cat?post=32435"},{"taxonomy":"product_brand","embeddable":true,"href":"https:\/\/shop.bantam.ch\/fr\/wp-json\/wp\/v2\/product_brand?post=32435"},{"taxonomy":"product_cat","embeddable":true,"href":"https:\/\/shop.bantam.ch\/fr\/wp-json\/wp\/v2\/product_cat?post=32435"},{"taxonomy":"product_tag","embeddable":true,"href":"https:\/\/shop.bantam.ch\/fr\/wp-json\/wp\/v2\/product_tag?post=32435"}],"curies":[{"name":"wp","href":"https:\/\/api.w.org\/{rel}","templated":true}]}}