{"id":32393,"date":"2023-02-22T18:22:02","date_gmt":"2023-02-22T17:22:02","guid":{"rendered":"http:\/\/preprod-dev.sh1.hidora.com\/webshop\/produit\/support-mural-de-tv-flex-cfw-204a\/"},"modified":"2026-04-18T20:36:37","modified_gmt":"2026-04-18T18:36:37","slug":"support-mural-de-tv-flex-cfw-204a","status":"publish","type":"product","link":"https:\/\/shop.bantam.ch\/fr\/produit\/support-mural-de-tv-flex-cfw-204a\/","title":{"rendered":"Support mural Caratec Flex CFW204A"},"content":{"rendered":"<p>Les supports muraux se distinguent par des rails faciles d\u2019acc\u00e8s, des possibilit\u00e9s de blocage ainsi que par une grande stabilit\u00e9 et sont con\u00e7us de sorte que le rangement de l\u2019\u00e9cran ne n\u00e9cessite que tr\u00e8s peu de place. Gr\u00e2ce au syst\u00e8me de blocage fiable, l\u2019\u00e9cran ne bouge pas pendant que le v\u00e9hicule circule.<\/p>\n<p>Support particuli\u00e8rement l\u00e9ger et stable ayant jusqu\u2019\u00e0 3 points de rotation. Verrouillable, d\u00e9verrouillage simple avec levier.<\/p>\n<p>Mat\u00e9riau\u00a0:<br \/>aluminium<\/p>\n<ul>\n<li>\u00c9cart avec le mur (d\u00e9ploy\u00e9)\u2009: 21,3 cm<\/li>\n<\/ul>\n","protected":false},"excerpt":{"rendered":"<p>Les supports muraux se distinguent par des rails faciles d\u2019acc\u00e8s, des possibilit\u00e9s de blocage ainsi que par une grande stabilit\u00e9 et sont con\u00e7us de sorte que le rangement de l\u2019\u00e9cran ne n\u00e9cessite que tr\u00e8s peu de place. Gr\u00e2ce au syst\u00e8me de blocage fiable, l\u2019\u00e9cran ne bouge pas pendant que le v\u00e9hicule circule. Support particuli\u00e8rement l\u00e9ger [&hellip;]<\/p>\n","protected":false},"featured_media":32387,"template":"","meta":{"_acf_changed":false},"product_featured_cat":[],"product_brand":[3070],"product_cat":[4985],"product_tag":[],"class_list":{"0":"post-32393","1":"product","2":"type-product","3":"status-publish","4":"has-post-thumbnail","6":"product_brand-caratec","7":"product_cat-supports-tv","9":"first","10":"instock","11":"taxable","12":"shipping-taxable","13":"purchasable","14":"product-type-simple"},"acf":[],"yoast_head":"<!-- This site is optimized with the Yoast SEO plugin v27.4 - https:\/\/yoast.com\/product\/yoast-seo-wordpress\/ -->\n<title>Support mural Caratec Flex CFW204A - Bantam Wankm\u00fcller SA<\/title>\n<meta name=\"robots\" content=\"index, follow, max-snippet:-1, max-image-preview:large, max-video-preview:-1\" \/>\n<link rel=\"canonical\" href=\"https:\/\/shop.bantam.ch\/fr\/produit\/support-mural-de-tv-flex-cfw-204a\/\" \/>\n<meta property=\"og:locale\" content=\"fr_FR\" \/>\n<meta property=\"og:type\" content=\"article\" \/>\n<meta property=\"og:title\" content=\"Support mural Caratec Flex CFW204A - Bantam Wankm\u00fcller SA\" \/>\n<meta property=\"og:description\" content=\"Les supports muraux se distinguent par des rails faciles d\u2019acc\u00e8s, des possibilit\u00e9s de blocage ainsi que par une grande stabilit\u00e9 et sont con\u00e7us de sorte que le rangement de l\u2019\u00e9cran ne n\u00e9cessite que tr\u00e8s peu de place. Gr\u00e2ce au syst\u00e8me de blocage fiable, l\u2019\u00e9cran ne bouge pas pendant que le v\u00e9hicule circule. Support particuli\u00e8rement l\u00e9ger [&hellip;]\" \/>\n<meta property=\"og:url\" content=\"https:\/\/shop.bantam.ch\/fr\/produit\/support-mural-de-tv-flex-cfw-204a\/\" \/>\n<meta property=\"og:site_name\" content=\"Bantam Wankm\u00fcller SA\" \/>\n<meta property=\"article:modified_time\" content=\"2026-04-18T18:36:37+00:00\" \/>\n<meta property=\"og:image\" content=\"https:\/\/shop.bantam.ch\/wp-content\/uploads\/2023\/02\/9980157-Caratec_Flex_TV-Wandhalter_CFW204A_2_Drehpunkte-Standard-02-2.jpg\" \/>\n\t<meta property=\"og:image:width\" content=\"1000\" \/>\n\t<meta property=\"og:image:height\" content=\"521\" \/>\n\t<meta property=\"og:image:type\" content=\"image\/jpeg\" \/>\n<meta name=\"twitter:card\" content=\"summary_large_image\" \/>\n<script type=\"application\/ld+json\" class=\"yoast-schema-graph\">{\"@context\":\"https:\\\/\\\/schema.org\",\"@graph\":[{\"@type\":\"WebPage\",\"@id\":\"https:\\\/\\\/shop.bantam.ch\\\/fr\\\/produit\\\/support-mural-de-tv-flex-cfw-204a\\\/\",\"url\":\"https:\\\/\\\/shop.bantam.ch\\\/fr\\\/produit\\\/support-mural-de-tv-flex-cfw-204a\\\/\",\"name\":\"Support mural Caratec Flex CFW204A - Bantam Wankm\u00fcller SA\",\"isPartOf\":{\"@id\":\"https:\\\/\\\/shop.bantam.ch\\\/fr\\\/#website\"},\"primaryImageOfPage\":{\"@id\":\"https:\\\/\\\/shop.bantam.ch\\\/fr\\\/produit\\\/support-mural-de-tv-flex-cfw-204a\\\/#primaryimage\"},\"image\":{\"@id\":\"https:\\\/\\\/shop.bantam.ch\\\/fr\\\/produit\\\/support-mural-de-tv-flex-cfw-204a\\\/#primaryimage\"},\"thumbnailUrl\":\"https:\\\/\\\/shop.bantam.ch\\\/wp-content\\\/uploads\\\/2023\\\/02\\\/9980157-Caratec_Flex_TV-Wandhalter_CFW204A_2_Drehpunkte-Standard-02-2.jpg\",\"datePublished\":\"2023-02-22T17:22:02+00:00\",\"dateModified\":\"2026-04-18T18:36:37+00:00\",\"breadcrumb\":{\"@id\":\"https:\\\/\\\/shop.bantam.ch\\\/fr\\\/produit\\\/support-mural-de-tv-flex-cfw-204a\\\/#breadcrumb\"},\"inLanguage\":\"fr-FR\",\"potentialAction\":[{\"@type\":\"ReadAction\",\"target\":[\"https:\\\/\\\/shop.bantam.ch\\\/fr\\\/produit\\\/support-mural-de-tv-flex-cfw-204a\\\/\"]}]},{\"@type\":\"ImageObject\",\"inLanguage\":\"fr-FR\",\"@id\":\"https:\\\/\\\/shop.bantam.ch\\\/fr\\\/produit\\\/support-mural-de-tv-flex-cfw-204a\\\/#primaryimage\",\"url\":\"https:\\\/\\\/shop.bantam.ch\\\/wp-content\\\/uploads\\\/2023\\\/02\\\/9980157-Caratec_Flex_TV-Wandhalter_CFW204A_2_Drehpunkte-Standard-02-2.jpg\",\"contentUrl\":\"https:\\\/\\\/shop.bantam.ch\\\/wp-content\\\/uploads\\\/2023\\\/02\\\/9980157-Caratec_Flex_TV-Wandhalter_CFW204A_2_Drehpunkte-Standard-02-2.jpg\",\"width\":1000,\"height\":521},{\"@type\":\"BreadcrumbList\",\"@id\":\"https:\\\/\\\/shop.bantam.ch\\\/fr\\\/produit\\\/support-mural-de-tv-flex-cfw-204a\\\/#breadcrumb\",\"itemListElement\":[{\"@type\":\"ListItem\",\"position\":1,\"name\":\"Accueil\",\"item\":\"https:\\\/\\\/shop.bantam.ch\\\/fr\\\/\"},{\"@type\":\"ListItem\",\"position\":2,\"name\":\"Boutique\",\"item\":\"https:\\\/\\\/shop.bantam.ch\\\/fr\\\/boutique\\\/\"},{\"@type\":\"ListItem\",\"position\":3,\"name\":\"Support mural Caratec Flex CFW204A\"}]},{\"@type\":\"WebSite\",\"@id\":\"https:\\\/\\\/shop.bantam.ch\\\/fr\\\/#website\",\"url\":\"https:\\\/\\\/shop.bantam.ch\\\/fr\\\/\",\"name\":\"Bantam Wankm\u00fcller SA\",\"description\":\"\",\"publisher\":{\"@id\":\"https:\\\/\\\/shop.bantam.ch\\\/fr\\\/#organization\"},\"inLanguage\":\"fr-FR\"},{\"@type\":\"Organization\",\"@id\":\"https:\\\/\\\/shop.bantam.ch\\\/fr\\\/#organization\",\"name\":\"Bantam Wankm\u00fcller SA\",\"url\":\"https:\\\/\\\/shop.bantam.ch\\\/fr\\\/\",\"logo\":{\"@type\":\"ImageObject\",\"inLanguage\":\"fr-FR\",\"@id\":\"https:\\\/\\\/shop.bantam.ch\\\/fr\\\/#\\\/schema\\\/logo\\\/image\\\/\",\"url\":\"https:\\\/\\\/shop.bantam.ch\\\/wp-content\\\/uploads\\\/2022\\\/12\\\/bantam-logo.png\",\"contentUrl\":\"https:\\\/\\\/shop.bantam.ch\\\/wp-content\\\/uploads\\\/2022\\\/12\\\/bantam-logo.png\",\"width\":320,\"height\":71,\"caption\":\"Bantam Wankm\u00fcller SA\"},\"image\":{\"@id\":\"https:\\\/\\\/shop.bantam.ch\\\/fr\\\/#\\\/schema\\\/logo\\\/image\\\/\"}}]}<\/script>\n<!-- \/ Yoast SEO plugin. -->","yoast_head_json":{"title":"Support mural Caratec Flex CFW204A - Bantam Wankm\u00fcller SA","robots":{"index":"index","follow":"follow","max-snippet":"max-snippet:-1","max-image-preview":"max-image-preview:large","max-video-preview":"max-video-preview:-1"},"canonical":"https:\/\/shop.bantam.ch\/fr\/produit\/support-mural-de-tv-flex-cfw-204a\/","og_locale":"fr_FR","og_type":"article","og_title":"Support mural Caratec Flex CFW204A - Bantam Wankm\u00fcller SA","og_description":"Les supports muraux se distinguent par des rails faciles d\u2019acc\u00e8s, des possibilit\u00e9s de blocage ainsi que par une grande stabilit\u00e9 et sont con\u00e7us de sorte que le rangement de l\u2019\u00e9cran ne n\u00e9cessite que tr\u00e8s peu de place. Gr\u00e2ce au syst\u00e8me de blocage fiable, l\u2019\u00e9cran ne bouge pas pendant que le v\u00e9hicule circule. Support particuli\u00e8rement l\u00e9ger [&hellip;]","og_url":"https:\/\/shop.bantam.ch\/fr\/produit\/support-mural-de-tv-flex-cfw-204a\/","og_site_name":"Bantam Wankm\u00fcller SA","article_modified_time":"2026-04-18T18:36:37+00:00","og_image":[{"width":1000,"height":521,"url":"https:\/\/shop.bantam.ch\/wp-content\/uploads\/2023\/02\/9980157-Caratec_Flex_TV-Wandhalter_CFW204A_2_Drehpunkte-Standard-02-2.jpg","type":"image\/jpeg"}],"twitter_card":"summary_large_image","schema":{"@context":"https:\/\/schema.org","@graph":[{"@type":"WebPage","@id":"https:\/\/shop.bantam.ch\/fr\/produit\/support-mural-de-tv-flex-cfw-204a\/","url":"https:\/\/shop.bantam.ch\/fr\/produit\/support-mural-de-tv-flex-cfw-204a\/","name":"Support mural Caratec Flex CFW204A - Bantam Wankm\u00fcller SA","isPartOf":{"@id":"https:\/\/shop.bantam.ch\/fr\/#website"},"primaryImageOfPage":{"@id":"https:\/\/shop.bantam.ch\/fr\/produit\/support-mural-de-tv-flex-cfw-204a\/#primaryimage"},"image":{"@id":"https:\/\/shop.bantam.ch\/fr\/produit\/support-mural-de-tv-flex-cfw-204a\/#primaryimage"},"thumbnailUrl":"https:\/\/shop.bantam.ch\/wp-content\/uploads\/2023\/02\/9980157-Caratec_Flex_TV-Wandhalter_CFW204A_2_Drehpunkte-Standard-02-2.jpg","datePublished":"2023-02-22T17:22:02+00:00","dateModified":"2026-04-18T18:36:37+00:00","breadcrumb":{"@id":"https:\/\/shop.bantam.ch\/fr\/produit\/support-mural-de-tv-flex-cfw-204a\/#breadcrumb"},"inLanguage":"fr-FR","potentialAction":[{"@type":"ReadAction","target":["https:\/\/shop.bantam.ch\/fr\/produit\/support-mural-de-tv-flex-cfw-204a\/"]}]},{"@type":"ImageObject","inLanguage":"fr-FR","@id":"https:\/\/shop.bantam.ch\/fr\/produit\/support-mural-de-tv-flex-cfw-204a\/#primaryimage","url":"https:\/\/shop.bantam.ch\/wp-content\/uploads\/2023\/02\/9980157-Caratec_Flex_TV-Wandhalter_CFW204A_2_Drehpunkte-Standard-02-2.jpg","contentUrl":"https:\/\/shop.bantam.ch\/wp-content\/uploads\/2023\/02\/9980157-Caratec_Flex_TV-Wandhalter_CFW204A_2_Drehpunkte-Standard-02-2.jpg","width":1000,"height":521},{"@type":"BreadcrumbList","@id":"https:\/\/shop.bantam.ch\/fr\/produit\/support-mural-de-tv-flex-cfw-204a\/#breadcrumb","itemListElement":[{"@type":"ListItem","position":1,"name":"Accueil","item":"https:\/\/shop.bantam.ch\/fr\/"},{"@type":"ListItem","position":2,"name":"Boutique","item":"https:\/\/shop.bantam.ch\/fr\/boutique\/"},{"@type":"ListItem","position":3,"name":"Support mural Caratec Flex CFW204A"}]},{"@type":"WebSite","@id":"https:\/\/shop.bantam.ch\/fr\/#website","url":"https:\/\/shop.bantam.ch\/fr\/","name":"Bantam Wankm\u00fcller SA","description":"","publisher":{"@id":"https:\/\/shop.bantam.ch\/fr\/#organization"},"inLanguage":"fr-FR"},{"@type":"Organization","@id":"https:\/\/shop.bantam.ch\/fr\/#organization","name":"Bantam Wankm\u00fcller SA","url":"https:\/\/shop.bantam.ch\/fr\/","logo":{"@type":"ImageObject","inLanguage":"fr-FR","@id":"https:\/\/shop.bantam.ch\/fr\/#\/schema\/logo\/image\/","url":"https:\/\/shop.bantam.ch\/wp-content\/uploads\/2022\/12\/bantam-logo.png","contentUrl":"https:\/\/shop.bantam.ch\/wp-content\/uploads\/2022\/12\/bantam-logo.png","width":320,"height":71,"caption":"Bantam Wankm\u00fcller SA"},"image":{"@id":"https:\/\/shop.bantam.ch\/fr\/#\/schema\/logo\/image\/"}}]}},"_links":{"self":[{"href":"https:\/\/shop.bantam.ch\/fr\/wp-json\/wp\/v2\/product\/32393","targetHints":{"allow":["GET"]}}],"collection":[{"href":"https:\/\/shop.bantam.ch\/fr\/wp-json\/wp\/v2\/product"}],"about":[{"href":"https:\/\/shop.bantam.ch\/fr\/wp-json\/wp\/v2\/types\/product"}],"wp:featuredmedia":[{"embeddable":true,"href":"https:\/\/shop.bantam.ch\/fr\/wp-json\/wp\/v2\/media\/32387"}],"wp:attachment":[{"href":"https:\/\/shop.bantam.ch\/fr\/wp-json\/wp\/v2\/media?parent=32393"}],"wp:term":[{"taxonomy":"product_featured_cat","embeddable":true,"href":"https:\/\/shop.bantam.ch\/fr\/wp-json\/wp\/v2\/product_featured_cat?post=32393"},{"taxonomy":"product_brand","embeddable":true,"href":"https:\/\/shop.bantam.ch\/fr\/wp-json\/wp\/v2\/product_brand?post=32393"},{"taxonomy":"product_cat","embeddable":true,"href":"https:\/\/shop.bantam.ch\/fr\/wp-json\/wp\/v2\/product_cat?post=32393"},{"taxonomy":"product_tag","embeddable":true,"href":"https:\/\/shop.bantam.ch\/fr\/wp-json\/wp\/v2\/product_tag?post=32393"}],"curies":[{"name":"wp","href":"https:\/\/api.w.org\/{rel}","templated":true}]}}