{"id":32159,"date":"2023-02-22T18:17:00","date_gmt":"2023-02-22T17:17:00","guid":{"rendered":"http:\/\/preprod-dev.sh1.hidora.com\/webshop\/produit\/ventouse-pour-auvents-de-fourgon\/"},"modified":"2026-04-18T20:35:58","modified_gmt":"2026-04-18T18:35:58","slug":"ventouse-pour-auvents-de-fourgon","status":"publish","type":"product","link":"https:\/\/shop.bantam.ch\/fr\/produit\/ventouse-pour-auvents-de-fourgon\/","title":{"rendered":"Aspirateur \u00e0 clapet Capture pour auvent de bus, lot de 2"},"content":{"rendered":"<p>Ventouse pliable avec corps en m\u00e9tal pour les auvents de fourgon Option de fixation optimale de la barre de verrouillage du store sur les v\u00e9hicules sans barres de toit ou goutti\u00e8re. Install\u00e9 en quelques secondes. Convient \u00e9galement pour les toits de soleil des bus.<\/p>\n<p>Contenu\u00a0: <br \/>2\u00a0pi\u00e8ces<\/p>\n","protected":false},"excerpt":{"rendered":"<p>Ventouse pliable avec corps en m\u00e9tal pour les auvents de fourgon Option de fixation optimale de la barre de verrouillage du store sur les v\u00e9hicules sans barres de toit ou goutti\u00e8re. Install\u00e9 en quelques secondes. Convient \u00e9galement pour les toits de soleil des bus. Contenu\u00a0: 2\u00a0pi\u00e8ces<\/p>\n","protected":false},"featured_media":32157,"template":"","meta":{"_acf_changed":false},"product_featured_cat":[],"product_brand":[3080],"product_cat":[4253],"product_tag":[],"class_list":{"0":"post-32159","1":"product","2":"type-product","3":"status-publish","4":"has-post-thumbnail","6":"product_brand-brunner","7":"product_cat-accessoires-de-montage","9":"first","10":"instock","11":"taxable","12":"shipping-taxable","13":"purchasable","14":"product-type-simple"},"acf":[],"yoast_head":"<!-- This site is optimized with the Yoast SEO plugin v27.4 - https:\/\/yoast.com\/product\/yoast-seo-wordpress\/ -->\n<title>Aspirateur \u00e0 clapet Capture pour auvent de bus, lot de 2 - Bantam Wankm\u00fcller SA<\/title>\n<meta name=\"robots\" content=\"index, follow, max-snippet:-1, max-image-preview:large, max-video-preview:-1\" \/>\n<link rel=\"canonical\" href=\"https:\/\/shop.bantam.ch\/fr\/produit\/ventouse-pour-auvents-de-fourgon\/\" \/>\n<meta property=\"og:locale\" content=\"fr_FR\" \/>\n<meta property=\"og:type\" content=\"article\" \/>\n<meta property=\"og:title\" content=\"Aspirateur \u00e0 clapet Capture pour auvent de bus, lot de 2 - Bantam Wankm\u00fcller SA\" \/>\n<meta property=\"og:description\" content=\"Ventouse pliable avec corps en m\u00e9tal pour les auvents de fourgon Option de fixation optimale de la barre de verrouillage du store sur les v\u00e9hicules sans barres de toit ou goutti\u00e8re. Install\u00e9 en quelques secondes. Convient \u00e9galement pour les toits de soleil des bus. Contenu\u00a0: 2\u00a0pi\u00e8ces\" \/>\n<meta property=\"og:url\" content=\"https:\/\/shop.bantam.ch\/fr\/produit\/ventouse-pour-auvents-de-fourgon\/\" \/>\n<meta property=\"og:site_name\" content=\"Bantam Wankm\u00fcller SA\" \/>\n<meta property=\"article:modified_time\" content=\"2026-04-18T18:35:58+00:00\" \/>\n<meta property=\"og:image\" content=\"https:\/\/shop.bantam.ch\/wp-content\/uploads\/2023\/02\/994043811-2.jpg\" \/>\n\t<meta property=\"og:image:width\" content=\"415\" \/>\n\t<meta property=\"og:image:height\" content=\"500\" \/>\n\t<meta property=\"og:image:type\" content=\"image\/jpeg\" \/>\n<meta name=\"twitter:card\" content=\"summary_large_image\" \/>\n<script type=\"application\/ld+json\" class=\"yoast-schema-graph\">{\"@context\":\"https:\\\/\\\/schema.org\",\"@graph\":[{\"@type\":\"WebPage\",\"@id\":\"https:\\\/\\\/shop.bantam.ch\\\/fr\\\/produit\\\/ventouse-pour-auvents-de-fourgon\\\/\",\"url\":\"https:\\\/\\\/shop.bantam.ch\\\/fr\\\/produit\\\/ventouse-pour-auvents-de-fourgon\\\/\",\"name\":\"Aspirateur \u00e0 clapet Capture pour auvent de bus, lot de 2 - Bantam Wankm\u00fcller SA\",\"isPartOf\":{\"@id\":\"https:\\\/\\\/shop.bantam.ch\\\/fr\\\/#website\"},\"primaryImageOfPage\":{\"@id\":\"https:\\\/\\\/shop.bantam.ch\\\/fr\\\/produit\\\/ventouse-pour-auvents-de-fourgon\\\/#primaryimage\"},\"image\":{\"@id\":\"https:\\\/\\\/shop.bantam.ch\\\/fr\\\/produit\\\/ventouse-pour-auvents-de-fourgon\\\/#primaryimage\"},\"thumbnailUrl\":\"https:\\\/\\\/shop.bantam.ch\\\/wp-content\\\/uploads\\\/2023\\\/02\\\/994043811-2.jpg\",\"datePublished\":\"2023-02-22T17:17:00+00:00\",\"dateModified\":\"2026-04-18T18:35:58+00:00\",\"breadcrumb\":{\"@id\":\"https:\\\/\\\/shop.bantam.ch\\\/fr\\\/produit\\\/ventouse-pour-auvents-de-fourgon\\\/#breadcrumb\"},\"inLanguage\":\"fr-FR\",\"potentialAction\":[{\"@type\":\"ReadAction\",\"target\":[\"https:\\\/\\\/shop.bantam.ch\\\/fr\\\/produit\\\/ventouse-pour-auvents-de-fourgon\\\/\"]}]},{\"@type\":\"ImageObject\",\"inLanguage\":\"fr-FR\",\"@id\":\"https:\\\/\\\/shop.bantam.ch\\\/fr\\\/produit\\\/ventouse-pour-auvents-de-fourgon\\\/#primaryimage\",\"url\":\"https:\\\/\\\/shop.bantam.ch\\\/wp-content\\\/uploads\\\/2023\\\/02\\\/994043811-2.jpg\",\"contentUrl\":\"https:\\\/\\\/shop.bantam.ch\\\/wp-content\\\/uploads\\\/2023\\\/02\\\/994043811-2.jpg\",\"width\":415,\"height\":500},{\"@type\":\"BreadcrumbList\",\"@id\":\"https:\\\/\\\/shop.bantam.ch\\\/fr\\\/produit\\\/ventouse-pour-auvents-de-fourgon\\\/#breadcrumb\",\"itemListElement\":[{\"@type\":\"ListItem\",\"position\":1,\"name\":\"Accueil\",\"item\":\"https:\\\/\\\/shop.bantam.ch\\\/fr\\\/\"},{\"@type\":\"ListItem\",\"position\":2,\"name\":\"Boutique\",\"item\":\"https:\\\/\\\/shop.bantam.ch\\\/fr\\\/boutique\\\/\"},{\"@type\":\"ListItem\",\"position\":3,\"name\":\"Aspirateur \u00e0 clapet Capture pour auvent de bus, lot de 2\"}]},{\"@type\":\"WebSite\",\"@id\":\"https:\\\/\\\/shop.bantam.ch\\\/fr\\\/#website\",\"url\":\"https:\\\/\\\/shop.bantam.ch\\\/fr\\\/\",\"name\":\"Bantam Wankm\u00fcller SA\",\"description\":\"\",\"publisher\":{\"@id\":\"https:\\\/\\\/shop.bantam.ch\\\/fr\\\/#organization\"},\"inLanguage\":\"fr-FR\"},{\"@type\":\"Organization\",\"@id\":\"https:\\\/\\\/shop.bantam.ch\\\/fr\\\/#organization\",\"name\":\"Bantam Wankm\u00fcller SA\",\"url\":\"https:\\\/\\\/shop.bantam.ch\\\/fr\\\/\",\"logo\":{\"@type\":\"ImageObject\",\"inLanguage\":\"fr-FR\",\"@id\":\"https:\\\/\\\/shop.bantam.ch\\\/fr\\\/#\\\/schema\\\/logo\\\/image\\\/\",\"url\":\"https:\\\/\\\/shop.bantam.ch\\\/wp-content\\\/uploads\\\/2022\\\/12\\\/bantam-logo.png\",\"contentUrl\":\"https:\\\/\\\/shop.bantam.ch\\\/wp-content\\\/uploads\\\/2022\\\/12\\\/bantam-logo.png\",\"width\":320,\"height\":71,\"caption\":\"Bantam Wankm\u00fcller SA\"},\"image\":{\"@id\":\"https:\\\/\\\/shop.bantam.ch\\\/fr\\\/#\\\/schema\\\/logo\\\/image\\\/\"}}]}<\/script>\n<!-- \/ Yoast SEO plugin. -->","yoast_head_json":{"title":"Aspirateur \u00e0 clapet Capture pour auvent de bus, lot de 2 - Bantam Wankm\u00fcller SA","robots":{"index":"index","follow":"follow","max-snippet":"max-snippet:-1","max-image-preview":"max-image-preview:large","max-video-preview":"max-video-preview:-1"},"canonical":"https:\/\/shop.bantam.ch\/fr\/produit\/ventouse-pour-auvents-de-fourgon\/","og_locale":"fr_FR","og_type":"article","og_title":"Aspirateur \u00e0 clapet Capture pour auvent de bus, lot de 2 - Bantam Wankm\u00fcller SA","og_description":"Ventouse pliable avec corps en m\u00e9tal pour les auvents de fourgon Option de fixation optimale de la barre de verrouillage du store sur les v\u00e9hicules sans barres de toit ou goutti\u00e8re. Install\u00e9 en quelques secondes. Convient \u00e9galement pour les toits de soleil des bus. Contenu\u00a0: 2\u00a0pi\u00e8ces","og_url":"https:\/\/shop.bantam.ch\/fr\/produit\/ventouse-pour-auvents-de-fourgon\/","og_site_name":"Bantam Wankm\u00fcller SA","article_modified_time":"2026-04-18T18:35:58+00:00","og_image":[{"width":415,"height":500,"url":"https:\/\/shop.bantam.ch\/wp-content\/uploads\/2023\/02\/994043811-2.jpg","type":"image\/jpeg"}],"twitter_card":"summary_large_image","schema":{"@context":"https:\/\/schema.org","@graph":[{"@type":"WebPage","@id":"https:\/\/shop.bantam.ch\/fr\/produit\/ventouse-pour-auvents-de-fourgon\/","url":"https:\/\/shop.bantam.ch\/fr\/produit\/ventouse-pour-auvents-de-fourgon\/","name":"Aspirateur \u00e0 clapet Capture pour auvent de bus, lot de 2 - Bantam Wankm\u00fcller SA","isPartOf":{"@id":"https:\/\/shop.bantam.ch\/fr\/#website"},"primaryImageOfPage":{"@id":"https:\/\/shop.bantam.ch\/fr\/produit\/ventouse-pour-auvents-de-fourgon\/#primaryimage"},"image":{"@id":"https:\/\/shop.bantam.ch\/fr\/produit\/ventouse-pour-auvents-de-fourgon\/#primaryimage"},"thumbnailUrl":"https:\/\/shop.bantam.ch\/wp-content\/uploads\/2023\/02\/994043811-2.jpg","datePublished":"2023-02-22T17:17:00+00:00","dateModified":"2026-04-18T18:35:58+00:00","breadcrumb":{"@id":"https:\/\/shop.bantam.ch\/fr\/produit\/ventouse-pour-auvents-de-fourgon\/#breadcrumb"},"inLanguage":"fr-FR","potentialAction":[{"@type":"ReadAction","target":["https:\/\/shop.bantam.ch\/fr\/produit\/ventouse-pour-auvents-de-fourgon\/"]}]},{"@type":"ImageObject","inLanguage":"fr-FR","@id":"https:\/\/shop.bantam.ch\/fr\/produit\/ventouse-pour-auvents-de-fourgon\/#primaryimage","url":"https:\/\/shop.bantam.ch\/wp-content\/uploads\/2023\/02\/994043811-2.jpg","contentUrl":"https:\/\/shop.bantam.ch\/wp-content\/uploads\/2023\/02\/994043811-2.jpg","width":415,"height":500},{"@type":"BreadcrumbList","@id":"https:\/\/shop.bantam.ch\/fr\/produit\/ventouse-pour-auvents-de-fourgon\/#breadcrumb","itemListElement":[{"@type":"ListItem","position":1,"name":"Accueil","item":"https:\/\/shop.bantam.ch\/fr\/"},{"@type":"ListItem","position":2,"name":"Boutique","item":"https:\/\/shop.bantam.ch\/fr\/boutique\/"},{"@type":"ListItem","position":3,"name":"Aspirateur \u00e0 clapet Capture pour auvent de bus, lot de 2"}]},{"@type":"WebSite","@id":"https:\/\/shop.bantam.ch\/fr\/#website","url":"https:\/\/shop.bantam.ch\/fr\/","name":"Bantam Wankm\u00fcller SA","description":"","publisher":{"@id":"https:\/\/shop.bantam.ch\/fr\/#organization"},"inLanguage":"fr-FR"},{"@type":"Organization","@id":"https:\/\/shop.bantam.ch\/fr\/#organization","name":"Bantam Wankm\u00fcller SA","url":"https:\/\/shop.bantam.ch\/fr\/","logo":{"@type":"ImageObject","inLanguage":"fr-FR","@id":"https:\/\/shop.bantam.ch\/fr\/#\/schema\/logo\/image\/","url":"https:\/\/shop.bantam.ch\/wp-content\/uploads\/2022\/12\/bantam-logo.png","contentUrl":"https:\/\/shop.bantam.ch\/wp-content\/uploads\/2022\/12\/bantam-logo.png","width":320,"height":71,"caption":"Bantam Wankm\u00fcller SA"},"image":{"@id":"https:\/\/shop.bantam.ch\/fr\/#\/schema\/logo\/image\/"}}]}},"_links":{"self":[{"href":"https:\/\/shop.bantam.ch\/fr\/wp-json\/wp\/v2\/product\/32159","targetHints":{"allow":["GET"]}}],"collection":[{"href":"https:\/\/shop.bantam.ch\/fr\/wp-json\/wp\/v2\/product"}],"about":[{"href":"https:\/\/shop.bantam.ch\/fr\/wp-json\/wp\/v2\/types\/product"}],"wp:featuredmedia":[{"embeddable":true,"href":"https:\/\/shop.bantam.ch\/fr\/wp-json\/wp\/v2\/media\/32157"}],"wp:attachment":[{"href":"https:\/\/shop.bantam.ch\/fr\/wp-json\/wp\/v2\/media?parent=32159"}],"wp:term":[{"taxonomy":"product_featured_cat","embeddable":true,"href":"https:\/\/shop.bantam.ch\/fr\/wp-json\/wp\/v2\/product_featured_cat?post=32159"},{"taxonomy":"product_brand","embeddable":true,"href":"https:\/\/shop.bantam.ch\/fr\/wp-json\/wp\/v2\/product_brand?post=32159"},{"taxonomy":"product_cat","embeddable":true,"href":"https:\/\/shop.bantam.ch\/fr\/wp-json\/wp\/v2\/product_cat?post=32159"},{"taxonomy":"product_tag","embeddable":true,"href":"https:\/\/shop.bantam.ch\/fr\/wp-json\/wp\/v2\/product_tag?post=32159"}],"curies":[{"name":"wp","href":"https:\/\/api.w.org\/{rel}","templated":true}]}}