{"id":32047,"date":"2023-02-22T18:14:57","date_gmt":"2023-02-22T17:14:57","guid":{"rendered":"http:\/\/preprod-dev.sh1.hidora.com\/webshop\/produit\/appareil-germicide-uv-12-avec-lampe-dimmersion\/"},"modified":"2026-04-18T20:35:51","modified_gmt":"2026-04-18T18:35:51","slug":"appareil-germicide-uv-12-avec-lampe-dimmersion","status":"publish","type":"product","link":"https:\/\/shop.bantam.ch\/fr\/produit\/appareil-germicide-uv-12-avec-lampe-dimmersion\/","title":{"rendered":"Appareil germicide UV 12"},"content":{"rendered":"<p>Le stockage de l&rsquo;eau potable entra\u00eene la germination en quelques jours. Des bact\u00e9ries se forment et nuisent \u00e0 votre sant\u00e9. Les meilleures contre-mesures sont les lampes UV dont l&rsquo;effet est bas\u00e9 sur la destruction de la transmission de l&rsquo;information g\u00e9n\u00e9tique pendant la division cellulaire. Cons\u00e9quence : les bact\u00e9ries meurent. <br \/> La lampe d&rsquo;immersion REICH UV12 suit ce principe. Elle se compose d&rsquo;un tube enrob\u00e9 d&rsquo;un verre de quartz sp\u00e9cial et d&rsquo;un ballast \u00e9lectronique \u00e0 pr\u00e9chauffage qui contr\u00f4le l&rsquo;alimentation \u00e9lectrique. Les raccords \u00e9lectriques \u00e9tanches et les dimensions compactes permettent d\u2019utiliser la lampe d\u2019immersion dans les r\u00e9servoirs d&rsquo;eau potable. <br \/> En service, la lampe d&rsquo;immersion est activ\u00e9e par le ballast \u00e9lectronique toutes les 4 heures pendant 15 minutes. Ce court laps de temps est suffisant pour perturber la transmission de l&rsquo;information g\u00e9n\u00e9tique pendant la division cellulaire et causer ainsi la mort des bact\u00e9ries. Gr\u00e2ce \u00e0 son mode de fonctionnement particuli\u00e8rement \u00e9conome en \u00e9nergie, la lampe d&rsquo;immersion peut \u00e9galement \u00eatre utilis\u00e9e avec une installation solaire. L&rsquo;installation de la lampe d&rsquo;immersion UV12 de Reich n&rsquo;est pas compliqu\u00e9e et vous pouvez ais\u00e9ment vous en charger vous-m\u00eame.<br \/>Percez tout simplement un trou de 20,5 mm de diam\u00e8tre \u00e0 travers le bouchon du r\u00e9servoir ou le r\u00e9servoir et fixez-y un raccord \u00e0 vis. Ins\u00e9rez le c\u00e2ble d&rsquo;alimentation de la lampe d&rsquo;immersion dans celui-ci et descendez la lampe elle-m\u00eame sur ce c\u00e2ble jusqu&rsquo;au fond du r\u00e9servoir. Puis serrez le bouchon du r\u00e9servoir et le raccord \u00e0 vis. Il ne reste plus qu&rsquo;\u00e0 raccorder le c\u00e2ble d&rsquo;alimentation de la lampe d&rsquo;immersion et un c\u00e2ble d&rsquo;alimentation de 12 V entre l&rsquo;alimentation de bord et le ballast &#8211; c&rsquo;est tout. Les performances de d\u00e9sinfection de la lampe d&rsquo;immersion REICH UV12 <br \/>ont \u00e9t\u00e9 test\u00e9es par l&rsquo;Institut d&rsquo;hygi\u00e8ne de l&rsquo;Universit\u00e9 de Heidelberg.<\/p>\n<p><strong>Attention\u00a0: Si vous utilisez un jauge de niveau de r\u00e9servoir \u00e9lectrique, l&rsquo;arr\u00eat \u00e0 sec peut ne pas \u00eatre garanti dans certaines circonstances !<\/strong><\/p>\n<ul>\n<li>C\u00e2ble de raccordement : 3 m<\/li>\n<li>Plage de temp\u00e9rature\u00a0:\u00a0+5 \u00b0C \u00e0 &#8211; 50 \u00b0C<\/li>\n<li>Position de service : au choix<\/li>\n<\/ul>\n","protected":false},"excerpt":{"rendered":"<p>Le stockage de l&rsquo;eau potable entra\u00eene la germination en quelques jours. Des bact\u00e9ries se forment et nuisent \u00e0 votre sant\u00e9. Les meilleures contre-mesures sont les lampes UV dont l&rsquo;effet est bas\u00e9 sur la destruction de la transmission de l&rsquo;information g\u00e9n\u00e9tique pendant la division cellulaire. Cons\u00e9quence : les bact\u00e9ries meurent. La lampe d&rsquo;immersion REICH UV12 suit [&hellip;]<\/p>\n","protected":false},"featured_media":32045,"template":"","meta":{"_acf_changed":false},"product_featured_cat":[],"product_brand":[3112],"product_cat":[4613],"product_tag":[],"class_list":{"0":"post-32047","1":"product","2":"type-product","3":"status-publish","4":"has-post-thumbnail","6":"product_brand-reich","7":"product_cat-desinfection-de-leau","9":"first","10":"instock","11":"taxable","12":"shipping-taxable","13":"purchasable","14":"product-type-simple"},"acf":[],"yoast_head":"<!-- This site is optimized with the Yoast SEO plugin v27.4 - https:\/\/yoast.com\/product\/yoast-seo-wordpress\/ -->\n<title>Appareil germicide UV 12 - Bantam Wankm\u00fcller SA<\/title>\n<meta name=\"robots\" content=\"index, follow, max-snippet:-1, max-image-preview:large, max-video-preview:-1\" \/>\n<link rel=\"canonical\" href=\"https:\/\/shop.bantam.ch\/fr\/produit\/appareil-germicide-uv-12-avec-lampe-dimmersion\/\" \/>\n<meta property=\"og:locale\" content=\"fr_FR\" \/>\n<meta property=\"og:type\" content=\"article\" \/>\n<meta property=\"og:title\" content=\"Appareil germicide UV 12 - Bantam Wankm\u00fcller SA\" \/>\n<meta property=\"og:description\" content=\"Le stockage de l&rsquo;eau potable entra\u00eene la germination en quelques jours. Des bact\u00e9ries se forment et nuisent \u00e0 votre sant\u00e9. Les meilleures contre-mesures sont les lampes UV dont l&rsquo;effet est bas\u00e9 sur la destruction de la transmission de l&rsquo;information g\u00e9n\u00e9tique pendant la division cellulaire. Cons\u00e9quence : les bact\u00e9ries meurent. La lampe d&rsquo;immersion REICH UV12 suit [&hellip;]\" \/>\n<meta property=\"og:url\" content=\"https:\/\/shop.bantam.ch\/fr\/produit\/appareil-germicide-uv-12-avec-lampe-dimmersion\/\" \/>\n<meta property=\"og:site_name\" content=\"Bantam Wankm\u00fcller SA\" \/>\n<meta property=\"article:modified_time\" content=\"2026-04-18T18:35:51+00:00\" \/>\n<meta property=\"og:image\" content=\"https:\/\/shop.bantam.ch\/wp-content\/uploads\/2023\/02\/9945840-UV-12_Entkeimungsgeraet-Standard-01-2.jpg\" \/>\n\t<meta property=\"og:image:width\" content=\"1000\" \/>\n\t<meta property=\"og:image:height\" content=\"782\" \/>\n\t<meta property=\"og:image:type\" content=\"image\/jpeg\" \/>\n<meta name=\"twitter:card\" content=\"summary_large_image\" \/>\n<meta name=\"twitter:label1\" content=\"Dur\u00e9e de lecture estim\u00e9e\" \/>\n\t<meta name=\"twitter:data1\" content=\"2 minutes\" \/>\n<script type=\"application\/ld+json\" class=\"yoast-schema-graph\">{\"@context\":\"https:\\\/\\\/schema.org\",\"@graph\":[{\"@type\":\"WebPage\",\"@id\":\"https:\\\/\\\/shop.bantam.ch\\\/fr\\\/produit\\\/appareil-germicide-uv-12-avec-lampe-dimmersion\\\/\",\"url\":\"https:\\\/\\\/shop.bantam.ch\\\/fr\\\/produit\\\/appareil-germicide-uv-12-avec-lampe-dimmersion\\\/\",\"name\":\"Appareil germicide UV 12 - Bantam Wankm\u00fcller SA\",\"isPartOf\":{\"@id\":\"https:\\\/\\\/shop.bantam.ch\\\/fr\\\/#website\"},\"primaryImageOfPage\":{\"@id\":\"https:\\\/\\\/shop.bantam.ch\\\/fr\\\/produit\\\/appareil-germicide-uv-12-avec-lampe-dimmersion\\\/#primaryimage\"},\"image\":{\"@id\":\"https:\\\/\\\/shop.bantam.ch\\\/fr\\\/produit\\\/appareil-germicide-uv-12-avec-lampe-dimmersion\\\/#primaryimage\"},\"thumbnailUrl\":\"https:\\\/\\\/shop.bantam.ch\\\/wp-content\\\/uploads\\\/2023\\\/02\\\/9945840-UV-12_Entkeimungsgeraet-Standard-01-2.jpg\",\"datePublished\":\"2023-02-22T17:14:57+00:00\",\"dateModified\":\"2026-04-18T18:35:51+00:00\",\"breadcrumb\":{\"@id\":\"https:\\\/\\\/shop.bantam.ch\\\/fr\\\/produit\\\/appareil-germicide-uv-12-avec-lampe-dimmersion\\\/#breadcrumb\"},\"inLanguage\":\"fr-FR\",\"potentialAction\":[{\"@type\":\"ReadAction\",\"target\":[\"https:\\\/\\\/shop.bantam.ch\\\/fr\\\/produit\\\/appareil-germicide-uv-12-avec-lampe-dimmersion\\\/\"]}]},{\"@type\":\"ImageObject\",\"inLanguage\":\"fr-FR\",\"@id\":\"https:\\\/\\\/shop.bantam.ch\\\/fr\\\/produit\\\/appareil-germicide-uv-12-avec-lampe-dimmersion\\\/#primaryimage\",\"url\":\"https:\\\/\\\/shop.bantam.ch\\\/wp-content\\\/uploads\\\/2023\\\/02\\\/9945840-UV-12_Entkeimungsgeraet-Standard-01-2.jpg\",\"contentUrl\":\"https:\\\/\\\/shop.bantam.ch\\\/wp-content\\\/uploads\\\/2023\\\/02\\\/9945840-UV-12_Entkeimungsgeraet-Standard-01-2.jpg\",\"width\":1000,\"height\":782},{\"@type\":\"BreadcrumbList\",\"@id\":\"https:\\\/\\\/shop.bantam.ch\\\/fr\\\/produit\\\/appareil-germicide-uv-12-avec-lampe-dimmersion\\\/#breadcrumb\",\"itemListElement\":[{\"@type\":\"ListItem\",\"position\":1,\"name\":\"Accueil\",\"item\":\"https:\\\/\\\/shop.bantam.ch\\\/fr\\\/\"},{\"@type\":\"ListItem\",\"position\":2,\"name\":\"Boutique\",\"item\":\"https:\\\/\\\/shop.bantam.ch\\\/fr\\\/boutique\\\/\"},{\"@type\":\"ListItem\",\"position\":3,\"name\":\"Appareil germicide UV 12\"}]},{\"@type\":\"WebSite\",\"@id\":\"https:\\\/\\\/shop.bantam.ch\\\/fr\\\/#website\",\"url\":\"https:\\\/\\\/shop.bantam.ch\\\/fr\\\/\",\"name\":\"Bantam Wankm\u00fcller SA\",\"description\":\"\",\"publisher\":{\"@id\":\"https:\\\/\\\/shop.bantam.ch\\\/fr\\\/#organization\"},\"inLanguage\":\"fr-FR\"},{\"@type\":\"Organization\",\"@id\":\"https:\\\/\\\/shop.bantam.ch\\\/fr\\\/#organization\",\"name\":\"Bantam Wankm\u00fcller SA\",\"url\":\"https:\\\/\\\/shop.bantam.ch\\\/fr\\\/\",\"logo\":{\"@type\":\"ImageObject\",\"inLanguage\":\"fr-FR\",\"@id\":\"https:\\\/\\\/shop.bantam.ch\\\/fr\\\/#\\\/schema\\\/logo\\\/image\\\/\",\"url\":\"https:\\\/\\\/shop.bantam.ch\\\/wp-content\\\/uploads\\\/2022\\\/12\\\/bantam-logo.png\",\"contentUrl\":\"https:\\\/\\\/shop.bantam.ch\\\/wp-content\\\/uploads\\\/2022\\\/12\\\/bantam-logo.png\",\"width\":320,\"height\":71,\"caption\":\"Bantam Wankm\u00fcller SA\"},\"image\":{\"@id\":\"https:\\\/\\\/shop.bantam.ch\\\/fr\\\/#\\\/schema\\\/logo\\\/image\\\/\"}}]}<\/script>\n<!-- \/ Yoast SEO plugin. -->","yoast_head_json":{"title":"Appareil germicide UV 12 - Bantam Wankm\u00fcller SA","robots":{"index":"index","follow":"follow","max-snippet":"max-snippet:-1","max-image-preview":"max-image-preview:large","max-video-preview":"max-video-preview:-1"},"canonical":"https:\/\/shop.bantam.ch\/fr\/produit\/appareil-germicide-uv-12-avec-lampe-dimmersion\/","og_locale":"fr_FR","og_type":"article","og_title":"Appareil germicide UV 12 - Bantam Wankm\u00fcller SA","og_description":"Le stockage de l&rsquo;eau potable entra\u00eene la germination en quelques jours. Des bact\u00e9ries se forment et nuisent \u00e0 votre sant\u00e9. Les meilleures contre-mesures sont les lampes UV dont l&rsquo;effet est bas\u00e9 sur la destruction de la transmission de l&rsquo;information g\u00e9n\u00e9tique pendant la division cellulaire. Cons\u00e9quence : les bact\u00e9ries meurent. La lampe d&rsquo;immersion REICH UV12 suit [&hellip;]","og_url":"https:\/\/shop.bantam.ch\/fr\/produit\/appareil-germicide-uv-12-avec-lampe-dimmersion\/","og_site_name":"Bantam Wankm\u00fcller SA","article_modified_time":"2026-04-18T18:35:51+00:00","og_image":[{"width":1000,"height":782,"url":"https:\/\/shop.bantam.ch\/wp-content\/uploads\/2023\/02\/9945840-UV-12_Entkeimungsgeraet-Standard-01-2.jpg","type":"image\/jpeg"}],"twitter_card":"summary_large_image","twitter_misc":{"Dur\u00e9e de lecture estim\u00e9e":"2 minutes"},"schema":{"@context":"https:\/\/schema.org","@graph":[{"@type":"WebPage","@id":"https:\/\/shop.bantam.ch\/fr\/produit\/appareil-germicide-uv-12-avec-lampe-dimmersion\/","url":"https:\/\/shop.bantam.ch\/fr\/produit\/appareil-germicide-uv-12-avec-lampe-dimmersion\/","name":"Appareil germicide UV 12 - Bantam Wankm\u00fcller SA","isPartOf":{"@id":"https:\/\/shop.bantam.ch\/fr\/#website"},"primaryImageOfPage":{"@id":"https:\/\/shop.bantam.ch\/fr\/produit\/appareil-germicide-uv-12-avec-lampe-dimmersion\/#primaryimage"},"image":{"@id":"https:\/\/shop.bantam.ch\/fr\/produit\/appareil-germicide-uv-12-avec-lampe-dimmersion\/#primaryimage"},"thumbnailUrl":"https:\/\/shop.bantam.ch\/wp-content\/uploads\/2023\/02\/9945840-UV-12_Entkeimungsgeraet-Standard-01-2.jpg","datePublished":"2023-02-22T17:14:57+00:00","dateModified":"2026-04-18T18:35:51+00:00","breadcrumb":{"@id":"https:\/\/shop.bantam.ch\/fr\/produit\/appareil-germicide-uv-12-avec-lampe-dimmersion\/#breadcrumb"},"inLanguage":"fr-FR","potentialAction":[{"@type":"ReadAction","target":["https:\/\/shop.bantam.ch\/fr\/produit\/appareil-germicide-uv-12-avec-lampe-dimmersion\/"]}]},{"@type":"ImageObject","inLanguage":"fr-FR","@id":"https:\/\/shop.bantam.ch\/fr\/produit\/appareil-germicide-uv-12-avec-lampe-dimmersion\/#primaryimage","url":"https:\/\/shop.bantam.ch\/wp-content\/uploads\/2023\/02\/9945840-UV-12_Entkeimungsgeraet-Standard-01-2.jpg","contentUrl":"https:\/\/shop.bantam.ch\/wp-content\/uploads\/2023\/02\/9945840-UV-12_Entkeimungsgeraet-Standard-01-2.jpg","width":1000,"height":782},{"@type":"BreadcrumbList","@id":"https:\/\/shop.bantam.ch\/fr\/produit\/appareil-germicide-uv-12-avec-lampe-dimmersion\/#breadcrumb","itemListElement":[{"@type":"ListItem","position":1,"name":"Accueil","item":"https:\/\/shop.bantam.ch\/fr\/"},{"@type":"ListItem","position":2,"name":"Boutique","item":"https:\/\/shop.bantam.ch\/fr\/boutique\/"},{"@type":"ListItem","position":3,"name":"Appareil germicide UV 12"}]},{"@type":"WebSite","@id":"https:\/\/shop.bantam.ch\/fr\/#website","url":"https:\/\/shop.bantam.ch\/fr\/","name":"Bantam Wankm\u00fcller SA","description":"","publisher":{"@id":"https:\/\/shop.bantam.ch\/fr\/#organization"},"inLanguage":"fr-FR"},{"@type":"Organization","@id":"https:\/\/shop.bantam.ch\/fr\/#organization","name":"Bantam Wankm\u00fcller SA","url":"https:\/\/shop.bantam.ch\/fr\/","logo":{"@type":"ImageObject","inLanguage":"fr-FR","@id":"https:\/\/shop.bantam.ch\/fr\/#\/schema\/logo\/image\/","url":"https:\/\/shop.bantam.ch\/wp-content\/uploads\/2022\/12\/bantam-logo.png","contentUrl":"https:\/\/shop.bantam.ch\/wp-content\/uploads\/2022\/12\/bantam-logo.png","width":320,"height":71,"caption":"Bantam Wankm\u00fcller SA"},"image":{"@id":"https:\/\/shop.bantam.ch\/fr\/#\/schema\/logo\/image\/"}}]}},"_links":{"self":[{"href":"https:\/\/shop.bantam.ch\/fr\/wp-json\/wp\/v2\/product\/32047","targetHints":{"allow":["GET"]}}],"collection":[{"href":"https:\/\/shop.bantam.ch\/fr\/wp-json\/wp\/v2\/product"}],"about":[{"href":"https:\/\/shop.bantam.ch\/fr\/wp-json\/wp\/v2\/types\/product"}],"wp:featuredmedia":[{"embeddable":true,"href":"https:\/\/shop.bantam.ch\/fr\/wp-json\/wp\/v2\/media\/32045"}],"wp:attachment":[{"href":"https:\/\/shop.bantam.ch\/fr\/wp-json\/wp\/v2\/media?parent=32047"}],"wp:term":[{"taxonomy":"product_featured_cat","embeddable":true,"href":"https:\/\/shop.bantam.ch\/fr\/wp-json\/wp\/v2\/product_featured_cat?post=32047"},{"taxonomy":"product_brand","embeddable":true,"href":"https:\/\/shop.bantam.ch\/fr\/wp-json\/wp\/v2\/product_brand?post=32047"},{"taxonomy":"product_cat","embeddable":true,"href":"https:\/\/shop.bantam.ch\/fr\/wp-json\/wp\/v2\/product_cat?post=32047"},{"taxonomy":"product_tag","embeddable":true,"href":"https:\/\/shop.bantam.ch\/fr\/wp-json\/wp\/v2\/product_tag?post=32047"}],"curies":[{"name":"wp","href":"https:\/\/api.w.org\/{rel}","templated":true}]}}