{"id":32031,"date":"2023-02-22T18:14:35","date_gmt":"2023-02-22T17:14:35","guid":{"rendered":"http:\/\/preprod-dev.sh1.hidora.com\/webshop\/produit\/chauffe-eau-basse-pression-kb-6\/"},"modified":"2026-04-18T20:39:22","modified_gmt":"2026-04-18T18:39:22","slug":"chauffe-eau-basse-pression-kb-6","status":"publish","type":"product","link":"https:\/\/shop.bantam.ch\/fr\/produit\/chauffe-eau-basse-pression-kb-6\/","title":{"rendered":"Chauffe-eau basse pression KB\u00a06"},"content":{"rendered":"<p>Les chauffe-eaux Elgena KB 6 sont sp\u00e9cialement con\u00e7us pour une installation dans les v\u00e9hicules mobiles tels que les caravanes ou les v\u00e9hicules commerciaux. Leur conception permet une utilisation partout o\u00f9 l\u2018espace est r\u00e9duit et o\u00f9 la puissance \u00e9lectrique et la protection par fusibles sont faibles.  Les chauffe-eaux basse pression peuvent \u00eatre raccord\u00e9s par un tuyau \u00e0 une pompe \u00e0 immersion sans clapet anti-retour ou tout autre syst\u00e8me hydraulique avec une robinetterie adapt\u00e9e. Lors de l\u2018utilisation d\u2018une pompe \u00e0 eau sous pression, les appareils peuvent \u00eatre connect\u00e9s uniquement avec une robinetterie basse pression.<br \/>Temp\u00e9rature de chauffe d\u2018env. 30 \u00e0 80 \u00b0C, \u00e0 pleine puissance miscible avec env. 3 fois la quantit\u00e9, faible consommation \u00e9lectrique, chauffe rapide avec bonne isolation. Les chaudi\u00e8res sont en plastique de grande qualit\u00e9, r\u00e9sistantes \u00e0 la chaleur et \u00e0 la corrosion.<\/p>\n<p>Contenu de la livraison : <br \/>Arceau de fixation inclus.<\/p>\n","protected":false},"excerpt":{"rendered":"<p>Les chauffe-eaux Elgena KB 6 sont sp\u00e9cialement con\u00e7us pour une installation dans les v\u00e9hicules mobiles tels que les caravanes ou les v\u00e9hicules commerciaux. Leur conception permet une utilisation partout o\u00f9 l\u2018espace est r\u00e9duit et o\u00f9 la puissance \u00e9lectrique et la protection par fusibles sont faibles. Les chauffe-eaux basse pression peuvent \u00eatre raccord\u00e9s par un tuyau [&hellip;]<\/p>\n","protected":false},"featured_media":32025,"template":"","meta":{"_acf_changed":false},"product_featured_cat":[],"product_brand":[3192],"product_cat":[4587],"product_tag":[],"class_list":{"0":"post-32031","1":"product","2":"type-product","3":"status-publish","4":"has-post-thumbnail","6":"product_brand-elgena","7":"product_cat-chauffe-eau-electrique","9":"first","10":"instock","11":"taxable","12":"shipping-taxable","13":"purchasable","14":"product-type-variable"},"acf":[],"yoast_head":"<!-- This site is optimized with the Yoast SEO plugin v27.4 - https:\/\/yoast.com\/product\/yoast-seo-wordpress\/ -->\n<title>Chauffe-eau basse pression KB\u00a06 - Bantam Wankm\u00fcller SA<\/title>\n<meta name=\"robots\" content=\"index, follow, max-snippet:-1, max-image-preview:large, max-video-preview:-1\" \/>\n<link rel=\"canonical\" href=\"https:\/\/shop.bantam.ch\/fr\/produit\/chauffe-eau-basse-pression-kb-6\/\" \/>\n<meta property=\"og:locale\" content=\"fr_FR\" \/>\n<meta property=\"og:type\" content=\"article\" \/>\n<meta property=\"og:title\" content=\"Chauffe-eau basse pression KB\u00a06 - Bantam Wankm\u00fcller SA\" \/>\n<meta property=\"og:description\" content=\"Les chauffe-eaux Elgena KB 6 sont sp\u00e9cialement con\u00e7us pour une installation dans les v\u00e9hicules mobiles tels que les caravanes ou les v\u00e9hicules commerciaux. Leur conception permet une utilisation partout o\u00f9 l\u2018espace est r\u00e9duit et o\u00f9 la puissance \u00e9lectrique et la protection par fusibles sont faibles. Les chauffe-eaux basse pression peuvent \u00eatre raccord\u00e9s par un tuyau [&hellip;]\" \/>\n<meta property=\"og:url\" content=\"https:\/\/shop.bantam.ch\/fr\/produit\/chauffe-eau-basse-pression-kb-6\/\" \/>\n<meta property=\"og:site_name\" content=\"Bantam Wankm\u00fcller SA\" \/>\n<meta property=\"article:modified_time\" content=\"2026-04-18T18:39:22+00:00\" \/>\n<meta property=\"og:image\" content=\"https:\/\/shop.bantam.ch\/wp-content\/uploads\/2023\/02\/9947550-ELGENA-Kleinboiler_6_l_230V_66-Standard-01-4.jpg\" \/>\n\t<meta property=\"og:image:width\" content=\"1000\" \/>\n\t<meta property=\"og:image:height\" content=\"885\" \/>\n\t<meta property=\"og:image:type\" content=\"image\/jpeg\" \/>\n<meta name=\"twitter:card\" content=\"summary_large_image\" \/>\n<meta name=\"twitter:label1\" content=\"Dur\u00e9e de lecture estim\u00e9e\" \/>\n\t<meta name=\"twitter:data1\" content=\"1 minute\" \/>\n<script type=\"application\/ld+json\" class=\"yoast-schema-graph\">{\"@context\":\"https:\\\/\\\/schema.org\",\"@graph\":[{\"@type\":\"WebPage\",\"@id\":\"https:\\\/\\\/shop.bantam.ch\\\/fr\\\/produit\\\/chauffe-eau-basse-pression-kb-6\\\/\",\"url\":\"https:\\\/\\\/shop.bantam.ch\\\/fr\\\/produit\\\/chauffe-eau-basse-pression-kb-6\\\/\",\"name\":\"Chauffe-eau basse pression KB\u00a06 - Bantam Wankm\u00fcller SA\",\"isPartOf\":{\"@id\":\"https:\\\/\\\/shop.bantam.ch\\\/fr\\\/#website\"},\"primaryImageOfPage\":{\"@id\":\"https:\\\/\\\/shop.bantam.ch\\\/fr\\\/produit\\\/chauffe-eau-basse-pression-kb-6\\\/#primaryimage\"},\"image\":{\"@id\":\"https:\\\/\\\/shop.bantam.ch\\\/fr\\\/produit\\\/chauffe-eau-basse-pression-kb-6\\\/#primaryimage\"},\"thumbnailUrl\":\"https:\\\/\\\/shop.bantam.ch\\\/wp-content\\\/uploads\\\/2023\\\/02\\\/9947550-ELGENA-Kleinboiler_6_l_230V_66-Standard-01-4.jpg\",\"datePublished\":\"2023-02-22T17:14:35+00:00\",\"dateModified\":\"2026-04-18T18:39:22+00:00\",\"breadcrumb\":{\"@id\":\"https:\\\/\\\/shop.bantam.ch\\\/fr\\\/produit\\\/chauffe-eau-basse-pression-kb-6\\\/#breadcrumb\"},\"inLanguage\":\"fr-FR\",\"potentialAction\":[{\"@type\":\"ReadAction\",\"target\":[\"https:\\\/\\\/shop.bantam.ch\\\/fr\\\/produit\\\/chauffe-eau-basse-pression-kb-6\\\/\"]}]},{\"@type\":\"ImageObject\",\"inLanguage\":\"fr-FR\",\"@id\":\"https:\\\/\\\/shop.bantam.ch\\\/fr\\\/produit\\\/chauffe-eau-basse-pression-kb-6\\\/#primaryimage\",\"url\":\"https:\\\/\\\/shop.bantam.ch\\\/wp-content\\\/uploads\\\/2023\\\/02\\\/9947550-ELGENA-Kleinboiler_6_l_230V_66-Standard-01-4.jpg\",\"contentUrl\":\"https:\\\/\\\/shop.bantam.ch\\\/wp-content\\\/uploads\\\/2023\\\/02\\\/9947550-ELGENA-Kleinboiler_6_l_230V_66-Standard-01-4.jpg\",\"width\":1000,\"height\":885},{\"@type\":\"BreadcrumbList\",\"@id\":\"https:\\\/\\\/shop.bantam.ch\\\/fr\\\/produit\\\/chauffe-eau-basse-pression-kb-6\\\/#breadcrumb\",\"itemListElement\":[{\"@type\":\"ListItem\",\"position\":1,\"name\":\"Accueil\",\"item\":\"https:\\\/\\\/shop.bantam.ch\\\/fr\\\/\"},{\"@type\":\"ListItem\",\"position\":2,\"name\":\"Boutique\",\"item\":\"https:\\\/\\\/shop.bantam.ch\\\/fr\\\/boutique\\\/\"},{\"@type\":\"ListItem\",\"position\":3,\"name\":\"Chauffe-eau basse pression KB\u00a06\"}]},{\"@type\":\"WebSite\",\"@id\":\"https:\\\/\\\/shop.bantam.ch\\\/fr\\\/#website\",\"url\":\"https:\\\/\\\/shop.bantam.ch\\\/fr\\\/\",\"name\":\"Bantam Wankm\u00fcller SA\",\"description\":\"\",\"publisher\":{\"@id\":\"https:\\\/\\\/shop.bantam.ch\\\/fr\\\/#organization\"},\"inLanguage\":\"fr-FR\"},{\"@type\":\"Organization\",\"@id\":\"https:\\\/\\\/shop.bantam.ch\\\/fr\\\/#organization\",\"name\":\"Bantam Wankm\u00fcller SA\",\"url\":\"https:\\\/\\\/shop.bantam.ch\\\/fr\\\/\",\"logo\":{\"@type\":\"ImageObject\",\"inLanguage\":\"fr-FR\",\"@id\":\"https:\\\/\\\/shop.bantam.ch\\\/fr\\\/#\\\/schema\\\/logo\\\/image\\\/\",\"url\":\"https:\\\/\\\/shop.bantam.ch\\\/wp-content\\\/uploads\\\/2022\\\/12\\\/bantam-logo.png\",\"contentUrl\":\"https:\\\/\\\/shop.bantam.ch\\\/wp-content\\\/uploads\\\/2022\\\/12\\\/bantam-logo.png\",\"width\":320,\"height\":71,\"caption\":\"Bantam Wankm\u00fcller SA\"},\"image\":{\"@id\":\"https:\\\/\\\/shop.bantam.ch\\\/fr\\\/#\\\/schema\\\/logo\\\/image\\\/\"}}]}<\/script>\n<!-- \/ Yoast SEO plugin. -->","yoast_head_json":{"title":"Chauffe-eau basse pression KB\u00a06 - Bantam Wankm\u00fcller SA","robots":{"index":"index","follow":"follow","max-snippet":"max-snippet:-1","max-image-preview":"max-image-preview:large","max-video-preview":"max-video-preview:-1"},"canonical":"https:\/\/shop.bantam.ch\/fr\/produit\/chauffe-eau-basse-pression-kb-6\/","og_locale":"fr_FR","og_type":"article","og_title":"Chauffe-eau basse pression KB\u00a06 - Bantam Wankm\u00fcller SA","og_description":"Les chauffe-eaux Elgena KB 6 sont sp\u00e9cialement con\u00e7us pour une installation dans les v\u00e9hicules mobiles tels que les caravanes ou les v\u00e9hicules commerciaux. Leur conception permet une utilisation partout o\u00f9 l\u2018espace est r\u00e9duit et o\u00f9 la puissance \u00e9lectrique et la protection par fusibles sont faibles. Les chauffe-eaux basse pression peuvent \u00eatre raccord\u00e9s par un tuyau [&hellip;]","og_url":"https:\/\/shop.bantam.ch\/fr\/produit\/chauffe-eau-basse-pression-kb-6\/","og_site_name":"Bantam Wankm\u00fcller SA","article_modified_time":"2026-04-18T18:39:22+00:00","og_image":[{"width":1000,"height":885,"url":"https:\/\/shop.bantam.ch\/wp-content\/uploads\/2023\/02\/9947550-ELGENA-Kleinboiler_6_l_230V_66-Standard-01-4.jpg","type":"image\/jpeg"}],"twitter_card":"summary_large_image","twitter_misc":{"Dur\u00e9e de lecture estim\u00e9e":"1 minute"},"schema":{"@context":"https:\/\/schema.org","@graph":[{"@type":"WebPage","@id":"https:\/\/shop.bantam.ch\/fr\/produit\/chauffe-eau-basse-pression-kb-6\/","url":"https:\/\/shop.bantam.ch\/fr\/produit\/chauffe-eau-basse-pression-kb-6\/","name":"Chauffe-eau basse pression KB\u00a06 - Bantam Wankm\u00fcller SA","isPartOf":{"@id":"https:\/\/shop.bantam.ch\/fr\/#website"},"primaryImageOfPage":{"@id":"https:\/\/shop.bantam.ch\/fr\/produit\/chauffe-eau-basse-pression-kb-6\/#primaryimage"},"image":{"@id":"https:\/\/shop.bantam.ch\/fr\/produit\/chauffe-eau-basse-pression-kb-6\/#primaryimage"},"thumbnailUrl":"https:\/\/shop.bantam.ch\/wp-content\/uploads\/2023\/02\/9947550-ELGENA-Kleinboiler_6_l_230V_66-Standard-01-4.jpg","datePublished":"2023-02-22T17:14:35+00:00","dateModified":"2026-04-18T18:39:22+00:00","breadcrumb":{"@id":"https:\/\/shop.bantam.ch\/fr\/produit\/chauffe-eau-basse-pression-kb-6\/#breadcrumb"},"inLanguage":"fr-FR","potentialAction":[{"@type":"ReadAction","target":["https:\/\/shop.bantam.ch\/fr\/produit\/chauffe-eau-basse-pression-kb-6\/"]}]},{"@type":"ImageObject","inLanguage":"fr-FR","@id":"https:\/\/shop.bantam.ch\/fr\/produit\/chauffe-eau-basse-pression-kb-6\/#primaryimage","url":"https:\/\/shop.bantam.ch\/wp-content\/uploads\/2023\/02\/9947550-ELGENA-Kleinboiler_6_l_230V_66-Standard-01-4.jpg","contentUrl":"https:\/\/shop.bantam.ch\/wp-content\/uploads\/2023\/02\/9947550-ELGENA-Kleinboiler_6_l_230V_66-Standard-01-4.jpg","width":1000,"height":885},{"@type":"BreadcrumbList","@id":"https:\/\/shop.bantam.ch\/fr\/produit\/chauffe-eau-basse-pression-kb-6\/#breadcrumb","itemListElement":[{"@type":"ListItem","position":1,"name":"Accueil","item":"https:\/\/shop.bantam.ch\/fr\/"},{"@type":"ListItem","position":2,"name":"Boutique","item":"https:\/\/shop.bantam.ch\/fr\/boutique\/"},{"@type":"ListItem","position":3,"name":"Chauffe-eau basse pression KB\u00a06"}]},{"@type":"WebSite","@id":"https:\/\/shop.bantam.ch\/fr\/#website","url":"https:\/\/shop.bantam.ch\/fr\/","name":"Bantam Wankm\u00fcller SA","description":"","publisher":{"@id":"https:\/\/shop.bantam.ch\/fr\/#organization"},"inLanguage":"fr-FR"},{"@type":"Organization","@id":"https:\/\/shop.bantam.ch\/fr\/#organization","name":"Bantam Wankm\u00fcller SA","url":"https:\/\/shop.bantam.ch\/fr\/","logo":{"@type":"ImageObject","inLanguage":"fr-FR","@id":"https:\/\/shop.bantam.ch\/fr\/#\/schema\/logo\/image\/","url":"https:\/\/shop.bantam.ch\/wp-content\/uploads\/2022\/12\/bantam-logo.png","contentUrl":"https:\/\/shop.bantam.ch\/wp-content\/uploads\/2022\/12\/bantam-logo.png","width":320,"height":71,"caption":"Bantam Wankm\u00fcller SA"},"image":{"@id":"https:\/\/shop.bantam.ch\/fr\/#\/schema\/logo\/image\/"}}]}},"_links":{"self":[{"href":"https:\/\/shop.bantam.ch\/fr\/wp-json\/wp\/v2\/product\/32031","targetHints":{"allow":["GET"]}}],"collection":[{"href":"https:\/\/shop.bantam.ch\/fr\/wp-json\/wp\/v2\/product"}],"about":[{"href":"https:\/\/shop.bantam.ch\/fr\/wp-json\/wp\/v2\/types\/product"}],"wp:featuredmedia":[{"embeddable":true,"href":"https:\/\/shop.bantam.ch\/fr\/wp-json\/wp\/v2\/media\/32025"}],"wp:attachment":[{"href":"https:\/\/shop.bantam.ch\/fr\/wp-json\/wp\/v2\/media?parent=32031"}],"wp:term":[{"taxonomy":"product_featured_cat","embeddable":true,"href":"https:\/\/shop.bantam.ch\/fr\/wp-json\/wp\/v2\/product_featured_cat?post=32031"},{"taxonomy":"product_brand","embeddable":true,"href":"https:\/\/shop.bantam.ch\/fr\/wp-json\/wp\/v2\/product_brand?post=32031"},{"taxonomy":"product_cat","embeddable":true,"href":"https:\/\/shop.bantam.ch\/fr\/wp-json\/wp\/v2\/product_cat?post=32031"},{"taxonomy":"product_tag","embeddable":true,"href":"https:\/\/shop.bantam.ch\/fr\/wp-json\/wp\/v2\/product_tag?post=32031"}],"curies":[{"name":"wp","href":"https:\/\/api.w.org\/{rel}","templated":true}]}}