{"id":31991,"date":"2023-02-22T18:13:49","date_gmt":"2023-02-22T17:13:49","guid":{"rendered":"http:\/\/preprod-dev.sh1.hidora.com\/webshop\/produit\/fermeture-din-96-avec-bande-de-support\/"},"modified":"2026-04-17T20:35:36","modified_gmt":"2026-04-17T18:35:36","slug":"fermeture-din-96-avec-bande-de-support","status":"publish","type":"product","link":"https:\/\/shop.bantam.ch\/fr\/produit\/fermeture-din-96-avec-bande-de-support\/","title":{"rendered":"Bouchon DIN 96 avec ruban de support"},"content":{"rendered":"<p>Fermeture DIN 96 avec bande de support pour tous les bidons \u00e0 ouverture large DIN 96. Prot\u00e8ge le bouchon contre les fuites et sert en m\u00eame temps de cl\u00e9 pour les bouchons du bidon si l\u2019on retire la bande de support.\u00a0<\/p>\n<p>Dimension de montage \/ Profondeur de montage 62 x 29 mm \/ 14 mm<\/p>\n","protected":false},"excerpt":{"rendered":"<p>Fermeture DIN 96 avec bande de support pour tous les bidons \u00e0 ouverture large DIN 96. Prot\u00e8ge le bouchon contre les fuites et sert en m\u00eame temps de cl\u00e9 pour les bouchons du bidon si l\u2019on retire la bande de support.\u00a0 Dimension de montage \/ Profondeur de montage 62 x 29 mm \/ 14 mm<\/p>\n","protected":false},"featured_media":31987,"template":"","meta":{"_acf_changed":false},"product_featured_cat":[],"product_brand":[3110],"product_cat":[4623],"product_tag":[],"class_list":{"0":"post-31991","1":"product","2":"type-product","3":"status-publish","4":"has-post-thumbnail","6":"product_brand-comet","7":"product_cat-accessoires-de-reservoir","9":"first","10":"instock","11":"taxable","12":"shipping-taxable","13":"purchasable","14":"product-type-simple"},"acf":[],"yoast_head":"<!-- This site is optimized with the Yoast SEO plugin v27.4 - https:\/\/yoast.com\/product\/yoast-seo-wordpress\/ -->\n<title>Bouchon DIN 96 avec ruban de support - Bantam Wankm\u00fcller SA<\/title>\n<meta name=\"robots\" content=\"index, follow, max-snippet:-1, max-image-preview:large, max-video-preview:-1\" \/>\n<link rel=\"canonical\" href=\"https:\/\/shop.bantam.ch\/fr\/produit\/fermeture-din-96-avec-bande-de-support\/\" \/>\n<meta property=\"og:locale\" content=\"fr_FR\" \/>\n<meta property=\"og:type\" content=\"article\" \/>\n<meta property=\"og:title\" content=\"Bouchon DIN 96 avec ruban de support - Bantam Wankm\u00fcller SA\" \/>\n<meta property=\"og:description\" content=\"Fermeture DIN 96 avec bande de support pour tous les bidons \u00e0 ouverture large DIN 96. Prot\u00e8ge le bouchon contre les fuites et sert en m\u00eame temps de cl\u00e9 pour les bouchons du bidon si l\u2019on retire la bande de support.\u00a0 Dimension de montage \/ Profondeur de montage 62 x 29 mm \/ 14 mm\" \/>\n<meta property=\"og:url\" content=\"https:\/\/shop.bantam.ch\/fr\/produit\/fermeture-din-96-avec-bande-de-support\/\" \/>\n<meta property=\"og:site_name\" content=\"Bantam Wankm\u00fcller SA\" \/>\n<meta property=\"article:modified_time\" content=\"2026-04-17T18:35:36+00:00\" \/>\n<meta property=\"og:image\" content=\"https:\/\/shop.bantam.ch\/wp-content\/uploads\/2023\/02\/9943703-Verschluss_DIN_96_mit_Halteband_blau-Standard-01-2.jpg\" \/>\n\t<meta property=\"og:image:width\" content=\"1000\" \/>\n\t<meta property=\"og:image:height\" content=\"894\" \/>\n\t<meta property=\"og:image:type\" content=\"image\/jpeg\" \/>\n<meta name=\"twitter:card\" content=\"summary_large_image\" \/>\n<script type=\"application\/ld+json\" class=\"yoast-schema-graph\">{\"@context\":\"https:\\\/\\\/schema.org\",\"@graph\":[{\"@type\":\"WebPage\",\"@id\":\"https:\\\/\\\/shop.bantam.ch\\\/fr\\\/produit\\\/fermeture-din-96-avec-bande-de-support\\\/\",\"url\":\"https:\\\/\\\/shop.bantam.ch\\\/fr\\\/produit\\\/fermeture-din-96-avec-bande-de-support\\\/\",\"name\":\"Bouchon DIN 96 avec ruban de support - Bantam Wankm\u00fcller SA\",\"isPartOf\":{\"@id\":\"https:\\\/\\\/shop.bantam.ch\\\/fr\\\/#website\"},\"primaryImageOfPage\":{\"@id\":\"https:\\\/\\\/shop.bantam.ch\\\/fr\\\/produit\\\/fermeture-din-96-avec-bande-de-support\\\/#primaryimage\"},\"image\":{\"@id\":\"https:\\\/\\\/shop.bantam.ch\\\/fr\\\/produit\\\/fermeture-din-96-avec-bande-de-support\\\/#primaryimage\"},\"thumbnailUrl\":\"https:\\\/\\\/shop.bantam.ch\\\/wp-content\\\/uploads\\\/2023\\\/02\\\/9943703-Verschluss_DIN_96_mit_Halteband_blau-Standard-01-2.jpg\",\"datePublished\":\"2023-02-22T17:13:49+00:00\",\"dateModified\":\"2026-04-17T18:35:36+00:00\",\"breadcrumb\":{\"@id\":\"https:\\\/\\\/shop.bantam.ch\\\/fr\\\/produit\\\/fermeture-din-96-avec-bande-de-support\\\/#breadcrumb\"},\"inLanguage\":\"fr-FR\",\"potentialAction\":[{\"@type\":\"ReadAction\",\"target\":[\"https:\\\/\\\/shop.bantam.ch\\\/fr\\\/produit\\\/fermeture-din-96-avec-bande-de-support\\\/\"]}]},{\"@type\":\"ImageObject\",\"inLanguage\":\"fr-FR\",\"@id\":\"https:\\\/\\\/shop.bantam.ch\\\/fr\\\/produit\\\/fermeture-din-96-avec-bande-de-support\\\/#primaryimage\",\"url\":\"https:\\\/\\\/shop.bantam.ch\\\/wp-content\\\/uploads\\\/2023\\\/02\\\/9943703-Verschluss_DIN_96_mit_Halteband_blau-Standard-01-2.jpg\",\"contentUrl\":\"https:\\\/\\\/shop.bantam.ch\\\/wp-content\\\/uploads\\\/2023\\\/02\\\/9943703-Verschluss_DIN_96_mit_Halteband_blau-Standard-01-2.jpg\",\"width\":1000,\"height\":894},{\"@type\":\"BreadcrumbList\",\"@id\":\"https:\\\/\\\/shop.bantam.ch\\\/fr\\\/produit\\\/fermeture-din-96-avec-bande-de-support\\\/#breadcrumb\",\"itemListElement\":[{\"@type\":\"ListItem\",\"position\":1,\"name\":\"Accueil\",\"item\":\"https:\\\/\\\/shop.bantam.ch\\\/fr\\\/\"},{\"@type\":\"ListItem\",\"position\":2,\"name\":\"Boutique\",\"item\":\"https:\\\/\\\/shop.bantam.ch\\\/fr\\\/boutique\\\/\"},{\"@type\":\"ListItem\",\"position\":3,\"name\":\"Bouchon DIN 96 avec ruban de support\"}]},{\"@type\":\"WebSite\",\"@id\":\"https:\\\/\\\/shop.bantam.ch\\\/fr\\\/#website\",\"url\":\"https:\\\/\\\/shop.bantam.ch\\\/fr\\\/\",\"name\":\"Bantam Wankm\u00fcller SA\",\"description\":\"\",\"publisher\":{\"@id\":\"https:\\\/\\\/shop.bantam.ch\\\/fr\\\/#organization\"},\"inLanguage\":\"fr-FR\"},{\"@type\":\"Organization\",\"@id\":\"https:\\\/\\\/shop.bantam.ch\\\/fr\\\/#organization\",\"name\":\"Bantam Wankm\u00fcller SA\",\"url\":\"https:\\\/\\\/shop.bantam.ch\\\/fr\\\/\",\"logo\":{\"@type\":\"ImageObject\",\"inLanguage\":\"fr-FR\",\"@id\":\"https:\\\/\\\/shop.bantam.ch\\\/fr\\\/#\\\/schema\\\/logo\\\/image\\\/\",\"url\":\"https:\\\/\\\/shop.bantam.ch\\\/wp-content\\\/uploads\\\/2022\\\/12\\\/bantam-logo.png\",\"contentUrl\":\"https:\\\/\\\/shop.bantam.ch\\\/wp-content\\\/uploads\\\/2022\\\/12\\\/bantam-logo.png\",\"width\":320,\"height\":71,\"caption\":\"Bantam Wankm\u00fcller SA\"},\"image\":{\"@id\":\"https:\\\/\\\/shop.bantam.ch\\\/fr\\\/#\\\/schema\\\/logo\\\/image\\\/\"}}]}<\/script>\n<!-- \/ Yoast SEO plugin. -->","yoast_head_json":{"title":"Bouchon DIN 96 avec ruban de support - Bantam Wankm\u00fcller SA","robots":{"index":"index","follow":"follow","max-snippet":"max-snippet:-1","max-image-preview":"max-image-preview:large","max-video-preview":"max-video-preview:-1"},"canonical":"https:\/\/shop.bantam.ch\/fr\/produit\/fermeture-din-96-avec-bande-de-support\/","og_locale":"fr_FR","og_type":"article","og_title":"Bouchon DIN 96 avec ruban de support - Bantam Wankm\u00fcller SA","og_description":"Fermeture DIN 96 avec bande de support pour tous les bidons \u00e0 ouverture large DIN 96. Prot\u00e8ge le bouchon contre les fuites et sert en m\u00eame temps de cl\u00e9 pour les bouchons du bidon si l\u2019on retire la bande de support.\u00a0 Dimension de montage \/ Profondeur de montage 62 x 29 mm \/ 14 mm","og_url":"https:\/\/shop.bantam.ch\/fr\/produit\/fermeture-din-96-avec-bande-de-support\/","og_site_name":"Bantam Wankm\u00fcller SA","article_modified_time":"2026-04-17T18:35:36+00:00","og_image":[{"width":1000,"height":894,"url":"https:\/\/shop.bantam.ch\/wp-content\/uploads\/2023\/02\/9943703-Verschluss_DIN_96_mit_Halteband_blau-Standard-01-2.jpg","type":"image\/jpeg"}],"twitter_card":"summary_large_image","schema":{"@context":"https:\/\/schema.org","@graph":[{"@type":"WebPage","@id":"https:\/\/shop.bantam.ch\/fr\/produit\/fermeture-din-96-avec-bande-de-support\/","url":"https:\/\/shop.bantam.ch\/fr\/produit\/fermeture-din-96-avec-bande-de-support\/","name":"Bouchon DIN 96 avec ruban de support - Bantam Wankm\u00fcller SA","isPartOf":{"@id":"https:\/\/shop.bantam.ch\/fr\/#website"},"primaryImageOfPage":{"@id":"https:\/\/shop.bantam.ch\/fr\/produit\/fermeture-din-96-avec-bande-de-support\/#primaryimage"},"image":{"@id":"https:\/\/shop.bantam.ch\/fr\/produit\/fermeture-din-96-avec-bande-de-support\/#primaryimage"},"thumbnailUrl":"https:\/\/shop.bantam.ch\/wp-content\/uploads\/2023\/02\/9943703-Verschluss_DIN_96_mit_Halteband_blau-Standard-01-2.jpg","datePublished":"2023-02-22T17:13:49+00:00","dateModified":"2026-04-17T18:35:36+00:00","breadcrumb":{"@id":"https:\/\/shop.bantam.ch\/fr\/produit\/fermeture-din-96-avec-bande-de-support\/#breadcrumb"},"inLanguage":"fr-FR","potentialAction":[{"@type":"ReadAction","target":["https:\/\/shop.bantam.ch\/fr\/produit\/fermeture-din-96-avec-bande-de-support\/"]}]},{"@type":"ImageObject","inLanguage":"fr-FR","@id":"https:\/\/shop.bantam.ch\/fr\/produit\/fermeture-din-96-avec-bande-de-support\/#primaryimage","url":"https:\/\/shop.bantam.ch\/wp-content\/uploads\/2023\/02\/9943703-Verschluss_DIN_96_mit_Halteband_blau-Standard-01-2.jpg","contentUrl":"https:\/\/shop.bantam.ch\/wp-content\/uploads\/2023\/02\/9943703-Verschluss_DIN_96_mit_Halteband_blau-Standard-01-2.jpg","width":1000,"height":894},{"@type":"BreadcrumbList","@id":"https:\/\/shop.bantam.ch\/fr\/produit\/fermeture-din-96-avec-bande-de-support\/#breadcrumb","itemListElement":[{"@type":"ListItem","position":1,"name":"Accueil","item":"https:\/\/shop.bantam.ch\/fr\/"},{"@type":"ListItem","position":2,"name":"Boutique","item":"https:\/\/shop.bantam.ch\/fr\/boutique\/"},{"@type":"ListItem","position":3,"name":"Bouchon DIN 96 avec ruban de support"}]},{"@type":"WebSite","@id":"https:\/\/shop.bantam.ch\/fr\/#website","url":"https:\/\/shop.bantam.ch\/fr\/","name":"Bantam Wankm\u00fcller SA","description":"","publisher":{"@id":"https:\/\/shop.bantam.ch\/fr\/#organization"},"inLanguage":"fr-FR"},{"@type":"Organization","@id":"https:\/\/shop.bantam.ch\/fr\/#organization","name":"Bantam Wankm\u00fcller SA","url":"https:\/\/shop.bantam.ch\/fr\/","logo":{"@type":"ImageObject","inLanguage":"fr-FR","@id":"https:\/\/shop.bantam.ch\/fr\/#\/schema\/logo\/image\/","url":"https:\/\/shop.bantam.ch\/wp-content\/uploads\/2022\/12\/bantam-logo.png","contentUrl":"https:\/\/shop.bantam.ch\/wp-content\/uploads\/2022\/12\/bantam-logo.png","width":320,"height":71,"caption":"Bantam Wankm\u00fcller SA"},"image":{"@id":"https:\/\/shop.bantam.ch\/fr\/#\/schema\/logo\/image\/"}}]}},"_links":{"self":[{"href":"https:\/\/shop.bantam.ch\/fr\/wp-json\/wp\/v2\/product\/31991","targetHints":{"allow":["GET"]}}],"collection":[{"href":"https:\/\/shop.bantam.ch\/fr\/wp-json\/wp\/v2\/product"}],"about":[{"href":"https:\/\/shop.bantam.ch\/fr\/wp-json\/wp\/v2\/types\/product"}],"wp:featuredmedia":[{"embeddable":true,"href":"https:\/\/shop.bantam.ch\/fr\/wp-json\/wp\/v2\/media\/31987"}],"wp:attachment":[{"href":"https:\/\/shop.bantam.ch\/fr\/wp-json\/wp\/v2\/media?parent=31991"}],"wp:term":[{"taxonomy":"product_featured_cat","embeddable":true,"href":"https:\/\/shop.bantam.ch\/fr\/wp-json\/wp\/v2\/product_featured_cat?post=31991"},{"taxonomy":"product_brand","embeddable":true,"href":"https:\/\/shop.bantam.ch\/fr\/wp-json\/wp\/v2\/product_brand?post=31991"},{"taxonomy":"product_cat","embeddable":true,"href":"https:\/\/shop.bantam.ch\/fr\/wp-json\/wp\/v2\/product_cat?post=31991"},{"taxonomy":"product_tag","embeddable":true,"href":"https:\/\/shop.bantam.ch\/fr\/wp-json\/wp\/v2\/product_tag?post=31991"}],"curies":[{"name":"wp","href":"https:\/\/api.w.org\/{rel}","templated":true}]}}