{"id":31921,"date":"2023-02-22T18:12:06","date_gmt":"2023-02-22T17:12:06","guid":{"rendered":"http:\/\/preprod-dev.sh1.hidora.com\/webshop\/produit\/commande-par-application\/"},"modified":"2026-04-17T20:35:15","modified_gmt":"2026-04-17T18:35:15","slug":"commande-par-application","status":"publish","type":"product","link":"https:\/\/shop.bantam.ch\/fr\/produit\/commande-par-application\/","title":{"rendered":"Commande par appli Reich Easydriver"},"content":{"rendered":"<p>La commande par appli easydriver aidera \u00e0 man\u0153uvrer facilement une caravane \u00e0 l&rsquo;avenir via un smartphone. Kit de platine compl\u00e9mentaire pour Ebox easydriver. App Easydriver \u00e0 t\u00e9l\u00e9charger gratuitement sur Apple App Store. Pour tous les mod\u00e8les easydriver \u00e0 partir de 2016. Les mod\u00e8les ant\u00e9rieurs \u00e0 2016 n\u00e9cessitent une mise \u00e0 jour du logiciel de la Ebox.<\/p>\n","protected":false},"excerpt":{"rendered":"<p>La commande par appli easydriver aidera \u00e0 man\u0153uvrer facilement une caravane \u00e0 l&rsquo;avenir via un smartphone. Kit de platine compl\u00e9mentaire pour Ebox easydriver. App Easydriver \u00e0 t\u00e9l\u00e9charger gratuitement sur Apple App Store. Pour tous les mod\u00e8les easydriver \u00e0 partir de 2016. Les mod\u00e8les ant\u00e9rieurs \u00e0 2016 n\u00e9cessitent une mise \u00e0 jour du logiciel de la [&hellip;]<\/p>\n","protected":false},"featured_media":31913,"template":"","meta":{"_acf_changed":false},"product_featured_cat":[],"product_brand":[3132],"product_cat":[5103],"product_tag":[],"class_list":{"0":"post-31921","1":"product","2":"type-product","3":"status-publish","4":"has-post-thumbnail","6":"product_brand-easydriver","7":"product_cat-systemes-electriques-pour-remorques","9":"first","10":"instock","11":"taxable","12":"shipping-taxable","13":"purchasable","14":"product-type-simple"},"acf":[],"yoast_head":"<!-- This site is optimized with the Yoast SEO plugin v27.4 - https:\/\/yoast.com\/product\/yoast-seo-wordpress\/ -->\n<title>Commande par appli Reich Easydriver - Bantam Wankm\u00fcller SA<\/title>\n<meta name=\"robots\" content=\"index, follow, max-snippet:-1, max-image-preview:large, max-video-preview:-1\" \/>\n<link rel=\"canonical\" href=\"https:\/\/shop.bantam.ch\/fr\/produit\/commande-par-application\/\" \/>\n<meta property=\"og:locale\" content=\"fr_FR\" \/>\n<meta property=\"og:type\" content=\"article\" \/>\n<meta property=\"og:title\" content=\"Commande par appli Reich Easydriver - Bantam Wankm\u00fcller SA\" \/>\n<meta property=\"og:description\" content=\"La commande par appli easydriver aidera \u00e0 man\u0153uvrer facilement une caravane \u00e0 l&rsquo;avenir via un smartphone. Kit de platine compl\u00e9mentaire pour Ebox easydriver. App Easydriver \u00e0 t\u00e9l\u00e9charger gratuitement sur Apple App Store. Pour tous les mod\u00e8les easydriver \u00e0 partir de 2016. Les mod\u00e8les ant\u00e9rieurs \u00e0 2016 n\u00e9cessitent une mise \u00e0 jour du logiciel de la [&hellip;]\" \/>\n<meta property=\"og:url\" content=\"https:\/\/shop.bantam.ch\/fr\/produit\/commande-par-application\/\" \/>\n<meta property=\"og:site_name\" content=\"Bantam Wankm\u00fcller SA\" \/>\n<meta property=\"article:modified_time\" content=\"2026-04-17T18:35:15+00:00\" \/>\n<meta property=\"og:image\" content=\"https:\/\/shop.bantam.ch\/wp-content\/uploads\/2023\/02\/9940469-App-Steuerung_easydriver-Standard-01-2.jpg\" \/>\n\t<meta property=\"og:image:width\" content=\"1000\" \/>\n\t<meta property=\"og:image:height\" content=\"1000\" \/>\n\t<meta property=\"og:image:type\" content=\"image\/jpeg\" \/>\n<meta name=\"twitter:card\" content=\"summary_large_image\" \/>\n<script type=\"application\/ld+json\" class=\"yoast-schema-graph\">{\"@context\":\"https:\\\/\\\/schema.org\",\"@graph\":[{\"@type\":\"WebPage\",\"@id\":\"https:\\\/\\\/shop.bantam.ch\\\/fr\\\/produit\\\/commande-par-application\\\/\",\"url\":\"https:\\\/\\\/shop.bantam.ch\\\/fr\\\/produit\\\/commande-par-application\\\/\",\"name\":\"Commande par appli Reich Easydriver - Bantam Wankm\u00fcller SA\",\"isPartOf\":{\"@id\":\"https:\\\/\\\/shop.bantam.ch\\\/fr\\\/#website\"},\"primaryImageOfPage\":{\"@id\":\"https:\\\/\\\/shop.bantam.ch\\\/fr\\\/produit\\\/commande-par-application\\\/#primaryimage\"},\"image\":{\"@id\":\"https:\\\/\\\/shop.bantam.ch\\\/fr\\\/produit\\\/commande-par-application\\\/#primaryimage\"},\"thumbnailUrl\":\"https:\\\/\\\/shop.bantam.ch\\\/wp-content\\\/uploads\\\/2023\\\/02\\\/9940469-App-Steuerung_easydriver-Standard-01-2.jpg\",\"datePublished\":\"2023-02-22T17:12:06+00:00\",\"dateModified\":\"2026-04-17T18:35:15+00:00\",\"breadcrumb\":{\"@id\":\"https:\\\/\\\/shop.bantam.ch\\\/fr\\\/produit\\\/commande-par-application\\\/#breadcrumb\"},\"inLanguage\":\"fr-FR\",\"potentialAction\":[{\"@type\":\"ReadAction\",\"target\":[\"https:\\\/\\\/shop.bantam.ch\\\/fr\\\/produit\\\/commande-par-application\\\/\"]}]},{\"@type\":\"ImageObject\",\"inLanguage\":\"fr-FR\",\"@id\":\"https:\\\/\\\/shop.bantam.ch\\\/fr\\\/produit\\\/commande-par-application\\\/#primaryimage\",\"url\":\"https:\\\/\\\/shop.bantam.ch\\\/wp-content\\\/uploads\\\/2023\\\/02\\\/9940469-App-Steuerung_easydriver-Standard-01-2.jpg\",\"contentUrl\":\"https:\\\/\\\/shop.bantam.ch\\\/wp-content\\\/uploads\\\/2023\\\/02\\\/9940469-App-Steuerung_easydriver-Standard-01-2.jpg\",\"width\":1000,\"height\":1000},{\"@type\":\"BreadcrumbList\",\"@id\":\"https:\\\/\\\/shop.bantam.ch\\\/fr\\\/produit\\\/commande-par-application\\\/#breadcrumb\",\"itemListElement\":[{\"@type\":\"ListItem\",\"position\":1,\"name\":\"Accueil\",\"item\":\"https:\\\/\\\/shop.bantam.ch\\\/fr\\\/\"},{\"@type\":\"ListItem\",\"position\":2,\"name\":\"Boutique\",\"item\":\"https:\\\/\\\/shop.bantam.ch\\\/fr\\\/boutique\\\/\"},{\"@type\":\"ListItem\",\"position\":3,\"name\":\"Commande par appli Reich Easydriver\"}]},{\"@type\":\"WebSite\",\"@id\":\"https:\\\/\\\/shop.bantam.ch\\\/fr\\\/#website\",\"url\":\"https:\\\/\\\/shop.bantam.ch\\\/fr\\\/\",\"name\":\"Bantam Wankm\u00fcller SA\",\"description\":\"\",\"publisher\":{\"@id\":\"https:\\\/\\\/shop.bantam.ch\\\/fr\\\/#organization\"},\"inLanguage\":\"fr-FR\"},{\"@type\":\"Organization\",\"@id\":\"https:\\\/\\\/shop.bantam.ch\\\/fr\\\/#organization\",\"name\":\"Bantam Wankm\u00fcller SA\",\"url\":\"https:\\\/\\\/shop.bantam.ch\\\/fr\\\/\",\"logo\":{\"@type\":\"ImageObject\",\"inLanguage\":\"fr-FR\",\"@id\":\"https:\\\/\\\/shop.bantam.ch\\\/fr\\\/#\\\/schema\\\/logo\\\/image\\\/\",\"url\":\"https:\\\/\\\/shop.bantam.ch\\\/wp-content\\\/uploads\\\/2022\\\/12\\\/bantam-logo.png\",\"contentUrl\":\"https:\\\/\\\/shop.bantam.ch\\\/wp-content\\\/uploads\\\/2022\\\/12\\\/bantam-logo.png\",\"width\":320,\"height\":71,\"caption\":\"Bantam Wankm\u00fcller SA\"},\"image\":{\"@id\":\"https:\\\/\\\/shop.bantam.ch\\\/fr\\\/#\\\/schema\\\/logo\\\/image\\\/\"}}]}<\/script>\n<!-- \/ Yoast SEO plugin. -->","yoast_head_json":{"title":"Commande par appli Reich Easydriver - Bantam Wankm\u00fcller SA","robots":{"index":"index","follow":"follow","max-snippet":"max-snippet:-1","max-image-preview":"max-image-preview:large","max-video-preview":"max-video-preview:-1"},"canonical":"https:\/\/shop.bantam.ch\/fr\/produit\/commande-par-application\/","og_locale":"fr_FR","og_type":"article","og_title":"Commande par appli Reich Easydriver - Bantam Wankm\u00fcller SA","og_description":"La commande par appli easydriver aidera \u00e0 man\u0153uvrer facilement une caravane \u00e0 l&rsquo;avenir via un smartphone. Kit de platine compl\u00e9mentaire pour Ebox easydriver. App Easydriver \u00e0 t\u00e9l\u00e9charger gratuitement sur Apple App Store. Pour tous les mod\u00e8les easydriver \u00e0 partir de 2016. Les mod\u00e8les ant\u00e9rieurs \u00e0 2016 n\u00e9cessitent une mise \u00e0 jour du logiciel de la [&hellip;]","og_url":"https:\/\/shop.bantam.ch\/fr\/produit\/commande-par-application\/","og_site_name":"Bantam Wankm\u00fcller SA","article_modified_time":"2026-04-17T18:35:15+00:00","og_image":[{"width":1000,"height":1000,"url":"https:\/\/shop.bantam.ch\/wp-content\/uploads\/2023\/02\/9940469-App-Steuerung_easydriver-Standard-01-2.jpg","type":"image\/jpeg"}],"twitter_card":"summary_large_image","schema":{"@context":"https:\/\/schema.org","@graph":[{"@type":"WebPage","@id":"https:\/\/shop.bantam.ch\/fr\/produit\/commande-par-application\/","url":"https:\/\/shop.bantam.ch\/fr\/produit\/commande-par-application\/","name":"Commande par appli Reich Easydriver - Bantam Wankm\u00fcller SA","isPartOf":{"@id":"https:\/\/shop.bantam.ch\/fr\/#website"},"primaryImageOfPage":{"@id":"https:\/\/shop.bantam.ch\/fr\/produit\/commande-par-application\/#primaryimage"},"image":{"@id":"https:\/\/shop.bantam.ch\/fr\/produit\/commande-par-application\/#primaryimage"},"thumbnailUrl":"https:\/\/shop.bantam.ch\/wp-content\/uploads\/2023\/02\/9940469-App-Steuerung_easydriver-Standard-01-2.jpg","datePublished":"2023-02-22T17:12:06+00:00","dateModified":"2026-04-17T18:35:15+00:00","breadcrumb":{"@id":"https:\/\/shop.bantam.ch\/fr\/produit\/commande-par-application\/#breadcrumb"},"inLanguage":"fr-FR","potentialAction":[{"@type":"ReadAction","target":["https:\/\/shop.bantam.ch\/fr\/produit\/commande-par-application\/"]}]},{"@type":"ImageObject","inLanguage":"fr-FR","@id":"https:\/\/shop.bantam.ch\/fr\/produit\/commande-par-application\/#primaryimage","url":"https:\/\/shop.bantam.ch\/wp-content\/uploads\/2023\/02\/9940469-App-Steuerung_easydriver-Standard-01-2.jpg","contentUrl":"https:\/\/shop.bantam.ch\/wp-content\/uploads\/2023\/02\/9940469-App-Steuerung_easydriver-Standard-01-2.jpg","width":1000,"height":1000},{"@type":"BreadcrumbList","@id":"https:\/\/shop.bantam.ch\/fr\/produit\/commande-par-application\/#breadcrumb","itemListElement":[{"@type":"ListItem","position":1,"name":"Accueil","item":"https:\/\/shop.bantam.ch\/fr\/"},{"@type":"ListItem","position":2,"name":"Boutique","item":"https:\/\/shop.bantam.ch\/fr\/boutique\/"},{"@type":"ListItem","position":3,"name":"Commande par appli Reich Easydriver"}]},{"@type":"WebSite","@id":"https:\/\/shop.bantam.ch\/fr\/#website","url":"https:\/\/shop.bantam.ch\/fr\/","name":"Bantam Wankm\u00fcller SA","description":"","publisher":{"@id":"https:\/\/shop.bantam.ch\/fr\/#organization"},"inLanguage":"fr-FR"},{"@type":"Organization","@id":"https:\/\/shop.bantam.ch\/fr\/#organization","name":"Bantam Wankm\u00fcller SA","url":"https:\/\/shop.bantam.ch\/fr\/","logo":{"@type":"ImageObject","inLanguage":"fr-FR","@id":"https:\/\/shop.bantam.ch\/fr\/#\/schema\/logo\/image\/","url":"https:\/\/shop.bantam.ch\/wp-content\/uploads\/2022\/12\/bantam-logo.png","contentUrl":"https:\/\/shop.bantam.ch\/wp-content\/uploads\/2022\/12\/bantam-logo.png","width":320,"height":71,"caption":"Bantam Wankm\u00fcller SA"},"image":{"@id":"https:\/\/shop.bantam.ch\/fr\/#\/schema\/logo\/image\/"}}]}},"_links":{"self":[{"href":"https:\/\/shop.bantam.ch\/fr\/wp-json\/wp\/v2\/product\/31921","targetHints":{"allow":["GET"]}}],"collection":[{"href":"https:\/\/shop.bantam.ch\/fr\/wp-json\/wp\/v2\/product"}],"about":[{"href":"https:\/\/shop.bantam.ch\/fr\/wp-json\/wp\/v2\/types\/product"}],"wp:featuredmedia":[{"embeddable":true,"href":"https:\/\/shop.bantam.ch\/fr\/wp-json\/wp\/v2\/media\/31913"}],"wp:attachment":[{"href":"https:\/\/shop.bantam.ch\/fr\/wp-json\/wp\/v2\/media?parent=31921"}],"wp:term":[{"taxonomy":"product_featured_cat","embeddable":true,"href":"https:\/\/shop.bantam.ch\/fr\/wp-json\/wp\/v2\/product_featured_cat?post=31921"},{"taxonomy":"product_brand","embeddable":true,"href":"https:\/\/shop.bantam.ch\/fr\/wp-json\/wp\/v2\/product_brand?post=31921"},{"taxonomy":"product_cat","embeddable":true,"href":"https:\/\/shop.bantam.ch\/fr\/wp-json\/wp\/v2\/product_cat?post=31921"},{"taxonomy":"product_tag","embeddable":true,"href":"https:\/\/shop.bantam.ch\/fr\/wp-json\/wp\/v2\/product_tag?post=31921"}],"curies":[{"name":"wp","href":"https:\/\/api.w.org\/{rel}","templated":true}]}}