{"id":31361,"date":"2023-02-22T18:00:19","date_gmt":"2023-02-22T17:00:19","guid":{"rendered":"http:\/\/preprod-dev.sh1.hidora.com\/webshop\/produit\/porte-velo-weih-slide-move-ds-250-avec-au-vehicule\/"},"modified":"2026-04-18T20:38:24","modified_gmt":"2026-04-18T18:38:24","slug":"porte-velo-weih-slide-move-ds-250-avec-au-vehicule","status":"publish","type":"product","link":"https:\/\/shop.bantam.ch\/fr\/produit\/porte-velo-weih-slide-move-ds-250-avec-au-vehicule\/","title":{"rendered":"Porte-v\u00e9lo Weih Slide Move DS 250 avec au v\u00e9hicule"},"content":{"rendered":"<p>Syst\u00e8me de support mobile et amovible des deux c\u00f4t\u00e9s. Sans enlever la charge, ce support peut \u00eatre d\u00e9plac\u00e9 lat\u00e9ralement vers la gauche et vers la droite pour s\u2019ouvrir derri\u00e8re les portes ou les volets. Support facilement amovible, car seules les prises sp\u00e9cifiques au v\u00e9hicule sont mont\u00e9es sur le ch\u00e2ssis. <\/p>\n<p>Contenu de la livraison :<br \/>Support pr\u00e9mont\u00e9 avec \u00e9clairage et connecteur 13 p\u00f4les<br \/>Fixations sp\u00e9cifiques  sp\u00e9cifiques au v\u00e9hicule (approx. 8 &#8211; 20 kg)<br \/>Etrier de fixation<br \/>Mat\u00e9riel de fixation pour 2 v\u00e9los<br \/>Homologation CEE<\/p>\n","protected":false},"excerpt":{"rendered":"<p>Syst\u00e8me de support mobile et amovible des deux c\u00f4t\u00e9s. Sans enlever la charge, ce support peut \u00eatre d\u00e9plac\u00e9 lat\u00e9ralement vers la gauche et vers la droite pour s\u2019ouvrir derri\u00e8re les portes ou les volets. Support facilement amovible, car seules les prises sp\u00e9cifiques au v\u00e9hicule sont mont\u00e9es sur le ch\u00e2ssis. Contenu de la livraison :Support pr\u00e9mont\u00e9 [&hellip;]<\/p>\n","protected":false},"featured_media":31291,"template":"","meta":{"_acf_changed":false},"product_featured_cat":[],"product_brand":[3152],"product_cat":[4695,5137],"product_tag":[],"class_list":{"0":"post-31361","1":"product","2":"type-product","3":"status-publish","4":"has-post-thumbnail","6":"product_brand-weih-tec","7":"product_cat-porte-moto","8":"product_cat-porte-velos-arriere","10":"first","11":"instock","12":"taxable","13":"shipping-taxable","14":"purchasable","15":"product-type-variable"},"acf":[],"yoast_head":"<!-- This site is optimized with the Yoast SEO plugin v27.4 - https:\/\/yoast.com\/product\/yoast-seo-wordpress\/ -->\n<title>Porte-v\u00e9lo Weih Slide Move DS 250 avec au v\u00e9hicule - Bantam Wankm\u00fcller SA<\/title>\n<meta name=\"robots\" content=\"index, follow, max-snippet:-1, max-image-preview:large, max-video-preview:-1\" \/>\n<link rel=\"canonical\" href=\"https:\/\/shop.bantam.ch\/fr\/produit\/porte-velo-weih-slide-move-ds-250-avec-au-vehicule\/\" \/>\n<meta property=\"og:locale\" content=\"fr_FR\" \/>\n<meta property=\"og:type\" content=\"article\" \/>\n<meta property=\"og:title\" content=\"Porte-v\u00e9lo Weih Slide Move DS 250 avec au v\u00e9hicule - Bantam Wankm\u00fcller SA\" \/>\n<meta property=\"og:description\" content=\"Syst\u00e8me de support mobile et amovible des deux c\u00f4t\u00e9s. Sans enlever la charge, ce support peut \u00eatre d\u00e9plac\u00e9 lat\u00e9ralement vers la gauche et vers la droite pour s\u2019ouvrir derri\u00e8re les portes ou les volets. Support facilement amovible, car seules les prises sp\u00e9cifiques au v\u00e9hicule sont mont\u00e9es sur le ch\u00e2ssis. Contenu de la livraison :Support pr\u00e9mont\u00e9 [&hellip;]\" \/>\n<meta property=\"og:url\" content=\"https:\/\/shop.bantam.ch\/fr\/produit\/porte-velo-weih-slide-move-ds-250-avec-au-vehicule\/\" \/>\n<meta property=\"og:site_name\" content=\"Bantam Wankm\u00fcller SA\" \/>\n<meta property=\"article:modified_time\" content=\"2026-04-18T18:38:24+00:00\" \/>\n<meta property=\"og:image\" content=\"https:\/\/shop.bantam.ch\/wp-content\/uploads\/2023\/02\/994055511-30.jpg\" \/>\n\t<meta property=\"og:image:width\" content=\"500\" \/>\n\t<meta property=\"og:image:height\" content=\"500\" \/>\n\t<meta property=\"og:image:type\" content=\"image\/jpeg\" \/>\n<meta name=\"twitter:card\" content=\"summary_large_image\" \/>\n<script type=\"application\/ld+json\" class=\"yoast-schema-graph\">{\"@context\":\"https:\\\/\\\/schema.org\",\"@graph\":[{\"@type\":\"WebPage\",\"@id\":\"https:\\\/\\\/shop.bantam.ch\\\/fr\\\/produit\\\/porte-velo-weih-slide-move-ds-250-avec-au-vehicule\\\/\",\"url\":\"https:\\\/\\\/shop.bantam.ch\\\/fr\\\/produit\\\/porte-velo-weih-slide-move-ds-250-avec-au-vehicule\\\/\",\"name\":\"Porte-v\u00e9lo Weih Slide Move DS 250 avec au v\u00e9hicule - Bantam Wankm\u00fcller SA\",\"isPartOf\":{\"@id\":\"https:\\\/\\\/shop.bantam.ch\\\/fr\\\/#website\"},\"primaryImageOfPage\":{\"@id\":\"https:\\\/\\\/shop.bantam.ch\\\/fr\\\/produit\\\/porte-velo-weih-slide-move-ds-250-avec-au-vehicule\\\/#primaryimage\"},\"image\":{\"@id\":\"https:\\\/\\\/shop.bantam.ch\\\/fr\\\/produit\\\/porte-velo-weih-slide-move-ds-250-avec-au-vehicule\\\/#primaryimage\"},\"thumbnailUrl\":\"https:\\\/\\\/shop.bantam.ch\\\/wp-content\\\/uploads\\\/2023\\\/02\\\/994055511-30.jpg\",\"datePublished\":\"2023-02-22T17:00:19+00:00\",\"dateModified\":\"2026-04-18T18:38:24+00:00\",\"breadcrumb\":{\"@id\":\"https:\\\/\\\/shop.bantam.ch\\\/fr\\\/produit\\\/porte-velo-weih-slide-move-ds-250-avec-au-vehicule\\\/#breadcrumb\"},\"inLanguage\":\"fr-FR\",\"potentialAction\":[{\"@type\":\"ReadAction\",\"target\":[\"https:\\\/\\\/shop.bantam.ch\\\/fr\\\/produit\\\/porte-velo-weih-slide-move-ds-250-avec-au-vehicule\\\/\"]}]},{\"@type\":\"ImageObject\",\"inLanguage\":\"fr-FR\",\"@id\":\"https:\\\/\\\/shop.bantam.ch\\\/fr\\\/produit\\\/porte-velo-weih-slide-move-ds-250-avec-au-vehicule\\\/#primaryimage\",\"url\":\"https:\\\/\\\/shop.bantam.ch\\\/wp-content\\\/uploads\\\/2023\\\/02\\\/994055511-30.jpg\",\"contentUrl\":\"https:\\\/\\\/shop.bantam.ch\\\/wp-content\\\/uploads\\\/2023\\\/02\\\/994055511-30.jpg\",\"width\":500,\"height\":500},{\"@type\":\"BreadcrumbList\",\"@id\":\"https:\\\/\\\/shop.bantam.ch\\\/fr\\\/produit\\\/porte-velo-weih-slide-move-ds-250-avec-au-vehicule\\\/#breadcrumb\",\"itemListElement\":[{\"@type\":\"ListItem\",\"position\":1,\"name\":\"Accueil\",\"item\":\"https:\\\/\\\/shop.bantam.ch\\\/fr\\\/\"},{\"@type\":\"ListItem\",\"position\":2,\"name\":\"Boutique\",\"item\":\"https:\\\/\\\/shop.bantam.ch\\\/fr\\\/boutique\\\/\"},{\"@type\":\"ListItem\",\"position\":3,\"name\":\"Porte-v\u00e9lo Weih Slide Move DS 250 avec au v\u00e9hicule\"}]},{\"@type\":\"WebSite\",\"@id\":\"https:\\\/\\\/shop.bantam.ch\\\/fr\\\/#website\",\"url\":\"https:\\\/\\\/shop.bantam.ch\\\/fr\\\/\",\"name\":\"Bantam Wankm\u00fcller SA\",\"description\":\"\",\"publisher\":{\"@id\":\"https:\\\/\\\/shop.bantam.ch\\\/fr\\\/#organization\"},\"inLanguage\":\"fr-FR\"},{\"@type\":\"Organization\",\"@id\":\"https:\\\/\\\/shop.bantam.ch\\\/fr\\\/#organization\",\"name\":\"Bantam Wankm\u00fcller SA\",\"url\":\"https:\\\/\\\/shop.bantam.ch\\\/fr\\\/\",\"logo\":{\"@type\":\"ImageObject\",\"inLanguage\":\"fr-FR\",\"@id\":\"https:\\\/\\\/shop.bantam.ch\\\/fr\\\/#\\\/schema\\\/logo\\\/image\\\/\",\"url\":\"https:\\\/\\\/shop.bantam.ch\\\/wp-content\\\/uploads\\\/2022\\\/12\\\/bantam-logo.png\",\"contentUrl\":\"https:\\\/\\\/shop.bantam.ch\\\/wp-content\\\/uploads\\\/2022\\\/12\\\/bantam-logo.png\",\"width\":320,\"height\":71,\"caption\":\"Bantam Wankm\u00fcller SA\"},\"image\":{\"@id\":\"https:\\\/\\\/shop.bantam.ch\\\/fr\\\/#\\\/schema\\\/logo\\\/image\\\/\"}}]}<\/script>\n<!-- \/ Yoast SEO plugin. -->","yoast_head_json":{"title":"Porte-v\u00e9lo Weih Slide Move DS 250 avec au v\u00e9hicule - Bantam Wankm\u00fcller SA","robots":{"index":"index","follow":"follow","max-snippet":"max-snippet:-1","max-image-preview":"max-image-preview:large","max-video-preview":"max-video-preview:-1"},"canonical":"https:\/\/shop.bantam.ch\/fr\/produit\/porte-velo-weih-slide-move-ds-250-avec-au-vehicule\/","og_locale":"fr_FR","og_type":"article","og_title":"Porte-v\u00e9lo Weih Slide Move DS 250 avec au v\u00e9hicule - Bantam Wankm\u00fcller SA","og_description":"Syst\u00e8me de support mobile et amovible des deux c\u00f4t\u00e9s. Sans enlever la charge, ce support peut \u00eatre d\u00e9plac\u00e9 lat\u00e9ralement vers la gauche et vers la droite pour s\u2019ouvrir derri\u00e8re les portes ou les volets. Support facilement amovible, car seules les prises sp\u00e9cifiques au v\u00e9hicule sont mont\u00e9es sur le ch\u00e2ssis. Contenu de la livraison :Support pr\u00e9mont\u00e9 [&hellip;]","og_url":"https:\/\/shop.bantam.ch\/fr\/produit\/porte-velo-weih-slide-move-ds-250-avec-au-vehicule\/","og_site_name":"Bantam Wankm\u00fcller SA","article_modified_time":"2026-04-18T18:38:24+00:00","og_image":[{"width":500,"height":500,"url":"https:\/\/shop.bantam.ch\/wp-content\/uploads\/2023\/02\/994055511-30.jpg","type":"image\/jpeg"}],"twitter_card":"summary_large_image","schema":{"@context":"https:\/\/schema.org","@graph":[{"@type":"WebPage","@id":"https:\/\/shop.bantam.ch\/fr\/produit\/porte-velo-weih-slide-move-ds-250-avec-au-vehicule\/","url":"https:\/\/shop.bantam.ch\/fr\/produit\/porte-velo-weih-slide-move-ds-250-avec-au-vehicule\/","name":"Porte-v\u00e9lo Weih Slide Move DS 250 avec au v\u00e9hicule - Bantam Wankm\u00fcller SA","isPartOf":{"@id":"https:\/\/shop.bantam.ch\/fr\/#website"},"primaryImageOfPage":{"@id":"https:\/\/shop.bantam.ch\/fr\/produit\/porte-velo-weih-slide-move-ds-250-avec-au-vehicule\/#primaryimage"},"image":{"@id":"https:\/\/shop.bantam.ch\/fr\/produit\/porte-velo-weih-slide-move-ds-250-avec-au-vehicule\/#primaryimage"},"thumbnailUrl":"https:\/\/shop.bantam.ch\/wp-content\/uploads\/2023\/02\/994055511-30.jpg","datePublished":"2023-02-22T17:00:19+00:00","dateModified":"2026-04-18T18:38:24+00:00","breadcrumb":{"@id":"https:\/\/shop.bantam.ch\/fr\/produit\/porte-velo-weih-slide-move-ds-250-avec-au-vehicule\/#breadcrumb"},"inLanguage":"fr-FR","potentialAction":[{"@type":"ReadAction","target":["https:\/\/shop.bantam.ch\/fr\/produit\/porte-velo-weih-slide-move-ds-250-avec-au-vehicule\/"]}]},{"@type":"ImageObject","inLanguage":"fr-FR","@id":"https:\/\/shop.bantam.ch\/fr\/produit\/porte-velo-weih-slide-move-ds-250-avec-au-vehicule\/#primaryimage","url":"https:\/\/shop.bantam.ch\/wp-content\/uploads\/2023\/02\/994055511-30.jpg","contentUrl":"https:\/\/shop.bantam.ch\/wp-content\/uploads\/2023\/02\/994055511-30.jpg","width":500,"height":500},{"@type":"BreadcrumbList","@id":"https:\/\/shop.bantam.ch\/fr\/produit\/porte-velo-weih-slide-move-ds-250-avec-au-vehicule\/#breadcrumb","itemListElement":[{"@type":"ListItem","position":1,"name":"Accueil","item":"https:\/\/shop.bantam.ch\/fr\/"},{"@type":"ListItem","position":2,"name":"Boutique","item":"https:\/\/shop.bantam.ch\/fr\/boutique\/"},{"@type":"ListItem","position":3,"name":"Porte-v\u00e9lo Weih Slide Move DS 250 avec au v\u00e9hicule"}]},{"@type":"WebSite","@id":"https:\/\/shop.bantam.ch\/fr\/#website","url":"https:\/\/shop.bantam.ch\/fr\/","name":"Bantam Wankm\u00fcller SA","description":"","publisher":{"@id":"https:\/\/shop.bantam.ch\/fr\/#organization"},"inLanguage":"fr-FR"},{"@type":"Organization","@id":"https:\/\/shop.bantam.ch\/fr\/#organization","name":"Bantam Wankm\u00fcller SA","url":"https:\/\/shop.bantam.ch\/fr\/","logo":{"@type":"ImageObject","inLanguage":"fr-FR","@id":"https:\/\/shop.bantam.ch\/fr\/#\/schema\/logo\/image\/","url":"https:\/\/shop.bantam.ch\/wp-content\/uploads\/2022\/12\/bantam-logo.png","contentUrl":"https:\/\/shop.bantam.ch\/wp-content\/uploads\/2022\/12\/bantam-logo.png","width":320,"height":71,"caption":"Bantam Wankm\u00fcller SA"},"image":{"@id":"https:\/\/shop.bantam.ch\/fr\/#\/schema\/logo\/image\/"}}]}},"_links":{"self":[{"href":"https:\/\/shop.bantam.ch\/fr\/wp-json\/wp\/v2\/product\/31361","targetHints":{"allow":["GET"]}}],"collection":[{"href":"https:\/\/shop.bantam.ch\/fr\/wp-json\/wp\/v2\/product"}],"about":[{"href":"https:\/\/shop.bantam.ch\/fr\/wp-json\/wp\/v2\/types\/product"}],"wp:featuredmedia":[{"embeddable":true,"href":"https:\/\/shop.bantam.ch\/fr\/wp-json\/wp\/v2\/media\/31291"}],"wp:attachment":[{"href":"https:\/\/shop.bantam.ch\/fr\/wp-json\/wp\/v2\/media?parent=31361"}],"wp:term":[{"taxonomy":"product_featured_cat","embeddable":true,"href":"https:\/\/shop.bantam.ch\/fr\/wp-json\/wp\/v2\/product_featured_cat?post=31361"},{"taxonomy":"product_brand","embeddable":true,"href":"https:\/\/shop.bantam.ch\/fr\/wp-json\/wp\/v2\/product_brand?post=31361"},{"taxonomy":"product_cat","embeddable":true,"href":"https:\/\/shop.bantam.ch\/fr\/wp-json\/wp\/v2\/product_cat?post=31361"},{"taxonomy":"product_tag","embeddable":true,"href":"https:\/\/shop.bantam.ch\/fr\/wp-json\/wp\/v2\/product_tag?post=31361"}],"curies":[{"name":"wp","href":"https:\/\/api.w.org\/{rel}","templated":true}]}}