{"id":31117,"date":"2023-02-22T17:57:12","date_gmt":"2023-02-22T16:57:12","guid":{"rendered":"http:\/\/preprod-dev.sh1.hidora.com\/webshop\/produit\/boule-dattelage-ak-270-avec-soft-dock-o-50-mm\/"},"modified":"2026-04-17T20:33:37","modified_gmt":"2026-04-17T18:33:37","slug":"boule-dattelage-ak-270-avec-soft-dock-o-50-mm","status":"publish","type":"product","link":"https:\/\/shop.bantam.ch\/fr\/produit\/boule-dattelage-ak-270-avec-soft-dock-o-50-mm\/","title":{"rendered":"Boule d\u2019attelage Al-Ko AK\u00a0270 avec Soft-Dock diam. 50\u00a0mm"},"content":{"rendered":"<p>Affichage de s\u00e9curit\u00e9 :<br \/>Si le cylindre vert devient visible une fois le v\u00e9hicule attel\u00e9, le dispositif d&rsquo;attelage est correctement plac\u00e9 sur l&rsquo;attelage de remorque du v\u00e9hicule tracteur.<\/p>\n<p>Affichage d\u2019usure :<br \/>Un affichage suppl\u00e9mentaire sur la poign\u00e9e d\u2019attelage indique si la limite d&rsquo;usure de la boule d&rsquo;attelage du v\u00e9hicule tracteur ou de la remorque est atteinte ou non.<\/p>\n<p>Poign\u00e9e plate :<br \/>La poign\u00e9e est si plate que le hayon peut \u00eatre ouvert sans probl\u00e8me.<\/p>\n<ul>\n<li>Charge d\u2019appui : 120 kg<\/li>\n<li>Charge totale autoris\u00e9e : 2 700 kg<\/li>\n<li>Perforations : horizontales \/ crois\u00e9es<\/li>\n<\/ul>\n","protected":false},"excerpt":{"rendered":"<p>Affichage de s\u00e9curit\u00e9 :Si le cylindre vert devient visible une fois le v\u00e9hicule attel\u00e9, le dispositif d&rsquo;attelage est correctement plac\u00e9 sur l&rsquo;attelage de remorque du v\u00e9hicule tracteur. Affichage d\u2019usure :Un affichage suppl\u00e9mentaire sur la poign\u00e9e d\u2019attelage indique si la limite d&rsquo;usure de la boule d&rsquo;attelage du v\u00e9hicule tracteur ou de la remorque est atteinte ou [&hellip;]<\/p>\n","protected":false},"featured_media":31109,"template":"","meta":{"_acf_changed":false},"product_featured_cat":[],"product_brand":[3134],"product_cat":[4819],"product_tag":[],"class_list":{"0":"post-31117","1":"product","2":"type-product","3":"status-publish","4":"has-post-thumbnail","6":"product_brand-al-ko","7":"product_cat-accouplements-a-bille-et-anti-vibrations","9":"first","10":"instock","11":"taxable","12":"shipping-taxable","13":"purchasable","14":"product-type-simple"},"acf":[],"yoast_head":"<!-- This site is optimized with the Yoast SEO plugin v27.4 - https:\/\/yoast.com\/product\/yoast-seo-wordpress\/ -->\n<title>Boule d\u2019attelage Al-Ko AK\u00a0270 avec Soft-Dock diam. 50\u00a0mm - Bantam Wankm\u00fcller SA<\/title>\n<meta name=\"robots\" content=\"index, follow, max-snippet:-1, max-image-preview:large, max-video-preview:-1\" \/>\n<link rel=\"canonical\" href=\"https:\/\/shop.bantam.ch\/fr\/produit\/boule-dattelage-ak-270-avec-soft-dock-o-50-mm\/\" \/>\n<meta property=\"og:locale\" content=\"fr_FR\" \/>\n<meta property=\"og:type\" content=\"article\" \/>\n<meta property=\"og:title\" content=\"Boule d\u2019attelage Al-Ko AK\u00a0270 avec Soft-Dock diam. 50\u00a0mm - Bantam Wankm\u00fcller SA\" \/>\n<meta property=\"og:description\" content=\"Affichage de s\u00e9curit\u00e9 :Si le cylindre vert devient visible une fois le v\u00e9hicule attel\u00e9, le dispositif d&rsquo;attelage est correctement plac\u00e9 sur l&rsquo;attelage de remorque du v\u00e9hicule tracteur. Affichage d\u2019usure :Un affichage suppl\u00e9mentaire sur la poign\u00e9e d\u2019attelage indique si la limite d&rsquo;usure de la boule d&rsquo;attelage du v\u00e9hicule tracteur ou de la remorque est atteinte ou [&hellip;]\" \/>\n<meta property=\"og:url\" content=\"https:\/\/shop.bantam.ch\/fr\/produit\/boule-dattelage-ak-270-avec-soft-dock-o-50-mm\/\" \/>\n<meta property=\"og:site_name\" content=\"Bantam Wankm\u00fcller SA\" \/>\n<meta property=\"article:modified_time\" content=\"2026-04-17T18:33:37+00:00\" \/>\n<meta property=\"og:image\" content=\"https:\/\/shop.bantam.ch\/wp-content\/uploads\/2023\/02\/994025211-3.jpg\" \/>\n\t<meta property=\"og:image:width\" content=\"1000\" \/>\n\t<meta property=\"og:image:height\" content=\"639\" \/>\n\t<meta property=\"og:image:type\" content=\"image\/jpeg\" \/>\n<meta name=\"twitter:card\" content=\"summary_large_image\" \/>\n<script type=\"application\/ld+json\" class=\"yoast-schema-graph\">{\"@context\":\"https:\\\/\\\/schema.org\",\"@graph\":[{\"@type\":\"WebPage\",\"@id\":\"https:\\\/\\\/shop.bantam.ch\\\/fr\\\/produit\\\/boule-dattelage-ak-270-avec-soft-dock-o-50-mm\\\/\",\"url\":\"https:\\\/\\\/shop.bantam.ch\\\/fr\\\/produit\\\/boule-dattelage-ak-270-avec-soft-dock-o-50-mm\\\/\",\"name\":\"Boule d\u2019attelage Al-Ko AK\u00a0270 avec Soft-Dock diam. 50\u00a0mm - Bantam Wankm\u00fcller SA\",\"isPartOf\":{\"@id\":\"https:\\\/\\\/shop.bantam.ch\\\/fr\\\/#website\"},\"primaryImageOfPage\":{\"@id\":\"https:\\\/\\\/shop.bantam.ch\\\/fr\\\/produit\\\/boule-dattelage-ak-270-avec-soft-dock-o-50-mm\\\/#primaryimage\"},\"image\":{\"@id\":\"https:\\\/\\\/shop.bantam.ch\\\/fr\\\/produit\\\/boule-dattelage-ak-270-avec-soft-dock-o-50-mm\\\/#primaryimage\"},\"thumbnailUrl\":\"https:\\\/\\\/shop.bantam.ch\\\/wp-content\\\/uploads\\\/2023\\\/02\\\/994025211-3.jpg\",\"datePublished\":\"2023-02-22T16:57:12+00:00\",\"dateModified\":\"2026-04-17T18:33:37+00:00\",\"breadcrumb\":{\"@id\":\"https:\\\/\\\/shop.bantam.ch\\\/fr\\\/produit\\\/boule-dattelage-ak-270-avec-soft-dock-o-50-mm\\\/#breadcrumb\"},\"inLanguage\":\"fr-FR\",\"potentialAction\":[{\"@type\":\"ReadAction\",\"target\":[\"https:\\\/\\\/shop.bantam.ch\\\/fr\\\/produit\\\/boule-dattelage-ak-270-avec-soft-dock-o-50-mm\\\/\"]}]},{\"@type\":\"ImageObject\",\"inLanguage\":\"fr-FR\",\"@id\":\"https:\\\/\\\/shop.bantam.ch\\\/fr\\\/produit\\\/boule-dattelage-ak-270-avec-soft-dock-o-50-mm\\\/#primaryimage\",\"url\":\"https:\\\/\\\/shop.bantam.ch\\\/wp-content\\\/uploads\\\/2023\\\/02\\\/994025211-3.jpg\",\"contentUrl\":\"https:\\\/\\\/shop.bantam.ch\\\/wp-content\\\/uploads\\\/2023\\\/02\\\/994025211-3.jpg\",\"width\":1000,\"height\":639},{\"@type\":\"BreadcrumbList\",\"@id\":\"https:\\\/\\\/shop.bantam.ch\\\/fr\\\/produit\\\/boule-dattelage-ak-270-avec-soft-dock-o-50-mm\\\/#breadcrumb\",\"itemListElement\":[{\"@type\":\"ListItem\",\"position\":1,\"name\":\"Accueil\",\"item\":\"https:\\\/\\\/shop.bantam.ch\\\/fr\\\/\"},{\"@type\":\"ListItem\",\"position\":2,\"name\":\"Boutique\",\"item\":\"https:\\\/\\\/shop.bantam.ch\\\/fr\\\/boutique\\\/\"},{\"@type\":\"ListItem\",\"position\":3,\"name\":\"Boule d\u2019attelage Al-Ko AK\u00a0270 avec Soft-Dock diam. 50\u00a0mm\"}]},{\"@type\":\"WebSite\",\"@id\":\"https:\\\/\\\/shop.bantam.ch\\\/fr\\\/#website\",\"url\":\"https:\\\/\\\/shop.bantam.ch\\\/fr\\\/\",\"name\":\"Bantam Wankm\u00fcller SA\",\"description\":\"\",\"publisher\":{\"@id\":\"https:\\\/\\\/shop.bantam.ch\\\/fr\\\/#organization\"},\"inLanguage\":\"fr-FR\"},{\"@type\":\"Organization\",\"@id\":\"https:\\\/\\\/shop.bantam.ch\\\/fr\\\/#organization\",\"name\":\"Bantam Wankm\u00fcller SA\",\"url\":\"https:\\\/\\\/shop.bantam.ch\\\/fr\\\/\",\"logo\":{\"@type\":\"ImageObject\",\"inLanguage\":\"fr-FR\",\"@id\":\"https:\\\/\\\/shop.bantam.ch\\\/fr\\\/#\\\/schema\\\/logo\\\/image\\\/\",\"url\":\"https:\\\/\\\/shop.bantam.ch\\\/wp-content\\\/uploads\\\/2022\\\/12\\\/bantam-logo.png\",\"contentUrl\":\"https:\\\/\\\/shop.bantam.ch\\\/wp-content\\\/uploads\\\/2022\\\/12\\\/bantam-logo.png\",\"width\":320,\"height\":71,\"caption\":\"Bantam Wankm\u00fcller SA\"},\"image\":{\"@id\":\"https:\\\/\\\/shop.bantam.ch\\\/fr\\\/#\\\/schema\\\/logo\\\/image\\\/\"}}]}<\/script>\n<!-- \/ Yoast SEO plugin. -->","yoast_head_json":{"title":"Boule d\u2019attelage Al-Ko AK\u00a0270 avec Soft-Dock diam. 50\u00a0mm - Bantam Wankm\u00fcller SA","robots":{"index":"index","follow":"follow","max-snippet":"max-snippet:-1","max-image-preview":"max-image-preview:large","max-video-preview":"max-video-preview:-1"},"canonical":"https:\/\/shop.bantam.ch\/fr\/produit\/boule-dattelage-ak-270-avec-soft-dock-o-50-mm\/","og_locale":"fr_FR","og_type":"article","og_title":"Boule d\u2019attelage Al-Ko AK\u00a0270 avec Soft-Dock diam. 50\u00a0mm - Bantam Wankm\u00fcller SA","og_description":"Affichage de s\u00e9curit\u00e9 :Si le cylindre vert devient visible une fois le v\u00e9hicule attel\u00e9, le dispositif d&rsquo;attelage est correctement plac\u00e9 sur l&rsquo;attelage de remorque du v\u00e9hicule tracteur. Affichage d\u2019usure :Un affichage suppl\u00e9mentaire sur la poign\u00e9e d\u2019attelage indique si la limite d&rsquo;usure de la boule d&rsquo;attelage du v\u00e9hicule tracteur ou de la remorque est atteinte ou [&hellip;]","og_url":"https:\/\/shop.bantam.ch\/fr\/produit\/boule-dattelage-ak-270-avec-soft-dock-o-50-mm\/","og_site_name":"Bantam Wankm\u00fcller SA","article_modified_time":"2026-04-17T18:33:37+00:00","og_image":[{"width":1000,"height":639,"url":"https:\/\/shop.bantam.ch\/wp-content\/uploads\/2023\/02\/994025211-3.jpg","type":"image\/jpeg"}],"twitter_card":"summary_large_image","schema":{"@context":"https:\/\/schema.org","@graph":[{"@type":"WebPage","@id":"https:\/\/shop.bantam.ch\/fr\/produit\/boule-dattelage-ak-270-avec-soft-dock-o-50-mm\/","url":"https:\/\/shop.bantam.ch\/fr\/produit\/boule-dattelage-ak-270-avec-soft-dock-o-50-mm\/","name":"Boule d\u2019attelage Al-Ko AK\u00a0270 avec Soft-Dock diam. 50\u00a0mm - Bantam Wankm\u00fcller SA","isPartOf":{"@id":"https:\/\/shop.bantam.ch\/fr\/#website"},"primaryImageOfPage":{"@id":"https:\/\/shop.bantam.ch\/fr\/produit\/boule-dattelage-ak-270-avec-soft-dock-o-50-mm\/#primaryimage"},"image":{"@id":"https:\/\/shop.bantam.ch\/fr\/produit\/boule-dattelage-ak-270-avec-soft-dock-o-50-mm\/#primaryimage"},"thumbnailUrl":"https:\/\/shop.bantam.ch\/wp-content\/uploads\/2023\/02\/994025211-3.jpg","datePublished":"2023-02-22T16:57:12+00:00","dateModified":"2026-04-17T18:33:37+00:00","breadcrumb":{"@id":"https:\/\/shop.bantam.ch\/fr\/produit\/boule-dattelage-ak-270-avec-soft-dock-o-50-mm\/#breadcrumb"},"inLanguage":"fr-FR","potentialAction":[{"@type":"ReadAction","target":["https:\/\/shop.bantam.ch\/fr\/produit\/boule-dattelage-ak-270-avec-soft-dock-o-50-mm\/"]}]},{"@type":"ImageObject","inLanguage":"fr-FR","@id":"https:\/\/shop.bantam.ch\/fr\/produit\/boule-dattelage-ak-270-avec-soft-dock-o-50-mm\/#primaryimage","url":"https:\/\/shop.bantam.ch\/wp-content\/uploads\/2023\/02\/994025211-3.jpg","contentUrl":"https:\/\/shop.bantam.ch\/wp-content\/uploads\/2023\/02\/994025211-3.jpg","width":1000,"height":639},{"@type":"BreadcrumbList","@id":"https:\/\/shop.bantam.ch\/fr\/produit\/boule-dattelage-ak-270-avec-soft-dock-o-50-mm\/#breadcrumb","itemListElement":[{"@type":"ListItem","position":1,"name":"Accueil","item":"https:\/\/shop.bantam.ch\/fr\/"},{"@type":"ListItem","position":2,"name":"Boutique","item":"https:\/\/shop.bantam.ch\/fr\/boutique\/"},{"@type":"ListItem","position":3,"name":"Boule d\u2019attelage Al-Ko AK\u00a0270 avec Soft-Dock diam. 50\u00a0mm"}]},{"@type":"WebSite","@id":"https:\/\/shop.bantam.ch\/fr\/#website","url":"https:\/\/shop.bantam.ch\/fr\/","name":"Bantam Wankm\u00fcller SA","description":"","publisher":{"@id":"https:\/\/shop.bantam.ch\/fr\/#organization"},"inLanguage":"fr-FR"},{"@type":"Organization","@id":"https:\/\/shop.bantam.ch\/fr\/#organization","name":"Bantam Wankm\u00fcller SA","url":"https:\/\/shop.bantam.ch\/fr\/","logo":{"@type":"ImageObject","inLanguage":"fr-FR","@id":"https:\/\/shop.bantam.ch\/fr\/#\/schema\/logo\/image\/","url":"https:\/\/shop.bantam.ch\/wp-content\/uploads\/2022\/12\/bantam-logo.png","contentUrl":"https:\/\/shop.bantam.ch\/wp-content\/uploads\/2022\/12\/bantam-logo.png","width":320,"height":71,"caption":"Bantam Wankm\u00fcller SA"},"image":{"@id":"https:\/\/shop.bantam.ch\/fr\/#\/schema\/logo\/image\/"}}]}},"_links":{"self":[{"href":"https:\/\/shop.bantam.ch\/fr\/wp-json\/wp\/v2\/product\/31117","targetHints":{"allow":["GET"]}}],"collection":[{"href":"https:\/\/shop.bantam.ch\/fr\/wp-json\/wp\/v2\/product"}],"about":[{"href":"https:\/\/shop.bantam.ch\/fr\/wp-json\/wp\/v2\/types\/product"}],"wp:featuredmedia":[{"embeddable":true,"href":"https:\/\/shop.bantam.ch\/fr\/wp-json\/wp\/v2\/media\/31109"}],"wp:attachment":[{"href":"https:\/\/shop.bantam.ch\/fr\/wp-json\/wp\/v2\/media?parent=31117"}],"wp:term":[{"taxonomy":"product_featured_cat","embeddable":true,"href":"https:\/\/shop.bantam.ch\/fr\/wp-json\/wp\/v2\/product_featured_cat?post=31117"},{"taxonomy":"product_brand","embeddable":true,"href":"https:\/\/shop.bantam.ch\/fr\/wp-json\/wp\/v2\/product_brand?post=31117"},{"taxonomy":"product_cat","embeddable":true,"href":"https:\/\/shop.bantam.ch\/fr\/wp-json\/wp\/v2\/product_cat?post=31117"},{"taxonomy":"product_tag","embeddable":true,"href":"https:\/\/shop.bantam.ch\/fr\/wp-json\/wp\/v2\/product_tag?post=31117"}],"curies":[{"name":"wp","href":"https:\/\/api.w.org\/{rel}","templated":true}]}}