{"id":31007,"date":"2023-02-22T17:55:10","date_gmt":"2023-02-22T16:55:10","guid":{"rendered":"http:\/\/preprod-dev.sh1.hidora.com\/webshop\/produit\/systeme-satellite-automatique-caro-vision-single-lnb\/"},"modified":"2026-05-12T20:33:16","modified_gmt":"2026-05-12T18:33:16","slug":"systeme-satellite-automatique-caro-vision-single-lnb","status":"publish","type":"product","link":"https:\/\/shop.bantam.ch\/fr\/produit\/systeme-satellite-automatique-caro-vision-single-lnb\/","title":{"rendered":"Antenne satellite automatique Caro Vision Single LNB"},"content":{"rendered":"<p>Structure \u00e9l\u00e9gante et extr\u00eamement plate<br \/>Si vous voulez \u00eatre inform\u00e9 des derniers \u00e9v\u00e9nements dans le monde entier ou si vous ne voulez pas rater votre s\u00e9rie pr\u00e9f\u00e9r\u00e9e, m\u00eame loin de la civilisation, vous avez besoin d&rsquo;une antenne flexible parfaitement adapt\u00e9e \u00e0 vos propres besoins. La CARO+ est l&rsquo;alternative id\u00e9ale lorsque chaque centim\u00e8tre compte. La construction compacte permet une hauteur de montage extr\u00eamement plate. Elle ne tourne que lorsqu&rsquo;elle est ouverte et n\u00e9cessite donc tr\u00e8s peu d&rsquo;espace sur le toit du v\u00e9hicule.<\/p>\n<p>R\u00e9glage compl\u00e8tement automatique et localisation du satellite normalement entre 30 et 60 secondes. Mise en marche autonome au d\u00e9marrage du v\u00e9hicule. Changement de satellite automatique. Rayon d\u2019action tr\u00e8s restreint. Hauteur de montage tr\u00e8s basse (env. 14 cm). Construction \u00e0 l\u2019\u00e9preuve des intemp\u00e9ries et de la gr\u00eale. Hauteur env. 14 cm \/ poids env. 16 kg. Fabricant certifi\u00e9 QM selon ISO 9001. Garantie du fabricant de 3 ans et service client \u00e0 l\u2019\u00e9coute.<\/p>\n<p>Variante de base, sp\u00e9cialement con\u00e7ue pour ceux qui ont uniquement besoin d&rsquo;une installation satellite et qui poss\u00e8dent d\u00e9j\u00e0 leur propre r\u00e9cepteur ou un t\u00e9l\u00e9viseur avec r\u00e9cepteur int\u00e9gr\u00e9.<\/p>\n<p>Caract\u00e9ristiques :<br \/>Panneau de commande s\u00e9par\u00e9 de l&rsquo;installation satellite.\u00a0<\/p>\n<ul>\n<li>Technique \u00e0 un c\u00e2ble<\/li>\n<li>Condition APPLI<\/li>\n<li>Mises \u00e0 jour automatiques via APPLI<\/li>\n<li>Port\u00e9e exceptionnelle<\/li>\n<li>Montage peu encombrant sur pratiquement tous les toits de v\u00e9hicules<\/li>\n<li>Hauteur de montage tr\u00e8s faible<\/li>\n<li>Orientation et recherche des satellites enti\u00e8rement automatiques<\/li>\n<li>Mise en marche autonome au d\u00e9marrage du v\u00e9hicule<\/li>\n<li>Changement de satellite automatique.<\/li>\n<li>Traitement de qualit\u00e9 pour un \u00e9quipement solide.<\/li>\n<li>Fabricant certifi\u00e9 QM selon ISO 9001<\/li>\n<li>3 ans de garantie fabricant et service client \u00e0 l&rsquo;\u00e9coute.<\/li>\n<li>Tension de raccordement (tension \u00e0 bord) 12 \/ 24 volts<\/li>\n<li>Marque de r\u00e9ception par type<\/li>\n<\/ul>\n<p>Commande via APPLI incluse<br \/>L\u2019application ten haaft est maintenant disponible pour une commande ais\u00e9e de la Caro+. Elle permet \u00e9galement d\u2019installer des mises \u00e0 jour en toute simplicit\u00e9 afin que votre installation soit toujours actuelle du point de vue logiciel.<br \/>Compatible Android et iOS.<\/p>\n","protected":false},"excerpt":{"rendered":"<p>Structure \u00e9l\u00e9gante et extr\u00eamement plateSi vous voulez \u00eatre inform\u00e9 des derniers \u00e9v\u00e9nements dans le monde entier ou si vous ne voulez pas rater votre s\u00e9rie pr\u00e9f\u00e9r\u00e9e, m\u00eame loin de la civilisation, vous avez besoin d&rsquo;une antenne flexible parfaitement adapt\u00e9e \u00e0 vos propres besoins. La CARO+ est l&rsquo;alternative id\u00e9ale lorsque chaque centim\u00e8tre compte. La construction compacte [&hellip;]<\/p>\n","protected":false},"featured_media":30997,"template":"","meta":{"_acf_changed":false},"product_featured_cat":[],"product_brand":[3126],"product_cat":[4523],"product_tag":[],"class_list":{"0":"post-31007","1":"product","2":"type-product","3":"status-publish","4":"has-post-thumbnail","6":"product_brand-oyster","7":"product_cat-systemes-satellitaires","9":"first","10":"instock","11":"taxable","12":"shipping-taxable","13":"purchasable","14":"product-type-simple"},"acf":[],"yoast_head":"<!-- This site is optimized with the Yoast SEO plugin v27.5 - https:\/\/yoast.com\/product\/yoast-seo-wordpress\/ -->\n<title>Antenne satellite automatique Caro Vision Single LNB - Bantam<\/title>\n<meta name=\"robots\" content=\"index, follow, max-snippet:-1, max-image-preview:large, max-video-preview:-1\" \/>\n<link rel=\"canonical\" href=\"https:\/\/shop.bantam.ch\/fr\/produit\/systeme-satellite-automatique-caro-vision-single-lnb\/\" \/>\n<meta property=\"og:locale\" content=\"fr_FR\" \/>\n<meta property=\"og:type\" content=\"article\" \/>\n<meta property=\"og:title\" content=\"Antenne satellite automatique Caro Vision Single LNB - Bantam\" \/>\n<meta property=\"og:description\" content=\"Structure \u00e9l\u00e9gante et extr\u00eamement plateSi vous voulez \u00eatre inform\u00e9 des derniers \u00e9v\u00e9nements dans le monde entier ou si vous ne voulez pas rater votre s\u00e9rie pr\u00e9f\u00e9r\u00e9e, m\u00eame loin de la civilisation, vous avez besoin d&rsquo;une antenne flexible parfaitement adapt\u00e9e \u00e0 vos propres besoins. La CARO+ est l&rsquo;alternative id\u00e9ale lorsque chaque centim\u00e8tre compte. La construction compacte [&hellip;]\" \/>\n<meta property=\"og:url\" content=\"https:\/\/shop.bantam.ch\/fr\/produit\/systeme-satellite-automatique-caro-vision-single-lnb\/\" \/>\n<meta property=\"og:site_name\" content=\"Bantam\" \/>\n<meta property=\"article:modified_time\" content=\"2026-05-12T18:33:16+00:00\" \/>\n<meta property=\"og:image\" content=\"https:\/\/shop.bantam.ch\/wp-content\/uploads\/2023\/02\/9941834-100-1-3-3.jpg\" \/>\n\t<meta property=\"og:image:width\" content=\"1000\" \/>\n\t<meta property=\"og:image:height\" content=\"900\" \/>\n\t<meta property=\"og:image:type\" content=\"image\/jpeg\" \/>\n<meta name=\"twitter:card\" content=\"summary_large_image\" \/>\n<meta name=\"twitter:label1\" content=\"Dur\u00e9e de lecture estim\u00e9e\" \/>\n\t<meta name=\"twitter:data1\" content=\"2 minutes\" \/>\n<script type=\"application\/ld+json\" class=\"yoast-schema-graph\">{\"@context\":\"https:\\\/\\\/schema.org\",\"@graph\":[{\"@type\":\"WebPage\",\"@id\":\"https:\\\/\\\/shop.bantam.ch\\\/fr\\\/produit\\\/systeme-satellite-automatique-caro-vision-single-lnb\\\/\",\"url\":\"https:\\\/\\\/shop.bantam.ch\\\/fr\\\/produit\\\/systeme-satellite-automatique-caro-vision-single-lnb\\\/\",\"name\":\"Antenne satellite automatique Caro Vision Single LNB - Bantam\",\"isPartOf\":{\"@id\":\"https:\\\/\\\/shop.bantam.ch\\\/fr\\\/#website\"},\"primaryImageOfPage\":{\"@id\":\"https:\\\/\\\/shop.bantam.ch\\\/fr\\\/produit\\\/systeme-satellite-automatique-caro-vision-single-lnb\\\/#primaryimage\"},\"image\":{\"@id\":\"https:\\\/\\\/shop.bantam.ch\\\/fr\\\/produit\\\/systeme-satellite-automatique-caro-vision-single-lnb\\\/#primaryimage\"},\"thumbnailUrl\":\"https:\\\/\\\/shop.bantam.ch\\\/wp-content\\\/uploads\\\/2023\\\/02\\\/9941834-100-1-3-3.jpg\",\"datePublished\":\"2023-02-22T16:55:10+00:00\",\"dateModified\":\"2026-05-12T18:33:16+00:00\",\"breadcrumb\":{\"@id\":\"https:\\\/\\\/shop.bantam.ch\\\/fr\\\/produit\\\/systeme-satellite-automatique-caro-vision-single-lnb\\\/#breadcrumb\"},\"inLanguage\":\"fr-FR\",\"potentialAction\":[{\"@type\":\"ReadAction\",\"target\":[\"https:\\\/\\\/shop.bantam.ch\\\/fr\\\/produit\\\/systeme-satellite-automatique-caro-vision-single-lnb\\\/\"]}]},{\"@type\":\"ImageObject\",\"inLanguage\":\"fr-FR\",\"@id\":\"https:\\\/\\\/shop.bantam.ch\\\/fr\\\/produit\\\/systeme-satellite-automatique-caro-vision-single-lnb\\\/#primaryimage\",\"url\":\"https:\\\/\\\/shop.bantam.ch\\\/wp-content\\\/uploads\\\/2023\\\/02\\\/9941834-100-1-3-3.jpg\",\"contentUrl\":\"https:\\\/\\\/shop.bantam.ch\\\/wp-content\\\/uploads\\\/2023\\\/02\\\/9941834-100-1-3-3.jpg\",\"width\":1000,\"height\":900},{\"@type\":\"BreadcrumbList\",\"@id\":\"https:\\\/\\\/shop.bantam.ch\\\/fr\\\/produit\\\/systeme-satellite-automatique-caro-vision-single-lnb\\\/#breadcrumb\",\"itemListElement\":[{\"@type\":\"ListItem\",\"position\":1,\"name\":\"Accueil\",\"item\":\"https:\\\/\\\/shop.bantam.ch\\\/fr\\\/\"},{\"@type\":\"ListItem\",\"position\":2,\"name\":\"Boutique\",\"item\":\"https:\\\/\\\/shop.bantam.ch\\\/fr\\\/boutique\\\/\"},{\"@type\":\"ListItem\",\"position\":3,\"name\":\"Antenne satellite automatique Caro Vision Single LNB\"}]},{\"@type\":\"WebSite\",\"@id\":\"https:\\\/\\\/shop.bantam.ch\\\/fr\\\/#website\",\"url\":\"https:\\\/\\\/shop.bantam.ch\\\/fr\\\/\",\"name\":\"Bantam\",\"description\":\"\",\"publisher\":{\"@id\":\"https:\\\/\\\/shop.bantam.ch\\\/fr\\\/#organization\"},\"inLanguage\":\"fr-FR\"},{\"@type\":\"Organization\",\"@id\":\"https:\\\/\\\/shop.bantam.ch\\\/fr\\\/#organization\",\"name\":\"Bantam\",\"url\":\"https:\\\/\\\/shop.bantam.ch\\\/fr\\\/\",\"logo\":{\"@type\":\"ImageObject\",\"inLanguage\":\"fr-FR\",\"@id\":\"https:\\\/\\\/shop.bantam.ch\\\/fr\\\/#\\\/schema\\\/logo\\\/image\\\/\",\"url\":\"https:\\\/\\\/shop.bantam.ch\\\/wp-content\\\/uploads\\\/2022\\\/12\\\/bantam-logo.png\",\"contentUrl\":\"https:\\\/\\\/shop.bantam.ch\\\/wp-content\\\/uploads\\\/2022\\\/12\\\/bantam-logo.png\",\"width\":320,\"height\":71,\"caption\":\"Bantam\"},\"image\":{\"@id\":\"https:\\\/\\\/shop.bantam.ch\\\/fr\\\/#\\\/schema\\\/logo\\\/image\\\/\"}}]}<\/script>\n<!-- \/ Yoast SEO plugin. -->","yoast_head_json":{"title":"Antenne satellite automatique Caro Vision Single LNB - Bantam","robots":{"index":"index","follow":"follow","max-snippet":"max-snippet:-1","max-image-preview":"max-image-preview:large","max-video-preview":"max-video-preview:-1"},"canonical":"https:\/\/shop.bantam.ch\/fr\/produit\/systeme-satellite-automatique-caro-vision-single-lnb\/","og_locale":"fr_FR","og_type":"article","og_title":"Antenne satellite automatique Caro Vision Single LNB - Bantam","og_description":"Structure \u00e9l\u00e9gante et extr\u00eamement plateSi vous voulez \u00eatre inform\u00e9 des derniers \u00e9v\u00e9nements dans le monde entier ou si vous ne voulez pas rater votre s\u00e9rie pr\u00e9f\u00e9r\u00e9e, m\u00eame loin de la civilisation, vous avez besoin d&rsquo;une antenne flexible parfaitement adapt\u00e9e \u00e0 vos propres besoins. La CARO+ est l&rsquo;alternative id\u00e9ale lorsque chaque centim\u00e8tre compte. La construction compacte [&hellip;]","og_url":"https:\/\/shop.bantam.ch\/fr\/produit\/systeme-satellite-automatique-caro-vision-single-lnb\/","og_site_name":"Bantam","article_modified_time":"2026-05-12T18:33:16+00:00","og_image":[{"width":1000,"height":900,"url":"https:\/\/shop.bantam.ch\/wp-content\/uploads\/2023\/02\/9941834-100-1-3-3.jpg","type":"image\/jpeg"}],"twitter_card":"summary_large_image","twitter_misc":{"Dur\u00e9e de lecture estim\u00e9e":"2 minutes"},"schema":{"@context":"https:\/\/schema.org","@graph":[{"@type":"WebPage","@id":"https:\/\/shop.bantam.ch\/fr\/produit\/systeme-satellite-automatique-caro-vision-single-lnb\/","url":"https:\/\/shop.bantam.ch\/fr\/produit\/systeme-satellite-automatique-caro-vision-single-lnb\/","name":"Antenne satellite automatique Caro Vision Single LNB - Bantam","isPartOf":{"@id":"https:\/\/shop.bantam.ch\/fr\/#website"},"primaryImageOfPage":{"@id":"https:\/\/shop.bantam.ch\/fr\/produit\/systeme-satellite-automatique-caro-vision-single-lnb\/#primaryimage"},"image":{"@id":"https:\/\/shop.bantam.ch\/fr\/produit\/systeme-satellite-automatique-caro-vision-single-lnb\/#primaryimage"},"thumbnailUrl":"https:\/\/shop.bantam.ch\/wp-content\/uploads\/2023\/02\/9941834-100-1-3-3.jpg","datePublished":"2023-02-22T16:55:10+00:00","dateModified":"2026-05-12T18:33:16+00:00","breadcrumb":{"@id":"https:\/\/shop.bantam.ch\/fr\/produit\/systeme-satellite-automatique-caro-vision-single-lnb\/#breadcrumb"},"inLanguage":"fr-FR","potentialAction":[{"@type":"ReadAction","target":["https:\/\/shop.bantam.ch\/fr\/produit\/systeme-satellite-automatique-caro-vision-single-lnb\/"]}]},{"@type":"ImageObject","inLanguage":"fr-FR","@id":"https:\/\/shop.bantam.ch\/fr\/produit\/systeme-satellite-automatique-caro-vision-single-lnb\/#primaryimage","url":"https:\/\/shop.bantam.ch\/wp-content\/uploads\/2023\/02\/9941834-100-1-3-3.jpg","contentUrl":"https:\/\/shop.bantam.ch\/wp-content\/uploads\/2023\/02\/9941834-100-1-3-3.jpg","width":1000,"height":900},{"@type":"BreadcrumbList","@id":"https:\/\/shop.bantam.ch\/fr\/produit\/systeme-satellite-automatique-caro-vision-single-lnb\/#breadcrumb","itemListElement":[{"@type":"ListItem","position":1,"name":"Accueil","item":"https:\/\/shop.bantam.ch\/fr\/"},{"@type":"ListItem","position":2,"name":"Boutique","item":"https:\/\/shop.bantam.ch\/fr\/boutique\/"},{"@type":"ListItem","position":3,"name":"Antenne satellite automatique Caro Vision Single LNB"}]},{"@type":"WebSite","@id":"https:\/\/shop.bantam.ch\/fr\/#website","url":"https:\/\/shop.bantam.ch\/fr\/","name":"Bantam","description":"","publisher":{"@id":"https:\/\/shop.bantam.ch\/fr\/#organization"},"inLanguage":"fr-FR"},{"@type":"Organization","@id":"https:\/\/shop.bantam.ch\/fr\/#organization","name":"Bantam","url":"https:\/\/shop.bantam.ch\/fr\/","logo":{"@type":"ImageObject","inLanguage":"fr-FR","@id":"https:\/\/shop.bantam.ch\/fr\/#\/schema\/logo\/image\/","url":"https:\/\/shop.bantam.ch\/wp-content\/uploads\/2022\/12\/bantam-logo.png","contentUrl":"https:\/\/shop.bantam.ch\/wp-content\/uploads\/2022\/12\/bantam-logo.png","width":320,"height":71,"caption":"Bantam"},"image":{"@id":"https:\/\/shop.bantam.ch\/fr\/#\/schema\/logo\/image\/"}}]}},"_links":{"self":[{"href":"https:\/\/shop.bantam.ch\/fr\/wp-json\/wp\/v2\/product\/31007","targetHints":{"allow":["GET"]}}],"collection":[{"href":"https:\/\/shop.bantam.ch\/fr\/wp-json\/wp\/v2\/product"}],"about":[{"href":"https:\/\/shop.bantam.ch\/fr\/wp-json\/wp\/v2\/types\/product"}],"wp:featuredmedia":[{"embeddable":true,"href":"https:\/\/shop.bantam.ch\/fr\/wp-json\/wp\/v2\/media\/30997"}],"wp:attachment":[{"href":"https:\/\/shop.bantam.ch\/fr\/wp-json\/wp\/v2\/media?parent=31007"}],"wp:term":[{"taxonomy":"product_featured_cat","embeddable":true,"href":"https:\/\/shop.bantam.ch\/fr\/wp-json\/wp\/v2\/product_featured_cat?post=31007"},{"taxonomy":"product_brand","embeddable":true,"href":"https:\/\/shop.bantam.ch\/fr\/wp-json\/wp\/v2\/product_brand?post=31007"},{"taxonomy":"product_cat","embeddable":true,"href":"https:\/\/shop.bantam.ch\/fr\/wp-json\/wp\/v2\/product_cat?post=31007"},{"taxonomy":"product_tag","embeddable":true,"href":"https:\/\/shop.bantam.ch\/fr\/wp-json\/wp\/v2\/product_tag?post=31007"}],"curies":[{"name":"wp","href":"https:\/\/api.w.org\/{rel}","templated":true}]}}