{"id":30967,"date":"2023-02-22T17:54:25","date_gmt":"2023-02-22T16:54:25","guid":{"rendered":"http:\/\/preprod-dev.sh1.hidora.com\/webshop\/produit\/livre-touristique-europe-du-sud\/"},"modified":"2026-04-22T20:33:21","modified_gmt":"2026-04-22T18:33:21","slug":"livre-touristique-europe-du-sud","status":"publish","type":"product","link":"https:\/\/shop.bantam.ch\/fr\/produit\/livre-touristique-europe-du-sud\/","title":{"rendered":"Livre touristique Europe du Sud"},"content":{"rendered":"<p>Le livre touristique Europe du Sud, volume 2, d\u00e9crit les objectifs de longue date des blogueurs allemands du voyage: se rendre dans le sud de l\u2019Europe. Au total, 30 r\u00e9cits de voyage richement illustr\u00e9s et \u00e9crits avec sinc\u00e9rit\u00e9, r\u00e9dig\u00e9s par les meilleurs r\u00e9dacteurs et photographes du moment, nous conduisent des Alpes \u00e0 la M\u00e9diterran\u00e9e. L\u2019Italie et la France, les destinations les plus populaire, font l\u2019objet de toutes les attentions. Des visites en Croatie, en Gr\u00e8ce et en Espagne, ainsi que dans les pays de transit que sont l\u2019Autriche et la Suisse, compl\u00e8tent le riche \u00e9ventail des r\u00e9gions les plus attrayantes de l\u2019Europe du Sud. Il donne \u00e9galement de nombreuses informations pratiques de voyages, des adresses et des conseils utiles. Les emplacements recommand\u00e9s sont organis\u00e9s par r\u00e9gion avec toutes les informations que les voyageurs on besoin sur le route. Des cartes, g\u00e9n\u00e9rales et d\u00e9taill\u00e9es, vous aident \u00e0 vous orienter. Circonf\u00e9rence : 216 pages, Format : 28,5 x 22 cm, Mat\u00e9riel : Bookazine, reliure cousue<br \/>Nouveau<\/p>\n","protected":false},"excerpt":{"rendered":"<p>Le livre touristique Europe du Sud, volume 2, d\u00e9crit les objectifs de longue date des blogueurs allemands du voyage: se rendre dans le sud de l\u2019Europe. Au total, 30 r\u00e9cits de voyage richement illustr\u00e9s et \u00e9crits avec sinc\u00e9rit\u00e9, r\u00e9dig\u00e9s par les meilleurs r\u00e9dacteurs et photographes du moment, nous conduisent des Alpes \u00e0 la M\u00e9diterran\u00e9e. L\u2019Italie [&hellip;]<\/p>\n","protected":false},"featured_media":30965,"template":"","meta":{"_acf_changed":false},"product_featured_cat":[],"product_brand":[3122],"product_cat":[4015],"product_tag":[],"class_list":{"0":"post-30967","1":"product","2":"type-product","3":"status-publish","4":"has-post-thumbnail","6":"product_brand-promobil","7":"product_cat-livres-et-guides-de-voyage","9":"first","10":"instock","11":"taxable","12":"shipping-taxable","13":"purchasable","14":"product-type-simple"},"acf":[],"yoast_head":"<!-- This site is optimized with the Yoast SEO plugin v27.4 - https:\/\/yoast.com\/product\/yoast-seo-wordpress\/ -->\n<title>Livre touristique Europe du Sud - Bantam Wankm\u00fcller SA<\/title>\n<meta name=\"robots\" content=\"index, follow, max-snippet:-1, max-image-preview:large, max-video-preview:-1\" \/>\n<link rel=\"canonical\" href=\"https:\/\/shop.bantam.ch\/fr\/produit\/livre-touristique-europe-du-sud\/\" \/>\n<meta property=\"og:locale\" content=\"fr_FR\" \/>\n<meta property=\"og:type\" content=\"article\" \/>\n<meta property=\"og:title\" content=\"Livre touristique Europe du Sud - Bantam Wankm\u00fcller SA\" \/>\n<meta property=\"og:description\" content=\"Le livre touristique Europe du Sud, volume 2, d\u00e9crit les objectifs de longue date des blogueurs allemands du voyage: se rendre dans le sud de l\u2019Europe. Au total, 30 r\u00e9cits de voyage richement illustr\u00e9s et \u00e9crits avec sinc\u00e9rit\u00e9, r\u00e9dig\u00e9s par les meilleurs r\u00e9dacteurs et photographes du moment, nous conduisent des Alpes \u00e0 la M\u00e9diterran\u00e9e. L\u2019Italie [&hellip;]\" \/>\n<meta property=\"og:url\" content=\"https:\/\/shop.bantam.ch\/fr\/produit\/livre-touristique-europe-du-sud\/\" \/>\n<meta property=\"og:site_name\" content=\"Bantam Wankm\u00fcller SA\" \/>\n<meta property=\"article:modified_time\" content=\"2026-04-22T18:33:21+00:00\" \/>\n<meta property=\"og:image\" content=\"https:\/\/shop.bantam.ch\/wp-content\/uploads\/2023\/02\/9940103-Promobil_Aktiv_Suedeuropa-Standard-01-3.jpg\" \/>\n\t<meta property=\"og:image:width\" content=\"768\" \/>\n\t<meta property=\"og:image:height\" content=\"1000\" \/>\n\t<meta property=\"og:image:type\" content=\"image\/jpeg\" \/>\n<meta name=\"twitter:card\" content=\"summary_large_image\" \/>\n<meta name=\"twitter:label1\" content=\"Dur\u00e9e de lecture estim\u00e9e\" \/>\n\t<meta name=\"twitter:data1\" content=\"1 minute\" \/>\n<script type=\"application\/ld+json\" class=\"yoast-schema-graph\">{\"@context\":\"https:\\\/\\\/schema.org\",\"@graph\":[{\"@type\":\"WebPage\",\"@id\":\"https:\\\/\\\/shop.bantam.ch\\\/fr\\\/produit\\\/livre-touristique-europe-du-sud\\\/\",\"url\":\"https:\\\/\\\/shop.bantam.ch\\\/fr\\\/produit\\\/livre-touristique-europe-du-sud\\\/\",\"name\":\"Livre touristique Europe du Sud - Bantam Wankm\u00fcller SA\",\"isPartOf\":{\"@id\":\"https:\\\/\\\/shop.bantam.ch\\\/fr\\\/#website\"},\"primaryImageOfPage\":{\"@id\":\"https:\\\/\\\/shop.bantam.ch\\\/fr\\\/produit\\\/livre-touristique-europe-du-sud\\\/#primaryimage\"},\"image\":{\"@id\":\"https:\\\/\\\/shop.bantam.ch\\\/fr\\\/produit\\\/livre-touristique-europe-du-sud\\\/#primaryimage\"},\"thumbnailUrl\":\"https:\\\/\\\/shop.bantam.ch\\\/wp-content\\\/uploads\\\/2023\\\/02\\\/9940103-Promobil_Aktiv_Suedeuropa-Standard-01-3.jpg\",\"datePublished\":\"2023-02-22T16:54:25+00:00\",\"dateModified\":\"2026-04-22T18:33:21+00:00\",\"breadcrumb\":{\"@id\":\"https:\\\/\\\/shop.bantam.ch\\\/fr\\\/produit\\\/livre-touristique-europe-du-sud\\\/#breadcrumb\"},\"inLanguage\":\"fr-FR\",\"potentialAction\":[{\"@type\":\"ReadAction\",\"target\":[\"https:\\\/\\\/shop.bantam.ch\\\/fr\\\/produit\\\/livre-touristique-europe-du-sud\\\/\"]}]},{\"@type\":\"ImageObject\",\"inLanguage\":\"fr-FR\",\"@id\":\"https:\\\/\\\/shop.bantam.ch\\\/fr\\\/produit\\\/livre-touristique-europe-du-sud\\\/#primaryimage\",\"url\":\"https:\\\/\\\/shop.bantam.ch\\\/wp-content\\\/uploads\\\/2023\\\/02\\\/9940103-Promobil_Aktiv_Suedeuropa-Standard-01-3.jpg\",\"contentUrl\":\"https:\\\/\\\/shop.bantam.ch\\\/wp-content\\\/uploads\\\/2023\\\/02\\\/9940103-Promobil_Aktiv_Suedeuropa-Standard-01-3.jpg\",\"width\":768,\"height\":1000},{\"@type\":\"BreadcrumbList\",\"@id\":\"https:\\\/\\\/shop.bantam.ch\\\/fr\\\/produit\\\/livre-touristique-europe-du-sud\\\/#breadcrumb\",\"itemListElement\":[{\"@type\":\"ListItem\",\"position\":1,\"name\":\"Accueil\",\"item\":\"https:\\\/\\\/shop.bantam.ch\\\/fr\\\/\"},{\"@type\":\"ListItem\",\"position\":2,\"name\":\"Boutique\",\"item\":\"https:\\\/\\\/shop.bantam.ch\\\/fr\\\/boutique\\\/\"},{\"@type\":\"ListItem\",\"position\":3,\"name\":\"Livre touristique Europe du Sud\"}]},{\"@type\":\"WebSite\",\"@id\":\"https:\\\/\\\/shop.bantam.ch\\\/fr\\\/#website\",\"url\":\"https:\\\/\\\/shop.bantam.ch\\\/fr\\\/\",\"name\":\"Bantam Wankm\u00fcller SA\",\"description\":\"\",\"publisher\":{\"@id\":\"https:\\\/\\\/shop.bantam.ch\\\/fr\\\/#organization\"},\"inLanguage\":\"fr-FR\"},{\"@type\":\"Organization\",\"@id\":\"https:\\\/\\\/shop.bantam.ch\\\/fr\\\/#organization\",\"name\":\"Bantam Wankm\u00fcller SA\",\"url\":\"https:\\\/\\\/shop.bantam.ch\\\/fr\\\/\",\"logo\":{\"@type\":\"ImageObject\",\"inLanguage\":\"fr-FR\",\"@id\":\"https:\\\/\\\/shop.bantam.ch\\\/fr\\\/#\\\/schema\\\/logo\\\/image\\\/\",\"url\":\"https:\\\/\\\/shop.bantam.ch\\\/wp-content\\\/uploads\\\/2022\\\/12\\\/bantam-logo.png\",\"contentUrl\":\"https:\\\/\\\/shop.bantam.ch\\\/wp-content\\\/uploads\\\/2022\\\/12\\\/bantam-logo.png\",\"width\":320,\"height\":71,\"caption\":\"Bantam Wankm\u00fcller SA\"},\"image\":{\"@id\":\"https:\\\/\\\/shop.bantam.ch\\\/fr\\\/#\\\/schema\\\/logo\\\/image\\\/\"}}]}<\/script>\n<!-- \/ Yoast SEO plugin. -->","yoast_head_json":{"title":"Livre touristique Europe du Sud - Bantam Wankm\u00fcller SA","robots":{"index":"index","follow":"follow","max-snippet":"max-snippet:-1","max-image-preview":"max-image-preview:large","max-video-preview":"max-video-preview:-1"},"canonical":"https:\/\/shop.bantam.ch\/fr\/produit\/livre-touristique-europe-du-sud\/","og_locale":"fr_FR","og_type":"article","og_title":"Livre touristique Europe du Sud - Bantam Wankm\u00fcller SA","og_description":"Le livre touristique Europe du Sud, volume 2, d\u00e9crit les objectifs de longue date des blogueurs allemands du voyage: se rendre dans le sud de l\u2019Europe. Au total, 30 r\u00e9cits de voyage richement illustr\u00e9s et \u00e9crits avec sinc\u00e9rit\u00e9, r\u00e9dig\u00e9s par les meilleurs r\u00e9dacteurs et photographes du moment, nous conduisent des Alpes \u00e0 la M\u00e9diterran\u00e9e. L\u2019Italie [&hellip;]","og_url":"https:\/\/shop.bantam.ch\/fr\/produit\/livre-touristique-europe-du-sud\/","og_site_name":"Bantam Wankm\u00fcller SA","article_modified_time":"2026-04-22T18:33:21+00:00","og_image":[{"width":768,"height":1000,"url":"https:\/\/shop.bantam.ch\/wp-content\/uploads\/2023\/02\/9940103-Promobil_Aktiv_Suedeuropa-Standard-01-3.jpg","type":"image\/jpeg"}],"twitter_card":"summary_large_image","twitter_misc":{"Dur\u00e9e de lecture estim\u00e9e":"1 minute"},"schema":{"@context":"https:\/\/schema.org","@graph":[{"@type":"WebPage","@id":"https:\/\/shop.bantam.ch\/fr\/produit\/livre-touristique-europe-du-sud\/","url":"https:\/\/shop.bantam.ch\/fr\/produit\/livre-touristique-europe-du-sud\/","name":"Livre touristique Europe du Sud - Bantam Wankm\u00fcller SA","isPartOf":{"@id":"https:\/\/shop.bantam.ch\/fr\/#website"},"primaryImageOfPage":{"@id":"https:\/\/shop.bantam.ch\/fr\/produit\/livre-touristique-europe-du-sud\/#primaryimage"},"image":{"@id":"https:\/\/shop.bantam.ch\/fr\/produit\/livre-touristique-europe-du-sud\/#primaryimage"},"thumbnailUrl":"https:\/\/shop.bantam.ch\/wp-content\/uploads\/2023\/02\/9940103-Promobil_Aktiv_Suedeuropa-Standard-01-3.jpg","datePublished":"2023-02-22T16:54:25+00:00","dateModified":"2026-04-22T18:33:21+00:00","breadcrumb":{"@id":"https:\/\/shop.bantam.ch\/fr\/produit\/livre-touristique-europe-du-sud\/#breadcrumb"},"inLanguage":"fr-FR","potentialAction":[{"@type":"ReadAction","target":["https:\/\/shop.bantam.ch\/fr\/produit\/livre-touristique-europe-du-sud\/"]}]},{"@type":"ImageObject","inLanguage":"fr-FR","@id":"https:\/\/shop.bantam.ch\/fr\/produit\/livre-touristique-europe-du-sud\/#primaryimage","url":"https:\/\/shop.bantam.ch\/wp-content\/uploads\/2023\/02\/9940103-Promobil_Aktiv_Suedeuropa-Standard-01-3.jpg","contentUrl":"https:\/\/shop.bantam.ch\/wp-content\/uploads\/2023\/02\/9940103-Promobil_Aktiv_Suedeuropa-Standard-01-3.jpg","width":768,"height":1000},{"@type":"BreadcrumbList","@id":"https:\/\/shop.bantam.ch\/fr\/produit\/livre-touristique-europe-du-sud\/#breadcrumb","itemListElement":[{"@type":"ListItem","position":1,"name":"Accueil","item":"https:\/\/shop.bantam.ch\/fr\/"},{"@type":"ListItem","position":2,"name":"Boutique","item":"https:\/\/shop.bantam.ch\/fr\/boutique\/"},{"@type":"ListItem","position":3,"name":"Livre touristique Europe du Sud"}]},{"@type":"WebSite","@id":"https:\/\/shop.bantam.ch\/fr\/#website","url":"https:\/\/shop.bantam.ch\/fr\/","name":"Bantam Wankm\u00fcller SA","description":"","publisher":{"@id":"https:\/\/shop.bantam.ch\/fr\/#organization"},"inLanguage":"fr-FR"},{"@type":"Organization","@id":"https:\/\/shop.bantam.ch\/fr\/#organization","name":"Bantam Wankm\u00fcller SA","url":"https:\/\/shop.bantam.ch\/fr\/","logo":{"@type":"ImageObject","inLanguage":"fr-FR","@id":"https:\/\/shop.bantam.ch\/fr\/#\/schema\/logo\/image\/","url":"https:\/\/shop.bantam.ch\/wp-content\/uploads\/2022\/12\/bantam-logo.png","contentUrl":"https:\/\/shop.bantam.ch\/wp-content\/uploads\/2022\/12\/bantam-logo.png","width":320,"height":71,"caption":"Bantam Wankm\u00fcller SA"},"image":{"@id":"https:\/\/shop.bantam.ch\/fr\/#\/schema\/logo\/image\/"}}]}},"_links":{"self":[{"href":"https:\/\/shop.bantam.ch\/fr\/wp-json\/wp\/v2\/product\/30967","targetHints":{"allow":["GET"]}}],"collection":[{"href":"https:\/\/shop.bantam.ch\/fr\/wp-json\/wp\/v2\/product"}],"about":[{"href":"https:\/\/shop.bantam.ch\/fr\/wp-json\/wp\/v2\/types\/product"}],"wp:featuredmedia":[{"embeddable":true,"href":"https:\/\/shop.bantam.ch\/fr\/wp-json\/wp\/v2\/media\/30965"}],"wp:attachment":[{"href":"https:\/\/shop.bantam.ch\/fr\/wp-json\/wp\/v2\/media?parent=30967"}],"wp:term":[{"taxonomy":"product_featured_cat","embeddable":true,"href":"https:\/\/shop.bantam.ch\/fr\/wp-json\/wp\/v2\/product_featured_cat?post=30967"},{"taxonomy":"product_brand","embeddable":true,"href":"https:\/\/shop.bantam.ch\/fr\/wp-json\/wp\/v2\/product_brand?post=30967"},{"taxonomy":"product_cat","embeddable":true,"href":"https:\/\/shop.bantam.ch\/fr\/wp-json\/wp\/v2\/product_cat?post=30967"},{"taxonomy":"product_tag","embeddable":true,"href":"https:\/\/shop.bantam.ch\/fr\/wp-json\/wp\/v2\/product_tag?post=30967"}],"curies":[{"name":"wp","href":"https:\/\/api.w.org\/{rel}","templated":true}]}}