{"id":30907,"date":"2023-02-22T17:53:16","date_gmt":"2023-02-22T16:53:16","guid":{"rendered":"http:\/\/preprod-dev.sh1.hidora.com\/webshop\/produit\/service-vaisselle-cosmic-16-pcs\/"},"modified":"2026-04-17T20:33:01","modified_gmt":"2026-04-17T18:33:01","slug":"service-vaisselle-cosmic-16-pcs","status":"publish","type":"product","link":"https:\/\/shop.bantam.ch\/fr\/produit\/service-vaisselle-cosmic-16-pcs\/","title":{"rendered":"S\u00e9rie de vaisselle Cosmic 16 pi\u00e8ces"},"content":{"rendered":"<p>Vaisselle en m\u00e9lanine avec syst\u00e8me antiglisse &#8211; gr\u00e2ce \u00e0 l&rsquo;utilisation d&rsquo;un joint anti-glissant int\u00e9gr\u00e9 dans le fond de l&rsquo;assiette, il sera plus difficile de laisser glisser ou tomber une pi\u00e8ce de vaisselle. En outre, les nuisances sonores sont sensiblement r\u00e9duites pendant le trajet.<br \/>Une f\u00e9\u00e9rie tout en rouge compl\u00e9t\u00e9e par de l\u00e9gers filaments pour un design haut de gamme.  Jeu de couleurs et effets visuels.<\/p>\n<p>Service de 16 pi\u00e8ces comprenant :<br \/>4 assiettes plates (\u00d8 25 cm)<br \/>4 assiettes creuses (\u00d8 22 cm)<br \/>4 assiettes \u00e0 dessert (\u00d8 20 cm)<br \/>4 tasses \u00e0 anses (300 ml)<\/p>\n","protected":false},"excerpt":{"rendered":"<p>Vaisselle en m\u00e9lanine avec syst\u00e8me antiglisse &#8211; gr\u00e2ce \u00e0 l&rsquo;utilisation d&rsquo;un joint anti-glissant int\u00e9gr\u00e9 dans le fond de l&rsquo;assiette, il sera plus difficile de laisser glisser ou tomber une pi\u00e8ce de vaisselle. En outre, les nuisances sonores sont sensiblement r\u00e9duites pendant le trajet.Une f\u00e9\u00e9rie tout en rouge compl\u00e9t\u00e9e par de l\u00e9gers filaments pour un design [&hellip;]<\/p>\n","protected":false},"featured_media":30903,"template":"","meta":{"_acf_changed":false},"product_featured_cat":[],"product_brand":[3080],"product_cat":[4273],"product_tag":[],"class_list":{"0":"post-30907","1":"product","2":"type-product","3":"status-publish","4":"has-post-thumbnail","6":"product_brand-brunner","7":"product_cat-services-de-table","9":"first","10":"instock","11":"taxable","12":"shipping-taxable","13":"purchasable","14":"product-type-simple"},"acf":[],"yoast_head":"<!-- This site is optimized with the Yoast SEO plugin v27.4 - https:\/\/yoast.com\/product\/yoast-seo-wordpress\/ -->\n<title>S\u00e9rie de vaisselle Cosmic 16 pi\u00e8ces - Bantam Wankm\u00fcller SA<\/title>\n<meta name=\"robots\" content=\"index, follow, max-snippet:-1, max-image-preview:large, max-video-preview:-1\" \/>\n<link rel=\"canonical\" href=\"https:\/\/shop.bantam.ch\/fr\/produit\/service-vaisselle-cosmic-16-pcs\/\" \/>\n<meta property=\"og:locale\" content=\"fr_FR\" \/>\n<meta property=\"og:type\" content=\"article\" \/>\n<meta property=\"og:title\" content=\"S\u00e9rie de vaisselle Cosmic 16 pi\u00e8ces - Bantam Wankm\u00fcller SA\" \/>\n<meta property=\"og:description\" content=\"Vaisselle en m\u00e9lanine avec syst\u00e8me antiglisse &#8211; gr\u00e2ce \u00e0 l&rsquo;utilisation d&rsquo;un joint anti-glissant int\u00e9gr\u00e9 dans le fond de l&rsquo;assiette, il sera plus difficile de laisser glisser ou tomber une pi\u00e8ce de vaisselle. En outre, les nuisances sonores sont sensiblement r\u00e9duites pendant le trajet.Une f\u00e9\u00e9rie tout en rouge compl\u00e9t\u00e9e par de l\u00e9gers filaments pour un design [&hellip;]\" \/>\n<meta property=\"og:url\" content=\"https:\/\/shop.bantam.ch\/fr\/produit\/service-vaisselle-cosmic-16-pcs\/\" \/>\n<meta property=\"og:site_name\" content=\"Bantam Wankm\u00fcller SA\" \/>\n<meta property=\"article:modified_time\" content=\"2026-04-17T18:33:01+00:00\" \/>\n<meta property=\"og:image\" content=\"https:\/\/shop.bantam.ch\/wp-content\/uploads\/2023\/02\/9920154-Geschirrserie_Cosmic_16tlg_4_Henkelbecher_4_Dessertteller_vier_tiefe_Teller_vier_flache_Teller-Standard-01-3.jpg\" \/>\n\t<meta property=\"og:image:width\" content=\"1000\" \/>\n\t<meta property=\"og:image:height\" content=\"571\" \/>\n\t<meta property=\"og:image:type\" content=\"image\/jpeg\" \/>\n<meta name=\"twitter:card\" content=\"summary_large_image\" \/>\n<script type=\"application\/ld+json\" class=\"yoast-schema-graph\">{\"@context\":\"https:\\\/\\\/schema.org\",\"@graph\":[{\"@type\":\"WebPage\",\"@id\":\"https:\\\/\\\/shop.bantam.ch\\\/fr\\\/produit\\\/service-vaisselle-cosmic-16-pcs\\\/\",\"url\":\"https:\\\/\\\/shop.bantam.ch\\\/fr\\\/produit\\\/service-vaisselle-cosmic-16-pcs\\\/\",\"name\":\"S\u00e9rie de vaisselle Cosmic 16 pi\u00e8ces - Bantam Wankm\u00fcller SA\",\"isPartOf\":{\"@id\":\"https:\\\/\\\/shop.bantam.ch\\\/fr\\\/#website\"},\"primaryImageOfPage\":{\"@id\":\"https:\\\/\\\/shop.bantam.ch\\\/fr\\\/produit\\\/service-vaisselle-cosmic-16-pcs\\\/#primaryimage\"},\"image\":{\"@id\":\"https:\\\/\\\/shop.bantam.ch\\\/fr\\\/produit\\\/service-vaisselle-cosmic-16-pcs\\\/#primaryimage\"},\"thumbnailUrl\":\"https:\\\/\\\/shop.bantam.ch\\\/wp-content\\\/uploads\\\/2023\\\/02\\\/9920154-Geschirrserie_Cosmic_16tlg_4_Henkelbecher_4_Dessertteller_vier_tiefe_Teller_vier_flache_Teller-Standard-01-3.jpg\",\"datePublished\":\"2023-02-22T16:53:16+00:00\",\"dateModified\":\"2026-04-17T18:33:01+00:00\",\"breadcrumb\":{\"@id\":\"https:\\\/\\\/shop.bantam.ch\\\/fr\\\/produit\\\/service-vaisselle-cosmic-16-pcs\\\/#breadcrumb\"},\"inLanguage\":\"fr-FR\",\"potentialAction\":[{\"@type\":\"ReadAction\",\"target\":[\"https:\\\/\\\/shop.bantam.ch\\\/fr\\\/produit\\\/service-vaisselle-cosmic-16-pcs\\\/\"]}]},{\"@type\":\"ImageObject\",\"inLanguage\":\"fr-FR\",\"@id\":\"https:\\\/\\\/shop.bantam.ch\\\/fr\\\/produit\\\/service-vaisselle-cosmic-16-pcs\\\/#primaryimage\",\"url\":\"https:\\\/\\\/shop.bantam.ch\\\/wp-content\\\/uploads\\\/2023\\\/02\\\/9920154-Geschirrserie_Cosmic_16tlg_4_Henkelbecher_4_Dessertteller_vier_tiefe_Teller_vier_flache_Teller-Standard-01-3.jpg\",\"contentUrl\":\"https:\\\/\\\/shop.bantam.ch\\\/wp-content\\\/uploads\\\/2023\\\/02\\\/9920154-Geschirrserie_Cosmic_16tlg_4_Henkelbecher_4_Dessertteller_vier_tiefe_Teller_vier_flache_Teller-Standard-01-3.jpg\",\"width\":1000,\"height\":571},{\"@type\":\"BreadcrumbList\",\"@id\":\"https:\\\/\\\/shop.bantam.ch\\\/fr\\\/produit\\\/service-vaisselle-cosmic-16-pcs\\\/#breadcrumb\",\"itemListElement\":[{\"@type\":\"ListItem\",\"position\":1,\"name\":\"Accueil\",\"item\":\"https:\\\/\\\/shop.bantam.ch\\\/fr\\\/\"},{\"@type\":\"ListItem\",\"position\":2,\"name\":\"Boutique\",\"item\":\"https:\\\/\\\/shop.bantam.ch\\\/fr\\\/boutique\\\/\"},{\"@type\":\"ListItem\",\"position\":3,\"name\":\"S\u00e9rie de vaisselle Cosmic 16 pi\u00e8ces\"}]},{\"@type\":\"WebSite\",\"@id\":\"https:\\\/\\\/shop.bantam.ch\\\/fr\\\/#website\",\"url\":\"https:\\\/\\\/shop.bantam.ch\\\/fr\\\/\",\"name\":\"Bantam Wankm\u00fcller SA\",\"description\":\"\",\"publisher\":{\"@id\":\"https:\\\/\\\/shop.bantam.ch\\\/fr\\\/#organization\"},\"inLanguage\":\"fr-FR\"},{\"@type\":\"Organization\",\"@id\":\"https:\\\/\\\/shop.bantam.ch\\\/fr\\\/#organization\",\"name\":\"Bantam Wankm\u00fcller SA\",\"url\":\"https:\\\/\\\/shop.bantam.ch\\\/fr\\\/\",\"logo\":{\"@type\":\"ImageObject\",\"inLanguage\":\"fr-FR\",\"@id\":\"https:\\\/\\\/shop.bantam.ch\\\/fr\\\/#\\\/schema\\\/logo\\\/image\\\/\",\"url\":\"https:\\\/\\\/shop.bantam.ch\\\/wp-content\\\/uploads\\\/2022\\\/12\\\/bantam-logo.png\",\"contentUrl\":\"https:\\\/\\\/shop.bantam.ch\\\/wp-content\\\/uploads\\\/2022\\\/12\\\/bantam-logo.png\",\"width\":320,\"height\":71,\"caption\":\"Bantam Wankm\u00fcller SA\"},\"image\":{\"@id\":\"https:\\\/\\\/shop.bantam.ch\\\/fr\\\/#\\\/schema\\\/logo\\\/image\\\/\"}}]}<\/script>\n<!-- \/ Yoast SEO plugin. -->","yoast_head_json":{"title":"S\u00e9rie de vaisselle Cosmic 16 pi\u00e8ces - Bantam Wankm\u00fcller SA","robots":{"index":"index","follow":"follow","max-snippet":"max-snippet:-1","max-image-preview":"max-image-preview:large","max-video-preview":"max-video-preview:-1"},"canonical":"https:\/\/shop.bantam.ch\/fr\/produit\/service-vaisselle-cosmic-16-pcs\/","og_locale":"fr_FR","og_type":"article","og_title":"S\u00e9rie de vaisselle Cosmic 16 pi\u00e8ces - Bantam Wankm\u00fcller SA","og_description":"Vaisselle en m\u00e9lanine avec syst\u00e8me antiglisse &#8211; gr\u00e2ce \u00e0 l&rsquo;utilisation d&rsquo;un joint anti-glissant int\u00e9gr\u00e9 dans le fond de l&rsquo;assiette, il sera plus difficile de laisser glisser ou tomber une pi\u00e8ce de vaisselle. En outre, les nuisances sonores sont sensiblement r\u00e9duites pendant le trajet.Une f\u00e9\u00e9rie tout en rouge compl\u00e9t\u00e9e par de l\u00e9gers filaments pour un design [&hellip;]","og_url":"https:\/\/shop.bantam.ch\/fr\/produit\/service-vaisselle-cosmic-16-pcs\/","og_site_name":"Bantam Wankm\u00fcller SA","article_modified_time":"2026-04-17T18:33:01+00:00","og_image":[{"width":1000,"height":571,"url":"https:\/\/shop.bantam.ch\/wp-content\/uploads\/2023\/02\/9920154-Geschirrserie_Cosmic_16tlg_4_Henkelbecher_4_Dessertteller_vier_tiefe_Teller_vier_flache_Teller-Standard-01-3.jpg","type":"image\/jpeg"}],"twitter_card":"summary_large_image","schema":{"@context":"https:\/\/schema.org","@graph":[{"@type":"WebPage","@id":"https:\/\/shop.bantam.ch\/fr\/produit\/service-vaisselle-cosmic-16-pcs\/","url":"https:\/\/shop.bantam.ch\/fr\/produit\/service-vaisselle-cosmic-16-pcs\/","name":"S\u00e9rie de vaisselle Cosmic 16 pi\u00e8ces - Bantam Wankm\u00fcller SA","isPartOf":{"@id":"https:\/\/shop.bantam.ch\/fr\/#website"},"primaryImageOfPage":{"@id":"https:\/\/shop.bantam.ch\/fr\/produit\/service-vaisselle-cosmic-16-pcs\/#primaryimage"},"image":{"@id":"https:\/\/shop.bantam.ch\/fr\/produit\/service-vaisselle-cosmic-16-pcs\/#primaryimage"},"thumbnailUrl":"https:\/\/shop.bantam.ch\/wp-content\/uploads\/2023\/02\/9920154-Geschirrserie_Cosmic_16tlg_4_Henkelbecher_4_Dessertteller_vier_tiefe_Teller_vier_flache_Teller-Standard-01-3.jpg","datePublished":"2023-02-22T16:53:16+00:00","dateModified":"2026-04-17T18:33:01+00:00","breadcrumb":{"@id":"https:\/\/shop.bantam.ch\/fr\/produit\/service-vaisselle-cosmic-16-pcs\/#breadcrumb"},"inLanguage":"fr-FR","potentialAction":[{"@type":"ReadAction","target":["https:\/\/shop.bantam.ch\/fr\/produit\/service-vaisselle-cosmic-16-pcs\/"]}]},{"@type":"ImageObject","inLanguage":"fr-FR","@id":"https:\/\/shop.bantam.ch\/fr\/produit\/service-vaisselle-cosmic-16-pcs\/#primaryimage","url":"https:\/\/shop.bantam.ch\/wp-content\/uploads\/2023\/02\/9920154-Geschirrserie_Cosmic_16tlg_4_Henkelbecher_4_Dessertteller_vier_tiefe_Teller_vier_flache_Teller-Standard-01-3.jpg","contentUrl":"https:\/\/shop.bantam.ch\/wp-content\/uploads\/2023\/02\/9920154-Geschirrserie_Cosmic_16tlg_4_Henkelbecher_4_Dessertteller_vier_tiefe_Teller_vier_flache_Teller-Standard-01-3.jpg","width":1000,"height":571},{"@type":"BreadcrumbList","@id":"https:\/\/shop.bantam.ch\/fr\/produit\/service-vaisselle-cosmic-16-pcs\/#breadcrumb","itemListElement":[{"@type":"ListItem","position":1,"name":"Accueil","item":"https:\/\/shop.bantam.ch\/fr\/"},{"@type":"ListItem","position":2,"name":"Boutique","item":"https:\/\/shop.bantam.ch\/fr\/boutique\/"},{"@type":"ListItem","position":3,"name":"S\u00e9rie de vaisselle Cosmic 16 pi\u00e8ces"}]},{"@type":"WebSite","@id":"https:\/\/shop.bantam.ch\/fr\/#website","url":"https:\/\/shop.bantam.ch\/fr\/","name":"Bantam Wankm\u00fcller SA","description":"","publisher":{"@id":"https:\/\/shop.bantam.ch\/fr\/#organization"},"inLanguage":"fr-FR"},{"@type":"Organization","@id":"https:\/\/shop.bantam.ch\/fr\/#organization","name":"Bantam Wankm\u00fcller SA","url":"https:\/\/shop.bantam.ch\/fr\/","logo":{"@type":"ImageObject","inLanguage":"fr-FR","@id":"https:\/\/shop.bantam.ch\/fr\/#\/schema\/logo\/image\/","url":"https:\/\/shop.bantam.ch\/wp-content\/uploads\/2022\/12\/bantam-logo.png","contentUrl":"https:\/\/shop.bantam.ch\/wp-content\/uploads\/2022\/12\/bantam-logo.png","width":320,"height":71,"caption":"Bantam Wankm\u00fcller SA"},"image":{"@id":"https:\/\/shop.bantam.ch\/fr\/#\/schema\/logo\/image\/"}}]}},"_links":{"self":[{"href":"https:\/\/shop.bantam.ch\/fr\/wp-json\/wp\/v2\/product\/30907","targetHints":{"allow":["GET"]}}],"collection":[{"href":"https:\/\/shop.bantam.ch\/fr\/wp-json\/wp\/v2\/product"}],"about":[{"href":"https:\/\/shop.bantam.ch\/fr\/wp-json\/wp\/v2\/types\/product"}],"wp:featuredmedia":[{"embeddable":true,"href":"https:\/\/shop.bantam.ch\/fr\/wp-json\/wp\/v2\/media\/30903"}],"wp:attachment":[{"href":"https:\/\/shop.bantam.ch\/fr\/wp-json\/wp\/v2\/media?parent=30907"}],"wp:term":[{"taxonomy":"product_featured_cat","embeddable":true,"href":"https:\/\/shop.bantam.ch\/fr\/wp-json\/wp\/v2\/product_featured_cat?post=30907"},{"taxonomy":"product_brand","embeddable":true,"href":"https:\/\/shop.bantam.ch\/fr\/wp-json\/wp\/v2\/product_brand?post=30907"},{"taxonomy":"product_cat","embeddable":true,"href":"https:\/\/shop.bantam.ch\/fr\/wp-json\/wp\/v2\/product_cat?post=30907"},{"taxonomy":"product_tag","embeddable":true,"href":"https:\/\/shop.bantam.ch\/fr\/wp-json\/wp\/v2\/product_tag?post=30907"}],"curies":[{"name":"wp","href":"https:\/\/api.w.org\/{rel}","templated":true}]}}