{"id":30873,"date":"2023-02-22T17:52:38","date_gmt":"2023-02-22T16:52:38","guid":{"rendered":"http:\/\/preprod-dev.sh1.hidora.com\/webshop\/produit\/verseur-avec-adaptateur-de-3-4-pouces\/"},"modified":"2026-04-17T20:32:53","modified_gmt":"2026-04-17T18:32:53","slug":"verseur-avec-adaptateur-de-3-4-pouces","status":"publish","type":"product","link":"https:\/\/shop.bantam.ch\/fr\/produit\/verseur-avec-adaptateur-de-3-4-pouces\/","title":{"rendered":"Verseur Comet flexibel avec adaptateur de 3\/4 pouces l&rsquo;int\u00e9rieur"},"content":{"rendered":"<p>Cet adaptateur permet de d\u00e9placer le bidon d&rsquo;eau lors du remplissage au moyen de la tubulure de remplissage sur le v\u00e9hicule dans toutes les directions souhait\u00e9es afin de vider enti\u00e8rement le bidon dans le r\u00e9servoir. Adaptateur de \u00be pouce avec bec verseur flexible, \u00d8 27 mm \u00e0 visser sur le d\u00e9versoir d\u2018eau (b\u00e9casse) du bidon de remplissage.<\/p>\n","protected":false},"excerpt":{"rendered":"<p>Cet adaptateur permet de d\u00e9placer le bidon d&rsquo;eau lors du remplissage au moyen de la tubulure de remplissage sur le v\u00e9hicule dans toutes les directions souhait\u00e9es afin de vider enti\u00e8rement le bidon dans le r\u00e9servoir. Adaptateur de \u00be pouce avec bec verseur flexible, \u00d8 27 mm \u00e0 visser sur le d\u00e9versoir d\u2018eau (b\u00e9casse) du bidon [&hellip;]<\/p>\n","protected":false},"featured_media":30871,"template":"","meta":{"_acf_changed":false},"product_featured_cat":[],"product_brand":[3110],"product_cat":[4123],"product_tag":[],"class_list":{"0":"post-30873","1":"product","2":"type-product","3":"status-publish","4":"has-post-thumbnail","6":"product_brand-comet","7":"product_cat-accessoires-pour-leau-et-les-sanitaires","9":"first","10":"instock","11":"taxable","12":"shipping-taxable","13":"purchasable","14":"product-type-simple"},"acf":[],"yoast_head":"<!-- This site is optimized with the Yoast SEO plugin v27.4 - https:\/\/yoast.com\/product\/yoast-seo-wordpress\/ -->\n<title>Verseur Comet flexibel avec adaptateur de 3\/4 pouces l&#039;int\u00e9rieur - Bantam Wankm\u00fcller SA<\/title>\n<meta name=\"robots\" content=\"index, follow, max-snippet:-1, max-image-preview:large, max-video-preview:-1\" \/>\n<link rel=\"canonical\" href=\"https:\/\/shop.bantam.ch\/fr\/produit\/verseur-avec-adaptateur-de-3-4-pouces\/\" \/>\n<meta property=\"og:locale\" content=\"fr_FR\" \/>\n<meta property=\"og:type\" content=\"article\" \/>\n<meta property=\"og:title\" content=\"Verseur Comet flexibel avec adaptateur de 3\/4 pouces l&#039;int\u00e9rieur - Bantam Wankm\u00fcller SA\" \/>\n<meta property=\"og:description\" content=\"Cet adaptateur permet de d\u00e9placer le bidon d&rsquo;eau lors du remplissage au moyen de la tubulure de remplissage sur le v\u00e9hicule dans toutes les directions souhait\u00e9es afin de vider enti\u00e8rement le bidon dans le r\u00e9servoir. Adaptateur de \u00be pouce avec bec verseur flexible, \u00d8 27 mm \u00e0 visser sur le d\u00e9versoir d\u2018eau (b\u00e9casse) du bidon [&hellip;]\" \/>\n<meta property=\"og:url\" content=\"https:\/\/shop.bantam.ch\/fr\/produit\/verseur-avec-adaptateur-de-3-4-pouces\/\" \/>\n<meta property=\"og:site_name\" content=\"Bantam Wankm\u00fcller SA\" \/>\n<meta property=\"article:modified_time\" content=\"2026-04-17T18:32:53+00:00\" \/>\n<meta property=\"og:image\" content=\"https:\/\/shop.bantam.ch\/wp-content\/uploads\/2023\/02\/9920284-Ausgiesser_flexibel_mit_Adapter_3_4_Zoll_innen-Standard-01-3.jpg\" \/>\n\t<meta property=\"og:image:width\" content=\"1000\" \/>\n\t<meta property=\"og:image:height\" content=\"1000\" \/>\n\t<meta property=\"og:image:type\" content=\"image\/jpeg\" \/>\n<meta name=\"twitter:card\" content=\"summary_large_image\" \/>\n<script type=\"application\/ld+json\" class=\"yoast-schema-graph\">{\"@context\":\"https:\\\/\\\/schema.org\",\"@graph\":[{\"@type\":\"WebPage\",\"@id\":\"https:\\\/\\\/shop.bantam.ch\\\/fr\\\/produit\\\/verseur-avec-adaptateur-de-3-4-pouces\\\/\",\"url\":\"https:\\\/\\\/shop.bantam.ch\\\/fr\\\/produit\\\/verseur-avec-adaptateur-de-3-4-pouces\\\/\",\"name\":\"Verseur Comet flexibel avec adaptateur de 3\\\/4 pouces l'int\u00e9rieur - Bantam Wankm\u00fcller SA\",\"isPartOf\":{\"@id\":\"https:\\\/\\\/shop.bantam.ch\\\/fr\\\/#website\"},\"primaryImageOfPage\":{\"@id\":\"https:\\\/\\\/shop.bantam.ch\\\/fr\\\/produit\\\/verseur-avec-adaptateur-de-3-4-pouces\\\/#primaryimage\"},\"image\":{\"@id\":\"https:\\\/\\\/shop.bantam.ch\\\/fr\\\/produit\\\/verseur-avec-adaptateur-de-3-4-pouces\\\/#primaryimage\"},\"thumbnailUrl\":\"https:\\\/\\\/shop.bantam.ch\\\/wp-content\\\/uploads\\\/2023\\\/02\\\/9920284-Ausgiesser_flexibel_mit_Adapter_3_4_Zoll_innen-Standard-01-3.jpg\",\"datePublished\":\"2023-02-22T16:52:38+00:00\",\"dateModified\":\"2026-04-17T18:32:53+00:00\",\"breadcrumb\":{\"@id\":\"https:\\\/\\\/shop.bantam.ch\\\/fr\\\/produit\\\/verseur-avec-adaptateur-de-3-4-pouces\\\/#breadcrumb\"},\"inLanguage\":\"fr-FR\",\"potentialAction\":[{\"@type\":\"ReadAction\",\"target\":[\"https:\\\/\\\/shop.bantam.ch\\\/fr\\\/produit\\\/verseur-avec-adaptateur-de-3-4-pouces\\\/\"]}]},{\"@type\":\"ImageObject\",\"inLanguage\":\"fr-FR\",\"@id\":\"https:\\\/\\\/shop.bantam.ch\\\/fr\\\/produit\\\/verseur-avec-adaptateur-de-3-4-pouces\\\/#primaryimage\",\"url\":\"https:\\\/\\\/shop.bantam.ch\\\/wp-content\\\/uploads\\\/2023\\\/02\\\/9920284-Ausgiesser_flexibel_mit_Adapter_3_4_Zoll_innen-Standard-01-3.jpg\",\"contentUrl\":\"https:\\\/\\\/shop.bantam.ch\\\/wp-content\\\/uploads\\\/2023\\\/02\\\/9920284-Ausgiesser_flexibel_mit_Adapter_3_4_Zoll_innen-Standard-01-3.jpg\",\"width\":1000,\"height\":1000},{\"@type\":\"BreadcrumbList\",\"@id\":\"https:\\\/\\\/shop.bantam.ch\\\/fr\\\/produit\\\/verseur-avec-adaptateur-de-3-4-pouces\\\/#breadcrumb\",\"itemListElement\":[{\"@type\":\"ListItem\",\"position\":1,\"name\":\"Accueil\",\"item\":\"https:\\\/\\\/shop.bantam.ch\\\/fr\\\/\"},{\"@type\":\"ListItem\",\"position\":2,\"name\":\"Boutique\",\"item\":\"https:\\\/\\\/shop.bantam.ch\\\/fr\\\/boutique\\\/\"},{\"@type\":\"ListItem\",\"position\":3,\"name\":\"Verseur Comet flexibel avec adaptateur de 3\\\/4 pouces l&#8217;int\u00e9rieur\"}]},{\"@type\":\"WebSite\",\"@id\":\"https:\\\/\\\/shop.bantam.ch\\\/fr\\\/#website\",\"url\":\"https:\\\/\\\/shop.bantam.ch\\\/fr\\\/\",\"name\":\"Bantam Wankm\u00fcller SA\",\"description\":\"\",\"publisher\":{\"@id\":\"https:\\\/\\\/shop.bantam.ch\\\/fr\\\/#organization\"},\"inLanguage\":\"fr-FR\"},{\"@type\":\"Organization\",\"@id\":\"https:\\\/\\\/shop.bantam.ch\\\/fr\\\/#organization\",\"name\":\"Bantam Wankm\u00fcller SA\",\"url\":\"https:\\\/\\\/shop.bantam.ch\\\/fr\\\/\",\"logo\":{\"@type\":\"ImageObject\",\"inLanguage\":\"fr-FR\",\"@id\":\"https:\\\/\\\/shop.bantam.ch\\\/fr\\\/#\\\/schema\\\/logo\\\/image\\\/\",\"url\":\"https:\\\/\\\/shop.bantam.ch\\\/wp-content\\\/uploads\\\/2022\\\/12\\\/bantam-logo.png\",\"contentUrl\":\"https:\\\/\\\/shop.bantam.ch\\\/wp-content\\\/uploads\\\/2022\\\/12\\\/bantam-logo.png\",\"width\":320,\"height\":71,\"caption\":\"Bantam Wankm\u00fcller SA\"},\"image\":{\"@id\":\"https:\\\/\\\/shop.bantam.ch\\\/fr\\\/#\\\/schema\\\/logo\\\/image\\\/\"}}]}<\/script>\n<!-- \/ Yoast SEO plugin. -->","yoast_head_json":{"title":"Verseur Comet flexibel avec adaptateur de 3\/4 pouces l'int\u00e9rieur - Bantam Wankm\u00fcller SA","robots":{"index":"index","follow":"follow","max-snippet":"max-snippet:-1","max-image-preview":"max-image-preview:large","max-video-preview":"max-video-preview:-1"},"canonical":"https:\/\/shop.bantam.ch\/fr\/produit\/verseur-avec-adaptateur-de-3-4-pouces\/","og_locale":"fr_FR","og_type":"article","og_title":"Verseur Comet flexibel avec adaptateur de 3\/4 pouces l'int\u00e9rieur - Bantam Wankm\u00fcller SA","og_description":"Cet adaptateur permet de d\u00e9placer le bidon d&rsquo;eau lors du remplissage au moyen de la tubulure de remplissage sur le v\u00e9hicule dans toutes les directions souhait\u00e9es afin de vider enti\u00e8rement le bidon dans le r\u00e9servoir. Adaptateur de \u00be pouce avec bec verseur flexible, \u00d8 27 mm \u00e0 visser sur le d\u00e9versoir d\u2018eau (b\u00e9casse) du bidon [&hellip;]","og_url":"https:\/\/shop.bantam.ch\/fr\/produit\/verseur-avec-adaptateur-de-3-4-pouces\/","og_site_name":"Bantam Wankm\u00fcller SA","article_modified_time":"2026-04-17T18:32:53+00:00","og_image":[{"width":1000,"height":1000,"url":"https:\/\/shop.bantam.ch\/wp-content\/uploads\/2023\/02\/9920284-Ausgiesser_flexibel_mit_Adapter_3_4_Zoll_innen-Standard-01-3.jpg","type":"image\/jpeg"}],"twitter_card":"summary_large_image","schema":{"@context":"https:\/\/schema.org","@graph":[{"@type":"WebPage","@id":"https:\/\/shop.bantam.ch\/fr\/produit\/verseur-avec-adaptateur-de-3-4-pouces\/","url":"https:\/\/shop.bantam.ch\/fr\/produit\/verseur-avec-adaptateur-de-3-4-pouces\/","name":"Verseur Comet flexibel avec adaptateur de 3\/4 pouces l'int\u00e9rieur - Bantam Wankm\u00fcller SA","isPartOf":{"@id":"https:\/\/shop.bantam.ch\/fr\/#website"},"primaryImageOfPage":{"@id":"https:\/\/shop.bantam.ch\/fr\/produit\/verseur-avec-adaptateur-de-3-4-pouces\/#primaryimage"},"image":{"@id":"https:\/\/shop.bantam.ch\/fr\/produit\/verseur-avec-adaptateur-de-3-4-pouces\/#primaryimage"},"thumbnailUrl":"https:\/\/shop.bantam.ch\/wp-content\/uploads\/2023\/02\/9920284-Ausgiesser_flexibel_mit_Adapter_3_4_Zoll_innen-Standard-01-3.jpg","datePublished":"2023-02-22T16:52:38+00:00","dateModified":"2026-04-17T18:32:53+00:00","breadcrumb":{"@id":"https:\/\/shop.bantam.ch\/fr\/produit\/verseur-avec-adaptateur-de-3-4-pouces\/#breadcrumb"},"inLanguage":"fr-FR","potentialAction":[{"@type":"ReadAction","target":["https:\/\/shop.bantam.ch\/fr\/produit\/verseur-avec-adaptateur-de-3-4-pouces\/"]}]},{"@type":"ImageObject","inLanguage":"fr-FR","@id":"https:\/\/shop.bantam.ch\/fr\/produit\/verseur-avec-adaptateur-de-3-4-pouces\/#primaryimage","url":"https:\/\/shop.bantam.ch\/wp-content\/uploads\/2023\/02\/9920284-Ausgiesser_flexibel_mit_Adapter_3_4_Zoll_innen-Standard-01-3.jpg","contentUrl":"https:\/\/shop.bantam.ch\/wp-content\/uploads\/2023\/02\/9920284-Ausgiesser_flexibel_mit_Adapter_3_4_Zoll_innen-Standard-01-3.jpg","width":1000,"height":1000},{"@type":"BreadcrumbList","@id":"https:\/\/shop.bantam.ch\/fr\/produit\/verseur-avec-adaptateur-de-3-4-pouces\/#breadcrumb","itemListElement":[{"@type":"ListItem","position":1,"name":"Accueil","item":"https:\/\/shop.bantam.ch\/fr\/"},{"@type":"ListItem","position":2,"name":"Boutique","item":"https:\/\/shop.bantam.ch\/fr\/boutique\/"},{"@type":"ListItem","position":3,"name":"Verseur Comet flexibel avec adaptateur de 3\/4 pouces l&#8217;int\u00e9rieur"}]},{"@type":"WebSite","@id":"https:\/\/shop.bantam.ch\/fr\/#website","url":"https:\/\/shop.bantam.ch\/fr\/","name":"Bantam Wankm\u00fcller SA","description":"","publisher":{"@id":"https:\/\/shop.bantam.ch\/fr\/#organization"},"inLanguage":"fr-FR"},{"@type":"Organization","@id":"https:\/\/shop.bantam.ch\/fr\/#organization","name":"Bantam Wankm\u00fcller SA","url":"https:\/\/shop.bantam.ch\/fr\/","logo":{"@type":"ImageObject","inLanguage":"fr-FR","@id":"https:\/\/shop.bantam.ch\/fr\/#\/schema\/logo\/image\/","url":"https:\/\/shop.bantam.ch\/wp-content\/uploads\/2022\/12\/bantam-logo.png","contentUrl":"https:\/\/shop.bantam.ch\/wp-content\/uploads\/2022\/12\/bantam-logo.png","width":320,"height":71,"caption":"Bantam Wankm\u00fcller SA"},"image":{"@id":"https:\/\/shop.bantam.ch\/fr\/#\/schema\/logo\/image\/"}}]}},"_links":{"self":[{"href":"https:\/\/shop.bantam.ch\/fr\/wp-json\/wp\/v2\/product\/30873","targetHints":{"allow":["GET"]}}],"collection":[{"href":"https:\/\/shop.bantam.ch\/fr\/wp-json\/wp\/v2\/product"}],"about":[{"href":"https:\/\/shop.bantam.ch\/fr\/wp-json\/wp\/v2\/types\/product"}],"wp:featuredmedia":[{"embeddable":true,"href":"https:\/\/shop.bantam.ch\/fr\/wp-json\/wp\/v2\/media\/30871"}],"wp:attachment":[{"href":"https:\/\/shop.bantam.ch\/fr\/wp-json\/wp\/v2\/media?parent=30873"}],"wp:term":[{"taxonomy":"product_featured_cat","embeddable":true,"href":"https:\/\/shop.bantam.ch\/fr\/wp-json\/wp\/v2\/product_featured_cat?post=30873"},{"taxonomy":"product_brand","embeddable":true,"href":"https:\/\/shop.bantam.ch\/fr\/wp-json\/wp\/v2\/product_brand?post=30873"},{"taxonomy":"product_cat","embeddable":true,"href":"https:\/\/shop.bantam.ch\/fr\/wp-json\/wp\/v2\/product_cat?post=30873"},{"taxonomy":"product_tag","embeddable":true,"href":"https:\/\/shop.bantam.ch\/fr\/wp-json\/wp\/v2\/product_tag?post=30873"}],"curies":[{"name":"wp","href":"https:\/\/api.w.org\/{rel}","templated":true}]}}