{"id":30849,"date":"2023-02-22T17:52:11","date_gmt":"2023-02-22T16:52:11","guid":{"rendered":"http:\/\/preprod-dev.sh1.hidora.com\/webshop\/produit\/prise-de-courant-encastree-power-usb-avec-boitier-filete-et-couvercle-12-24-v\/"},"modified":"2026-04-28T20:32:45","modified_gmt":"2026-04-28T18:32:45","slug":"prise-de-courant-encastree-power-usb-avec-boitier-filete-et-couvercle-12-24-v","status":"publish","type":"product","link":"https:\/\/shop.bantam.ch\/fr\/produit\/prise-de-courant-encastree-power-usb-avec-boitier-filete-et-couvercle-12-24-v\/","title":{"rendered":"Prise courant encastrable avec USB Pro Car EV avec manchon filet\u00e9 et couvercle 12 &#8211; 24 V"},"content":{"rendered":"<p>Prise de courant encastr\u00e9e Power USB avec couvercle et transformateur de tension int\u00e9gr\u00e9. Pour charger et exploiter des appareils \u00e9lectroniques rechargeables par USB et n\u00e9cessitant un courant de charge \u00e9lev\u00e9.  Fixation au moyen d&rsquo;un \u00e9crou \u00e0 six pans, c\u00e2ble de raccordement env. 150 mm pr\u00e9-confectionn\u00e9.<\/p>\n","protected":false},"excerpt":{"rendered":"<p>Prise de courant encastr\u00e9e Power USB avec couvercle et transformateur de tension int\u00e9gr\u00e9. Pour charger et exploiter des appareils \u00e9lectroniques rechargeables par USB et n\u00e9cessitant un courant de charge \u00e9lev\u00e9. Fixation au moyen d&rsquo;un \u00e9crou \u00e0 six pans, c\u00e2ble de raccordement env. 150 mm pr\u00e9-confectionn\u00e9.<\/p>\n","protected":false},"featured_media":30845,"template":"","meta":{"_acf_changed":false},"product_featured_cat":[],"product_brand":[3104],"product_cat":[4193],"product_tag":[],"class_list":{"0":"post-30849","1":"product","2":"type-product","3":"status-publish","4":"has-post-thumbnail","6":"product_brand-pro-car","7":"product_cat-fiche-12-24-v","9":"first","10":"instock","11":"taxable","12":"shipping-taxable","13":"purchasable","14":"product-type-simple"},"acf":[],"yoast_head":"<!-- This site is optimized with the Yoast SEO plugin v27.5 - https:\/\/yoast.com\/product\/yoast-seo-wordpress\/ -->\n<title>Prise courant encastrable avec USB Pro Car EV avec manchon filet\u00e9 et couvercle 12 - 24 V - Bantam<\/title>\n<meta name=\"robots\" content=\"index, follow, max-snippet:-1, max-image-preview:large, max-video-preview:-1\" \/>\n<link rel=\"canonical\" href=\"https:\/\/shop.bantam.ch\/fr\/produit\/prise-de-courant-encastree-power-usb-avec-boitier-filete-et-couvercle-12-24-v\/\" \/>\n<meta property=\"og:locale\" content=\"fr_FR\" \/>\n<meta property=\"og:type\" content=\"article\" \/>\n<meta property=\"og:title\" content=\"Prise courant encastrable avec USB Pro Car EV avec manchon filet\u00e9 et couvercle 12 - 24 V - Bantam\" \/>\n<meta property=\"og:description\" content=\"Prise de courant encastr\u00e9e Power USB avec couvercle et transformateur de tension int\u00e9gr\u00e9. Pour charger et exploiter des appareils \u00e9lectroniques rechargeables par USB et n\u00e9cessitant un courant de charge \u00e9lev\u00e9. Fixation au moyen d&rsquo;un \u00e9crou \u00e0 six pans, c\u00e2ble de raccordement env. 150 mm pr\u00e9-confectionn\u00e9.\" \/>\n<meta property=\"og:url\" content=\"https:\/\/shop.bantam.ch\/fr\/produit\/prise-de-courant-encastree-power-usb-avec-boitier-filete-et-couvercle-12-24-v\/\" \/>\n<meta property=\"og:site_name\" content=\"Bantam\" \/>\n<meta property=\"article:modified_time\" content=\"2026-04-28T18:32:45+00:00\" \/>\n<meta property=\"og:image\" content=\"https:\/\/shop.bantam.ch\/wp-content\/uploads\/2023\/02\/9920357-Einbausteckdose_Power_USB_EV_mit_Gewindehuelse_und_Deckel-Standard-01-3.jpg\" \/>\n\t<meta property=\"og:image:width\" content=\"831\" \/>\n\t<meta property=\"og:image:height\" content=\"1000\" \/>\n\t<meta property=\"og:image:type\" content=\"image\/jpeg\" \/>\n<meta name=\"twitter:card\" content=\"summary_large_image\" \/>\n<script type=\"application\/ld+json\" class=\"yoast-schema-graph\">{\"@context\":\"https:\\\/\\\/schema.org\",\"@graph\":[{\"@type\":\"WebPage\",\"@id\":\"https:\\\/\\\/shop.bantam.ch\\\/fr\\\/produit\\\/prise-de-courant-encastree-power-usb-avec-boitier-filete-et-couvercle-12-24-v\\\/\",\"url\":\"https:\\\/\\\/shop.bantam.ch\\\/fr\\\/produit\\\/prise-de-courant-encastree-power-usb-avec-boitier-filete-et-couvercle-12-24-v\\\/\",\"name\":\"Prise courant encastrable avec USB Pro Car EV avec manchon filet\u00e9 et couvercle 12 - 24 V - Bantam\",\"isPartOf\":{\"@id\":\"https:\\\/\\\/shop.bantam.ch\\\/fr\\\/#website\"},\"primaryImageOfPage\":{\"@id\":\"https:\\\/\\\/shop.bantam.ch\\\/fr\\\/produit\\\/prise-de-courant-encastree-power-usb-avec-boitier-filete-et-couvercle-12-24-v\\\/#primaryimage\"},\"image\":{\"@id\":\"https:\\\/\\\/shop.bantam.ch\\\/fr\\\/produit\\\/prise-de-courant-encastree-power-usb-avec-boitier-filete-et-couvercle-12-24-v\\\/#primaryimage\"},\"thumbnailUrl\":\"https:\\\/\\\/shop.bantam.ch\\\/wp-content\\\/uploads\\\/2023\\\/02\\\/9920357-Einbausteckdose_Power_USB_EV_mit_Gewindehuelse_und_Deckel-Standard-01-3.jpg\",\"datePublished\":\"2023-02-22T16:52:11+00:00\",\"dateModified\":\"2026-04-28T18:32:45+00:00\",\"breadcrumb\":{\"@id\":\"https:\\\/\\\/shop.bantam.ch\\\/fr\\\/produit\\\/prise-de-courant-encastree-power-usb-avec-boitier-filete-et-couvercle-12-24-v\\\/#breadcrumb\"},\"inLanguage\":\"fr-FR\",\"potentialAction\":[{\"@type\":\"ReadAction\",\"target\":[\"https:\\\/\\\/shop.bantam.ch\\\/fr\\\/produit\\\/prise-de-courant-encastree-power-usb-avec-boitier-filete-et-couvercle-12-24-v\\\/\"]}]},{\"@type\":\"ImageObject\",\"inLanguage\":\"fr-FR\",\"@id\":\"https:\\\/\\\/shop.bantam.ch\\\/fr\\\/produit\\\/prise-de-courant-encastree-power-usb-avec-boitier-filete-et-couvercle-12-24-v\\\/#primaryimage\",\"url\":\"https:\\\/\\\/shop.bantam.ch\\\/wp-content\\\/uploads\\\/2023\\\/02\\\/9920357-Einbausteckdose_Power_USB_EV_mit_Gewindehuelse_und_Deckel-Standard-01-3.jpg\",\"contentUrl\":\"https:\\\/\\\/shop.bantam.ch\\\/wp-content\\\/uploads\\\/2023\\\/02\\\/9920357-Einbausteckdose_Power_USB_EV_mit_Gewindehuelse_und_Deckel-Standard-01-3.jpg\",\"width\":831,\"height\":1000},{\"@type\":\"BreadcrumbList\",\"@id\":\"https:\\\/\\\/shop.bantam.ch\\\/fr\\\/produit\\\/prise-de-courant-encastree-power-usb-avec-boitier-filete-et-couvercle-12-24-v\\\/#breadcrumb\",\"itemListElement\":[{\"@type\":\"ListItem\",\"position\":1,\"name\":\"Accueil\",\"item\":\"https:\\\/\\\/shop.bantam.ch\\\/fr\\\/\"},{\"@type\":\"ListItem\",\"position\":2,\"name\":\"Boutique\",\"item\":\"https:\\\/\\\/shop.bantam.ch\\\/fr\\\/boutique\\\/\"},{\"@type\":\"ListItem\",\"position\":3,\"name\":\"Prise courant encastrable avec USB Pro Car EV avec manchon filet\u00e9 et couvercle 12 &#8211; 24 V\"}]},{\"@type\":\"WebSite\",\"@id\":\"https:\\\/\\\/shop.bantam.ch\\\/fr\\\/#website\",\"url\":\"https:\\\/\\\/shop.bantam.ch\\\/fr\\\/\",\"name\":\"Bantam\",\"description\":\"\",\"publisher\":{\"@id\":\"https:\\\/\\\/shop.bantam.ch\\\/fr\\\/#organization\"},\"inLanguage\":\"fr-FR\"},{\"@type\":\"Organization\",\"@id\":\"https:\\\/\\\/shop.bantam.ch\\\/fr\\\/#organization\",\"name\":\"Bantam\",\"url\":\"https:\\\/\\\/shop.bantam.ch\\\/fr\\\/\",\"logo\":{\"@type\":\"ImageObject\",\"inLanguage\":\"fr-FR\",\"@id\":\"https:\\\/\\\/shop.bantam.ch\\\/fr\\\/#\\\/schema\\\/logo\\\/image\\\/\",\"url\":\"https:\\\/\\\/shop.bantam.ch\\\/wp-content\\\/uploads\\\/2022\\\/12\\\/bantam-logo.png\",\"contentUrl\":\"https:\\\/\\\/shop.bantam.ch\\\/wp-content\\\/uploads\\\/2022\\\/12\\\/bantam-logo.png\",\"width\":320,\"height\":71,\"caption\":\"Bantam\"},\"image\":{\"@id\":\"https:\\\/\\\/shop.bantam.ch\\\/fr\\\/#\\\/schema\\\/logo\\\/image\\\/\"}}]}<\/script>\n<!-- \/ Yoast SEO plugin. -->","yoast_head_json":{"title":"Prise courant encastrable avec USB Pro Car EV avec manchon filet\u00e9 et couvercle 12 - 24 V - Bantam","robots":{"index":"index","follow":"follow","max-snippet":"max-snippet:-1","max-image-preview":"max-image-preview:large","max-video-preview":"max-video-preview:-1"},"canonical":"https:\/\/shop.bantam.ch\/fr\/produit\/prise-de-courant-encastree-power-usb-avec-boitier-filete-et-couvercle-12-24-v\/","og_locale":"fr_FR","og_type":"article","og_title":"Prise courant encastrable avec USB Pro Car EV avec manchon filet\u00e9 et couvercle 12 - 24 V - Bantam","og_description":"Prise de courant encastr\u00e9e Power USB avec couvercle et transformateur de tension int\u00e9gr\u00e9. Pour charger et exploiter des appareils \u00e9lectroniques rechargeables par USB et n\u00e9cessitant un courant de charge \u00e9lev\u00e9. Fixation au moyen d&rsquo;un \u00e9crou \u00e0 six pans, c\u00e2ble de raccordement env. 150 mm pr\u00e9-confectionn\u00e9.","og_url":"https:\/\/shop.bantam.ch\/fr\/produit\/prise-de-courant-encastree-power-usb-avec-boitier-filete-et-couvercle-12-24-v\/","og_site_name":"Bantam","article_modified_time":"2026-04-28T18:32:45+00:00","og_image":[{"width":831,"height":1000,"url":"https:\/\/shop.bantam.ch\/wp-content\/uploads\/2023\/02\/9920357-Einbausteckdose_Power_USB_EV_mit_Gewindehuelse_und_Deckel-Standard-01-3.jpg","type":"image\/jpeg"}],"twitter_card":"summary_large_image","schema":{"@context":"https:\/\/schema.org","@graph":[{"@type":"WebPage","@id":"https:\/\/shop.bantam.ch\/fr\/produit\/prise-de-courant-encastree-power-usb-avec-boitier-filete-et-couvercle-12-24-v\/","url":"https:\/\/shop.bantam.ch\/fr\/produit\/prise-de-courant-encastree-power-usb-avec-boitier-filete-et-couvercle-12-24-v\/","name":"Prise courant encastrable avec USB Pro Car EV avec manchon filet\u00e9 et couvercle 12 - 24 V - Bantam","isPartOf":{"@id":"https:\/\/shop.bantam.ch\/fr\/#website"},"primaryImageOfPage":{"@id":"https:\/\/shop.bantam.ch\/fr\/produit\/prise-de-courant-encastree-power-usb-avec-boitier-filete-et-couvercle-12-24-v\/#primaryimage"},"image":{"@id":"https:\/\/shop.bantam.ch\/fr\/produit\/prise-de-courant-encastree-power-usb-avec-boitier-filete-et-couvercle-12-24-v\/#primaryimage"},"thumbnailUrl":"https:\/\/shop.bantam.ch\/wp-content\/uploads\/2023\/02\/9920357-Einbausteckdose_Power_USB_EV_mit_Gewindehuelse_und_Deckel-Standard-01-3.jpg","datePublished":"2023-02-22T16:52:11+00:00","dateModified":"2026-04-28T18:32:45+00:00","breadcrumb":{"@id":"https:\/\/shop.bantam.ch\/fr\/produit\/prise-de-courant-encastree-power-usb-avec-boitier-filete-et-couvercle-12-24-v\/#breadcrumb"},"inLanguage":"fr-FR","potentialAction":[{"@type":"ReadAction","target":["https:\/\/shop.bantam.ch\/fr\/produit\/prise-de-courant-encastree-power-usb-avec-boitier-filete-et-couvercle-12-24-v\/"]}]},{"@type":"ImageObject","inLanguage":"fr-FR","@id":"https:\/\/shop.bantam.ch\/fr\/produit\/prise-de-courant-encastree-power-usb-avec-boitier-filete-et-couvercle-12-24-v\/#primaryimage","url":"https:\/\/shop.bantam.ch\/wp-content\/uploads\/2023\/02\/9920357-Einbausteckdose_Power_USB_EV_mit_Gewindehuelse_und_Deckel-Standard-01-3.jpg","contentUrl":"https:\/\/shop.bantam.ch\/wp-content\/uploads\/2023\/02\/9920357-Einbausteckdose_Power_USB_EV_mit_Gewindehuelse_und_Deckel-Standard-01-3.jpg","width":831,"height":1000},{"@type":"BreadcrumbList","@id":"https:\/\/shop.bantam.ch\/fr\/produit\/prise-de-courant-encastree-power-usb-avec-boitier-filete-et-couvercle-12-24-v\/#breadcrumb","itemListElement":[{"@type":"ListItem","position":1,"name":"Accueil","item":"https:\/\/shop.bantam.ch\/fr\/"},{"@type":"ListItem","position":2,"name":"Boutique","item":"https:\/\/shop.bantam.ch\/fr\/boutique\/"},{"@type":"ListItem","position":3,"name":"Prise courant encastrable avec USB Pro Car EV avec manchon filet\u00e9 et couvercle 12 &#8211; 24 V"}]},{"@type":"WebSite","@id":"https:\/\/shop.bantam.ch\/fr\/#website","url":"https:\/\/shop.bantam.ch\/fr\/","name":"Bantam","description":"","publisher":{"@id":"https:\/\/shop.bantam.ch\/fr\/#organization"},"inLanguage":"fr-FR"},{"@type":"Organization","@id":"https:\/\/shop.bantam.ch\/fr\/#organization","name":"Bantam","url":"https:\/\/shop.bantam.ch\/fr\/","logo":{"@type":"ImageObject","inLanguage":"fr-FR","@id":"https:\/\/shop.bantam.ch\/fr\/#\/schema\/logo\/image\/","url":"https:\/\/shop.bantam.ch\/wp-content\/uploads\/2022\/12\/bantam-logo.png","contentUrl":"https:\/\/shop.bantam.ch\/wp-content\/uploads\/2022\/12\/bantam-logo.png","width":320,"height":71,"caption":"Bantam"},"image":{"@id":"https:\/\/shop.bantam.ch\/fr\/#\/schema\/logo\/image\/"}}]}},"_links":{"self":[{"href":"https:\/\/shop.bantam.ch\/fr\/wp-json\/wp\/v2\/product\/30849","targetHints":{"allow":["GET"]}}],"collection":[{"href":"https:\/\/shop.bantam.ch\/fr\/wp-json\/wp\/v2\/product"}],"about":[{"href":"https:\/\/shop.bantam.ch\/fr\/wp-json\/wp\/v2\/types\/product"}],"wp:featuredmedia":[{"embeddable":true,"href":"https:\/\/shop.bantam.ch\/fr\/wp-json\/wp\/v2\/media\/30845"}],"wp:attachment":[{"href":"https:\/\/shop.bantam.ch\/fr\/wp-json\/wp\/v2\/media?parent=30849"}],"wp:term":[{"taxonomy":"product_featured_cat","embeddable":true,"href":"https:\/\/shop.bantam.ch\/fr\/wp-json\/wp\/v2\/product_featured_cat?post=30849"},{"taxonomy":"product_brand","embeddable":true,"href":"https:\/\/shop.bantam.ch\/fr\/wp-json\/wp\/v2\/product_brand?post=30849"},{"taxonomy":"product_cat","embeddable":true,"href":"https:\/\/shop.bantam.ch\/fr\/wp-json\/wp\/v2\/product_cat?post=30849"},{"taxonomy":"product_tag","embeddable":true,"href":"https:\/\/shop.bantam.ch\/fr\/wp-json\/wp\/v2\/product_tag?post=30849"}],"curies":[{"name":"wp","href":"https:\/\/api.w.org\/{rel}","templated":true}]}}