{"id":30833,"date":"2023-02-22T17:44:58","date_gmt":"2023-02-22T16:44:58","guid":{"rendered":"http:\/\/preprod-dev.sh1.hidora.com\/webshop\/produit\/regulateur-solaire-mpp-lrm-1218\/"},"modified":"2026-04-17T20:32:45","modified_gmt":"2026-04-17T18:32:45","slug":"regulateur-solaire-mpp-lrm-1218","status":"publish","type":"product","link":"https:\/\/shop.bantam.ch\/fr\/produit\/regulateur-solaire-mpp-lrm-1218\/","title":{"rendered":"R\u00e9gul. solaire complet LRM 1218 avec capteur de temp\u00e9rature"},"content":{"rendered":"<p>Le r\u00e9gulateur solaire MPP LRM 1218 est un convertisseur \u00e0 cycles qui garantit un fonctionnement optimal des modules solaires raccord\u00e9s, ind\u00e9pendamment l\u2019ensoleillement, de la tension de batterie et de la temp\u00e9rature du module, tandis que la batterie est en phase de charge principale. Les tensions de charge fournies sont adapt\u00e9es parfaitement \u00e0 la batterie de l\u2019espace habitable \u00e0 l\u2019aide d\u2019une sonde de temp\u00e9rature et de la possibilit\u00e9 de r\u00e9glage de quatre types de batteries. La batterie de d\u00e9marreur est \u00e9galement charg\u00e9e (max. 2,5A) d\u00e8s que la batterie de l\u2019espace habitable a effectu\u00e9 sa phase de charge principale. Courant de charge de l\u2019espace habitable batterie max. 20 A. <br \/>Gr\u00e2ce \u00e0 la connexion SDTBUS, le r\u00e9gulateur solaire peut \u00eatre int\u00e9gr\u00e9 de mani\u00e8re optimale dans les syst\u00e8mes de bus Schaudt. Pour le montage ult\u00e9rieur d&rsquo;autres syst\u00e8mes, une connexion avec un signal analogique appropri\u00e9 est pr\u00e9vue pour l&rsquo;affichage des courants solaires dans la batterie r\u00e9sidentielle et la batterie de d\u00e9marrage. Deux affichages LED pour le fonctionnement et le maintien de la charge fournissent des informations sur la fonction et une batterie en grande partie pleine. Le ventilateur int\u00e9gr\u00e9 est tr\u00e8s silencieux et ne fonctionne qu&rsquo;\u00e0 puissance \u00e9lev\u00e9e. Convient pour les batteries plomb-acide, plomb-gel et AGM \u00e0 6 cellules de 12 V, caract\u00e9ristique UUoU.<\/p>\n<p>Contenu de la livraison :<br \/>mat\u00e9riel de raccordement et sonde de temp\u00e9rature (2,5 m) fournis<\/p>\n","protected":false},"excerpt":{"rendered":"<p>Le r\u00e9gulateur solaire MPP LRM 1218 est un convertisseur \u00e0 cycles qui garantit un fonctionnement optimal des modules solaires raccord\u00e9s, ind\u00e9pendamment l\u2019ensoleillement, de la tension de batterie et de la temp\u00e9rature du module, tandis que la batterie est en phase de charge principale. Les tensions de charge fournies sont adapt\u00e9es parfaitement \u00e0 la batterie de [&hellip;]<\/p>\n","protected":false},"featured_media":30831,"template":"","meta":{"_acf_changed":false},"product_featured_cat":[],"product_brand":[3078],"product_cat":[4877],"product_tag":[],"class_list":{"0":"post-30833","1":"product","2":"type-product","3":"status-publish","4":"has-post-thumbnail","6":"product_brand-schaudt","7":"product_cat-regulateurs-de-charge-solaire","9":"first","10":"instock","11":"taxable","12":"shipping-taxable","13":"purchasable","14":"product-type-simple"},"acf":[],"yoast_head":"<!-- This site is optimized with the Yoast SEO plugin v27.4 - https:\/\/yoast.com\/product\/yoast-seo-wordpress\/ -->\n<title>R\u00e9gul. solaire complet LRM 1218 avec capteur de temp\u00e9rature - Bantam Wankm\u00fcller SA<\/title>\n<meta name=\"robots\" content=\"index, follow, max-snippet:-1, max-image-preview:large, max-video-preview:-1\" \/>\n<link rel=\"canonical\" href=\"https:\/\/shop.bantam.ch\/fr\/produit\/regulateur-solaire-mpp-lrm-1218\/\" \/>\n<meta property=\"og:locale\" content=\"fr_FR\" \/>\n<meta property=\"og:type\" content=\"article\" \/>\n<meta property=\"og:title\" content=\"R\u00e9gul. solaire complet LRM 1218 avec capteur de temp\u00e9rature - Bantam Wankm\u00fcller SA\" \/>\n<meta property=\"og:description\" content=\"Le r\u00e9gulateur solaire MPP LRM 1218 est un convertisseur \u00e0 cycles qui garantit un fonctionnement optimal des modules solaires raccord\u00e9s, ind\u00e9pendamment l\u2019ensoleillement, de la tension de batterie et de la temp\u00e9rature du module, tandis que la batterie est en phase de charge principale. Les tensions de charge fournies sont adapt\u00e9es parfaitement \u00e0 la batterie de [&hellip;]\" \/>\n<meta property=\"og:url\" content=\"https:\/\/shop.bantam.ch\/fr\/produit\/regulateur-solaire-mpp-lrm-1218\/\" \/>\n<meta property=\"og:site_name\" content=\"Bantam Wankm\u00fcller SA\" \/>\n<meta property=\"article:modified_time\" content=\"2026-04-17T18:32:45+00:00\" \/>\n<meta property=\"og:image\" content=\"https:\/\/shop.bantam.ch\/wp-content\/uploads\/2023\/02\/992039911O90A0fXc7DX0c-3-scaled.jpg\" \/>\n\t<meta property=\"og:image:width\" content=\"1024\" \/>\n\t<meta property=\"og:image:height\" content=\"797\" \/>\n\t<meta property=\"og:image:type\" content=\"image\/jpeg\" \/>\n<meta name=\"twitter:card\" content=\"summary_large_image\" \/>\n<meta name=\"twitter:label1\" content=\"Dur\u00e9e de lecture estim\u00e9e\" \/>\n\t<meta name=\"twitter:data1\" content=\"1 minute\" \/>\n<script type=\"application\/ld+json\" class=\"yoast-schema-graph\">{\"@context\":\"https:\\\/\\\/schema.org\",\"@graph\":[{\"@type\":\"WebPage\",\"@id\":\"https:\\\/\\\/shop.bantam.ch\\\/fr\\\/produit\\\/regulateur-solaire-mpp-lrm-1218\\\/\",\"url\":\"https:\\\/\\\/shop.bantam.ch\\\/fr\\\/produit\\\/regulateur-solaire-mpp-lrm-1218\\\/\",\"name\":\"R\u00e9gul. solaire complet LRM 1218 avec capteur de temp\u00e9rature - Bantam Wankm\u00fcller SA\",\"isPartOf\":{\"@id\":\"https:\\\/\\\/shop.bantam.ch\\\/fr\\\/#website\"},\"primaryImageOfPage\":{\"@id\":\"https:\\\/\\\/shop.bantam.ch\\\/fr\\\/produit\\\/regulateur-solaire-mpp-lrm-1218\\\/#primaryimage\"},\"image\":{\"@id\":\"https:\\\/\\\/shop.bantam.ch\\\/fr\\\/produit\\\/regulateur-solaire-mpp-lrm-1218\\\/#primaryimage\"},\"thumbnailUrl\":\"https:\\\/\\\/shop.bantam.ch\\\/wp-content\\\/uploads\\\/2023\\\/02\\\/992039911O90A0fXc7DX0c-3-scaled-scaled.jpg\",\"datePublished\":\"2023-02-22T16:44:58+00:00\",\"dateModified\":\"2026-04-17T18:32:45+00:00\",\"breadcrumb\":{\"@id\":\"https:\\\/\\\/shop.bantam.ch\\\/fr\\\/produit\\\/regulateur-solaire-mpp-lrm-1218\\\/#breadcrumb\"},\"inLanguage\":\"fr-FR\",\"potentialAction\":[{\"@type\":\"ReadAction\",\"target\":[\"https:\\\/\\\/shop.bantam.ch\\\/fr\\\/produit\\\/regulateur-solaire-mpp-lrm-1218\\\/\"]}]},{\"@type\":\"ImageObject\",\"inLanguage\":\"fr-FR\",\"@id\":\"https:\\\/\\\/shop.bantam.ch\\\/fr\\\/produit\\\/regulateur-solaire-mpp-lrm-1218\\\/#primaryimage\",\"url\":\"https:\\\/\\\/shop.bantam.ch\\\/wp-content\\\/uploads\\\/2023\\\/02\\\/992039911O90A0fXc7DX0c-3-scaled-scaled.jpg\",\"contentUrl\":\"https:\\\/\\\/shop.bantam.ch\\\/wp-content\\\/uploads\\\/2023\\\/02\\\/992039911O90A0fXc7DX0c-3-scaled-scaled.jpg\",\"width\":2048,\"height\":1594},{\"@type\":\"BreadcrumbList\",\"@id\":\"https:\\\/\\\/shop.bantam.ch\\\/fr\\\/produit\\\/regulateur-solaire-mpp-lrm-1218\\\/#breadcrumb\",\"itemListElement\":[{\"@type\":\"ListItem\",\"position\":1,\"name\":\"Accueil\",\"item\":\"https:\\\/\\\/shop.bantam.ch\\\/fr\\\/\"},{\"@type\":\"ListItem\",\"position\":2,\"name\":\"Boutique\",\"item\":\"https:\\\/\\\/shop.bantam.ch\\\/fr\\\/boutique\\\/\"},{\"@type\":\"ListItem\",\"position\":3,\"name\":\"R\u00e9gul. solaire complet LRM 1218 avec capteur de temp\u00e9rature\"}]},{\"@type\":\"WebSite\",\"@id\":\"https:\\\/\\\/shop.bantam.ch\\\/fr\\\/#website\",\"url\":\"https:\\\/\\\/shop.bantam.ch\\\/fr\\\/\",\"name\":\"Bantam Wankm\u00fcller SA\",\"description\":\"\",\"publisher\":{\"@id\":\"https:\\\/\\\/shop.bantam.ch\\\/fr\\\/#organization\"},\"inLanguage\":\"fr-FR\"},{\"@type\":\"Organization\",\"@id\":\"https:\\\/\\\/shop.bantam.ch\\\/fr\\\/#organization\",\"name\":\"Bantam Wankm\u00fcller SA\",\"url\":\"https:\\\/\\\/shop.bantam.ch\\\/fr\\\/\",\"logo\":{\"@type\":\"ImageObject\",\"inLanguage\":\"fr-FR\",\"@id\":\"https:\\\/\\\/shop.bantam.ch\\\/fr\\\/#\\\/schema\\\/logo\\\/image\\\/\",\"url\":\"https:\\\/\\\/shop.bantam.ch\\\/wp-content\\\/uploads\\\/2022\\\/12\\\/bantam-logo.png\",\"contentUrl\":\"https:\\\/\\\/shop.bantam.ch\\\/wp-content\\\/uploads\\\/2022\\\/12\\\/bantam-logo.png\",\"width\":320,\"height\":71,\"caption\":\"Bantam Wankm\u00fcller SA\"},\"image\":{\"@id\":\"https:\\\/\\\/shop.bantam.ch\\\/fr\\\/#\\\/schema\\\/logo\\\/image\\\/\"}}]}<\/script>\n<!-- \/ Yoast SEO plugin. -->","yoast_head_json":{"title":"R\u00e9gul. solaire complet LRM 1218 avec capteur de temp\u00e9rature - Bantam Wankm\u00fcller SA","robots":{"index":"index","follow":"follow","max-snippet":"max-snippet:-1","max-image-preview":"max-image-preview:large","max-video-preview":"max-video-preview:-1"},"canonical":"https:\/\/shop.bantam.ch\/fr\/produit\/regulateur-solaire-mpp-lrm-1218\/","og_locale":"fr_FR","og_type":"article","og_title":"R\u00e9gul. solaire complet LRM 1218 avec capteur de temp\u00e9rature - Bantam Wankm\u00fcller SA","og_description":"Le r\u00e9gulateur solaire MPP LRM 1218 est un convertisseur \u00e0 cycles qui garantit un fonctionnement optimal des modules solaires raccord\u00e9s, ind\u00e9pendamment l\u2019ensoleillement, de la tension de batterie et de la temp\u00e9rature du module, tandis que la batterie est en phase de charge principale. Les tensions de charge fournies sont adapt\u00e9es parfaitement \u00e0 la batterie de [&hellip;]","og_url":"https:\/\/shop.bantam.ch\/fr\/produit\/regulateur-solaire-mpp-lrm-1218\/","og_site_name":"Bantam Wankm\u00fcller SA","article_modified_time":"2026-04-17T18:32:45+00:00","og_image":[{"url":"https:\/\/shop.bantam.ch\/wp-content\/uploads\/2023\/02\/992039911O90A0fXc7DX0c-3-scaled.jpg","width":1024,"height":797,"type":"image\/jpeg"}],"twitter_card":"summary_large_image","twitter_misc":{"Dur\u00e9e de lecture estim\u00e9e":"1 minute"},"schema":{"@context":"https:\/\/schema.org","@graph":[{"@type":"WebPage","@id":"https:\/\/shop.bantam.ch\/fr\/produit\/regulateur-solaire-mpp-lrm-1218\/","url":"https:\/\/shop.bantam.ch\/fr\/produit\/regulateur-solaire-mpp-lrm-1218\/","name":"R\u00e9gul. solaire complet LRM 1218 avec capteur de temp\u00e9rature - Bantam Wankm\u00fcller SA","isPartOf":{"@id":"https:\/\/shop.bantam.ch\/fr\/#website"},"primaryImageOfPage":{"@id":"https:\/\/shop.bantam.ch\/fr\/produit\/regulateur-solaire-mpp-lrm-1218\/#primaryimage"},"image":{"@id":"https:\/\/shop.bantam.ch\/fr\/produit\/regulateur-solaire-mpp-lrm-1218\/#primaryimage"},"thumbnailUrl":"https:\/\/shop.bantam.ch\/wp-content\/uploads\/2023\/02\/992039911O90A0fXc7DX0c-3-scaled-scaled.jpg","datePublished":"2023-02-22T16:44:58+00:00","dateModified":"2026-04-17T18:32:45+00:00","breadcrumb":{"@id":"https:\/\/shop.bantam.ch\/fr\/produit\/regulateur-solaire-mpp-lrm-1218\/#breadcrumb"},"inLanguage":"fr-FR","potentialAction":[{"@type":"ReadAction","target":["https:\/\/shop.bantam.ch\/fr\/produit\/regulateur-solaire-mpp-lrm-1218\/"]}]},{"@type":"ImageObject","inLanguage":"fr-FR","@id":"https:\/\/shop.bantam.ch\/fr\/produit\/regulateur-solaire-mpp-lrm-1218\/#primaryimage","url":"https:\/\/shop.bantam.ch\/wp-content\/uploads\/2023\/02\/992039911O90A0fXc7DX0c-3-scaled-scaled.jpg","contentUrl":"https:\/\/shop.bantam.ch\/wp-content\/uploads\/2023\/02\/992039911O90A0fXc7DX0c-3-scaled-scaled.jpg","width":2048,"height":1594},{"@type":"BreadcrumbList","@id":"https:\/\/shop.bantam.ch\/fr\/produit\/regulateur-solaire-mpp-lrm-1218\/#breadcrumb","itemListElement":[{"@type":"ListItem","position":1,"name":"Accueil","item":"https:\/\/shop.bantam.ch\/fr\/"},{"@type":"ListItem","position":2,"name":"Boutique","item":"https:\/\/shop.bantam.ch\/fr\/boutique\/"},{"@type":"ListItem","position":3,"name":"R\u00e9gul. solaire complet LRM 1218 avec capteur de temp\u00e9rature"}]},{"@type":"WebSite","@id":"https:\/\/shop.bantam.ch\/fr\/#website","url":"https:\/\/shop.bantam.ch\/fr\/","name":"Bantam Wankm\u00fcller SA","description":"","publisher":{"@id":"https:\/\/shop.bantam.ch\/fr\/#organization"},"inLanguage":"fr-FR"},{"@type":"Organization","@id":"https:\/\/shop.bantam.ch\/fr\/#organization","name":"Bantam Wankm\u00fcller SA","url":"https:\/\/shop.bantam.ch\/fr\/","logo":{"@type":"ImageObject","inLanguage":"fr-FR","@id":"https:\/\/shop.bantam.ch\/fr\/#\/schema\/logo\/image\/","url":"https:\/\/shop.bantam.ch\/wp-content\/uploads\/2022\/12\/bantam-logo.png","contentUrl":"https:\/\/shop.bantam.ch\/wp-content\/uploads\/2022\/12\/bantam-logo.png","width":320,"height":71,"caption":"Bantam Wankm\u00fcller SA"},"image":{"@id":"https:\/\/shop.bantam.ch\/fr\/#\/schema\/logo\/image\/"}}]}},"_links":{"self":[{"href":"https:\/\/shop.bantam.ch\/fr\/wp-json\/wp\/v2\/product\/30833","targetHints":{"allow":["GET"]}}],"collection":[{"href":"https:\/\/shop.bantam.ch\/fr\/wp-json\/wp\/v2\/product"}],"about":[{"href":"https:\/\/shop.bantam.ch\/fr\/wp-json\/wp\/v2\/types\/product"}],"wp:featuredmedia":[{"embeddable":true,"href":"https:\/\/shop.bantam.ch\/fr\/wp-json\/wp\/v2\/media\/30831"}],"wp:attachment":[{"href":"https:\/\/shop.bantam.ch\/fr\/wp-json\/wp\/v2\/media?parent=30833"}],"wp:term":[{"taxonomy":"product_featured_cat","embeddable":true,"href":"https:\/\/shop.bantam.ch\/fr\/wp-json\/wp\/v2\/product_featured_cat?post=30833"},{"taxonomy":"product_brand","embeddable":true,"href":"https:\/\/shop.bantam.ch\/fr\/wp-json\/wp\/v2\/product_brand?post=30833"},{"taxonomy":"product_cat","embeddable":true,"href":"https:\/\/shop.bantam.ch\/fr\/wp-json\/wp\/v2\/product_cat?post=30833"},{"taxonomy":"product_tag","embeddable":true,"href":"https:\/\/shop.bantam.ch\/fr\/wp-json\/wp\/v2\/product_tag?post=30833"}],"curies":[{"name":"wp","href":"https:\/\/api.w.org\/{rel}","templated":true}]}}