{"id":30687,"date":"2023-02-22T17:42:07","date_gmt":"2023-02-22T16:42:07","guid":{"rendered":"http:\/\/preprod-dev.sh1.hidora.com\/webshop\/produit\/repose-jambes-avantgarde-breeze-charcoal-grey\/"},"modified":"2026-04-17T20:32:24","modified_gmt":"2026-04-17T18:32:24","slug":"repose-jambes-avantgarde-breeze-charcoal-grey","status":"publish","type":"product","link":"https:\/\/shop.bantam.ch\/fr\/produit\/repose-jambes-avantgarde-breeze-charcoal-grey\/","title":{"rendered":"Repose-jambes Avantgarde Breeze charcoal grey"},"content":{"rendered":"<p>L\u2018utilisation combin\u00e9e d\u2018un repose-jambes confortable et l\u00e9ger permet d\u2018atteindre une position couch\u00e9e d\u00e9tendue et agr\u00e9able.  Le rev\u00eatement de si\u00e8ge en DuraDore (structure en fibres 3D) est doux et le mat\u00e9riau respirant. Il assure un confort d&rsquo;assise excellent quelles que soient les conditions climatiques. La \u00ab\u00a0technologie Aquarinse\u00a0\u00bb de cette nouvelle fibre laisse l\u2019eau de pluie s\u2019\u00e9couler \u00e0 travers la structure. Le tissu s\u00e8che tr\u00e8s rapidement. L\u2019armature est en DuraLite, une structure en m\u00e9tal l\u00e9ger compos\u00e9 d\u2019aluminium et de magn\u00e9sium.<\/p>\n<p>Mat\u00e9riau :<br \/>Rev\u00eatement : 100 % polyester<br \/>Cadre\u00a0: 100 % aluminium<\/p>\n","protected":false},"excerpt":{"rendered":"<p>L\u2018utilisation combin\u00e9e d\u2018un repose-jambes confortable et l\u00e9ger permet d\u2018atteindre une position couch\u00e9e d\u00e9tendue et agr\u00e9able. Le rev\u00eatement de si\u00e8ge en DuraDore (structure en fibres 3D) est doux et le mat\u00e9riau respirant. Il assure un confort d&rsquo;assise excellent quelles que soient les conditions climatiques. La \u00ab\u00a0technologie Aquarinse\u00a0\u00bb de cette nouvelle fibre laisse l\u2019eau de pluie s\u2019\u00e9couler [&hellip;]<\/p>\n","protected":false},"featured_media":30685,"template":"","meta":{"_acf_changed":false},"product_featured_cat":[],"product_brand":[3092],"product_cat":[4973],"product_tag":[],"class_list":{"0":"post-30687","1":"product","2":"type-product","3":"status-publish","4":"has-post-thumbnail","6":"product_brand-westfield-outdoors","7":"product_cat-repose-jambes","9":"first","10":"instock","11":"taxable","12":"shipping-taxable","13":"purchasable","14":"product-type-simple"},"acf":[],"yoast_head":"<!-- This site is optimized with the Yoast SEO plugin v27.4 - https:\/\/yoast.com\/product\/yoast-seo-wordpress\/ -->\n<title>Repose-jambes Avantgarde Breeze charcoal grey - Bantam Wankm\u00fcller SA<\/title>\n<meta name=\"robots\" content=\"index, follow, max-snippet:-1, max-image-preview:large, max-video-preview:-1\" \/>\n<link rel=\"canonical\" href=\"https:\/\/shop.bantam.ch\/fr\/produit\/repose-jambes-avantgarde-breeze-charcoal-grey\/\" \/>\n<meta property=\"og:locale\" content=\"fr_FR\" \/>\n<meta property=\"og:type\" content=\"article\" \/>\n<meta property=\"og:title\" content=\"Repose-jambes Avantgarde Breeze charcoal grey - Bantam Wankm\u00fcller SA\" \/>\n<meta property=\"og:description\" content=\"L\u2018utilisation combin\u00e9e d\u2018un repose-jambes confortable et l\u00e9ger permet d\u2018atteindre une position couch\u00e9e d\u00e9tendue et agr\u00e9able. Le rev\u00eatement de si\u00e8ge en DuraDore (structure en fibres 3D) est doux et le mat\u00e9riau respirant. Il assure un confort d&rsquo;assise excellent quelles que soient les conditions climatiques. La \u00ab\u00a0technologie Aquarinse\u00a0\u00bb de cette nouvelle fibre laisse l\u2019eau de pluie s\u2019\u00e9couler [&hellip;]\" \/>\n<meta property=\"og:url\" content=\"https:\/\/shop.bantam.ch\/fr\/produit\/repose-jambes-avantgarde-breeze-charcoal-grey\/\" \/>\n<meta property=\"og:site_name\" content=\"Bantam Wankm\u00fcller SA\" \/>\n<meta property=\"article:modified_time\" content=\"2026-04-17T18:32:24+00:00\" \/>\n<meta property=\"og:image\" content=\"https:\/\/shop.bantam.ch\/wp-content\/uploads\/2023\/02\/9928779-Beinauflage_Westfield_Avantgarde_Breeze_Fb_Charcoal_Grey-Standard-01-3.jpg\" \/>\n\t<meta property=\"og:image:width\" content=\"1000\" \/>\n\t<meta property=\"og:image:height\" content=\"800\" \/>\n\t<meta property=\"og:image:type\" content=\"image\/jpeg\" \/>\n<meta name=\"twitter:card\" content=\"summary_large_image\" \/>\n<meta name=\"twitter:label1\" content=\"Dur\u00e9e de lecture estim\u00e9e\" \/>\n\t<meta name=\"twitter:data1\" content=\"1 minute\" \/>\n<script type=\"application\/ld+json\" class=\"yoast-schema-graph\">{\"@context\":\"https:\\\/\\\/schema.org\",\"@graph\":[{\"@type\":\"WebPage\",\"@id\":\"https:\\\/\\\/shop.bantam.ch\\\/fr\\\/produit\\\/repose-jambes-avantgarde-breeze-charcoal-grey\\\/\",\"url\":\"https:\\\/\\\/shop.bantam.ch\\\/fr\\\/produit\\\/repose-jambes-avantgarde-breeze-charcoal-grey\\\/\",\"name\":\"Repose-jambes Avantgarde Breeze charcoal grey - Bantam Wankm\u00fcller SA\",\"isPartOf\":{\"@id\":\"https:\\\/\\\/shop.bantam.ch\\\/fr\\\/#website\"},\"primaryImageOfPage\":{\"@id\":\"https:\\\/\\\/shop.bantam.ch\\\/fr\\\/produit\\\/repose-jambes-avantgarde-breeze-charcoal-grey\\\/#primaryimage\"},\"image\":{\"@id\":\"https:\\\/\\\/shop.bantam.ch\\\/fr\\\/produit\\\/repose-jambes-avantgarde-breeze-charcoal-grey\\\/#primaryimage\"},\"thumbnailUrl\":\"https:\\\/\\\/shop.bantam.ch\\\/wp-content\\\/uploads\\\/2023\\\/02\\\/9928779-Beinauflage_Westfield_Avantgarde_Breeze_Fb_Charcoal_Grey-Standard-01-3.jpg\",\"datePublished\":\"2023-02-22T16:42:07+00:00\",\"dateModified\":\"2026-04-17T18:32:24+00:00\",\"breadcrumb\":{\"@id\":\"https:\\\/\\\/shop.bantam.ch\\\/fr\\\/produit\\\/repose-jambes-avantgarde-breeze-charcoal-grey\\\/#breadcrumb\"},\"inLanguage\":\"fr-FR\",\"potentialAction\":[{\"@type\":\"ReadAction\",\"target\":[\"https:\\\/\\\/shop.bantam.ch\\\/fr\\\/produit\\\/repose-jambes-avantgarde-breeze-charcoal-grey\\\/\"]}]},{\"@type\":\"ImageObject\",\"inLanguage\":\"fr-FR\",\"@id\":\"https:\\\/\\\/shop.bantam.ch\\\/fr\\\/produit\\\/repose-jambes-avantgarde-breeze-charcoal-grey\\\/#primaryimage\",\"url\":\"https:\\\/\\\/shop.bantam.ch\\\/wp-content\\\/uploads\\\/2023\\\/02\\\/9928779-Beinauflage_Westfield_Avantgarde_Breeze_Fb_Charcoal_Grey-Standard-01-3.jpg\",\"contentUrl\":\"https:\\\/\\\/shop.bantam.ch\\\/wp-content\\\/uploads\\\/2023\\\/02\\\/9928779-Beinauflage_Westfield_Avantgarde_Breeze_Fb_Charcoal_Grey-Standard-01-3.jpg\",\"width\":1000,\"height\":800},{\"@type\":\"BreadcrumbList\",\"@id\":\"https:\\\/\\\/shop.bantam.ch\\\/fr\\\/produit\\\/repose-jambes-avantgarde-breeze-charcoal-grey\\\/#breadcrumb\",\"itemListElement\":[{\"@type\":\"ListItem\",\"position\":1,\"name\":\"Accueil\",\"item\":\"https:\\\/\\\/shop.bantam.ch\\\/fr\\\/\"},{\"@type\":\"ListItem\",\"position\":2,\"name\":\"Boutique\",\"item\":\"https:\\\/\\\/shop.bantam.ch\\\/fr\\\/boutique\\\/\"},{\"@type\":\"ListItem\",\"position\":3,\"name\":\"Repose-jambes Avantgarde Breeze charcoal grey\"}]},{\"@type\":\"WebSite\",\"@id\":\"https:\\\/\\\/shop.bantam.ch\\\/fr\\\/#website\",\"url\":\"https:\\\/\\\/shop.bantam.ch\\\/fr\\\/\",\"name\":\"Bantam Wankm\u00fcller SA\",\"description\":\"\",\"publisher\":{\"@id\":\"https:\\\/\\\/shop.bantam.ch\\\/fr\\\/#organization\"},\"inLanguage\":\"fr-FR\"},{\"@type\":\"Organization\",\"@id\":\"https:\\\/\\\/shop.bantam.ch\\\/fr\\\/#organization\",\"name\":\"Bantam Wankm\u00fcller SA\",\"url\":\"https:\\\/\\\/shop.bantam.ch\\\/fr\\\/\",\"logo\":{\"@type\":\"ImageObject\",\"inLanguage\":\"fr-FR\",\"@id\":\"https:\\\/\\\/shop.bantam.ch\\\/fr\\\/#\\\/schema\\\/logo\\\/image\\\/\",\"url\":\"https:\\\/\\\/shop.bantam.ch\\\/wp-content\\\/uploads\\\/2022\\\/12\\\/bantam-logo.png\",\"contentUrl\":\"https:\\\/\\\/shop.bantam.ch\\\/wp-content\\\/uploads\\\/2022\\\/12\\\/bantam-logo.png\",\"width\":320,\"height\":71,\"caption\":\"Bantam Wankm\u00fcller SA\"},\"image\":{\"@id\":\"https:\\\/\\\/shop.bantam.ch\\\/fr\\\/#\\\/schema\\\/logo\\\/image\\\/\"}}]}<\/script>\n<!-- \/ Yoast SEO plugin. -->","yoast_head_json":{"title":"Repose-jambes Avantgarde Breeze charcoal grey - Bantam Wankm\u00fcller SA","robots":{"index":"index","follow":"follow","max-snippet":"max-snippet:-1","max-image-preview":"max-image-preview:large","max-video-preview":"max-video-preview:-1"},"canonical":"https:\/\/shop.bantam.ch\/fr\/produit\/repose-jambes-avantgarde-breeze-charcoal-grey\/","og_locale":"fr_FR","og_type":"article","og_title":"Repose-jambes Avantgarde Breeze charcoal grey - Bantam Wankm\u00fcller SA","og_description":"L\u2018utilisation combin\u00e9e d\u2018un repose-jambes confortable et l\u00e9ger permet d\u2018atteindre une position couch\u00e9e d\u00e9tendue et agr\u00e9able. Le rev\u00eatement de si\u00e8ge en DuraDore (structure en fibres 3D) est doux et le mat\u00e9riau respirant. Il assure un confort d&rsquo;assise excellent quelles que soient les conditions climatiques. La \u00ab\u00a0technologie Aquarinse\u00a0\u00bb de cette nouvelle fibre laisse l\u2019eau de pluie s\u2019\u00e9couler [&hellip;]","og_url":"https:\/\/shop.bantam.ch\/fr\/produit\/repose-jambes-avantgarde-breeze-charcoal-grey\/","og_site_name":"Bantam Wankm\u00fcller SA","article_modified_time":"2026-04-17T18:32:24+00:00","og_image":[{"width":1000,"height":800,"url":"https:\/\/shop.bantam.ch\/wp-content\/uploads\/2023\/02\/9928779-Beinauflage_Westfield_Avantgarde_Breeze_Fb_Charcoal_Grey-Standard-01-3.jpg","type":"image\/jpeg"}],"twitter_card":"summary_large_image","twitter_misc":{"Dur\u00e9e de lecture estim\u00e9e":"1 minute"},"schema":{"@context":"https:\/\/schema.org","@graph":[{"@type":"WebPage","@id":"https:\/\/shop.bantam.ch\/fr\/produit\/repose-jambes-avantgarde-breeze-charcoal-grey\/","url":"https:\/\/shop.bantam.ch\/fr\/produit\/repose-jambes-avantgarde-breeze-charcoal-grey\/","name":"Repose-jambes Avantgarde Breeze charcoal grey - Bantam Wankm\u00fcller SA","isPartOf":{"@id":"https:\/\/shop.bantam.ch\/fr\/#website"},"primaryImageOfPage":{"@id":"https:\/\/shop.bantam.ch\/fr\/produit\/repose-jambes-avantgarde-breeze-charcoal-grey\/#primaryimage"},"image":{"@id":"https:\/\/shop.bantam.ch\/fr\/produit\/repose-jambes-avantgarde-breeze-charcoal-grey\/#primaryimage"},"thumbnailUrl":"https:\/\/shop.bantam.ch\/wp-content\/uploads\/2023\/02\/9928779-Beinauflage_Westfield_Avantgarde_Breeze_Fb_Charcoal_Grey-Standard-01-3.jpg","datePublished":"2023-02-22T16:42:07+00:00","dateModified":"2026-04-17T18:32:24+00:00","breadcrumb":{"@id":"https:\/\/shop.bantam.ch\/fr\/produit\/repose-jambes-avantgarde-breeze-charcoal-grey\/#breadcrumb"},"inLanguage":"fr-FR","potentialAction":[{"@type":"ReadAction","target":["https:\/\/shop.bantam.ch\/fr\/produit\/repose-jambes-avantgarde-breeze-charcoal-grey\/"]}]},{"@type":"ImageObject","inLanguage":"fr-FR","@id":"https:\/\/shop.bantam.ch\/fr\/produit\/repose-jambes-avantgarde-breeze-charcoal-grey\/#primaryimage","url":"https:\/\/shop.bantam.ch\/wp-content\/uploads\/2023\/02\/9928779-Beinauflage_Westfield_Avantgarde_Breeze_Fb_Charcoal_Grey-Standard-01-3.jpg","contentUrl":"https:\/\/shop.bantam.ch\/wp-content\/uploads\/2023\/02\/9928779-Beinauflage_Westfield_Avantgarde_Breeze_Fb_Charcoal_Grey-Standard-01-3.jpg","width":1000,"height":800},{"@type":"BreadcrumbList","@id":"https:\/\/shop.bantam.ch\/fr\/produit\/repose-jambes-avantgarde-breeze-charcoal-grey\/#breadcrumb","itemListElement":[{"@type":"ListItem","position":1,"name":"Accueil","item":"https:\/\/shop.bantam.ch\/fr\/"},{"@type":"ListItem","position":2,"name":"Boutique","item":"https:\/\/shop.bantam.ch\/fr\/boutique\/"},{"@type":"ListItem","position":3,"name":"Repose-jambes Avantgarde Breeze charcoal grey"}]},{"@type":"WebSite","@id":"https:\/\/shop.bantam.ch\/fr\/#website","url":"https:\/\/shop.bantam.ch\/fr\/","name":"Bantam Wankm\u00fcller SA","description":"","publisher":{"@id":"https:\/\/shop.bantam.ch\/fr\/#organization"},"inLanguage":"fr-FR"},{"@type":"Organization","@id":"https:\/\/shop.bantam.ch\/fr\/#organization","name":"Bantam Wankm\u00fcller SA","url":"https:\/\/shop.bantam.ch\/fr\/","logo":{"@type":"ImageObject","inLanguage":"fr-FR","@id":"https:\/\/shop.bantam.ch\/fr\/#\/schema\/logo\/image\/","url":"https:\/\/shop.bantam.ch\/wp-content\/uploads\/2022\/12\/bantam-logo.png","contentUrl":"https:\/\/shop.bantam.ch\/wp-content\/uploads\/2022\/12\/bantam-logo.png","width":320,"height":71,"caption":"Bantam Wankm\u00fcller SA"},"image":{"@id":"https:\/\/shop.bantam.ch\/fr\/#\/schema\/logo\/image\/"}}]}},"_links":{"self":[{"href":"https:\/\/shop.bantam.ch\/fr\/wp-json\/wp\/v2\/product\/30687","targetHints":{"allow":["GET"]}}],"collection":[{"href":"https:\/\/shop.bantam.ch\/fr\/wp-json\/wp\/v2\/product"}],"about":[{"href":"https:\/\/shop.bantam.ch\/fr\/wp-json\/wp\/v2\/types\/product"}],"wp:featuredmedia":[{"embeddable":true,"href":"https:\/\/shop.bantam.ch\/fr\/wp-json\/wp\/v2\/media\/30685"}],"wp:attachment":[{"href":"https:\/\/shop.bantam.ch\/fr\/wp-json\/wp\/v2\/media?parent=30687"}],"wp:term":[{"taxonomy":"product_featured_cat","embeddable":true,"href":"https:\/\/shop.bantam.ch\/fr\/wp-json\/wp\/v2\/product_featured_cat?post=30687"},{"taxonomy":"product_brand","embeddable":true,"href":"https:\/\/shop.bantam.ch\/fr\/wp-json\/wp\/v2\/product_brand?post=30687"},{"taxonomy":"product_cat","embeddable":true,"href":"https:\/\/shop.bantam.ch\/fr\/wp-json\/wp\/v2\/product_cat?post=30687"},{"taxonomy":"product_tag","embeddable":true,"href":"https:\/\/shop.bantam.ch\/fr\/wp-json\/wp\/v2\/product_tag?post=30687"}],"curies":[{"name":"wp","href":"https:\/\/api.w.org\/{rel}","templated":true}]}}