{"id":30663,"date":"2023-02-22T17:41:34","date_gmt":"2023-02-22T16:41:34","guid":{"rendered":"http:\/\/preprod-dev.sh1.hidora.com\/webshop\/produit\/unite-de-commande-avec-ecran-tactile\/"},"modified":"2026-04-21T20:32:23","modified_gmt":"2026-04-21T18:32:23","slug":"unite-de-commande-avec-ecran-tactile","status":"publish","type":"product","link":"https:\/\/shop.bantam.ch\/fr\/produit\/unite-de-commande-avec-ecran-tactile\/","title":{"rendered":"Panneau de commande avec cadre"},"content":{"rendered":"<p>Les utilisateurs d\u2018unit\u00e9s de commandes plus anciennes d\u2018Alde (par exemple Compact 3010) ont ainsi la possibilit\u00e9 de compl\u00e9ter leur \u00e9quipement par un nouvel \u00e9cran. c\u00e2ble cadre de recouvrement pour couvrir la partie large de l\u2019\u00e9cran LCD.<\/p>\n","protected":false},"excerpt":{"rendered":"<p>Les utilisateurs d\u2018unit\u00e9s de commandes plus anciennes d\u2018Alde (par exemple Compact 3010) ont ainsi la possibilit\u00e9 de compl\u00e9ter leur \u00e9quipement par un nouvel \u00e9cran. c\u00e2ble cadre de recouvrement pour couvrir la partie large de l\u2019\u00e9cran LCD.<\/p>\n","protected":false},"featured_media":30661,"template":"","meta":{"_acf_changed":false},"product_featured_cat":[],"product_brand":[3086],"product_cat":[5165],"product_tag":[],"class_list":{"0":"post-30663","1":"product","2":"type-product","3":"status-publish","4":"has-post-thumbnail","6":"product_brand-alde","7":"product_cat-accessoires-radiateurs","9":"first","10":"instock","11":"taxable","12":"shipping-taxable","13":"purchasable","14":"product-type-simple"},"acf":[],"yoast_head":"<!-- This site is optimized with the Yoast SEO plugin v27.4 - https:\/\/yoast.com\/product\/yoast-seo-wordpress\/ -->\n<title>Panneau de commande avec cadre - Bantam Wankm\u00fcller SA<\/title>\n<meta name=\"robots\" content=\"index, follow, max-snippet:-1, max-image-preview:large, max-video-preview:-1\" \/>\n<link rel=\"canonical\" href=\"https:\/\/shop.bantam.ch\/fr\/produit\/unite-de-commande-avec-ecran-tactile\/\" \/>\n<meta property=\"og:locale\" content=\"fr_FR\" \/>\n<meta property=\"og:type\" content=\"article\" \/>\n<meta property=\"og:title\" content=\"Panneau de commande avec cadre - Bantam Wankm\u00fcller SA\" \/>\n<meta property=\"og:description\" content=\"Les utilisateurs d\u2018unit\u00e9s de commandes plus anciennes d\u2018Alde (par exemple Compact 3010) ont ainsi la possibilit\u00e9 de compl\u00e9ter leur \u00e9quipement par un nouvel \u00e9cran. c\u00e2ble cadre de recouvrement pour couvrir la partie large de l\u2019\u00e9cran LCD.\" \/>\n<meta property=\"og:url\" content=\"https:\/\/shop.bantam.ch\/fr\/produit\/unite-de-commande-avec-ecran-tactile\/\" \/>\n<meta property=\"og:site_name\" content=\"Bantam Wankm\u00fcller SA\" \/>\n<meta property=\"article:modified_time\" content=\"2026-04-21T18:32:23+00:00\" \/>\n<meta property=\"og:image\" content=\"https:\/\/shop.bantam.ch\/wp-content\/uploads\/2023\/02\/9920258-Bedieneinheit_mit_Touchscreen_inkl_Abdeckrahmen-Standard-01-3.jpg\" \/>\n\t<meta property=\"og:image:width\" content=\"894\" \/>\n\t<meta property=\"og:image:height\" content=\"1000\" \/>\n\t<meta property=\"og:image:type\" content=\"image\/jpeg\" \/>\n<meta name=\"twitter:card\" content=\"summary_large_image\" \/>\n<script type=\"application\/ld+json\" class=\"yoast-schema-graph\">{\"@context\":\"https:\\\/\\\/schema.org\",\"@graph\":[{\"@type\":\"WebPage\",\"@id\":\"https:\\\/\\\/shop.bantam.ch\\\/fr\\\/produit\\\/unite-de-commande-avec-ecran-tactile\\\/\",\"url\":\"https:\\\/\\\/shop.bantam.ch\\\/fr\\\/produit\\\/unite-de-commande-avec-ecran-tactile\\\/\",\"name\":\"Panneau de commande avec cadre - Bantam Wankm\u00fcller SA\",\"isPartOf\":{\"@id\":\"https:\\\/\\\/shop.bantam.ch\\\/fr\\\/#website\"},\"primaryImageOfPage\":{\"@id\":\"https:\\\/\\\/shop.bantam.ch\\\/fr\\\/produit\\\/unite-de-commande-avec-ecran-tactile\\\/#primaryimage\"},\"image\":{\"@id\":\"https:\\\/\\\/shop.bantam.ch\\\/fr\\\/produit\\\/unite-de-commande-avec-ecran-tactile\\\/#primaryimage\"},\"thumbnailUrl\":\"https:\\\/\\\/shop.bantam.ch\\\/wp-content\\\/uploads\\\/2023\\\/02\\\/9920258-Bedieneinheit_mit_Touchscreen_inkl_Abdeckrahmen-Standard-01-3.jpg\",\"datePublished\":\"2023-02-22T16:41:34+00:00\",\"dateModified\":\"2026-04-21T18:32:23+00:00\",\"breadcrumb\":{\"@id\":\"https:\\\/\\\/shop.bantam.ch\\\/fr\\\/produit\\\/unite-de-commande-avec-ecran-tactile\\\/#breadcrumb\"},\"inLanguage\":\"fr-FR\",\"potentialAction\":[{\"@type\":\"ReadAction\",\"target\":[\"https:\\\/\\\/shop.bantam.ch\\\/fr\\\/produit\\\/unite-de-commande-avec-ecran-tactile\\\/\"]}]},{\"@type\":\"ImageObject\",\"inLanguage\":\"fr-FR\",\"@id\":\"https:\\\/\\\/shop.bantam.ch\\\/fr\\\/produit\\\/unite-de-commande-avec-ecran-tactile\\\/#primaryimage\",\"url\":\"https:\\\/\\\/shop.bantam.ch\\\/wp-content\\\/uploads\\\/2023\\\/02\\\/9920258-Bedieneinheit_mit_Touchscreen_inkl_Abdeckrahmen-Standard-01-3.jpg\",\"contentUrl\":\"https:\\\/\\\/shop.bantam.ch\\\/wp-content\\\/uploads\\\/2023\\\/02\\\/9920258-Bedieneinheit_mit_Touchscreen_inkl_Abdeckrahmen-Standard-01-3.jpg\",\"width\":894,\"height\":1000},{\"@type\":\"BreadcrumbList\",\"@id\":\"https:\\\/\\\/shop.bantam.ch\\\/fr\\\/produit\\\/unite-de-commande-avec-ecran-tactile\\\/#breadcrumb\",\"itemListElement\":[{\"@type\":\"ListItem\",\"position\":1,\"name\":\"Accueil\",\"item\":\"https:\\\/\\\/shop.bantam.ch\\\/fr\\\/\"},{\"@type\":\"ListItem\",\"position\":2,\"name\":\"Boutique\",\"item\":\"https:\\\/\\\/shop.bantam.ch\\\/fr\\\/boutique\\\/\"},{\"@type\":\"ListItem\",\"position\":3,\"name\":\"Panneau de commande avec cadre\"}]},{\"@type\":\"WebSite\",\"@id\":\"https:\\\/\\\/shop.bantam.ch\\\/fr\\\/#website\",\"url\":\"https:\\\/\\\/shop.bantam.ch\\\/fr\\\/\",\"name\":\"Bantam Wankm\u00fcller SA\",\"description\":\"\",\"publisher\":{\"@id\":\"https:\\\/\\\/shop.bantam.ch\\\/fr\\\/#organization\"},\"inLanguage\":\"fr-FR\"},{\"@type\":\"Organization\",\"@id\":\"https:\\\/\\\/shop.bantam.ch\\\/fr\\\/#organization\",\"name\":\"Bantam Wankm\u00fcller SA\",\"url\":\"https:\\\/\\\/shop.bantam.ch\\\/fr\\\/\",\"logo\":{\"@type\":\"ImageObject\",\"inLanguage\":\"fr-FR\",\"@id\":\"https:\\\/\\\/shop.bantam.ch\\\/fr\\\/#\\\/schema\\\/logo\\\/image\\\/\",\"url\":\"https:\\\/\\\/shop.bantam.ch\\\/wp-content\\\/uploads\\\/2022\\\/12\\\/bantam-logo.png\",\"contentUrl\":\"https:\\\/\\\/shop.bantam.ch\\\/wp-content\\\/uploads\\\/2022\\\/12\\\/bantam-logo.png\",\"width\":320,\"height\":71,\"caption\":\"Bantam Wankm\u00fcller SA\"},\"image\":{\"@id\":\"https:\\\/\\\/shop.bantam.ch\\\/fr\\\/#\\\/schema\\\/logo\\\/image\\\/\"}}]}<\/script>\n<!-- \/ Yoast SEO plugin. -->","yoast_head_json":{"title":"Panneau de commande avec cadre - Bantam Wankm\u00fcller SA","robots":{"index":"index","follow":"follow","max-snippet":"max-snippet:-1","max-image-preview":"max-image-preview:large","max-video-preview":"max-video-preview:-1"},"canonical":"https:\/\/shop.bantam.ch\/fr\/produit\/unite-de-commande-avec-ecran-tactile\/","og_locale":"fr_FR","og_type":"article","og_title":"Panneau de commande avec cadre - Bantam Wankm\u00fcller SA","og_description":"Les utilisateurs d\u2018unit\u00e9s de commandes plus anciennes d\u2018Alde (par exemple Compact 3010) ont ainsi la possibilit\u00e9 de compl\u00e9ter leur \u00e9quipement par un nouvel \u00e9cran. c\u00e2ble cadre de recouvrement pour couvrir la partie large de l\u2019\u00e9cran LCD.","og_url":"https:\/\/shop.bantam.ch\/fr\/produit\/unite-de-commande-avec-ecran-tactile\/","og_site_name":"Bantam Wankm\u00fcller SA","article_modified_time":"2026-04-21T18:32:23+00:00","og_image":[{"width":894,"height":1000,"url":"https:\/\/shop.bantam.ch\/wp-content\/uploads\/2023\/02\/9920258-Bedieneinheit_mit_Touchscreen_inkl_Abdeckrahmen-Standard-01-3.jpg","type":"image\/jpeg"}],"twitter_card":"summary_large_image","schema":{"@context":"https:\/\/schema.org","@graph":[{"@type":"WebPage","@id":"https:\/\/shop.bantam.ch\/fr\/produit\/unite-de-commande-avec-ecran-tactile\/","url":"https:\/\/shop.bantam.ch\/fr\/produit\/unite-de-commande-avec-ecran-tactile\/","name":"Panneau de commande avec cadre - Bantam Wankm\u00fcller SA","isPartOf":{"@id":"https:\/\/shop.bantam.ch\/fr\/#website"},"primaryImageOfPage":{"@id":"https:\/\/shop.bantam.ch\/fr\/produit\/unite-de-commande-avec-ecran-tactile\/#primaryimage"},"image":{"@id":"https:\/\/shop.bantam.ch\/fr\/produit\/unite-de-commande-avec-ecran-tactile\/#primaryimage"},"thumbnailUrl":"https:\/\/shop.bantam.ch\/wp-content\/uploads\/2023\/02\/9920258-Bedieneinheit_mit_Touchscreen_inkl_Abdeckrahmen-Standard-01-3.jpg","datePublished":"2023-02-22T16:41:34+00:00","dateModified":"2026-04-21T18:32:23+00:00","breadcrumb":{"@id":"https:\/\/shop.bantam.ch\/fr\/produit\/unite-de-commande-avec-ecran-tactile\/#breadcrumb"},"inLanguage":"fr-FR","potentialAction":[{"@type":"ReadAction","target":["https:\/\/shop.bantam.ch\/fr\/produit\/unite-de-commande-avec-ecran-tactile\/"]}]},{"@type":"ImageObject","inLanguage":"fr-FR","@id":"https:\/\/shop.bantam.ch\/fr\/produit\/unite-de-commande-avec-ecran-tactile\/#primaryimage","url":"https:\/\/shop.bantam.ch\/wp-content\/uploads\/2023\/02\/9920258-Bedieneinheit_mit_Touchscreen_inkl_Abdeckrahmen-Standard-01-3.jpg","contentUrl":"https:\/\/shop.bantam.ch\/wp-content\/uploads\/2023\/02\/9920258-Bedieneinheit_mit_Touchscreen_inkl_Abdeckrahmen-Standard-01-3.jpg","width":894,"height":1000},{"@type":"BreadcrumbList","@id":"https:\/\/shop.bantam.ch\/fr\/produit\/unite-de-commande-avec-ecran-tactile\/#breadcrumb","itemListElement":[{"@type":"ListItem","position":1,"name":"Accueil","item":"https:\/\/shop.bantam.ch\/fr\/"},{"@type":"ListItem","position":2,"name":"Boutique","item":"https:\/\/shop.bantam.ch\/fr\/boutique\/"},{"@type":"ListItem","position":3,"name":"Panneau de commande avec cadre"}]},{"@type":"WebSite","@id":"https:\/\/shop.bantam.ch\/fr\/#website","url":"https:\/\/shop.bantam.ch\/fr\/","name":"Bantam Wankm\u00fcller SA","description":"","publisher":{"@id":"https:\/\/shop.bantam.ch\/fr\/#organization"},"inLanguage":"fr-FR"},{"@type":"Organization","@id":"https:\/\/shop.bantam.ch\/fr\/#organization","name":"Bantam Wankm\u00fcller SA","url":"https:\/\/shop.bantam.ch\/fr\/","logo":{"@type":"ImageObject","inLanguage":"fr-FR","@id":"https:\/\/shop.bantam.ch\/fr\/#\/schema\/logo\/image\/","url":"https:\/\/shop.bantam.ch\/wp-content\/uploads\/2022\/12\/bantam-logo.png","contentUrl":"https:\/\/shop.bantam.ch\/wp-content\/uploads\/2022\/12\/bantam-logo.png","width":320,"height":71,"caption":"Bantam Wankm\u00fcller SA"},"image":{"@id":"https:\/\/shop.bantam.ch\/fr\/#\/schema\/logo\/image\/"}}]}},"_links":{"self":[{"href":"https:\/\/shop.bantam.ch\/fr\/wp-json\/wp\/v2\/product\/30663","targetHints":{"allow":["GET"]}}],"collection":[{"href":"https:\/\/shop.bantam.ch\/fr\/wp-json\/wp\/v2\/product"}],"about":[{"href":"https:\/\/shop.bantam.ch\/fr\/wp-json\/wp\/v2\/types\/product"}],"wp:featuredmedia":[{"embeddable":true,"href":"https:\/\/shop.bantam.ch\/fr\/wp-json\/wp\/v2\/media\/30661"}],"wp:attachment":[{"href":"https:\/\/shop.bantam.ch\/fr\/wp-json\/wp\/v2\/media?parent=30663"}],"wp:term":[{"taxonomy":"product_featured_cat","embeddable":true,"href":"https:\/\/shop.bantam.ch\/fr\/wp-json\/wp\/v2\/product_featured_cat?post=30663"},{"taxonomy":"product_brand","embeddable":true,"href":"https:\/\/shop.bantam.ch\/fr\/wp-json\/wp\/v2\/product_brand?post=30663"},{"taxonomy":"product_cat","embeddable":true,"href":"https:\/\/shop.bantam.ch\/fr\/wp-json\/wp\/v2\/product_cat?post=30663"},{"taxonomy":"product_tag","embeddable":true,"href":"https:\/\/shop.bantam.ch\/fr\/wp-json\/wp\/v2\/product_tag?post=30663"}],"curies":[{"name":"wp","href":"https:\/\/api.w.org\/{rel}","templated":true}]}}