{"id":30485,"date":"2023-02-22T17:37:08","date_gmt":"2023-02-22T16:37:08","guid":{"rendered":"http:\/\/preprod-dev.sh1.hidora.com\/webshop\/produit\/gobelet-magnetique-250-ml-2-gobelets-2-supports\/"},"modified":"2026-05-01T20:37:21","modified_gmt":"2026-05-01T18:37:21","slug":"gobelet-magnetique-250-ml-2-gobelets-2-supports","status":"publish","type":"product","link":"https:\/\/shop.bantam.ch\/fr\/produit\/gobelet-magnetique-250-ml-2-gobelets-2-supports\/","title":{"rendered":"Gobelet magn\u00e9tique 250 ml, 2 gobelets + 2 supports"},"content":{"rendered":"<p>Gobelet magn\u00e9tique stable et incassable en plastique r\u00e9sistant aux rayures. Aimant int\u00e9gr\u00e9 au fond de la tasse. Les coussinets m\u00e9talliques en nano-gel aspect cuir sont lavables, amovibles sans laisser de r\u00e9sidus et r\u00e9utilisables. Le couvercle en TPE de haute qualit\u00e9 avec une ouverture pour paille est \u00e9tanche. Convient pour des boissons chaudes jusqu\u2019\u00e0 une temp\u00e9rature de 100 \u00b0C. La bande m\u00e9tallique silwy est n\u00e9cessaire pour le rangement sur le mur\/plafond. Ne convient pas aux boissons contenant de l&rsquo;anis.<\/p>\n<p>Contenu\u00a0:<\/p>\n<ul>\n<li>2 gobelets aimant\u00e9s de 250 ml<\/li>\n<\/ul>\n<p>Contenu de la livraison :<br \/>Avec supports en nano-gel m\u00e9tallique<\/p>\n","protected":false},"excerpt":{"rendered":"<p>Gobelet magn\u00e9tique stable et incassable en plastique r\u00e9sistant aux rayures. Aimant int\u00e9gr\u00e9 au fond de la tasse. Les coussinets m\u00e9talliques en nano-gel aspect cuir sont lavables, amovibles sans laisser de r\u00e9sidus et r\u00e9utilisables. Le couvercle en TPE de haute qualit\u00e9 avec une ouverture pour paille est \u00e9tanche. Convient pour des boissons chaudes jusqu\u2019\u00e0 une temp\u00e9rature [&hellip;]<\/p>\n","protected":false},"featured_media":30429,"template":"","meta":{"_acf_changed":false},"product_featured_cat":[],"product_brand":[3072],"product_cat":[4269],"product_tag":[],"class_list":{"0":"post-30485","1":"product","2":"type-product","3":"status-publish","4":"has-post-thumbnail","6":"product_brand-silwy","7":"product_cat-gobelets-tasses-et-verres","9":"first","10":"instock","11":"taxable","12":"shipping-taxable","13":"purchasable","14":"product-type-variable"},"acf":[],"yoast_head":"<!-- This site is optimized with the Yoast SEO plugin v27.5 - https:\/\/yoast.com\/product\/yoast-seo-wordpress\/ -->\n<title>Gobelet magn\u00e9tique 250 ml, 2 gobelets + 2 supports - Bantam<\/title>\n<meta name=\"robots\" content=\"index, follow, max-snippet:-1, max-image-preview:large, max-video-preview:-1\" \/>\n<link rel=\"canonical\" href=\"https:\/\/shop.bantam.ch\/fr\/produit\/gobelet-magnetique-250-ml-2-gobelets-2-supports\/\" \/>\n<meta property=\"og:locale\" content=\"fr_FR\" \/>\n<meta property=\"og:type\" content=\"article\" \/>\n<meta property=\"og:title\" content=\"Gobelet magn\u00e9tique 250 ml, 2 gobelets + 2 supports - Bantam\" \/>\n<meta property=\"og:description\" content=\"Gobelet magn\u00e9tique stable et incassable en plastique r\u00e9sistant aux rayures. Aimant int\u00e9gr\u00e9 au fond de la tasse. Les coussinets m\u00e9talliques en nano-gel aspect cuir sont lavables, amovibles sans laisser de r\u00e9sidus et r\u00e9utilisables. Le couvercle en TPE de haute qualit\u00e9 avec une ouverture pour paille est \u00e9tanche. Convient pour des boissons chaudes jusqu\u2019\u00e0 une temp\u00e9rature [&hellip;]\" \/>\n<meta property=\"og:url\" content=\"https:\/\/shop.bantam.ch\/fr\/produit\/gobelet-magnetique-250-ml-2-gobelets-2-supports\/\" \/>\n<meta property=\"og:site_name\" content=\"Bantam\" \/>\n<meta property=\"article:modified_time\" content=\"2026-05-01T18:37:21+00:00\" \/>\n<meta property=\"og:image\" content=\"https:\/\/shop.bantam.ch\/wp-content\/uploads\/2023\/02\/992070111-3.jpg\" \/>\n\t<meta property=\"og:image:width\" content=\"1000\" \/>\n\t<meta property=\"og:image:height\" content=\"1000\" \/>\n\t<meta property=\"og:image:type\" content=\"image\/jpeg\" \/>\n<meta name=\"twitter:card\" content=\"summary_large_image\" \/>\n<meta name=\"twitter:label1\" content=\"Dur\u00e9e de lecture estim\u00e9e\" \/>\n\t<meta name=\"twitter:data1\" content=\"1 minute\" \/>\n<script type=\"application\/ld+json\" class=\"yoast-schema-graph\">{\"@context\":\"https:\\\/\\\/schema.org\",\"@graph\":[{\"@type\":\"WebPage\",\"@id\":\"https:\\\/\\\/shop.bantam.ch\\\/fr\\\/produit\\\/gobelet-magnetique-250-ml-2-gobelets-2-supports\\\/\",\"url\":\"https:\\\/\\\/shop.bantam.ch\\\/fr\\\/produit\\\/gobelet-magnetique-250-ml-2-gobelets-2-supports\\\/\",\"name\":\"Gobelet magn\u00e9tique 250 ml, 2 gobelets + 2 supports - Bantam\",\"isPartOf\":{\"@id\":\"https:\\\/\\\/shop.bantam.ch\\\/fr\\\/#website\"},\"primaryImageOfPage\":{\"@id\":\"https:\\\/\\\/shop.bantam.ch\\\/fr\\\/produit\\\/gobelet-magnetique-250-ml-2-gobelets-2-supports\\\/#primaryimage\"},\"image\":{\"@id\":\"https:\\\/\\\/shop.bantam.ch\\\/fr\\\/produit\\\/gobelet-magnetique-250-ml-2-gobelets-2-supports\\\/#primaryimage\"},\"thumbnailUrl\":\"https:\\\/\\\/shop.bantam.ch\\\/wp-content\\\/uploads\\\/2023\\\/02\\\/992070111-3.jpg\",\"datePublished\":\"2023-02-22T16:37:08+00:00\",\"dateModified\":\"2026-05-01T18:37:21+00:00\",\"breadcrumb\":{\"@id\":\"https:\\\/\\\/shop.bantam.ch\\\/fr\\\/produit\\\/gobelet-magnetique-250-ml-2-gobelets-2-supports\\\/#breadcrumb\"},\"inLanguage\":\"fr-FR\",\"potentialAction\":[{\"@type\":\"ReadAction\",\"target\":[\"https:\\\/\\\/shop.bantam.ch\\\/fr\\\/produit\\\/gobelet-magnetique-250-ml-2-gobelets-2-supports\\\/\"]}]},{\"@type\":\"ImageObject\",\"inLanguage\":\"fr-FR\",\"@id\":\"https:\\\/\\\/shop.bantam.ch\\\/fr\\\/produit\\\/gobelet-magnetique-250-ml-2-gobelets-2-supports\\\/#primaryimage\",\"url\":\"https:\\\/\\\/shop.bantam.ch\\\/wp-content\\\/uploads\\\/2023\\\/02\\\/992070111-3.jpg\",\"contentUrl\":\"https:\\\/\\\/shop.bantam.ch\\\/wp-content\\\/uploads\\\/2023\\\/02\\\/992070111-3.jpg\",\"width\":1000,\"height\":1000},{\"@type\":\"BreadcrumbList\",\"@id\":\"https:\\\/\\\/shop.bantam.ch\\\/fr\\\/produit\\\/gobelet-magnetique-250-ml-2-gobelets-2-supports\\\/#breadcrumb\",\"itemListElement\":[{\"@type\":\"ListItem\",\"position\":1,\"name\":\"Accueil\",\"item\":\"https:\\\/\\\/shop.bantam.ch\\\/fr\\\/\"},{\"@type\":\"ListItem\",\"position\":2,\"name\":\"Boutique\",\"item\":\"https:\\\/\\\/shop.bantam.ch\\\/fr\\\/boutique\\\/\"},{\"@type\":\"ListItem\",\"position\":3,\"name\":\"Gobelet magn\u00e9tique 250 ml, 2 gobelets + 2 supports\"}]},{\"@type\":\"WebSite\",\"@id\":\"https:\\\/\\\/shop.bantam.ch\\\/fr\\\/#website\",\"url\":\"https:\\\/\\\/shop.bantam.ch\\\/fr\\\/\",\"name\":\"Bantam\",\"description\":\"\",\"publisher\":{\"@id\":\"https:\\\/\\\/shop.bantam.ch\\\/fr\\\/#organization\"},\"inLanguage\":\"fr-FR\"},{\"@type\":\"Organization\",\"@id\":\"https:\\\/\\\/shop.bantam.ch\\\/fr\\\/#organization\",\"name\":\"Bantam\",\"url\":\"https:\\\/\\\/shop.bantam.ch\\\/fr\\\/\",\"logo\":{\"@type\":\"ImageObject\",\"inLanguage\":\"fr-FR\",\"@id\":\"https:\\\/\\\/shop.bantam.ch\\\/fr\\\/#\\\/schema\\\/logo\\\/image\\\/\",\"url\":\"https:\\\/\\\/shop.bantam.ch\\\/wp-content\\\/uploads\\\/2022\\\/12\\\/bantam-logo.png\",\"contentUrl\":\"https:\\\/\\\/shop.bantam.ch\\\/wp-content\\\/uploads\\\/2022\\\/12\\\/bantam-logo.png\",\"width\":320,\"height\":71,\"caption\":\"Bantam\"},\"image\":{\"@id\":\"https:\\\/\\\/shop.bantam.ch\\\/fr\\\/#\\\/schema\\\/logo\\\/image\\\/\"}}]}<\/script>\n<!-- \/ Yoast SEO plugin. -->","yoast_head_json":{"title":"Gobelet magn\u00e9tique 250 ml, 2 gobelets + 2 supports - Bantam","robots":{"index":"index","follow":"follow","max-snippet":"max-snippet:-1","max-image-preview":"max-image-preview:large","max-video-preview":"max-video-preview:-1"},"canonical":"https:\/\/shop.bantam.ch\/fr\/produit\/gobelet-magnetique-250-ml-2-gobelets-2-supports\/","og_locale":"fr_FR","og_type":"article","og_title":"Gobelet magn\u00e9tique 250 ml, 2 gobelets + 2 supports - Bantam","og_description":"Gobelet magn\u00e9tique stable et incassable en plastique r\u00e9sistant aux rayures. Aimant int\u00e9gr\u00e9 au fond de la tasse. Les coussinets m\u00e9talliques en nano-gel aspect cuir sont lavables, amovibles sans laisser de r\u00e9sidus et r\u00e9utilisables. Le couvercle en TPE de haute qualit\u00e9 avec une ouverture pour paille est \u00e9tanche. Convient pour des boissons chaudes jusqu\u2019\u00e0 une temp\u00e9rature [&hellip;]","og_url":"https:\/\/shop.bantam.ch\/fr\/produit\/gobelet-magnetique-250-ml-2-gobelets-2-supports\/","og_site_name":"Bantam","article_modified_time":"2026-05-01T18:37:21+00:00","og_image":[{"width":1000,"height":1000,"url":"https:\/\/shop.bantam.ch\/wp-content\/uploads\/2023\/02\/992070111-3.jpg","type":"image\/jpeg"}],"twitter_card":"summary_large_image","twitter_misc":{"Dur\u00e9e de lecture estim\u00e9e":"1 minute"},"schema":{"@context":"https:\/\/schema.org","@graph":[{"@type":"WebPage","@id":"https:\/\/shop.bantam.ch\/fr\/produit\/gobelet-magnetique-250-ml-2-gobelets-2-supports\/","url":"https:\/\/shop.bantam.ch\/fr\/produit\/gobelet-magnetique-250-ml-2-gobelets-2-supports\/","name":"Gobelet magn\u00e9tique 250 ml, 2 gobelets + 2 supports - Bantam","isPartOf":{"@id":"https:\/\/shop.bantam.ch\/fr\/#website"},"primaryImageOfPage":{"@id":"https:\/\/shop.bantam.ch\/fr\/produit\/gobelet-magnetique-250-ml-2-gobelets-2-supports\/#primaryimage"},"image":{"@id":"https:\/\/shop.bantam.ch\/fr\/produit\/gobelet-magnetique-250-ml-2-gobelets-2-supports\/#primaryimage"},"thumbnailUrl":"https:\/\/shop.bantam.ch\/wp-content\/uploads\/2023\/02\/992070111-3.jpg","datePublished":"2023-02-22T16:37:08+00:00","dateModified":"2026-05-01T18:37:21+00:00","breadcrumb":{"@id":"https:\/\/shop.bantam.ch\/fr\/produit\/gobelet-magnetique-250-ml-2-gobelets-2-supports\/#breadcrumb"},"inLanguage":"fr-FR","potentialAction":[{"@type":"ReadAction","target":["https:\/\/shop.bantam.ch\/fr\/produit\/gobelet-magnetique-250-ml-2-gobelets-2-supports\/"]}]},{"@type":"ImageObject","inLanguage":"fr-FR","@id":"https:\/\/shop.bantam.ch\/fr\/produit\/gobelet-magnetique-250-ml-2-gobelets-2-supports\/#primaryimage","url":"https:\/\/shop.bantam.ch\/wp-content\/uploads\/2023\/02\/992070111-3.jpg","contentUrl":"https:\/\/shop.bantam.ch\/wp-content\/uploads\/2023\/02\/992070111-3.jpg","width":1000,"height":1000},{"@type":"BreadcrumbList","@id":"https:\/\/shop.bantam.ch\/fr\/produit\/gobelet-magnetique-250-ml-2-gobelets-2-supports\/#breadcrumb","itemListElement":[{"@type":"ListItem","position":1,"name":"Accueil","item":"https:\/\/shop.bantam.ch\/fr\/"},{"@type":"ListItem","position":2,"name":"Boutique","item":"https:\/\/shop.bantam.ch\/fr\/boutique\/"},{"@type":"ListItem","position":3,"name":"Gobelet magn\u00e9tique 250 ml, 2 gobelets + 2 supports"}]},{"@type":"WebSite","@id":"https:\/\/shop.bantam.ch\/fr\/#website","url":"https:\/\/shop.bantam.ch\/fr\/","name":"Bantam","description":"","publisher":{"@id":"https:\/\/shop.bantam.ch\/fr\/#organization"},"inLanguage":"fr-FR"},{"@type":"Organization","@id":"https:\/\/shop.bantam.ch\/fr\/#organization","name":"Bantam","url":"https:\/\/shop.bantam.ch\/fr\/","logo":{"@type":"ImageObject","inLanguage":"fr-FR","@id":"https:\/\/shop.bantam.ch\/fr\/#\/schema\/logo\/image\/","url":"https:\/\/shop.bantam.ch\/wp-content\/uploads\/2022\/12\/bantam-logo.png","contentUrl":"https:\/\/shop.bantam.ch\/wp-content\/uploads\/2022\/12\/bantam-logo.png","width":320,"height":71,"caption":"Bantam"},"image":{"@id":"https:\/\/shop.bantam.ch\/fr\/#\/schema\/logo\/image\/"}}]}},"_links":{"self":[{"href":"https:\/\/shop.bantam.ch\/fr\/wp-json\/wp\/v2\/product\/30485","targetHints":{"allow":["GET"]}}],"collection":[{"href":"https:\/\/shop.bantam.ch\/fr\/wp-json\/wp\/v2\/product"}],"about":[{"href":"https:\/\/shop.bantam.ch\/fr\/wp-json\/wp\/v2\/types\/product"}],"wp:featuredmedia":[{"embeddable":true,"href":"https:\/\/shop.bantam.ch\/fr\/wp-json\/wp\/v2\/media\/30429"}],"wp:attachment":[{"href":"https:\/\/shop.bantam.ch\/fr\/wp-json\/wp\/v2\/media?parent=30485"}],"wp:term":[{"taxonomy":"product_featured_cat","embeddable":true,"href":"https:\/\/shop.bantam.ch\/fr\/wp-json\/wp\/v2\/product_featured_cat?post=30485"},{"taxonomy":"product_brand","embeddable":true,"href":"https:\/\/shop.bantam.ch\/fr\/wp-json\/wp\/v2\/product_brand?post=30485"},{"taxonomy":"product_cat","embeddable":true,"href":"https:\/\/shop.bantam.ch\/fr\/wp-json\/wp\/v2\/product_cat?post=30485"},{"taxonomy":"product_tag","embeddable":true,"href":"https:\/\/shop.bantam.ch\/fr\/wp-json\/wp\/v2\/product_tag?post=30485"}],"curies":[{"name":"wp","href":"https:\/\/api.w.org\/{rel}","templated":true}]}}