{"id":30233,"date":"2023-02-22T17:26:39","date_gmt":"2023-02-22T16:26:39","guid":{"rendered":"http:\/\/preprod-dev.sh1.hidora.com\/webshop\/produit\/systeme-de-sommier-a-ressorts-confort-star-mobil\/"},"modified":"2026-04-17T20:36:38","modified_gmt":"2026-04-17T18:36:38","slug":"systeme-de-sommier-a-ressorts-confort-star-mobil","status":"publish","type":"product","link":"https:\/\/shop.bantam.ch\/fr\/produit\/systeme-de-sommier-a-ressorts-confort-star-mobil\/","title":{"rendered":"Syst\u00e8me de sommier \u00e0 ressorts confort Star Mobil"},"content":{"rendered":"<p>Les \u00e9l\u00e9ments Froli Star Mobil particuli\u00e8rement flexibles sont clips\u00e9s ensemble pour former un sommier confortable et garantissent un sommeil r\u00e9parateur et une a\u00e9ration agr\u00e9able. La nuque et les vert\u00e8bres b\u00e9n\u00e9ficient notamment d\u2019un soutien orthop\u00e9dique bienfaisant.<\/p>\n<p>Pour des lits de 70\/80\u00a0x\u00a0200\u00a0cm, vous aurez besoin d\u2019un kit de base.<br \/>Pour des lits de 90\u00a0x 200\u00a0cm, vous aurez besoin d\u2019un kit de base et d\u2019un kit d\u2019extension.<br \/>Pour des lits de 140\/160\u00a0x\u00a0200\u00a0cm, vous aurez besoin de deux\u00a0kits de base.<\/p>\n","protected":false},"excerpt":{"rendered":"<p>Les \u00e9l\u00e9ments Froli Star Mobil particuli\u00e8rement flexibles sont clips\u00e9s ensemble pour former un sommier confortable et garantissent un sommeil r\u00e9parateur et une a\u00e9ration agr\u00e9able. La nuque et les vert\u00e8bres b\u00e9n\u00e9ficient notamment d\u2019un soutien orthop\u00e9dique bienfaisant. Pour des lits de 70\/80\u00a0x\u00a0200\u00a0cm, vous aurez besoin d\u2019un kit de base.Pour des lits de 90\u00a0x 200\u00a0cm, vous aurez besoin [&hellip;]<\/p>\n","protected":false},"featured_media":30229,"template":"","meta":{"_acf_changed":false},"product_featured_cat":[],"product_brand":[3058],"product_cat":[5057],"product_tag":[],"class_list":{"0":"post-30233","1":"product","2":"type-product","3":"status-publish","4":"has-post-thumbnail","6":"product_brand-froli","7":"product_cat-sommiers-a-lattes","9":"first","10":"instock","11":"taxable","12":"shipping-taxable","13":"purchasable","14":"product-type-variable"},"acf":[],"yoast_head":"<!-- This site is optimized with the Yoast SEO plugin v27.4 - https:\/\/yoast.com\/product\/yoast-seo-wordpress\/ -->\n<title>Syst\u00e8me de sommier \u00e0 ressorts confort Star Mobil - Bantam Wankm\u00fcller SA<\/title>\n<meta name=\"robots\" content=\"index, follow, max-snippet:-1, max-image-preview:large, max-video-preview:-1\" \/>\n<link rel=\"canonical\" href=\"https:\/\/shop.bantam.ch\/fr\/produit\/systeme-de-sommier-a-ressorts-confort-star-mobil\/\" \/>\n<meta property=\"og:locale\" content=\"fr_FR\" \/>\n<meta property=\"og:type\" content=\"article\" \/>\n<meta property=\"og:title\" content=\"Syst\u00e8me de sommier \u00e0 ressorts confort Star Mobil - Bantam Wankm\u00fcller SA\" \/>\n<meta property=\"og:description\" content=\"Les \u00e9l\u00e9ments Froli Star Mobil particuli\u00e8rement flexibles sont clips\u00e9s ensemble pour former un sommier confortable et garantissent un sommeil r\u00e9parateur et une a\u00e9ration agr\u00e9able. La nuque et les vert\u00e8bres b\u00e9n\u00e9ficient notamment d\u2019un soutien orthop\u00e9dique bienfaisant. Pour des lits de 70\/80\u00a0x\u00a0200\u00a0cm, vous aurez besoin d\u2019un kit de base.Pour des lits de 90\u00a0x 200\u00a0cm, vous aurez besoin [&hellip;]\" \/>\n<meta property=\"og:url\" content=\"https:\/\/shop.bantam.ch\/fr\/produit\/systeme-de-sommier-a-ressorts-confort-star-mobil\/\" \/>\n<meta property=\"og:site_name\" content=\"Bantam Wankm\u00fcller SA\" \/>\n<meta property=\"article:modified_time\" content=\"2026-04-17T18:36:38+00:00\" \/>\n<meta property=\"og:image\" content=\"https:\/\/shop.bantam.ch\/wp-content\/uploads\/2023\/02\/9969247-Froli_Star_Mobil_Bett_in_Box_Grundpaket-Standard-01-6.jpg\" \/>\n\t<meta property=\"og:image:width\" content=\"1000\" \/>\n\t<meta property=\"og:image:height\" content=\"750\" \/>\n\t<meta property=\"og:image:type\" content=\"image\/jpeg\" \/>\n<meta name=\"twitter:card\" content=\"summary_large_image\" \/>\n<script type=\"application\/ld+json\" class=\"yoast-schema-graph\">{\"@context\":\"https:\\\/\\\/schema.org\",\"@graph\":[{\"@type\":\"WebPage\",\"@id\":\"https:\\\/\\\/shop.bantam.ch\\\/fr\\\/produit\\\/systeme-de-sommier-a-ressorts-confort-star-mobil\\\/\",\"url\":\"https:\\\/\\\/shop.bantam.ch\\\/fr\\\/produit\\\/systeme-de-sommier-a-ressorts-confort-star-mobil\\\/\",\"name\":\"Syst\u00e8me de sommier \u00e0 ressorts confort Star Mobil - Bantam Wankm\u00fcller SA\",\"isPartOf\":{\"@id\":\"https:\\\/\\\/shop.bantam.ch\\\/fr\\\/#website\"},\"primaryImageOfPage\":{\"@id\":\"https:\\\/\\\/shop.bantam.ch\\\/fr\\\/produit\\\/systeme-de-sommier-a-ressorts-confort-star-mobil\\\/#primaryimage\"},\"image\":{\"@id\":\"https:\\\/\\\/shop.bantam.ch\\\/fr\\\/produit\\\/systeme-de-sommier-a-ressorts-confort-star-mobil\\\/#primaryimage\"},\"thumbnailUrl\":\"https:\\\/\\\/shop.bantam.ch\\\/wp-content\\\/uploads\\\/2023\\\/02\\\/9969247-Froli_Star_Mobil_Bett_in_Box_Grundpaket-Standard-01-6.jpg\",\"datePublished\":\"2023-02-22T16:26:39+00:00\",\"dateModified\":\"2026-04-17T18:36:38+00:00\",\"breadcrumb\":{\"@id\":\"https:\\\/\\\/shop.bantam.ch\\\/fr\\\/produit\\\/systeme-de-sommier-a-ressorts-confort-star-mobil\\\/#breadcrumb\"},\"inLanguage\":\"fr-FR\",\"potentialAction\":[{\"@type\":\"ReadAction\",\"target\":[\"https:\\\/\\\/shop.bantam.ch\\\/fr\\\/produit\\\/systeme-de-sommier-a-ressorts-confort-star-mobil\\\/\"]}]},{\"@type\":\"ImageObject\",\"inLanguage\":\"fr-FR\",\"@id\":\"https:\\\/\\\/shop.bantam.ch\\\/fr\\\/produit\\\/systeme-de-sommier-a-ressorts-confort-star-mobil\\\/#primaryimage\",\"url\":\"https:\\\/\\\/shop.bantam.ch\\\/wp-content\\\/uploads\\\/2023\\\/02\\\/9969247-Froli_Star_Mobil_Bett_in_Box_Grundpaket-Standard-01-6.jpg\",\"contentUrl\":\"https:\\\/\\\/shop.bantam.ch\\\/wp-content\\\/uploads\\\/2023\\\/02\\\/9969247-Froli_Star_Mobil_Bett_in_Box_Grundpaket-Standard-01-6.jpg\",\"width\":1000,\"height\":750},{\"@type\":\"BreadcrumbList\",\"@id\":\"https:\\\/\\\/shop.bantam.ch\\\/fr\\\/produit\\\/systeme-de-sommier-a-ressorts-confort-star-mobil\\\/#breadcrumb\",\"itemListElement\":[{\"@type\":\"ListItem\",\"position\":1,\"name\":\"Accueil\",\"item\":\"https:\\\/\\\/shop.bantam.ch\\\/fr\\\/\"},{\"@type\":\"ListItem\",\"position\":2,\"name\":\"Boutique\",\"item\":\"https:\\\/\\\/shop.bantam.ch\\\/fr\\\/boutique\\\/\"},{\"@type\":\"ListItem\",\"position\":3,\"name\":\"Syst\u00e8me de sommier \u00e0 ressorts confort Star Mobil\"}]},{\"@type\":\"WebSite\",\"@id\":\"https:\\\/\\\/shop.bantam.ch\\\/fr\\\/#website\",\"url\":\"https:\\\/\\\/shop.bantam.ch\\\/fr\\\/\",\"name\":\"Bantam Wankm\u00fcller SA\",\"description\":\"\",\"publisher\":{\"@id\":\"https:\\\/\\\/shop.bantam.ch\\\/fr\\\/#organization\"},\"inLanguage\":\"fr-FR\"},{\"@type\":\"Organization\",\"@id\":\"https:\\\/\\\/shop.bantam.ch\\\/fr\\\/#organization\",\"name\":\"Bantam Wankm\u00fcller SA\",\"url\":\"https:\\\/\\\/shop.bantam.ch\\\/fr\\\/\",\"logo\":{\"@type\":\"ImageObject\",\"inLanguage\":\"fr-FR\",\"@id\":\"https:\\\/\\\/shop.bantam.ch\\\/fr\\\/#\\\/schema\\\/logo\\\/image\\\/\",\"url\":\"https:\\\/\\\/shop.bantam.ch\\\/wp-content\\\/uploads\\\/2022\\\/12\\\/bantam-logo.png\",\"contentUrl\":\"https:\\\/\\\/shop.bantam.ch\\\/wp-content\\\/uploads\\\/2022\\\/12\\\/bantam-logo.png\",\"width\":320,\"height\":71,\"caption\":\"Bantam Wankm\u00fcller SA\"},\"image\":{\"@id\":\"https:\\\/\\\/shop.bantam.ch\\\/fr\\\/#\\\/schema\\\/logo\\\/image\\\/\"}}]}<\/script>\n<!-- \/ Yoast SEO plugin. -->","yoast_head_json":{"title":"Syst\u00e8me de sommier \u00e0 ressorts confort Star Mobil - Bantam Wankm\u00fcller SA","robots":{"index":"index","follow":"follow","max-snippet":"max-snippet:-1","max-image-preview":"max-image-preview:large","max-video-preview":"max-video-preview:-1"},"canonical":"https:\/\/shop.bantam.ch\/fr\/produit\/systeme-de-sommier-a-ressorts-confort-star-mobil\/","og_locale":"fr_FR","og_type":"article","og_title":"Syst\u00e8me de sommier \u00e0 ressorts confort Star Mobil - Bantam Wankm\u00fcller SA","og_description":"Les \u00e9l\u00e9ments Froli Star Mobil particuli\u00e8rement flexibles sont clips\u00e9s ensemble pour former un sommier confortable et garantissent un sommeil r\u00e9parateur et une a\u00e9ration agr\u00e9able. La nuque et les vert\u00e8bres b\u00e9n\u00e9ficient notamment d\u2019un soutien orthop\u00e9dique bienfaisant. Pour des lits de 70\/80\u00a0x\u00a0200\u00a0cm, vous aurez besoin d\u2019un kit de base.Pour des lits de 90\u00a0x 200\u00a0cm, vous aurez besoin [&hellip;]","og_url":"https:\/\/shop.bantam.ch\/fr\/produit\/systeme-de-sommier-a-ressorts-confort-star-mobil\/","og_site_name":"Bantam Wankm\u00fcller SA","article_modified_time":"2026-04-17T18:36:38+00:00","og_image":[{"width":1000,"height":750,"url":"https:\/\/shop.bantam.ch\/wp-content\/uploads\/2023\/02\/9969247-Froli_Star_Mobil_Bett_in_Box_Grundpaket-Standard-01-6.jpg","type":"image\/jpeg"}],"twitter_card":"summary_large_image","schema":{"@context":"https:\/\/schema.org","@graph":[{"@type":"WebPage","@id":"https:\/\/shop.bantam.ch\/fr\/produit\/systeme-de-sommier-a-ressorts-confort-star-mobil\/","url":"https:\/\/shop.bantam.ch\/fr\/produit\/systeme-de-sommier-a-ressorts-confort-star-mobil\/","name":"Syst\u00e8me de sommier \u00e0 ressorts confort Star Mobil - Bantam Wankm\u00fcller SA","isPartOf":{"@id":"https:\/\/shop.bantam.ch\/fr\/#website"},"primaryImageOfPage":{"@id":"https:\/\/shop.bantam.ch\/fr\/produit\/systeme-de-sommier-a-ressorts-confort-star-mobil\/#primaryimage"},"image":{"@id":"https:\/\/shop.bantam.ch\/fr\/produit\/systeme-de-sommier-a-ressorts-confort-star-mobil\/#primaryimage"},"thumbnailUrl":"https:\/\/shop.bantam.ch\/wp-content\/uploads\/2023\/02\/9969247-Froli_Star_Mobil_Bett_in_Box_Grundpaket-Standard-01-6.jpg","datePublished":"2023-02-22T16:26:39+00:00","dateModified":"2026-04-17T18:36:38+00:00","breadcrumb":{"@id":"https:\/\/shop.bantam.ch\/fr\/produit\/systeme-de-sommier-a-ressorts-confort-star-mobil\/#breadcrumb"},"inLanguage":"fr-FR","potentialAction":[{"@type":"ReadAction","target":["https:\/\/shop.bantam.ch\/fr\/produit\/systeme-de-sommier-a-ressorts-confort-star-mobil\/"]}]},{"@type":"ImageObject","inLanguage":"fr-FR","@id":"https:\/\/shop.bantam.ch\/fr\/produit\/systeme-de-sommier-a-ressorts-confort-star-mobil\/#primaryimage","url":"https:\/\/shop.bantam.ch\/wp-content\/uploads\/2023\/02\/9969247-Froli_Star_Mobil_Bett_in_Box_Grundpaket-Standard-01-6.jpg","contentUrl":"https:\/\/shop.bantam.ch\/wp-content\/uploads\/2023\/02\/9969247-Froli_Star_Mobil_Bett_in_Box_Grundpaket-Standard-01-6.jpg","width":1000,"height":750},{"@type":"BreadcrumbList","@id":"https:\/\/shop.bantam.ch\/fr\/produit\/systeme-de-sommier-a-ressorts-confort-star-mobil\/#breadcrumb","itemListElement":[{"@type":"ListItem","position":1,"name":"Accueil","item":"https:\/\/shop.bantam.ch\/fr\/"},{"@type":"ListItem","position":2,"name":"Boutique","item":"https:\/\/shop.bantam.ch\/fr\/boutique\/"},{"@type":"ListItem","position":3,"name":"Syst\u00e8me de sommier \u00e0 ressorts confort Star Mobil"}]},{"@type":"WebSite","@id":"https:\/\/shop.bantam.ch\/fr\/#website","url":"https:\/\/shop.bantam.ch\/fr\/","name":"Bantam Wankm\u00fcller SA","description":"","publisher":{"@id":"https:\/\/shop.bantam.ch\/fr\/#organization"},"inLanguage":"fr-FR"},{"@type":"Organization","@id":"https:\/\/shop.bantam.ch\/fr\/#organization","name":"Bantam Wankm\u00fcller SA","url":"https:\/\/shop.bantam.ch\/fr\/","logo":{"@type":"ImageObject","inLanguage":"fr-FR","@id":"https:\/\/shop.bantam.ch\/fr\/#\/schema\/logo\/image\/","url":"https:\/\/shop.bantam.ch\/wp-content\/uploads\/2022\/12\/bantam-logo.png","contentUrl":"https:\/\/shop.bantam.ch\/wp-content\/uploads\/2022\/12\/bantam-logo.png","width":320,"height":71,"caption":"Bantam Wankm\u00fcller SA"},"image":{"@id":"https:\/\/shop.bantam.ch\/fr\/#\/schema\/logo\/image\/"}}]}},"_links":{"self":[{"href":"https:\/\/shop.bantam.ch\/fr\/wp-json\/wp\/v2\/product\/30233","targetHints":{"allow":["GET"]}}],"collection":[{"href":"https:\/\/shop.bantam.ch\/fr\/wp-json\/wp\/v2\/product"}],"about":[{"href":"https:\/\/shop.bantam.ch\/fr\/wp-json\/wp\/v2\/types\/product"}],"wp:featuredmedia":[{"embeddable":true,"href":"https:\/\/shop.bantam.ch\/fr\/wp-json\/wp\/v2\/media\/30229"}],"wp:attachment":[{"href":"https:\/\/shop.bantam.ch\/fr\/wp-json\/wp\/v2\/media?parent=30233"}],"wp:term":[{"taxonomy":"product_featured_cat","embeddable":true,"href":"https:\/\/shop.bantam.ch\/fr\/wp-json\/wp\/v2\/product_featured_cat?post=30233"},{"taxonomy":"product_brand","embeddable":true,"href":"https:\/\/shop.bantam.ch\/fr\/wp-json\/wp\/v2\/product_brand?post=30233"},{"taxonomy":"product_cat","embeddable":true,"href":"https:\/\/shop.bantam.ch\/fr\/wp-json\/wp\/v2\/product_cat?post=30233"},{"taxonomy":"product_tag","embeddable":true,"href":"https:\/\/shop.bantam.ch\/fr\/wp-json\/wp\/v2\/product_tag?post=30233"}],"curies":[{"name":"wp","href":"https:\/\/api.w.org\/{rel}","templated":true}]}}