{"id":30219,"date":"2023-02-22T17:26:21","date_gmt":"2023-02-22T16:26:21","guid":{"rendered":"http:\/\/preprod-dev.sh1.hidora.com\/webshop\/produit\/systeme-de-sommier-a-ressorts-confort-travel\/"},"modified":"2026-04-17T20:36:29","modified_gmt":"2026-04-17T18:36:29","slug":"systeme-de-sommier-a-ressorts-confort-travel","status":"publish","type":"product","link":"https:\/\/shop.bantam.ch\/fr\/produit\/systeme-de-sommier-a-ressorts-confort-travel\/","title":{"rendered":"Syst\u00e8me de sommier \u00e0 ressorts confort Travel"},"content":{"rendered":"<p>Le syst\u00e8me de sommier \u00e0 ressorts confort Froli Travel vous assure une position id\u00e9ale gr\u00e2ce \u00e0 des ressorts plac\u00e9s judicieusement au niveau de la nuque et des vert\u00e8bres. La bonne a\u00e9ration garantit un sommeil optimal. Gr\u00e2ce \u00e0 la faible hauteur, ce sommier convient parfaitement aux v\u00e9hicules \u00e9quip\u00e9s de lits capucine et de lits escamotables.<\/p>\n<p>Pour des lits de 70\/80\u00a0x\u00a0200\u00a0cm, vous aurez besoin d\u2019un kit de base.<br \/>Pour des lits de 90\u00a0x 200\u00a0cm, vous aurez besoin d\u2019un kit de base et d\u2019un kit d\u2019extension.<br \/>Pour des lits de 140\/160\u00a0x\u00a0200\u00a0cm, vous aurez besoin de deux\u00a0kits de base.<\/p>\n","protected":false},"excerpt":{"rendered":"<p>Le syst\u00e8me de sommier \u00e0 ressorts confort Froli Travel vous assure une position id\u00e9ale gr\u00e2ce \u00e0 des ressorts plac\u00e9s judicieusement au niveau de la nuque et des vert\u00e8bres. La bonne a\u00e9ration garantit un sommeil optimal. Gr\u00e2ce \u00e0 la faible hauteur, ce sommier convient parfaitement aux v\u00e9hicules \u00e9quip\u00e9s de lits capucine et de lits escamotables. Pour [&hellip;]<\/p>\n","protected":false},"featured_media":30215,"template":"","meta":{"_acf_changed":false},"product_featured_cat":[],"product_brand":[3058],"product_cat":[5057],"product_tag":[],"class_list":{"0":"post-30219","1":"product","2":"type-product","3":"status-publish","4":"has-post-thumbnail","6":"product_brand-froli","7":"product_cat-sommiers-a-lattes","9":"first","10":"instock","11":"taxable","12":"shipping-taxable","13":"purchasable","14":"product-type-variable"},"acf":[],"yoast_head":"<!-- This site is optimized with the Yoast SEO plugin v27.4 - https:\/\/yoast.com\/product\/yoast-seo-wordpress\/ -->\n<title>Syst\u00e8me de sommier \u00e0 ressorts confort Travel - Bantam Wankm\u00fcller SA<\/title>\n<meta name=\"robots\" content=\"index, follow, max-snippet:-1, max-image-preview:large, max-video-preview:-1\" \/>\n<link rel=\"canonical\" href=\"https:\/\/shop.bantam.ch\/fr\/produit\/systeme-de-sommier-a-ressorts-confort-travel\/\" \/>\n<meta property=\"og:locale\" content=\"fr_FR\" \/>\n<meta property=\"og:type\" content=\"article\" \/>\n<meta property=\"og:title\" content=\"Syst\u00e8me de sommier \u00e0 ressorts confort Travel - Bantam Wankm\u00fcller SA\" \/>\n<meta property=\"og:description\" content=\"Le syst\u00e8me de sommier \u00e0 ressorts confort Froli Travel vous assure une position id\u00e9ale gr\u00e2ce \u00e0 des ressorts plac\u00e9s judicieusement au niveau de la nuque et des vert\u00e8bres. La bonne a\u00e9ration garantit un sommeil optimal. Gr\u00e2ce \u00e0 la faible hauteur, ce sommier convient parfaitement aux v\u00e9hicules \u00e9quip\u00e9s de lits capucine et de lits escamotables. Pour [&hellip;]\" \/>\n<meta property=\"og:url\" content=\"https:\/\/shop.bantam.ch\/fr\/produit\/systeme-de-sommier-a-ressorts-confort-travel\/\" \/>\n<meta property=\"og:site_name\" content=\"Bantam Wankm\u00fcller SA\" \/>\n<meta property=\"article:modified_time\" content=\"2026-04-17T18:36:29+00:00\" \/>\n<meta property=\"og:image\" content=\"https:\/\/shop.bantam.ch\/wp-content\/uploads\/2023\/02\/9969242-Froli_Travel_Grundpack-Standard-01-6.jpg\" \/>\n\t<meta property=\"og:image:width\" content=\"998\" \/>\n\t<meta property=\"og:image:height\" content=\"1000\" \/>\n\t<meta property=\"og:image:type\" content=\"image\/jpeg\" \/>\n<meta name=\"twitter:card\" content=\"summary_large_image\" \/>\n<meta name=\"twitter:label1\" content=\"Dur\u00e9e de lecture estim\u00e9e\" \/>\n\t<meta name=\"twitter:data1\" content=\"1 minute\" \/>\n<script type=\"application\/ld+json\" class=\"yoast-schema-graph\">{\"@context\":\"https:\\\/\\\/schema.org\",\"@graph\":[{\"@type\":\"WebPage\",\"@id\":\"https:\\\/\\\/shop.bantam.ch\\\/fr\\\/produit\\\/systeme-de-sommier-a-ressorts-confort-travel\\\/\",\"url\":\"https:\\\/\\\/shop.bantam.ch\\\/fr\\\/produit\\\/systeme-de-sommier-a-ressorts-confort-travel\\\/\",\"name\":\"Syst\u00e8me de sommier \u00e0 ressorts confort Travel - Bantam Wankm\u00fcller SA\",\"isPartOf\":{\"@id\":\"https:\\\/\\\/shop.bantam.ch\\\/fr\\\/#website\"},\"primaryImageOfPage\":{\"@id\":\"https:\\\/\\\/shop.bantam.ch\\\/fr\\\/produit\\\/systeme-de-sommier-a-ressorts-confort-travel\\\/#primaryimage\"},\"image\":{\"@id\":\"https:\\\/\\\/shop.bantam.ch\\\/fr\\\/produit\\\/systeme-de-sommier-a-ressorts-confort-travel\\\/#primaryimage\"},\"thumbnailUrl\":\"https:\\\/\\\/shop.bantam.ch\\\/wp-content\\\/uploads\\\/2023\\\/02\\\/9969242-Froli_Travel_Grundpack-Standard-01-6.jpg\",\"datePublished\":\"2023-02-22T16:26:21+00:00\",\"dateModified\":\"2026-04-17T18:36:29+00:00\",\"breadcrumb\":{\"@id\":\"https:\\\/\\\/shop.bantam.ch\\\/fr\\\/produit\\\/systeme-de-sommier-a-ressorts-confort-travel\\\/#breadcrumb\"},\"inLanguage\":\"fr-FR\",\"potentialAction\":[{\"@type\":\"ReadAction\",\"target\":[\"https:\\\/\\\/shop.bantam.ch\\\/fr\\\/produit\\\/systeme-de-sommier-a-ressorts-confort-travel\\\/\"]}]},{\"@type\":\"ImageObject\",\"inLanguage\":\"fr-FR\",\"@id\":\"https:\\\/\\\/shop.bantam.ch\\\/fr\\\/produit\\\/systeme-de-sommier-a-ressorts-confort-travel\\\/#primaryimage\",\"url\":\"https:\\\/\\\/shop.bantam.ch\\\/wp-content\\\/uploads\\\/2023\\\/02\\\/9969242-Froli_Travel_Grundpack-Standard-01-6.jpg\",\"contentUrl\":\"https:\\\/\\\/shop.bantam.ch\\\/wp-content\\\/uploads\\\/2023\\\/02\\\/9969242-Froli_Travel_Grundpack-Standard-01-6.jpg\",\"width\":998,\"height\":1000},{\"@type\":\"BreadcrumbList\",\"@id\":\"https:\\\/\\\/shop.bantam.ch\\\/fr\\\/produit\\\/systeme-de-sommier-a-ressorts-confort-travel\\\/#breadcrumb\",\"itemListElement\":[{\"@type\":\"ListItem\",\"position\":1,\"name\":\"Accueil\",\"item\":\"https:\\\/\\\/shop.bantam.ch\\\/fr\\\/\"},{\"@type\":\"ListItem\",\"position\":2,\"name\":\"Boutique\",\"item\":\"https:\\\/\\\/shop.bantam.ch\\\/fr\\\/boutique\\\/\"},{\"@type\":\"ListItem\",\"position\":3,\"name\":\"Syst\u00e8me de sommier \u00e0 ressorts confort Travel\"}]},{\"@type\":\"WebSite\",\"@id\":\"https:\\\/\\\/shop.bantam.ch\\\/fr\\\/#website\",\"url\":\"https:\\\/\\\/shop.bantam.ch\\\/fr\\\/\",\"name\":\"Bantam Wankm\u00fcller SA\",\"description\":\"\",\"publisher\":{\"@id\":\"https:\\\/\\\/shop.bantam.ch\\\/fr\\\/#organization\"},\"inLanguage\":\"fr-FR\"},{\"@type\":\"Organization\",\"@id\":\"https:\\\/\\\/shop.bantam.ch\\\/fr\\\/#organization\",\"name\":\"Bantam Wankm\u00fcller SA\",\"url\":\"https:\\\/\\\/shop.bantam.ch\\\/fr\\\/\",\"logo\":{\"@type\":\"ImageObject\",\"inLanguage\":\"fr-FR\",\"@id\":\"https:\\\/\\\/shop.bantam.ch\\\/fr\\\/#\\\/schema\\\/logo\\\/image\\\/\",\"url\":\"https:\\\/\\\/shop.bantam.ch\\\/wp-content\\\/uploads\\\/2022\\\/12\\\/bantam-logo.png\",\"contentUrl\":\"https:\\\/\\\/shop.bantam.ch\\\/wp-content\\\/uploads\\\/2022\\\/12\\\/bantam-logo.png\",\"width\":320,\"height\":71,\"caption\":\"Bantam Wankm\u00fcller SA\"},\"image\":{\"@id\":\"https:\\\/\\\/shop.bantam.ch\\\/fr\\\/#\\\/schema\\\/logo\\\/image\\\/\"}}]}<\/script>\n<!-- \/ Yoast SEO plugin. -->","yoast_head_json":{"title":"Syst\u00e8me de sommier \u00e0 ressorts confort Travel - Bantam Wankm\u00fcller SA","robots":{"index":"index","follow":"follow","max-snippet":"max-snippet:-1","max-image-preview":"max-image-preview:large","max-video-preview":"max-video-preview:-1"},"canonical":"https:\/\/shop.bantam.ch\/fr\/produit\/systeme-de-sommier-a-ressorts-confort-travel\/","og_locale":"fr_FR","og_type":"article","og_title":"Syst\u00e8me de sommier \u00e0 ressorts confort Travel - Bantam Wankm\u00fcller SA","og_description":"Le syst\u00e8me de sommier \u00e0 ressorts confort Froli Travel vous assure une position id\u00e9ale gr\u00e2ce \u00e0 des ressorts plac\u00e9s judicieusement au niveau de la nuque et des vert\u00e8bres. La bonne a\u00e9ration garantit un sommeil optimal. Gr\u00e2ce \u00e0 la faible hauteur, ce sommier convient parfaitement aux v\u00e9hicules \u00e9quip\u00e9s de lits capucine et de lits escamotables. Pour [&hellip;]","og_url":"https:\/\/shop.bantam.ch\/fr\/produit\/systeme-de-sommier-a-ressorts-confort-travel\/","og_site_name":"Bantam Wankm\u00fcller SA","article_modified_time":"2026-04-17T18:36:29+00:00","og_image":[{"width":998,"height":1000,"url":"https:\/\/shop.bantam.ch\/wp-content\/uploads\/2023\/02\/9969242-Froli_Travel_Grundpack-Standard-01-6.jpg","type":"image\/jpeg"}],"twitter_card":"summary_large_image","twitter_misc":{"Dur\u00e9e de lecture estim\u00e9e":"1 minute"},"schema":{"@context":"https:\/\/schema.org","@graph":[{"@type":"WebPage","@id":"https:\/\/shop.bantam.ch\/fr\/produit\/systeme-de-sommier-a-ressorts-confort-travel\/","url":"https:\/\/shop.bantam.ch\/fr\/produit\/systeme-de-sommier-a-ressorts-confort-travel\/","name":"Syst\u00e8me de sommier \u00e0 ressorts confort Travel - Bantam Wankm\u00fcller SA","isPartOf":{"@id":"https:\/\/shop.bantam.ch\/fr\/#website"},"primaryImageOfPage":{"@id":"https:\/\/shop.bantam.ch\/fr\/produit\/systeme-de-sommier-a-ressorts-confort-travel\/#primaryimage"},"image":{"@id":"https:\/\/shop.bantam.ch\/fr\/produit\/systeme-de-sommier-a-ressorts-confort-travel\/#primaryimage"},"thumbnailUrl":"https:\/\/shop.bantam.ch\/wp-content\/uploads\/2023\/02\/9969242-Froli_Travel_Grundpack-Standard-01-6.jpg","datePublished":"2023-02-22T16:26:21+00:00","dateModified":"2026-04-17T18:36:29+00:00","breadcrumb":{"@id":"https:\/\/shop.bantam.ch\/fr\/produit\/systeme-de-sommier-a-ressorts-confort-travel\/#breadcrumb"},"inLanguage":"fr-FR","potentialAction":[{"@type":"ReadAction","target":["https:\/\/shop.bantam.ch\/fr\/produit\/systeme-de-sommier-a-ressorts-confort-travel\/"]}]},{"@type":"ImageObject","inLanguage":"fr-FR","@id":"https:\/\/shop.bantam.ch\/fr\/produit\/systeme-de-sommier-a-ressorts-confort-travel\/#primaryimage","url":"https:\/\/shop.bantam.ch\/wp-content\/uploads\/2023\/02\/9969242-Froli_Travel_Grundpack-Standard-01-6.jpg","contentUrl":"https:\/\/shop.bantam.ch\/wp-content\/uploads\/2023\/02\/9969242-Froli_Travel_Grundpack-Standard-01-6.jpg","width":998,"height":1000},{"@type":"BreadcrumbList","@id":"https:\/\/shop.bantam.ch\/fr\/produit\/systeme-de-sommier-a-ressorts-confort-travel\/#breadcrumb","itemListElement":[{"@type":"ListItem","position":1,"name":"Accueil","item":"https:\/\/shop.bantam.ch\/fr\/"},{"@type":"ListItem","position":2,"name":"Boutique","item":"https:\/\/shop.bantam.ch\/fr\/boutique\/"},{"@type":"ListItem","position":3,"name":"Syst\u00e8me de sommier \u00e0 ressorts confort Travel"}]},{"@type":"WebSite","@id":"https:\/\/shop.bantam.ch\/fr\/#website","url":"https:\/\/shop.bantam.ch\/fr\/","name":"Bantam Wankm\u00fcller SA","description":"","publisher":{"@id":"https:\/\/shop.bantam.ch\/fr\/#organization"},"inLanguage":"fr-FR"},{"@type":"Organization","@id":"https:\/\/shop.bantam.ch\/fr\/#organization","name":"Bantam Wankm\u00fcller SA","url":"https:\/\/shop.bantam.ch\/fr\/","logo":{"@type":"ImageObject","inLanguage":"fr-FR","@id":"https:\/\/shop.bantam.ch\/fr\/#\/schema\/logo\/image\/","url":"https:\/\/shop.bantam.ch\/wp-content\/uploads\/2022\/12\/bantam-logo.png","contentUrl":"https:\/\/shop.bantam.ch\/wp-content\/uploads\/2022\/12\/bantam-logo.png","width":320,"height":71,"caption":"Bantam Wankm\u00fcller SA"},"image":{"@id":"https:\/\/shop.bantam.ch\/fr\/#\/schema\/logo\/image\/"}}]}},"_links":{"self":[{"href":"https:\/\/shop.bantam.ch\/fr\/wp-json\/wp\/v2\/product\/30219","targetHints":{"allow":["GET"]}}],"collection":[{"href":"https:\/\/shop.bantam.ch\/fr\/wp-json\/wp\/v2\/product"}],"about":[{"href":"https:\/\/shop.bantam.ch\/fr\/wp-json\/wp\/v2\/types\/product"}],"wp:featuredmedia":[{"embeddable":true,"href":"https:\/\/shop.bantam.ch\/fr\/wp-json\/wp\/v2\/media\/30215"}],"wp:attachment":[{"href":"https:\/\/shop.bantam.ch\/fr\/wp-json\/wp\/v2\/media?parent=30219"}],"wp:term":[{"taxonomy":"product_featured_cat","embeddable":true,"href":"https:\/\/shop.bantam.ch\/fr\/wp-json\/wp\/v2\/product_featured_cat?post=30219"},{"taxonomy":"product_brand","embeddable":true,"href":"https:\/\/shop.bantam.ch\/fr\/wp-json\/wp\/v2\/product_brand?post=30219"},{"taxonomy":"product_cat","embeddable":true,"href":"https:\/\/shop.bantam.ch\/fr\/wp-json\/wp\/v2\/product_cat?post=30219"},{"taxonomy":"product_tag","embeddable":true,"href":"https:\/\/shop.bantam.ch\/fr\/wp-json\/wp\/v2\/product_tag?post=30219"}],"curies":[{"name":"wp","href":"https:\/\/api.w.org\/{rel}","templated":true}]}}