{"id":30001,"date":"2023-02-22T17:22:01","date_gmt":"2023-02-22T16:22:01","guid":{"rendered":"http:\/\/preprod-dev.sh1.hidora.com\/webshop\/produit\/lanterneau-projetable-remitop-vario-ii-90-x-60-cm\/"},"modified":"2026-04-17T20:35:41","modified_gmt":"2026-04-17T18:35:41","slug":"lanterneau-projetable-remitop-vario-ii-90-x-60-cm","status":"publish","type":"product","link":"https:\/\/shop.bantam.ch\/fr\/produit\/lanterneau-projetable-remitop-vario-ii-90-x-60-cm\/","title":{"rendered":"Lanterneau projetable REMItop Vario II 90 x 60 cm"},"content":{"rendered":"<p>Le besoin primaire de tout campeur est de passer des vacances lumineuses et a\u00e9r\u00e9es. Afin de r\u00e9pondre \u00e0 vos besoins individuels, nous avons d\u00e9velopp\u00e9 toute une gamme de lanterneaux qui vous laisseront le choix \u00e0 port\u00e9e de main. Mais ils ont tous quelque chose en commun :<br \/>une meilleure transparence et une r\u00e9duction simultan\u00e9e du rayonnement solaire gr\u00e2ce \u00e0 des surfaces de toit ext\u00e9rieures sp\u00e9cialement teint\u00e9es. \u00c0 cela s\u2019ajoutent les c\u00e9l\u00e8bres propri\u00e9t\u00e9s isolantes gr\u00e2ce au double vitrage PMMA \u00e0 coller.<br \/>REMIS fait de la s\u00e9curit\u00e9 une priorit\u00e9\u00a0: tous les lanterneaux sont \u00e9quip\u00e9s d\u2019un syst\u00e8me de ventilation forc\u00e9e.<br \/>Ils disposent bien \u00e9videmment tous d\u2019une moustiquaire \u00e0 mailles \u00e9troites et d\u2019un tissu pliss\u00e9 d\u2019obscurcissement. Confort garanti pendant les vacances.<\/p>\n<p>Montage possible sur des v\u00e9hicules ayant une \u00e9paisseur de toit de 2,4 \u00e0 5,5 cm.<\/p>\n<p>Contenu de la livraison : <br \/>Supports de fixation inclus pour \u00e9paisseurs de toit de 2,4 \u00e0 3,5\u00a0cm<\/p>\n","protected":false},"excerpt":{"rendered":"<p>Le besoin primaire de tout campeur est de passer des vacances lumineuses et a\u00e9r\u00e9es. Afin de r\u00e9pondre \u00e0 vos besoins individuels, nous avons d\u00e9velopp\u00e9 toute une gamme de lanterneaux qui vous laisseront le choix \u00e0 port\u00e9e de main. Mais ils ont tous quelque chose en commun :une meilleure transparence et une r\u00e9duction simultan\u00e9e du rayonnement [&hellip;]<\/p>\n","protected":false},"featured_media":29997,"template":"","meta":{"_acf_changed":false},"product_featured_cat":[],"product_brand":[3044],"product_cat":[4647],"product_tag":[],"class_list":{"0":"post-30001","1":"product","2":"type-product","3":"status-publish","4":"has-post-thumbnail","6":"product_brand-remis","7":"product_cat-fenetres-de-toit","9":"first","10":"instock","11":"taxable","12":"shipping-taxable","13":"purchasable","14":"product-type-variable"},"acf":[],"yoast_head":"<!-- This site is optimized with the Yoast SEO plugin v27.4 - https:\/\/yoast.com\/product\/yoast-seo-wordpress\/ -->\n<title>Lanterneau projetable REMItop Vario II 90 x 60 cm - Bantam Wankm\u00fcller SA<\/title>\n<meta name=\"robots\" content=\"index, follow, max-snippet:-1, max-image-preview:large, max-video-preview:-1\" \/>\n<link rel=\"canonical\" href=\"https:\/\/shop.bantam.ch\/fr\/produit\/lanterneau-projetable-remitop-vario-ii-90-x-60-cm\/\" \/>\n<meta property=\"og:locale\" content=\"fr_FR\" \/>\n<meta property=\"og:type\" content=\"article\" \/>\n<meta property=\"og:title\" content=\"Lanterneau projetable REMItop Vario II 90 x 60 cm - Bantam Wankm\u00fcller SA\" \/>\n<meta property=\"og:description\" content=\"Le besoin primaire de tout campeur est de passer des vacances lumineuses et a\u00e9r\u00e9es. Afin de r\u00e9pondre \u00e0 vos besoins individuels, nous avons d\u00e9velopp\u00e9 toute une gamme de lanterneaux qui vous laisseront le choix \u00e0 port\u00e9e de main. Mais ils ont tous quelque chose en commun :une meilleure transparence et une r\u00e9duction simultan\u00e9e du rayonnement [&hellip;]\" \/>\n<meta property=\"og:url\" content=\"https:\/\/shop.bantam.ch\/fr\/produit\/lanterneau-projetable-remitop-vario-ii-90-x-60-cm\/\" \/>\n<meta property=\"og:site_name\" content=\"Bantam Wankm\u00fcller SA\" \/>\n<meta property=\"article:modified_time\" content=\"2026-04-17T18:35:41+00:00\" \/>\n<meta property=\"og:image\" content=\"https:\/\/shop.bantam.ch\/wp-content\/uploads\/2023\/02\/9964148-REMItop_Vario_II_m_Kurbel_900_x_600_mm_Standard-Standard-01-12.jpg\" \/>\n\t<meta property=\"og:image:width\" content=\"1000\" \/>\n\t<meta property=\"og:image:height\" content=\"639\" \/>\n\t<meta property=\"og:image:type\" content=\"image\/jpeg\" \/>\n<meta name=\"twitter:card\" content=\"summary_large_image\" \/>\n<meta name=\"twitter:label1\" content=\"Dur\u00e9e de lecture estim\u00e9e\" \/>\n\t<meta name=\"twitter:data1\" content=\"1 minute\" \/>\n<script type=\"application\/ld+json\" class=\"yoast-schema-graph\">{\"@context\":\"https:\\\/\\\/schema.org\",\"@graph\":[{\"@type\":\"WebPage\",\"@id\":\"https:\\\/\\\/shop.bantam.ch\\\/fr\\\/produit\\\/lanterneau-projetable-remitop-vario-ii-90-x-60-cm\\\/\",\"url\":\"https:\\\/\\\/shop.bantam.ch\\\/fr\\\/produit\\\/lanterneau-projetable-remitop-vario-ii-90-x-60-cm\\\/\",\"name\":\"Lanterneau projetable REMItop Vario II 90 x 60 cm - Bantam Wankm\u00fcller SA\",\"isPartOf\":{\"@id\":\"https:\\\/\\\/shop.bantam.ch\\\/fr\\\/#website\"},\"primaryImageOfPage\":{\"@id\":\"https:\\\/\\\/shop.bantam.ch\\\/fr\\\/produit\\\/lanterneau-projetable-remitop-vario-ii-90-x-60-cm\\\/#primaryimage\"},\"image\":{\"@id\":\"https:\\\/\\\/shop.bantam.ch\\\/fr\\\/produit\\\/lanterneau-projetable-remitop-vario-ii-90-x-60-cm\\\/#primaryimage\"},\"thumbnailUrl\":\"https:\\\/\\\/shop.bantam.ch\\\/wp-content\\\/uploads\\\/2023\\\/02\\\/9964148-REMItop_Vario_II_m_Kurbel_900_x_600_mm_Standard-Standard-01-12.jpg\",\"datePublished\":\"2023-02-22T16:22:01+00:00\",\"dateModified\":\"2026-04-17T18:35:41+00:00\",\"breadcrumb\":{\"@id\":\"https:\\\/\\\/shop.bantam.ch\\\/fr\\\/produit\\\/lanterneau-projetable-remitop-vario-ii-90-x-60-cm\\\/#breadcrumb\"},\"inLanguage\":\"fr-FR\",\"potentialAction\":[{\"@type\":\"ReadAction\",\"target\":[\"https:\\\/\\\/shop.bantam.ch\\\/fr\\\/produit\\\/lanterneau-projetable-remitop-vario-ii-90-x-60-cm\\\/\"]}]},{\"@type\":\"ImageObject\",\"inLanguage\":\"fr-FR\",\"@id\":\"https:\\\/\\\/shop.bantam.ch\\\/fr\\\/produit\\\/lanterneau-projetable-remitop-vario-ii-90-x-60-cm\\\/#primaryimage\",\"url\":\"https:\\\/\\\/shop.bantam.ch\\\/wp-content\\\/uploads\\\/2023\\\/02\\\/9964148-REMItop_Vario_II_m_Kurbel_900_x_600_mm_Standard-Standard-01-12.jpg\",\"contentUrl\":\"https:\\\/\\\/shop.bantam.ch\\\/wp-content\\\/uploads\\\/2023\\\/02\\\/9964148-REMItop_Vario_II_m_Kurbel_900_x_600_mm_Standard-Standard-01-12.jpg\",\"width\":1000,\"height\":639},{\"@type\":\"BreadcrumbList\",\"@id\":\"https:\\\/\\\/shop.bantam.ch\\\/fr\\\/produit\\\/lanterneau-projetable-remitop-vario-ii-90-x-60-cm\\\/#breadcrumb\",\"itemListElement\":[{\"@type\":\"ListItem\",\"position\":1,\"name\":\"Accueil\",\"item\":\"https:\\\/\\\/shop.bantam.ch\\\/fr\\\/\"},{\"@type\":\"ListItem\",\"position\":2,\"name\":\"Boutique\",\"item\":\"https:\\\/\\\/shop.bantam.ch\\\/fr\\\/boutique\\\/\"},{\"@type\":\"ListItem\",\"position\":3,\"name\":\"Lanterneau projetable REMItop Vario II 90 x 60 cm\"}]},{\"@type\":\"WebSite\",\"@id\":\"https:\\\/\\\/shop.bantam.ch\\\/fr\\\/#website\",\"url\":\"https:\\\/\\\/shop.bantam.ch\\\/fr\\\/\",\"name\":\"Bantam Wankm\u00fcller SA\",\"description\":\"\",\"publisher\":{\"@id\":\"https:\\\/\\\/shop.bantam.ch\\\/fr\\\/#organization\"},\"inLanguage\":\"fr-FR\"},{\"@type\":\"Organization\",\"@id\":\"https:\\\/\\\/shop.bantam.ch\\\/fr\\\/#organization\",\"name\":\"Bantam Wankm\u00fcller SA\",\"url\":\"https:\\\/\\\/shop.bantam.ch\\\/fr\\\/\",\"logo\":{\"@type\":\"ImageObject\",\"inLanguage\":\"fr-FR\",\"@id\":\"https:\\\/\\\/shop.bantam.ch\\\/fr\\\/#\\\/schema\\\/logo\\\/image\\\/\",\"url\":\"https:\\\/\\\/shop.bantam.ch\\\/wp-content\\\/uploads\\\/2022\\\/12\\\/bantam-logo.png\",\"contentUrl\":\"https:\\\/\\\/shop.bantam.ch\\\/wp-content\\\/uploads\\\/2022\\\/12\\\/bantam-logo.png\",\"width\":320,\"height\":71,\"caption\":\"Bantam Wankm\u00fcller SA\"},\"image\":{\"@id\":\"https:\\\/\\\/shop.bantam.ch\\\/fr\\\/#\\\/schema\\\/logo\\\/image\\\/\"}}]}<\/script>\n<!-- \/ Yoast SEO plugin. -->","yoast_head_json":{"title":"Lanterneau projetable REMItop Vario II 90 x 60 cm - Bantam Wankm\u00fcller SA","robots":{"index":"index","follow":"follow","max-snippet":"max-snippet:-1","max-image-preview":"max-image-preview:large","max-video-preview":"max-video-preview:-1"},"canonical":"https:\/\/shop.bantam.ch\/fr\/produit\/lanterneau-projetable-remitop-vario-ii-90-x-60-cm\/","og_locale":"fr_FR","og_type":"article","og_title":"Lanterneau projetable REMItop Vario II 90 x 60 cm - Bantam Wankm\u00fcller SA","og_description":"Le besoin primaire de tout campeur est de passer des vacances lumineuses et a\u00e9r\u00e9es. Afin de r\u00e9pondre \u00e0 vos besoins individuels, nous avons d\u00e9velopp\u00e9 toute une gamme de lanterneaux qui vous laisseront le choix \u00e0 port\u00e9e de main. Mais ils ont tous quelque chose en commun :une meilleure transparence et une r\u00e9duction simultan\u00e9e du rayonnement [&hellip;]","og_url":"https:\/\/shop.bantam.ch\/fr\/produit\/lanterneau-projetable-remitop-vario-ii-90-x-60-cm\/","og_site_name":"Bantam Wankm\u00fcller SA","article_modified_time":"2026-04-17T18:35:41+00:00","og_image":[{"width":1000,"height":639,"url":"https:\/\/shop.bantam.ch\/wp-content\/uploads\/2023\/02\/9964148-REMItop_Vario_II_m_Kurbel_900_x_600_mm_Standard-Standard-01-12.jpg","type":"image\/jpeg"}],"twitter_card":"summary_large_image","twitter_misc":{"Dur\u00e9e de lecture estim\u00e9e":"1 minute"},"schema":{"@context":"https:\/\/schema.org","@graph":[{"@type":"WebPage","@id":"https:\/\/shop.bantam.ch\/fr\/produit\/lanterneau-projetable-remitop-vario-ii-90-x-60-cm\/","url":"https:\/\/shop.bantam.ch\/fr\/produit\/lanterneau-projetable-remitop-vario-ii-90-x-60-cm\/","name":"Lanterneau projetable REMItop Vario II 90 x 60 cm - Bantam Wankm\u00fcller SA","isPartOf":{"@id":"https:\/\/shop.bantam.ch\/fr\/#website"},"primaryImageOfPage":{"@id":"https:\/\/shop.bantam.ch\/fr\/produit\/lanterneau-projetable-remitop-vario-ii-90-x-60-cm\/#primaryimage"},"image":{"@id":"https:\/\/shop.bantam.ch\/fr\/produit\/lanterneau-projetable-remitop-vario-ii-90-x-60-cm\/#primaryimage"},"thumbnailUrl":"https:\/\/shop.bantam.ch\/wp-content\/uploads\/2023\/02\/9964148-REMItop_Vario_II_m_Kurbel_900_x_600_mm_Standard-Standard-01-12.jpg","datePublished":"2023-02-22T16:22:01+00:00","dateModified":"2026-04-17T18:35:41+00:00","breadcrumb":{"@id":"https:\/\/shop.bantam.ch\/fr\/produit\/lanterneau-projetable-remitop-vario-ii-90-x-60-cm\/#breadcrumb"},"inLanguage":"fr-FR","potentialAction":[{"@type":"ReadAction","target":["https:\/\/shop.bantam.ch\/fr\/produit\/lanterneau-projetable-remitop-vario-ii-90-x-60-cm\/"]}]},{"@type":"ImageObject","inLanguage":"fr-FR","@id":"https:\/\/shop.bantam.ch\/fr\/produit\/lanterneau-projetable-remitop-vario-ii-90-x-60-cm\/#primaryimage","url":"https:\/\/shop.bantam.ch\/wp-content\/uploads\/2023\/02\/9964148-REMItop_Vario_II_m_Kurbel_900_x_600_mm_Standard-Standard-01-12.jpg","contentUrl":"https:\/\/shop.bantam.ch\/wp-content\/uploads\/2023\/02\/9964148-REMItop_Vario_II_m_Kurbel_900_x_600_mm_Standard-Standard-01-12.jpg","width":1000,"height":639},{"@type":"BreadcrumbList","@id":"https:\/\/shop.bantam.ch\/fr\/produit\/lanterneau-projetable-remitop-vario-ii-90-x-60-cm\/#breadcrumb","itemListElement":[{"@type":"ListItem","position":1,"name":"Accueil","item":"https:\/\/shop.bantam.ch\/fr\/"},{"@type":"ListItem","position":2,"name":"Boutique","item":"https:\/\/shop.bantam.ch\/fr\/boutique\/"},{"@type":"ListItem","position":3,"name":"Lanterneau projetable REMItop Vario II 90 x 60 cm"}]},{"@type":"WebSite","@id":"https:\/\/shop.bantam.ch\/fr\/#website","url":"https:\/\/shop.bantam.ch\/fr\/","name":"Bantam Wankm\u00fcller SA","description":"","publisher":{"@id":"https:\/\/shop.bantam.ch\/fr\/#organization"},"inLanguage":"fr-FR"},{"@type":"Organization","@id":"https:\/\/shop.bantam.ch\/fr\/#organization","name":"Bantam Wankm\u00fcller SA","url":"https:\/\/shop.bantam.ch\/fr\/","logo":{"@type":"ImageObject","inLanguage":"fr-FR","@id":"https:\/\/shop.bantam.ch\/fr\/#\/schema\/logo\/image\/","url":"https:\/\/shop.bantam.ch\/wp-content\/uploads\/2022\/12\/bantam-logo.png","contentUrl":"https:\/\/shop.bantam.ch\/wp-content\/uploads\/2022\/12\/bantam-logo.png","width":320,"height":71,"caption":"Bantam Wankm\u00fcller SA"},"image":{"@id":"https:\/\/shop.bantam.ch\/fr\/#\/schema\/logo\/image\/"}}]}},"_links":{"self":[{"href":"https:\/\/shop.bantam.ch\/fr\/wp-json\/wp\/v2\/product\/30001","targetHints":{"allow":["GET"]}}],"collection":[{"href":"https:\/\/shop.bantam.ch\/fr\/wp-json\/wp\/v2\/product"}],"about":[{"href":"https:\/\/shop.bantam.ch\/fr\/wp-json\/wp\/v2\/types\/product"}],"wp:featuredmedia":[{"embeddable":true,"href":"https:\/\/shop.bantam.ch\/fr\/wp-json\/wp\/v2\/media\/29997"}],"wp:attachment":[{"href":"https:\/\/shop.bantam.ch\/fr\/wp-json\/wp\/v2\/media?parent=30001"}],"wp:term":[{"taxonomy":"product_featured_cat","embeddable":true,"href":"https:\/\/shop.bantam.ch\/fr\/wp-json\/wp\/v2\/product_featured_cat?post=30001"},{"taxonomy":"product_brand","embeddable":true,"href":"https:\/\/shop.bantam.ch\/fr\/wp-json\/wp\/v2\/product_brand?post=30001"},{"taxonomy":"product_cat","embeddable":true,"href":"https:\/\/shop.bantam.ch\/fr\/wp-json\/wp\/v2\/product_cat?post=30001"},{"taxonomy":"product_tag","embeddable":true,"href":"https:\/\/shop.bantam.ch\/fr\/wp-json\/wp\/v2\/product_tag?post=30001"}],"curies":[{"name":"wp","href":"https:\/\/api.w.org\/{rel}","templated":true}]}}