{"id":29947,"date":"2023-02-22T17:21:01","date_gmt":"2023-02-22T16:21:01","guid":{"rendered":"http:\/\/preprod-dev.sh1.hidora.com\/webshop\/produit\/housse-de-protection-de-timon-en-film-gr-12-argente\/"},"modified":"2026-04-18T20:30:53","modified_gmt":"2026-04-18T18:30:53","slug":"housse-de-protection-de-timon-en-film-gr-12-argente","status":"publish","type":"product","link":"https:\/\/shop.bantam.ch\/fr\/produit\/housse-de-protection-de-timon-en-film-gr-12-argente\/","title":{"rendered":"Capot de protection de timon Hindermann en film taille 12 gris clair"},"content":{"rendered":"<p>Cette housse affiche un rapport qualit\u00e9\/prix particuli\u00e8rement int\u00e9ressant. Les soudures de cette housse sont \u00e9tanches et les extr\u00e9mit\u00e9s des coutures sont pourvues d\u2019un gainage suppl\u00e9mentaire, avec tendeur en caoutchouc pour la fixation (neutre sans impression). Compatible avec de nombreux mod\u00e8les de v\u00e9hicules.<\/p>\n","protected":false},"excerpt":{"rendered":"<p>Cette housse affiche un rapport qualit\u00e9\/prix particuli\u00e8rement int\u00e9ressant. Les soudures de cette housse sont \u00e9tanches et les extr\u00e9mit\u00e9s des coutures sont pourvues d\u2019un gainage suppl\u00e9mentaire, avec tendeur en caoutchouc pour la fixation (neutre sans impression). Compatible avec de nombreux mod\u00e8les de v\u00e9hicules.<\/p>\n","protected":false},"featured_media":29945,"template":"","meta":{"_acf_changed":false},"product_featured_cat":[],"product_brand":[3040],"product_cat":[4643],"product_tag":[],"class_list":{"0":"post-29947","1":"product","2":"type-product","3":"status-publish","4":"has-post-thumbnail","6":"product_brand-hindermann","7":"product_cat-housses-de-protection","9":"first","10":"instock","11":"taxable","12":"shipping-taxable","13":"purchasable","14":"product-type-simple"},"acf":[],"yoast_head":"<!-- This site is optimized with the Yoast SEO plugin v27.4 - https:\/\/yoast.com\/product\/yoast-seo-wordpress\/ -->\n<title>Capot de protection de timon Hindermann en film taille 12 gris clair - Bantam Wankm\u00fcller SA<\/title>\n<meta name=\"robots\" content=\"index, follow, max-snippet:-1, max-image-preview:large, max-video-preview:-1\" \/>\n<link rel=\"canonical\" href=\"https:\/\/shop.bantam.ch\/fr\/produit\/housse-de-protection-de-timon-en-film-gr-12-argente\/\" \/>\n<meta property=\"og:locale\" content=\"fr_FR\" \/>\n<meta property=\"og:type\" content=\"article\" \/>\n<meta property=\"og:title\" content=\"Capot de protection de timon Hindermann en film taille 12 gris clair - Bantam Wankm\u00fcller SA\" \/>\n<meta property=\"og:description\" content=\"Cette housse affiche un rapport qualit\u00e9\/prix particuli\u00e8rement int\u00e9ressant. Les soudures de cette housse sont \u00e9tanches et les extr\u00e9mit\u00e9s des coutures sont pourvues d\u2019un gainage suppl\u00e9mentaire, avec tendeur en caoutchouc pour la fixation (neutre sans impression). Compatible avec de nombreux mod\u00e8les de v\u00e9hicules.\" \/>\n<meta property=\"og:url\" content=\"https:\/\/shop.bantam.ch\/fr\/produit\/housse-de-protection-de-timon-en-film-gr-12-argente\/\" \/>\n<meta property=\"og:site_name\" content=\"Bantam Wankm\u00fcller SA\" \/>\n<meta property=\"article:modified_time\" content=\"2026-04-18T18:30:53+00:00\" \/>\n<meta property=\"og:image\" content=\"https:\/\/shop.bantam.ch\/wp-content\/uploads\/2023\/02\/9963152-Deichselschutzhaube_neutral-Standard-01-3.jpg\" \/>\n\t<meta property=\"og:image:width\" content=\"1000\" \/>\n\t<meta property=\"og:image:height\" content=\"666\" \/>\n\t<meta property=\"og:image:type\" content=\"image\/jpeg\" \/>\n<meta name=\"twitter:card\" content=\"summary_large_image\" \/>\n<script type=\"application\/ld+json\" class=\"yoast-schema-graph\">{\"@context\":\"https:\\\/\\\/schema.org\",\"@graph\":[{\"@type\":\"WebPage\",\"@id\":\"https:\\\/\\\/shop.bantam.ch\\\/fr\\\/produit\\\/housse-de-protection-de-timon-en-film-gr-12-argente\\\/\",\"url\":\"https:\\\/\\\/shop.bantam.ch\\\/fr\\\/produit\\\/housse-de-protection-de-timon-en-film-gr-12-argente\\\/\",\"name\":\"Capot de protection de timon Hindermann en film taille 12 gris clair - Bantam Wankm\u00fcller SA\",\"isPartOf\":{\"@id\":\"https:\\\/\\\/shop.bantam.ch\\\/fr\\\/#website\"},\"primaryImageOfPage\":{\"@id\":\"https:\\\/\\\/shop.bantam.ch\\\/fr\\\/produit\\\/housse-de-protection-de-timon-en-film-gr-12-argente\\\/#primaryimage\"},\"image\":{\"@id\":\"https:\\\/\\\/shop.bantam.ch\\\/fr\\\/produit\\\/housse-de-protection-de-timon-en-film-gr-12-argente\\\/#primaryimage\"},\"thumbnailUrl\":\"https:\\\/\\\/shop.bantam.ch\\\/wp-content\\\/uploads\\\/2023\\\/02\\\/9963152-Deichselschutzhaube_neutral-Standard-01-3.jpg\",\"datePublished\":\"2023-02-22T16:21:01+00:00\",\"dateModified\":\"2026-04-18T18:30:53+00:00\",\"breadcrumb\":{\"@id\":\"https:\\\/\\\/shop.bantam.ch\\\/fr\\\/produit\\\/housse-de-protection-de-timon-en-film-gr-12-argente\\\/#breadcrumb\"},\"inLanguage\":\"fr-FR\",\"potentialAction\":[{\"@type\":\"ReadAction\",\"target\":[\"https:\\\/\\\/shop.bantam.ch\\\/fr\\\/produit\\\/housse-de-protection-de-timon-en-film-gr-12-argente\\\/\"]}]},{\"@type\":\"ImageObject\",\"inLanguage\":\"fr-FR\",\"@id\":\"https:\\\/\\\/shop.bantam.ch\\\/fr\\\/produit\\\/housse-de-protection-de-timon-en-film-gr-12-argente\\\/#primaryimage\",\"url\":\"https:\\\/\\\/shop.bantam.ch\\\/wp-content\\\/uploads\\\/2023\\\/02\\\/9963152-Deichselschutzhaube_neutral-Standard-01-3.jpg\",\"contentUrl\":\"https:\\\/\\\/shop.bantam.ch\\\/wp-content\\\/uploads\\\/2023\\\/02\\\/9963152-Deichselschutzhaube_neutral-Standard-01-3.jpg\",\"width\":1000,\"height\":666},{\"@type\":\"BreadcrumbList\",\"@id\":\"https:\\\/\\\/shop.bantam.ch\\\/fr\\\/produit\\\/housse-de-protection-de-timon-en-film-gr-12-argente\\\/#breadcrumb\",\"itemListElement\":[{\"@type\":\"ListItem\",\"position\":1,\"name\":\"Accueil\",\"item\":\"https:\\\/\\\/shop.bantam.ch\\\/fr\\\/\"},{\"@type\":\"ListItem\",\"position\":2,\"name\":\"Boutique\",\"item\":\"https:\\\/\\\/shop.bantam.ch\\\/fr\\\/boutique\\\/\"},{\"@type\":\"ListItem\",\"position\":3,\"name\":\"Capot de protection de timon Hindermann en film taille 12 gris clair\"}]},{\"@type\":\"WebSite\",\"@id\":\"https:\\\/\\\/shop.bantam.ch\\\/fr\\\/#website\",\"url\":\"https:\\\/\\\/shop.bantam.ch\\\/fr\\\/\",\"name\":\"Bantam Wankm\u00fcller SA\",\"description\":\"\",\"publisher\":{\"@id\":\"https:\\\/\\\/shop.bantam.ch\\\/fr\\\/#organization\"},\"inLanguage\":\"fr-FR\"},{\"@type\":\"Organization\",\"@id\":\"https:\\\/\\\/shop.bantam.ch\\\/fr\\\/#organization\",\"name\":\"Bantam Wankm\u00fcller SA\",\"url\":\"https:\\\/\\\/shop.bantam.ch\\\/fr\\\/\",\"logo\":{\"@type\":\"ImageObject\",\"inLanguage\":\"fr-FR\",\"@id\":\"https:\\\/\\\/shop.bantam.ch\\\/fr\\\/#\\\/schema\\\/logo\\\/image\\\/\",\"url\":\"https:\\\/\\\/shop.bantam.ch\\\/wp-content\\\/uploads\\\/2022\\\/12\\\/bantam-logo.png\",\"contentUrl\":\"https:\\\/\\\/shop.bantam.ch\\\/wp-content\\\/uploads\\\/2022\\\/12\\\/bantam-logo.png\",\"width\":320,\"height\":71,\"caption\":\"Bantam Wankm\u00fcller SA\"},\"image\":{\"@id\":\"https:\\\/\\\/shop.bantam.ch\\\/fr\\\/#\\\/schema\\\/logo\\\/image\\\/\"}}]}<\/script>\n<!-- \/ Yoast SEO plugin. -->","yoast_head_json":{"title":"Capot de protection de timon Hindermann en film taille 12 gris clair - Bantam Wankm\u00fcller SA","robots":{"index":"index","follow":"follow","max-snippet":"max-snippet:-1","max-image-preview":"max-image-preview:large","max-video-preview":"max-video-preview:-1"},"canonical":"https:\/\/shop.bantam.ch\/fr\/produit\/housse-de-protection-de-timon-en-film-gr-12-argente\/","og_locale":"fr_FR","og_type":"article","og_title":"Capot de protection de timon Hindermann en film taille 12 gris clair - Bantam Wankm\u00fcller SA","og_description":"Cette housse affiche un rapport qualit\u00e9\/prix particuli\u00e8rement int\u00e9ressant. Les soudures de cette housse sont \u00e9tanches et les extr\u00e9mit\u00e9s des coutures sont pourvues d\u2019un gainage suppl\u00e9mentaire, avec tendeur en caoutchouc pour la fixation (neutre sans impression). Compatible avec de nombreux mod\u00e8les de v\u00e9hicules.","og_url":"https:\/\/shop.bantam.ch\/fr\/produit\/housse-de-protection-de-timon-en-film-gr-12-argente\/","og_site_name":"Bantam Wankm\u00fcller SA","article_modified_time":"2026-04-18T18:30:53+00:00","og_image":[{"width":1000,"height":666,"url":"https:\/\/shop.bantam.ch\/wp-content\/uploads\/2023\/02\/9963152-Deichselschutzhaube_neutral-Standard-01-3.jpg","type":"image\/jpeg"}],"twitter_card":"summary_large_image","schema":{"@context":"https:\/\/schema.org","@graph":[{"@type":"WebPage","@id":"https:\/\/shop.bantam.ch\/fr\/produit\/housse-de-protection-de-timon-en-film-gr-12-argente\/","url":"https:\/\/shop.bantam.ch\/fr\/produit\/housse-de-protection-de-timon-en-film-gr-12-argente\/","name":"Capot de protection de timon Hindermann en film taille 12 gris clair - Bantam Wankm\u00fcller SA","isPartOf":{"@id":"https:\/\/shop.bantam.ch\/fr\/#website"},"primaryImageOfPage":{"@id":"https:\/\/shop.bantam.ch\/fr\/produit\/housse-de-protection-de-timon-en-film-gr-12-argente\/#primaryimage"},"image":{"@id":"https:\/\/shop.bantam.ch\/fr\/produit\/housse-de-protection-de-timon-en-film-gr-12-argente\/#primaryimage"},"thumbnailUrl":"https:\/\/shop.bantam.ch\/wp-content\/uploads\/2023\/02\/9963152-Deichselschutzhaube_neutral-Standard-01-3.jpg","datePublished":"2023-02-22T16:21:01+00:00","dateModified":"2026-04-18T18:30:53+00:00","breadcrumb":{"@id":"https:\/\/shop.bantam.ch\/fr\/produit\/housse-de-protection-de-timon-en-film-gr-12-argente\/#breadcrumb"},"inLanguage":"fr-FR","potentialAction":[{"@type":"ReadAction","target":["https:\/\/shop.bantam.ch\/fr\/produit\/housse-de-protection-de-timon-en-film-gr-12-argente\/"]}]},{"@type":"ImageObject","inLanguage":"fr-FR","@id":"https:\/\/shop.bantam.ch\/fr\/produit\/housse-de-protection-de-timon-en-film-gr-12-argente\/#primaryimage","url":"https:\/\/shop.bantam.ch\/wp-content\/uploads\/2023\/02\/9963152-Deichselschutzhaube_neutral-Standard-01-3.jpg","contentUrl":"https:\/\/shop.bantam.ch\/wp-content\/uploads\/2023\/02\/9963152-Deichselschutzhaube_neutral-Standard-01-3.jpg","width":1000,"height":666},{"@type":"BreadcrumbList","@id":"https:\/\/shop.bantam.ch\/fr\/produit\/housse-de-protection-de-timon-en-film-gr-12-argente\/#breadcrumb","itemListElement":[{"@type":"ListItem","position":1,"name":"Accueil","item":"https:\/\/shop.bantam.ch\/fr\/"},{"@type":"ListItem","position":2,"name":"Boutique","item":"https:\/\/shop.bantam.ch\/fr\/boutique\/"},{"@type":"ListItem","position":3,"name":"Capot de protection de timon Hindermann en film taille 12 gris clair"}]},{"@type":"WebSite","@id":"https:\/\/shop.bantam.ch\/fr\/#website","url":"https:\/\/shop.bantam.ch\/fr\/","name":"Bantam Wankm\u00fcller SA","description":"","publisher":{"@id":"https:\/\/shop.bantam.ch\/fr\/#organization"},"inLanguage":"fr-FR"},{"@type":"Organization","@id":"https:\/\/shop.bantam.ch\/fr\/#organization","name":"Bantam Wankm\u00fcller SA","url":"https:\/\/shop.bantam.ch\/fr\/","logo":{"@type":"ImageObject","inLanguage":"fr-FR","@id":"https:\/\/shop.bantam.ch\/fr\/#\/schema\/logo\/image\/","url":"https:\/\/shop.bantam.ch\/wp-content\/uploads\/2022\/12\/bantam-logo.png","contentUrl":"https:\/\/shop.bantam.ch\/wp-content\/uploads\/2022\/12\/bantam-logo.png","width":320,"height":71,"caption":"Bantam Wankm\u00fcller SA"},"image":{"@id":"https:\/\/shop.bantam.ch\/fr\/#\/schema\/logo\/image\/"}}]}},"_links":{"self":[{"href":"https:\/\/shop.bantam.ch\/fr\/wp-json\/wp\/v2\/product\/29947","targetHints":{"allow":["GET"]}}],"collection":[{"href":"https:\/\/shop.bantam.ch\/fr\/wp-json\/wp\/v2\/product"}],"about":[{"href":"https:\/\/shop.bantam.ch\/fr\/wp-json\/wp\/v2\/types\/product"}],"wp:featuredmedia":[{"embeddable":true,"href":"https:\/\/shop.bantam.ch\/fr\/wp-json\/wp\/v2\/media\/29945"}],"wp:attachment":[{"href":"https:\/\/shop.bantam.ch\/fr\/wp-json\/wp\/v2\/media?parent=29947"}],"wp:term":[{"taxonomy":"product_featured_cat","embeddable":true,"href":"https:\/\/shop.bantam.ch\/fr\/wp-json\/wp\/v2\/product_featured_cat?post=29947"},{"taxonomy":"product_brand","embeddable":true,"href":"https:\/\/shop.bantam.ch\/fr\/wp-json\/wp\/v2\/product_brand?post=29947"},{"taxonomy":"product_cat","embeddable":true,"href":"https:\/\/shop.bantam.ch\/fr\/wp-json\/wp\/v2\/product_cat?post=29947"},{"taxonomy":"product_tag","embeddable":true,"href":"https:\/\/shop.bantam.ch\/fr\/wp-json\/wp\/v2\/product_tag?post=29947"}],"curies":[{"name":"wp","href":"https:\/\/api.w.org\/{rel}","templated":true}]}}