{"id":29699,"date":"2023-02-22T17:15:57","date_gmt":"2023-02-22T16:15:57","guid":{"rendered":"http:\/\/preprod-dev.sh1.hidora.com\/webshop\/produit\/climatiseur-saphir-comfort-rc\/"},"modified":"2026-04-17T20:30:23","modified_gmt":"2026-04-17T18:30:23","slug":"climatiseur-saphir-comfort-rc","status":"publish","type":"product","link":"https:\/\/shop.bantam.ch\/fr\/produit\/climatiseur-saphir-comfort-rc\/","title":{"rendered":"Saphir comfort RC"},"content":{"rendered":"<p>Le syst\u00e8me de climatisation Saphir a \u00e9t\u00e9 con\u00e7u sp\u00e9cialement pour \u00eatre install\u00e9 dans des espaces de rangement. Cet appareil l\u00e9ger et compact doit \u00eatre mont\u00e9 \u00e0 l\u2019int\u00e9rieur du v\u00e9hicule. En le posant au sol, le centre de gravit\u00e9 du v\u00e9hicule sera plus bas. Gr\u00e2ce \u00e0 la r\u00e9partition individuelle et flexible de l\u2019air, vous profitez toujours d\u2019un excellent air ambiant et vous pourrez vous d\u00e9tendre lors des journ\u00e9es de grosse chaleur.<\/p>\n<p>Le nouveau climatiseur Saphir Comfort\u00a0RC peut \u00e9galement faire office de pompe \u00e0 chaleur int\u00e9gr\u00e9e gr\u00e2ce \u00e0 son circuit frigorifique r\u00e9versible. Vous pourrez donc vous chauffer \u00e0 l\u2019entre-saison. Syst\u00e8me automatique de chauffage\/climatisation. Le plus petit appareil de sa cat\u00e9gorie. Minuterie bien pratique. Utilisation possible avec Truma\u00a0CP\u00a0plus.<\/p>\n<ul>\n<li>Longueur recommand\u00e9e du v\u00e9hicule\u00a0: env. 6,5\u00a0m<\/li>\n<li>Consommation \u00e9lectrique en mode refroidissement\u00a0230\u00a0V\u00a0: 4,2\u00a0A<\/li>\n<li>Tension de service\u00a0: 50 Hz<\/li>\n<li>Vitesse de soufflerie\u00a0: 3, plus fonction Sleep<\/li>\n<li>Sorties d\u2019air\u00a0: 3<\/li>\n<li>T\u00e9l\u00e9commande\u00a0: oui<\/li>\n<\/ul>\n","protected":false},"excerpt":{"rendered":"<p>Le syst\u00e8me de climatisation Saphir a \u00e9t\u00e9 con\u00e7u sp\u00e9cialement pour \u00eatre install\u00e9 dans des espaces de rangement. Cet appareil l\u00e9ger et compact doit \u00eatre mont\u00e9 \u00e0 l\u2019int\u00e9rieur du v\u00e9hicule. En le posant au sol, le centre de gravit\u00e9 du v\u00e9hicule sera plus bas. Gr\u00e2ce \u00e0 la r\u00e9partition individuelle et flexible de l\u2019air, vous profitez toujours [&hellip;]<\/p>\n","protected":false},"featured_media":29695,"template":"","meta":{"_acf_changed":false},"product_featured_cat":[],"product_brand":[3026],"product_cat":[4089],"product_tag":[],"class_list":{"0":"post-29699","1":"product","2":"type-product","3":"status-publish","4":"has-post-thumbnail","6":"product_brand-truma","7":"product_cat-climatisations","9":"first","10":"instock","11":"featured","12":"taxable","13":"shipping-taxable","14":"purchasable","15":"product-type-simple"},"acf":[],"yoast_head":"<!-- This site is optimized with the Yoast SEO plugin v27.4 - https:\/\/yoast.com\/product\/yoast-seo-wordpress\/ -->\n<title>Saphir comfort RC - Bantam Wankm\u00fcller SA<\/title>\n<meta name=\"robots\" content=\"index, follow, max-snippet:-1, max-image-preview:large, max-video-preview:-1\" \/>\n<link rel=\"canonical\" href=\"https:\/\/shop.bantam.ch\/fr\/produit\/climatiseur-saphir-comfort-rc\/\" \/>\n<meta property=\"og:locale\" content=\"fr_FR\" \/>\n<meta property=\"og:type\" content=\"article\" \/>\n<meta property=\"og:title\" content=\"Saphir comfort RC - Bantam Wankm\u00fcller SA\" \/>\n<meta property=\"og:description\" content=\"Le syst\u00e8me de climatisation Saphir a \u00e9t\u00e9 con\u00e7u sp\u00e9cialement pour \u00eatre install\u00e9 dans des espaces de rangement. Cet appareil l\u00e9ger et compact doit \u00eatre mont\u00e9 \u00e0 l\u2019int\u00e9rieur du v\u00e9hicule. En le posant au sol, le centre de gravit\u00e9 du v\u00e9hicule sera plus bas. Gr\u00e2ce \u00e0 la r\u00e9partition individuelle et flexible de l\u2019air, vous profitez toujours [&hellip;]\" \/>\n<meta property=\"og:url\" content=\"https:\/\/shop.bantam.ch\/fr\/produit\/climatiseur-saphir-comfort-rc\/\" \/>\n<meta property=\"og:site_name\" content=\"Bantam Wankm\u00fcller SA\" \/>\n<meta property=\"article:modified_time\" content=\"2026-04-17T18:30:23+00:00\" \/>\n<meta property=\"og:image\" content=\"https:\/\/shop.bantam.ch\/wp-content\/uploads\/2023\/02\/9964056-Klimaanlage_SAPHIR_ComfortRC-Zusatzinformation-01-4.jpg\" \/>\n\t<meta property=\"og:image:width\" content=\"666\" \/>\n\t<meta property=\"og:image:height\" content=\"1000\" \/>\n\t<meta property=\"og:image:type\" content=\"image\/jpeg\" \/>\n<meta name=\"twitter:card\" content=\"summary_large_image\" \/>\n<meta name=\"twitter:label1\" content=\"Dur\u00e9e de lecture estim\u00e9e\" \/>\n\t<meta name=\"twitter:data1\" content=\"1 minute\" \/>\n<script type=\"application\/ld+json\" class=\"yoast-schema-graph\">{\"@context\":\"https:\\\/\\\/schema.org\",\"@graph\":[{\"@type\":\"WebPage\",\"@id\":\"https:\\\/\\\/shop.bantam.ch\\\/fr\\\/produit\\\/climatiseur-saphir-comfort-rc\\\/\",\"url\":\"https:\\\/\\\/shop.bantam.ch\\\/fr\\\/produit\\\/climatiseur-saphir-comfort-rc\\\/\",\"name\":\"Saphir comfort RC - Bantam Wankm\u00fcller SA\",\"isPartOf\":{\"@id\":\"https:\\\/\\\/shop.bantam.ch\\\/fr\\\/#website\"},\"primaryImageOfPage\":{\"@id\":\"https:\\\/\\\/shop.bantam.ch\\\/fr\\\/produit\\\/climatiseur-saphir-comfort-rc\\\/#primaryimage\"},\"image\":{\"@id\":\"https:\\\/\\\/shop.bantam.ch\\\/fr\\\/produit\\\/climatiseur-saphir-comfort-rc\\\/#primaryimage\"},\"thumbnailUrl\":\"https:\\\/\\\/shop.bantam.ch\\\/wp-content\\\/uploads\\\/2023\\\/02\\\/9964056-Klimaanlage_SAPHIR_ComfortRC-Zusatzinformation-01-4.jpg\",\"datePublished\":\"2023-02-22T16:15:57+00:00\",\"dateModified\":\"2026-04-17T18:30:23+00:00\",\"breadcrumb\":{\"@id\":\"https:\\\/\\\/shop.bantam.ch\\\/fr\\\/produit\\\/climatiseur-saphir-comfort-rc\\\/#breadcrumb\"},\"inLanguage\":\"fr-FR\",\"potentialAction\":[{\"@type\":\"ReadAction\",\"target\":[\"https:\\\/\\\/shop.bantam.ch\\\/fr\\\/produit\\\/climatiseur-saphir-comfort-rc\\\/\"]}]},{\"@type\":\"ImageObject\",\"inLanguage\":\"fr-FR\",\"@id\":\"https:\\\/\\\/shop.bantam.ch\\\/fr\\\/produit\\\/climatiseur-saphir-comfort-rc\\\/#primaryimage\",\"url\":\"https:\\\/\\\/shop.bantam.ch\\\/wp-content\\\/uploads\\\/2023\\\/02\\\/9964056-Klimaanlage_SAPHIR_ComfortRC-Zusatzinformation-01-4.jpg\",\"contentUrl\":\"https:\\\/\\\/shop.bantam.ch\\\/wp-content\\\/uploads\\\/2023\\\/02\\\/9964056-Klimaanlage_SAPHIR_ComfortRC-Zusatzinformation-01-4.jpg\",\"width\":666,\"height\":1000},{\"@type\":\"BreadcrumbList\",\"@id\":\"https:\\\/\\\/shop.bantam.ch\\\/fr\\\/produit\\\/climatiseur-saphir-comfort-rc\\\/#breadcrumb\",\"itemListElement\":[{\"@type\":\"ListItem\",\"position\":1,\"name\":\"Accueil\",\"item\":\"https:\\\/\\\/shop.bantam.ch\\\/fr\\\/\"},{\"@type\":\"ListItem\",\"position\":2,\"name\":\"Boutique\",\"item\":\"https:\\\/\\\/shop.bantam.ch\\\/fr\\\/boutique\\\/\"},{\"@type\":\"ListItem\",\"position\":3,\"name\":\"Saphir comfort RC\"}]},{\"@type\":\"WebSite\",\"@id\":\"https:\\\/\\\/shop.bantam.ch\\\/fr\\\/#website\",\"url\":\"https:\\\/\\\/shop.bantam.ch\\\/fr\\\/\",\"name\":\"Bantam Wankm\u00fcller SA\",\"description\":\"\",\"publisher\":{\"@id\":\"https:\\\/\\\/shop.bantam.ch\\\/fr\\\/#organization\"},\"inLanguage\":\"fr-FR\"},{\"@type\":\"Organization\",\"@id\":\"https:\\\/\\\/shop.bantam.ch\\\/fr\\\/#organization\",\"name\":\"Bantam Wankm\u00fcller SA\",\"url\":\"https:\\\/\\\/shop.bantam.ch\\\/fr\\\/\",\"logo\":{\"@type\":\"ImageObject\",\"inLanguage\":\"fr-FR\",\"@id\":\"https:\\\/\\\/shop.bantam.ch\\\/fr\\\/#\\\/schema\\\/logo\\\/image\\\/\",\"url\":\"https:\\\/\\\/shop.bantam.ch\\\/wp-content\\\/uploads\\\/2022\\\/12\\\/bantam-logo.png\",\"contentUrl\":\"https:\\\/\\\/shop.bantam.ch\\\/wp-content\\\/uploads\\\/2022\\\/12\\\/bantam-logo.png\",\"width\":320,\"height\":71,\"caption\":\"Bantam Wankm\u00fcller SA\"},\"image\":{\"@id\":\"https:\\\/\\\/shop.bantam.ch\\\/fr\\\/#\\\/schema\\\/logo\\\/image\\\/\"}}]}<\/script>\n<!-- \/ Yoast SEO plugin. -->","yoast_head_json":{"title":"Saphir comfort RC - Bantam Wankm\u00fcller SA","robots":{"index":"index","follow":"follow","max-snippet":"max-snippet:-1","max-image-preview":"max-image-preview:large","max-video-preview":"max-video-preview:-1"},"canonical":"https:\/\/shop.bantam.ch\/fr\/produit\/climatiseur-saphir-comfort-rc\/","og_locale":"fr_FR","og_type":"article","og_title":"Saphir comfort RC - Bantam Wankm\u00fcller SA","og_description":"Le syst\u00e8me de climatisation Saphir a \u00e9t\u00e9 con\u00e7u sp\u00e9cialement pour \u00eatre install\u00e9 dans des espaces de rangement. Cet appareil l\u00e9ger et compact doit \u00eatre mont\u00e9 \u00e0 l\u2019int\u00e9rieur du v\u00e9hicule. En le posant au sol, le centre de gravit\u00e9 du v\u00e9hicule sera plus bas. Gr\u00e2ce \u00e0 la r\u00e9partition individuelle et flexible de l\u2019air, vous profitez toujours [&hellip;]","og_url":"https:\/\/shop.bantam.ch\/fr\/produit\/climatiseur-saphir-comfort-rc\/","og_site_name":"Bantam Wankm\u00fcller SA","article_modified_time":"2026-04-17T18:30:23+00:00","og_image":[{"width":666,"height":1000,"url":"https:\/\/shop.bantam.ch\/wp-content\/uploads\/2023\/02\/9964056-Klimaanlage_SAPHIR_ComfortRC-Zusatzinformation-01-4.jpg","type":"image\/jpeg"}],"twitter_card":"summary_large_image","twitter_misc":{"Dur\u00e9e de lecture estim\u00e9e":"1 minute"},"schema":{"@context":"https:\/\/schema.org","@graph":[{"@type":"WebPage","@id":"https:\/\/shop.bantam.ch\/fr\/produit\/climatiseur-saphir-comfort-rc\/","url":"https:\/\/shop.bantam.ch\/fr\/produit\/climatiseur-saphir-comfort-rc\/","name":"Saphir comfort RC - Bantam Wankm\u00fcller SA","isPartOf":{"@id":"https:\/\/shop.bantam.ch\/fr\/#website"},"primaryImageOfPage":{"@id":"https:\/\/shop.bantam.ch\/fr\/produit\/climatiseur-saphir-comfort-rc\/#primaryimage"},"image":{"@id":"https:\/\/shop.bantam.ch\/fr\/produit\/climatiseur-saphir-comfort-rc\/#primaryimage"},"thumbnailUrl":"https:\/\/shop.bantam.ch\/wp-content\/uploads\/2023\/02\/9964056-Klimaanlage_SAPHIR_ComfortRC-Zusatzinformation-01-4.jpg","datePublished":"2023-02-22T16:15:57+00:00","dateModified":"2026-04-17T18:30:23+00:00","breadcrumb":{"@id":"https:\/\/shop.bantam.ch\/fr\/produit\/climatiseur-saphir-comfort-rc\/#breadcrumb"},"inLanguage":"fr-FR","potentialAction":[{"@type":"ReadAction","target":["https:\/\/shop.bantam.ch\/fr\/produit\/climatiseur-saphir-comfort-rc\/"]}]},{"@type":"ImageObject","inLanguage":"fr-FR","@id":"https:\/\/shop.bantam.ch\/fr\/produit\/climatiseur-saphir-comfort-rc\/#primaryimage","url":"https:\/\/shop.bantam.ch\/wp-content\/uploads\/2023\/02\/9964056-Klimaanlage_SAPHIR_ComfortRC-Zusatzinformation-01-4.jpg","contentUrl":"https:\/\/shop.bantam.ch\/wp-content\/uploads\/2023\/02\/9964056-Klimaanlage_SAPHIR_ComfortRC-Zusatzinformation-01-4.jpg","width":666,"height":1000},{"@type":"BreadcrumbList","@id":"https:\/\/shop.bantam.ch\/fr\/produit\/climatiseur-saphir-comfort-rc\/#breadcrumb","itemListElement":[{"@type":"ListItem","position":1,"name":"Accueil","item":"https:\/\/shop.bantam.ch\/fr\/"},{"@type":"ListItem","position":2,"name":"Boutique","item":"https:\/\/shop.bantam.ch\/fr\/boutique\/"},{"@type":"ListItem","position":3,"name":"Saphir comfort RC"}]},{"@type":"WebSite","@id":"https:\/\/shop.bantam.ch\/fr\/#website","url":"https:\/\/shop.bantam.ch\/fr\/","name":"Bantam Wankm\u00fcller SA","description":"","publisher":{"@id":"https:\/\/shop.bantam.ch\/fr\/#organization"},"inLanguage":"fr-FR"},{"@type":"Organization","@id":"https:\/\/shop.bantam.ch\/fr\/#organization","name":"Bantam Wankm\u00fcller SA","url":"https:\/\/shop.bantam.ch\/fr\/","logo":{"@type":"ImageObject","inLanguage":"fr-FR","@id":"https:\/\/shop.bantam.ch\/fr\/#\/schema\/logo\/image\/","url":"https:\/\/shop.bantam.ch\/wp-content\/uploads\/2022\/12\/bantam-logo.png","contentUrl":"https:\/\/shop.bantam.ch\/wp-content\/uploads\/2022\/12\/bantam-logo.png","width":320,"height":71,"caption":"Bantam Wankm\u00fcller SA"},"image":{"@id":"https:\/\/shop.bantam.ch\/fr\/#\/schema\/logo\/image\/"}}]}},"_links":{"self":[{"href":"https:\/\/shop.bantam.ch\/fr\/wp-json\/wp\/v2\/product\/29699","targetHints":{"allow":["GET"]}}],"collection":[{"href":"https:\/\/shop.bantam.ch\/fr\/wp-json\/wp\/v2\/product"}],"about":[{"href":"https:\/\/shop.bantam.ch\/fr\/wp-json\/wp\/v2\/types\/product"}],"wp:featuredmedia":[{"embeddable":true,"href":"https:\/\/shop.bantam.ch\/fr\/wp-json\/wp\/v2\/media\/29695"}],"wp:attachment":[{"href":"https:\/\/shop.bantam.ch\/fr\/wp-json\/wp\/v2\/media?parent=29699"}],"wp:term":[{"taxonomy":"product_featured_cat","embeddable":true,"href":"https:\/\/shop.bantam.ch\/fr\/wp-json\/wp\/v2\/product_featured_cat?post=29699"},{"taxonomy":"product_brand","embeddable":true,"href":"https:\/\/shop.bantam.ch\/fr\/wp-json\/wp\/v2\/product_brand?post=29699"},{"taxonomy":"product_cat","embeddable":true,"href":"https:\/\/shop.bantam.ch\/fr\/wp-json\/wp\/v2\/product_cat?post=29699"},{"taxonomy":"product_tag","embeddable":true,"href":"https:\/\/shop.bantam.ch\/fr\/wp-json\/wp\/v2\/product_tag?post=29699"}],"curies":[{"name":"wp","href":"https:\/\/api.w.org\/{rel}","templated":true}]}}