{"id":29685,"date":"2023-02-22T17:15:39","date_gmt":"2023-02-22T16:15:39","guid":{"rendered":"http:\/\/preprod-dev.sh1.hidora.com\/webshop\/produit\/climatiseur-de-toit-aventa-aventa-comfort\/"},"modified":"2026-04-18T20:35:19","modified_gmt":"2026-04-18T18:35:19","slug":"climatiseur-de-toit-aventa-aventa-comfort","status":"publish","type":"product","link":"https:\/\/shop.bantam.ch\/fr\/produit\/climatiseur-de-toit-aventa-aventa-comfort\/","title":{"rendered":"Climatiseur de toit Aventa Aventa Comfort"},"content":{"rendered":"<p>Le mod\u00e8le Aventa Comfort assure une climatisation efficace qui rafra\u00eechit et d\u00e9shumidifie l\u2019habitacle en cas de fortes chaleurs. Vous pouvez \u00e9galement utiliser la pompe \u00e0 chaleur int\u00e9gr\u00e9e comme source de chauffage \u00e9conome en \u00e9nergie. Vu sa forte capacit\u00e9 de refroidissement, le mod\u00e8le Aventa Eco vous permet d\u2019atteindre facilement et rapidement la temp\u00e9rature souhait\u00e9e dans votre v\u00e9hicule. Par ailleurs, il consomme tr\u00e8s peu d\u2019\u00e9lectricit\u00e9, ce qui vous permet de l\u2019utiliser sur les terrains de camping disposant d&rsquo;une faible installation \u00e9lectrique. Parfait pour tous ceux qui veulent allier performances et \u00e9conomies.<br \/>\nLe mod\u00e8le Aventa Comfort affiche une puissance frigorifique de 2\u00a0400\u00a0W pour un refroidissement rapide. Le mod\u00e8le Aventa Eco consomme tr\u00e8s peu d\u2019\u00e9lectricit\u00e9. Le syst\u00e8me alv\u00e9ol\u00e9 de filtration de l\u2019air purifie l\u2019air int\u00e9rieur. Tr\u00e8s l\u00e9ger pour plus de charge utile. Refroidissement silencieux gr\u00e2ce \u00e0 la fonction Sleep. Deux coloris disponibles pour le diffuseur d\u2019air. Le diffuseur d\u2019air le plus plat du march\u00e9. \u00c9clairage\u00a0LED avec variateur. T\u00e9l\u00e9commande \u00e0 infrarouge avec heure et minuteur. Commande via Truma CP plus\u00a0\u2013 iNet ready. 2\u00a0sorties d\u2019air r\u00e9glables individuellement \u00e0 l\u2019avant et \u00e0 l\u2019arri\u00e8re.<\/p>\n","protected":false},"excerpt":{"rendered":"<p>Le mod\u00e8le Aventa Comfort assure une climatisation efficace qui rafra\u00eechit et d\u00e9shumidifie l\u2019habitacle en cas de fortes chaleurs. Vous pouvez \u00e9galement utiliser la pompe \u00e0 chaleur int\u00e9gr\u00e9e comme source de chauffage \u00e9conome en \u00e9nergie. Vu sa forte capacit\u00e9 de refroidissement, le mod\u00e8le Aventa Eco vous permet d\u2019atteindre facilement et rapidement la temp\u00e9rature souhait\u00e9e dans votre [&hellip;]<\/p>\n","protected":false},"featured_media":29677,"template":"","meta":{"_acf_changed":false},"product_featured_cat":[],"product_brand":[3026],"product_cat":[4089],"product_tag":[],"class_list":{"0":"post-29685","1":"product","2":"type-product","3":"status-publish","4":"has-post-thumbnail","6":"product_brand-truma","7":"product_cat-climatisations","9":"first","10":"instock","11":"featured","12":"taxable","13":"shipping-taxable","14":"purchasable","15":"product-type-variable"},"acf":[],"yoast_head":"<!-- This site is optimized with the Yoast SEO plugin v27.4 - https:\/\/yoast.com\/product\/yoast-seo-wordpress\/ -->\n<title>Climatiseur de toit Aventa Aventa Comfort - Bantam Wankm\u00fcller SA<\/title>\n<meta name=\"robots\" content=\"index, follow, max-snippet:-1, max-image-preview:large, max-video-preview:-1\" \/>\n<link rel=\"canonical\" href=\"https:\/\/shop.bantam.ch\/fr\/produit\/climatiseur-de-toit-aventa-aventa-comfort\/\" \/>\n<meta property=\"og:locale\" content=\"fr_FR\" \/>\n<meta property=\"og:type\" content=\"article\" \/>\n<meta property=\"og:title\" content=\"Climatiseur de toit Aventa Aventa Comfort - Bantam Wankm\u00fcller SA\" \/>\n<meta property=\"og:description\" content=\"Le mod\u00e8le Aventa Comfort assure une climatisation efficace qui rafra\u00eechit et d\u00e9shumidifie l\u2019habitacle en cas de fortes chaleurs. Vous pouvez \u00e9galement utiliser la pompe \u00e0 chaleur int\u00e9gr\u00e9e comme source de chauffage \u00e9conome en \u00e9nergie. Vu sa forte capacit\u00e9 de refroidissement, le mod\u00e8le Aventa Eco vous permet d\u2019atteindre facilement et rapidement la temp\u00e9rature souhait\u00e9e dans votre [&hellip;]\" \/>\n<meta property=\"og:url\" content=\"https:\/\/shop.bantam.ch\/fr\/produit\/climatiseur-de-toit-aventa-aventa-comfort\/\" \/>\n<meta property=\"og:site_name\" content=\"Bantam Wankm\u00fcller SA\" \/>\n<meta property=\"article:modified_time\" content=\"2026-04-18T18:35:19+00:00\" \/>\n<meta property=\"og:image\" content=\"https:\/\/shop.bantam.ch\/wp-content\/uploads\/2023\/02\/9964150-Aventa_Comfort_ab_04_2013_mit_Luftverteiler_creme_braun-Standard-01-8.jpg\" \/>\n\t<meta property=\"og:image:width\" content=\"1000\" \/>\n\t<meta property=\"og:image:height\" content=\"564\" \/>\n\t<meta property=\"og:image:type\" content=\"image\/jpeg\" \/>\n<meta name=\"twitter:card\" content=\"summary_large_image\" \/>\n<meta name=\"twitter:label1\" content=\"Dur\u00e9e de lecture estim\u00e9e\" \/>\n\t<meta name=\"twitter:data1\" content=\"1 minute\" \/>\n<script type=\"application\/ld+json\" class=\"yoast-schema-graph\">{\"@context\":\"https:\\\/\\\/schema.org\",\"@graph\":[{\"@type\":\"WebPage\",\"@id\":\"https:\\\/\\\/shop.bantam.ch\\\/fr\\\/produit\\\/climatiseur-de-toit-aventa-aventa-comfort\\\/\",\"url\":\"https:\\\/\\\/shop.bantam.ch\\\/fr\\\/produit\\\/climatiseur-de-toit-aventa-aventa-comfort\\\/\",\"name\":\"Climatiseur de toit Aventa Aventa Comfort - Bantam Wankm\u00fcller SA\",\"isPartOf\":{\"@id\":\"https:\\\/\\\/shop.bantam.ch\\\/fr\\\/#website\"},\"primaryImageOfPage\":{\"@id\":\"https:\\\/\\\/shop.bantam.ch\\\/fr\\\/produit\\\/climatiseur-de-toit-aventa-aventa-comfort\\\/#primaryimage\"},\"image\":{\"@id\":\"https:\\\/\\\/shop.bantam.ch\\\/fr\\\/produit\\\/climatiseur-de-toit-aventa-aventa-comfort\\\/#primaryimage\"},\"thumbnailUrl\":\"https:\\\/\\\/shop.bantam.ch\\\/wp-content\\\/uploads\\\/2023\\\/02\\\/9964150-Aventa_Comfort_ab_04_2013_mit_Luftverteiler_creme_braun-Standard-01-8.jpg\",\"datePublished\":\"2023-02-22T16:15:39+00:00\",\"dateModified\":\"2026-04-18T18:35:19+00:00\",\"breadcrumb\":{\"@id\":\"https:\\\/\\\/shop.bantam.ch\\\/fr\\\/produit\\\/climatiseur-de-toit-aventa-aventa-comfort\\\/#breadcrumb\"},\"inLanguage\":\"fr-FR\",\"potentialAction\":[{\"@type\":\"ReadAction\",\"target\":[\"https:\\\/\\\/shop.bantam.ch\\\/fr\\\/produit\\\/climatiseur-de-toit-aventa-aventa-comfort\\\/\"]}]},{\"@type\":\"ImageObject\",\"inLanguage\":\"fr-FR\",\"@id\":\"https:\\\/\\\/shop.bantam.ch\\\/fr\\\/produit\\\/climatiseur-de-toit-aventa-aventa-comfort\\\/#primaryimage\",\"url\":\"https:\\\/\\\/shop.bantam.ch\\\/wp-content\\\/uploads\\\/2023\\\/02\\\/9964150-Aventa_Comfort_ab_04_2013_mit_Luftverteiler_creme_braun-Standard-01-8.jpg\",\"contentUrl\":\"https:\\\/\\\/shop.bantam.ch\\\/wp-content\\\/uploads\\\/2023\\\/02\\\/9964150-Aventa_Comfort_ab_04_2013_mit_Luftverteiler_creme_braun-Standard-01-8.jpg\",\"width\":1000,\"height\":564},{\"@type\":\"BreadcrumbList\",\"@id\":\"https:\\\/\\\/shop.bantam.ch\\\/fr\\\/produit\\\/climatiseur-de-toit-aventa-aventa-comfort\\\/#breadcrumb\",\"itemListElement\":[{\"@type\":\"ListItem\",\"position\":1,\"name\":\"Accueil\",\"item\":\"https:\\\/\\\/shop.bantam.ch\\\/fr\\\/\"},{\"@type\":\"ListItem\",\"position\":2,\"name\":\"Boutique\",\"item\":\"https:\\\/\\\/shop.bantam.ch\\\/fr\\\/boutique\\\/\"},{\"@type\":\"ListItem\",\"position\":3,\"name\":\"Climatiseur de toit Aventa Aventa Comfort\"}]},{\"@type\":\"WebSite\",\"@id\":\"https:\\\/\\\/shop.bantam.ch\\\/fr\\\/#website\",\"url\":\"https:\\\/\\\/shop.bantam.ch\\\/fr\\\/\",\"name\":\"Bantam Wankm\u00fcller SA\",\"description\":\"\",\"publisher\":{\"@id\":\"https:\\\/\\\/shop.bantam.ch\\\/fr\\\/#organization\"},\"inLanguage\":\"fr-FR\"},{\"@type\":\"Organization\",\"@id\":\"https:\\\/\\\/shop.bantam.ch\\\/fr\\\/#organization\",\"name\":\"Bantam Wankm\u00fcller SA\",\"url\":\"https:\\\/\\\/shop.bantam.ch\\\/fr\\\/\",\"logo\":{\"@type\":\"ImageObject\",\"inLanguage\":\"fr-FR\",\"@id\":\"https:\\\/\\\/shop.bantam.ch\\\/fr\\\/#\\\/schema\\\/logo\\\/image\\\/\",\"url\":\"https:\\\/\\\/shop.bantam.ch\\\/wp-content\\\/uploads\\\/2022\\\/12\\\/bantam-logo.png\",\"contentUrl\":\"https:\\\/\\\/shop.bantam.ch\\\/wp-content\\\/uploads\\\/2022\\\/12\\\/bantam-logo.png\",\"width\":320,\"height\":71,\"caption\":\"Bantam Wankm\u00fcller SA\"},\"image\":{\"@id\":\"https:\\\/\\\/shop.bantam.ch\\\/fr\\\/#\\\/schema\\\/logo\\\/image\\\/\"}}]}<\/script>\n<!-- \/ Yoast SEO plugin. -->","yoast_head_json":{"title":"Climatiseur de toit Aventa Aventa Comfort - Bantam Wankm\u00fcller SA","robots":{"index":"index","follow":"follow","max-snippet":"max-snippet:-1","max-image-preview":"max-image-preview:large","max-video-preview":"max-video-preview:-1"},"canonical":"https:\/\/shop.bantam.ch\/fr\/produit\/climatiseur-de-toit-aventa-aventa-comfort\/","og_locale":"fr_FR","og_type":"article","og_title":"Climatiseur de toit Aventa Aventa Comfort - Bantam Wankm\u00fcller SA","og_description":"Le mod\u00e8le Aventa Comfort assure une climatisation efficace qui rafra\u00eechit et d\u00e9shumidifie l\u2019habitacle en cas de fortes chaleurs. Vous pouvez \u00e9galement utiliser la pompe \u00e0 chaleur int\u00e9gr\u00e9e comme source de chauffage \u00e9conome en \u00e9nergie. Vu sa forte capacit\u00e9 de refroidissement, le mod\u00e8le Aventa Eco vous permet d\u2019atteindre facilement et rapidement la temp\u00e9rature souhait\u00e9e dans votre [&hellip;]","og_url":"https:\/\/shop.bantam.ch\/fr\/produit\/climatiseur-de-toit-aventa-aventa-comfort\/","og_site_name":"Bantam Wankm\u00fcller SA","article_modified_time":"2026-04-18T18:35:19+00:00","og_image":[{"width":1000,"height":564,"url":"https:\/\/shop.bantam.ch\/wp-content\/uploads\/2023\/02\/9964150-Aventa_Comfort_ab_04_2013_mit_Luftverteiler_creme_braun-Standard-01-8.jpg","type":"image\/jpeg"}],"twitter_card":"summary_large_image","twitter_misc":{"Dur\u00e9e de lecture estim\u00e9e":"1 minute"},"schema":{"@context":"https:\/\/schema.org","@graph":[{"@type":"WebPage","@id":"https:\/\/shop.bantam.ch\/fr\/produit\/climatiseur-de-toit-aventa-aventa-comfort\/","url":"https:\/\/shop.bantam.ch\/fr\/produit\/climatiseur-de-toit-aventa-aventa-comfort\/","name":"Climatiseur de toit Aventa Aventa Comfort - Bantam Wankm\u00fcller SA","isPartOf":{"@id":"https:\/\/shop.bantam.ch\/fr\/#website"},"primaryImageOfPage":{"@id":"https:\/\/shop.bantam.ch\/fr\/produit\/climatiseur-de-toit-aventa-aventa-comfort\/#primaryimage"},"image":{"@id":"https:\/\/shop.bantam.ch\/fr\/produit\/climatiseur-de-toit-aventa-aventa-comfort\/#primaryimage"},"thumbnailUrl":"https:\/\/shop.bantam.ch\/wp-content\/uploads\/2023\/02\/9964150-Aventa_Comfort_ab_04_2013_mit_Luftverteiler_creme_braun-Standard-01-8.jpg","datePublished":"2023-02-22T16:15:39+00:00","dateModified":"2026-04-18T18:35:19+00:00","breadcrumb":{"@id":"https:\/\/shop.bantam.ch\/fr\/produit\/climatiseur-de-toit-aventa-aventa-comfort\/#breadcrumb"},"inLanguage":"fr-FR","potentialAction":[{"@type":"ReadAction","target":["https:\/\/shop.bantam.ch\/fr\/produit\/climatiseur-de-toit-aventa-aventa-comfort\/"]}]},{"@type":"ImageObject","inLanguage":"fr-FR","@id":"https:\/\/shop.bantam.ch\/fr\/produit\/climatiseur-de-toit-aventa-aventa-comfort\/#primaryimage","url":"https:\/\/shop.bantam.ch\/wp-content\/uploads\/2023\/02\/9964150-Aventa_Comfort_ab_04_2013_mit_Luftverteiler_creme_braun-Standard-01-8.jpg","contentUrl":"https:\/\/shop.bantam.ch\/wp-content\/uploads\/2023\/02\/9964150-Aventa_Comfort_ab_04_2013_mit_Luftverteiler_creme_braun-Standard-01-8.jpg","width":1000,"height":564},{"@type":"BreadcrumbList","@id":"https:\/\/shop.bantam.ch\/fr\/produit\/climatiseur-de-toit-aventa-aventa-comfort\/#breadcrumb","itemListElement":[{"@type":"ListItem","position":1,"name":"Accueil","item":"https:\/\/shop.bantam.ch\/fr\/"},{"@type":"ListItem","position":2,"name":"Boutique","item":"https:\/\/shop.bantam.ch\/fr\/boutique\/"},{"@type":"ListItem","position":3,"name":"Climatiseur de toit Aventa Aventa Comfort"}]},{"@type":"WebSite","@id":"https:\/\/shop.bantam.ch\/fr\/#website","url":"https:\/\/shop.bantam.ch\/fr\/","name":"Bantam Wankm\u00fcller SA","description":"","publisher":{"@id":"https:\/\/shop.bantam.ch\/fr\/#organization"},"inLanguage":"fr-FR"},{"@type":"Organization","@id":"https:\/\/shop.bantam.ch\/fr\/#organization","name":"Bantam Wankm\u00fcller SA","url":"https:\/\/shop.bantam.ch\/fr\/","logo":{"@type":"ImageObject","inLanguage":"fr-FR","@id":"https:\/\/shop.bantam.ch\/fr\/#\/schema\/logo\/image\/","url":"https:\/\/shop.bantam.ch\/wp-content\/uploads\/2022\/12\/bantam-logo.png","contentUrl":"https:\/\/shop.bantam.ch\/wp-content\/uploads\/2022\/12\/bantam-logo.png","width":320,"height":71,"caption":"Bantam Wankm\u00fcller SA"},"image":{"@id":"https:\/\/shop.bantam.ch\/fr\/#\/schema\/logo\/image\/"}}]}},"_links":{"self":[{"href":"https:\/\/shop.bantam.ch\/fr\/wp-json\/wp\/v2\/product\/29685","targetHints":{"allow":["GET"]}}],"collection":[{"href":"https:\/\/shop.bantam.ch\/fr\/wp-json\/wp\/v2\/product"}],"about":[{"href":"https:\/\/shop.bantam.ch\/fr\/wp-json\/wp\/v2\/types\/product"}],"wp:featuredmedia":[{"embeddable":true,"href":"https:\/\/shop.bantam.ch\/fr\/wp-json\/wp\/v2\/media\/29677"}],"wp:attachment":[{"href":"https:\/\/shop.bantam.ch\/fr\/wp-json\/wp\/v2\/media?parent=29685"}],"wp:term":[{"taxonomy":"product_featured_cat","embeddable":true,"href":"https:\/\/shop.bantam.ch\/fr\/wp-json\/wp\/v2\/product_featured_cat?post=29685"},{"taxonomy":"product_brand","embeddable":true,"href":"https:\/\/shop.bantam.ch\/fr\/wp-json\/wp\/v2\/product_brand?post=29685"},{"taxonomy":"product_cat","embeddable":true,"href":"https:\/\/shop.bantam.ch\/fr\/wp-json\/wp\/v2\/product_cat?post=29685"},{"taxonomy":"product_tag","embeddable":true,"href":"https:\/\/shop.bantam.ch\/fr\/wp-json\/wp\/v2\/product_tag?post=29685"}],"curies":[{"name":"wp","href":"https:\/\/api.w.org\/{rel}","templated":true}]}}