{"id":238226,"date":"2026-05-08T11:51:25","date_gmt":"2026-05-08T09:51:25","guid":{"rendered":"https:\/\/shop.bantam.ch\/produit\/tablier-de-sol-bache-h60cm-l700m-t-peigne-sb-emballe-couleur-gris-clair\/"},"modified":"2026-05-10T00:11:14","modified_gmt":"2026-05-09T22:11:14","slug":"tablier-de-sol-bache-h60cm-l700m-t-peigne-sb-emballe-couleur-gris-clair","status":"publish","type":"product","link":"https:\/\/shop.bantam.ch\/fr\/produit\/tablier-de-sol-bache-h60cm-l700m-t-peigne-sb-emballe-couleur-gris-clair\/","title":{"rendered":"Tablier de sol B\u00e2che H60cm L7,00m T-peigne SB emball\u00e9 couleur gris clair"},"content":{"rendered":"<p>Avec ou sans auvent, le tablier de sol HINDERMANN est une protection bienvenue contre les courants d&rsquo;air sur la place assise devant la caravane et bloque les vents d\u00e9sagr\u00e9ables. Id\u00e9al \u00e9galement pour un montage durable gr\u00e2ce au bourrelet et aux \u0153illets de fixation au sol.<\/p>\n<ul>\n<li>En mat\u00e9riau de b\u00e2che r\u00e9sistant \u00e0 l&rsquo;hiver et renforc\u00e9 par un tissu, avec galon textile.<\/li>\n<\/ul>\n<p>Le bourrelet est rapidement ins\u00e9r\u00e9 et solidement soud\u00e9 au mat\u00e9riau. C&rsquo;est pourquoi le tablier de sol peut \u00eatre raccourci \u00e0 la bonne dimension sans qu&rsquo;un fil de couture ne se d\u00e9tache.<br \/>\nUne fixation solide au sol est assur\u00e9e par des piquets fix\u00e9s aux \u0153illets renforc\u00e9s en PVC. Le tablier de sol gris clair en mat\u00e9riau de b\u00e2che est compatible avec les recouvrements de passage de roue HINDERMANN, les recouvrements ajust\u00e9s, la cave de caravane ainsi que les tabliers d&rsquo;organiseur HINDERMANN.<\/p>\n","protected":false},"excerpt":{"rendered":"<p>Avec ou sans auvent, le tablier de sol HINDERMANN est une protection bienvenue contre les courants d&rsquo;air sur la place assise devant la caravane et bloque les vents d\u00e9sagr\u00e9ables. Id\u00e9al \u00e9galement pour un montage durable gr\u00e2ce au bourrelet et aux \u0153illets de fixation au sol. En mat\u00e9riau de b\u00e2che r\u00e9sistant \u00e0 l&rsquo;hiver et renforc\u00e9 par [&hellip;]<\/p>\n","protected":false},"featured_media":238220,"template":"","meta":{"_acf_changed":false},"product_featured_cat":[],"product_brand":[3040],"product_cat":[4197],"product_tag":[],"class_list":{"0":"post-238226","1":"product","2":"type-product","3":"status-publish","4":"has-post-thumbnail","6":"product_brand-hindermann","7":"product_cat-camping-et-pieces-de-rechange-outdoor","9":"first","10":"instock","11":"taxable","12":"shipping-taxable","13":"purchasable","14":"product-type-simple"},"acf":[],"yoast_head":"<!-- This site is optimized with the Yoast SEO plugin v27.5 - https:\/\/yoast.com\/product\/yoast-seo-wordpress\/ -->\n<title>Tablier de sol B\u00e2che H60cm L7,00m T-peigne SB emball\u00e9 couleur gris clair - Bantam<\/title>\n<meta name=\"robots\" content=\"index, follow, max-snippet:-1, max-image-preview:large, max-video-preview:-1\" \/>\n<link rel=\"canonical\" href=\"https:\/\/shop.bantam.ch\/fr\/produit\/tablier-de-sol-bache-h60cm-l700m-t-peigne-sb-emballe-couleur-gris-clair\/\" \/>\n<meta property=\"og:locale\" content=\"fr_FR\" \/>\n<meta property=\"og:type\" content=\"article\" \/>\n<meta property=\"og:title\" content=\"Tablier de sol B\u00e2che H60cm L7,00m T-peigne SB emball\u00e9 couleur gris clair - Bantam\" \/>\n<meta property=\"og:description\" content=\"Avec ou sans auvent, le tablier de sol HINDERMANN est une protection bienvenue contre les courants d&rsquo;air sur la place assise devant la caravane et bloque les vents d\u00e9sagr\u00e9ables. Id\u00e9al \u00e9galement pour un montage durable gr\u00e2ce au bourrelet et aux \u0153illets de fixation au sol. En mat\u00e9riau de b\u00e2che r\u00e9sistant \u00e0 l&rsquo;hiver et renforc\u00e9 par [&hellip;]\" \/>\n<meta property=\"og:url\" content=\"https:\/\/shop.bantam.ch\/fr\/produit\/tablier-de-sol-bache-h60cm-l700m-t-peigne-sb-emballe-couleur-gris-clair\/\" \/>\n<meta property=\"og:site_name\" content=\"Bantam\" \/>\n<meta property=\"article:modified_time\" content=\"2026-05-09T22:11:14+00:00\" \/>\n<meta property=\"og:image\" content=\"https:\/\/shop.bantam.ch\/wp-content\/uploads\/2026\/05\/Movera-L-9958906100.png\" \/>\n\t<meta property=\"og:image:width\" content=\"640\" \/>\n\t<meta property=\"og:image:height\" content=\"336\" \/>\n\t<meta property=\"og:image:type\" content=\"image\/png\" \/>\n<meta name=\"twitter:card\" content=\"summary_large_image\" \/>\n<meta name=\"twitter:label1\" content=\"Dur\u00e9e de lecture estim\u00e9e\" \/>\n\t<meta name=\"twitter:data1\" content=\"1 minute\" \/>\n<script type=\"application\/ld+json\" class=\"yoast-schema-graph\">{\"@context\":\"https:\\\/\\\/schema.org\",\"@graph\":[{\"@type\":\"WebPage\",\"@id\":\"https:\\\/\\\/shop.bantam.ch\\\/fr\\\/produit\\\/tablier-de-sol-bache-h60cm-l700m-t-peigne-sb-emballe-couleur-gris-clair\\\/\",\"url\":\"https:\\\/\\\/shop.bantam.ch\\\/fr\\\/produit\\\/tablier-de-sol-bache-h60cm-l700m-t-peigne-sb-emballe-couleur-gris-clair\\\/\",\"name\":\"Tablier de sol B\u00e2che H60cm L7,00m T-peigne SB emball\u00e9 couleur gris clair - Bantam\",\"isPartOf\":{\"@id\":\"https:\\\/\\\/shop.bantam.ch\\\/fr\\\/#website\"},\"primaryImageOfPage\":{\"@id\":\"https:\\\/\\\/shop.bantam.ch\\\/fr\\\/produit\\\/tablier-de-sol-bache-h60cm-l700m-t-peigne-sb-emballe-couleur-gris-clair\\\/#primaryimage\"},\"image\":{\"@id\":\"https:\\\/\\\/shop.bantam.ch\\\/fr\\\/produit\\\/tablier-de-sol-bache-h60cm-l700m-t-peigne-sb-emballe-couleur-gris-clair\\\/#primaryimage\"},\"thumbnailUrl\":\"https:\\\/\\\/shop.bantam.ch\\\/wp-content\\\/uploads\\\/2026\\\/05\\\/Movera-L-9958906100.png\",\"datePublished\":\"2026-05-08T09:51:25+00:00\",\"dateModified\":\"2026-05-09T22:11:14+00:00\",\"breadcrumb\":{\"@id\":\"https:\\\/\\\/shop.bantam.ch\\\/fr\\\/produit\\\/tablier-de-sol-bache-h60cm-l700m-t-peigne-sb-emballe-couleur-gris-clair\\\/#breadcrumb\"},\"inLanguage\":\"fr-FR\",\"potentialAction\":[{\"@type\":\"ReadAction\",\"target\":[\"https:\\\/\\\/shop.bantam.ch\\\/fr\\\/produit\\\/tablier-de-sol-bache-h60cm-l700m-t-peigne-sb-emballe-couleur-gris-clair\\\/\"]}]},{\"@type\":\"ImageObject\",\"inLanguage\":\"fr-FR\",\"@id\":\"https:\\\/\\\/shop.bantam.ch\\\/fr\\\/produit\\\/tablier-de-sol-bache-h60cm-l700m-t-peigne-sb-emballe-couleur-gris-clair\\\/#primaryimage\",\"url\":\"https:\\\/\\\/shop.bantam.ch\\\/wp-content\\\/uploads\\\/2026\\\/05\\\/Movera-L-9958906100.png\",\"contentUrl\":\"https:\\\/\\\/shop.bantam.ch\\\/wp-content\\\/uploads\\\/2026\\\/05\\\/Movera-L-9958906100.png\",\"width\":640,\"height\":336},{\"@type\":\"BreadcrumbList\",\"@id\":\"https:\\\/\\\/shop.bantam.ch\\\/fr\\\/produit\\\/tablier-de-sol-bache-h60cm-l700m-t-peigne-sb-emballe-couleur-gris-clair\\\/#breadcrumb\",\"itemListElement\":[{\"@type\":\"ListItem\",\"position\":1,\"name\":\"Accueil\",\"item\":\"https:\\\/\\\/shop.bantam.ch\\\/fr\\\/\"},{\"@type\":\"ListItem\",\"position\":2,\"name\":\"Boutique\",\"item\":\"https:\\\/\\\/shop.bantam.ch\\\/fr\\\/boutique\\\/\"},{\"@type\":\"ListItem\",\"position\":3,\"name\":\"Tablier de sol B\u00e2che H60cm L7,00m T-peigne SB emball\u00e9 couleur gris clair\"}]},{\"@type\":\"WebSite\",\"@id\":\"https:\\\/\\\/shop.bantam.ch\\\/fr\\\/#website\",\"url\":\"https:\\\/\\\/shop.bantam.ch\\\/fr\\\/\",\"name\":\"Bantam\",\"description\":\"\",\"publisher\":{\"@id\":\"https:\\\/\\\/shop.bantam.ch\\\/fr\\\/#organization\"},\"inLanguage\":\"fr-FR\"},{\"@type\":\"Organization\",\"@id\":\"https:\\\/\\\/shop.bantam.ch\\\/fr\\\/#organization\",\"name\":\"Bantam\",\"url\":\"https:\\\/\\\/shop.bantam.ch\\\/fr\\\/\",\"logo\":{\"@type\":\"ImageObject\",\"inLanguage\":\"fr-FR\",\"@id\":\"https:\\\/\\\/shop.bantam.ch\\\/fr\\\/#\\\/schema\\\/logo\\\/image\\\/\",\"url\":\"https:\\\/\\\/shop.bantam.ch\\\/wp-content\\\/uploads\\\/2022\\\/12\\\/bantam-logo.png\",\"contentUrl\":\"https:\\\/\\\/shop.bantam.ch\\\/wp-content\\\/uploads\\\/2022\\\/12\\\/bantam-logo.png\",\"width\":320,\"height\":71,\"caption\":\"Bantam\"},\"image\":{\"@id\":\"https:\\\/\\\/shop.bantam.ch\\\/fr\\\/#\\\/schema\\\/logo\\\/image\\\/\"}}]}<\/script>\n<!-- \/ Yoast SEO plugin. -->","yoast_head_json":{"title":"Tablier de sol B\u00e2che H60cm L7,00m T-peigne SB emball\u00e9 couleur gris clair - Bantam","robots":{"index":"index","follow":"follow","max-snippet":"max-snippet:-1","max-image-preview":"max-image-preview:large","max-video-preview":"max-video-preview:-1"},"canonical":"https:\/\/shop.bantam.ch\/fr\/produit\/tablier-de-sol-bache-h60cm-l700m-t-peigne-sb-emballe-couleur-gris-clair\/","og_locale":"fr_FR","og_type":"article","og_title":"Tablier de sol B\u00e2che H60cm L7,00m T-peigne SB emball\u00e9 couleur gris clair - Bantam","og_description":"Avec ou sans auvent, le tablier de sol HINDERMANN est une protection bienvenue contre les courants d&rsquo;air sur la place assise devant la caravane et bloque les vents d\u00e9sagr\u00e9ables. Id\u00e9al \u00e9galement pour un montage durable gr\u00e2ce au bourrelet et aux \u0153illets de fixation au sol. En mat\u00e9riau de b\u00e2che r\u00e9sistant \u00e0 l&rsquo;hiver et renforc\u00e9 par [&hellip;]","og_url":"https:\/\/shop.bantam.ch\/fr\/produit\/tablier-de-sol-bache-h60cm-l700m-t-peigne-sb-emballe-couleur-gris-clair\/","og_site_name":"Bantam","article_modified_time":"2026-05-09T22:11:14+00:00","og_image":[{"width":640,"height":336,"url":"https:\/\/shop.bantam.ch\/wp-content\/uploads\/2026\/05\/Movera-L-9958906100.png","type":"image\/png"}],"twitter_card":"summary_large_image","twitter_misc":{"Dur\u00e9e de lecture estim\u00e9e":"1 minute"},"schema":{"@context":"https:\/\/schema.org","@graph":[{"@type":"WebPage","@id":"https:\/\/shop.bantam.ch\/fr\/produit\/tablier-de-sol-bache-h60cm-l700m-t-peigne-sb-emballe-couleur-gris-clair\/","url":"https:\/\/shop.bantam.ch\/fr\/produit\/tablier-de-sol-bache-h60cm-l700m-t-peigne-sb-emballe-couleur-gris-clair\/","name":"Tablier de sol B\u00e2che H60cm L7,00m T-peigne SB emball\u00e9 couleur gris clair - Bantam","isPartOf":{"@id":"https:\/\/shop.bantam.ch\/fr\/#website"},"primaryImageOfPage":{"@id":"https:\/\/shop.bantam.ch\/fr\/produit\/tablier-de-sol-bache-h60cm-l700m-t-peigne-sb-emballe-couleur-gris-clair\/#primaryimage"},"image":{"@id":"https:\/\/shop.bantam.ch\/fr\/produit\/tablier-de-sol-bache-h60cm-l700m-t-peigne-sb-emballe-couleur-gris-clair\/#primaryimage"},"thumbnailUrl":"https:\/\/shop.bantam.ch\/wp-content\/uploads\/2026\/05\/Movera-L-9958906100.png","datePublished":"2026-05-08T09:51:25+00:00","dateModified":"2026-05-09T22:11:14+00:00","breadcrumb":{"@id":"https:\/\/shop.bantam.ch\/fr\/produit\/tablier-de-sol-bache-h60cm-l700m-t-peigne-sb-emballe-couleur-gris-clair\/#breadcrumb"},"inLanguage":"fr-FR","potentialAction":[{"@type":"ReadAction","target":["https:\/\/shop.bantam.ch\/fr\/produit\/tablier-de-sol-bache-h60cm-l700m-t-peigne-sb-emballe-couleur-gris-clair\/"]}]},{"@type":"ImageObject","inLanguage":"fr-FR","@id":"https:\/\/shop.bantam.ch\/fr\/produit\/tablier-de-sol-bache-h60cm-l700m-t-peigne-sb-emballe-couleur-gris-clair\/#primaryimage","url":"https:\/\/shop.bantam.ch\/wp-content\/uploads\/2026\/05\/Movera-L-9958906100.png","contentUrl":"https:\/\/shop.bantam.ch\/wp-content\/uploads\/2026\/05\/Movera-L-9958906100.png","width":640,"height":336},{"@type":"BreadcrumbList","@id":"https:\/\/shop.bantam.ch\/fr\/produit\/tablier-de-sol-bache-h60cm-l700m-t-peigne-sb-emballe-couleur-gris-clair\/#breadcrumb","itemListElement":[{"@type":"ListItem","position":1,"name":"Accueil","item":"https:\/\/shop.bantam.ch\/fr\/"},{"@type":"ListItem","position":2,"name":"Boutique","item":"https:\/\/shop.bantam.ch\/fr\/boutique\/"},{"@type":"ListItem","position":3,"name":"Tablier de sol B\u00e2che H60cm L7,00m T-peigne SB emball\u00e9 couleur gris clair"}]},{"@type":"WebSite","@id":"https:\/\/shop.bantam.ch\/fr\/#website","url":"https:\/\/shop.bantam.ch\/fr\/","name":"Bantam","description":"","publisher":{"@id":"https:\/\/shop.bantam.ch\/fr\/#organization"},"inLanguage":"fr-FR"},{"@type":"Organization","@id":"https:\/\/shop.bantam.ch\/fr\/#organization","name":"Bantam","url":"https:\/\/shop.bantam.ch\/fr\/","logo":{"@type":"ImageObject","inLanguage":"fr-FR","@id":"https:\/\/shop.bantam.ch\/fr\/#\/schema\/logo\/image\/","url":"https:\/\/shop.bantam.ch\/wp-content\/uploads\/2022\/12\/bantam-logo.png","contentUrl":"https:\/\/shop.bantam.ch\/wp-content\/uploads\/2022\/12\/bantam-logo.png","width":320,"height":71,"caption":"Bantam"},"image":{"@id":"https:\/\/shop.bantam.ch\/fr\/#\/schema\/logo\/image\/"}}]}},"_links":{"self":[{"href":"https:\/\/shop.bantam.ch\/fr\/wp-json\/wp\/v2\/product\/238226","targetHints":{"allow":["GET"]}}],"collection":[{"href":"https:\/\/shop.bantam.ch\/fr\/wp-json\/wp\/v2\/product"}],"about":[{"href":"https:\/\/shop.bantam.ch\/fr\/wp-json\/wp\/v2\/types\/product"}],"wp:featuredmedia":[{"embeddable":true,"href":"https:\/\/shop.bantam.ch\/fr\/wp-json\/wp\/v2\/media\/238220"}],"wp:attachment":[{"href":"https:\/\/shop.bantam.ch\/fr\/wp-json\/wp\/v2\/media?parent=238226"}],"wp:term":[{"taxonomy":"product_featured_cat","embeddable":true,"href":"https:\/\/shop.bantam.ch\/fr\/wp-json\/wp\/v2\/product_featured_cat?post=238226"},{"taxonomy":"product_brand","embeddable":true,"href":"https:\/\/shop.bantam.ch\/fr\/wp-json\/wp\/v2\/product_brand?post=238226"},{"taxonomy":"product_cat","embeddable":true,"href":"https:\/\/shop.bantam.ch\/fr\/wp-json\/wp\/v2\/product_cat?post=238226"},{"taxonomy":"product_tag","embeddable":true,"href":"https:\/\/shop.bantam.ch\/fr\/wp-json\/wp\/v2\/product_tag?post=238226"}],"curies":[{"name":"wp","href":"https:\/\/api.w.org\/{rel}","templated":true}]}}