{"id":238176,"date":"2026-05-08T11:39:23","date_gmt":"2026-05-08T09:39:23","guid":{"rendered":"https:\/\/shop.bantam.ch\/produit\/cable-adaptateur-schuko-fiche-cee-coupleur-3x25mm%c2%b2-3m\/"},"modified":"2026-05-11T00:08:55","modified_gmt":"2026-05-10T22:08:55","slug":"cable-adaptateur-schuko-fiche-cee-coupleur-3x25mm%c2%b2-3m","status":"publish","type":"product","link":"https:\/\/shop.bantam.ch\/fr\/produit\/cable-adaptateur-schuko-fiche-cee-coupleur-3x25mm%c2%b2-3m\/","title":{"rendered":"C\u00e2ble adaptateur Schuko-fiche\/CEE-coupleur 3&#215;2,5mm\u00b2, 3m"},"content":{"rendered":"<p>C\u00e2ble en caoutchouc robuste H07RN-F 3G2,5 mm\u00b2 adapt\u00e9 \u00e0 une utilisation professionnelle sur les chantiers, dans les ateliers et \u00e0 l&rsquo;ext\u00e9rieur r\u00e9sistant, m\u00e9caniquement r\u00e9sistant et flexible, m\u00eame \u00e0 basse temp\u00e9rature con\u00e7u pour le courant alternatif 230 V<br \/>\nRemarques : Si la rallonge est endommag\u00e9e, la mettre imm\u00e9diatement hors tension. Les travaux d&rsquo;entretien doivent \u00eatre effectu\u00e9s hors tension et exclusivement par un personnel sp\u00e9cialis\u00e9 autoris\u00e9. Le fabricant d\u00e9cline toute responsabilit\u00e9 en cas de dommages dus \u00e0 une utilisation non conforme. Recycler les rallonges, les accessoires et l&#8217;emballage dans le respect de l&rsquo;environnement. Ne pas les jeter avec les ordures m\u00e9nag\u00e8res. Conform\u00e9ment \u00e0 la loi allemande sur les \u00e9quipements \u00e9lectriques et \u00e9lectroniques (ElektroG), les rallonges qui ne sont plus utilisables doivent \u00eatre collect\u00e9es s\u00e9par\u00e9ment et recycl\u00e9es dans le respect de l&rsquo;environnement.<\/p>\n","protected":false},"excerpt":{"rendered":"<p>C\u00e2ble en caoutchouc robuste H07RN-F 3G2,5 mm\u00b2 adapt\u00e9 \u00e0 une utilisation professionnelle sur les chantiers, dans les ateliers et \u00e0 l&rsquo;ext\u00e9rieur r\u00e9sistant, m\u00e9caniquement r\u00e9sistant et flexible, m\u00eame \u00e0 basse temp\u00e9rature con\u00e7u pour le courant alternatif 230 V Remarques : Si la rallonge est endommag\u00e9e, la mettre imm\u00e9diatement hors tension. Les travaux d&rsquo;entretien doivent \u00eatre effectu\u00e9s [&hellip;]<\/p>\n","protected":false},"featured_media":238174,"template":"","meta":{"_acf_changed":false},"product_featured_cat":[],"product_brand":[5203],"product_cat":[4205],"product_tag":[],"class_list":{"0":"post-238176","1":"product","2":"type-product","3":"status-publish","4":"has-post-thumbnail","6":"product_brand-schuko","7":"product_cat-pieces-de-rechange-technique-electrique","9":"first","10":"instock","11":"taxable","12":"shipping-taxable","13":"purchasable","14":"product-type-simple"},"acf":[],"yoast_head":"<!-- This site is optimized with the Yoast SEO plugin v27.5 - https:\/\/yoast.com\/product\/yoast-seo-wordpress\/ -->\n<title>C\u00e2ble adaptateur Schuko-fiche\/CEE-coupleur 3x2,5mm\u00b2, 3m - Bantam<\/title>\n<meta name=\"robots\" content=\"index, follow, max-snippet:-1, max-image-preview:large, max-video-preview:-1\" \/>\n<link rel=\"canonical\" href=\"https:\/\/shop.bantam.ch\/fr\/produit\/cable-adaptateur-schuko-fiche-cee-coupleur-3x25mm%c2%b2-3m\/\" \/>\n<meta property=\"og:locale\" content=\"fr_FR\" \/>\n<meta property=\"og:type\" content=\"article\" \/>\n<meta property=\"og:title\" content=\"C\u00e2ble adaptateur Schuko-fiche\/CEE-coupleur 3x2,5mm\u00b2, 3m - Bantam\" \/>\n<meta property=\"og:description\" content=\"C\u00e2ble en caoutchouc robuste H07RN-F 3G2,5 mm\u00b2 adapt\u00e9 \u00e0 une utilisation professionnelle sur les chantiers, dans les ateliers et \u00e0 l&rsquo;ext\u00e9rieur r\u00e9sistant, m\u00e9caniquement r\u00e9sistant et flexible, m\u00eame \u00e0 basse temp\u00e9rature con\u00e7u pour le courant alternatif 230 V Remarques : Si la rallonge est endommag\u00e9e, la mettre imm\u00e9diatement hors tension. Les travaux d&rsquo;entretien doivent \u00eatre effectu\u00e9s [&hellip;]\" \/>\n<meta property=\"og:url\" content=\"https:\/\/shop.bantam.ch\/fr\/produit\/cable-adaptateur-schuko-fiche-cee-coupleur-3x25mm%c2%b2-3m\/\" \/>\n<meta property=\"og:site_name\" content=\"Bantam\" \/>\n<meta property=\"article:modified_time\" content=\"2026-05-10T22:08:55+00:00\" \/>\n<meta property=\"og:image\" content=\"https:\/\/shop.bantam.ch\/wp-content\/uploads\/2026\/05\/Movera-L-9958816100.jpg\" \/>\n\t<meta property=\"og:image:width\" content=\"525\" \/>\n\t<meta property=\"og:image:height\" content=\"525\" \/>\n\t<meta property=\"og:image:type\" content=\"image\/jpeg\" \/>\n<meta name=\"twitter:card\" content=\"summary_large_image\" \/>\n<meta name=\"twitter:label1\" content=\"Dur\u00e9e de lecture estim\u00e9e\" \/>\n\t<meta name=\"twitter:data1\" content=\"1 minute\" \/>\n<script type=\"application\/ld+json\" class=\"yoast-schema-graph\">{\"@context\":\"https:\\\/\\\/schema.org\",\"@graph\":[{\"@type\":\"WebPage\",\"@id\":\"https:\\\/\\\/shop.bantam.ch\\\/fr\\\/produit\\\/cable-adaptateur-schuko-fiche-cee-coupleur-3x25mm%c2%b2-3m\\\/\",\"url\":\"https:\\\/\\\/shop.bantam.ch\\\/fr\\\/produit\\\/cable-adaptateur-schuko-fiche-cee-coupleur-3x25mm%c2%b2-3m\\\/\",\"name\":\"C\u00e2ble adaptateur Schuko-fiche\\\/CEE-coupleur 3x2,5mm\u00b2, 3m - Bantam\",\"isPartOf\":{\"@id\":\"https:\\\/\\\/shop.bantam.ch\\\/fr\\\/#website\"},\"primaryImageOfPage\":{\"@id\":\"https:\\\/\\\/shop.bantam.ch\\\/fr\\\/produit\\\/cable-adaptateur-schuko-fiche-cee-coupleur-3x25mm%c2%b2-3m\\\/#primaryimage\"},\"image\":{\"@id\":\"https:\\\/\\\/shop.bantam.ch\\\/fr\\\/produit\\\/cable-adaptateur-schuko-fiche-cee-coupleur-3x25mm%c2%b2-3m\\\/#primaryimage\"},\"thumbnailUrl\":\"https:\\\/\\\/shop.bantam.ch\\\/wp-content\\\/uploads\\\/2026\\\/05\\\/Movera-L-9958816100.jpg\",\"datePublished\":\"2026-05-08T09:39:23+00:00\",\"dateModified\":\"2026-05-10T22:08:55+00:00\",\"breadcrumb\":{\"@id\":\"https:\\\/\\\/shop.bantam.ch\\\/fr\\\/produit\\\/cable-adaptateur-schuko-fiche-cee-coupleur-3x25mm%c2%b2-3m\\\/#breadcrumb\"},\"inLanguage\":\"fr-FR\",\"potentialAction\":[{\"@type\":\"ReadAction\",\"target\":[\"https:\\\/\\\/shop.bantam.ch\\\/fr\\\/produit\\\/cable-adaptateur-schuko-fiche-cee-coupleur-3x25mm%c2%b2-3m\\\/\"]}]},{\"@type\":\"ImageObject\",\"inLanguage\":\"fr-FR\",\"@id\":\"https:\\\/\\\/shop.bantam.ch\\\/fr\\\/produit\\\/cable-adaptateur-schuko-fiche-cee-coupleur-3x25mm%c2%b2-3m\\\/#primaryimage\",\"url\":\"https:\\\/\\\/shop.bantam.ch\\\/wp-content\\\/uploads\\\/2026\\\/05\\\/Movera-L-9958816100.jpg\",\"contentUrl\":\"https:\\\/\\\/shop.bantam.ch\\\/wp-content\\\/uploads\\\/2026\\\/05\\\/Movera-L-9958816100.jpg\",\"width\":525,\"height\":525},{\"@type\":\"BreadcrumbList\",\"@id\":\"https:\\\/\\\/shop.bantam.ch\\\/fr\\\/produit\\\/cable-adaptateur-schuko-fiche-cee-coupleur-3x25mm%c2%b2-3m\\\/#breadcrumb\",\"itemListElement\":[{\"@type\":\"ListItem\",\"position\":1,\"name\":\"Accueil\",\"item\":\"https:\\\/\\\/shop.bantam.ch\\\/fr\\\/\"},{\"@type\":\"ListItem\",\"position\":2,\"name\":\"Boutique\",\"item\":\"https:\\\/\\\/shop.bantam.ch\\\/fr\\\/boutique\\\/\"},{\"@type\":\"ListItem\",\"position\":3,\"name\":\"C\u00e2ble adaptateur Schuko-fiche\\\/CEE-coupleur 3&#215;2,5mm\u00b2, 3m\"}]},{\"@type\":\"WebSite\",\"@id\":\"https:\\\/\\\/shop.bantam.ch\\\/fr\\\/#website\",\"url\":\"https:\\\/\\\/shop.bantam.ch\\\/fr\\\/\",\"name\":\"Bantam\",\"description\":\"\",\"publisher\":{\"@id\":\"https:\\\/\\\/shop.bantam.ch\\\/fr\\\/#organization\"},\"inLanguage\":\"fr-FR\"},{\"@type\":\"Organization\",\"@id\":\"https:\\\/\\\/shop.bantam.ch\\\/fr\\\/#organization\",\"name\":\"Bantam\",\"url\":\"https:\\\/\\\/shop.bantam.ch\\\/fr\\\/\",\"logo\":{\"@type\":\"ImageObject\",\"inLanguage\":\"fr-FR\",\"@id\":\"https:\\\/\\\/shop.bantam.ch\\\/fr\\\/#\\\/schema\\\/logo\\\/image\\\/\",\"url\":\"https:\\\/\\\/shop.bantam.ch\\\/wp-content\\\/uploads\\\/2022\\\/12\\\/bantam-logo.png\",\"contentUrl\":\"https:\\\/\\\/shop.bantam.ch\\\/wp-content\\\/uploads\\\/2022\\\/12\\\/bantam-logo.png\",\"width\":320,\"height\":71,\"caption\":\"Bantam\"},\"image\":{\"@id\":\"https:\\\/\\\/shop.bantam.ch\\\/fr\\\/#\\\/schema\\\/logo\\\/image\\\/\"}}]}<\/script>\n<!-- \/ Yoast SEO plugin. -->","yoast_head_json":{"title":"C\u00e2ble adaptateur Schuko-fiche\/CEE-coupleur 3x2,5mm\u00b2, 3m - Bantam","robots":{"index":"index","follow":"follow","max-snippet":"max-snippet:-1","max-image-preview":"max-image-preview:large","max-video-preview":"max-video-preview:-1"},"canonical":"https:\/\/shop.bantam.ch\/fr\/produit\/cable-adaptateur-schuko-fiche-cee-coupleur-3x25mm%c2%b2-3m\/","og_locale":"fr_FR","og_type":"article","og_title":"C\u00e2ble adaptateur Schuko-fiche\/CEE-coupleur 3x2,5mm\u00b2, 3m - Bantam","og_description":"C\u00e2ble en caoutchouc robuste H07RN-F 3G2,5 mm\u00b2 adapt\u00e9 \u00e0 une utilisation professionnelle sur les chantiers, dans les ateliers et \u00e0 l&rsquo;ext\u00e9rieur r\u00e9sistant, m\u00e9caniquement r\u00e9sistant et flexible, m\u00eame \u00e0 basse temp\u00e9rature con\u00e7u pour le courant alternatif 230 V Remarques : Si la rallonge est endommag\u00e9e, la mettre imm\u00e9diatement hors tension. Les travaux d&rsquo;entretien doivent \u00eatre effectu\u00e9s [&hellip;]","og_url":"https:\/\/shop.bantam.ch\/fr\/produit\/cable-adaptateur-schuko-fiche-cee-coupleur-3x25mm%c2%b2-3m\/","og_site_name":"Bantam","article_modified_time":"2026-05-10T22:08:55+00:00","og_image":[{"width":525,"height":525,"url":"https:\/\/shop.bantam.ch\/wp-content\/uploads\/2026\/05\/Movera-L-9958816100.jpg","type":"image\/jpeg"}],"twitter_card":"summary_large_image","twitter_misc":{"Dur\u00e9e de lecture estim\u00e9e":"1 minute"},"schema":{"@context":"https:\/\/schema.org","@graph":[{"@type":"WebPage","@id":"https:\/\/shop.bantam.ch\/fr\/produit\/cable-adaptateur-schuko-fiche-cee-coupleur-3x25mm%c2%b2-3m\/","url":"https:\/\/shop.bantam.ch\/fr\/produit\/cable-adaptateur-schuko-fiche-cee-coupleur-3x25mm%c2%b2-3m\/","name":"C\u00e2ble adaptateur Schuko-fiche\/CEE-coupleur 3x2,5mm\u00b2, 3m - Bantam","isPartOf":{"@id":"https:\/\/shop.bantam.ch\/fr\/#website"},"primaryImageOfPage":{"@id":"https:\/\/shop.bantam.ch\/fr\/produit\/cable-adaptateur-schuko-fiche-cee-coupleur-3x25mm%c2%b2-3m\/#primaryimage"},"image":{"@id":"https:\/\/shop.bantam.ch\/fr\/produit\/cable-adaptateur-schuko-fiche-cee-coupleur-3x25mm%c2%b2-3m\/#primaryimage"},"thumbnailUrl":"https:\/\/shop.bantam.ch\/wp-content\/uploads\/2026\/05\/Movera-L-9958816100.jpg","datePublished":"2026-05-08T09:39:23+00:00","dateModified":"2026-05-10T22:08:55+00:00","breadcrumb":{"@id":"https:\/\/shop.bantam.ch\/fr\/produit\/cable-adaptateur-schuko-fiche-cee-coupleur-3x25mm%c2%b2-3m\/#breadcrumb"},"inLanguage":"fr-FR","potentialAction":[{"@type":"ReadAction","target":["https:\/\/shop.bantam.ch\/fr\/produit\/cable-adaptateur-schuko-fiche-cee-coupleur-3x25mm%c2%b2-3m\/"]}]},{"@type":"ImageObject","inLanguage":"fr-FR","@id":"https:\/\/shop.bantam.ch\/fr\/produit\/cable-adaptateur-schuko-fiche-cee-coupleur-3x25mm%c2%b2-3m\/#primaryimage","url":"https:\/\/shop.bantam.ch\/wp-content\/uploads\/2026\/05\/Movera-L-9958816100.jpg","contentUrl":"https:\/\/shop.bantam.ch\/wp-content\/uploads\/2026\/05\/Movera-L-9958816100.jpg","width":525,"height":525},{"@type":"BreadcrumbList","@id":"https:\/\/shop.bantam.ch\/fr\/produit\/cable-adaptateur-schuko-fiche-cee-coupleur-3x25mm%c2%b2-3m\/#breadcrumb","itemListElement":[{"@type":"ListItem","position":1,"name":"Accueil","item":"https:\/\/shop.bantam.ch\/fr\/"},{"@type":"ListItem","position":2,"name":"Boutique","item":"https:\/\/shop.bantam.ch\/fr\/boutique\/"},{"@type":"ListItem","position":3,"name":"C\u00e2ble adaptateur Schuko-fiche\/CEE-coupleur 3&#215;2,5mm\u00b2, 3m"}]},{"@type":"WebSite","@id":"https:\/\/shop.bantam.ch\/fr\/#website","url":"https:\/\/shop.bantam.ch\/fr\/","name":"Bantam","description":"","publisher":{"@id":"https:\/\/shop.bantam.ch\/fr\/#organization"},"inLanguage":"fr-FR"},{"@type":"Organization","@id":"https:\/\/shop.bantam.ch\/fr\/#organization","name":"Bantam","url":"https:\/\/shop.bantam.ch\/fr\/","logo":{"@type":"ImageObject","inLanguage":"fr-FR","@id":"https:\/\/shop.bantam.ch\/fr\/#\/schema\/logo\/image\/","url":"https:\/\/shop.bantam.ch\/wp-content\/uploads\/2022\/12\/bantam-logo.png","contentUrl":"https:\/\/shop.bantam.ch\/wp-content\/uploads\/2022\/12\/bantam-logo.png","width":320,"height":71,"caption":"Bantam"},"image":{"@id":"https:\/\/shop.bantam.ch\/fr\/#\/schema\/logo\/image\/"}}]}},"_links":{"self":[{"href":"https:\/\/shop.bantam.ch\/fr\/wp-json\/wp\/v2\/product\/238176","targetHints":{"allow":["GET"]}}],"collection":[{"href":"https:\/\/shop.bantam.ch\/fr\/wp-json\/wp\/v2\/product"}],"about":[{"href":"https:\/\/shop.bantam.ch\/fr\/wp-json\/wp\/v2\/types\/product"}],"wp:featuredmedia":[{"embeddable":true,"href":"https:\/\/shop.bantam.ch\/fr\/wp-json\/wp\/v2\/media\/238174"}],"wp:attachment":[{"href":"https:\/\/shop.bantam.ch\/fr\/wp-json\/wp\/v2\/media?parent=238176"}],"wp:term":[{"taxonomy":"product_featured_cat","embeddable":true,"href":"https:\/\/shop.bantam.ch\/fr\/wp-json\/wp\/v2\/product_featured_cat?post=238176"},{"taxonomy":"product_brand","embeddable":true,"href":"https:\/\/shop.bantam.ch\/fr\/wp-json\/wp\/v2\/product_brand?post=238176"},{"taxonomy":"product_cat","embeddable":true,"href":"https:\/\/shop.bantam.ch\/fr\/wp-json\/wp\/v2\/product_cat?post=238176"},{"taxonomy":"product_tag","embeddable":true,"href":"https:\/\/shop.bantam.ch\/fr\/wp-json\/wp\/v2\/product_tag?post=238176"}],"curies":[{"name":"wp","href":"https:\/\/api.w.org\/{rel}","templated":true}]}}