{"id":238082,"date":"2026-05-08T11:11:47","date_gmt":"2026-05-08T09:11:47","guid":{"rendered":"https:\/\/shop.bantam.ch\/produit\/telecommande-magic-remote-pour-webos-tv\/"},"modified":"2026-05-12T00:06:48","modified_gmt":"2026-05-11T22:06:48","slug":"telecommande-magic-remote-pour-webos-tv","status":"publish","type":"product","link":"https:\/\/shop.bantam.ch\/fr\/produit\/telecommande-magic-remote-pour-webos-tv\/","title":{"rendered":"T\u00e9l\u00e9commande Magic Remote pour WEBOS TV"},"content":{"rendered":"<p>D\u00e9filement, pointage, gestuelle &#8211; la t\u00e9l\u00e9commande intelligente Magic Remote comprend ce que vous voulez. Outre la commande vocale, les gestes, la molette de d\u00e9filement pratique, les fl\u00e8ches de navigation classiques ou la fonction de pointage innovante vous am\u00e8nent toujours exactement l\u00e0 o\u00f9 vous voulez aller. Et tout cela par radio, pour que vous n&rsquo;ayez plus besoin de viser. Profitez d&rsquo;une flexibilit\u00e9 maximale.<\/p>\n","protected":false},"excerpt":{"rendered":"<p>D\u00e9filement, pointage, gestuelle &#8211; la t\u00e9l\u00e9commande intelligente Magic Remote comprend ce que vous voulez. Outre la commande vocale, les gestes, la molette de d\u00e9filement pratique, les fl\u00e8ches de navigation classiques ou la fonction de pointage innovante vous am\u00e8nent toujours exactement l\u00e0 o\u00f9 vous voulez aller. Et tout cela par radio, pour que vous n&rsquo;ayez plus [&hellip;]<\/p>\n","protected":false},"featured_media":238080,"template":"","meta":{"_acf_changed":false},"product_featured_cat":[],"product_brand":[3070],"product_cat":[4991],"product_tag":[],"class_list":{"0":"post-238082","1":"product","2":"type-product","3":"status-publish","4":"has-post-thumbnail","6":"product_brand-caratec","7":"product_cat-autres-accessoires-pour-televiseurs","9":"first","10":"instock","11":"taxable","12":"shipping-taxable","13":"purchasable","14":"product-type-simple"},"acf":[],"yoast_head":"<!-- This site is optimized with the Yoast SEO plugin v27.5 - https:\/\/yoast.com\/product\/yoast-seo-wordpress\/ -->\n<title>T\u00e9l\u00e9commande Magic Remote pour WEBOS TV - Bantam<\/title>\n<meta name=\"robots\" content=\"index, follow, max-snippet:-1, max-image-preview:large, max-video-preview:-1\" \/>\n<link rel=\"canonical\" href=\"https:\/\/shop.bantam.ch\/fr\/produit\/telecommande-magic-remote-pour-webos-tv\/\" \/>\n<meta property=\"og:locale\" content=\"fr_FR\" \/>\n<meta property=\"og:type\" content=\"article\" \/>\n<meta property=\"og:title\" content=\"T\u00e9l\u00e9commande Magic Remote pour WEBOS TV - Bantam\" \/>\n<meta property=\"og:description\" content=\"D\u00e9filement, pointage, gestuelle &#8211; la t\u00e9l\u00e9commande intelligente Magic Remote comprend ce que vous voulez. Outre la commande vocale, les gestes, la molette de d\u00e9filement pratique, les fl\u00e8ches de navigation classiques ou la fonction de pointage innovante vous am\u00e8nent toujours exactement l\u00e0 o\u00f9 vous voulez aller. Et tout cela par radio, pour que vous n&rsquo;ayez plus [&hellip;]\" \/>\n<meta property=\"og:url\" content=\"https:\/\/shop.bantam.ch\/fr\/produit\/telecommande-magic-remote-pour-webos-tv\/\" \/>\n<meta property=\"og:site_name\" content=\"Bantam\" \/>\n<meta property=\"article:modified_time\" content=\"2026-05-11T22:06:48+00:00\" \/>\n<meta property=\"og:image\" content=\"https:\/\/shop.bantam.ch\/wp-content\/uploads\/2026\/05\/Movera-L-9958717100.jpg\" \/>\n\t<meta property=\"og:image:width\" content=\"409\" \/>\n\t<meta property=\"og:image:height\" content=\"494\" \/>\n\t<meta property=\"og:image:type\" content=\"image\/jpeg\" \/>\n<meta name=\"twitter:card\" content=\"summary_large_image\" \/>\n<script type=\"application\/ld+json\" class=\"yoast-schema-graph\">{\"@context\":\"https:\\\/\\\/schema.org\",\"@graph\":[{\"@type\":\"WebPage\",\"@id\":\"https:\\\/\\\/shop.bantam.ch\\\/fr\\\/produit\\\/telecommande-magic-remote-pour-webos-tv\\\/\",\"url\":\"https:\\\/\\\/shop.bantam.ch\\\/fr\\\/produit\\\/telecommande-magic-remote-pour-webos-tv\\\/\",\"name\":\"T\u00e9l\u00e9commande Magic Remote pour WEBOS TV - Bantam\",\"isPartOf\":{\"@id\":\"https:\\\/\\\/shop.bantam.ch\\\/fr\\\/#website\"},\"primaryImageOfPage\":{\"@id\":\"https:\\\/\\\/shop.bantam.ch\\\/fr\\\/produit\\\/telecommande-magic-remote-pour-webos-tv\\\/#primaryimage\"},\"image\":{\"@id\":\"https:\\\/\\\/shop.bantam.ch\\\/fr\\\/produit\\\/telecommande-magic-remote-pour-webos-tv\\\/#primaryimage\"},\"thumbnailUrl\":\"https:\\\/\\\/shop.bantam.ch\\\/wp-content\\\/uploads\\\/2026\\\/05\\\/Movera-L-9958717100.jpg\",\"datePublished\":\"2026-05-08T09:11:47+00:00\",\"dateModified\":\"2026-05-11T22:06:48+00:00\",\"breadcrumb\":{\"@id\":\"https:\\\/\\\/shop.bantam.ch\\\/fr\\\/produit\\\/telecommande-magic-remote-pour-webos-tv\\\/#breadcrumb\"},\"inLanguage\":\"fr-FR\",\"potentialAction\":[{\"@type\":\"ReadAction\",\"target\":[\"https:\\\/\\\/shop.bantam.ch\\\/fr\\\/produit\\\/telecommande-magic-remote-pour-webos-tv\\\/\"]}]},{\"@type\":\"ImageObject\",\"inLanguage\":\"fr-FR\",\"@id\":\"https:\\\/\\\/shop.bantam.ch\\\/fr\\\/produit\\\/telecommande-magic-remote-pour-webos-tv\\\/#primaryimage\",\"url\":\"https:\\\/\\\/shop.bantam.ch\\\/wp-content\\\/uploads\\\/2026\\\/05\\\/Movera-L-9958717100.jpg\",\"contentUrl\":\"https:\\\/\\\/shop.bantam.ch\\\/wp-content\\\/uploads\\\/2026\\\/05\\\/Movera-L-9958717100.jpg\",\"width\":409,\"height\":494},{\"@type\":\"BreadcrumbList\",\"@id\":\"https:\\\/\\\/shop.bantam.ch\\\/fr\\\/produit\\\/telecommande-magic-remote-pour-webos-tv\\\/#breadcrumb\",\"itemListElement\":[{\"@type\":\"ListItem\",\"position\":1,\"name\":\"Accueil\",\"item\":\"https:\\\/\\\/shop.bantam.ch\\\/fr\\\/\"},{\"@type\":\"ListItem\",\"position\":2,\"name\":\"Boutique\",\"item\":\"https:\\\/\\\/shop.bantam.ch\\\/fr\\\/boutique\\\/\"},{\"@type\":\"ListItem\",\"position\":3,\"name\":\"T\u00e9l\u00e9commande Magic Remote pour WEBOS TV\"}]},{\"@type\":\"WebSite\",\"@id\":\"https:\\\/\\\/shop.bantam.ch\\\/fr\\\/#website\",\"url\":\"https:\\\/\\\/shop.bantam.ch\\\/fr\\\/\",\"name\":\"Bantam\",\"description\":\"\",\"publisher\":{\"@id\":\"https:\\\/\\\/shop.bantam.ch\\\/fr\\\/#organization\"},\"inLanguage\":\"fr-FR\"},{\"@type\":\"Organization\",\"@id\":\"https:\\\/\\\/shop.bantam.ch\\\/fr\\\/#organization\",\"name\":\"Bantam\",\"url\":\"https:\\\/\\\/shop.bantam.ch\\\/fr\\\/\",\"logo\":{\"@type\":\"ImageObject\",\"inLanguage\":\"fr-FR\",\"@id\":\"https:\\\/\\\/shop.bantam.ch\\\/fr\\\/#\\\/schema\\\/logo\\\/image\\\/\",\"url\":\"https:\\\/\\\/shop.bantam.ch\\\/wp-content\\\/uploads\\\/2022\\\/12\\\/bantam-logo.png\",\"contentUrl\":\"https:\\\/\\\/shop.bantam.ch\\\/wp-content\\\/uploads\\\/2022\\\/12\\\/bantam-logo.png\",\"width\":320,\"height\":71,\"caption\":\"Bantam\"},\"image\":{\"@id\":\"https:\\\/\\\/shop.bantam.ch\\\/fr\\\/#\\\/schema\\\/logo\\\/image\\\/\"}}]}<\/script>\n<!-- \/ Yoast SEO plugin. -->","yoast_head_json":{"title":"T\u00e9l\u00e9commande Magic Remote pour WEBOS TV - Bantam","robots":{"index":"index","follow":"follow","max-snippet":"max-snippet:-1","max-image-preview":"max-image-preview:large","max-video-preview":"max-video-preview:-1"},"canonical":"https:\/\/shop.bantam.ch\/fr\/produit\/telecommande-magic-remote-pour-webos-tv\/","og_locale":"fr_FR","og_type":"article","og_title":"T\u00e9l\u00e9commande Magic Remote pour WEBOS TV - Bantam","og_description":"D\u00e9filement, pointage, gestuelle &#8211; la t\u00e9l\u00e9commande intelligente Magic Remote comprend ce que vous voulez. Outre la commande vocale, les gestes, la molette de d\u00e9filement pratique, les fl\u00e8ches de navigation classiques ou la fonction de pointage innovante vous am\u00e8nent toujours exactement l\u00e0 o\u00f9 vous voulez aller. Et tout cela par radio, pour que vous n&rsquo;ayez plus [&hellip;]","og_url":"https:\/\/shop.bantam.ch\/fr\/produit\/telecommande-magic-remote-pour-webos-tv\/","og_site_name":"Bantam","article_modified_time":"2026-05-11T22:06:48+00:00","og_image":[{"width":409,"height":494,"url":"https:\/\/shop.bantam.ch\/wp-content\/uploads\/2026\/05\/Movera-L-9958717100.jpg","type":"image\/jpeg"}],"twitter_card":"summary_large_image","schema":{"@context":"https:\/\/schema.org","@graph":[{"@type":"WebPage","@id":"https:\/\/shop.bantam.ch\/fr\/produit\/telecommande-magic-remote-pour-webos-tv\/","url":"https:\/\/shop.bantam.ch\/fr\/produit\/telecommande-magic-remote-pour-webos-tv\/","name":"T\u00e9l\u00e9commande Magic Remote pour WEBOS TV - Bantam","isPartOf":{"@id":"https:\/\/shop.bantam.ch\/fr\/#website"},"primaryImageOfPage":{"@id":"https:\/\/shop.bantam.ch\/fr\/produit\/telecommande-magic-remote-pour-webos-tv\/#primaryimage"},"image":{"@id":"https:\/\/shop.bantam.ch\/fr\/produit\/telecommande-magic-remote-pour-webos-tv\/#primaryimage"},"thumbnailUrl":"https:\/\/shop.bantam.ch\/wp-content\/uploads\/2026\/05\/Movera-L-9958717100.jpg","datePublished":"2026-05-08T09:11:47+00:00","dateModified":"2026-05-11T22:06:48+00:00","breadcrumb":{"@id":"https:\/\/shop.bantam.ch\/fr\/produit\/telecommande-magic-remote-pour-webos-tv\/#breadcrumb"},"inLanguage":"fr-FR","potentialAction":[{"@type":"ReadAction","target":["https:\/\/shop.bantam.ch\/fr\/produit\/telecommande-magic-remote-pour-webos-tv\/"]}]},{"@type":"ImageObject","inLanguage":"fr-FR","@id":"https:\/\/shop.bantam.ch\/fr\/produit\/telecommande-magic-remote-pour-webos-tv\/#primaryimage","url":"https:\/\/shop.bantam.ch\/wp-content\/uploads\/2026\/05\/Movera-L-9958717100.jpg","contentUrl":"https:\/\/shop.bantam.ch\/wp-content\/uploads\/2026\/05\/Movera-L-9958717100.jpg","width":409,"height":494},{"@type":"BreadcrumbList","@id":"https:\/\/shop.bantam.ch\/fr\/produit\/telecommande-magic-remote-pour-webos-tv\/#breadcrumb","itemListElement":[{"@type":"ListItem","position":1,"name":"Accueil","item":"https:\/\/shop.bantam.ch\/fr\/"},{"@type":"ListItem","position":2,"name":"Boutique","item":"https:\/\/shop.bantam.ch\/fr\/boutique\/"},{"@type":"ListItem","position":3,"name":"T\u00e9l\u00e9commande Magic Remote pour WEBOS TV"}]},{"@type":"WebSite","@id":"https:\/\/shop.bantam.ch\/fr\/#website","url":"https:\/\/shop.bantam.ch\/fr\/","name":"Bantam","description":"","publisher":{"@id":"https:\/\/shop.bantam.ch\/fr\/#organization"},"inLanguage":"fr-FR"},{"@type":"Organization","@id":"https:\/\/shop.bantam.ch\/fr\/#organization","name":"Bantam","url":"https:\/\/shop.bantam.ch\/fr\/","logo":{"@type":"ImageObject","inLanguage":"fr-FR","@id":"https:\/\/shop.bantam.ch\/fr\/#\/schema\/logo\/image\/","url":"https:\/\/shop.bantam.ch\/wp-content\/uploads\/2022\/12\/bantam-logo.png","contentUrl":"https:\/\/shop.bantam.ch\/wp-content\/uploads\/2022\/12\/bantam-logo.png","width":320,"height":71,"caption":"Bantam"},"image":{"@id":"https:\/\/shop.bantam.ch\/fr\/#\/schema\/logo\/image\/"}}]}},"_links":{"self":[{"href":"https:\/\/shop.bantam.ch\/fr\/wp-json\/wp\/v2\/product\/238082","targetHints":{"allow":["GET"]}}],"collection":[{"href":"https:\/\/shop.bantam.ch\/fr\/wp-json\/wp\/v2\/product"}],"about":[{"href":"https:\/\/shop.bantam.ch\/fr\/wp-json\/wp\/v2\/types\/product"}],"wp:featuredmedia":[{"embeddable":true,"href":"https:\/\/shop.bantam.ch\/fr\/wp-json\/wp\/v2\/media\/238080"}],"wp:attachment":[{"href":"https:\/\/shop.bantam.ch\/fr\/wp-json\/wp\/v2\/media?parent=238082"}],"wp:term":[{"taxonomy":"product_featured_cat","embeddable":true,"href":"https:\/\/shop.bantam.ch\/fr\/wp-json\/wp\/v2\/product_featured_cat?post=238082"},{"taxonomy":"product_brand","embeddable":true,"href":"https:\/\/shop.bantam.ch\/fr\/wp-json\/wp\/v2\/product_brand?post=238082"},{"taxonomy":"product_cat","embeddable":true,"href":"https:\/\/shop.bantam.ch\/fr\/wp-json\/wp\/v2\/product_cat?post=238082"},{"taxonomy":"product_tag","embeddable":true,"href":"https:\/\/shop.bantam.ch\/fr\/wp-json\/wp\/v2\/product_tag?post=238082"}],"curies":[{"name":"wp","href":"https:\/\/api.w.org\/{rel}","templated":true}]}}